





{"id":26839,"date":"2017-02-01T18:49:57","date_gmt":"2017-02-01T17:49:57","guid":{"rendered":"https:\/\/repliquemangacine.fr\/?post_type=product&#038;p=26839"},"modified":"2026-03-18T11:15:42","modified_gmt":"2026-03-18T10:15:42","slug":"replica-colgante-estrella-de-la-noche-arwen","status":"publish","type":"product","link":"https:\/\/repliquemangacine.fr\/es\/bijoux-anneaux\/replique-pendentif-etoile-du-soir-arwen\/","title":{"rendered":"Colgante Arwen Evening Star"},"content":{"rendered":"<h2>Colgante Arwen Evening Star - El Se\u00f1or de los Anillos<\/h2>\n<p>Para empezar, el <strong>Colgante Arwen<\/strong> \u00a1La estrella de la noche es absolutamente extraordinaria y tiene un precio muy asequible! Cabe destacar que es el colgante que ella le regala a Aragorn y que \u00e9l lleva durante toda la trilog\u00eda.<\/p>\n<p>Arwen Hija de Elrond el Semielfo y nieta de Galadriel. Aragorn se enamora de ella cuando se conocen en Rivendel. Ella decide renunciar a la inmortalidad de los Elfos para casarse con su amado, el mortal Aragorn, convirti\u00e9ndose as\u00ed en reina de los Elfos y los Hombres en la Tierra Media. Por cierto, <a href=\"https:\/\/lotr.fandom.com\/fr\/wiki\/Arwen\" target=\"_blank\" rel=\"noopener noreferrer\">Arwen<\/a> dar\u00e1 a Aragorn un hijo, Eldarion, que reinar\u00e1 tras \u00e9l.<\/p>\n<p>Interpretada por Liv Tyler en las pel\u00edculas de Peter Jackson. Es cierto que su papel es mucho m\u00e1s importante que en el libro, pero eso nos encanta.<\/p>\n<h2>Tu Colgante Arwen al mejor precio.<\/h2>\n<p>Le ofrecemos una amplia selecci\u00f3n de r\u00e9plicas de espadas y joyas del universo de Tolkien.<\/p>\n<p>Lo primero y m\u00e1s importante,<\/p>\n<ul>\n<li>L'<a href=\"https:\/\/repliquemangacine.fr\/es\/el-senor-de-los-anillos\/anneau-unique-le-signeur-des-anneaux\/\">Anillo \u00fanico<\/a> con su escritura \u00e9lfica.<\/li>\n<li>Pero tambi\u00e9n la <a href=\"https:\/\/repliquemangacine.fr\/es\/joyas-anillos\/lorien-hoja-collar-broche-senor-de-los-anillos\/\">Colgante broche hoja de Lorien<\/a>.<\/li>\n<li>Y muchos m\u00e1s por descubrir en nuestra tienda en l\u00ednea.<\/li>\n<\/ul>\n<p>He aqu\u00ed una estupenda idea de regalo para los fans de la trilog\u00eda de El Se\u00f1or de los Anillos.<\/p>\n<p>En conclusi\u00f3n, tambi\u00e9n puede utilizar el <strong>Colgante Arwen<\/strong> La estrella de la noche en la vida cotidiana o en un atuendo de gala. Ante todo, este collar es una pieza de colecci\u00f3n.<\/p>\n<p>R\u00e9plique Manga Cin\u00e9 es una empresa familiar francesa.<\/p>\n<h2>\u00bfC\u00f3mo debo cuidar mis joyas de aleaci\u00f3n de zinc?<\/h2>\n<p>En primer lugar, la aleaci\u00f3n de zinc es muy com\u00fan y popular para la bisuter\u00eda. Adem\u00e1s del zinc, las aleaciones de zinc suelen contener aluminio, cobre, magnesio y hierro.<\/p>\n<p>Se limpia el <strong>Colgante Arwen<\/strong> con una esponja empapada en agua jabonosa y espolvoreada con un poco de bicarbonato s\u00f3dico, frotando todas las superficies. Basta con aclarar con agua limpia y secar el zinc con un pa\u00f1o muy suave.<\/p>\n<p>Al igual que la plata, este metal puede oxidarse al entrar en contacto con la piel o simplemente con el ox\u00edgeno del aire ambiente. Para evitar en la medida de lo posible la oxidaci\u00f3n de las joyas de aleaci\u00f3n de zinc, aplique una capa de barniz transparente y d\u00e9jelas secar.<\/p>\n<p><strong>No reproducir en oro o plata 925.<\/strong><\/p>\n<p>&nbsp;<\/p>","protected":false},"excerpt":{"rendered":"<p>Colgante Estrella Vespertina de Arwen, de El Se\u00f1or de los Anillos.<\/p>\n<ul>\n<li>Esta r\u00e9plica est\u00e1 fabricada en aleaci\u00f3n de zinc.<\/li>\n<li>Plateado, con incrustaciones de cristal (strass).<\/li>\n<li>Le sorprender\u00e1n los finos detalles de este colgante.<\/li>\n<li>Se entrega con una cadena trenzada de 46 cm<\/li>\n<li>Estuche interior de terciopelo negro.<\/li>\n<\/ul>","protected":false},"featured_media":26840,"template":"","meta":[],"product_brand":[896],"product_cat":[78,24,29],"product_tag":[],"class_list":{"0":"post-26839","1":"product","2":"type-product","3":"status-publish","4":"has-post-thumbnail","6":"product_brand-replique-manga-cine","7":"product_cat-bijoux-anneaux","8":"product_cat-films-series-tv-vente-de-katana-epee-et-produits-derives","9":"product_cat-le-seigneur-des-anneaux","11":"first","12":"instock","13":"taxable","14":"shipping-taxable","15":"purchasable","16":"product-type-simple"},"yoast_head":"<!-- This site is optimized with the Yoast SEO plugin v27.4 - https:\/\/yoast.com\/product\/yoast-seo-wordpress\/ -->\n<title>Pendentif Arwen - Etoile du soir - Seigneur des Anneaux | RMC<\/title>\n<meta name=\"description\" content=\"Offrez-lui le Pendentif Arwen Etoile du soir au meilleur prix. En alliage de zinc plaqu\u00e9 argent - Incrust\u00e9 de cristal - chaine torsad\u00e9e - Envoi 24\/48h\" \/>\n<meta name=\"robots\" content=\"index, follow, max-snippet:-1, max-image-preview:large, max-video-preview:-1\" \/>\n<link rel=\"canonical\" href=\"https:\/\/repliquemangacine.fr\/es\/joyas-anillos\/replica-colgante-estrella-de-la-noche-arwen\/\" \/>\n<meta property=\"og:locale\" content=\"es_ES\" \/>\n<meta property=\"og:type\" content=\"article\" \/>\n<meta property=\"og:title\" content=\"Pendentif Arwen - Etoile du soir - Seigneur des Anneaux | RMC\" \/>\n<meta property=\"og:description\" content=\"Offrez-lui le Pendentif Arwen Etoile du soir au meilleur prix. En alliage de zinc plaqu\u00e9 argent - Incrust\u00e9 de cristal - chaine torsad\u00e9e - Envoi 24\/48h\" \/>\n<meta property=\"og:url\" content=\"https:\/\/repliquemangacine.fr\/es\/joyas-anillos\/replica-colgante-estrella-de-la-noche-arwen\/\" \/>\n<meta property=\"og:site_name\" content=\"R\u00e9plique Manga Cin\u00e9\" \/>\n<meta property=\"article:publisher\" content=\"https:\/\/www.facebook.com\/RepliqueMangaCine\" \/>\n<meta property=\"article:modified_time\" content=\"2026-03-18T10:15:42+00:00\" \/>\n<meta property=\"og:image\" content=\"https:\/\/repliquemangacine.fr\/wp-content\/uploads\/2023\/10\/Pendentif-Arwen.jpg\" \/>\n\t<meta property=\"og:image:width\" content=\"773\" \/>\n\t<meta property=\"og:image:height\" content=\"772\" \/>\n\t<meta property=\"og:image:type\" content=\"image\/jpeg\" \/>\n<meta name=\"twitter:card\" content=\"summary_large_image\" \/>\n<meta name=\"twitter:label1\" content=\"Tiempo de lectura\" \/>\n\t<meta name=\"twitter:data1\" content=\"3 minutos\" \/>\n<script type=\"application\/ld+json\" class=\"yoast-schema-graph\">{\"@context\":\"https:\\\/\\\/schema.org\",\"@graph\":[{\"@type\":\"WebPage\",\"@id\":\"https:\\\/\\\/repliquemangacine.fr\\\/bijoux-anneaux\\\/replique-pendentif-etoile-du-soir-arwen\\\/\",\"url\":\"https:\\\/\\\/repliquemangacine.fr\\\/bijoux-anneaux\\\/replique-pendentif-etoile-du-soir-arwen\\\/\",\"name\":\"Pendentif Arwen - Etoile du soir - Seigneur des Anneaux | RMC\",\"isPartOf\":{\"@id\":\"https:\\\/\\\/repliquemangacine.fr\\\/#website\"},\"primaryImageOfPage\":{\"@id\":\"https:\\\/\\\/repliquemangacine.fr\\\/bijoux-anneaux\\\/replique-pendentif-etoile-du-soir-arwen\\\/#primaryimage\"},\"image\":{\"@id\":\"https:\\\/\\\/repliquemangacine.fr\\\/bijoux-anneaux\\\/replique-pendentif-etoile-du-soir-arwen\\\/#primaryimage\"},\"thumbnailUrl\":\"https:\\\/\\\/repliquemangacine.fr\\\/wp-content\\\/uploads\\\/2023\\\/10\\\/Pendentif-Arwen.jpg\",\"datePublished\":\"2017-02-01T17:49:57+00:00\",\"dateModified\":\"2026-03-18T10:15:42+00:00\",\"description\":\"Offrez-lui le Pendentif Arwen Etoile du soir au meilleur prix. En alliage de zinc plaqu\u00e9 argent - Incrust\u00e9 de cristal - chaine torsad\u00e9e - Envoi 24\\\/48h\",\"breadcrumb\":{\"@id\":\"https:\\\/\\\/repliquemangacine.fr\\\/bijoux-anneaux\\\/replique-pendentif-etoile-du-soir-arwen\\\/#breadcrumb\"},\"inLanguage\":\"es\",\"potentialAction\":[{\"@type\":\"ReadAction\",\"target\":[\"https:\\\/\\\/repliquemangacine.fr\\\/bijoux-anneaux\\\/replique-pendentif-etoile-du-soir-arwen\\\/\"]}]},{\"@type\":\"ImageObject\",\"inLanguage\":\"es\",\"@id\":\"https:\\\/\\\/repliquemangacine.fr\\\/bijoux-anneaux\\\/replique-pendentif-etoile-du-soir-arwen\\\/#primaryimage\",\"url\":\"https:\\\/\\\/repliquemangacine.fr\\\/wp-content\\\/uploads\\\/2023\\\/10\\\/Pendentif-Arwen.jpg\",\"contentUrl\":\"https:\\\/\\\/repliquemangacine.fr\\\/wp-content\\\/uploads\\\/2023\\\/10\\\/Pendentif-Arwen.jpg\",\"width\":773,\"height\":772,\"caption\":\"Pendentif Arwen Seigneur des Anneaux\"},{\"@type\":\"BreadcrumbList\",\"@id\":\"https:\\\/\\\/repliquemangacine.fr\\\/bijoux-anneaux\\\/replique-pendentif-etoile-du-soir-arwen\\\/#breadcrumb\",\"itemListElement\":[{\"@type\":\"ListItem\",\"position\":1,\"name\":\"Accueil\",\"item\":\"https:\\\/\\\/repliquemangacine.fr\\\/\"},{\"@type\":\"ListItem\",\"position\":2,\"name\":\"Produits\",\"item\":\"https:\\\/\\\/repliquemangacine.fr\\\/boutique\\\/\"},{\"@type\":\"ListItem\",\"position\":3,\"name\":\"Pendentif Arwen Etoile du soir\"}]},{\"@type\":\"WebSite\",\"@id\":\"https:\\\/\\\/repliquemangacine.fr\\\/#website\",\"url\":\"https:\\\/\\\/repliquemangacine.fr\\\/\",\"name\":\"R\u00e9plique Manga Cin\u00e9\",\"description\":\"\",\"publisher\":{\"@id\":\"https:\\\/\\\/repliquemangacine.fr\\\/#organization\"},\"potentialAction\":[{\"@type\":\"SearchAction\",\"target\":{\"@type\":\"EntryPoint\",\"urlTemplate\":\"https:\\\/\\\/repliquemangacine.fr\\\/?s={search_term_string}\"},\"query-input\":{\"@type\":\"PropertyValueSpecification\",\"valueRequired\":true,\"valueName\":\"search_term_string\"}}],\"inLanguage\":\"es\"},{\"@type\":\"Organization\",\"@id\":\"https:\\\/\\\/repliquemangacine.fr\\\/#organization\",\"name\":\"R\u00e9plique Manga Cin\u00e9\",\"url\":\"https:\\\/\\\/repliquemangacine.fr\\\/\",\"logo\":{\"@type\":\"ImageObject\",\"inLanguage\":\"es\",\"@id\":\"https:\\\/\\\/repliquemangacine.fr\\\/#\\\/schema\\\/logo\\\/image\\\/\",\"url\":\"https:\\\/\\\/repliquemangacine.fr\\\/wp-content\\\/uploads\\\/2023\\\/10\\\/RMC-500250.png\",\"contentUrl\":\"https:\\\/\\\/repliquemangacine.fr\\\/wp-content\\\/uploads\\\/2023\\\/10\\\/RMC-500250.png\",\"width\":500,\"height\":250,\"caption\":\"R\u00e9plique Manga Cin\u00e9\"},\"image\":{\"@id\":\"https:\\\/\\\/repliquemangacine.fr\\\/#\\\/schema\\\/logo\\\/image\\\/\"},\"sameAs\":[\"https:\\\/\\\/www.facebook.com\\\/RepliqueMangaCine\",\"https:\\\/\\\/www.instagram.com\\\/repliquemangacine.fr\\\/\"]}]}<\/script>\n<!-- \/ Yoast SEO plugin. -->","yoast_head_json":{"title":"Colgante Arwen - Estrella vespertina - El Se\u00f1or de los Anillos | RMC","description":"Ofr\u00e9zcale el Colgante Arwen Evening Star al mejor precio. Aleaci\u00f3n de zinc plateado - Incrustaci\u00f3n de cristal - Cadena trenzada - Env\u00edo 24\/48h","robots":{"index":"index","follow":"follow","max-snippet":"max-snippet:-1","max-image-preview":"max-image-preview:large","max-video-preview":"max-video-preview:-1"},"canonical":"https:\/\/repliquemangacine.fr\/es\/joyas-anillos\/replica-colgante-estrella-de-la-noche-arwen\/","og_locale":"es_ES","og_type":"article","og_title":"Pendentif Arwen - Etoile du soir - Seigneur des Anneaux | RMC","og_description":"Offrez-lui le Pendentif Arwen Etoile du soir au meilleur prix. En alliage de zinc plaqu\u00e9 argent - Incrust\u00e9 de cristal - chaine torsad\u00e9e - Envoi 24\/48h","og_url":"https:\/\/repliquemangacine.fr\/es\/joyas-anillos\/replica-colgante-estrella-de-la-noche-arwen\/","og_site_name":"R\u00e9plique Manga Cin\u00e9","article_publisher":"https:\/\/www.facebook.com\/RepliqueMangaCine","article_modified_time":"2026-03-18T10:15:42+00:00","og_image":[{"width":773,"height":772,"url":"https:\/\/repliquemangacine.fr\/wp-content\/uploads\/2023\/10\/Pendentif-Arwen.jpg","type":"image\/jpeg"}],"twitter_card":"summary_large_image","twitter_misc":{"Tiempo de lectura":"3 minutos"},"schema":{"@context":"https:\/\/schema.org","@graph":[{"@type":"WebPage","@id":"https:\/\/repliquemangacine.fr\/bijoux-anneaux\/replique-pendentif-etoile-du-soir-arwen\/","url":"https:\/\/repliquemangacine.fr\/bijoux-anneaux\/replique-pendentif-etoile-du-soir-arwen\/","name":"Colgante Arwen - Estrella vespertina - El Se\u00f1or de los Anillos | RMC","isPartOf":{"@id":"https:\/\/repliquemangacine.fr\/#website"},"primaryImageOfPage":{"@id":"https:\/\/repliquemangacine.fr\/bijoux-anneaux\/replique-pendentif-etoile-du-soir-arwen\/#primaryimage"},"image":{"@id":"https:\/\/repliquemangacine.fr\/bijoux-anneaux\/replique-pendentif-etoile-du-soir-arwen\/#primaryimage"},"thumbnailUrl":"https:\/\/repliquemangacine.fr\/wp-content\/uploads\/2023\/10\/Pendentif-Arwen.jpg","datePublished":"2017-02-01T17:49:57+00:00","dateModified":"2026-03-18T10:15:42+00:00","description":"Ofr\u00e9zcale el Colgante Arwen Evening Star al mejor precio. Aleaci\u00f3n de zinc plateado - Incrustaci\u00f3n de cristal - Cadena trenzada - Env\u00edo 24\/48h","breadcrumb":{"@id":"https:\/\/repliquemangacine.fr\/bijoux-anneaux\/replique-pendentif-etoile-du-soir-arwen\/#breadcrumb"},"inLanguage":"es","potentialAction":[{"@type":"ReadAction","target":["https:\/\/repliquemangacine.fr\/bijoux-anneaux\/replique-pendentif-etoile-du-soir-arwen\/"]}]},{"@type":"ImageObject","inLanguage":"es","@id":"https:\/\/repliquemangacine.fr\/bijoux-anneaux\/replique-pendentif-etoile-du-soir-arwen\/#primaryimage","url":"https:\/\/repliquemangacine.fr\/wp-content\/uploads\/2023\/10\/Pendentif-Arwen.jpg","contentUrl":"https:\/\/repliquemangacine.fr\/wp-content\/uploads\/2023\/10\/Pendentif-Arwen.jpg","width":773,"height":772,"caption":"Pendentif Arwen Seigneur des Anneaux"},{"@type":"BreadcrumbList","@id":"https:\/\/repliquemangacine.fr\/bijoux-anneaux\/replique-pendentif-etoile-du-soir-arwen\/#breadcrumb","itemListElement":[{"@type":"ListItem","position":1,"name":"Accueil","item":"https:\/\/repliquemangacine.fr\/"},{"@type":"ListItem","position":2,"name":"Produits","item":"https:\/\/repliquemangacine.fr\/boutique\/"},{"@type":"ListItem","position":3,"name":"Pendentif Arwen Etoile du soir"}]},{"@type":"WebSite","@id":"https:\/\/repliquemangacine.fr\/#website","url":"https:\/\/repliquemangacine.fr\/","name":"R\u00e9plique Manga Cin\u00e9","description":"","publisher":{"@id":"https:\/\/repliquemangacine.fr\/#organization"},"potentialAction":[{"@type":"SearchAction","target":{"@type":"EntryPoint","urlTemplate":"https:\/\/repliquemangacine.fr\/?s={search_term_string}"},"query-input":{"@type":"PropertyValueSpecification","valueRequired":true,"valueName":"search_term_string"}}],"inLanguage":"es"},{"@type":"Organization","@id":"https:\/\/repliquemangacine.fr\/#organization","name":"R\u00e9plique Manga Cin\u00e9","url":"https:\/\/repliquemangacine.fr\/","logo":{"@type":"ImageObject","inLanguage":"es","@id":"https:\/\/repliquemangacine.fr\/#\/schema\/logo\/image\/","url":"https:\/\/repliquemangacine.fr\/wp-content\/uploads\/2023\/10\/RMC-500250.png","contentUrl":"https:\/\/repliquemangacine.fr\/wp-content\/uploads\/2023\/10\/RMC-500250.png","width":500,"height":250,"caption":"R\u00e9plique Manga Cin\u00e9"},"image":{"@id":"https:\/\/repliquemangacine.fr\/#\/schema\/logo\/image\/"},"sameAs":["https:\/\/www.facebook.com\/RepliqueMangaCine","https:\/\/www.instagram.com\/repliquemangacine.fr\/"]}]}},"_links":{"self":[{"href":"https:\/\/repliquemangacine.fr\/es\/wp-json\/wp\/v2\/product\/26839","targetHints":{"allow":["GET"]}}],"collection":[{"href":"https:\/\/repliquemangacine.fr\/es\/wp-json\/wp\/v2\/product"}],"about":[{"href":"https:\/\/repliquemangacine.fr\/es\/wp-json\/wp\/v2\/types\/product"}],"wp:featuredmedia":[{"embeddable":true,"href":"https:\/\/repliquemangacine.fr\/es\/wp-json\/wp\/v2\/media\/26840"}],"wp:attachment":[{"href":"https:\/\/repliquemangacine.fr\/es\/wp-json\/wp\/v2\/media?parent=26839"}],"wp:term":[{"taxonomy":"product_brand","embeddable":true,"href":"https:\/\/repliquemangacine.fr\/es\/wp-json\/wp\/v2\/product_brand?post=26839"},{"taxonomy":"product_cat","embeddable":true,"href":"https:\/\/repliquemangacine.fr\/es\/wp-json\/wp\/v2\/product_cat?post=26839"},{"taxonomy":"product_tag","embeddable":true,"href":"https:\/\/repliquemangacine.fr\/es\/wp-json\/wp\/v2\/product_tag?post=26839"}],"curies":[{"name":"wp","href":"https:\/\/api.w.org\/{rel}","templated":true}]}}