





{"id":26804,"date":"2017-01-17T16:43:56","date_gmt":"2017-01-17T15:43:56","guid":{"rendered":"https:\/\/repliquemangacine.fr\/?post_type=product&#038;p=26804"},"modified":"2026-02-20T17:15:16","modified_gmt":"2026-02-20T16:15:16","slug":"katana-ninja-cerbatana-ninjato","status":"publish","type":"product","link":"https:\/\/repliquemangacine.fr\/es\/katana-decoration\/katana-ninja-sarbacane-ninjato\/","title":{"rendered":"Katana Ninja cerbatana Ninjato"},"content":{"rendered":"<h2>R\u00e9plica de cerbatana Ninjato Katana.<\/h2>\n<p>Para empezar, el <strong>Katana Ninja cerbatana Ninjato<\/strong> Es absolutamente incre\u00edble, con su cerbatana funcional.<\/p>\n<p>Le <a href=\"https:\/\/fr.wikipedia.org\/wiki\/Shinobi_kenjutsu\" target=\"_blank\" rel=\"noopener noreferrer\">Shinobi Kenjutsu<\/a>, un arte marcial japon\u00e9s de dominio de la espada Ninjat\u014d. A diferencia de la pr\u00e1ctica convencional del Kenjutsu, establecida por los samur\u00e1is. El Shinobi Kenjutsu se libera del formalismo del bushido para considerar \u00fanicamente la eficacia. Patadas, pu\u00f1etazos, ataques a la cara con el tsuka (mango) o el tsuba (guardamanos), saltos (cho yaku jutsu), fundas falsas (saya) y cerbatanas.<\/p>\n<p>Sin embargo, a pesar de su aspecto fantasioso, se necesita un excelente dominio del sable para poder realizar tales acrobacias. La cerbatana es un tubo o ca\u00f1a con la que se lanzan peque\u00f1os proyectiles mediante la fuerza del soplo.<\/p>\n<h2>Tu Katana Ninja Sarbacane Ninjato al mejor precio.<\/h2>\n<p>Le ofrecemos una amplia selecci\u00f3n de r\u00e9plicas de artes marciales.<\/p>\n<p>Lo primero y m\u00e1s importante,<\/p>\n<ul>\n<li>El juego de dos piezas <a href=\"https:\/\/repliquemangacine.fr\/es\/espadas-y-dagas-de-fantasia\/machete-y-tanto-ninja\/\">machete y tanto ninja<\/a>Todo de metal con funda de transporte.<\/li>\n<li>Tambi\u00e9n est\u00e1n los dos <a href=\"https:\/\/repliquemangacine.fr\/es\/peliculas-series-tv-venta-de-espadas-katana-y-productos-relacionados\/expendables-cuchillos-arrojadizos-kunai-gigante-jason-statham\/\">cuchillos arrojadizos<\/a> utilizado por Lee Christmas en la pel\u00edcula \"The Expendables\".<\/li>\n<li>As\u00ed como el <a href=\"https:\/\/repliquemangacine.fr\/es\/forja-de-katanas\/katana-ninjato-sarbacane-sabre-ninja\/\">cerbatana sable ninja<\/a> en una versi\u00f3n de corte, forjada a mano.<\/li>\n<li>Y mucho m\u00e1s por descubrir en nuestra tienda en l\u00ednea.<\/li>\n<\/ul>\n<p>Por eso, aqu\u00ed tienes unas ideas fant\u00e1sticas para regalar a todos los fans del cine y las series de televisi\u00f3n.<\/p>\n<p>En conclusi\u00f3n, puede utilizar el <strong>Katana Ninja cerbatana Ninjato<\/strong> para tu entrenamiento. Pero, ante todo, esta espada es una pieza de colecci\u00f3n y decoraci\u00f3n.<\/p>\n<p>R\u00e9plique Manga Cin\u00e9 es una empresa familiar francesa.<\/p>\n<h2>\u00bfC\u00f3mo mantengo la hoja de mi espada?<\/h2>\n<p>Las espadas de colecci\u00f3n y decorativas se fabrican y ensamblan de forma simplificada. Como su uso es decorativo, no cuentan con los elementos de seguridad necesarios para una espada japonesa destinada al entrenamiento.<\/p>\n<p>Sin embargo, su <strong>Katana Ninja cerbatana Ninjato<\/strong> a una hoja de acero que hay que mantener para evitar que se da\u00f1e con el tiempo. Cuando muestres tu espada, tus amigos sentir\u00e1n curiosidad por ver la hoja y tocarla. Aqu\u00ed es donde hay que tener cuidado, porque la acidez de los dedos es muy perjudicial para el acero, sea cual sea su calidad.<\/p>\n<p>Sin embargo, si esto ocurre, no te asustes, todo lo que necesitas es un pa\u00f1o humedecido con un poco de aceite y limpiar las huellas dactilares. Si haces esto, tu espada durar\u00e1 mucho tiempo.<\/p>","protected":false},"excerpt":{"rendered":"<p>\u00a1Este Ninjato te dejar\u00e1 boquiabierto!<\/p>\n<ul>\n<li>Hoja recta de acero inoxidable con revestimiento negro especial.<\/li>\n<li>Protecci\u00f3n cuadrada espec\u00edfica.<\/li>\n<li>Mango de imitaci\u00f3n de piel de raya y tejido de algod\u00f3n.<\/li>\n<li>Vaina de madera con cerbatana y 12 agujas de metal.<\/li>\n<li>Sarbacane funcional.<\/li>\n<li>Longitud: 69 cm - Longitud total: 106 cm<\/li>\n<\/ul>","protected":false},"featured_media":26805,"template":"","meta":[],"product_brand":[896],"product_cat":[26,32],"product_tag":[],"class_list":{"0":"post-26804","1":"product","2":"type-product","3":"status-publish","4":"has-post-thumbnail","6":"product_brand-replique-manga-cine","7":"product_cat-katana-epee","8":"product_cat-katana-decoration","10":"first","11":"instock","12":"sale","13":"taxable","14":"shipping-taxable","15":"purchasable","16":"product-type-simple"},"yoast_head":"<!-- This site is optimized with the Yoast SEO plugin v27.4 - https:\/\/yoast.com\/product\/yoast-seo-wordpress\/ -->\n<title>Katana Ninja sarbacane Ninjato - Boutique en ligne | RMC<\/title>\n<meta name=\"description\" content=\"Offre-lui ! Ce Katana Ninja sarbacane Ninjato au meilleur prix - Lame acier - Sarbacane fonctionnelle fix\u00e9 sur fourreau - 12 aiguilles - Longueur : 106 cm\" \/>\n<meta name=\"robots\" content=\"index, follow, max-snippet:-1, max-image-preview:large, max-video-preview:-1\" \/>\n<link rel=\"canonical\" href=\"https:\/\/repliquemangacine.fr\/es\/decoracion-katana\/katana-ninja-cerbatana-ninjato\/\" \/>\n<meta property=\"og:locale\" content=\"es_ES\" \/>\n<meta property=\"og:type\" content=\"article\" \/>\n<meta property=\"og:title\" content=\"Katana Ninja sarbacane Ninjato - Boutique en ligne | RMC\" \/>\n<meta property=\"og:description\" content=\"Offre-lui ! Ce Katana Ninja sarbacane Ninjato au meilleur prix - Lame acier - Sarbacane fonctionnelle fix\u00e9 sur fourreau - 12 aiguilles - Longueur : 106 cm\" \/>\n<meta property=\"og:url\" content=\"https:\/\/repliquemangacine.fr\/es\/decoracion-katana\/katana-ninja-cerbatana-ninjato\/\" \/>\n<meta property=\"og:site_name\" content=\"R\u00e9plique Manga Cin\u00e9\" \/>\n<meta property=\"article:publisher\" content=\"https:\/\/www.facebook.com\/RepliqueMangaCine\" \/>\n<meta property=\"article:modified_time\" content=\"2026-02-20T16:15:16+00:00\" \/>\n<meta property=\"og:image\" content=\"https:\/\/repliquemangacine.fr\/wp-content\/uploads\/2023\/10\/1513-Katana-Ninja-sarbacane-Ninjato.jpg\" \/>\n\t<meta property=\"og:image:width\" content=\"800\" \/>\n\t<meta property=\"og:image:height\" content=\"800\" \/>\n\t<meta property=\"og:image:type\" content=\"image\/jpeg\" \/>\n<meta name=\"twitter:card\" content=\"summary_large_image\" \/>\n<meta name=\"twitter:label1\" content=\"Tiempo de lectura\" \/>\n\t<meta name=\"twitter:data1\" content=\"1 minuto\" \/>\n<script type=\"application\/ld+json\" class=\"yoast-schema-graph\">{\"@context\":\"https:\\\/\\\/schema.org\",\"@graph\":[{\"@type\":\"WebPage\",\"@id\":\"https:\\\/\\\/repliquemangacine.fr\\\/katana-decoration\\\/katana-ninja-sarbacane-ninjato\\\/\",\"url\":\"https:\\\/\\\/repliquemangacine.fr\\\/katana-decoration\\\/katana-ninja-sarbacane-ninjato\\\/\",\"name\":\"Katana Ninja sarbacane Ninjato - Boutique en ligne | RMC\",\"isPartOf\":{\"@id\":\"https:\\\/\\\/repliquemangacine.fr\\\/#website\"},\"primaryImageOfPage\":{\"@id\":\"https:\\\/\\\/repliquemangacine.fr\\\/katana-decoration\\\/katana-ninja-sarbacane-ninjato\\\/#primaryimage\"},\"image\":{\"@id\":\"https:\\\/\\\/repliquemangacine.fr\\\/katana-decoration\\\/katana-ninja-sarbacane-ninjato\\\/#primaryimage\"},\"thumbnailUrl\":\"https:\\\/\\\/repliquemangacine.fr\\\/wp-content\\\/uploads\\\/2023\\\/10\\\/1513-Katana-Ninja-sarbacane-Ninjato.jpg\",\"datePublished\":\"2017-01-17T15:43:56+00:00\",\"dateModified\":\"2026-02-20T16:15:16+00:00\",\"description\":\"Offre-lui ! Ce Katana Ninja sarbacane Ninjato au meilleur prix - Lame acier - Sarbacane fonctionnelle fix\u00e9 sur fourreau - 12 aiguilles - Longueur : 106 cm\",\"breadcrumb\":{\"@id\":\"https:\\\/\\\/repliquemangacine.fr\\\/katana-decoration\\\/katana-ninja-sarbacane-ninjato\\\/#breadcrumb\"},\"inLanguage\":\"es\",\"potentialAction\":[{\"@type\":\"ReadAction\",\"target\":[\"https:\\\/\\\/repliquemangacine.fr\\\/katana-decoration\\\/katana-ninja-sarbacane-ninjato\\\/\"]}]},{\"@type\":\"ImageObject\",\"inLanguage\":\"es\",\"@id\":\"https:\\\/\\\/repliquemangacine.fr\\\/katana-decoration\\\/katana-ninja-sarbacane-ninjato\\\/#primaryimage\",\"url\":\"https:\\\/\\\/repliquemangacine.fr\\\/wp-content\\\/uploads\\\/2023\\\/10\\\/1513-Katana-Ninja-sarbacane-Ninjato.jpg\",\"contentUrl\":\"https:\\\/\\\/repliquemangacine.fr\\\/wp-content\\\/uploads\\\/2023\\\/10\\\/1513-Katana-Ninja-sarbacane-Ninjato.jpg\",\"width\":800,\"height\":800,\"caption\":\"Katana Ninja sarbacane - Ninjato\"},{\"@type\":\"BreadcrumbList\",\"@id\":\"https:\\\/\\\/repliquemangacine.fr\\\/katana-decoration\\\/katana-ninja-sarbacane-ninjato\\\/#breadcrumb\",\"itemListElement\":[{\"@type\":\"ListItem\",\"position\":1,\"name\":\"Accueil\",\"item\":\"https:\\\/\\\/repliquemangacine.fr\\\/\"},{\"@type\":\"ListItem\",\"position\":2,\"name\":\"Produits\",\"item\":\"https:\\\/\\\/repliquemangacine.fr\\\/boutique\\\/\"},{\"@type\":\"ListItem\",\"position\":3,\"name\":\"Katana Ninja sarbacane Ninjato\"}]},{\"@type\":\"WebSite\",\"@id\":\"https:\\\/\\\/repliquemangacine.fr\\\/#website\",\"url\":\"https:\\\/\\\/repliquemangacine.fr\\\/\",\"name\":\"R\u00e9plique Manga Cin\u00e9\",\"description\":\"\",\"publisher\":{\"@id\":\"https:\\\/\\\/repliquemangacine.fr\\\/#organization\"},\"potentialAction\":[{\"@type\":\"SearchAction\",\"target\":{\"@type\":\"EntryPoint\",\"urlTemplate\":\"https:\\\/\\\/repliquemangacine.fr\\\/?s={search_term_string}\"},\"query-input\":{\"@type\":\"PropertyValueSpecification\",\"valueRequired\":true,\"valueName\":\"search_term_string\"}}],\"inLanguage\":\"es\"},{\"@type\":\"Organization\",\"@id\":\"https:\\\/\\\/repliquemangacine.fr\\\/#organization\",\"name\":\"R\u00e9plique Manga Cin\u00e9\",\"url\":\"https:\\\/\\\/repliquemangacine.fr\\\/\",\"logo\":{\"@type\":\"ImageObject\",\"inLanguage\":\"es\",\"@id\":\"https:\\\/\\\/repliquemangacine.fr\\\/#\\\/schema\\\/logo\\\/image\\\/\",\"url\":\"https:\\\/\\\/repliquemangacine.fr\\\/wp-content\\\/uploads\\\/2023\\\/10\\\/RMC-500250.png\",\"contentUrl\":\"https:\\\/\\\/repliquemangacine.fr\\\/wp-content\\\/uploads\\\/2023\\\/10\\\/RMC-500250.png\",\"width\":500,\"height\":250,\"caption\":\"R\u00e9plique Manga Cin\u00e9\"},\"image\":{\"@id\":\"https:\\\/\\\/repliquemangacine.fr\\\/#\\\/schema\\\/logo\\\/image\\\/\"},\"sameAs\":[\"https:\\\/\\\/www.facebook.com\\\/RepliqueMangaCine\",\"https:\\\/\\\/www.instagram.com\\\/repliquemangacine.fr\\\/\"]}]}<\/script>\n<!-- \/ Yoast SEO plugin. -->","yoast_head_json":{"title":"Katana Ninja cerbatana Ninjato - Boutique en ligne | RMC","description":"\u00a1Reg\u00e1lala! Esta cerbatana Katana Ninja Ninjato al mejor precio - Hoja de acero - Cerbatana funcional fija sobre vaina - 12 agujas - Longitud : 106 cm","robots":{"index":"index","follow":"follow","max-snippet":"max-snippet:-1","max-image-preview":"max-image-preview:large","max-video-preview":"max-video-preview:-1"},"canonical":"https:\/\/repliquemangacine.fr\/es\/decoracion-katana\/katana-ninja-cerbatana-ninjato\/","og_locale":"es_ES","og_type":"article","og_title":"Katana Ninja sarbacane Ninjato - Boutique en ligne | RMC","og_description":"Offre-lui ! Ce Katana Ninja sarbacane Ninjato au meilleur prix - Lame acier - Sarbacane fonctionnelle fix\u00e9 sur fourreau - 12 aiguilles - Longueur : 106 cm","og_url":"https:\/\/repliquemangacine.fr\/es\/decoracion-katana\/katana-ninja-cerbatana-ninjato\/","og_site_name":"R\u00e9plique Manga Cin\u00e9","article_publisher":"https:\/\/www.facebook.com\/RepliqueMangaCine","article_modified_time":"2026-02-20T16:15:16+00:00","og_image":[{"width":800,"height":800,"url":"https:\/\/repliquemangacine.fr\/wp-content\/uploads\/2023\/10\/1513-Katana-Ninja-sarbacane-Ninjato.jpg","type":"image\/jpeg"}],"twitter_card":"summary_large_image","twitter_misc":{"Tiempo de lectura":"1 minuto"},"schema":{"@context":"https:\/\/schema.org","@graph":[{"@type":"WebPage","@id":"https:\/\/repliquemangacine.fr\/katana-decoration\/katana-ninja-sarbacane-ninjato\/","url":"https:\/\/repliquemangacine.fr\/katana-decoration\/katana-ninja-sarbacane-ninjato\/","name":"Katana Ninja cerbatana Ninjato - Boutique en ligne | RMC","isPartOf":{"@id":"https:\/\/repliquemangacine.fr\/#website"},"primaryImageOfPage":{"@id":"https:\/\/repliquemangacine.fr\/katana-decoration\/katana-ninja-sarbacane-ninjato\/#primaryimage"},"image":{"@id":"https:\/\/repliquemangacine.fr\/katana-decoration\/katana-ninja-sarbacane-ninjato\/#primaryimage"},"thumbnailUrl":"https:\/\/repliquemangacine.fr\/wp-content\/uploads\/2023\/10\/1513-Katana-Ninja-sarbacane-Ninjato.jpg","datePublished":"2017-01-17T15:43:56+00:00","dateModified":"2026-02-20T16:15:16+00:00","description":"\u00a1Reg\u00e1lala! Esta cerbatana Katana Ninja Ninjato al mejor precio - Hoja de acero - Cerbatana funcional fija sobre vaina - 12 agujas - Longitud : 106 cm","breadcrumb":{"@id":"https:\/\/repliquemangacine.fr\/katana-decoration\/katana-ninja-sarbacane-ninjato\/#breadcrumb"},"inLanguage":"es","potentialAction":[{"@type":"ReadAction","target":["https:\/\/repliquemangacine.fr\/katana-decoration\/katana-ninja-sarbacane-ninjato\/"]}]},{"@type":"ImageObject","inLanguage":"es","@id":"https:\/\/repliquemangacine.fr\/katana-decoration\/katana-ninja-sarbacane-ninjato\/#primaryimage","url":"https:\/\/repliquemangacine.fr\/wp-content\/uploads\/2023\/10\/1513-Katana-Ninja-sarbacane-Ninjato.jpg","contentUrl":"https:\/\/repliquemangacine.fr\/wp-content\/uploads\/2023\/10\/1513-Katana-Ninja-sarbacane-Ninjato.jpg","width":800,"height":800,"caption":"Katana Ninja sarbacane - Ninjato"},{"@type":"BreadcrumbList","@id":"https:\/\/repliquemangacine.fr\/katana-decoration\/katana-ninja-sarbacane-ninjato\/#breadcrumb","itemListElement":[{"@type":"ListItem","position":1,"name":"Accueil","item":"https:\/\/repliquemangacine.fr\/"},{"@type":"ListItem","position":2,"name":"Produits","item":"https:\/\/repliquemangacine.fr\/boutique\/"},{"@type":"ListItem","position":3,"name":"Katana Ninja sarbacane Ninjato"}]},{"@type":"WebSite","@id":"https:\/\/repliquemangacine.fr\/#website","url":"https:\/\/repliquemangacine.fr\/","name":"R\u00e9plique Manga Cin\u00e9","description":"","publisher":{"@id":"https:\/\/repliquemangacine.fr\/#organization"},"potentialAction":[{"@type":"SearchAction","target":{"@type":"EntryPoint","urlTemplate":"https:\/\/repliquemangacine.fr\/?s={search_term_string}"},"query-input":{"@type":"PropertyValueSpecification","valueRequired":true,"valueName":"search_term_string"}}],"inLanguage":"es"},{"@type":"Organization","@id":"https:\/\/repliquemangacine.fr\/#organization","name":"R\u00e9plique Manga Cin\u00e9","url":"https:\/\/repliquemangacine.fr\/","logo":{"@type":"ImageObject","inLanguage":"es","@id":"https:\/\/repliquemangacine.fr\/#\/schema\/logo\/image\/","url":"https:\/\/repliquemangacine.fr\/wp-content\/uploads\/2023\/10\/RMC-500250.png","contentUrl":"https:\/\/repliquemangacine.fr\/wp-content\/uploads\/2023\/10\/RMC-500250.png","width":500,"height":250,"caption":"R\u00e9plique Manga Cin\u00e9"},"image":{"@id":"https:\/\/repliquemangacine.fr\/#\/schema\/logo\/image\/"},"sameAs":["https:\/\/www.facebook.com\/RepliqueMangaCine","https:\/\/www.instagram.com\/repliquemangacine.fr\/"]}]}},"_links":{"self":[{"href":"https:\/\/repliquemangacine.fr\/es\/wp-json\/wp\/v2\/product\/26804","targetHints":{"allow":["GET"]}}],"collection":[{"href":"https:\/\/repliquemangacine.fr\/es\/wp-json\/wp\/v2\/product"}],"about":[{"href":"https:\/\/repliquemangacine.fr\/es\/wp-json\/wp\/v2\/types\/product"}],"wp:featuredmedia":[{"embeddable":true,"href":"https:\/\/repliquemangacine.fr\/es\/wp-json\/wp\/v2\/media\/26805"}],"wp:attachment":[{"href":"https:\/\/repliquemangacine.fr\/es\/wp-json\/wp\/v2\/media?parent=26804"}],"wp:term":[{"taxonomy":"product_brand","embeddable":true,"href":"https:\/\/repliquemangacine.fr\/es\/wp-json\/wp\/v2\/product_brand?post=26804"},{"taxonomy":"product_cat","embeddable":true,"href":"https:\/\/repliquemangacine.fr\/es\/wp-json\/wp\/v2\/product_cat?post=26804"},{"taxonomy":"product_tag","embeddable":true,"href":"https:\/\/repliquemangacine.fr\/es\/wp-json\/wp\/v2\/product_tag?post=26804"}],"curies":[{"name":"wp","href":"https:\/\/api.w.org\/{rel}","templated":true}]}}