





{"id":26792,"date":"2017-01-16T23:14:56","date_gmt":"2017-01-16T22:14:56","guid":{"rendered":"https:\/\/repliquemangacine.fr\/?post_type=product&#038;p=26792"},"modified":"2026-02-25T01:25:36","modified_gmt":"2026-02-25T00:25:36","slug":"katana-practica-seigi","status":"publish","type":"product","link":"https:\/\/repliquemangacine.fr\/es\/katanas-le-dernier-samourai\/katana-practical-seigi\/","title":{"rendered":"Katana Seigi"},"content":{"rendered":"<h2>Katana forjada de Seigi utilizada en El \u00faltimo samur\u00e1i.<\/h2>\n<p>Para empezar, el <strong>Katana forjada Seigi<\/strong> est\u00e1 fabricado seg\u00fan la t\u00e9cnica de un maestro herrero. Fabricadas de forma tradicional y artesanal seg\u00fan las t\u00e9cnicas ancestrales del maestro Masahiro, las katanas forjadas Fudoshin le garantizan una calidad de hoja y un acabado excepcionales.<\/p>\n<p>La espada japonesa describe un conjunto de armas blancas, fabricadas seg\u00fan las t\u00e9cnicas japonesas. Esta denominaci\u00f3n incluye la Tachi, la Wakizashi, la Tanto y, por supuesto, la famosa Katana.<\/p>\n<p>La katana es la espada japonesa m\u00e1s popular. La llevaban los samur\u00e1is y ha pasado por varias generaciones. Por eso hay <a href=\"https:\/\/www.touken.or.jp\/english\/\" target=\"_blank\" rel=\"noopener noreferrer\">museos<\/a> en Jap\u00f3n.<\/p>\n<p>Es importante saber para qu\u00e9 quieres usar tu katana.<\/p>\n<ul>\n<li>Para principiantes, acero 1045.<\/li>\n<li>Para entrenamiento de corte, acero 1060.<\/li>\n<li>Para uso intensivo, acero 1095.<\/li>\n<\/ul>\n<h2>Tu Katana forjada Seigi al mejor precio.<\/h2>\n<p>Le ofrecemos una amplia selecci\u00f3n de espadas japonesas para sus entrenamientos, pero tambi\u00e9n para decoraci\u00f3n.<\/p>\n<p>Lo primero y m\u00e1s importante,<\/p>\n<ul>\n<li>Le <a href=\"https:\/\/repliquemangacine.fr\/es\/forja-de-katanas\/katana-dragon-forge\/\">Katana de drag\u00f3n forjada<\/a> entrenamiento de corte para principiantes.<\/li>\n<li>Pero tambi\u00e9n la <a href=\"https:\/\/repliquemangacine.fr\/es\/el-ultimo-samurai\/katana-forja-al-ultimo-samurai\/\">katana de Nathan Algren<\/a> en la pel\u00edcula El \u00faltimo samur\u00e1i.<\/li>\n<li>Y muchos m\u00e1s por descubrir en nuestra tienda en l\u00ednea.<\/li>\n<\/ul>\n<p>Por eso, esta es una idea estupenda para regalar a los amantes de las artes marciales.<\/p>\n<p>En conclusi\u00f3n, tambi\u00e9n puede utilizar este <strong>Katana forjada Seigi<\/strong> para su primer corte, o para su colecci\u00f3n. Pero sobre todo, esta Katana Fudoshin es tambi\u00e9n una pieza de colecci\u00f3n y una pieza decorativa.<\/p>\n<h2>\u00bfC\u00f3mo mantengo la hoja de mi katana Fudoshin?<\/h2>\n<p>Las katanas de colecci\u00f3n y decorativas se fabrican y ensamblan de forma simplificada. Como su uso es decorativo, no cuentan con los elementos de seguridad exigidos a una espada japonesa destinada al entrenamiento.<\/p>\n<p>Sin embargo, su <strong>Katana forjada Seigi<\/strong> a una hoja de acero que hay que cuidar para evitar que se estropee con el tiempo. Cuando exponga su katana, sus amigos sentir\u00e1n curiosidad por ver la hoja y tocarla. Aqu\u00ed es donde hay que tener cuidado, ya que la acidez de los dedos es muy perjudicial para el acero, sea cual sea su calidad.<\/p>\n<p>Sin embargo, si esto ocurre, no te asustes, todo lo que necesitas es un pa\u00f1o humedecido con un poco de aceite y limpiar las huellas dactilares. Si haces esto, tu espada durar\u00e1 mucho tiempo.<\/p>","protected":false},"excerpt":{"rendered":"<p>Elaborada artesanalmente, esta sublime katana ha sido forjada a mano con la t\u00e9cnica del maestro Masahiro.<\/p>\n<ul>\n<li>Hoja de filo cortante de acero 1095 forjado.<\/li>\n<li>Forja Maru. Dureza: 60 HRC\/40 HRC<\/li>\n<li>Arcilla Hamon, calidad japonesa. L\u00ednea de templado aut\u00e9ntica.<\/li>\n<li>Saya lacada en negro.<\/li>\n<li>Tsuka cubierto de trenza de algod\u00f3n negro.<\/li>\n<li>Tsuba de acero.<\/li>\n<li>Desmontable para mantenimiento.<\/li>\n<li>Funda protectora.<\/li>\n<li>Longitud de la hoja: 70 cm - Longitud total: 102 cm<\/li>\n<\/ul>","protected":false},"featured_media":26793,"template":"","meta":[],"product_brand":[896],"product_cat":[66,24,26,38,88],"product_tag":[],"class_list":{"0":"post-26792","1":"product","2":"type-product","3":"status-publish","4":"has-post-thumbnail","6":"product_brand-replique-manga-cine","7":"product_cat-repliques-d-armes-films-et-series","8":"product_cat-films-series-tv-vente-de-katana-epee-et-produits-derives","9":"product_cat-katana-epee","10":"product_cat-katana-forge","11":"product_cat-katanas-le-dernier-samourai","13":"first","14":"instock","15":"taxable","16":"shipping-taxable","17":"purchasable","18":"product-type-simple"},"yoast_head":"<!-- This site is optimized with the Yoast SEO plugin v27.4 - https:\/\/yoast.com\/product\/yoast-seo-wordpress\/ -->\n<title>Katana forg\u00e9 Seigi - Sabre Fudoshin | Replique Manga Cine<\/title>\n<meta name=\"description\" content=\"Offrez-vous le Katana forg\u00e9 Seigi Fudoshin au meilleur prix - Lame en acier 1095 - Forg\u00e9e main - Type Maru - Trempe s\u00e9lective - Longueur : 102 cm\" \/>\n<meta name=\"robots\" content=\"index, follow, max-snippet:-1, max-image-preview:large, max-video-preview:-1\" \/>\n<link rel=\"canonical\" href=\"https:\/\/repliquemangacine.fr\/es\/katanas-el-ultimo-samurai\/katana-practica-seigi\/\" \/>\n<meta property=\"og:locale\" content=\"es_ES\" \/>\n<meta property=\"og:type\" content=\"article\" \/>\n<meta property=\"og:title\" content=\"Katana forg\u00e9 Seigi - Sabre Fudoshin | Replique Manga Cine\" \/>\n<meta property=\"og:description\" content=\"Offrez-vous le Katana forg\u00e9 Seigi Fudoshin au meilleur prix - Lame en acier 1095 - Forg\u00e9e main - Type Maru - Trempe s\u00e9lective - Longueur : 102 cm\" \/>\n<meta property=\"og:url\" content=\"https:\/\/repliquemangacine.fr\/es\/katanas-el-ultimo-samurai\/katana-practica-seigi\/\" \/>\n<meta property=\"og:site_name\" content=\"R\u00e9plique Manga Cin\u00e9\" \/>\n<meta property=\"article:publisher\" content=\"https:\/\/www.facebook.com\/RepliqueMangaCine\" \/>\n<meta property=\"article:modified_time\" content=\"2026-02-25T00:25:36+00:00\" \/>\n<meta property=\"og:image\" content=\"https:\/\/repliquemangacine.fr\/wp-content\/uploads\/2023\/10\/1499-Katana-practical-Seigi.jpg\" \/>\n\t<meta property=\"og:image:width\" content=\"800\" \/>\n\t<meta property=\"og:image:height\" content=\"800\" \/>\n\t<meta property=\"og:image:type\" content=\"image\/jpeg\" \/>\n<meta name=\"twitter:card\" content=\"summary_large_image\" \/>\n<meta name=\"twitter:label1\" content=\"Tiempo de lectura\" \/>\n\t<meta name=\"twitter:data1\" content=\"1 minuto\" \/>\n<script type=\"application\/ld+json\" class=\"yoast-schema-graph\">{\"@context\":\"https:\\\/\\\/schema.org\",\"@graph\":[{\"@type\":\"WebPage\",\"@id\":\"https:\\\/\\\/repliquemangacine.fr\\\/katanas-le-dernier-samourai\\\/katana-practical-seigi\\\/\",\"url\":\"https:\\\/\\\/repliquemangacine.fr\\\/katanas-le-dernier-samourai\\\/katana-practical-seigi\\\/\",\"name\":\"Katana forg\u00e9 Seigi - Sabre Fudoshin | Replique Manga Cine\",\"isPartOf\":{\"@id\":\"https:\\\/\\\/repliquemangacine.fr\\\/#website\"},\"primaryImageOfPage\":{\"@id\":\"https:\\\/\\\/repliquemangacine.fr\\\/katanas-le-dernier-samourai\\\/katana-practical-seigi\\\/#primaryimage\"},\"image\":{\"@id\":\"https:\\\/\\\/repliquemangacine.fr\\\/katanas-le-dernier-samourai\\\/katana-practical-seigi\\\/#primaryimage\"},\"thumbnailUrl\":\"https:\\\/\\\/repliquemangacine.fr\\\/wp-content\\\/uploads\\\/2023\\\/10\\\/1499-Katana-practical-Seigi.jpg\",\"datePublished\":\"2017-01-16T22:14:56+00:00\",\"dateModified\":\"2026-02-25T00:25:36+00:00\",\"description\":\"Offrez-vous le Katana forg\u00e9 Seigi Fudoshin au meilleur prix - Lame en acier 1095 - Forg\u00e9e main - Type Maru - Trempe s\u00e9lective - Longueur : 102 cm\",\"breadcrumb\":{\"@id\":\"https:\\\/\\\/repliquemangacine.fr\\\/katanas-le-dernier-samourai\\\/katana-practical-seigi\\\/#breadcrumb\"},\"inLanguage\":\"es\",\"potentialAction\":[{\"@type\":\"ReadAction\",\"target\":[\"https:\\\/\\\/repliquemangacine.fr\\\/katanas-le-dernier-samourai\\\/katana-practical-seigi\\\/\"]}]},{\"@type\":\"ImageObject\",\"inLanguage\":\"es\",\"@id\":\"https:\\\/\\\/repliquemangacine.fr\\\/katanas-le-dernier-samourai\\\/katana-practical-seigi\\\/#primaryimage\",\"url\":\"https:\\\/\\\/repliquemangacine.fr\\\/wp-content\\\/uploads\\\/2023\\\/10\\\/1499-Katana-practical-Seigi.jpg\",\"contentUrl\":\"https:\\\/\\\/repliquemangacine.fr\\\/wp-content\\\/uploads\\\/2023\\\/10\\\/1499-Katana-practical-Seigi.jpg\",\"width\":800,\"height\":800,\"caption\":\"Katana practical Seigi\"},{\"@type\":\"BreadcrumbList\",\"@id\":\"https:\\\/\\\/repliquemangacine.fr\\\/katanas-le-dernier-samourai\\\/katana-practical-seigi\\\/#breadcrumb\",\"itemListElement\":[{\"@type\":\"ListItem\",\"position\":1,\"name\":\"Accueil\",\"item\":\"https:\\\/\\\/repliquemangacine.fr\\\/\"},{\"@type\":\"ListItem\",\"position\":2,\"name\":\"Produits\",\"item\":\"https:\\\/\\\/repliquemangacine.fr\\\/boutique\\\/\"},{\"@type\":\"ListItem\",\"position\":3,\"name\":\"Katana Seigi\"}]},{\"@type\":\"WebSite\",\"@id\":\"https:\\\/\\\/repliquemangacine.fr\\\/#website\",\"url\":\"https:\\\/\\\/repliquemangacine.fr\\\/\",\"name\":\"R\u00e9plique Manga Cin\u00e9\",\"description\":\"\",\"publisher\":{\"@id\":\"https:\\\/\\\/repliquemangacine.fr\\\/#organization\"},\"potentialAction\":[{\"@type\":\"SearchAction\",\"target\":{\"@type\":\"EntryPoint\",\"urlTemplate\":\"https:\\\/\\\/repliquemangacine.fr\\\/?s={search_term_string}\"},\"query-input\":{\"@type\":\"PropertyValueSpecification\",\"valueRequired\":true,\"valueName\":\"search_term_string\"}}],\"inLanguage\":\"es\"},{\"@type\":\"Organization\",\"@id\":\"https:\\\/\\\/repliquemangacine.fr\\\/#organization\",\"name\":\"R\u00e9plique Manga Cin\u00e9\",\"url\":\"https:\\\/\\\/repliquemangacine.fr\\\/\",\"logo\":{\"@type\":\"ImageObject\",\"inLanguage\":\"es\",\"@id\":\"https:\\\/\\\/repliquemangacine.fr\\\/#\\\/schema\\\/logo\\\/image\\\/\",\"url\":\"https:\\\/\\\/repliquemangacine.fr\\\/wp-content\\\/uploads\\\/2023\\\/10\\\/RMC-500250.png\",\"contentUrl\":\"https:\\\/\\\/repliquemangacine.fr\\\/wp-content\\\/uploads\\\/2023\\\/10\\\/RMC-500250.png\",\"width\":500,\"height\":250,\"caption\":\"R\u00e9plique Manga Cin\u00e9\"},\"image\":{\"@id\":\"https:\\\/\\\/repliquemangacine.fr\\\/#\\\/schema\\\/logo\\\/image\\\/\"},\"sameAs\":[\"https:\\\/\\\/www.facebook.com\\\/RepliqueMangaCine\",\"https:\\\/\\\/www.instagram.com\\\/repliquemangacine.fr\\\/\"]}]}<\/script>\n<!-- \/ Yoast SEO plugin. -->","yoast_head_json":{"title":"Katana forged Seigi - Sabre Fudoshin | Replique Manga Cine","description":"Reg\u00e1late la Katana forjada Seigi Fudoshin al mejor precio - Hoja de acero 1095 - Forjada a mano - Tipo Maru - Temple selectivo - Longitud : 102 cm","robots":{"index":"index","follow":"follow","max-snippet":"max-snippet:-1","max-image-preview":"max-image-preview:large","max-video-preview":"max-video-preview:-1"},"canonical":"https:\/\/repliquemangacine.fr\/es\/katanas-el-ultimo-samurai\/katana-practica-seigi\/","og_locale":"es_ES","og_type":"article","og_title":"Katana forg\u00e9 Seigi - Sabre Fudoshin | Replique Manga Cine","og_description":"Offrez-vous le Katana forg\u00e9 Seigi Fudoshin au meilleur prix - Lame en acier 1095 - Forg\u00e9e main - Type Maru - Trempe s\u00e9lective - Longueur : 102 cm","og_url":"https:\/\/repliquemangacine.fr\/es\/katanas-el-ultimo-samurai\/katana-practica-seigi\/","og_site_name":"R\u00e9plique Manga Cin\u00e9","article_publisher":"https:\/\/www.facebook.com\/RepliqueMangaCine","article_modified_time":"2026-02-25T00:25:36+00:00","og_image":[{"width":800,"height":800,"url":"https:\/\/repliquemangacine.fr\/wp-content\/uploads\/2023\/10\/1499-Katana-practical-Seigi.jpg","type":"image\/jpeg"}],"twitter_card":"summary_large_image","twitter_misc":{"Tiempo de lectura":"1 minuto"},"schema":{"@context":"https:\/\/schema.org","@graph":[{"@type":"WebPage","@id":"https:\/\/repliquemangacine.fr\/katanas-le-dernier-samourai\/katana-practical-seigi\/","url":"https:\/\/repliquemangacine.fr\/katanas-le-dernier-samourai\/katana-practical-seigi\/","name":"Katana forged Seigi - Sabre Fudoshin | Replique Manga Cine","isPartOf":{"@id":"https:\/\/repliquemangacine.fr\/#website"},"primaryImageOfPage":{"@id":"https:\/\/repliquemangacine.fr\/katanas-le-dernier-samourai\/katana-practical-seigi\/#primaryimage"},"image":{"@id":"https:\/\/repliquemangacine.fr\/katanas-le-dernier-samourai\/katana-practical-seigi\/#primaryimage"},"thumbnailUrl":"https:\/\/repliquemangacine.fr\/wp-content\/uploads\/2023\/10\/1499-Katana-practical-Seigi.jpg","datePublished":"2017-01-16T22:14:56+00:00","dateModified":"2026-02-25T00:25:36+00:00","description":"Reg\u00e1late la Katana forjada Seigi Fudoshin al mejor precio - Hoja de acero 1095 - Forjada a mano - Tipo Maru - Temple selectivo - Longitud : 102 cm","breadcrumb":{"@id":"https:\/\/repliquemangacine.fr\/katanas-le-dernier-samourai\/katana-practical-seigi\/#breadcrumb"},"inLanguage":"es","potentialAction":[{"@type":"ReadAction","target":["https:\/\/repliquemangacine.fr\/katanas-le-dernier-samourai\/katana-practical-seigi\/"]}]},{"@type":"ImageObject","inLanguage":"es","@id":"https:\/\/repliquemangacine.fr\/katanas-le-dernier-samourai\/katana-practical-seigi\/#primaryimage","url":"https:\/\/repliquemangacine.fr\/wp-content\/uploads\/2023\/10\/1499-Katana-practical-Seigi.jpg","contentUrl":"https:\/\/repliquemangacine.fr\/wp-content\/uploads\/2023\/10\/1499-Katana-practical-Seigi.jpg","width":800,"height":800,"caption":"Katana practical Seigi"},{"@type":"BreadcrumbList","@id":"https:\/\/repliquemangacine.fr\/katanas-le-dernier-samourai\/katana-practical-seigi\/#breadcrumb","itemListElement":[{"@type":"ListItem","position":1,"name":"Accueil","item":"https:\/\/repliquemangacine.fr\/"},{"@type":"ListItem","position":2,"name":"Produits","item":"https:\/\/repliquemangacine.fr\/boutique\/"},{"@type":"ListItem","position":3,"name":"Katana Seigi"}]},{"@type":"WebSite","@id":"https:\/\/repliquemangacine.fr\/#website","url":"https:\/\/repliquemangacine.fr\/","name":"R\u00e9plique Manga Cin\u00e9","description":"","publisher":{"@id":"https:\/\/repliquemangacine.fr\/#organization"},"potentialAction":[{"@type":"SearchAction","target":{"@type":"EntryPoint","urlTemplate":"https:\/\/repliquemangacine.fr\/?s={search_term_string}"},"query-input":{"@type":"PropertyValueSpecification","valueRequired":true,"valueName":"search_term_string"}}],"inLanguage":"es"},{"@type":"Organization","@id":"https:\/\/repliquemangacine.fr\/#organization","name":"R\u00e9plique Manga Cin\u00e9","url":"https:\/\/repliquemangacine.fr\/","logo":{"@type":"ImageObject","inLanguage":"es","@id":"https:\/\/repliquemangacine.fr\/#\/schema\/logo\/image\/","url":"https:\/\/repliquemangacine.fr\/wp-content\/uploads\/2023\/10\/RMC-500250.png","contentUrl":"https:\/\/repliquemangacine.fr\/wp-content\/uploads\/2023\/10\/RMC-500250.png","width":500,"height":250,"caption":"R\u00e9plique Manga Cin\u00e9"},"image":{"@id":"https:\/\/repliquemangacine.fr\/#\/schema\/logo\/image\/"},"sameAs":["https:\/\/www.facebook.com\/RepliqueMangaCine","https:\/\/www.instagram.com\/repliquemangacine.fr\/"]}]}},"_links":{"self":[{"href":"https:\/\/repliquemangacine.fr\/es\/wp-json\/wp\/v2\/product\/26792","targetHints":{"allow":["GET"]}}],"collection":[{"href":"https:\/\/repliquemangacine.fr\/es\/wp-json\/wp\/v2\/product"}],"about":[{"href":"https:\/\/repliquemangacine.fr\/es\/wp-json\/wp\/v2\/types\/product"}],"wp:featuredmedia":[{"embeddable":true,"href":"https:\/\/repliquemangacine.fr\/es\/wp-json\/wp\/v2\/media\/26793"}],"wp:attachment":[{"href":"https:\/\/repliquemangacine.fr\/es\/wp-json\/wp\/v2\/media?parent=26792"}],"wp:term":[{"taxonomy":"product_brand","embeddable":true,"href":"https:\/\/repliquemangacine.fr\/es\/wp-json\/wp\/v2\/product_brand?post=26792"},{"taxonomy":"product_cat","embeddable":true,"href":"https:\/\/repliquemangacine.fr\/es\/wp-json\/wp\/v2\/product_cat?post=26792"},{"taxonomy":"product_tag","embeddable":true,"href":"https:\/\/repliquemangacine.fr\/es\/wp-json\/wp\/v2\/product_tag?post=26792"}],"curies":[{"name":"wp","href":"https:\/\/api.w.org\/{rel}","templated":true}]}}