





{"id":26786,"date":"2017-01-16T22:52:46","date_gmt":"2017-01-16T21:52:46","guid":{"rendered":"https:\/\/repliquemangacine.fr\/?post_type=product&#038;p=26786"},"modified":"2026-02-27T09:39:04","modified_gmt":"2026-02-27T08:39:04","slug":"hoja-forjada-de-corte-katana-maru","status":"publish","type":"product","link":"https:\/\/repliquemangacine.fr\/es\/katana-forge\/katana-de-coupe-forge-lame-maru\/","title":{"rendered":"Katana de corte forjada"},"content":{"rendered":"<h2>Katana de corte forjada Bushido<\/h2>\n<p>Para empezar, el <strong>Katana de corte forjada<\/strong> est\u00e1 fabricado seg\u00fan la t\u00e9cnica de un maestro herrero.<\/p>\n<p>La katana es la espada japonesa m\u00e1s popular. La llevaban los samur\u00e1is japoneses y ha pasado por varias generaciones. Por eso hay <a href=\"https:\/\/www.japan.travel\/fr\/spot\/1669\/\" target=\"_blank\" rel=\"noopener noreferrer\">museos en Jap\u00f3n<\/a>.<\/p>\n<p>Empecemos por las hojas: es importante saber para qu\u00e9 quieres usar tu katana.<\/p>\n<ul>\n<li>Para los principiantes, el acero 1045 (0,45% carbono) est\u00e1 dise\u00f1ado para iniciarse en el corte de objetos blandos.<\/li>\n<li>Para el accionamiento de corte, el acero 1060 (0,60% carbono) es ideal para los soportes tradicionales.<\/li>\n<li>Para un uso intensivo, el acero 1095 (carbono 0,95%) se reserva a los usuarios experimentados sobre tatami o bamb\u00fa verde.<\/li>\n<\/ul>\n<h2>Tu Katana de Corte Forjada al mejor precio.<\/h2>\n<p>Le ofrecemos una amplia selecci\u00f3n de espadas japonesas para sus entrenamientos, pero tambi\u00e9n para decoraci\u00f3n.<\/p>\n<p>Lo primero y m\u00e1s importante,<\/p>\n<ul>\n<li>Le <a href=\"https:\/\/repliquemangacine.fr\/es\/katana-cazademonios\/katana-forjada-tanjiro-kamado\/\">Tanjir\u014d Kamado katana afilada<\/a> en la versi\u00f3n forjada a mano del manga Demon Slayer.<\/li>\n<li>Pero tambi\u00e9n la <a href=\"https:\/\/repliquemangacine.fr\/es\/forja-de-katanas\/katana-samourai-forge-1045\/\">Katana samurai<\/a> formaci\u00f3n de corte.<\/li>\n<li>Y muchos m\u00e1s por descubrir en nuestra tienda en l\u00ednea.<\/li>\n<\/ul>\n<p>Por eso, esta es una idea estupenda para regalar a los amantes de las artes marciales.<\/p>\n<p>Tambi\u00e9n puede utilizar este <strong>Katana de corte forjada<\/strong> para iniciarse en el corte o para su colecci\u00f3n. Pero, ante todo, esta espada afilada es tambi\u00e9n una pieza de colecci\u00f3n y decoraci\u00f3n.<\/p>\n<p>R\u00e9plique Manga Cin\u00e9 es una empresa familiar francesa.<\/p>\n<h2>\u00bfC\u00f3mo se mantiene la hoja de la katana?<\/h2>\n<p>Las katanas de colecci\u00f3n y decorativas se fabrican y ensamblan de forma simplificada. Dado que su uso es decorativo, no cuentan con los elementos de seguridad necesarios para una espada japonesa destinada al entrenamiento.<\/p>\n<p>Sin embargo, su <strong>Katana de corte forjada<\/strong> a una hoja de acero que hay que mantener para evitar que se da\u00f1e con el tiempo. Cuando muestres tu espada, tus amigos sentir\u00e1n curiosidad por ver la hoja y tocarla. Aqu\u00ed es donde hay que tener cuidado, porque la acidez de los dedos es muy perjudicial para el acero, sea cual sea su calidad.<\/p>\n<p>Sin embargo, si esto ocurre, no se preocupe, solo tiene que humedecer un pa\u00f1o con un poco de aceite y limpiar las huellas dactilares. De esta forma, conservar\u00e1 su katana durante mucho tiempo.<\/p>","protected":false},"excerpt":{"rendered":"<p>Hecho a mano con las t\u00e9cnicas de un maestro herrero.<\/p>\n<ul>\n<li>Hoja cortante de acero 1045 forjado.<\/li>\n<li>Forge Maru.<\/li>\n<li>L\u00ednea de enfriamiento.<\/li>\n<li>Vaina lacada en negro.<\/li>\n<li>Mango rodeado de una trenza de algod\u00f3n blanco.<\/li>\n<li>Tsuba de acero.<\/li>\n<li>Desmontable para mantenimiento.<\/li>\n<li>Longitud de la hoja: 70 cm - Longitud total: 103 cm<\/li>\n<\/ul>","protected":false},"featured_media":26787,"template":"","meta":[],"product_brand":[896],"product_cat":[26,38],"product_tag":[],"class_list":{"0":"post-26786","1":"product","2":"type-product","3":"status-publish","4":"has-post-thumbnail","6":"product_brand-replique-manga-cine","7":"product_cat-katana-epee","8":"product_cat-katana-forge","10":"first","11":"outofstock","12":"taxable","13":"shipping-taxable","14":"purchasable","15":"product-type-simple"},"yoast_head":"<!-- This site is optimized with the Yoast SEO plugin v27.4 - https:\/\/yoast.com\/product\/yoast-seo-wordpress\/ -->\n<title>Katana de Coupe Forg\u00e9 - Sabre tranchant - R\u00e9plique Manga Cin\u00e9<\/title>\n<meta name=\"description\" content=\"Offre-lui ! Ce Katana de Coupe Forg\u00e9 au meilleur prix - Lame acier Maru tranchante avec gorge - Garde acier d\u00e9cor\u00e9e - Longueur totale : 103 cm\" \/>\n<meta name=\"robots\" content=\"index, follow, max-snippet:-1, max-image-preview:large, max-video-preview:-1\" \/>\n<link rel=\"canonical\" href=\"https:\/\/repliquemangacine.fr\/es\/forja-de-katanas\/hoja-forjada-de-corte-katana-maru\/\" \/>\n<meta property=\"og:locale\" content=\"es_ES\" \/>\n<meta property=\"og:type\" content=\"article\" \/>\n<meta property=\"og:title\" content=\"Katana de Coupe Forg\u00e9 - Sabre tranchant - R\u00e9plique Manga Cin\u00e9\" \/>\n<meta property=\"og:description\" content=\"Offre-lui ! Ce Katana de Coupe Forg\u00e9 au meilleur prix - Lame acier Maru tranchante avec gorge - Garde acier d\u00e9cor\u00e9e - Longueur totale : 103 cm\" \/>\n<meta property=\"og:url\" content=\"https:\/\/repliquemangacine.fr\/es\/forja-de-katanas\/hoja-forjada-de-corte-katana-maru\/\" \/>\n<meta property=\"og:site_name\" content=\"R\u00e9plique Manga Cin\u00e9\" \/>\n<meta property=\"article:publisher\" content=\"https:\/\/www.facebook.com\/RepliqueMangaCine\" \/>\n<meta property=\"article:modified_time\" content=\"2026-02-27T08:39:04+00:00\" \/>\n<meta property=\"og:image\" content=\"https:\/\/repliquemangacine.fr\/wp-content\/uploads\/2023\/10\/1495-Katana-de-coupe-Lame-Maru.jpg\" \/>\n\t<meta property=\"og:image:width\" content=\"800\" \/>\n\t<meta property=\"og:image:height\" content=\"800\" \/>\n\t<meta property=\"og:image:type\" content=\"image\/jpeg\" \/>\n<meta name=\"twitter:card\" content=\"summary_large_image\" \/>\n<meta name=\"twitter:label1\" content=\"Tiempo de lectura\" \/>\n\t<meta name=\"twitter:data1\" content=\"1 minuto\" \/>\n<script type=\"application\/ld+json\" class=\"yoast-schema-graph\">{\"@context\":\"https:\\\/\\\/schema.org\",\"@graph\":[{\"@type\":\"WebPage\",\"@id\":\"https:\\\/\\\/repliquemangacine.fr\\\/katana-forge\\\/katana-de-coupe-forge-lame-maru\\\/\",\"url\":\"https:\\\/\\\/repliquemangacine.fr\\\/katana-forge\\\/katana-de-coupe-forge-lame-maru\\\/\",\"name\":\"Katana de Coupe Forg\u00e9 - Sabre tranchant - R\u00e9plique Manga Cin\u00e9\",\"isPartOf\":{\"@id\":\"https:\\\/\\\/repliquemangacine.fr\\\/#website\"},\"primaryImageOfPage\":{\"@id\":\"https:\\\/\\\/repliquemangacine.fr\\\/katana-forge\\\/katana-de-coupe-forge-lame-maru\\\/#primaryimage\"},\"image\":{\"@id\":\"https:\\\/\\\/repliquemangacine.fr\\\/katana-forge\\\/katana-de-coupe-forge-lame-maru\\\/#primaryimage\"},\"thumbnailUrl\":\"https:\\\/\\\/repliquemangacine.fr\\\/wp-content\\\/uploads\\\/2023\\\/10\\\/1495-Katana-de-coupe-Lame-Maru.jpg\",\"datePublished\":\"2017-01-16T21:52:46+00:00\",\"dateModified\":\"2026-02-27T08:39:04+00:00\",\"description\":\"Offre-lui ! Ce Katana de Coupe Forg\u00e9 au meilleur prix - Lame acier Maru tranchante avec gorge - Garde acier d\u00e9cor\u00e9e - Longueur totale : 103 cm\",\"breadcrumb\":{\"@id\":\"https:\\\/\\\/repliquemangacine.fr\\\/katana-forge\\\/katana-de-coupe-forge-lame-maru\\\/#breadcrumb\"},\"inLanguage\":\"es\",\"potentialAction\":[{\"@type\":\"ReadAction\",\"target\":[\"https:\\\/\\\/repliquemangacine.fr\\\/katana-forge\\\/katana-de-coupe-forge-lame-maru\\\/\"]}]},{\"@type\":\"ImageObject\",\"inLanguage\":\"es\",\"@id\":\"https:\\\/\\\/repliquemangacine.fr\\\/katana-forge\\\/katana-de-coupe-forge-lame-maru\\\/#primaryimage\",\"url\":\"https:\\\/\\\/repliquemangacine.fr\\\/wp-content\\\/uploads\\\/2023\\\/10\\\/1495-Katana-de-coupe-Lame-Maru.jpg\",\"contentUrl\":\"https:\\\/\\\/repliquemangacine.fr\\\/wp-content\\\/uploads\\\/2023\\\/10\\\/1495-Katana-de-coupe-Lame-Maru.jpg\",\"width\":800,\"height\":800,\"caption\":\"Katana de coupe - Lame Maru\"},{\"@type\":\"BreadcrumbList\",\"@id\":\"https:\\\/\\\/repliquemangacine.fr\\\/katana-forge\\\/katana-de-coupe-forge-lame-maru\\\/#breadcrumb\",\"itemListElement\":[{\"@type\":\"ListItem\",\"position\":1,\"name\":\"Accueil\",\"item\":\"https:\\\/\\\/repliquemangacine.fr\\\/\"},{\"@type\":\"ListItem\",\"position\":2,\"name\":\"Produits\",\"item\":\"https:\\\/\\\/repliquemangacine.fr\\\/boutique\\\/\"},{\"@type\":\"ListItem\",\"position\":3,\"name\":\"Katana de Coupe Forg\u00e9\"}]},{\"@type\":\"WebSite\",\"@id\":\"https:\\\/\\\/repliquemangacine.fr\\\/#website\",\"url\":\"https:\\\/\\\/repliquemangacine.fr\\\/\",\"name\":\"R\u00e9plique Manga Cin\u00e9\",\"description\":\"\",\"publisher\":{\"@id\":\"https:\\\/\\\/repliquemangacine.fr\\\/#organization\"},\"potentialAction\":[{\"@type\":\"SearchAction\",\"target\":{\"@type\":\"EntryPoint\",\"urlTemplate\":\"https:\\\/\\\/repliquemangacine.fr\\\/?s={search_term_string}\"},\"query-input\":{\"@type\":\"PropertyValueSpecification\",\"valueRequired\":true,\"valueName\":\"search_term_string\"}}],\"inLanguage\":\"es\"},{\"@type\":\"Organization\",\"@id\":\"https:\\\/\\\/repliquemangacine.fr\\\/#organization\",\"name\":\"R\u00e9plique Manga Cin\u00e9\",\"url\":\"https:\\\/\\\/repliquemangacine.fr\\\/\",\"logo\":{\"@type\":\"ImageObject\",\"inLanguage\":\"es\",\"@id\":\"https:\\\/\\\/repliquemangacine.fr\\\/#\\\/schema\\\/logo\\\/image\\\/\",\"url\":\"https:\\\/\\\/repliquemangacine.fr\\\/wp-content\\\/uploads\\\/2023\\\/10\\\/RMC-500250.png\",\"contentUrl\":\"https:\\\/\\\/repliquemangacine.fr\\\/wp-content\\\/uploads\\\/2023\\\/10\\\/RMC-500250.png\",\"width\":500,\"height\":250,\"caption\":\"R\u00e9plique Manga Cin\u00e9\"},\"image\":{\"@id\":\"https:\\\/\\\/repliquemangacine.fr\\\/#\\\/schema\\\/logo\\\/image\\\/\"},\"sameAs\":[\"https:\\\/\\\/www.facebook.com\\\/RepliqueMangaCine\",\"https:\\\/\\\/www.instagram.com\\\/repliquemangacine.fr\\\/\"]}]}<\/script>\n<!-- \/ Yoast SEO plugin. -->","yoast_head_json":{"title":"Katana de corte forjado - Espada afilada - R\u00e9plique Manga Cin\u00e9","description":"\u00a1Reg\u00e1lasela! Esta Katana de corte forjado al mejor precio - Hoja afilada de acero Maru con garganta - Guarda de acero decorada - Longitud total: 103 cm","robots":{"index":"index","follow":"follow","max-snippet":"max-snippet:-1","max-image-preview":"max-image-preview:large","max-video-preview":"max-video-preview:-1"},"canonical":"https:\/\/repliquemangacine.fr\/es\/forja-de-katanas\/hoja-forjada-de-corte-katana-maru\/","og_locale":"es_ES","og_type":"article","og_title":"Katana de Coupe Forg\u00e9 - Sabre tranchant - R\u00e9plique Manga Cin\u00e9","og_description":"Offre-lui ! Ce Katana de Coupe Forg\u00e9 au meilleur prix - Lame acier Maru tranchante avec gorge - Garde acier d\u00e9cor\u00e9e - Longueur totale : 103 cm","og_url":"https:\/\/repliquemangacine.fr\/es\/forja-de-katanas\/hoja-forjada-de-corte-katana-maru\/","og_site_name":"R\u00e9plique Manga Cin\u00e9","article_publisher":"https:\/\/www.facebook.com\/RepliqueMangaCine","article_modified_time":"2026-02-27T08:39:04+00:00","og_image":[{"width":800,"height":800,"url":"https:\/\/repliquemangacine.fr\/wp-content\/uploads\/2023\/10\/1495-Katana-de-coupe-Lame-Maru.jpg","type":"image\/jpeg"}],"twitter_card":"summary_large_image","twitter_misc":{"Tiempo de lectura":"1 minuto"},"schema":{"@context":"https:\/\/schema.org","@graph":[{"@type":"WebPage","@id":"https:\/\/repliquemangacine.fr\/katana-forge\/katana-de-coupe-forge-lame-maru\/","url":"https:\/\/repliquemangacine.fr\/katana-forge\/katana-de-coupe-forge-lame-maru\/","name":"Katana de corte forjado - Espada afilada - R\u00e9plique Manga Cin\u00e9","isPartOf":{"@id":"https:\/\/repliquemangacine.fr\/#website"},"primaryImageOfPage":{"@id":"https:\/\/repliquemangacine.fr\/katana-forge\/katana-de-coupe-forge-lame-maru\/#primaryimage"},"image":{"@id":"https:\/\/repliquemangacine.fr\/katana-forge\/katana-de-coupe-forge-lame-maru\/#primaryimage"},"thumbnailUrl":"https:\/\/repliquemangacine.fr\/wp-content\/uploads\/2023\/10\/1495-Katana-de-coupe-Lame-Maru.jpg","datePublished":"2017-01-16T21:52:46+00:00","dateModified":"2026-02-27T08:39:04+00:00","description":"\u00a1Reg\u00e1lasela! Esta Katana de corte forjado al mejor precio - Hoja afilada de acero Maru con garganta - Guarda de acero decorada - Longitud total: 103 cm","breadcrumb":{"@id":"https:\/\/repliquemangacine.fr\/katana-forge\/katana-de-coupe-forge-lame-maru\/#breadcrumb"},"inLanguage":"es","potentialAction":[{"@type":"ReadAction","target":["https:\/\/repliquemangacine.fr\/katana-forge\/katana-de-coupe-forge-lame-maru\/"]}]},{"@type":"ImageObject","inLanguage":"es","@id":"https:\/\/repliquemangacine.fr\/katana-forge\/katana-de-coupe-forge-lame-maru\/#primaryimage","url":"https:\/\/repliquemangacine.fr\/wp-content\/uploads\/2023\/10\/1495-Katana-de-coupe-Lame-Maru.jpg","contentUrl":"https:\/\/repliquemangacine.fr\/wp-content\/uploads\/2023\/10\/1495-Katana-de-coupe-Lame-Maru.jpg","width":800,"height":800,"caption":"Katana de coupe - Lame Maru"},{"@type":"BreadcrumbList","@id":"https:\/\/repliquemangacine.fr\/katana-forge\/katana-de-coupe-forge-lame-maru\/#breadcrumb","itemListElement":[{"@type":"ListItem","position":1,"name":"Accueil","item":"https:\/\/repliquemangacine.fr\/"},{"@type":"ListItem","position":2,"name":"Produits","item":"https:\/\/repliquemangacine.fr\/boutique\/"},{"@type":"ListItem","position":3,"name":"Katana de Coupe Forg\u00e9"}]},{"@type":"WebSite","@id":"https:\/\/repliquemangacine.fr\/#website","url":"https:\/\/repliquemangacine.fr\/","name":"R\u00e9plique Manga Cin\u00e9","description":"","publisher":{"@id":"https:\/\/repliquemangacine.fr\/#organization"},"potentialAction":[{"@type":"SearchAction","target":{"@type":"EntryPoint","urlTemplate":"https:\/\/repliquemangacine.fr\/?s={search_term_string}"},"query-input":{"@type":"PropertyValueSpecification","valueRequired":true,"valueName":"search_term_string"}}],"inLanguage":"es"},{"@type":"Organization","@id":"https:\/\/repliquemangacine.fr\/#organization","name":"R\u00e9plique Manga Cin\u00e9","url":"https:\/\/repliquemangacine.fr\/","logo":{"@type":"ImageObject","inLanguage":"es","@id":"https:\/\/repliquemangacine.fr\/#\/schema\/logo\/image\/","url":"https:\/\/repliquemangacine.fr\/wp-content\/uploads\/2023\/10\/RMC-500250.png","contentUrl":"https:\/\/repliquemangacine.fr\/wp-content\/uploads\/2023\/10\/RMC-500250.png","width":500,"height":250,"caption":"R\u00e9plique Manga Cin\u00e9"},"image":{"@id":"https:\/\/repliquemangacine.fr\/#\/schema\/logo\/image\/"},"sameAs":["https:\/\/www.facebook.com\/RepliqueMangaCine","https:\/\/www.instagram.com\/repliquemangacine.fr\/"]}]}},"_links":{"self":[{"href":"https:\/\/repliquemangacine.fr\/es\/wp-json\/wp\/v2\/product\/26786","targetHints":{"allow":["GET"]}}],"collection":[{"href":"https:\/\/repliquemangacine.fr\/es\/wp-json\/wp\/v2\/product"}],"about":[{"href":"https:\/\/repliquemangacine.fr\/es\/wp-json\/wp\/v2\/types\/product"}],"wp:featuredmedia":[{"embeddable":true,"href":"https:\/\/repliquemangacine.fr\/es\/wp-json\/wp\/v2\/media\/26787"}],"wp:attachment":[{"href":"https:\/\/repliquemangacine.fr\/es\/wp-json\/wp\/v2\/media?parent=26786"}],"wp:term":[{"taxonomy":"product_brand","embeddable":true,"href":"https:\/\/repliquemangacine.fr\/es\/wp-json\/wp\/v2\/product_brand?post=26786"},{"taxonomy":"product_cat","embeddable":true,"href":"https:\/\/repliquemangacine.fr\/es\/wp-json\/wp\/v2\/product_cat?post=26786"},{"taxonomy":"product_tag","embeddable":true,"href":"https:\/\/repliquemangacine.fr\/es\/wp-json\/wp\/v2\/product_tag?post=26786"}],"curies":[{"name":"wp","href":"https:\/\/api.w.org\/{rel}","templated":true}]}}