





{"id":26776,"date":"2017-01-16T21:34:14","date_gmt":"2017-01-16T20:34:14","guid":{"rendered":"https:\/\/repliquemangacine.fr\/?post_type=product&#038;p=26776"},"modified":"2026-03-17T17:53:43","modified_gmt":"2026-03-17T16:53:43","slug":"katana-shirasaya-forja-damasco-hoja","status":"publish","type":"product","link":"https:\/\/repliquemangacine.fr\/es\/katana-forge\/katana-shirasaya-forge-lame-damas\/","title":{"rendered":"Hoja de Damasco Forjado Shirasaya"},"content":{"rendered":"<h2>Shirasaya Hoja de Damasco Forjada Fudoshin<\/h2>\n<p>Para empezar, el <strong>Hoja de Damasco Forjado Shirasaya<\/strong>fabricados por artesanos tradicionales con t\u00e9cnicas ancestrales. <a href=\"https:\/\/futuhazuki.wordpress.com\/le-sabre-de-musashi\/lignee-de-transmission\/\" target=\"_blank\" rel=\"noopener noreferrer\">Maestro Masahiro<\/a>.<\/p>\n<p>Esta shirasaya tiene un temple selectivo aut\u00e9ntico. Dureza de 60 Hrc en el filo y de 40 Hrc en el dorso de la hoja. Acero: laminado 1095 forjado.<br \/>\nForja: DAMASCO (900 capas de acero).<strong><br \/>\n<\/strong><\/p>\n<p>Todas las katanas de la marca Fudoshin son \u00fanicamente para decoraci\u00f3n o entrenamiento de corte en rollos de paja de arroz tejida. Si el comprador o poseedor de este producto lo utiliza para cualquier otro fin, asume todo riesgo y responsabilidad derivados del mal uso del mismo. <strong>Venta estrictamente reservada a los adultos.<\/strong><\/p>\n<h2>Tu Shirasaya Hoja de Damasco Forjada al mejor precio.<\/h2>\n<p>Le ofrecemos una amplia selecci\u00f3n de katanas forjadas para practicar el corte o para decorar su hogar.<\/p>\n<p>Lo primero y m\u00e1s importante,<\/p>\n<ul>\n<li>Le <a href=\"https:\/\/repliquemangacine.fr\/es\/peliculas-series-tv-venta-de-espadas-katana-y-productos-relacionados\/katana-forge-de-michonne\/\">La katana cortante de Michonne<\/a> en la serie The Walking Dead.<\/li>\n<li>Pero tambi\u00e9n la <a href=\"https:\/\/repliquemangacine.fr\/es\/el-ultimo-samurai\/katana-forja-al-ultimo-samurai\/\">katana de Nathan Algren<\/a> en la pel\u00edcula El \u00faltimo samur\u00e1i.<\/li>\n<li>Y muchos m\u00e1s por descubrir en nuestra tienda en l\u00ednea.<\/li>\n<\/ul>\n<p>Por eso, esta es una idea estupenda para regalar a los amantes de las artes marciales.<\/p>\n<p>En conclusi\u00f3n, tambi\u00e9n puede utilizar este <strong>Hoja de Damasco Forjado Shirasaya<\/strong> para su primer esqueje o para su colecci\u00f3n. Pero, sobre todo, es tambi\u00e9n una pieza de coleccionista y una pieza decorativa.<\/p>\n<h2><strong>\u00bfC\u00f3mo se mantiene la hoja de la katana?<\/strong><\/h2>\n<p>Las katanas forjadas de la marca Fudoshin le garantizan una calidad de hoja y un acabado excepcionales. La elecci\u00f3n del acero, la t\u00e9cnica de forja y el temple en arcilla garantizan la solidez, la flexibilidad, el equilibrio y un filo impecable en todas las hojas.<\/p>\n<p>Sin embargo, su <strong>Hoja de Damasco Forjado Shirasaya<\/strong> a una hoja de acero que hay que mantener para evitar que se da\u00f1e con el tiempo. Cuando muestres tu espada, tus amigos sentir\u00e1n curiosidad por ver la hoja y tocarla. Aqu\u00ed es donde hay que tener cuidado, porque la acidez de los dedos es muy perjudicial para el acero, sea cual sea su calidad.<\/p>\n<p>Sin embargo, si esto ocurre, no se preocupe, solo tiene que humedecer un pa\u00f1o con un poco de aceite y limpiar las huellas dactilares. De esta forma, conservar\u00e1 su katana durante mucho tiempo.<\/p>","protected":false},"excerpt":{"rendered":"<p>Hecho a mano, Shirasaya, totalmente forjado a mano con la t\u00e9cnica del maestro Masahiro.<\/p>\n<ul>\n<li>Hoja muy afilada de acero laminado 1095 forjado.<\/li>\n<li>Forja <strong>DAMAS. <\/strong><\/li>\n<li>Una verdadera l\u00ednea de templado.<\/li>\n<li>Saya y Tsuka en madera barnizada natural.<\/li>\n<li>Desmontable para mantenimiento.<\/li>\n<li>Certificado de autenticidad<\/li>\n<li>Se suministra con funda protectora y manual de mantenimiento<\/li>\n<\/ul>","protected":false},"featured_media":26777,"template":"","meta":[],"product_brand":[896],"product_cat":[26,38],"product_tag":[],"class_list":{"0":"post-26776","1":"product","2":"type-product","3":"status-publish","4":"has-post-thumbnail","6":"product_brand-replique-manga-cine","7":"product_cat-katana-epee","8":"product_cat-katana-forge","10":"first","11":"outofstock","12":"taxable","13":"shipping-taxable","14":"purchasable","15":"product-type-simple"},"yoast_head":"<!-- This site is optimized with the Yoast SEO plugin v27.4 - https:\/\/yoast.com\/product\/yoast-seo-wordpress\/ -->\n<title>Shirasaya forg\u00e9 Lame Damas - Fudoshin | R\u00e9plique Manga Cin\u00e9<\/title>\n<meta name=\"description\" content=\"Sublime Shirasaya forg\u00e9 Lame Damas au meilleur prix - Lame en acier feuillet\u00e9 - Forge DAMAS - Ligne de trempe - Fourreau et poign\u00e9e en bois naturel verni\" \/>\n<meta name=\"robots\" content=\"index, follow, max-snippet:-1, max-image-preview:large, max-video-preview:-1\" \/>\n<link rel=\"canonical\" href=\"https:\/\/repliquemangacine.fr\/es\/forja-de-katanas\/katana-shirasaya-forja-damasco-hoja\/\" \/>\n<meta property=\"og:locale\" content=\"es_ES\" \/>\n<meta property=\"og:type\" content=\"article\" \/>\n<meta property=\"og:title\" content=\"Shirasaya forg\u00e9 Lame Damas - Fudoshin | R\u00e9plique Manga Cin\u00e9\" \/>\n<meta property=\"og:description\" content=\"Sublime Shirasaya forg\u00e9 Lame Damas au meilleur prix - Lame en acier feuillet\u00e9 - Forge DAMAS - Ligne de trempe - Fourreau et poign\u00e9e en bois naturel verni\" \/>\n<meta property=\"og:url\" content=\"https:\/\/repliquemangacine.fr\/es\/forja-de-katanas\/katana-shirasaya-forja-damasco-hoja\/\" \/>\n<meta property=\"og:site_name\" content=\"R\u00e9plique Manga Cin\u00e9\" \/>\n<meta property=\"article:publisher\" content=\"https:\/\/www.facebook.com\/RepliqueMangaCine\" \/>\n<meta property=\"article:modified_time\" content=\"2026-03-17T16:53:43+00:00\" \/>\n<meta property=\"og:image\" content=\"https:\/\/repliquemangacine.fr\/wp-content\/uploads\/2023\/10\/1484-Katana-shirasaya-Damas.jpg\" \/>\n\t<meta property=\"og:image:width\" content=\"800\" \/>\n\t<meta property=\"og:image:height\" content=\"800\" \/>\n\t<meta property=\"og:image:type\" content=\"image\/jpeg\" \/>\n<meta name=\"twitter:card\" content=\"summary_large_image\" \/>\n<meta name=\"twitter:label1\" content=\"Tiempo de lectura\" \/>\n\t<meta name=\"twitter:data1\" content=\"3 minutos\" \/>\n<script type=\"application\/ld+json\" class=\"yoast-schema-graph\">{\"@context\":\"https:\\\/\\\/schema.org\",\"@graph\":[{\"@type\":\"WebPage\",\"@id\":\"https:\\\/\\\/repliquemangacine.fr\\\/katana-forge\\\/katana-shirasaya-forge-lame-damas\\\/\",\"url\":\"https:\\\/\\\/repliquemangacine.fr\\\/katana-forge\\\/katana-shirasaya-forge-lame-damas\\\/\",\"name\":\"Shirasaya forg\u00e9 Lame Damas - Fudoshin | R\u00e9plique Manga Cin\u00e9\",\"isPartOf\":{\"@id\":\"https:\\\/\\\/repliquemangacine.fr\\\/#website\"},\"primaryImageOfPage\":{\"@id\":\"https:\\\/\\\/repliquemangacine.fr\\\/katana-forge\\\/katana-shirasaya-forge-lame-damas\\\/#primaryimage\"},\"image\":{\"@id\":\"https:\\\/\\\/repliquemangacine.fr\\\/katana-forge\\\/katana-shirasaya-forge-lame-damas\\\/#primaryimage\"},\"thumbnailUrl\":\"https:\\\/\\\/repliquemangacine.fr\\\/wp-content\\\/uploads\\\/2023\\\/10\\\/1484-Katana-shirasaya-Damas.jpg\",\"datePublished\":\"2017-01-16T20:34:14+00:00\",\"dateModified\":\"2026-03-17T16:53:43+00:00\",\"description\":\"Sublime Shirasaya forg\u00e9 Lame Damas au meilleur prix - Lame en acier feuillet\u00e9 - Forge DAMAS - Ligne de trempe - Fourreau et poign\u00e9e en bois naturel verni\",\"breadcrumb\":{\"@id\":\"https:\\\/\\\/repliquemangacine.fr\\\/katana-forge\\\/katana-shirasaya-forge-lame-damas\\\/#breadcrumb\"},\"inLanguage\":\"es\",\"potentialAction\":[{\"@type\":\"ReadAction\",\"target\":[\"https:\\\/\\\/repliquemangacine.fr\\\/katana-forge\\\/katana-shirasaya-forge-lame-damas\\\/\"]}]},{\"@type\":\"ImageObject\",\"inLanguage\":\"es\",\"@id\":\"https:\\\/\\\/repliquemangacine.fr\\\/katana-forge\\\/katana-shirasaya-forge-lame-damas\\\/#primaryimage\",\"url\":\"https:\\\/\\\/repliquemangacine.fr\\\/wp-content\\\/uploads\\\/2023\\\/10\\\/1484-Katana-shirasaya-Damas.jpg\",\"contentUrl\":\"https:\\\/\\\/repliquemangacine.fr\\\/wp-content\\\/uploads\\\/2023\\\/10\\\/1484-Katana-shirasaya-Damas.jpg\",\"width\":800,\"height\":800,\"caption\":\"Katana shirasaya Damas\"},{\"@type\":\"BreadcrumbList\",\"@id\":\"https:\\\/\\\/repliquemangacine.fr\\\/katana-forge\\\/katana-shirasaya-forge-lame-damas\\\/#breadcrumb\",\"itemListElement\":[{\"@type\":\"ListItem\",\"position\":1,\"name\":\"Accueil\",\"item\":\"https:\\\/\\\/repliquemangacine.fr\\\/\"},{\"@type\":\"ListItem\",\"position\":2,\"name\":\"Produits\",\"item\":\"https:\\\/\\\/repliquemangacine.fr\\\/boutique\\\/\"},{\"@type\":\"ListItem\",\"position\":3,\"name\":\"Shirasaya Forg\u00e9 Lame Damas\"}]},{\"@type\":\"WebSite\",\"@id\":\"https:\\\/\\\/repliquemangacine.fr\\\/#website\",\"url\":\"https:\\\/\\\/repliquemangacine.fr\\\/\",\"name\":\"R\u00e9plique Manga Cin\u00e9\",\"description\":\"\",\"publisher\":{\"@id\":\"https:\\\/\\\/repliquemangacine.fr\\\/#organization\"},\"potentialAction\":[{\"@type\":\"SearchAction\",\"target\":{\"@type\":\"EntryPoint\",\"urlTemplate\":\"https:\\\/\\\/repliquemangacine.fr\\\/?s={search_term_string}\"},\"query-input\":{\"@type\":\"PropertyValueSpecification\",\"valueRequired\":true,\"valueName\":\"search_term_string\"}}],\"inLanguage\":\"es\"},{\"@type\":\"Organization\",\"@id\":\"https:\\\/\\\/repliquemangacine.fr\\\/#organization\",\"name\":\"R\u00e9plique Manga Cin\u00e9\",\"url\":\"https:\\\/\\\/repliquemangacine.fr\\\/\",\"logo\":{\"@type\":\"ImageObject\",\"inLanguage\":\"es\",\"@id\":\"https:\\\/\\\/repliquemangacine.fr\\\/#\\\/schema\\\/logo\\\/image\\\/\",\"url\":\"https:\\\/\\\/repliquemangacine.fr\\\/wp-content\\\/uploads\\\/2023\\\/10\\\/RMC-500250.png\",\"contentUrl\":\"https:\\\/\\\/repliquemangacine.fr\\\/wp-content\\\/uploads\\\/2023\\\/10\\\/RMC-500250.png\",\"width\":500,\"height\":250,\"caption\":\"R\u00e9plique Manga Cin\u00e9\"},\"image\":{\"@id\":\"https:\\\/\\\/repliquemangacine.fr\\\/#\\\/schema\\\/logo\\\/image\\\/\"},\"sameAs\":[\"https:\\\/\\\/www.facebook.com\\\/RepliqueMangaCine\",\"https:\\\/\\\/www.instagram.com\\\/repliquemangacine.fr\\\/\"]}]}<\/script>\n<!-- \/ Yoast SEO plugin. -->","yoast_head_json":{"title":"Hoja forjada Shirasaya Damasco - Fudoshin | R\u00e9plique Manga Cin\u00e9","description":"Sublime hoja de Damasco Shirasaya forjada al mejor precio - Hoja de acero laminado - Forja DAMAS - L\u00ednea de templado - Vaina y mango de madera barnizada natural","robots":{"index":"index","follow":"follow","max-snippet":"max-snippet:-1","max-image-preview":"max-image-preview:large","max-video-preview":"max-video-preview:-1"},"canonical":"https:\/\/repliquemangacine.fr\/es\/forja-de-katanas\/katana-shirasaya-forja-damasco-hoja\/","og_locale":"es_ES","og_type":"article","og_title":"Shirasaya forg\u00e9 Lame Damas - Fudoshin | R\u00e9plique Manga Cin\u00e9","og_description":"Sublime Shirasaya forg\u00e9 Lame Damas au meilleur prix - Lame en acier feuillet\u00e9 - Forge DAMAS - Ligne de trempe - Fourreau et poign\u00e9e en bois naturel verni","og_url":"https:\/\/repliquemangacine.fr\/es\/forja-de-katanas\/katana-shirasaya-forja-damasco-hoja\/","og_site_name":"R\u00e9plique Manga Cin\u00e9","article_publisher":"https:\/\/www.facebook.com\/RepliqueMangaCine","article_modified_time":"2026-03-17T16:53:43+00:00","og_image":[{"width":800,"height":800,"url":"https:\/\/repliquemangacine.fr\/wp-content\/uploads\/2023\/10\/1484-Katana-shirasaya-Damas.jpg","type":"image\/jpeg"}],"twitter_card":"summary_large_image","twitter_misc":{"Tiempo de lectura":"3 minutos"},"schema":{"@context":"https:\/\/schema.org","@graph":[{"@type":"WebPage","@id":"https:\/\/repliquemangacine.fr\/katana-forge\/katana-shirasaya-forge-lame-damas\/","url":"https:\/\/repliquemangacine.fr\/katana-forge\/katana-shirasaya-forge-lame-damas\/","name":"Hoja forjada Shirasaya Damasco - Fudoshin | R\u00e9plique Manga Cin\u00e9","isPartOf":{"@id":"https:\/\/repliquemangacine.fr\/#website"},"primaryImageOfPage":{"@id":"https:\/\/repliquemangacine.fr\/katana-forge\/katana-shirasaya-forge-lame-damas\/#primaryimage"},"image":{"@id":"https:\/\/repliquemangacine.fr\/katana-forge\/katana-shirasaya-forge-lame-damas\/#primaryimage"},"thumbnailUrl":"https:\/\/repliquemangacine.fr\/wp-content\/uploads\/2023\/10\/1484-Katana-shirasaya-Damas.jpg","datePublished":"2017-01-16T20:34:14+00:00","dateModified":"2026-03-17T16:53:43+00:00","description":"Sublime hoja de Damasco Shirasaya forjada al mejor precio - Hoja de acero laminado - Forja DAMAS - L\u00ednea de templado - Vaina y mango de madera barnizada natural","breadcrumb":{"@id":"https:\/\/repliquemangacine.fr\/katana-forge\/katana-shirasaya-forge-lame-damas\/#breadcrumb"},"inLanguage":"es","potentialAction":[{"@type":"ReadAction","target":["https:\/\/repliquemangacine.fr\/katana-forge\/katana-shirasaya-forge-lame-damas\/"]}]},{"@type":"ImageObject","inLanguage":"es","@id":"https:\/\/repliquemangacine.fr\/katana-forge\/katana-shirasaya-forge-lame-damas\/#primaryimage","url":"https:\/\/repliquemangacine.fr\/wp-content\/uploads\/2023\/10\/1484-Katana-shirasaya-Damas.jpg","contentUrl":"https:\/\/repliquemangacine.fr\/wp-content\/uploads\/2023\/10\/1484-Katana-shirasaya-Damas.jpg","width":800,"height":800,"caption":"Katana shirasaya Damas"},{"@type":"BreadcrumbList","@id":"https:\/\/repliquemangacine.fr\/katana-forge\/katana-shirasaya-forge-lame-damas\/#breadcrumb","itemListElement":[{"@type":"ListItem","position":1,"name":"Accueil","item":"https:\/\/repliquemangacine.fr\/"},{"@type":"ListItem","position":2,"name":"Produits","item":"https:\/\/repliquemangacine.fr\/boutique\/"},{"@type":"ListItem","position":3,"name":"Shirasaya Forg\u00e9 Lame Damas"}]},{"@type":"WebSite","@id":"https:\/\/repliquemangacine.fr\/#website","url":"https:\/\/repliquemangacine.fr\/","name":"R\u00e9plique Manga Cin\u00e9","description":"","publisher":{"@id":"https:\/\/repliquemangacine.fr\/#organization"},"potentialAction":[{"@type":"SearchAction","target":{"@type":"EntryPoint","urlTemplate":"https:\/\/repliquemangacine.fr\/?s={search_term_string}"},"query-input":{"@type":"PropertyValueSpecification","valueRequired":true,"valueName":"search_term_string"}}],"inLanguage":"es"},{"@type":"Organization","@id":"https:\/\/repliquemangacine.fr\/#organization","name":"R\u00e9plique Manga Cin\u00e9","url":"https:\/\/repliquemangacine.fr\/","logo":{"@type":"ImageObject","inLanguage":"es","@id":"https:\/\/repliquemangacine.fr\/#\/schema\/logo\/image\/","url":"https:\/\/repliquemangacine.fr\/wp-content\/uploads\/2023\/10\/RMC-500250.png","contentUrl":"https:\/\/repliquemangacine.fr\/wp-content\/uploads\/2023\/10\/RMC-500250.png","width":500,"height":250,"caption":"R\u00e9plique Manga Cin\u00e9"},"image":{"@id":"https:\/\/repliquemangacine.fr\/#\/schema\/logo\/image\/"},"sameAs":["https:\/\/www.facebook.com\/RepliqueMangaCine","https:\/\/www.instagram.com\/repliquemangacine.fr\/"]}]}},"_links":{"self":[{"href":"https:\/\/repliquemangacine.fr\/es\/wp-json\/wp\/v2\/product\/26776","targetHints":{"allow":["GET"]}}],"collection":[{"href":"https:\/\/repliquemangacine.fr\/es\/wp-json\/wp\/v2\/product"}],"about":[{"href":"https:\/\/repliquemangacine.fr\/es\/wp-json\/wp\/v2\/types\/product"}],"wp:featuredmedia":[{"embeddable":true,"href":"https:\/\/repliquemangacine.fr\/es\/wp-json\/wp\/v2\/media\/26777"}],"wp:attachment":[{"href":"https:\/\/repliquemangacine.fr\/es\/wp-json\/wp\/v2\/media?parent=26776"}],"wp:term":[{"taxonomy":"product_brand","embeddable":true,"href":"https:\/\/repliquemangacine.fr\/es\/wp-json\/wp\/v2\/product_brand?post=26776"},{"taxonomy":"product_cat","embeddable":true,"href":"https:\/\/repliquemangacine.fr\/es\/wp-json\/wp\/v2\/product_cat?post=26776"},{"taxonomy":"product_tag","embeddable":true,"href":"https:\/\/repliquemangacine.fr\/es\/wp-json\/wp\/v2\/product_tag?post=26776"}],"curies":[{"name":"wp","href":"https:\/\/api.w.org\/{rel}","templated":true}]}}