





{"id":26764,"date":"2017-01-12T17:15:46","date_gmt":"2017-01-12T16:15:46","guid":{"rendered":"https:\/\/repliquemangacine.fr\/?post_type=product&#038;p=26764"},"modified":"2025-12-28T15:36:06","modified_gmt":"2025-12-28T14:36:06","slug":"expendables-cuchillos-arrojadizos-kunai-gigante-jason-statham","status":"publish","type":"product","link":"https:\/\/repliquemangacine.fr\/es\/katana-les-epees-de-films-et-series\/couteaux-de-lancer-expendables-kunai-geant-jason-statham\/","title":{"rendered":"Cuchillos arrojadizos Expendables"},"content":{"rendered":"<h2>Cuchillos arrojadizos Expendables.<\/h2>\n<p>Para empezar, el <strong>Cuchillos arrojadizos Expendables<\/strong> Son dos grandes kunai utilizados por Jason Statham, alias Lee Christmas.<\/p>\n<p>Expendables o Los sacrificados (The Expendables) es una serie de pel\u00edculas de acci\u00f3n estadounidenses que comenz\u00f3 con <a href=\"https:\/\/expendables.fandom.com\/wiki\/Main_Page\" target=\"_blank\" rel=\"noopener noreferrer\">Expendables<\/a> : Unidad especial en 2010. Compuesta por tres pel\u00edculas hasta la fecha,  la cuarta entrega se estrenar\u00e1 en septiembre de 2023.<\/p>\n<p>La particularidad de esta serie de pel\u00edculas es que el reparto art\u00edstico de cada entrega es una reuni\u00f3n de estrellas del cine de acci\u00f3n. En ella encontramos un impresionante elenco de estrellas de Hollywood.<\/p>\n<p>Sylvester Stallone, que dirigi\u00f3 la primera pel\u00edcula y interpret\u00f3 el papel de Barney Ross, jefe de la unidad en las tres primeras entregas. Aparecer\u00e1 en la cuarta y \u00faltima entrega, pero Sylvester ha anunciado que ser\u00e1 su \u00faltima pel\u00edcula.<\/p>\n<h2>Tus cuchillos arrojadizos Expendables al mejor precio.<\/h2>\n<p>Te ofrecemos una amplia selecci\u00f3n de r\u00e9plicas del mundo del cine y las series de televisi\u00f3n.<\/p>\n<p>Lo primero y m\u00e1s importante,<\/p>\n<ul>\n<li>La r\u00e9plica del machete <a href=\"https:\/\/repliquemangacine.fr\/es\/otras-peliculas\/predator-machete-holandes\/\">Daga depredadora<\/a> del alias holand\u00e9s Arnold Schwarzenegger.<\/li>\n<li>Tambi\u00e9n existe la <a href=\"https:\/\/repliquemangacine.fr\/es\/peliculas-series-tv-venta-de-espadas-katana-y-productos-relacionados\/katana-heroes-espada-de-hiro-nakamura\/\">katana de Hiro Nakamura<\/a> de la serie Heroes.<\/li>\n<li>Y muchos m\u00e1s por descubrir en nuestra tienda en l\u00ednea.<\/li>\n<\/ul>\n<p>Por eso, aqu\u00ed tienes unas ideas fant\u00e1sticas para regalar a todos los fans del cine y las series de televisi\u00f3n.<\/p>\n<p>En conclusi\u00f3n, puede utilizar los <strong>Cuchillos arrojadizos Expendables<\/strong> para tus desfiles de Cosplay o veladas tem\u00e1ticas. Pero sobre todo, estos kunai gigantes son objetos de colecci\u00f3n y decoraci\u00f3n.<\/p>\n<h2>\u00bfC\u00f3mo mantienes la hoja de tu kunai grande?<\/h2>\n<p>Los cuchillos arrojadizos de colecci\u00f3n y decorativos se fabrican y ensamblan de forma simplificada. Al ser de uso decorativo, no cuentan con los elementos de seguridad necesarios en una espada japonesa destinada al entrenamiento.<\/p>\n<p>Sin embargo, su <strong>Cuchillos arrojadizos Expendables<\/strong> tienen una hoja de acero que hay que mantener para evitar que se da\u00f1e con el tiempo. Cuando exponga su katana, sus amigos sentir\u00e1n curiosidad por ver la hoja y tocarla. Aqu\u00ed es donde hay que tener cuidado, ya que la acidez de los dedos es muy perjudicial para el acero, sea cual sea su calidad.<\/p>\n<p>Sin embargo, si esto ocurre, no se preocupe, solo tiene que humedecer un pa\u00f1o con un poco de aceite y limpiar las huellas dactilares. De esta forma, conservar\u00e1 su kunai durante mucho tiempo.<\/p>","protected":false},"excerpt":{"rendered":"<p>R\u00e9plica id\u00e9ntica de los dos cuchillos arrojadizos de la pel\u00edcula \"The Expendables\".<\/p>\n<ul>\n<li>Totalmente de metal.<\/li>\n<li>Hoja de acero inoxidable.<\/li>\n<li>Asa rodeada de hilo de algod\u00f3n.<\/li>\n<li>Funda de cordura negra.<\/li>\n<li>Longitud total de cada cuchillo: 30 cm - Peso: 170 g<\/li>\n<\/ul>","protected":false},"featured_media":26765,"template":"","meta":[],"product_brand":[896],"product_cat":[91,66,24],"product_tag":[],"class_list":{"0":"post-26764","1":"product","2":"type-product","3":"status-publish","4":"has-post-thumbnail","6":"product_brand-replique-manga-cine","7":"product_cat-katana-les-epees-de-films-et-series","8":"product_cat-repliques-d-armes-films-et-series","9":"product_cat-films-series-tv-vente-de-katana-epee-et-produits-derives","11":"first","12":"instock","13":"taxable","14":"shipping-taxable","15":"purchasable","16":"product-type-simple"},"yoast_head":"<!-- This site is optimized with the Yoast SEO plugin v27.4 - https:\/\/yoast.com\/product\/yoast-seo-wordpress\/ -->\n<title>Couteaux de lancer Expendables - Grand Kuna\u00ef de Statham | RMC<\/title>\n<meta name=\"description\" content=\"D\u00e9couvrez les Couteaux de lancer Expendables au meilleur prix - Lames en acier 440 - Fourreau - Longueur totale de chaque Kuna\u00ef : 30 cm\" \/>\n<meta name=\"robots\" content=\"index, follow, max-snippet:-1, max-image-preview:large, max-video-preview:-1\" \/>\n<link rel=\"canonical\" href=\"https:\/\/repliquemangacine.fr\/es\/espadas-katana-de-peliculas-y-series\/expendables-cuchillos-arrojadizos-kunai-gigante-jason-statham\/\" \/>\n<meta property=\"og:locale\" content=\"es_ES\" \/>\n<meta property=\"og:type\" content=\"article\" \/>\n<meta property=\"og:title\" content=\"Couteaux de lancer Expendables - Grand Kuna\u00ef de Statham | RMC\" \/>\n<meta property=\"og:description\" content=\"D\u00e9couvrez les Couteaux de lancer Expendables au meilleur prix - Lames en acier 440 - Fourreau - Longueur totale de chaque Kuna\u00ef : 30 cm\" \/>\n<meta property=\"og:url\" content=\"https:\/\/repliquemangacine.fr\/es\/espadas-katana-de-peliculas-y-series\/expendables-cuchillos-arrojadizos-kunai-gigante-jason-statham\/\" \/>\n<meta property=\"og:site_name\" content=\"R\u00e9plique Manga Cin\u00e9\" \/>\n<meta property=\"article:publisher\" content=\"https:\/\/www.facebook.com\/RepliqueMangaCine\" \/>\n<meta property=\"article:modified_time\" content=\"2025-12-28T14:36:06+00:00\" \/>\n<meta property=\"og:image\" content=\"https:\/\/repliquemangacine.fr\/wp-content\/uploads\/2023\/10\/1397-Kunai-Geant-The-Expendables.jpg\" \/>\n\t<meta property=\"og:image:width\" content=\"800\" \/>\n\t<meta property=\"og:image:height\" content=\"800\" \/>\n\t<meta property=\"og:image:type\" content=\"image\/jpeg\" \/>\n<meta name=\"twitter:card\" content=\"summary_large_image\" \/>\n<meta name=\"twitter:label1\" content=\"Tiempo de lectura\" \/>\n\t<meta name=\"twitter:data1\" content=\"2 minutos\" \/>\n<script type=\"application\/ld+json\" class=\"yoast-schema-graph\">{\"@context\":\"https:\\\/\\\/schema.org\",\"@graph\":[{\"@type\":\"WebPage\",\"@id\":\"https:\\\/\\\/repliquemangacine.fr\\\/katana-les-epees-de-films-et-series\\\/couteaux-de-lancer-expendables-kunai-geant-jason-statham\\\/\",\"url\":\"https:\\\/\\\/repliquemangacine.fr\\\/katana-les-epees-de-films-et-series\\\/couteaux-de-lancer-expendables-kunai-geant-jason-statham\\\/\",\"name\":\"Couteaux de lancer Expendables - Grand Kuna\u00ef de Statham | RMC\",\"isPartOf\":{\"@id\":\"https:\\\/\\\/repliquemangacine.fr\\\/#website\"},\"primaryImageOfPage\":{\"@id\":\"https:\\\/\\\/repliquemangacine.fr\\\/katana-les-epees-de-films-et-series\\\/couteaux-de-lancer-expendables-kunai-geant-jason-statham\\\/#primaryimage\"},\"image\":{\"@id\":\"https:\\\/\\\/repliquemangacine.fr\\\/katana-les-epees-de-films-et-series\\\/couteaux-de-lancer-expendables-kunai-geant-jason-statham\\\/#primaryimage\"},\"thumbnailUrl\":\"https:\\\/\\\/repliquemangacine.fr\\\/wp-content\\\/uploads\\\/2023\\\/10\\\/1397-Kunai-Geant-The-Expendables.jpg\",\"datePublished\":\"2017-01-12T16:15:46+00:00\",\"dateModified\":\"2025-12-28T14:36:06+00:00\",\"description\":\"D\u00e9couvrez les Couteaux de lancer Expendables au meilleur prix - Lames en acier 440 - Fourreau - Longueur totale de chaque Kuna\u00ef : 30 cm\",\"breadcrumb\":{\"@id\":\"https:\\\/\\\/repliquemangacine.fr\\\/katana-les-epees-de-films-et-series\\\/couteaux-de-lancer-expendables-kunai-geant-jason-statham\\\/#breadcrumb\"},\"inLanguage\":\"es\",\"potentialAction\":[{\"@type\":\"ReadAction\",\"target\":[\"https:\\\/\\\/repliquemangacine.fr\\\/katana-les-epees-de-films-et-series\\\/couteaux-de-lancer-expendables-kunai-geant-jason-statham\\\/\"]}]},{\"@type\":\"ImageObject\",\"inLanguage\":\"es\",\"@id\":\"https:\\\/\\\/repliquemangacine.fr\\\/katana-les-epees-de-films-et-series\\\/couteaux-de-lancer-expendables-kunai-geant-jason-statham\\\/#primaryimage\",\"url\":\"https:\\\/\\\/repliquemangacine.fr\\\/wp-content\\\/uploads\\\/2023\\\/10\\\/1397-Kunai-Geant-The-Expendables.jpg\",\"contentUrl\":\"https:\\\/\\\/repliquemangacine.fr\\\/wp-content\\\/uploads\\\/2023\\\/10\\\/1397-Kunai-Geant-The-Expendables.jpg\",\"width\":800,\"height\":800,\"caption\":\"Kuna\u00ef Geant The Expendables\"},{\"@type\":\"BreadcrumbList\",\"@id\":\"https:\\\/\\\/repliquemangacine.fr\\\/katana-les-epees-de-films-et-series\\\/couteaux-de-lancer-expendables-kunai-geant-jason-statham\\\/#breadcrumb\",\"itemListElement\":[{\"@type\":\"ListItem\",\"position\":1,\"name\":\"Accueil\",\"item\":\"https:\\\/\\\/repliquemangacine.fr\\\/\"},{\"@type\":\"ListItem\",\"position\":2,\"name\":\"Produits\",\"item\":\"https:\\\/\\\/repliquemangacine.fr\\\/boutique\\\/\"},{\"@type\":\"ListItem\",\"position\":3,\"name\":\"Couteaux de lancer Expendables\"}]},{\"@type\":\"WebSite\",\"@id\":\"https:\\\/\\\/repliquemangacine.fr\\\/#website\",\"url\":\"https:\\\/\\\/repliquemangacine.fr\\\/\",\"name\":\"R\u00e9plique Manga Cin\u00e9\",\"description\":\"\",\"publisher\":{\"@id\":\"https:\\\/\\\/repliquemangacine.fr\\\/#organization\"},\"potentialAction\":[{\"@type\":\"SearchAction\",\"target\":{\"@type\":\"EntryPoint\",\"urlTemplate\":\"https:\\\/\\\/repliquemangacine.fr\\\/?s={search_term_string}\"},\"query-input\":{\"@type\":\"PropertyValueSpecification\",\"valueRequired\":true,\"valueName\":\"search_term_string\"}}],\"inLanguage\":\"es\"},{\"@type\":\"Organization\",\"@id\":\"https:\\\/\\\/repliquemangacine.fr\\\/#organization\",\"name\":\"R\u00e9plique Manga Cin\u00e9\",\"url\":\"https:\\\/\\\/repliquemangacine.fr\\\/\",\"logo\":{\"@type\":\"ImageObject\",\"inLanguage\":\"es\",\"@id\":\"https:\\\/\\\/repliquemangacine.fr\\\/#\\\/schema\\\/logo\\\/image\\\/\",\"url\":\"https:\\\/\\\/repliquemangacine.fr\\\/wp-content\\\/uploads\\\/2023\\\/10\\\/RMC-500250.png\",\"contentUrl\":\"https:\\\/\\\/repliquemangacine.fr\\\/wp-content\\\/uploads\\\/2023\\\/10\\\/RMC-500250.png\",\"width\":500,\"height\":250,\"caption\":\"R\u00e9plique Manga Cin\u00e9\"},\"image\":{\"@id\":\"https:\\\/\\\/repliquemangacine.fr\\\/#\\\/schema\\\/logo\\\/image\\\/\"},\"sameAs\":[\"https:\\\/\\\/www.facebook.com\\\/RepliqueMangaCine\",\"https:\\\/\\\/www.instagram.com\\\/repliquemangacine.fr\\\/\"]}]}<\/script>\n<!-- \/ Yoast SEO plugin. -->","yoast_head_json":{"title":"Cuchillos arrojadizos Expendables - Grand Kuna\u00ef de Statham | RMC","description":"Descubra los cuchillos arrojadizos Expendables al mejor precio - Hojas de acero 440 - Funda - Longitud total de cada Kunai: 30 cm","robots":{"index":"index","follow":"follow","max-snippet":"max-snippet:-1","max-image-preview":"max-image-preview:large","max-video-preview":"max-video-preview:-1"},"canonical":"https:\/\/repliquemangacine.fr\/es\/espadas-katana-de-peliculas-y-series\/expendables-cuchillos-arrojadizos-kunai-gigante-jason-statham\/","og_locale":"es_ES","og_type":"article","og_title":"Couteaux de lancer Expendables - Grand Kuna\u00ef de Statham | RMC","og_description":"D\u00e9couvrez les Couteaux de lancer Expendables au meilleur prix - Lames en acier 440 - Fourreau - Longueur totale de chaque Kuna\u00ef : 30 cm","og_url":"https:\/\/repliquemangacine.fr\/es\/espadas-katana-de-peliculas-y-series\/expendables-cuchillos-arrojadizos-kunai-gigante-jason-statham\/","og_site_name":"R\u00e9plique Manga Cin\u00e9","article_publisher":"https:\/\/www.facebook.com\/RepliqueMangaCine","article_modified_time":"2025-12-28T14:36:06+00:00","og_image":[{"width":800,"height":800,"url":"https:\/\/repliquemangacine.fr\/wp-content\/uploads\/2023\/10\/1397-Kunai-Geant-The-Expendables.jpg","type":"image\/jpeg"}],"twitter_card":"summary_large_image","twitter_misc":{"Tiempo de lectura":"2 minutos"},"schema":{"@context":"https:\/\/schema.org","@graph":[{"@type":"WebPage","@id":"https:\/\/repliquemangacine.fr\/katana-les-epees-de-films-et-series\/couteaux-de-lancer-expendables-kunai-geant-jason-statham\/","url":"https:\/\/repliquemangacine.fr\/katana-les-epees-de-films-et-series\/couteaux-de-lancer-expendables-kunai-geant-jason-statham\/","name":"Cuchillos arrojadizos Expendables - Grand Kuna\u00ef de Statham | RMC","isPartOf":{"@id":"https:\/\/repliquemangacine.fr\/#website"},"primaryImageOfPage":{"@id":"https:\/\/repliquemangacine.fr\/katana-les-epees-de-films-et-series\/couteaux-de-lancer-expendables-kunai-geant-jason-statham\/#primaryimage"},"image":{"@id":"https:\/\/repliquemangacine.fr\/katana-les-epees-de-films-et-series\/couteaux-de-lancer-expendables-kunai-geant-jason-statham\/#primaryimage"},"thumbnailUrl":"https:\/\/repliquemangacine.fr\/wp-content\/uploads\/2023\/10\/1397-Kunai-Geant-The-Expendables.jpg","datePublished":"2017-01-12T16:15:46+00:00","dateModified":"2025-12-28T14:36:06+00:00","description":"Descubra los cuchillos arrojadizos Expendables al mejor precio - Hojas de acero 440 - Funda - Longitud total de cada Kunai: 30 cm","breadcrumb":{"@id":"https:\/\/repliquemangacine.fr\/katana-les-epees-de-films-et-series\/couteaux-de-lancer-expendables-kunai-geant-jason-statham\/#breadcrumb"},"inLanguage":"es","potentialAction":[{"@type":"ReadAction","target":["https:\/\/repliquemangacine.fr\/katana-les-epees-de-films-et-series\/couteaux-de-lancer-expendables-kunai-geant-jason-statham\/"]}]},{"@type":"ImageObject","inLanguage":"es","@id":"https:\/\/repliquemangacine.fr\/katana-les-epees-de-films-et-series\/couteaux-de-lancer-expendables-kunai-geant-jason-statham\/#primaryimage","url":"https:\/\/repliquemangacine.fr\/wp-content\/uploads\/2023\/10\/1397-Kunai-Geant-The-Expendables.jpg","contentUrl":"https:\/\/repliquemangacine.fr\/wp-content\/uploads\/2023\/10\/1397-Kunai-Geant-The-Expendables.jpg","width":800,"height":800,"caption":"Kuna\u00ef Geant The Expendables"},{"@type":"BreadcrumbList","@id":"https:\/\/repliquemangacine.fr\/katana-les-epees-de-films-et-series\/couteaux-de-lancer-expendables-kunai-geant-jason-statham\/#breadcrumb","itemListElement":[{"@type":"ListItem","position":1,"name":"Accueil","item":"https:\/\/repliquemangacine.fr\/"},{"@type":"ListItem","position":2,"name":"Produits","item":"https:\/\/repliquemangacine.fr\/boutique\/"},{"@type":"ListItem","position":3,"name":"Couteaux de lancer Expendables"}]},{"@type":"WebSite","@id":"https:\/\/repliquemangacine.fr\/#website","url":"https:\/\/repliquemangacine.fr\/","name":"R\u00e9plique Manga Cin\u00e9","description":"","publisher":{"@id":"https:\/\/repliquemangacine.fr\/#organization"},"potentialAction":[{"@type":"SearchAction","target":{"@type":"EntryPoint","urlTemplate":"https:\/\/repliquemangacine.fr\/?s={search_term_string}"},"query-input":{"@type":"PropertyValueSpecification","valueRequired":true,"valueName":"search_term_string"}}],"inLanguage":"es"},{"@type":"Organization","@id":"https:\/\/repliquemangacine.fr\/#organization","name":"R\u00e9plique Manga Cin\u00e9","url":"https:\/\/repliquemangacine.fr\/","logo":{"@type":"ImageObject","inLanguage":"es","@id":"https:\/\/repliquemangacine.fr\/#\/schema\/logo\/image\/","url":"https:\/\/repliquemangacine.fr\/wp-content\/uploads\/2023\/10\/RMC-500250.png","contentUrl":"https:\/\/repliquemangacine.fr\/wp-content\/uploads\/2023\/10\/RMC-500250.png","width":500,"height":250,"caption":"R\u00e9plique Manga Cin\u00e9"},"image":{"@id":"https:\/\/repliquemangacine.fr\/#\/schema\/logo\/image\/"},"sameAs":["https:\/\/www.facebook.com\/RepliqueMangaCine","https:\/\/www.instagram.com\/repliquemangacine.fr\/"]}]}},"_links":{"self":[{"href":"https:\/\/repliquemangacine.fr\/es\/wp-json\/wp\/v2\/product\/26764","targetHints":{"allow":["GET"]}}],"collection":[{"href":"https:\/\/repliquemangacine.fr\/es\/wp-json\/wp\/v2\/product"}],"about":[{"href":"https:\/\/repliquemangacine.fr\/es\/wp-json\/wp\/v2\/types\/product"}],"wp:featuredmedia":[{"embeddable":true,"href":"https:\/\/repliquemangacine.fr\/es\/wp-json\/wp\/v2\/media\/26765"}],"wp:attachment":[{"href":"https:\/\/repliquemangacine.fr\/es\/wp-json\/wp\/v2\/media?parent=26764"}],"wp:term":[{"taxonomy":"product_brand","embeddable":true,"href":"https:\/\/repliquemangacine.fr\/es\/wp-json\/wp\/v2\/product_brand?post=26764"},{"taxonomy":"product_cat","embeddable":true,"href":"https:\/\/repliquemangacine.fr\/es\/wp-json\/wp\/v2\/product_cat?post=26764"},{"taxonomy":"product_tag","embeddable":true,"href":"https:\/\/repliquemangacine.fr\/es\/wp-json\/wp\/v2\/product_tag?post=26764"}],"curies":[{"name":"wp","href":"https:\/\/api.w.org\/{rel}","templated":true}]}}