





{"id":26721,"date":"2017-01-04T14:54:16","date_gmt":"2017-01-04T13:54:16","guid":{"rendered":"https:\/\/repliquemangacine.fr\/?post_type=product&#038;p=26721"},"modified":"2026-03-09T14:34:11","modified_gmt":"2026-03-09T13:34:11","slug":"katana-soporte-de-madera-3p","status":"publish","type":"product","link":"https:\/\/repliquemangacine.fr\/es\/accessoires-katana\/support-katana-bois-3p-a-poser\/","title":{"rendered":"Soporte de madera para katana de 3 plazas"},"content":{"rendered":"<h2>Soporte de madera para katana 3p<\/h2>\n<p>Para empezar, el <strong>Soporte de madera para katana 3p<\/strong>, desempe\u00f1a un papel esencial en la presentaci\u00f3n de sus katanas. De hecho, sus soportes est\u00e1n dise\u00f1ados para embellecer su colecci\u00f3n y su hogar.<\/p>\n<p>Existen varias versiones de soportes para katanas, espadas o sables con diferentes presentaciones, por ejemplo:<\/p>\n<ul>\n<li>Soportes de pared: dise\u00f1ados para fijarse a la pared para una exposici\u00f3n colgante, dan a su exposici\u00f3n de armas un toque elegante y decorativo. Pueden ser de madera o de metal.<\/li>\n<li>Expositores autoportantes: dise\u00f1ados para exponerse sobre un mueble, una mesa o un escritorio. Suelen ser de madera y se montan sin clavos ni tornillos.<\/li>\n<li>Soportes verticales: generalmente de madera, dise\u00f1ados para exponer la katana verticalmente.<\/li>\n<\/ul>\n<h2>Tus r\u00e9plicas de katanas y espadas al mejor precio.<\/h2>\n<p>Le ofrecemos una amplia selecci\u00f3n de reproducciones de espadas y katanas a precios econ\u00f3micos.<\/p>\n<p>Lo primero y m\u00e1s importante,<\/p>\n<ul>\n<li>Le <a href=\"https:\/\/repliquemangacine.fr\/es\/katanas-el-ultimo-samurai\/katana-forja-al-ultimo-samurai\/\">katana del \u00daltimo Samurai<\/a> utilizado por Nathan Algren alias Tom<\/li>\n<li>As\u00ed como el <a href=\"https:\/\/repliquemangacine.fr\/es\/peliculas-series-tv-venta-de-espadas-katana-y-productos-relacionados\/katana-forge-de-michonne\/\">La katana de Michonne<\/a> en The Walking Dead, versi\u00f3n recortada<\/li>\n<li>Tambi\u00e9n existe la<a href=\"https:\/\/repliquemangacine.fr\/es\/reproducciones-de-armas-y-accesorios-medievales\/excalibur-rey-arturo-espada-legendaria\/\">espada legendaria Excalibur<\/a> del Rey Arturo.<\/li>\n<li>Y mucho m\u00e1s por descubrir en nuestra tienda en l\u00ednea.<\/li>\n<\/ul>\n<p>Por eso, aqu\u00ed tienes unas ideas fant\u00e1sticas para regalar a todos los amantes de las historias.<\/p>\n<p>En conclusi\u00f3n, puede utilizar su <strong>Soporte de madera para katana 3P<\/strong> para exponer todas tus armas de colecci\u00f3n.<\/p>\n<p>R\u00e9plique Manga Cin\u00e9 es una empresa familiar francesa, distribuidora oficial de la marca. <a href=\"https:\/\/www.denix.fr\/\" target=\"_blank\" rel=\"noopener noreferrer\">Denix<\/a>.<\/p>","protected":false},"excerpt":{"rendered":"<p>Este expositor de 3 plazas le permitir\u00e1 exhibir sus katanas en un mueble.<\/p>\n<ul>\n<li>Todo en madera.<\/li>\n<li>Montaje a presi\u00f3n.<\/li>\n<li>Puedes utilizar katanas, un wakizashi o incluso un tanto.<\/li>\n<li>Anchura: 35,7 cm - Altura: 29,5 cm - Peso: 325 g<\/li>\n<\/ul>","protected":false},"featured_media":26722,"template":"","meta":[],"product_brand":[896],"product_cat":[50,26],"product_tag":[],"class_list":{"0":"post-26721","1":"product","2":"type-product","3":"status-publish","4":"has-post-thumbnail","6":"product_brand-replique-manga-cine","7":"product_cat-accessoires-katana","8":"product_cat-katana-epee","10":"first","11":"instock","12":"taxable","13":"shipping-taxable","14":"purchasable","15":"product-type-simple"},"yoast_head":"<!-- This site is optimized with the Yoast SEO plugin v27.4 - https:\/\/yoast.com\/product\/yoast-seo-wordpress\/ -->\n<title>Support katana bois 3P- Vente accessoires katana | RMC<\/title>\n<meta name=\"description\" content=\"Mettez en valeurs vos katanas ! Support katana bois 3P au meilleur prix - Tout en bois - Montage par embo\u00eetement - Largeur : 35.7 cm - Hauteur : 29.5 cm\" \/>\n<meta name=\"robots\" content=\"index, follow, max-snippet:-1, max-image-preview:large, max-video-preview:-1\" \/>\n<link rel=\"canonical\" href=\"https:\/\/repliquemangacine.fr\/es\/accesorios-para-katanas\/katana-soporte-de-madera-3p\/\" \/>\n<meta property=\"og:locale\" content=\"es_ES\" \/>\n<meta property=\"og:type\" content=\"article\" \/>\n<meta property=\"og:title\" content=\"Support katana bois 3P- Vente accessoires katana | RMC\" \/>\n<meta property=\"og:description\" content=\"Mettez en valeurs vos katanas ! Support katana bois 3P au meilleur prix - Tout en bois - Montage par embo\u00eetement - Largeur : 35.7 cm - Hauteur : 29.5 cm\" \/>\n<meta property=\"og:url\" content=\"https:\/\/repliquemangacine.fr\/es\/accesorios-para-katanas\/katana-soporte-de-madera-3p\/\" \/>\n<meta property=\"og:site_name\" content=\"R\u00e9plique Manga Cin\u00e9\" \/>\n<meta property=\"article:publisher\" content=\"https:\/\/www.facebook.com\/RepliqueMangaCine\" \/>\n<meta property=\"article:modified_time\" content=\"2026-03-09T13:34:11+00:00\" \/>\n<meta property=\"og:image\" content=\"https:\/\/repliquemangacine.fr\/wp-content\/uploads\/2023\/10\/1354-Support-katana-3-places-a-poser.jpg\" \/>\n\t<meta property=\"og:image:width\" content=\"800\" \/>\n\t<meta property=\"og:image:height\" content=\"800\" \/>\n\t<meta property=\"og:image:type\" content=\"image\/jpeg\" \/>\n<meta name=\"twitter:card\" content=\"summary_large_image\" \/>\n<meta name=\"twitter:label1\" content=\"Tiempo de lectura\" \/>\n\t<meta name=\"twitter:data1\" content=\"1 minuto\" \/>\n<script type=\"application\/ld+json\" class=\"yoast-schema-graph\">{\"@context\":\"https:\\\/\\\/schema.org\",\"@graph\":[{\"@type\":\"WebPage\",\"@id\":\"https:\\\/\\\/repliquemangacine.fr\\\/accessoires-katana\\\/support-katana-bois-3p-a-poser\\\/\",\"url\":\"https:\\\/\\\/repliquemangacine.fr\\\/accessoires-katana\\\/support-katana-bois-3p-a-poser\\\/\",\"name\":\"Support katana bois 3P- Vente accessoires katana | RMC\",\"isPartOf\":{\"@id\":\"https:\\\/\\\/repliquemangacine.fr\\\/#website\"},\"primaryImageOfPage\":{\"@id\":\"https:\\\/\\\/repliquemangacine.fr\\\/accessoires-katana\\\/support-katana-bois-3p-a-poser\\\/#primaryimage\"},\"image\":{\"@id\":\"https:\\\/\\\/repliquemangacine.fr\\\/accessoires-katana\\\/support-katana-bois-3p-a-poser\\\/#primaryimage\"},\"thumbnailUrl\":\"https:\\\/\\\/repliquemangacine.fr\\\/wp-content\\\/uploads\\\/2023\\\/10\\\/1354-Support-katana-3-places-a-poser.jpg\",\"datePublished\":\"2017-01-04T13:54:16+00:00\",\"dateModified\":\"2026-03-09T13:34:11+00:00\",\"description\":\"Mettez en valeurs vos katanas ! Support katana bois 3P au meilleur prix - Tout en bois - Montage par embo\u00eetement - Largeur : 35.7 cm - Hauteur : 29.5 cm\",\"breadcrumb\":{\"@id\":\"https:\\\/\\\/repliquemangacine.fr\\\/accessoires-katana\\\/support-katana-bois-3p-a-poser\\\/#breadcrumb\"},\"inLanguage\":\"es\",\"potentialAction\":[{\"@type\":\"ReadAction\",\"target\":[\"https:\\\/\\\/repliquemangacine.fr\\\/accessoires-katana\\\/support-katana-bois-3p-a-poser\\\/\"]}]},{\"@type\":\"ImageObject\",\"inLanguage\":\"es\",\"@id\":\"https:\\\/\\\/repliquemangacine.fr\\\/accessoires-katana\\\/support-katana-bois-3p-a-poser\\\/#primaryimage\",\"url\":\"https:\\\/\\\/repliquemangacine.fr\\\/wp-content\\\/uploads\\\/2023\\\/10\\\/1354-Support-katana-3-places-a-poser.jpg\",\"contentUrl\":\"https:\\\/\\\/repliquemangacine.fr\\\/wp-content\\\/uploads\\\/2023\\\/10\\\/1354-Support-katana-3-places-a-poser.jpg\",\"width\":800,\"height\":800,\"caption\":\"Support katana 3 places \u00e0 poser\"},{\"@type\":\"BreadcrumbList\",\"@id\":\"https:\\\/\\\/repliquemangacine.fr\\\/accessoires-katana\\\/support-katana-bois-3p-a-poser\\\/#breadcrumb\",\"itemListElement\":[{\"@type\":\"ListItem\",\"position\":1,\"name\":\"Accueil\",\"item\":\"https:\\\/\\\/repliquemangacine.fr\\\/\"},{\"@type\":\"ListItem\",\"position\":2,\"name\":\"Produits\",\"item\":\"https:\\\/\\\/repliquemangacine.fr\\\/boutique\\\/\"},{\"@type\":\"ListItem\",\"position\":3,\"name\":\"Support katana bois 3places\"}]},{\"@type\":\"WebSite\",\"@id\":\"https:\\\/\\\/repliquemangacine.fr\\\/#website\",\"url\":\"https:\\\/\\\/repliquemangacine.fr\\\/\",\"name\":\"R\u00e9plique Manga Cin\u00e9\",\"description\":\"\",\"publisher\":{\"@id\":\"https:\\\/\\\/repliquemangacine.fr\\\/#organization\"},\"potentialAction\":[{\"@type\":\"SearchAction\",\"target\":{\"@type\":\"EntryPoint\",\"urlTemplate\":\"https:\\\/\\\/repliquemangacine.fr\\\/?s={search_term_string}\"},\"query-input\":{\"@type\":\"PropertyValueSpecification\",\"valueRequired\":true,\"valueName\":\"search_term_string\"}}],\"inLanguage\":\"es\"},{\"@type\":\"Organization\",\"@id\":\"https:\\\/\\\/repliquemangacine.fr\\\/#organization\",\"name\":\"R\u00e9plique Manga Cin\u00e9\",\"url\":\"https:\\\/\\\/repliquemangacine.fr\\\/\",\"logo\":{\"@type\":\"ImageObject\",\"inLanguage\":\"es\",\"@id\":\"https:\\\/\\\/repliquemangacine.fr\\\/#\\\/schema\\\/logo\\\/image\\\/\",\"url\":\"https:\\\/\\\/repliquemangacine.fr\\\/wp-content\\\/uploads\\\/2023\\\/10\\\/RMC-500250.png\",\"contentUrl\":\"https:\\\/\\\/repliquemangacine.fr\\\/wp-content\\\/uploads\\\/2023\\\/10\\\/RMC-500250.png\",\"width\":500,\"height\":250,\"caption\":\"R\u00e9plique Manga Cin\u00e9\"},\"image\":{\"@id\":\"https:\\\/\\\/repliquemangacine.fr\\\/#\\\/schema\\\/logo\\\/image\\\/\"},\"sameAs\":[\"https:\\\/\\\/www.facebook.com\\\/RepliqueMangaCine\",\"https:\\\/\\\/www.instagram.com\\\/repliquemangacine.fr\\\/\"]}]}<\/script>\n<!-- \/ Yoast SEO plugin. -->","yoast_head_json":{"title":"Soporte katana madera 3P- Comprar accesorios katana | RMC","description":"\u00a1Presume de katanas! Soporte de madera para katanas 3P al mejor precio - Todo de madera - Montaje encajable - Anchura: 35,7 cm - Altura: 29,5 cm.","robots":{"index":"index","follow":"follow","max-snippet":"max-snippet:-1","max-image-preview":"max-image-preview:large","max-video-preview":"max-video-preview:-1"},"canonical":"https:\/\/repliquemangacine.fr\/es\/accesorios-para-katanas\/katana-soporte-de-madera-3p\/","og_locale":"es_ES","og_type":"article","og_title":"Support katana bois 3P- Vente accessoires katana | RMC","og_description":"Mettez en valeurs vos katanas ! Support katana bois 3P au meilleur prix - Tout en bois - Montage par embo\u00eetement - Largeur : 35.7 cm - Hauteur : 29.5 cm","og_url":"https:\/\/repliquemangacine.fr\/es\/accesorios-para-katanas\/katana-soporte-de-madera-3p\/","og_site_name":"R\u00e9plique Manga Cin\u00e9","article_publisher":"https:\/\/www.facebook.com\/RepliqueMangaCine","article_modified_time":"2026-03-09T13:34:11+00:00","og_image":[{"width":800,"height":800,"url":"https:\/\/repliquemangacine.fr\/wp-content\/uploads\/2023\/10\/1354-Support-katana-3-places-a-poser.jpg","type":"image\/jpeg"}],"twitter_card":"summary_large_image","twitter_misc":{"Tiempo de lectura":"1 minuto"},"schema":{"@context":"https:\/\/schema.org","@graph":[{"@type":"WebPage","@id":"https:\/\/repliquemangacine.fr\/accessoires-katana\/support-katana-bois-3p-a-poser\/","url":"https:\/\/repliquemangacine.fr\/accessoires-katana\/support-katana-bois-3p-a-poser\/","name":"Soporte katana madera 3P- Comprar accesorios katana | RMC","isPartOf":{"@id":"https:\/\/repliquemangacine.fr\/#website"},"primaryImageOfPage":{"@id":"https:\/\/repliquemangacine.fr\/accessoires-katana\/support-katana-bois-3p-a-poser\/#primaryimage"},"image":{"@id":"https:\/\/repliquemangacine.fr\/accessoires-katana\/support-katana-bois-3p-a-poser\/#primaryimage"},"thumbnailUrl":"https:\/\/repliquemangacine.fr\/wp-content\/uploads\/2023\/10\/1354-Support-katana-3-places-a-poser.jpg","datePublished":"2017-01-04T13:54:16+00:00","dateModified":"2026-03-09T13:34:11+00:00","description":"\u00a1Presume de katanas! Soporte de madera para katanas 3P al mejor precio - Todo de madera - Montaje encajable - Anchura: 35,7 cm - Altura: 29,5 cm.","breadcrumb":{"@id":"https:\/\/repliquemangacine.fr\/accessoires-katana\/support-katana-bois-3p-a-poser\/#breadcrumb"},"inLanguage":"es","potentialAction":[{"@type":"ReadAction","target":["https:\/\/repliquemangacine.fr\/accessoires-katana\/support-katana-bois-3p-a-poser\/"]}]},{"@type":"ImageObject","inLanguage":"es","@id":"https:\/\/repliquemangacine.fr\/accessoires-katana\/support-katana-bois-3p-a-poser\/#primaryimage","url":"https:\/\/repliquemangacine.fr\/wp-content\/uploads\/2023\/10\/1354-Support-katana-3-places-a-poser.jpg","contentUrl":"https:\/\/repliquemangacine.fr\/wp-content\/uploads\/2023\/10\/1354-Support-katana-3-places-a-poser.jpg","width":800,"height":800,"caption":"Support katana 3 places \u00e0 poser"},{"@type":"BreadcrumbList","@id":"https:\/\/repliquemangacine.fr\/accessoires-katana\/support-katana-bois-3p-a-poser\/#breadcrumb","itemListElement":[{"@type":"ListItem","position":1,"name":"Accueil","item":"https:\/\/repliquemangacine.fr\/"},{"@type":"ListItem","position":2,"name":"Produits","item":"https:\/\/repliquemangacine.fr\/boutique\/"},{"@type":"ListItem","position":3,"name":"Support katana bois 3places"}]},{"@type":"WebSite","@id":"https:\/\/repliquemangacine.fr\/#website","url":"https:\/\/repliquemangacine.fr\/","name":"R\u00e9plique Manga Cin\u00e9","description":"","publisher":{"@id":"https:\/\/repliquemangacine.fr\/#organization"},"potentialAction":[{"@type":"SearchAction","target":{"@type":"EntryPoint","urlTemplate":"https:\/\/repliquemangacine.fr\/?s={search_term_string}"},"query-input":{"@type":"PropertyValueSpecification","valueRequired":true,"valueName":"search_term_string"}}],"inLanguage":"es"},{"@type":"Organization","@id":"https:\/\/repliquemangacine.fr\/#organization","name":"R\u00e9plique Manga Cin\u00e9","url":"https:\/\/repliquemangacine.fr\/","logo":{"@type":"ImageObject","inLanguage":"es","@id":"https:\/\/repliquemangacine.fr\/#\/schema\/logo\/image\/","url":"https:\/\/repliquemangacine.fr\/wp-content\/uploads\/2023\/10\/RMC-500250.png","contentUrl":"https:\/\/repliquemangacine.fr\/wp-content\/uploads\/2023\/10\/RMC-500250.png","width":500,"height":250,"caption":"R\u00e9plique Manga Cin\u00e9"},"image":{"@id":"https:\/\/repliquemangacine.fr\/#\/schema\/logo\/image\/"},"sameAs":["https:\/\/www.facebook.com\/RepliqueMangaCine","https:\/\/www.instagram.com\/repliquemangacine.fr\/"]}]}},"_links":{"self":[{"href":"https:\/\/repliquemangacine.fr\/es\/wp-json\/wp\/v2\/product\/26721","targetHints":{"allow":["GET"]}}],"collection":[{"href":"https:\/\/repliquemangacine.fr\/es\/wp-json\/wp\/v2\/product"}],"about":[{"href":"https:\/\/repliquemangacine.fr\/es\/wp-json\/wp\/v2\/types\/product"}],"wp:featuredmedia":[{"embeddable":true,"href":"https:\/\/repliquemangacine.fr\/es\/wp-json\/wp\/v2\/media\/26722"}],"wp:attachment":[{"href":"https:\/\/repliquemangacine.fr\/es\/wp-json\/wp\/v2\/media?parent=26721"}],"wp:term":[{"taxonomy":"product_brand","embeddable":true,"href":"https:\/\/repliquemangacine.fr\/es\/wp-json\/wp\/v2\/product_brand?post=26721"},{"taxonomy":"product_cat","embeddable":true,"href":"https:\/\/repliquemangacine.fr\/es\/wp-json\/wp\/v2\/product_cat?post=26721"},{"taxonomy":"product_tag","embeddable":true,"href":"https:\/\/repliquemangacine.fr\/es\/wp-json\/wp\/v2\/product_tag?post=26721"}],"curies":[{"name":"wp","href":"https:\/\/api.w.org\/{rel}","templated":true}]}}