





{"id":26680,"date":"2017-01-02T14:02:19","date_gmt":"2017-01-02T13:02:19","guid":{"rendered":"https:\/\/repliquemangacine.fr\/?post_type=product&#038;p=26680"},"modified":"2026-03-27T19:30:18","modified_gmt":"2026-03-27T18:30:18","slug":"granada-alemana-modelo-24","status":"publish","type":"product","link":"https:\/\/repliquemangacine.fr\/es\/dagues-et-accessoires-seconde-guerre-mondiale-materiels-militaria\/grenade-allemande-modele-24\/","title":{"rendered":"Granada alemana M24"},"content":{"rendered":"<h2>R\u00e9plica de la granada alemana M24 Denix<\/h2>\n<p>Para empezar, la granada alemana M24 o, en alem\u00e1n, Stielhandgranate 24, es una granada de mano de dise\u00f1o alem\u00e1n de la Segunda Guerra Mundial basada en modelos dise\u00f1ados durante la Primera. Apodada \u00abpasapur\u00e9s\u00bb por su parecido con el utensilio de cocina. El t\u00e9rmino \u00abgranada de mango\u00bb caracteriza a los diversos modelos fabricados entre 1915 y 1945.<\/p>\n<p>Consta de un mango de madera hueco, en cuyo extremo se fija una carga explosiva. El mecanismo de detonaci\u00f3n se acciona mediante una cuerda situada en el mango, cerrado por un tap\u00f3n de seguridad atornillado.<\/p>\n<p>Aunque contiene la misma carga explosiva que el modelo de 1915, la nueva granada con mango dise\u00f1ada durante la Rep\u00fablica de Weimar tiene unas dimensiones ligeramente m\u00e1s reducidas.<\/p>\n<h2>\u00a1Su granada alemana M24 al mejor precio!<\/h2>\n<p>Le ofrecemos una amplia selecci\u00f3n de reproducciones de armas hist\u00f3ricas.<\/p>\n<p>Lo primero y m\u00e1s importante,<\/p>\n<ul>\n<li>La reproducci\u00f3n de <a href=\"https:\/\/repliquemangacine.fr\/es\/dagas-y-accesorios-segunda-guerra-mundial\/ss-schutzstaffel-daga-de-honor-historica-daga-alemana\/\">SS daga de honor<\/a> Schutzstaffel.<\/li>\n<li>Tambi\u00e9n est\u00e1 el magn\u00edfico <a href=\"https:\/\/repliquemangacine.fr\/es\/accesorios-western-funda\/funda-de-hombro-m7\/\">Funda de hombro M7<\/a> para Colt M1911A1<\/li>\n<li>As\u00ed como el <a href=\"https:\/\/repliquemangacine.fr\/es\/dagas-y-accesorios-segunda-guerra-mundial\/cuchillo-hitler-juventud-hitlerjugend\/\">Cuchillo de las Juventudes Hitlerianas<\/a> (Hitlerjugend) adoptada en 1933 hasta 1942.<\/li>\n<li>Y muchos m\u00e1s por descubrir en nuestra tienda en l\u00ednea.<\/li>\n<\/ul>\n<p>Por eso, esta es una magn\u00edfica idea de regalo para todos los amantes de las armas hist\u00f3ricas.<\/p>\n<p>Puede utilizar este pasapur\u00e9s Grenade M24 para sus recreaciones hist\u00f3ricas. Pero, ante todo, esta arma es una pieza de colecci\u00f3n y decoraci\u00f3n.<\/p>\n<p>R\u00e9plique Manga Cin\u00e9 es una empresa francesa y distribuidor oficial de la marca <a href=\"https:\/\/www.denix.fr\/fr\/catalogue\/guerres-mondiales-1914-1945\/grenades-a-main\/737\/\" target=\"_blank\" rel=\"noopener noreferrer\">Denix<\/a>.<\/p>\n<h2>\u00bfC\u00f3mo se fabrican las r\u00e9plicas de Denix?<\/h2>\n<p>Utilizadas en recreaciones hist\u00f3ricas, pel\u00edculas, series y por coleccionistas. Las reproducciones Denix est\u00e1n fabricadas con materiales de alta calidad. Cuidadosamente elaboradas y ensambladas para crear armas de colecci\u00f3n realistas.<\/p>\n<ul>\n<li>Los metales se encuentran en una aleaci\u00f3n met\u00e1lica conocida como Zamac, cuya composici\u00f3n b\u00e1sica es zinc en 95%.<\/li>\n<li>Las piezas de pl\u00e1stico de las r\u00e9plicas son de ABS moldeado, que ofrece una gran resistencia.<\/li>\n<li>La madera elegida por su belleza y durabilidad, como la caoba, el olivo o el nogal, dar\u00e1 a sus culatas y barricas un aspecto elegante y aut\u00e9ntico.<\/li>\n<\/ul>\n<p>Cabe se\u00f1alar que todas las reproducciones Denix son id\u00e9nticas a los originales, ya que su <strong>Granada alemana M24<\/strong>.<\/p>","protected":false},"excerpt":{"rendered":"<p>Reproducci\u00f3n de la granada alemana modelo 24 apodada machacapatatas de la Segunda Guerra Mundial\u1d49.<\/p>\n<ul>\n<li>Cabezal met\u00e1lico con inscripci\u00f3n en alem\u00e1n \"Vor Gebrauch Sprengkapsel Einsetzen\".<\/li>\n<li>Mango de madera.<\/li>\n<li>Dimensiones: 35 cm - Peso: 543 gramos<\/li>\n<\/ul>","protected":false},"featured_media":26681,"template":"","meta":[],"product_brand":[896],"product_cat":[25,54,85],"product_tag":[],"class_list":{"0":"post-26680","1":"product","2":"type-product","3":"status-publish","4":"has-post-thumbnail","6":"product_brand-replique-manga-cine","7":"product_cat-armes-historiques","8":"product_cat-armes-accessoires-guerre-mondiale","9":"product_cat-dagues-et-accessoires-seconde-guerre-mondiale-materiels-militaria","11":"first","12":"instock","13":"taxable","14":"shipping-taxable","15":"purchasable","16":"product-type-simple"},"yoast_head":"<!-- This site is optimized with the Yoast SEO plugin v27.4 - https:\/\/yoast.com\/product\/yoast-seo-wordpress\/ -->\n<title>Grenade Allemande M24 - Accessoires Militaria Denix - RMC<\/title>\n<meta name=\"description\" content=\"Reproduction de la Grenade Allemande M24 surnomm\u00e9e presse-pur\u00e9e de la 2\u00e8me Guerre Mondiale. Fabrication Denix de haute qualit\u00e9.\" \/>\n<meta name=\"robots\" content=\"index, follow, max-snippet:-1, max-image-preview:large, max-video-preview:-1\" \/>\n<link rel=\"canonical\" href=\"https:\/\/repliquemangacine.fr\/es\/dagas-y-accesorios-material-militar-segunda-guerra-mundial\/granada-alemana-modelo-24\/\" \/>\n<meta property=\"og:locale\" content=\"es_ES\" \/>\n<meta property=\"og:type\" content=\"article\" \/>\n<meta property=\"og:title\" content=\"Grenade Allemande M24 - Accessoires Militaria Denix - RMC\" \/>\n<meta property=\"og:description\" content=\"Reproduction de la Grenade Allemande M24 surnomm\u00e9e presse-pur\u00e9e de la 2\u00e8me Guerre Mondiale. Fabrication Denix de haute qualit\u00e9.\" \/>\n<meta property=\"og:url\" content=\"https:\/\/repliquemangacine.fr\/es\/dagas-y-accesorios-material-militar-segunda-guerra-mundial\/granada-alemana-modelo-24\/\" \/>\n<meta property=\"og:site_name\" content=\"R\u00e9plique Manga Cin\u00e9\" \/>\n<meta property=\"article:publisher\" content=\"https:\/\/www.facebook.com\/RepliqueMangaCine\" \/>\n<meta property=\"article:modified_time\" content=\"2026-03-27T18:30:18+00:00\" \/>\n<meta property=\"og:image\" content=\"https:\/\/repliquemangacine.fr\/wp-content\/uploads\/2023\/10\/1316-Grenade-Allemande-modele-24.jpg\" \/>\n\t<meta property=\"og:image:width\" content=\"800\" \/>\n\t<meta property=\"og:image:height\" content=\"800\" \/>\n\t<meta property=\"og:image:type\" content=\"image\/jpeg\" \/>\n<meta name=\"twitter:card\" content=\"summary_large_image\" \/>\n<meta name=\"twitter:label1\" content=\"Tiempo de lectura\" \/>\n\t<meta name=\"twitter:data1\" content=\"2 minutos\" \/>\n<script type=\"application\/ld+json\" class=\"yoast-schema-graph\">{\"@context\":\"https:\\\/\\\/schema.org\",\"@graph\":[{\"@type\":\"WebPage\",\"@id\":\"https:\\\/\\\/repliquemangacine.fr\\\/dagues-et-accessoires-seconde-guerre-mondiale-materiels-militaria\\\/grenade-allemande-modele-24\\\/\",\"url\":\"https:\\\/\\\/repliquemangacine.fr\\\/dagues-et-accessoires-seconde-guerre-mondiale-materiels-militaria\\\/grenade-allemande-modele-24\\\/\",\"name\":\"Grenade Allemande M24 - Accessoires Militaria Denix - RMC\",\"isPartOf\":{\"@id\":\"https:\\\/\\\/repliquemangacine.fr\\\/#website\"},\"primaryImageOfPage\":{\"@id\":\"https:\\\/\\\/repliquemangacine.fr\\\/dagues-et-accessoires-seconde-guerre-mondiale-materiels-militaria\\\/grenade-allemande-modele-24\\\/#primaryimage\"},\"image\":{\"@id\":\"https:\\\/\\\/repliquemangacine.fr\\\/dagues-et-accessoires-seconde-guerre-mondiale-materiels-militaria\\\/grenade-allemande-modele-24\\\/#primaryimage\"},\"thumbnailUrl\":\"https:\\\/\\\/repliquemangacine.fr\\\/wp-content\\\/uploads\\\/2023\\\/10\\\/1316-Grenade-Allemande-modele-24.jpg\",\"datePublished\":\"2017-01-02T13:02:19+00:00\",\"dateModified\":\"2026-03-27T18:30:18+00:00\",\"description\":\"Reproduction de la Grenade Allemande M24 surnomm\u00e9e presse-pur\u00e9e de la 2\u00e8me Guerre Mondiale. Fabrication Denix de haute qualit\u00e9.\",\"breadcrumb\":{\"@id\":\"https:\\\/\\\/repliquemangacine.fr\\\/dagues-et-accessoires-seconde-guerre-mondiale-materiels-militaria\\\/grenade-allemande-modele-24\\\/#breadcrumb\"},\"inLanguage\":\"es\",\"potentialAction\":[{\"@type\":\"ReadAction\",\"target\":[\"https:\\\/\\\/repliquemangacine.fr\\\/dagues-et-accessoires-seconde-guerre-mondiale-materiels-militaria\\\/grenade-allemande-modele-24\\\/\"]}]},{\"@type\":\"ImageObject\",\"inLanguage\":\"es\",\"@id\":\"https:\\\/\\\/repliquemangacine.fr\\\/dagues-et-accessoires-seconde-guerre-mondiale-materiels-militaria\\\/grenade-allemande-modele-24\\\/#primaryimage\",\"url\":\"https:\\\/\\\/repliquemangacine.fr\\\/wp-content\\\/uploads\\\/2023\\\/10\\\/1316-Grenade-Allemande-modele-24.jpg\",\"contentUrl\":\"https:\\\/\\\/repliquemangacine.fr\\\/wp-content\\\/uploads\\\/2023\\\/10\\\/1316-Grenade-Allemande-modele-24.jpg\",\"width\":800,\"height\":800,\"caption\":\"Grenade Allemande mod\u00e8le 24\"},{\"@type\":\"BreadcrumbList\",\"@id\":\"https:\\\/\\\/repliquemangacine.fr\\\/dagues-et-accessoires-seconde-guerre-mondiale-materiels-militaria\\\/grenade-allemande-modele-24\\\/#breadcrumb\",\"itemListElement\":[{\"@type\":\"ListItem\",\"position\":1,\"name\":\"Accueil\",\"item\":\"https:\\\/\\\/repliquemangacine.fr\\\/\"},{\"@type\":\"ListItem\",\"position\":2,\"name\":\"Produits\",\"item\":\"https:\\\/\\\/repliquemangacine.fr\\\/boutique\\\/\"},{\"@type\":\"ListItem\",\"position\":3,\"name\":\"Grenade Allemande M24\"}]},{\"@type\":\"WebSite\",\"@id\":\"https:\\\/\\\/repliquemangacine.fr\\\/#website\",\"url\":\"https:\\\/\\\/repliquemangacine.fr\\\/\",\"name\":\"R\u00e9plique Manga Cin\u00e9\",\"description\":\"\",\"publisher\":{\"@id\":\"https:\\\/\\\/repliquemangacine.fr\\\/#organization\"},\"potentialAction\":[{\"@type\":\"SearchAction\",\"target\":{\"@type\":\"EntryPoint\",\"urlTemplate\":\"https:\\\/\\\/repliquemangacine.fr\\\/?s={search_term_string}\"},\"query-input\":{\"@type\":\"PropertyValueSpecification\",\"valueRequired\":true,\"valueName\":\"search_term_string\"}}],\"inLanguage\":\"es\"},{\"@type\":\"Organization\",\"@id\":\"https:\\\/\\\/repliquemangacine.fr\\\/#organization\",\"name\":\"R\u00e9plique Manga Cin\u00e9\",\"url\":\"https:\\\/\\\/repliquemangacine.fr\\\/\",\"logo\":{\"@type\":\"ImageObject\",\"inLanguage\":\"es\",\"@id\":\"https:\\\/\\\/repliquemangacine.fr\\\/#\\\/schema\\\/logo\\\/image\\\/\",\"url\":\"https:\\\/\\\/repliquemangacine.fr\\\/wp-content\\\/uploads\\\/2023\\\/10\\\/RMC-500250.png\",\"contentUrl\":\"https:\\\/\\\/repliquemangacine.fr\\\/wp-content\\\/uploads\\\/2023\\\/10\\\/RMC-500250.png\",\"width\":500,\"height\":250,\"caption\":\"R\u00e9plique Manga Cin\u00e9\"},\"image\":{\"@id\":\"https:\\\/\\\/repliquemangacine.fr\\\/#\\\/schema\\\/logo\\\/image\\\/\"},\"sameAs\":[\"https:\\\/\\\/www.facebook.com\\\/RepliqueMangaCine\",\"https:\\\/\\\/www.instagram.com\\\/repliquemangacine.fr\\\/\"]}]}<\/script>\n<!-- \/ Yoast SEO plugin. -->","yoast_head_json":{"title":"Granada Alemana M24 - Denix Militaria Accesorios - RMC","description":"Reproducci\u00f3n de la granada alemana M24 de la 2\u00aa Guerra Mundial. Fabricaci\u00f3n Denix de alta calidad.","robots":{"index":"index","follow":"follow","max-snippet":"max-snippet:-1","max-image-preview":"max-image-preview:large","max-video-preview":"max-video-preview:-1"},"canonical":"https:\/\/repliquemangacine.fr\/es\/dagas-y-accesorios-material-militar-segunda-guerra-mundial\/granada-alemana-modelo-24\/","og_locale":"es_ES","og_type":"article","og_title":"Grenade Allemande M24 - Accessoires Militaria Denix - RMC","og_description":"Reproduction de la Grenade Allemande M24 surnomm\u00e9e presse-pur\u00e9e de la 2\u00e8me Guerre Mondiale. Fabrication Denix de haute qualit\u00e9.","og_url":"https:\/\/repliquemangacine.fr\/es\/dagas-y-accesorios-material-militar-segunda-guerra-mundial\/granada-alemana-modelo-24\/","og_site_name":"R\u00e9plique Manga Cin\u00e9","article_publisher":"https:\/\/www.facebook.com\/RepliqueMangaCine","article_modified_time":"2026-03-27T18:30:18+00:00","og_image":[{"width":800,"height":800,"url":"https:\/\/repliquemangacine.fr\/wp-content\/uploads\/2023\/10\/1316-Grenade-Allemande-modele-24.jpg","type":"image\/jpeg"}],"twitter_card":"summary_large_image","twitter_misc":{"Tiempo de lectura":"2 minutos"},"schema":{"@context":"https:\/\/schema.org","@graph":[{"@type":"WebPage","@id":"https:\/\/repliquemangacine.fr\/dagues-et-accessoires-seconde-guerre-mondiale-materiels-militaria\/grenade-allemande-modele-24\/","url":"https:\/\/repliquemangacine.fr\/dagues-et-accessoires-seconde-guerre-mondiale-materiels-militaria\/grenade-allemande-modele-24\/","name":"Granada Alemana M24 - Denix Militaria Accesorios - RMC","isPartOf":{"@id":"https:\/\/repliquemangacine.fr\/#website"},"primaryImageOfPage":{"@id":"https:\/\/repliquemangacine.fr\/dagues-et-accessoires-seconde-guerre-mondiale-materiels-militaria\/grenade-allemande-modele-24\/#primaryimage"},"image":{"@id":"https:\/\/repliquemangacine.fr\/dagues-et-accessoires-seconde-guerre-mondiale-materiels-militaria\/grenade-allemande-modele-24\/#primaryimage"},"thumbnailUrl":"https:\/\/repliquemangacine.fr\/wp-content\/uploads\/2023\/10\/1316-Grenade-Allemande-modele-24.jpg","datePublished":"2017-01-02T13:02:19+00:00","dateModified":"2026-03-27T18:30:18+00:00","description":"Reproducci\u00f3n de la granada alemana M24 de la 2\u00aa Guerra Mundial. Fabricaci\u00f3n Denix de alta calidad.","breadcrumb":{"@id":"https:\/\/repliquemangacine.fr\/dagues-et-accessoires-seconde-guerre-mondiale-materiels-militaria\/grenade-allemande-modele-24\/#breadcrumb"},"inLanguage":"es","potentialAction":[{"@type":"ReadAction","target":["https:\/\/repliquemangacine.fr\/dagues-et-accessoires-seconde-guerre-mondiale-materiels-militaria\/grenade-allemande-modele-24\/"]}]},{"@type":"ImageObject","inLanguage":"es","@id":"https:\/\/repliquemangacine.fr\/dagues-et-accessoires-seconde-guerre-mondiale-materiels-militaria\/grenade-allemande-modele-24\/#primaryimage","url":"https:\/\/repliquemangacine.fr\/wp-content\/uploads\/2023\/10\/1316-Grenade-Allemande-modele-24.jpg","contentUrl":"https:\/\/repliquemangacine.fr\/wp-content\/uploads\/2023\/10\/1316-Grenade-Allemande-modele-24.jpg","width":800,"height":800,"caption":"Grenade Allemande mod\u00e8le 24"},{"@type":"BreadcrumbList","@id":"https:\/\/repliquemangacine.fr\/dagues-et-accessoires-seconde-guerre-mondiale-materiels-militaria\/grenade-allemande-modele-24\/#breadcrumb","itemListElement":[{"@type":"ListItem","position":1,"name":"Accueil","item":"https:\/\/repliquemangacine.fr\/"},{"@type":"ListItem","position":2,"name":"Produits","item":"https:\/\/repliquemangacine.fr\/boutique\/"},{"@type":"ListItem","position":3,"name":"Grenade Allemande M24"}]},{"@type":"WebSite","@id":"https:\/\/repliquemangacine.fr\/#website","url":"https:\/\/repliquemangacine.fr\/","name":"R\u00e9plique Manga Cin\u00e9","description":"","publisher":{"@id":"https:\/\/repliquemangacine.fr\/#organization"},"potentialAction":[{"@type":"SearchAction","target":{"@type":"EntryPoint","urlTemplate":"https:\/\/repliquemangacine.fr\/?s={search_term_string}"},"query-input":{"@type":"PropertyValueSpecification","valueRequired":true,"valueName":"search_term_string"}}],"inLanguage":"es"},{"@type":"Organization","@id":"https:\/\/repliquemangacine.fr\/#organization","name":"R\u00e9plique Manga Cin\u00e9","url":"https:\/\/repliquemangacine.fr\/","logo":{"@type":"ImageObject","inLanguage":"es","@id":"https:\/\/repliquemangacine.fr\/#\/schema\/logo\/image\/","url":"https:\/\/repliquemangacine.fr\/wp-content\/uploads\/2023\/10\/RMC-500250.png","contentUrl":"https:\/\/repliquemangacine.fr\/wp-content\/uploads\/2023\/10\/RMC-500250.png","width":500,"height":250,"caption":"R\u00e9plique Manga Cin\u00e9"},"image":{"@id":"https:\/\/repliquemangacine.fr\/#\/schema\/logo\/image\/"},"sameAs":["https:\/\/www.facebook.com\/RepliqueMangaCine","https:\/\/www.instagram.com\/repliquemangacine.fr\/"]}]}},"_links":{"self":[{"href":"https:\/\/repliquemangacine.fr\/es\/wp-json\/wp\/v2\/product\/26680","targetHints":{"allow":["GET"]}}],"collection":[{"href":"https:\/\/repliquemangacine.fr\/es\/wp-json\/wp\/v2\/product"}],"about":[{"href":"https:\/\/repliquemangacine.fr\/es\/wp-json\/wp\/v2\/types\/product"}],"wp:featuredmedia":[{"embeddable":true,"href":"https:\/\/repliquemangacine.fr\/es\/wp-json\/wp\/v2\/media\/26681"}],"wp:attachment":[{"href":"https:\/\/repliquemangacine.fr\/es\/wp-json\/wp\/v2\/media?parent=26680"}],"wp:term":[{"taxonomy":"product_brand","embeddable":true,"href":"https:\/\/repliquemangacine.fr\/es\/wp-json\/wp\/v2\/product_brand?post=26680"},{"taxonomy":"product_cat","embeddable":true,"href":"https:\/\/repliquemangacine.fr\/es\/wp-json\/wp\/v2\/product_cat?post=26680"},{"taxonomy":"product_tag","embeddable":true,"href":"https:\/\/repliquemangacine.fr\/es\/wp-json\/wp\/v2\/product_tag?post=26680"}],"curies":[{"name":"wp","href":"https:\/\/api.w.org\/{rel}","templated":true}]}}