





{"id":26631,"date":"2016-12-30T00:19:07","date_gmt":"2016-12-29T23:19:07","guid":{"rendered":"https:\/\/repliquemangacine.fr\/?post_type=product&#038;p=26631"},"modified":"2025-09-23T18:01:48","modified_gmt":"2025-09-23T16:01:48","slug":"la-varita-de-bill-weasley","status":"publish","type":"product","link":"https:\/\/repliquemangacine.fr\/es\/baguettes-personnages-harry-potter\/baguette-de-bill-weasley\/","title":{"rendered":"Varita de Bill Weasley"},"content":{"rendered":"<h2>Varita oficial de Bill Weasley en Harry Potter.<\/h2>\n<p>Para empezar, el <strong>Varita oficial de Bill Weasley<\/strong> est\u00e1 fabricado \u00edntegramente en resina y se presenta en una caja con una colecci\u00f3n de personajes firmados por <a href=\"https:\/\/noblecollection.fr\" target=\"_blank\" rel=\"noopener noreferrer\">Colecci\u00f3n Noble<\/a>.<\/p>\n<p>William Arthur Weasley, conocido como Bill, es el hijo mayor de Arthur y Molly Weasley. Tras estudiar en la casa Gryffindor, trabaja como rompehechizos para el banco Gringotts.<\/p>\n<p>En 1994, conoce a Harry Potter por primera vez en La Madriguera y asiste con su familia a la Copa Mundial de Quidditch. Adem\u00e1s, durante el ataque de los Mort\u00edfagos, ayuda a los empleados del Ministerio de Magia y resulta herido en el brazo. Acompa\u00f1a a los j\u00f3venes hasta el tren que les lleva a Hogwarts.<\/p>\n<p>Conoce a Fleur Delacour y r\u00e1pidamente se comprometen. Tras el anuncio del regreso de Voldemort, avisa a su padre y se une a la Orden del F\u00e9nix. Cabe destacar que Bill y Fleur se casan el 1 de agosto de 1997.<\/p>\n<h2>Tu Varita Harry Potter al mejor precio.<\/h2>\n<p>Le ofrecemos una amplia selecci\u00f3n de varitas m\u00e1gicas oficiales de Harry Potter de Noble Collection.<\/p>\n<p>Lo primero y m\u00e1s importante,<\/p>\n<ul>\n<li>La varita m\u00e1gica de su madre <a href=\"https:\/\/repliquemangacine.fr\/es\/harry-potter\/la-varita-de-molly-weasley\/\">Molly Weasley<\/a>.<\/li>\n<li>La varita de su hermano <a href=\"https:\/\/repliquemangacine.fr\/es\/harry-potter\/la-varita-de-percy-weasley\/\">Percy Weasley<\/a>.<\/li>\n<li>Y muchos m\u00e1s por descubrir en nuestra tienda en l\u00ednea.<\/li>\n<li>Por supuesto, para hacer felices a sus hijos, tambi\u00e9n tenemos todos los palillos no oficiales en nuestro sitio, pero a precios bajos.<\/li>\n<\/ul>\n<p>Por eso, aqu\u00ed tienes una idea estupenda para regalar a todos los fans de Harry Potter.<\/p>\n<p>En conclusi\u00f3n, tambi\u00e9n puede utilizar este <strong>La varita oficial de Bill Weasley<\/strong> para tus cosplays o fiestas tem\u00e1ticas. Pero, ante todo, es una pieza de colecci\u00f3n y decoraci\u00f3n.<\/p>\n<p>R\u00e9plique Manga Cin\u00e9 es una empresa familiar francesa.<\/p>\n<p>&nbsp;<\/p>","protected":false},"excerpt":{"rendered":"<p>La varita de Bill Weasley en \"Harry Potter y las Reliquias de la Muerte\".<\/p>\n<ul>\n<li>Palillo de resina de imitaci\u00f3n de madera tallada.<\/li>\n<li>Pintado a mano.<\/li>\n<li>Caja de la colecci\u00f3n \"Personajes\".<\/li>\n<li>Placa con nombre y clip de presentaci\u00f3n.<\/li>\n<li>Producto bajo licencia oficial Harry PotterTM<\/li>\n<li>Longitud: 36 cm<\/li>\n<\/ul>\n<p>&nbsp;<\/p>","protected":false},"featured_media":26632,"template":"","meta":[],"product_brand":[896],"product_cat":[80,24,41],"product_tag":[],"class_list":{"0":"post-26631","1":"product","2":"type-product","3":"status-publish","4":"has-post-thumbnail","6":"product_brand-replique-manga-cine","7":"product_cat-baguettes-personnages-harry-potter","8":"product_cat-films-series-tv-vente-de-katana-epee-et-produits-derives","9":"product_cat-baguettes-et-goodies-harry-potter","11":"first","12":"instock","13":"taxable","14":"shipping-taxable","15":"purchasable","16":"product-type-simple"},"yoast_head":"<!-- This site is optimized with the Yoast SEO plugin v27.4 - https:\/\/yoast.com\/product\/yoast-seo-wordpress\/ -->\n<title>Baguette Officielle Bill Weasley Harry Potter | R\u00e9plique Manga Cin\u00e9<\/title>\n<meta name=\"description\" content=\"Offre-lui ! La Baguette Officielle Bill Weasley dans Harry Potter au meilleur prix. En r\u00e9sine imitation bois. Boite personnages. Plaque nominative - 36 cm\" \/>\n<meta name=\"robots\" content=\"index, follow, max-snippet:-1, max-image-preview:large, max-video-preview:-1\" \/>\n<link rel=\"canonical\" href=\"https:\/\/repliquemangacine.fr\/es\/varitas-de-personajes-de-harry-potter\/la-varita-de-bill-weasley\/\" \/>\n<meta property=\"og:locale\" content=\"es_ES\" \/>\n<meta property=\"og:type\" content=\"article\" \/>\n<meta property=\"og:title\" content=\"Baguette Officielle Bill Weasley Harry Potter | R\u00e9plique Manga Cin\u00e9\" \/>\n<meta property=\"og:description\" content=\"Offre-lui ! La Baguette Officielle Bill Weasley dans Harry Potter au meilleur prix. En r\u00e9sine imitation bois. Boite personnages. Plaque nominative - 36 cm\" \/>\n<meta property=\"og:url\" content=\"https:\/\/repliquemangacine.fr\/es\/varitas-de-personajes-de-harry-potter\/la-varita-de-bill-weasley\/\" \/>\n<meta property=\"og:site_name\" content=\"R\u00e9plique Manga Cin\u00e9\" \/>\n<meta property=\"article:publisher\" content=\"https:\/\/www.facebook.com\/RepliqueMangaCine\" \/>\n<meta property=\"article:modified_time\" content=\"2025-09-23T16:01:48+00:00\" \/>\n<meta property=\"og:image\" content=\"https:\/\/repliquemangacine.fr\/wp-content\/uploads\/2023\/10\/1278-Baguette-de-Bill-Weasley.jpg\" \/>\n\t<meta property=\"og:image:width\" content=\"700\" \/>\n\t<meta property=\"og:image:height\" content=\"700\" \/>\n\t<meta property=\"og:image:type\" content=\"image\/jpeg\" \/>\n<meta name=\"twitter:card\" content=\"summary_large_image\" \/>\n<meta name=\"twitter:label1\" content=\"Tiempo de lectura\" \/>\n\t<meta name=\"twitter:data1\" content=\"1 minuto\" \/>\n<script type=\"application\/ld+json\" class=\"yoast-schema-graph\">{\"@context\":\"https:\\\/\\\/schema.org\",\"@graph\":[{\"@type\":\"WebPage\",\"@id\":\"https:\\\/\\\/repliquemangacine.fr\\\/baguettes-personnages-harry-potter\\\/baguette-de-bill-weasley\\\/\",\"url\":\"https:\\\/\\\/repliquemangacine.fr\\\/baguettes-personnages-harry-potter\\\/baguette-de-bill-weasley\\\/\",\"name\":\"Baguette Officielle Bill Weasley Harry Potter | R\u00e9plique Manga Cin\u00e9\",\"isPartOf\":{\"@id\":\"https:\\\/\\\/repliquemangacine.fr\\\/#website\"},\"primaryImageOfPage\":{\"@id\":\"https:\\\/\\\/repliquemangacine.fr\\\/baguettes-personnages-harry-potter\\\/baguette-de-bill-weasley\\\/#primaryimage\"},\"image\":{\"@id\":\"https:\\\/\\\/repliquemangacine.fr\\\/baguettes-personnages-harry-potter\\\/baguette-de-bill-weasley\\\/#primaryimage\"},\"thumbnailUrl\":\"https:\\\/\\\/repliquemangacine.fr\\\/wp-content\\\/uploads\\\/2023\\\/10\\\/1278-Baguette-de-Bill-Weasley.jpg\",\"datePublished\":\"2016-12-29T23:19:07+00:00\",\"dateModified\":\"2025-09-23T16:01:48+00:00\",\"description\":\"Offre-lui ! La Baguette Officielle Bill Weasley dans Harry Potter au meilleur prix. En r\u00e9sine imitation bois. Boite personnages. Plaque nominative - 36 cm\",\"breadcrumb\":{\"@id\":\"https:\\\/\\\/repliquemangacine.fr\\\/baguettes-personnages-harry-potter\\\/baguette-de-bill-weasley\\\/#breadcrumb\"},\"inLanguage\":\"es\",\"potentialAction\":[{\"@type\":\"ReadAction\",\"target\":[\"https:\\\/\\\/repliquemangacine.fr\\\/baguettes-personnages-harry-potter\\\/baguette-de-bill-weasley\\\/\"]}]},{\"@type\":\"ImageObject\",\"inLanguage\":\"es\",\"@id\":\"https:\\\/\\\/repliquemangacine.fr\\\/baguettes-personnages-harry-potter\\\/baguette-de-bill-weasley\\\/#primaryimage\",\"url\":\"https:\\\/\\\/repliquemangacine.fr\\\/wp-content\\\/uploads\\\/2023\\\/10\\\/1278-Baguette-de-Bill-Weasley.jpg\",\"contentUrl\":\"https:\\\/\\\/repliquemangacine.fr\\\/wp-content\\\/uploads\\\/2023\\\/10\\\/1278-Baguette-de-Bill-Weasley.jpg\",\"width\":700,\"height\":700,\"caption\":\"Baguette de Bill Weasley\"},{\"@type\":\"BreadcrumbList\",\"@id\":\"https:\\\/\\\/repliquemangacine.fr\\\/baguettes-personnages-harry-potter\\\/baguette-de-bill-weasley\\\/#breadcrumb\",\"itemListElement\":[{\"@type\":\"ListItem\",\"position\":1,\"name\":\"Accueil\",\"item\":\"https:\\\/\\\/repliquemangacine.fr\\\/\"},{\"@type\":\"ListItem\",\"position\":2,\"name\":\"Produits\",\"item\":\"https:\\\/\\\/repliquemangacine.fr\\\/boutique\\\/\"},{\"@type\":\"ListItem\",\"position\":3,\"name\":\"Baguette Bill Weasley\"}]},{\"@type\":\"WebSite\",\"@id\":\"https:\\\/\\\/repliquemangacine.fr\\\/#website\",\"url\":\"https:\\\/\\\/repliquemangacine.fr\\\/\",\"name\":\"R\u00e9plique Manga Cin\u00e9\",\"description\":\"\",\"publisher\":{\"@id\":\"https:\\\/\\\/repliquemangacine.fr\\\/#organization\"},\"potentialAction\":[{\"@type\":\"SearchAction\",\"target\":{\"@type\":\"EntryPoint\",\"urlTemplate\":\"https:\\\/\\\/repliquemangacine.fr\\\/?s={search_term_string}\"},\"query-input\":{\"@type\":\"PropertyValueSpecification\",\"valueRequired\":true,\"valueName\":\"search_term_string\"}}],\"inLanguage\":\"es\"},{\"@type\":\"Organization\",\"@id\":\"https:\\\/\\\/repliquemangacine.fr\\\/#organization\",\"name\":\"R\u00e9plique Manga Cin\u00e9\",\"url\":\"https:\\\/\\\/repliquemangacine.fr\\\/\",\"logo\":{\"@type\":\"ImageObject\",\"inLanguage\":\"es\",\"@id\":\"https:\\\/\\\/repliquemangacine.fr\\\/#\\\/schema\\\/logo\\\/image\\\/\",\"url\":\"https:\\\/\\\/repliquemangacine.fr\\\/wp-content\\\/uploads\\\/2023\\\/10\\\/RMC-500250.png\",\"contentUrl\":\"https:\\\/\\\/repliquemangacine.fr\\\/wp-content\\\/uploads\\\/2023\\\/10\\\/RMC-500250.png\",\"width\":500,\"height\":250,\"caption\":\"R\u00e9plique Manga Cin\u00e9\"},\"image\":{\"@id\":\"https:\\\/\\\/repliquemangacine.fr\\\/#\\\/schema\\\/logo\\\/image\\\/\"},\"sameAs\":[\"https:\\\/\\\/www.facebook.com\\\/RepliqueMangaCine\",\"https:\\\/\\\/www.instagram.com\\\/repliquemangacine.fr\\\/\"]}]}<\/script>\n<!-- \/ Yoast SEO plugin. -->","yoast_head_json":{"title":"Varita oficial Bill Weasley Harry Potter | R\u00e9plique Manga Cin\u00e9","description":"Reg\u00e1lasela La Varita Oficial de Bill Weasley en Harry Potter al mejor precio. En resina imitaci\u00f3n madera. Caja de personaje. Placa con nombre - 36 cm","robots":{"index":"index","follow":"follow","max-snippet":"max-snippet:-1","max-image-preview":"max-image-preview:large","max-video-preview":"max-video-preview:-1"},"canonical":"https:\/\/repliquemangacine.fr\/es\/varitas-de-personajes-de-harry-potter\/la-varita-de-bill-weasley\/","og_locale":"es_ES","og_type":"article","og_title":"Baguette Officielle Bill Weasley Harry Potter | R\u00e9plique Manga Cin\u00e9","og_description":"Offre-lui ! La Baguette Officielle Bill Weasley dans Harry Potter au meilleur prix. En r\u00e9sine imitation bois. Boite personnages. Plaque nominative - 36 cm","og_url":"https:\/\/repliquemangacine.fr\/es\/varitas-de-personajes-de-harry-potter\/la-varita-de-bill-weasley\/","og_site_name":"R\u00e9plique Manga Cin\u00e9","article_publisher":"https:\/\/www.facebook.com\/RepliqueMangaCine","article_modified_time":"2025-09-23T16:01:48+00:00","og_image":[{"width":700,"height":700,"url":"https:\/\/repliquemangacine.fr\/wp-content\/uploads\/2023\/10\/1278-Baguette-de-Bill-Weasley.jpg","type":"image\/jpeg"}],"twitter_card":"summary_large_image","twitter_misc":{"Tiempo de lectura":"1 minuto"},"schema":{"@context":"https:\/\/schema.org","@graph":[{"@type":"WebPage","@id":"https:\/\/repliquemangacine.fr\/baguettes-personnages-harry-potter\/baguette-de-bill-weasley\/","url":"https:\/\/repliquemangacine.fr\/baguettes-personnages-harry-potter\/baguette-de-bill-weasley\/","name":"Varita oficial Bill Weasley Harry Potter | R\u00e9plique Manga Cin\u00e9","isPartOf":{"@id":"https:\/\/repliquemangacine.fr\/#website"},"primaryImageOfPage":{"@id":"https:\/\/repliquemangacine.fr\/baguettes-personnages-harry-potter\/baguette-de-bill-weasley\/#primaryimage"},"image":{"@id":"https:\/\/repliquemangacine.fr\/baguettes-personnages-harry-potter\/baguette-de-bill-weasley\/#primaryimage"},"thumbnailUrl":"https:\/\/repliquemangacine.fr\/wp-content\/uploads\/2023\/10\/1278-Baguette-de-Bill-Weasley.jpg","datePublished":"2016-12-29T23:19:07+00:00","dateModified":"2025-09-23T16:01:48+00:00","description":"Reg\u00e1lasela La Varita Oficial de Bill Weasley en Harry Potter al mejor precio. En resina imitaci\u00f3n madera. Caja de personaje. Placa con nombre - 36 cm","breadcrumb":{"@id":"https:\/\/repliquemangacine.fr\/baguettes-personnages-harry-potter\/baguette-de-bill-weasley\/#breadcrumb"},"inLanguage":"es","potentialAction":[{"@type":"ReadAction","target":["https:\/\/repliquemangacine.fr\/baguettes-personnages-harry-potter\/baguette-de-bill-weasley\/"]}]},{"@type":"ImageObject","inLanguage":"es","@id":"https:\/\/repliquemangacine.fr\/baguettes-personnages-harry-potter\/baguette-de-bill-weasley\/#primaryimage","url":"https:\/\/repliquemangacine.fr\/wp-content\/uploads\/2023\/10\/1278-Baguette-de-Bill-Weasley.jpg","contentUrl":"https:\/\/repliquemangacine.fr\/wp-content\/uploads\/2023\/10\/1278-Baguette-de-Bill-Weasley.jpg","width":700,"height":700,"caption":"Baguette de Bill Weasley"},{"@type":"BreadcrumbList","@id":"https:\/\/repliquemangacine.fr\/baguettes-personnages-harry-potter\/baguette-de-bill-weasley\/#breadcrumb","itemListElement":[{"@type":"ListItem","position":1,"name":"Accueil","item":"https:\/\/repliquemangacine.fr\/"},{"@type":"ListItem","position":2,"name":"Produits","item":"https:\/\/repliquemangacine.fr\/boutique\/"},{"@type":"ListItem","position":3,"name":"Baguette Bill Weasley"}]},{"@type":"WebSite","@id":"https:\/\/repliquemangacine.fr\/#website","url":"https:\/\/repliquemangacine.fr\/","name":"R\u00e9plique Manga Cin\u00e9","description":"","publisher":{"@id":"https:\/\/repliquemangacine.fr\/#organization"},"potentialAction":[{"@type":"SearchAction","target":{"@type":"EntryPoint","urlTemplate":"https:\/\/repliquemangacine.fr\/?s={search_term_string}"},"query-input":{"@type":"PropertyValueSpecification","valueRequired":true,"valueName":"search_term_string"}}],"inLanguage":"es"},{"@type":"Organization","@id":"https:\/\/repliquemangacine.fr\/#organization","name":"R\u00e9plique Manga Cin\u00e9","url":"https:\/\/repliquemangacine.fr\/","logo":{"@type":"ImageObject","inLanguage":"es","@id":"https:\/\/repliquemangacine.fr\/#\/schema\/logo\/image\/","url":"https:\/\/repliquemangacine.fr\/wp-content\/uploads\/2023\/10\/RMC-500250.png","contentUrl":"https:\/\/repliquemangacine.fr\/wp-content\/uploads\/2023\/10\/RMC-500250.png","width":500,"height":250,"caption":"R\u00e9plique Manga Cin\u00e9"},"image":{"@id":"https:\/\/repliquemangacine.fr\/#\/schema\/logo\/image\/"},"sameAs":["https:\/\/www.facebook.com\/RepliqueMangaCine","https:\/\/www.instagram.com\/repliquemangacine.fr\/"]}]}},"_links":{"self":[{"href":"https:\/\/repliquemangacine.fr\/es\/wp-json\/wp\/v2\/product\/26631","targetHints":{"allow":["GET"]}}],"collection":[{"href":"https:\/\/repliquemangacine.fr\/es\/wp-json\/wp\/v2\/product"}],"about":[{"href":"https:\/\/repliquemangacine.fr\/es\/wp-json\/wp\/v2\/types\/product"}],"wp:featuredmedia":[{"embeddable":true,"href":"https:\/\/repliquemangacine.fr\/es\/wp-json\/wp\/v2\/media\/26632"}],"wp:attachment":[{"href":"https:\/\/repliquemangacine.fr\/es\/wp-json\/wp\/v2\/media?parent=26631"}],"wp:term":[{"taxonomy":"product_brand","embeddable":true,"href":"https:\/\/repliquemangacine.fr\/es\/wp-json\/wp\/v2\/product_brand?post=26631"},{"taxonomy":"product_cat","embeddable":true,"href":"https:\/\/repliquemangacine.fr\/es\/wp-json\/wp\/v2\/product_cat?post=26631"},{"taxonomy":"product_tag","embeddable":true,"href":"https:\/\/repliquemangacine.fr\/es\/wp-json\/wp\/v2\/product_tag?post=26631"}],"curies":[{"name":"wp","href":"https:\/\/api.w.org\/{rel}","templated":true}]}}