





{"id":26596,"date":"2016-12-28T18:27:47","date_gmt":"2016-12-28T17:27:47","guid":{"rendered":"https:\/\/repliquemangacine.fr\/?post_type=product&#038;p=26596"},"modified":"2025-09-23T18:01:48","modified_gmt":"2025-09-23T16:01:48","slug":"broche-colgante-galadriel","status":"publish","type":"product","link":"https:\/\/repliquemangacine.fr\/es\/bijoux-the-hobbit\/galadriel-pendentif-broche\/","title":{"rendered":"Broche de plata Galadriel"},"content":{"rendered":"<h2>Colgante Broche Galadriel de El Se\u00f1or de los Anillos<\/h2>\n<p>Para empezar, el<strong> Broche Colgante Galadriel<\/strong> Es de plata maciza 925\u1d49, adornada con una piedra de n\u00e1car.<\/p>\n<p>Galadriel es una elfa del linaje de los Noldor, hija de Finarfin y hermana de Finrod Felagund. Se la considera una de las m\u00e1s grandes de los Eldar, junto con F\u00ebanor y L\u00fathien. Galadriel tiene el mismo temperamento que su t\u00edo, es decir, ans\u00eda el poder y la autoridad. Es la se\u00f1ora de los bosques de Lothl\u00f3rien.<\/p>\n<p>Por cierto, <a href=\"https:\/\/lotr.fandom.com\/fr\/wiki\/Galadriel\" target=\"_blank\" rel=\"noopener noreferrer\">Galadriel<\/a> est\u00e1 en posesi\u00f3n de Nenya, uno de los tres anillos de poder \u00e9lficos. Al comienzo de la Comunidad, regala a cada miembro un broche de hoja de Lorien y una capa \u00e9lfica.<\/p>\n<h2>Tu Colgante Broche Galadriel al mejor precio.<\/h2>\n<p>Le ofrecemos una amplia selecci\u00f3n de espadas y joyas de El Se\u00f1or de los Anillos a precios econ\u00f3micos.<\/p>\n<p>Lo primero y m\u00e1s importante,<\/p>\n<ul>\n<li>La espada Hadhafang de Arwen con su hoja grabada con runas \u00e9lficas.<\/li>\n<li>As\u00ed como el <a href=\"https:\/\/repliquemangacine.fr\/es\/joyas-anillos\/lorien-hoja-collar-broche-senor-de-los-anillos\/\">Collar broche hoja de Lorien<\/a> s\u00edmbolo de los Elfos.<\/li>\n<li>Terminemos con lo imprescindible <a href=\"https:\/\/repliquemangacine.fr\/es\/el-senor-de-los-anillos\/anneau-unique-le-precieux\/\">Anillo \u00fanico<\/a>. Este anillo de poder es llamado por Gollum \"mi Precioso\".<\/li>\n<li>Y muchos m\u00e1s por descubrir en nuestra tienda online.<\/li>\n<\/ul>\n<p>Por eso hemos pensado en algunas ideas para regalar a los amantes de la trilog\u00eda de El Se\u00f1or de los Anillos.<\/p>\n<p>En conclusi\u00f3n, puedes llevar tu <strong>Broche Colgante Galadriel<\/strong> en la vida cotidiana. Pero, sobre todo, es una pieza de coleccionista.<\/p>\n<h2>\u00bfC\u00f3mo cuido mis joyas de plata?<\/h2>\n<p>Cabe destacar que la plata es m\u00e1s fr\u00e1gil que el oro. Con el paso del tiempo, el roce, el sudor y el polvo, pierde su brillo y se empa\u00f1a.<\/p>\n<p>Aqu\u00ed tienes algunos consejos para limpiar tu <strong>Broche Colgante Galadriel<\/strong> plata, ralentizar\u00e1s la aparici\u00f3n de signos de desgaste.<\/p>\n<ul>\n<li>Bicarbonato s\u00f3dico: una soluci\u00f3n eficaz. Vierte agua en un cuenco y funde el bicarbonato de sodio. Sumerge tus joyas en \u00e9l durante unas horas. Coge un cepillo de dientes muy suave y frota suavemente. Aclara con agua limpia.<\/li>\n<li>Vinagre blanco: Del mismo modo, sumerja completamente sus joyas en vinagre blanco. Espere 2 horas, enjuague con agua tibia y s\u00e9quelas con un pa\u00f1o suave.<br \/>\nY luego est\u00e1n todos los trucos de la abuela, como la coca...<\/li>\n<\/ul>\n<p>As\u00ed podr\u00e1 lucir sus joyas durante m\u00e1s tiempo.<\/p>","protected":false},"excerpt":{"rendered":"<p>Este colgante est\u00e1 inspirado en el broche que llevaba Galadriel.<\/p>\n<ul>\n<li>Fabricado en plata de ley 925 con acabado patinado y adornado con una perla nacarada.<\/li>\n<li>Cadena de 45 cm.<\/li>\n<li>El dise\u00f1o mide aproximadamente 6 x 3,5 cm.<\/li>\n<li>Caja de madera para coleccionistas, con una placa con el logotipo de la pel\u00edcula.<\/li>\n<li>Licencia oficial The Noble Collection<\/li>\n<\/ul>","protected":false},"featured_media":26597,"template":"","meta":[],"product_brand":[896],"product_cat":[78,79,24,29,35],"product_tag":[],"class_list":{"0":"post-26596","1":"product","2":"type-product","3":"status-publish","4":"has-post-thumbnail","6":"product_brand-replique-manga-cine","7":"product_cat-bijoux-anneaux","8":"product_cat-bijoux-the-hobbit","9":"product_cat-films-series-tv-vente-de-katana-epee-et-produits-derives","10":"product_cat-le-seigneur-des-anneaux","11":"product_cat-epee-et-bijoux-the-hobbit","13":"first","14":"outofstock","15":"sale","16":"taxable","17":"shipping-taxable","18":"purchasable","19":"product-type-simple"},"yoast_head":"<!-- This site is optimized with the Yoast SEO plugin v27.5 - https:\/\/yoast.com\/product\/yoast-seo-wordpress\/ -->\n<title>Pendentif Broche Galadriel - Bijoux Seigneur des Anneaux | RMC<\/title>\n<meta name=\"description\" content=\"Fait en argent massif 925e et orn\u00e9e d&#039;une perle en nacre, ce pendentif finement travaill\u00e9 est inspir\u00e9 de la broche port\u00e9e par Galadriel.\" \/>\n<meta name=\"robots\" content=\"index, follow, max-snippet:-1, max-image-preview:large, max-video-preview:-1\" \/>\n<link rel=\"canonical\" href=\"https:\/\/repliquemangacine.fr\/es\/joyas-el-hobbit\/broche-colgante-galadriel\/\" \/>\n<meta property=\"og:locale\" content=\"es_ES\" \/>\n<meta property=\"og:type\" content=\"article\" \/>\n<meta property=\"og:title\" content=\"Pendentif Broche Galadriel - Bijoux Seigneur des Anneaux | RMC\" \/>\n<meta property=\"og:description\" content=\"Fait en argent massif 925e et orn\u00e9e d&#039;une perle en nacre, ce pendentif finement travaill\u00e9 est inspir\u00e9 de la broche port\u00e9e par Galadriel.\" \/>\n<meta property=\"og:url\" content=\"https:\/\/repliquemangacine.fr\/es\/joyas-el-hobbit\/broche-colgante-galadriel\/\" \/>\n<meta property=\"og:site_name\" content=\"R\u00e9plique Manga Cin\u00e9\" \/>\n<meta property=\"article:publisher\" content=\"https:\/\/www.facebook.com\/RepliqueMangaCine\" \/>\n<meta property=\"article:modified_time\" content=\"2025-09-23T16:01:48+00:00\" \/>\n<meta property=\"og:image\" content=\"https:\/\/repliquemangacine.fr\/wp-content\/uploads\/2023\/10\/1250-Galadriel-Pendentif-broche.jpg\" \/>\n\t<meta property=\"og:image:width\" content=\"685\" \/>\n\t<meta property=\"og:image:height\" content=\"650\" \/>\n\t<meta property=\"og:image:type\" content=\"image\/jpeg\" \/>\n<meta name=\"twitter:card\" content=\"summary_large_image\" \/>\n<meta name=\"twitter:label1\" content=\"Tiempo de lectura\" \/>\n\t<meta name=\"twitter:data1\" content=\"1 minuto\" \/>\n<script type=\"application\/ld+json\" class=\"yoast-schema-graph\">{\"@context\":\"https:\\\/\\\/schema.org\",\"@graph\":[{\"@type\":\"WebPage\",\"@id\":\"https:\\\/\\\/repliquemangacine.fr\\\/bijoux-the-hobbit\\\/galadriel-pendentif-broche\\\/\",\"url\":\"https:\\\/\\\/repliquemangacine.fr\\\/bijoux-the-hobbit\\\/galadriel-pendentif-broche\\\/\",\"name\":\"Pendentif Broche Galadriel - Bijoux Seigneur des Anneaux | RMC\",\"isPartOf\":{\"@id\":\"https:\\\/\\\/repliquemangacine.fr\\\/#website\"},\"primaryImageOfPage\":{\"@id\":\"https:\\\/\\\/repliquemangacine.fr\\\/bijoux-the-hobbit\\\/galadriel-pendentif-broche\\\/#primaryimage\"},\"image\":{\"@id\":\"https:\\\/\\\/repliquemangacine.fr\\\/bijoux-the-hobbit\\\/galadriel-pendentif-broche\\\/#primaryimage\"},\"thumbnailUrl\":\"https:\\\/\\\/repliquemangacine.fr\\\/wp-content\\\/uploads\\\/2023\\\/10\\\/1250-Galadriel-Pendentif-broche.jpg\",\"datePublished\":\"2016-12-28T17:27:47+00:00\",\"dateModified\":\"2025-09-23T16:01:48+00:00\",\"description\":\"Fait en argent massif 925e et orn\u00e9e d'une perle en nacre, ce pendentif finement travaill\u00e9 est inspir\u00e9 de la broche port\u00e9e par Galadriel.\",\"breadcrumb\":{\"@id\":\"https:\\\/\\\/repliquemangacine.fr\\\/bijoux-the-hobbit\\\/galadriel-pendentif-broche\\\/#breadcrumb\"},\"inLanguage\":\"es\",\"potentialAction\":[{\"@type\":\"ReadAction\",\"target\":[\"https:\\\/\\\/repliquemangacine.fr\\\/bijoux-the-hobbit\\\/galadriel-pendentif-broche\\\/\"]}]},{\"@type\":\"ImageObject\",\"inLanguage\":\"es\",\"@id\":\"https:\\\/\\\/repliquemangacine.fr\\\/bijoux-the-hobbit\\\/galadriel-pendentif-broche\\\/#primaryimage\",\"url\":\"https:\\\/\\\/repliquemangacine.fr\\\/wp-content\\\/uploads\\\/2023\\\/10\\\/1250-Galadriel-Pendentif-broche.jpg\",\"contentUrl\":\"https:\\\/\\\/repliquemangacine.fr\\\/wp-content\\\/uploads\\\/2023\\\/10\\\/1250-Galadriel-Pendentif-broche.jpg\",\"width\":685,\"height\":650,\"caption\":\"Galadriel - Pendentif broche\"},{\"@type\":\"BreadcrumbList\",\"@id\":\"https:\\\/\\\/repliquemangacine.fr\\\/bijoux-the-hobbit\\\/galadriel-pendentif-broche\\\/#breadcrumb\",\"itemListElement\":[{\"@type\":\"ListItem\",\"position\":1,\"name\":\"Accueil\",\"item\":\"https:\\\/\\\/repliquemangacine.fr\\\/\"},{\"@type\":\"ListItem\",\"position\":2,\"name\":\"Produits\",\"item\":\"https:\\\/\\\/repliquemangacine.fr\\\/boutique\\\/\"},{\"@type\":\"ListItem\",\"position\":3,\"name\":\"Broche Galadriel Argent\"}]},{\"@type\":\"WebSite\",\"@id\":\"https:\\\/\\\/repliquemangacine.fr\\\/#website\",\"url\":\"https:\\\/\\\/repliquemangacine.fr\\\/\",\"name\":\"R\u00e9plique Manga Cin\u00e9\",\"description\":\"\",\"publisher\":{\"@id\":\"https:\\\/\\\/repliquemangacine.fr\\\/#organization\"},\"potentialAction\":[{\"@type\":\"SearchAction\",\"target\":{\"@type\":\"EntryPoint\",\"urlTemplate\":\"https:\\\/\\\/repliquemangacine.fr\\\/?s={search_term_string}\"},\"query-input\":{\"@type\":\"PropertyValueSpecification\",\"valueRequired\":true,\"valueName\":\"search_term_string\"}}],\"inLanguage\":\"es\"},{\"@type\":\"Organization\",\"@id\":\"https:\\\/\\\/repliquemangacine.fr\\\/#organization\",\"name\":\"R\u00e9plique Manga Cin\u00e9\",\"url\":\"https:\\\/\\\/repliquemangacine.fr\\\/\",\"logo\":{\"@type\":\"ImageObject\",\"inLanguage\":\"es\",\"@id\":\"https:\\\/\\\/repliquemangacine.fr\\\/#\\\/schema\\\/logo\\\/image\\\/\",\"url\":\"https:\\\/\\\/repliquemangacine.fr\\\/wp-content\\\/uploads\\\/2023\\\/10\\\/RMC-500250.png\",\"contentUrl\":\"https:\\\/\\\/repliquemangacine.fr\\\/wp-content\\\/uploads\\\/2023\\\/10\\\/RMC-500250.png\",\"width\":500,\"height\":250,\"caption\":\"R\u00e9plique Manga Cin\u00e9\"},\"image\":{\"@id\":\"https:\\\/\\\/repliquemangacine.fr\\\/#\\\/schema\\\/logo\\\/image\\\/\"},\"sameAs\":[\"https:\\\/\\\/www.facebook.com\\\/RepliqueMangaCine\",\"https:\\\/\\\/www.instagram.com\\\/repliquemangacine.fr\\\/\"]}]}<\/script>\n<!-- \/ Yoast SEO plugin. -->","yoast_head_json":{"title":"Colgante Broche Galadriel - Joyas El Se\u00f1or de los Anillos | RMC","description":"Fabricado en plata de ley 925 y adornado con una perla nacarada, este colgante de fina artesan\u00eda se inspira en el broche que llevaba Galadriel.","robots":{"index":"index","follow":"follow","max-snippet":"max-snippet:-1","max-image-preview":"max-image-preview:large","max-video-preview":"max-video-preview:-1"},"canonical":"https:\/\/repliquemangacine.fr\/es\/joyas-el-hobbit\/broche-colgante-galadriel\/","og_locale":"es_ES","og_type":"article","og_title":"Pendentif Broche Galadriel - Bijoux Seigneur des Anneaux | RMC","og_description":"Fait en argent massif 925e et orn\u00e9e d'une perle en nacre, ce pendentif finement travaill\u00e9 est inspir\u00e9 de la broche port\u00e9e par Galadriel.","og_url":"https:\/\/repliquemangacine.fr\/es\/joyas-el-hobbit\/broche-colgante-galadriel\/","og_site_name":"R\u00e9plique Manga Cin\u00e9","article_publisher":"https:\/\/www.facebook.com\/RepliqueMangaCine","article_modified_time":"2025-09-23T16:01:48+00:00","og_image":[{"width":685,"height":650,"url":"https:\/\/repliquemangacine.fr\/wp-content\/uploads\/2023\/10\/1250-Galadriel-Pendentif-broche.jpg","type":"image\/jpeg"}],"twitter_card":"summary_large_image","twitter_misc":{"Tiempo de lectura":"1 minuto"},"schema":{"@context":"https:\/\/schema.org","@graph":[{"@type":"WebPage","@id":"https:\/\/repliquemangacine.fr\/bijoux-the-hobbit\/galadriel-pendentif-broche\/","url":"https:\/\/repliquemangacine.fr\/bijoux-the-hobbit\/galadriel-pendentif-broche\/","name":"Colgante Broche Galadriel - Joyas El Se\u00f1or de los Anillos | RMC","isPartOf":{"@id":"https:\/\/repliquemangacine.fr\/#website"},"primaryImageOfPage":{"@id":"https:\/\/repliquemangacine.fr\/bijoux-the-hobbit\/galadriel-pendentif-broche\/#primaryimage"},"image":{"@id":"https:\/\/repliquemangacine.fr\/bijoux-the-hobbit\/galadriel-pendentif-broche\/#primaryimage"},"thumbnailUrl":"https:\/\/repliquemangacine.fr\/wp-content\/uploads\/2023\/10\/1250-Galadriel-Pendentif-broche.jpg","datePublished":"2016-12-28T17:27:47+00:00","dateModified":"2025-09-23T16:01:48+00:00","description":"Fabricado en plata de ley 925 y adornado con una perla nacarada, este colgante de fina artesan\u00eda se inspira en el broche que llevaba Galadriel.","breadcrumb":{"@id":"https:\/\/repliquemangacine.fr\/bijoux-the-hobbit\/galadriel-pendentif-broche\/#breadcrumb"},"inLanguage":"es","potentialAction":[{"@type":"ReadAction","target":["https:\/\/repliquemangacine.fr\/bijoux-the-hobbit\/galadriel-pendentif-broche\/"]}]},{"@type":"ImageObject","inLanguage":"es","@id":"https:\/\/repliquemangacine.fr\/bijoux-the-hobbit\/galadriel-pendentif-broche\/#primaryimage","url":"https:\/\/repliquemangacine.fr\/wp-content\/uploads\/2023\/10\/1250-Galadriel-Pendentif-broche.jpg","contentUrl":"https:\/\/repliquemangacine.fr\/wp-content\/uploads\/2023\/10\/1250-Galadriel-Pendentif-broche.jpg","width":685,"height":650,"caption":"Galadriel - Pendentif broche"},{"@type":"BreadcrumbList","@id":"https:\/\/repliquemangacine.fr\/bijoux-the-hobbit\/galadriel-pendentif-broche\/#breadcrumb","itemListElement":[{"@type":"ListItem","position":1,"name":"Accueil","item":"https:\/\/repliquemangacine.fr\/"},{"@type":"ListItem","position":2,"name":"Produits","item":"https:\/\/repliquemangacine.fr\/boutique\/"},{"@type":"ListItem","position":3,"name":"Broche Galadriel Argent"}]},{"@type":"WebSite","@id":"https:\/\/repliquemangacine.fr\/#website","url":"https:\/\/repliquemangacine.fr\/","name":"R\u00e9plique Manga Cin\u00e9","description":"","publisher":{"@id":"https:\/\/repliquemangacine.fr\/#organization"},"potentialAction":[{"@type":"SearchAction","target":{"@type":"EntryPoint","urlTemplate":"https:\/\/repliquemangacine.fr\/?s={search_term_string}"},"query-input":{"@type":"PropertyValueSpecification","valueRequired":true,"valueName":"search_term_string"}}],"inLanguage":"es"},{"@type":"Organization","@id":"https:\/\/repliquemangacine.fr\/#organization","name":"R\u00e9plique Manga Cin\u00e9","url":"https:\/\/repliquemangacine.fr\/","logo":{"@type":"ImageObject","inLanguage":"es","@id":"https:\/\/repliquemangacine.fr\/#\/schema\/logo\/image\/","url":"https:\/\/repliquemangacine.fr\/wp-content\/uploads\/2023\/10\/RMC-500250.png","contentUrl":"https:\/\/repliquemangacine.fr\/wp-content\/uploads\/2023\/10\/RMC-500250.png","width":500,"height":250,"caption":"R\u00e9plique Manga Cin\u00e9"},"image":{"@id":"https:\/\/repliquemangacine.fr\/#\/schema\/logo\/image\/"},"sameAs":["https:\/\/www.facebook.com\/RepliqueMangaCine","https:\/\/www.instagram.com\/repliquemangacine.fr\/"]}]}},"_links":{"self":[{"href":"https:\/\/repliquemangacine.fr\/es\/wp-json\/wp\/v2\/product\/26596","targetHints":{"allow":["GET"]}}],"collection":[{"href":"https:\/\/repliquemangacine.fr\/es\/wp-json\/wp\/v2\/product"}],"about":[{"href":"https:\/\/repliquemangacine.fr\/es\/wp-json\/wp\/v2\/types\/product"}],"wp:featuredmedia":[{"embeddable":true,"href":"https:\/\/repliquemangacine.fr\/es\/wp-json\/wp\/v2\/media\/26597"}],"wp:attachment":[{"href":"https:\/\/repliquemangacine.fr\/es\/wp-json\/wp\/v2\/media?parent=26596"}],"wp:term":[{"taxonomy":"product_brand","embeddable":true,"href":"https:\/\/repliquemangacine.fr\/es\/wp-json\/wp\/v2\/product_brand?post=26596"},{"taxonomy":"product_cat","embeddable":true,"href":"https:\/\/repliquemangacine.fr\/es\/wp-json\/wp\/v2\/product_cat?post=26596"},{"taxonomy":"product_tag","embeddable":true,"href":"https:\/\/repliquemangacine.fr\/es\/wp-json\/wp\/v2\/product_tag?post=26596"}],"curies":[{"name":"wp","href":"https:\/\/api.w.org\/{rel}","templated":true}]}}