





{"id":26564,"date":"2016-11-30T22:05:09","date_gmt":"2016-11-30T21:05:09","guid":{"rendered":"https:\/\/repliquemangacine.fr\/?post_type=product&#038;p=26564"},"modified":"2026-01-21T13:01:39","modified_gmt":"2026-01-21T12:01:39","slug":"robb-stark-espada-juego-de-tronos-hbo-version-tv","status":"publish","type":"product","link":"https:\/\/repliquemangacine.fr\/es\/epees-game-of-thrones\/epee-robb-stark-game-of-thrones-version-hbo-tv\/","title":{"rendered":"Robb Stark espada Juego de Tronos"},"content":{"rendered":"<h2>La espada de Robb Stark en Juego de Tronos<\/h2>\n<p>Para empezar, el<strong>La espada de Robb Stark<\/strong> en su versi\u00f3n de la serie de HBO. Robb es el hijo mayor de Eddard Stark y Catelyn Tully, heredero de la casa Stark en Invernalia y el norte.<\/p>\n<p>Despu\u00e9s de ejecutar a Lord Karstark por traici\u00f3n, <a href=\"https:\/\/gameofthrones.fandom.com\/fr\/wiki\/Robb_Stark\" target=\"_blank\" rel=\"noopener noreferrer\">Robb<\/a> Stark ve c\u00f3mo todas las tropas vasallas de los Karstark lo abandonan para regresar al norte. De este modo, pierde casi la mitad de su ej\u00e9rcito. Al verlo debilitado, Roose Bolton decide aliarse con Walder Frey para traicionar a los Stark en beneficio de los Lannister.<\/p>\n<p>Lord Frey guarda rencor personal contra los Stark despu\u00e9s de que estos incumplieran su promesa de casarse con su hija. Durante la boda de esta con Edmure Tully, los Bolton y los Frey masacran a los Stark, y Robb es asesinado por Roose Bolton de una pu\u00f1alada.<\/p>\n<h2>Tu Espada Robb Stark al mejor precio.<\/h2>\n<p>Te ofrecemos una amplia selecci\u00f3n de r\u00e9plicas del universo de Juego de Tronos.<\/p>\n<p>Lo primero y m\u00e1s importante,<\/p>\n<ul>\n<li>L'<a href=\"https:\/\/repliquemangacine.fr\/es\/espadas-de-juego-de-tronos\/oathkeeper-espada-roja-tyrions-sword-juego-de-tronos\/\">La espada de Tyrion Lannister<\/a> vestido todo de rojo.<\/li>\n<li>As\u00ed como el <a href=\"https:\/\/repliquemangacine.fr\/es\/espadas-de-juego-de-tronos\/daga-longclaw-jon-snow\/\">daga espada gran garra<\/a> de Jon Nieve.<\/li>\n<li>Tambi\u00e9n est\u00e1 el Serpe<a href=\"https:\/\/repliquemangacine.fr\/es\/espadas-de-juego-de-tronos\/serpe-drogo-juego-de-tronos-el-arma-de-los-dothraki\/\"> de Drogo<\/a> El difunto esposo de Daenerys.<\/li>\n<li>Y muchos m\u00e1s por descubrir en nuestra tienda en l\u00ednea.<\/li>\n<\/ul>\n<p>Por eso, aqu\u00ed tienes una idea estupenda para regalar a los fans de la serie Juego de Tronos.<\/p>\n<p>En conclusi\u00f3n, puede utilizar el\u2019<strong>La espada de Robb Stark<\/strong> para tus disfraces de fiestas tem\u00e1ticas o cosplays. Pero, sobre todo, es una pieza de coleccionista y un objeto decorativo.<\/p>\n<h2>\u00bfC\u00f3mo mantengo la hoja de mi espada de Juego de Tronos?<\/h2>\n<p>Las espadas de colecci\u00f3n y decorativas se fabrican y ensamblan de forma simplificada. Como su uso es decorativo, no cuentan con los elementos de seguridad necesarios para una espada japonesa destinada al entrenamiento.<\/p>\n<p>Sin embargo, su <strong>La espada de Robb Stark<\/strong> a una hoja de acero que hay que cuidar para evitar que se estropee con el tiempo. Cuando exponga su katana, sus amigos sentir\u00e1n curiosidad por ver la hoja y tocarla. Aqu\u00ed es donde hay que tener cuidado, ya que la acidez de los dedos es muy perjudicial para el acero, sea cual sea su calidad.<\/p>\n<p>Sin embargo, si esto ocurre, no te asustes, todo lo que necesitas es un pa\u00f1o humedecido con un poco de aceite y limpiar las huellas dactilares. Si haces esto, tu espada durar\u00e1 mucho tiempo.<\/p>","protected":false},"excerpt":{"rendered":"<p>Espada del joven lobo, Robb Stark en Juego de Tronos.<\/p>\n<ul>\n<li>Hoja de acero inoxidable con ranura.<\/li>\n<li>Empu\u00f1adura y pomo de acero plateado.<\/li>\n<li>Asa de metal.<\/li>\n<li>Soporte de madera serigrafiado.<\/li>\n<li>Longitud hoja: 79 cm - Longitud total: 101 cm - Peso: 1350 grs<\/li>\n<\/ul>","protected":false},"featured_media":26565,"template":"","meta":[],"product_brand":[896],"product_cat":[25,84,72,24,47,43],"product_tag":[],"class_list":{"0":"post-26564","1":"product","2":"type-product","3":"status-publish","4":"has-post-thumbnail","6":"product_brand-replique-manga-cine","7":"product_cat-armes-historiques","8":"product_cat-epee-templier-medievale","9":"product_cat-epees-game-of-thrones","10":"product_cat-films-series-tv-vente-de-katana-epee-et-produits-derives","11":"product_cat-game-of-thrones","12":"product_cat-reproductions-d-armes-et-accessoires-medievales","14":"first","15":"instock","16":"taxable","17":"shipping-taxable","18":"purchasable","19":"product-type-simple"},"yoast_head":"<!-- This site is optimized with the Yoast SEO plugin v27.4 - https:\/\/yoast.com\/product\/yoast-seo-wordpress\/ -->\n<title>Ep\u00e9e de Robb Stark - Game of Thrones - R\u00e9plique Manga Cin\u00e9<\/title>\n<meta name=\"description\" content=\"Offrez-vous ! L&#039;Ep\u00e9e de Robb Stark dans Game of Thrones au meilleur prix. Lame acier inox - Garde et pommeau en acier - Longueur : 101 cm - Support bois\" \/>\n<meta name=\"robots\" content=\"index, follow, max-snippet:-1, max-image-preview:large, max-video-preview:-1\" \/>\n<link rel=\"canonical\" href=\"https:\/\/repliquemangacine.fr\/es\/espada-templaria-medieval\/robb-stark-espada-juego-de-tronos-hbo-version-tv\/\" \/>\n<meta property=\"og:locale\" content=\"es_ES\" \/>\n<meta property=\"og:type\" content=\"article\" \/>\n<meta property=\"og:title\" content=\"Ep\u00e9e de Robb Stark - Game of Thrones - R\u00e9plique Manga Cin\u00e9\" \/>\n<meta property=\"og:description\" content=\"Offrez-vous ! L&#039;Ep\u00e9e de Robb Stark dans Game of Thrones au meilleur prix. Lame acier inox - Garde et pommeau en acier - Longueur : 101 cm - Support bois\" \/>\n<meta property=\"og:url\" content=\"https:\/\/repliquemangacine.fr\/es\/espada-templaria-medieval\/robb-stark-espada-juego-de-tronos-hbo-version-tv\/\" \/>\n<meta property=\"og:site_name\" content=\"R\u00e9plique Manga Cin\u00e9\" \/>\n<meta property=\"article:publisher\" content=\"https:\/\/www.facebook.com\/RepliqueMangaCine\" \/>\n<meta property=\"article:modified_time\" content=\"2026-01-21T12:01:39+00:00\" \/>\n<meta property=\"og:image\" content=\"https:\/\/repliquemangacine.fr\/wp-content\/uploads\/2023\/10\/1224-Epee-Robb-Stark-Game-of-Thrones-Version-HBO-TV.jpg\" \/>\n\t<meta property=\"og:image:width\" content=\"800\" \/>\n\t<meta property=\"og:image:height\" content=\"800\" \/>\n\t<meta property=\"og:image:type\" content=\"image\/jpeg\" \/>\n<meta name=\"twitter:card\" content=\"summary_large_image\" \/>\n<meta name=\"twitter:label1\" content=\"Tiempo de lectura\" \/>\n\t<meta name=\"twitter:data1\" content=\"1 minuto\" \/>\n<script type=\"application\/ld+json\" class=\"yoast-schema-graph\">{\"@context\":\"https:\\\/\\\/schema.org\",\"@graph\":[{\"@type\":\"WebPage\",\"@id\":\"https:\\\/\\\/repliquemangacine.fr\\\/epee-templier-medievale\\\/epee-robb-stark-game-of-thrones-version-hbo-tv\\\/\",\"url\":\"https:\\\/\\\/repliquemangacine.fr\\\/epee-templier-medievale\\\/epee-robb-stark-game-of-thrones-version-hbo-tv\\\/\",\"name\":\"Ep\u00e9e de Robb Stark - Game of Thrones - R\u00e9plique Manga Cin\u00e9\",\"isPartOf\":{\"@id\":\"https:\\\/\\\/repliquemangacine.fr\\\/#website\"},\"primaryImageOfPage\":{\"@id\":\"https:\\\/\\\/repliquemangacine.fr\\\/epee-templier-medievale\\\/epee-robb-stark-game-of-thrones-version-hbo-tv\\\/#primaryimage\"},\"image\":{\"@id\":\"https:\\\/\\\/repliquemangacine.fr\\\/epee-templier-medievale\\\/epee-robb-stark-game-of-thrones-version-hbo-tv\\\/#primaryimage\"},\"thumbnailUrl\":\"https:\\\/\\\/repliquemangacine.fr\\\/wp-content\\\/uploads\\\/2023\\\/10\\\/1224-Epee-Robb-Stark-Game-of-Thrones-Version-HBO-TV.jpg\",\"datePublished\":\"2016-11-30T21:05:09+00:00\",\"dateModified\":\"2026-01-21T12:01:39+00:00\",\"description\":\"Offrez-vous ! L'Ep\u00e9e de Robb Stark dans Game of Thrones au meilleur prix. Lame acier inox - Garde et pommeau en acier - Longueur : 101 cm - Support bois\",\"breadcrumb\":{\"@id\":\"https:\\\/\\\/repliquemangacine.fr\\\/epee-templier-medievale\\\/epee-robb-stark-game-of-thrones-version-hbo-tv\\\/#breadcrumb\"},\"inLanguage\":\"es\",\"potentialAction\":[{\"@type\":\"ReadAction\",\"target\":[\"https:\\\/\\\/repliquemangacine.fr\\\/epee-templier-medievale\\\/epee-robb-stark-game-of-thrones-version-hbo-tv\\\/\"]}]},{\"@type\":\"ImageObject\",\"inLanguage\":\"es\",\"@id\":\"https:\\\/\\\/repliquemangacine.fr\\\/epee-templier-medievale\\\/epee-robb-stark-game-of-thrones-version-hbo-tv\\\/#primaryimage\",\"url\":\"https:\\\/\\\/repliquemangacine.fr\\\/wp-content\\\/uploads\\\/2023\\\/10\\\/1224-Epee-Robb-Stark-Game-of-Thrones-Version-HBO-TV.jpg\",\"contentUrl\":\"https:\\\/\\\/repliquemangacine.fr\\\/wp-content\\\/uploads\\\/2023\\\/10\\\/1224-Epee-Robb-Stark-Game-of-Thrones-Version-HBO-TV.jpg\",\"width\":800,\"height\":800,\"caption\":\"Ep\u00e9e Robb Stark - Game of Thrones - Version HBO TV\"},{\"@type\":\"BreadcrumbList\",\"@id\":\"https:\\\/\\\/repliquemangacine.fr\\\/epee-templier-medievale\\\/epee-robb-stark-game-of-thrones-version-hbo-tv\\\/#breadcrumb\",\"itemListElement\":[{\"@type\":\"ListItem\",\"position\":1,\"name\":\"Accueil\",\"item\":\"https:\\\/\\\/repliquemangacine.fr\\\/\"},{\"@type\":\"ListItem\",\"position\":2,\"name\":\"Produits\",\"item\":\"https:\\\/\\\/repliquemangacine.fr\\\/boutique\\\/\"},{\"@type\":\"ListItem\",\"position\":3,\"name\":\"Ep\u00e9e Robb Stark Game of Thrones\"}]},{\"@type\":\"WebSite\",\"@id\":\"https:\\\/\\\/repliquemangacine.fr\\\/#website\",\"url\":\"https:\\\/\\\/repliquemangacine.fr\\\/\",\"name\":\"R\u00e9plique Manga Cin\u00e9\",\"description\":\"\",\"publisher\":{\"@id\":\"https:\\\/\\\/repliquemangacine.fr\\\/#organization\"},\"potentialAction\":[{\"@type\":\"SearchAction\",\"target\":{\"@type\":\"EntryPoint\",\"urlTemplate\":\"https:\\\/\\\/repliquemangacine.fr\\\/?s={search_term_string}\"},\"query-input\":{\"@type\":\"PropertyValueSpecification\",\"valueRequired\":true,\"valueName\":\"search_term_string\"}}],\"inLanguage\":\"es\"},{\"@type\":\"Organization\",\"@id\":\"https:\\\/\\\/repliquemangacine.fr\\\/#organization\",\"name\":\"R\u00e9plique Manga Cin\u00e9\",\"url\":\"https:\\\/\\\/repliquemangacine.fr\\\/\",\"logo\":{\"@type\":\"ImageObject\",\"inLanguage\":\"es\",\"@id\":\"https:\\\/\\\/repliquemangacine.fr\\\/#\\\/schema\\\/logo\\\/image\\\/\",\"url\":\"https:\\\/\\\/repliquemangacine.fr\\\/wp-content\\\/uploads\\\/2023\\\/10\\\/RMC-500250.png\",\"contentUrl\":\"https:\\\/\\\/repliquemangacine.fr\\\/wp-content\\\/uploads\\\/2023\\\/10\\\/RMC-500250.png\",\"width\":500,\"height\":250,\"caption\":\"R\u00e9plique Manga Cin\u00e9\"},\"image\":{\"@id\":\"https:\\\/\\\/repliquemangacine.fr\\\/#\\\/schema\\\/logo\\\/image\\\/\"},\"sameAs\":[\"https:\\\/\\\/www.facebook.com\\\/RepliqueMangaCine\",\"https:\\\/\\\/www.instagram.com\\\/repliquemangacine.fr\\\/\"]}]}<\/script>\n<!-- \/ Yoast SEO plugin. -->","yoast_head_json":{"title":"La espada de Robb Stark - Juego de Tronos - R\u00e9plique Manga Cin\u00e9","description":"Date un capricho La espada de Robb Stark de Juego de Tronos al mejor precio. Hoja de acero inoxidable - Empu\u00f1adura y pomo de acero - Longitud : 101 cm - Soporte de madera","robots":{"index":"index","follow":"follow","max-snippet":"max-snippet:-1","max-image-preview":"max-image-preview:large","max-video-preview":"max-video-preview:-1"},"canonical":"https:\/\/repliquemangacine.fr\/es\/espada-templaria-medieval\/robb-stark-espada-juego-de-tronos-hbo-version-tv\/","og_locale":"es_ES","og_type":"article","og_title":"Ep\u00e9e de Robb Stark - Game of Thrones - R\u00e9plique Manga Cin\u00e9","og_description":"Offrez-vous ! L'Ep\u00e9e de Robb Stark dans Game of Thrones au meilleur prix. Lame acier inox - Garde et pommeau en acier - Longueur : 101 cm - Support bois","og_url":"https:\/\/repliquemangacine.fr\/es\/espada-templaria-medieval\/robb-stark-espada-juego-de-tronos-hbo-version-tv\/","og_site_name":"R\u00e9plique Manga Cin\u00e9","article_publisher":"https:\/\/www.facebook.com\/RepliqueMangaCine","article_modified_time":"2026-01-21T12:01:39+00:00","og_image":[{"width":800,"height":800,"url":"https:\/\/repliquemangacine.fr\/wp-content\/uploads\/2023\/10\/1224-Epee-Robb-Stark-Game-of-Thrones-Version-HBO-TV.jpg","type":"image\/jpeg"}],"twitter_card":"summary_large_image","twitter_misc":{"Tiempo de lectura":"1 minuto"},"schema":{"@context":"https:\/\/schema.org","@graph":[{"@type":"WebPage","@id":"https:\/\/repliquemangacine.fr\/epee-templier-medievale\/epee-robb-stark-game-of-thrones-version-hbo-tv\/","url":"https:\/\/repliquemangacine.fr\/epee-templier-medievale\/epee-robb-stark-game-of-thrones-version-hbo-tv\/","name":"La espada de Robb Stark - Juego de Tronos - R\u00e9plique Manga Cin\u00e9","isPartOf":{"@id":"https:\/\/repliquemangacine.fr\/#website"},"primaryImageOfPage":{"@id":"https:\/\/repliquemangacine.fr\/epee-templier-medievale\/epee-robb-stark-game-of-thrones-version-hbo-tv\/#primaryimage"},"image":{"@id":"https:\/\/repliquemangacine.fr\/epee-templier-medievale\/epee-robb-stark-game-of-thrones-version-hbo-tv\/#primaryimage"},"thumbnailUrl":"https:\/\/repliquemangacine.fr\/wp-content\/uploads\/2023\/10\/1224-Epee-Robb-Stark-Game-of-Thrones-Version-HBO-TV.jpg","datePublished":"2016-11-30T21:05:09+00:00","dateModified":"2026-01-21T12:01:39+00:00","description":"Date un capricho La espada de Robb Stark de Juego de Tronos al mejor precio. Hoja de acero inoxidable - Empu\u00f1adura y pomo de acero - Longitud : 101 cm - Soporte de madera","breadcrumb":{"@id":"https:\/\/repliquemangacine.fr\/epee-templier-medievale\/epee-robb-stark-game-of-thrones-version-hbo-tv\/#breadcrumb"},"inLanguage":"es","potentialAction":[{"@type":"ReadAction","target":["https:\/\/repliquemangacine.fr\/epee-templier-medievale\/epee-robb-stark-game-of-thrones-version-hbo-tv\/"]}]},{"@type":"ImageObject","inLanguage":"es","@id":"https:\/\/repliquemangacine.fr\/epee-templier-medievale\/epee-robb-stark-game-of-thrones-version-hbo-tv\/#primaryimage","url":"https:\/\/repliquemangacine.fr\/wp-content\/uploads\/2023\/10\/1224-Epee-Robb-Stark-Game-of-Thrones-Version-HBO-TV.jpg","contentUrl":"https:\/\/repliquemangacine.fr\/wp-content\/uploads\/2023\/10\/1224-Epee-Robb-Stark-Game-of-Thrones-Version-HBO-TV.jpg","width":800,"height":800,"caption":"Ep\u00e9e Robb Stark - Game of Thrones - Version HBO TV"},{"@type":"BreadcrumbList","@id":"https:\/\/repliquemangacine.fr\/epee-templier-medievale\/epee-robb-stark-game-of-thrones-version-hbo-tv\/#breadcrumb","itemListElement":[{"@type":"ListItem","position":1,"name":"Accueil","item":"https:\/\/repliquemangacine.fr\/"},{"@type":"ListItem","position":2,"name":"Produits","item":"https:\/\/repliquemangacine.fr\/boutique\/"},{"@type":"ListItem","position":3,"name":"Ep\u00e9e Robb Stark Game of Thrones"}]},{"@type":"WebSite","@id":"https:\/\/repliquemangacine.fr\/#website","url":"https:\/\/repliquemangacine.fr\/","name":"R\u00e9plique Manga Cin\u00e9","description":"","publisher":{"@id":"https:\/\/repliquemangacine.fr\/#organization"},"potentialAction":[{"@type":"SearchAction","target":{"@type":"EntryPoint","urlTemplate":"https:\/\/repliquemangacine.fr\/?s={search_term_string}"},"query-input":{"@type":"PropertyValueSpecification","valueRequired":true,"valueName":"search_term_string"}}],"inLanguage":"es"},{"@type":"Organization","@id":"https:\/\/repliquemangacine.fr\/#organization","name":"R\u00e9plique Manga Cin\u00e9","url":"https:\/\/repliquemangacine.fr\/","logo":{"@type":"ImageObject","inLanguage":"es","@id":"https:\/\/repliquemangacine.fr\/#\/schema\/logo\/image\/","url":"https:\/\/repliquemangacine.fr\/wp-content\/uploads\/2023\/10\/RMC-500250.png","contentUrl":"https:\/\/repliquemangacine.fr\/wp-content\/uploads\/2023\/10\/RMC-500250.png","width":500,"height":250,"caption":"R\u00e9plique Manga Cin\u00e9"},"image":{"@id":"https:\/\/repliquemangacine.fr\/#\/schema\/logo\/image\/"},"sameAs":["https:\/\/www.facebook.com\/RepliqueMangaCine","https:\/\/www.instagram.com\/repliquemangacine.fr\/"]}]}},"_links":{"self":[{"href":"https:\/\/repliquemangacine.fr\/es\/wp-json\/wp\/v2\/product\/26564","targetHints":{"allow":["GET"]}}],"collection":[{"href":"https:\/\/repliquemangacine.fr\/es\/wp-json\/wp\/v2\/product"}],"about":[{"href":"https:\/\/repliquemangacine.fr\/es\/wp-json\/wp\/v2\/types\/product"}],"wp:featuredmedia":[{"embeddable":true,"href":"https:\/\/repliquemangacine.fr\/es\/wp-json\/wp\/v2\/media\/26565"}],"wp:attachment":[{"href":"https:\/\/repliquemangacine.fr\/es\/wp-json\/wp\/v2\/media?parent=26564"}],"wp:term":[{"taxonomy":"product_brand","embeddable":true,"href":"https:\/\/repliquemangacine.fr\/es\/wp-json\/wp\/v2\/product_brand?post=26564"},{"taxonomy":"product_cat","embeddable":true,"href":"https:\/\/repliquemangacine.fr\/es\/wp-json\/wp\/v2\/product_cat?post=26564"},{"taxonomy":"product_tag","embeddable":true,"href":"https:\/\/repliquemangacine.fr\/es\/wp-json\/wp\/v2\/product_tag?post=26564"}],"curies":[{"name":"wp","href":"https:\/\/api.w.org\/{rel}","templated":true}]}}