





{"id":26558,"date":"2016-11-30T19:10:00","date_gmt":"2016-11-30T18:10:00","guid":{"rendered":"https:\/\/repliquemangacine.fr\/?post_type=product&#038;p=26558"},"modified":"2026-04-03T14:50:57","modified_gmt":"2026-04-03T12:50:57","slug":"juego-de-tronos-eddard-stark-espada-hbo-version-tv","status":"publish","type":"product","link":"https:\/\/repliquemangacine.fr\/es\/epees-game-of-thrones\/game-of-thrones-epee-eddard-stark-version-hbo-tv\/","title":{"rendered":"Espada de Ned Stark Versi\u00f3n televisiva de HBO"},"content":{"rendered":"<h2>Espada de Ned Stark, versi\u00f3n Juego de Tronos<\/h2>\n<p>Para empezar, la espada de Ned Stark, llamada Hielo, es una espada ancestral de acero valyrio de la Casa Stark. Se describe como tan ancha como la mano de un hombre y m\u00e1s alta que la mano de un adolescente de catorce a\u00f1os como Robb Stark.<\/p>\n<p>Forjada en Valyria hace cuatrocientos a\u00f1os, es una espada que se maneja con ambas manos. Se ha convertido en la espada del se\u00f1or de Invernalia. Eddard Stark la utiliza personalmente para ejecutar a los prisioneros condenados a muerte.<\/p>\n<p>Tras el arresto de Eddard,  Ilyn Payne utiliza <a href=\"https:\/\/gameofthrones.fandom.com\/fr\/wiki\/Glace\" target=\"_blank\" rel=\"noopener noreferrer\">Hielo<\/a> para ejecutar a Ned en el Gran Sepulcro de Baelor. En la cuarta temporada, Tywin Lannister recupera la espada. Le pide a un herrero que use el acero valyrio de Hielo para forjar dos espadas largas, que reciben los nombres de: Grito de Viuda y Hada.<\/p>\n<h2>Tu Espada Ned Stark al mejor precio.<\/h2>\n<p>Te ofrecemos todas las r\u00e9plicas de tu serie favorita, Juego de Tronos.<\/p>\n<p>Lo primero y m\u00e1s importante,<\/p>\n<ul>\n<li>L'<a href=\"https:\/\/repliquemangacine.fr\/es\/espadas-de-juego-de-tronos\/espada-de-hielo-espada-eddard-stark-trono-de-hierro\/\">La espada de Ned Stark<\/a> en su versi\u00f3n novelada.<\/li>\n<li>Tambi\u00e9n existe la<a href=\"https:\/\/repliquemangacine.fr\/es\/espadas-de-juego-de-tronos\/espada-aguja-arya-stark-juego-de-tronos\/\">Aguja espada de Arya<\/a> que le dio Jon Nieve.<\/li>\n<li>As\u00ed como el<a href=\"https:\/\/repliquemangacine.fr\/es\/espadas-de-juego-de-tronos\/brienne-de-torth-oathkeeper-espada-juego-de-tronos\/\">Espada de hadas<\/a> dado por Jaime a Brienne de Tarth.<\/li>\n<li>Y muchos m\u00e1s por descubrir en nuestra tienda en l\u00ednea.<\/li>\n<\/ul>\n<p>Por eso, es una idea estupenda para regalar a los fans de la serie Juego de Tronos.<\/p>\n<p>En conclusi\u00f3n, puede utilizar el\u2019<strong>Espada de Ned Stark<\/strong> para tus desfiles de cosplay o veladas tem\u00e1ticas. Pero sobre todo, esta espada es una pieza de coleccionista y una pieza decorativa.<\/p>\n<h2>\u00bfC\u00f3mo mantengo la hoja de mi espada de Juego de Tronos?<\/h2>\n<p>Las espadas de colecci\u00f3n y decorativas se fabrican y ensamblan de forma simplificada. Como su uso es decorativo, no cuentan con los elementos de seguridad necesarios para una espada japonesa destinada al entrenamiento.<\/p>\n<p>Sin embargo, su <strong>Espada de Ned Stark<\/strong> a una hoja de acero que hay que cuidar para evitar que se estropee con el tiempo. Cuando exponga su katana, sus amigos sentir\u00e1n curiosidad por ver la hoja y tocarla. Aqu\u00ed es donde hay que tener cuidado, ya que la acidez de los dedos es muy perjudicial para el acero, sea cual sea su calidad.<\/p>\n<p>Sin embargo, si esto ocurre, no te asustes, todo lo que necesitas es un pa\u00f1o humedecido con un poco de aceite y limpiar las huellas dactilares. Si haces esto, tu espada durar\u00e1 mucho tiempo.<\/p>","protected":false},"excerpt":{"rendered":"<p>Espada de hielo usada por Ned en Juego de Tronos.<\/p>\n<ul>\n<li>Hoja de acero inoxidable con ranura.<\/li>\n<li>Empu\u00f1adura y pomo de acero plateado y dorado.<\/li>\n<li>Asa de ABS.<\/li>\n<li>Reverso serigrafiado.<\/li>\n<li>Longitud hoja: 100 cm - Longitud total: 130 cm - Peso: 1900 grs<\/li>\n<\/ul>","protected":false},"featured_media":26559,"template":"","meta":[],"product_brand":[896],"product_cat":[25,84,72,24,47,43],"product_tag":[],"class_list":{"0":"post-26558","1":"product","2":"type-product","3":"status-publish","4":"has-post-thumbnail","6":"product_brand-replique-manga-cine","7":"product_cat-armes-historiques","8":"product_cat-epee-templier-medievale","9":"product_cat-epees-game-of-thrones","10":"product_cat-films-series-tv-vente-de-katana-epee-et-produits-derives","11":"product_cat-game-of-thrones","12":"product_cat-reproductions-d-armes-et-accessoires-medievales","14":"first","15":"instock","16":"sale","17":"taxable","18":"shipping-taxable","19":"purchasable","20":"product-type-simple"},"yoast_head":"<!-- This site is optimized with the Yoast SEO plugin v27.4 - https:\/\/yoast.com\/product\/yoast-seo-wordpress\/ -->\n<title>Ep\u00e9e Ned Stark - Ep\u00e9es Game of Thrones - Replique Manga Cine<\/title>\n<meta name=\"description\" content=\"Offrez-lui ! L&#039;Ep\u00e9e Ned Stark dans Game of Thrones au meilleur prix. Lame en acier 440 - Support bois - Longueur totale : 130 cm - Envoi 24\/48h\" \/>\n<meta name=\"robots\" content=\"index, follow, max-snippet:-1, max-image-preview:large, max-video-preview:-1\" \/>\n<link rel=\"canonical\" href=\"https:\/\/repliquemangacine.fr\/es\/espadas-de-juego-de-tronos\/juego-de-tronos-eddard-stark-espada-hbo-version-tv\/\" \/>\n<meta property=\"og:locale\" content=\"es_ES\" \/>\n<meta property=\"og:type\" content=\"article\" \/>\n<meta property=\"og:title\" content=\"Ep\u00e9e Ned Stark - Ep\u00e9es Game of Thrones - Replique Manga Cine\" \/>\n<meta property=\"og:description\" content=\"Offrez-lui ! L&#039;Ep\u00e9e Ned Stark dans Game of Thrones au meilleur prix. Lame en acier 440 - Support bois - Longueur totale : 130 cm - Envoi 24\/48h\" \/>\n<meta property=\"og:url\" content=\"https:\/\/repliquemangacine.fr\/es\/espadas-de-juego-de-tronos\/juego-de-tronos-eddard-stark-espada-hbo-version-tv\/\" \/>\n<meta property=\"og:site_name\" content=\"R\u00e9plique Manga Cin\u00e9\" \/>\n<meta property=\"article:publisher\" content=\"https:\/\/www.facebook.com\/RepliqueMangaCine\" \/>\n<meta property=\"article:modified_time\" content=\"2026-04-03T12:50:57+00:00\" \/>\n<meta property=\"og:image\" content=\"https:\/\/repliquemangacine.fr\/wp-content\/uploads\/2023\/10\/1219-Game-of-Thrones-Epee-Eddard-Stark-Version-HBO-TV.jpg\" \/>\n\t<meta property=\"og:image:width\" content=\"800\" \/>\n\t<meta property=\"og:image:height\" content=\"800\" \/>\n\t<meta property=\"og:image:type\" content=\"image\/jpeg\" \/>\n<meta name=\"twitter:card\" content=\"summary_large_image\" \/>\n<meta name=\"twitter:label1\" content=\"Tiempo de lectura\" \/>\n\t<meta name=\"twitter:data1\" content=\"2 minutos\" \/>\n<script type=\"application\/ld+json\" class=\"yoast-schema-graph\">{\"@context\":\"https:\\\/\\\/schema.org\",\"@graph\":[{\"@type\":\"WebPage\",\"@id\":\"https:\\\/\\\/repliquemangacine.fr\\\/epees-game-of-thrones\\\/game-of-thrones-epee-eddard-stark-version-hbo-tv\\\/\",\"url\":\"https:\\\/\\\/repliquemangacine.fr\\\/epees-game-of-thrones\\\/game-of-thrones-epee-eddard-stark-version-hbo-tv\\\/\",\"name\":\"Ep\u00e9e Ned Stark - Ep\u00e9es Game of Thrones - Replique Manga Cine\",\"isPartOf\":{\"@id\":\"https:\\\/\\\/repliquemangacine.fr\\\/#website\"},\"primaryImageOfPage\":{\"@id\":\"https:\\\/\\\/repliquemangacine.fr\\\/epees-game-of-thrones\\\/game-of-thrones-epee-eddard-stark-version-hbo-tv\\\/#primaryimage\"},\"image\":{\"@id\":\"https:\\\/\\\/repliquemangacine.fr\\\/epees-game-of-thrones\\\/game-of-thrones-epee-eddard-stark-version-hbo-tv\\\/#primaryimage\"},\"thumbnailUrl\":\"https:\\\/\\\/repliquemangacine.fr\\\/wp-content\\\/uploads\\\/2023\\\/10\\\/1219-Game-of-Thrones-Epee-Eddard-Stark-Version-HBO-TV.jpg\",\"datePublished\":\"2016-11-30T18:10:00+00:00\",\"dateModified\":\"2026-04-03T12:50:57+00:00\",\"description\":\"Offrez-lui ! L'Ep\u00e9e Ned Stark dans Game of Thrones au meilleur prix. Lame en acier 440 - Support bois - Longueur totale : 130 cm - Envoi 24\\\/48h\",\"breadcrumb\":{\"@id\":\"https:\\\/\\\/repliquemangacine.fr\\\/epees-game-of-thrones\\\/game-of-thrones-epee-eddard-stark-version-hbo-tv\\\/#breadcrumb\"},\"inLanguage\":\"es\",\"potentialAction\":[{\"@type\":\"ReadAction\",\"target\":[\"https:\\\/\\\/repliquemangacine.fr\\\/epees-game-of-thrones\\\/game-of-thrones-epee-eddard-stark-version-hbo-tv\\\/\"]}]},{\"@type\":\"ImageObject\",\"inLanguage\":\"es\",\"@id\":\"https:\\\/\\\/repliquemangacine.fr\\\/epees-game-of-thrones\\\/game-of-thrones-epee-eddard-stark-version-hbo-tv\\\/#primaryimage\",\"url\":\"https:\\\/\\\/repliquemangacine.fr\\\/wp-content\\\/uploads\\\/2023\\\/10\\\/1219-Game-of-Thrones-Epee-Eddard-Stark-Version-HBO-TV.jpg\",\"contentUrl\":\"https:\\\/\\\/repliquemangacine.fr\\\/wp-content\\\/uploads\\\/2023\\\/10\\\/1219-Game-of-Thrones-Epee-Eddard-Stark-Version-HBO-TV.jpg\",\"width\":800,\"height\":800,\"caption\":\"Game of Thrones - Ep\u00e9e Eddard Stark - Version HBO TV\"},{\"@type\":\"BreadcrumbList\",\"@id\":\"https:\\\/\\\/repliquemangacine.fr\\\/epees-game-of-thrones\\\/game-of-thrones-epee-eddard-stark-version-hbo-tv\\\/#breadcrumb\",\"itemListElement\":[{\"@type\":\"ListItem\",\"position\":1,\"name\":\"Accueil\",\"item\":\"https:\\\/\\\/repliquemangacine.fr\\\/\"},{\"@type\":\"ListItem\",\"position\":2,\"name\":\"Produits\",\"item\":\"https:\\\/\\\/repliquemangacine.fr\\\/boutique\\\/\"},{\"@type\":\"ListItem\",\"position\":3,\"name\":\"Ep\u00e9e Ned Stark Version HBO TV\"}]},{\"@type\":\"WebSite\",\"@id\":\"https:\\\/\\\/repliquemangacine.fr\\\/#website\",\"url\":\"https:\\\/\\\/repliquemangacine.fr\\\/\",\"name\":\"R\u00e9plique Manga Cin\u00e9\",\"description\":\"\",\"publisher\":{\"@id\":\"https:\\\/\\\/repliquemangacine.fr\\\/#organization\"},\"potentialAction\":[{\"@type\":\"SearchAction\",\"target\":{\"@type\":\"EntryPoint\",\"urlTemplate\":\"https:\\\/\\\/repliquemangacine.fr\\\/?s={search_term_string}\"},\"query-input\":{\"@type\":\"PropertyValueSpecification\",\"valueRequired\":true,\"valueName\":\"search_term_string\"}}],\"inLanguage\":\"es\"},{\"@type\":\"Organization\",\"@id\":\"https:\\\/\\\/repliquemangacine.fr\\\/#organization\",\"name\":\"R\u00e9plique Manga Cin\u00e9\",\"url\":\"https:\\\/\\\/repliquemangacine.fr\\\/\",\"logo\":{\"@type\":\"ImageObject\",\"inLanguage\":\"es\",\"@id\":\"https:\\\/\\\/repliquemangacine.fr\\\/#\\\/schema\\\/logo\\\/image\\\/\",\"url\":\"https:\\\/\\\/repliquemangacine.fr\\\/wp-content\\\/uploads\\\/2023\\\/10\\\/RMC-500250.png\",\"contentUrl\":\"https:\\\/\\\/repliquemangacine.fr\\\/wp-content\\\/uploads\\\/2023\\\/10\\\/RMC-500250.png\",\"width\":500,\"height\":250,\"caption\":\"R\u00e9plique Manga Cin\u00e9\"},\"image\":{\"@id\":\"https:\\\/\\\/repliquemangacine.fr\\\/#\\\/schema\\\/logo\\\/image\\\/\"},\"sameAs\":[\"https:\\\/\\\/www.facebook.com\\\/RepliqueMangaCine\",\"https:\\\/\\\/www.instagram.com\\\/repliquemangacine.fr\\\/\"]}]}<\/script>\n<!-- \/ Yoast SEO plugin. -->","yoast_head_json":{"title":"Espada Ned Stark - Espadas Juego de Tronos - Replica Manga Cine","description":"\u00a1Reg\u00e1lasela! La espada de Ned Stark de Juego de Tronos al mejor precio. Hoja de acero 440 - Soporte de madera - Longitud total: 130 cm - Env\u00edo 24\/48h","robots":{"index":"index","follow":"follow","max-snippet":"max-snippet:-1","max-image-preview":"max-image-preview:large","max-video-preview":"max-video-preview:-1"},"canonical":"https:\/\/repliquemangacine.fr\/es\/espadas-de-juego-de-tronos\/juego-de-tronos-eddard-stark-espada-hbo-version-tv\/","og_locale":"es_ES","og_type":"article","og_title":"Ep\u00e9e Ned Stark - Ep\u00e9es Game of Thrones - Replique Manga Cine","og_description":"Offrez-lui ! L'Ep\u00e9e Ned Stark dans Game of Thrones au meilleur prix. Lame en acier 440 - Support bois - Longueur totale : 130 cm - Envoi 24\/48h","og_url":"https:\/\/repliquemangacine.fr\/es\/espadas-de-juego-de-tronos\/juego-de-tronos-eddard-stark-espada-hbo-version-tv\/","og_site_name":"R\u00e9plique Manga Cin\u00e9","article_publisher":"https:\/\/www.facebook.com\/RepliqueMangaCine","article_modified_time":"2026-04-03T12:50:57+00:00","og_image":[{"width":800,"height":800,"url":"https:\/\/repliquemangacine.fr\/wp-content\/uploads\/2023\/10\/1219-Game-of-Thrones-Epee-Eddard-Stark-Version-HBO-TV.jpg","type":"image\/jpeg"}],"twitter_card":"summary_large_image","twitter_misc":{"Tiempo de lectura":"2 minutos"},"schema":{"@context":"https:\/\/schema.org","@graph":[{"@type":"WebPage","@id":"https:\/\/repliquemangacine.fr\/epees-game-of-thrones\/game-of-thrones-epee-eddard-stark-version-hbo-tv\/","url":"https:\/\/repliquemangacine.fr\/epees-game-of-thrones\/game-of-thrones-epee-eddard-stark-version-hbo-tv\/","name":"Espada Ned Stark - Espadas Juego de Tronos - Replica Manga Cine","isPartOf":{"@id":"https:\/\/repliquemangacine.fr\/#website"},"primaryImageOfPage":{"@id":"https:\/\/repliquemangacine.fr\/epees-game-of-thrones\/game-of-thrones-epee-eddard-stark-version-hbo-tv\/#primaryimage"},"image":{"@id":"https:\/\/repliquemangacine.fr\/epees-game-of-thrones\/game-of-thrones-epee-eddard-stark-version-hbo-tv\/#primaryimage"},"thumbnailUrl":"https:\/\/repliquemangacine.fr\/wp-content\/uploads\/2023\/10\/1219-Game-of-Thrones-Epee-Eddard-Stark-Version-HBO-TV.jpg","datePublished":"2016-11-30T18:10:00+00:00","dateModified":"2026-04-03T12:50:57+00:00","description":"\u00a1Reg\u00e1lasela! La espada de Ned Stark de Juego de Tronos al mejor precio. Hoja de acero 440 - Soporte de madera - Longitud total: 130 cm - Env\u00edo 24\/48h","breadcrumb":{"@id":"https:\/\/repliquemangacine.fr\/epees-game-of-thrones\/game-of-thrones-epee-eddard-stark-version-hbo-tv\/#breadcrumb"},"inLanguage":"es","potentialAction":[{"@type":"ReadAction","target":["https:\/\/repliquemangacine.fr\/epees-game-of-thrones\/game-of-thrones-epee-eddard-stark-version-hbo-tv\/"]}]},{"@type":"ImageObject","inLanguage":"es","@id":"https:\/\/repliquemangacine.fr\/epees-game-of-thrones\/game-of-thrones-epee-eddard-stark-version-hbo-tv\/#primaryimage","url":"https:\/\/repliquemangacine.fr\/wp-content\/uploads\/2023\/10\/1219-Game-of-Thrones-Epee-Eddard-Stark-Version-HBO-TV.jpg","contentUrl":"https:\/\/repliquemangacine.fr\/wp-content\/uploads\/2023\/10\/1219-Game-of-Thrones-Epee-Eddard-Stark-Version-HBO-TV.jpg","width":800,"height":800,"caption":"Game of Thrones - Ep\u00e9e Eddard Stark - Version HBO TV"},{"@type":"BreadcrumbList","@id":"https:\/\/repliquemangacine.fr\/epees-game-of-thrones\/game-of-thrones-epee-eddard-stark-version-hbo-tv\/#breadcrumb","itemListElement":[{"@type":"ListItem","position":1,"name":"Accueil","item":"https:\/\/repliquemangacine.fr\/"},{"@type":"ListItem","position":2,"name":"Produits","item":"https:\/\/repliquemangacine.fr\/boutique\/"},{"@type":"ListItem","position":3,"name":"Ep\u00e9e Ned Stark Version HBO TV"}]},{"@type":"WebSite","@id":"https:\/\/repliquemangacine.fr\/#website","url":"https:\/\/repliquemangacine.fr\/","name":"R\u00e9plique Manga Cin\u00e9","description":"","publisher":{"@id":"https:\/\/repliquemangacine.fr\/#organization"},"potentialAction":[{"@type":"SearchAction","target":{"@type":"EntryPoint","urlTemplate":"https:\/\/repliquemangacine.fr\/?s={search_term_string}"},"query-input":{"@type":"PropertyValueSpecification","valueRequired":true,"valueName":"search_term_string"}}],"inLanguage":"es"},{"@type":"Organization","@id":"https:\/\/repliquemangacine.fr\/#organization","name":"R\u00e9plique Manga Cin\u00e9","url":"https:\/\/repliquemangacine.fr\/","logo":{"@type":"ImageObject","inLanguage":"es","@id":"https:\/\/repliquemangacine.fr\/#\/schema\/logo\/image\/","url":"https:\/\/repliquemangacine.fr\/wp-content\/uploads\/2023\/10\/RMC-500250.png","contentUrl":"https:\/\/repliquemangacine.fr\/wp-content\/uploads\/2023\/10\/RMC-500250.png","width":500,"height":250,"caption":"R\u00e9plique Manga Cin\u00e9"},"image":{"@id":"https:\/\/repliquemangacine.fr\/#\/schema\/logo\/image\/"},"sameAs":["https:\/\/www.facebook.com\/RepliqueMangaCine","https:\/\/www.instagram.com\/repliquemangacine.fr\/"]}]}},"_links":{"self":[{"href":"https:\/\/repliquemangacine.fr\/es\/wp-json\/wp\/v2\/product\/26558","targetHints":{"allow":["GET"]}}],"collection":[{"href":"https:\/\/repliquemangacine.fr\/es\/wp-json\/wp\/v2\/product"}],"about":[{"href":"https:\/\/repliquemangacine.fr\/es\/wp-json\/wp\/v2\/types\/product"}],"wp:featuredmedia":[{"embeddable":true,"href":"https:\/\/repliquemangacine.fr\/es\/wp-json\/wp\/v2\/media\/26559"}],"wp:attachment":[{"href":"https:\/\/repliquemangacine.fr\/es\/wp-json\/wp\/v2\/media?parent=26558"}],"wp:term":[{"taxonomy":"product_brand","embeddable":true,"href":"https:\/\/repliquemangacine.fr\/es\/wp-json\/wp\/v2\/product_brand?post=26558"},{"taxonomy":"product_cat","embeddable":true,"href":"https:\/\/repliquemangacine.fr\/es\/wp-json\/wp\/v2\/product_cat?post=26558"},{"taxonomy":"product_tag","embeddable":true,"href":"https:\/\/repliquemangacine.fr\/es\/wp-json\/wp\/v2\/product_tag?post=26558"}],"curies":[{"name":"wp","href":"https:\/\/api.w.org\/{rel}","templated":true}]}}