





{"id":26544,"date":"2016-11-30T17:09:44","date_gmt":"2016-11-30T16:09:44","guid":{"rendered":"https:\/\/repliquemangacine.fr\/?post_type=product&#038;p=26544"},"modified":"2025-12-31T12:51:33","modified_gmt":"2025-12-31T11:51:33","slug":"jon-snow-espada-gran-garra-espada-el-trono-de-hierro","status":"publish","type":"product","link":"https:\/\/repliquemangacine.fr\/es\/epees-game-of-thrones\/epee-jon-snow-epee-grand-griffe-le-trone-de-fer\/","title":{"rendered":"Espada Jon Snow Longclaw Versi\u00f3n Romana"},"content":{"rendered":"<h2>Espada Longclaw de Jon Nieve en Juego de Tronos.<\/h2>\n<p>Para empezar, el<strong>Espada de Jon Nieve <a href=\"https:\/\/gameofthrones.fandom.com\/wiki\/Longclaw\" target=\"_blank\" rel=\"noopener noreferrer\">Longclaw<\/a><\/strong> En su versi\u00f3n novelada, es de acero valyrio y perteneci\u00f3 a la Casa Mormont.<\/p>\n<p>Ofrecida a Jon en la primera temporada de la serie por Jeor Mormont despu\u00e9s de que Jon le salvara la vida de un espectro. Jon la lleva consigo a todas partes cuando sale m\u00e1s all\u00e1 del Muro, en las diferentes batallas \u201cCastillo Negro, Batalla de los Bastardos...\u201d, entre otras.<\/p>\n<p>Esta espada le salva la vida durante su duelo contra un caminante, ya que no explota al entrar en contacto con la Hoja de Hielo del Caminante Blanco. Sorprendido, Jon lo mata, lo que provoca la explosi\u00f3n del caminante. Gran Garra se convierte en la espada oficial de la Casa Stark.<\/p>\n<h2>Tu Jon Snow Longclaw Sword al mejor precio.<\/h2>\n<p>Te traemos todas las r\u00e9plicas de las espadas de tus h\u00e9roes favoritos de Juego de Tronos.<\/p>\n<p>Lo primero y m\u00e1s importante,<\/p>\n<ul>\n<li>L'<a href=\"https:\/\/repliquemangacine.fr\/es\/espadas-de-juego-de-tronos\/arya-stark-vaina-aguja\/\">espada aguja arya<\/a> Stark que le dio Jon Nieve, con vaina.<\/li>\n<li>Pero tambi\u00e9n la<a href=\"https:\/\/repliquemangacine.fr\/es\/juego-de-tronos\/jon-snow-espada-grande-juego-de-tronos-etiqueta\/\">Espada Gran Garra<\/a> versi\u00f3n de producci\u00f3n.<\/li>\n<li>Tambi\u00e9n disponible como daga.<\/li>\n<li>Y muchos m\u00e1s por descubrir en nuestra tienda en l\u00ednea.<\/li>\n<\/ul>\n<p>Por eso, aqu\u00ed tienes una idea estupenda para regalar a los fans de la serie Juego de Tronos.<\/p>\n<p>En conclusi\u00f3n, puede utilizar el\u2019<strong>Espada Longclaw de Jon Nieve<\/strong> para tus desfiles de cosplay o veladas tem\u00e1ticas. Pero, sobre todo, es una pieza de coleccionista y decoraci\u00f3n.<\/p>\n<h2>\u00bfC\u00f3mo mantengo la hoja de mi espada de Juego de Tronos?<\/h2>\n<p>Las espadas de colecci\u00f3n y decorativas se fabrican y ensamblan de forma simplificada. Como su uso es decorativo, no cuentan con los elementos de seguridad necesarios para una espada japonesa destinada al entrenamiento.<\/p>\n<p>Sin embargo, su <strong>Espada Longclaw de Jon Nieve<\/strong> a una hoja de acero que hay que cuidar para evitar que se estropee con el tiempo. Cuando exponga su katana, sus amigos sentir\u00e1n curiosidad por ver la hoja y tocarla. Aqu\u00ed es donde hay que tener cuidado, ya que la acidez de los dedos es muy perjudicial para el acero, sea cual sea su calidad.<\/p>\n<p>Sin embargo, si esto ocurre, no se preocupe, solo tiene que humedecer un pa\u00f1o con un poco de aceite y limpiar las huellas dactilares. De esta forma, conservar\u00e1 su espada durante mucho tiempo.<\/p>\n<p><strong>\u00a0<\/strong><\/p>\n<p>&nbsp;<\/p>","protected":false},"excerpt":{"rendered":"<p>R\u00e9plica id\u00e9ntica de la espada Grand-Griffe tal y como se define en la novela.<\/p>\n<ul>\n<li>Hoja de acero inoxidable.<\/li>\n<li>Guarda de acero macizo.<\/li>\n<li>Pomo de resina con cabeza de lobo.<\/li>\n<li>Asa de metal.<\/li>\n<li>Soporte mural de madera.<\/li>\n<li>Longitud de la hoja: 83 cm - Longitud total: 110 cm<\/li>\n<\/ul>\n<p>&nbsp;<\/p>","protected":false},"featured_media":26545,"template":"","meta":[],"product_brand":[896],"product_cat":[84,72,24,47,43],"product_tag":[],"class_list":{"0":"post-26544","1":"product","2":"type-product","3":"status-publish","4":"has-post-thumbnail","6":"product_brand-replique-manga-cine","7":"product_cat-epee-templier-medievale","8":"product_cat-epees-game-of-thrones","9":"product_cat-films-series-tv-vente-de-katana-epee-et-produits-derives","10":"product_cat-game-of-thrones","11":"product_cat-reproductions-d-armes-et-accessoires-medievales","13":"first","14":"instock","15":"taxable","16":"shipping-taxable","17":"purchasable","18":"product-type-simple"},"yoast_head":"<!-- This site is optimized with the Yoast SEO plugin v27.4 - https:\/\/yoast.com\/product\/yoast-seo-wordpress\/ -->\n<title>Ep\u00e9e Jon Snow Longclaw - Ep\u00e9es Game of Thrones | RMC<\/title>\n<meta name=\"description\" content=\"Offrez-lui ! Cette Ep\u00e9e Jon Snow Longclaw du Tr\u00f4ne de fer au meilleur prix. Lame en acier 440 - Pommeau t\u00eate de loup - Support bois - Longueur : 110 cm\" \/>\n<meta name=\"robots\" content=\"index, follow, max-snippet:-1, max-image-preview:large, max-video-preview:-1\" \/>\n<link rel=\"canonical\" href=\"https:\/\/repliquemangacine.fr\/es\/espadas-de-juego-de-tronos\/jon-snow-espada-gran-garra-espada-el-trono-de-hierro\/\" \/>\n<meta property=\"og:locale\" content=\"es_ES\" \/>\n<meta property=\"og:type\" content=\"article\" \/>\n<meta property=\"og:title\" content=\"Ep\u00e9e Jon Snow Longclaw - Ep\u00e9es Game of Thrones | RMC\" \/>\n<meta property=\"og:description\" content=\"Offrez-lui ! Cette Ep\u00e9e Jon Snow Longclaw du Tr\u00f4ne de fer au meilleur prix. Lame en acier 440 - Pommeau t\u00eate de loup - Support bois - Longueur : 110 cm\" \/>\n<meta property=\"og:url\" content=\"https:\/\/repliquemangacine.fr\/es\/espadas-de-juego-de-tronos\/jon-snow-espada-gran-garra-espada-el-trono-de-hierro\/\" \/>\n<meta property=\"og:site_name\" content=\"R\u00e9plique Manga Cin\u00e9\" \/>\n<meta property=\"article:publisher\" content=\"https:\/\/www.facebook.com\/RepliqueMangaCine\" \/>\n<meta property=\"article:modified_time\" content=\"2025-12-31T11:51:33+00:00\" \/>\n<meta property=\"og:image\" content=\"https:\/\/repliquemangacine.fr\/wp-content\/uploads\/2023\/10\/1207-Epee-Jon-Snow-Epee-Grand-Griffe-le-Trone-de-Fer.jpg\" \/>\n\t<meta property=\"og:image:width\" content=\"800\" \/>\n\t<meta property=\"og:image:height\" content=\"800\" \/>\n\t<meta property=\"og:image:type\" content=\"image\/jpeg\" \/>\n<meta name=\"twitter:card\" content=\"summary_large_image\" \/>\n<meta name=\"twitter:label1\" content=\"Tiempo de lectura\" \/>\n\t<meta name=\"twitter:data1\" content=\"3 minutos\" \/>\n<script type=\"application\/ld+json\" class=\"yoast-schema-graph\">{\"@context\":\"https:\\\/\\\/schema.org\",\"@graph\":[{\"@type\":\"WebPage\",\"@id\":\"https:\\\/\\\/repliquemangacine.fr\\\/epees-game-of-thrones\\\/epee-jon-snow-epee-grand-griffe-le-trone-de-fer\\\/\",\"url\":\"https:\\\/\\\/repliquemangacine.fr\\\/epees-game-of-thrones\\\/epee-jon-snow-epee-grand-griffe-le-trone-de-fer\\\/\",\"name\":\"Ep\u00e9e Jon Snow Longclaw - Ep\u00e9es Game of Thrones | RMC\",\"isPartOf\":{\"@id\":\"https:\\\/\\\/repliquemangacine.fr\\\/#website\"},\"primaryImageOfPage\":{\"@id\":\"https:\\\/\\\/repliquemangacine.fr\\\/epees-game-of-thrones\\\/epee-jon-snow-epee-grand-griffe-le-trone-de-fer\\\/#primaryimage\"},\"image\":{\"@id\":\"https:\\\/\\\/repliquemangacine.fr\\\/epees-game-of-thrones\\\/epee-jon-snow-epee-grand-griffe-le-trone-de-fer\\\/#primaryimage\"},\"thumbnailUrl\":\"https:\\\/\\\/repliquemangacine.fr\\\/wp-content\\\/uploads\\\/2023\\\/10\\\/1207-Epee-Jon-Snow-Epee-Grand-Griffe-le-Trone-de-Fer.jpg\",\"datePublished\":\"2016-11-30T16:09:44+00:00\",\"dateModified\":\"2025-12-31T11:51:33+00:00\",\"description\":\"Offrez-lui ! Cette Ep\u00e9e Jon Snow Longclaw du Tr\u00f4ne de fer au meilleur prix. Lame en acier 440 - Pommeau t\u00eate de loup - Support bois - Longueur : 110 cm\",\"breadcrumb\":{\"@id\":\"https:\\\/\\\/repliquemangacine.fr\\\/epees-game-of-thrones\\\/epee-jon-snow-epee-grand-griffe-le-trone-de-fer\\\/#breadcrumb\"},\"inLanguage\":\"es\",\"potentialAction\":[{\"@type\":\"ReadAction\",\"target\":[\"https:\\\/\\\/repliquemangacine.fr\\\/epees-game-of-thrones\\\/epee-jon-snow-epee-grand-griffe-le-trone-de-fer\\\/\"]}]},{\"@type\":\"ImageObject\",\"inLanguage\":\"es\",\"@id\":\"https:\\\/\\\/repliquemangacine.fr\\\/epees-game-of-thrones\\\/epee-jon-snow-epee-grand-griffe-le-trone-de-fer\\\/#primaryimage\",\"url\":\"https:\\\/\\\/repliquemangacine.fr\\\/wp-content\\\/uploads\\\/2023\\\/10\\\/1207-Epee-Jon-Snow-Epee-Grand-Griffe-le-Trone-de-Fer.jpg\",\"contentUrl\":\"https:\\\/\\\/repliquemangacine.fr\\\/wp-content\\\/uploads\\\/2023\\\/10\\\/1207-Epee-Jon-Snow-Epee-Grand-Griffe-le-Trone-de-Fer.jpg\",\"width\":800,\"height\":800,\"caption\":\"Ep\u00e9e Jon Snow - Ep\u00e9e Grand-Griffe - le Tr\u00f4ne de Fer\"},{\"@type\":\"BreadcrumbList\",\"@id\":\"https:\\\/\\\/repliquemangacine.fr\\\/epees-game-of-thrones\\\/epee-jon-snow-epee-grand-griffe-le-trone-de-fer\\\/#breadcrumb\",\"itemListElement\":[{\"@type\":\"ListItem\",\"position\":1,\"name\":\"Accueil\",\"item\":\"https:\\\/\\\/repliquemangacine.fr\\\/\"},{\"@type\":\"ListItem\",\"position\":2,\"name\":\"Produits\",\"item\":\"https:\\\/\\\/repliquemangacine.fr\\\/boutique\\\/\"},{\"@type\":\"ListItem\",\"position\":3,\"name\":\"Ep\u00e9e Jon Snow Longclaw Version Roman\"}]},{\"@type\":\"WebSite\",\"@id\":\"https:\\\/\\\/repliquemangacine.fr\\\/#website\",\"url\":\"https:\\\/\\\/repliquemangacine.fr\\\/\",\"name\":\"R\u00e9plique Manga Cin\u00e9\",\"description\":\"\",\"publisher\":{\"@id\":\"https:\\\/\\\/repliquemangacine.fr\\\/#organization\"},\"potentialAction\":[{\"@type\":\"SearchAction\",\"target\":{\"@type\":\"EntryPoint\",\"urlTemplate\":\"https:\\\/\\\/repliquemangacine.fr\\\/?s={search_term_string}\"},\"query-input\":{\"@type\":\"PropertyValueSpecification\",\"valueRequired\":true,\"valueName\":\"search_term_string\"}}],\"inLanguage\":\"es\"},{\"@type\":\"Organization\",\"@id\":\"https:\\\/\\\/repliquemangacine.fr\\\/#organization\",\"name\":\"R\u00e9plique Manga Cin\u00e9\",\"url\":\"https:\\\/\\\/repliquemangacine.fr\\\/\",\"logo\":{\"@type\":\"ImageObject\",\"inLanguage\":\"es\",\"@id\":\"https:\\\/\\\/repliquemangacine.fr\\\/#\\\/schema\\\/logo\\\/image\\\/\",\"url\":\"https:\\\/\\\/repliquemangacine.fr\\\/wp-content\\\/uploads\\\/2023\\\/10\\\/RMC-500250.png\",\"contentUrl\":\"https:\\\/\\\/repliquemangacine.fr\\\/wp-content\\\/uploads\\\/2023\\\/10\\\/RMC-500250.png\",\"width\":500,\"height\":250,\"caption\":\"R\u00e9plique Manga Cin\u00e9\"},\"image\":{\"@id\":\"https:\\\/\\\/repliquemangacine.fr\\\/#\\\/schema\\\/logo\\\/image\\\/\"},\"sameAs\":[\"https:\\\/\\\/www.facebook.com\\\/RepliqueMangaCine\",\"https:\\\/\\\/www.instagram.com\\\/repliquemangacine.fr\\\/\"]}]}<\/script>\n<!-- \/ Yoast SEO plugin. -->","yoast_head_json":{"title":"Jon Snow Longclaw Sword - Espadas de Juego de Tronos | RMC","description":"\u00a1Reg\u00e1lasela! Esta espada Longclaw de Jon Nieve del Trono de Hierro al mejor precio. Hoja de acero 440 - Pomo con cabeza de lobo - Soporte de madera - Longitud: 110 cm","robots":{"index":"index","follow":"follow","max-snippet":"max-snippet:-1","max-image-preview":"max-image-preview:large","max-video-preview":"max-video-preview:-1"},"canonical":"https:\/\/repliquemangacine.fr\/es\/espadas-de-juego-de-tronos\/jon-snow-espada-gran-garra-espada-el-trono-de-hierro\/","og_locale":"es_ES","og_type":"article","og_title":"Ep\u00e9e Jon Snow Longclaw - Ep\u00e9es Game of Thrones | RMC","og_description":"Offrez-lui ! Cette Ep\u00e9e Jon Snow Longclaw du Tr\u00f4ne de fer au meilleur prix. Lame en acier 440 - Pommeau t\u00eate de loup - Support bois - Longueur : 110 cm","og_url":"https:\/\/repliquemangacine.fr\/es\/espadas-de-juego-de-tronos\/jon-snow-espada-gran-garra-espada-el-trono-de-hierro\/","og_site_name":"R\u00e9plique Manga Cin\u00e9","article_publisher":"https:\/\/www.facebook.com\/RepliqueMangaCine","article_modified_time":"2025-12-31T11:51:33+00:00","og_image":[{"width":800,"height":800,"url":"https:\/\/repliquemangacine.fr\/wp-content\/uploads\/2023\/10\/1207-Epee-Jon-Snow-Epee-Grand-Griffe-le-Trone-de-Fer.jpg","type":"image\/jpeg"}],"twitter_card":"summary_large_image","twitter_misc":{"Tiempo de lectura":"3 minutos"},"schema":{"@context":"https:\/\/schema.org","@graph":[{"@type":"WebPage","@id":"https:\/\/repliquemangacine.fr\/epees-game-of-thrones\/epee-jon-snow-epee-grand-griffe-le-trone-de-fer\/","url":"https:\/\/repliquemangacine.fr\/epees-game-of-thrones\/epee-jon-snow-epee-grand-griffe-le-trone-de-fer\/","name":"Jon Snow Longclaw Sword - Espadas de Juego de Tronos | RMC","isPartOf":{"@id":"https:\/\/repliquemangacine.fr\/#website"},"primaryImageOfPage":{"@id":"https:\/\/repliquemangacine.fr\/epees-game-of-thrones\/epee-jon-snow-epee-grand-griffe-le-trone-de-fer\/#primaryimage"},"image":{"@id":"https:\/\/repliquemangacine.fr\/epees-game-of-thrones\/epee-jon-snow-epee-grand-griffe-le-trone-de-fer\/#primaryimage"},"thumbnailUrl":"https:\/\/repliquemangacine.fr\/wp-content\/uploads\/2023\/10\/1207-Epee-Jon-Snow-Epee-Grand-Griffe-le-Trone-de-Fer.jpg","datePublished":"2016-11-30T16:09:44+00:00","dateModified":"2025-12-31T11:51:33+00:00","description":"\u00a1Reg\u00e1lasela! Esta espada Longclaw de Jon Nieve del Trono de Hierro al mejor precio. Hoja de acero 440 - Pomo con cabeza de lobo - Soporte de madera - Longitud: 110 cm","breadcrumb":{"@id":"https:\/\/repliquemangacine.fr\/epees-game-of-thrones\/epee-jon-snow-epee-grand-griffe-le-trone-de-fer\/#breadcrumb"},"inLanguage":"es","potentialAction":[{"@type":"ReadAction","target":["https:\/\/repliquemangacine.fr\/epees-game-of-thrones\/epee-jon-snow-epee-grand-griffe-le-trone-de-fer\/"]}]},{"@type":"ImageObject","inLanguage":"es","@id":"https:\/\/repliquemangacine.fr\/epees-game-of-thrones\/epee-jon-snow-epee-grand-griffe-le-trone-de-fer\/#primaryimage","url":"https:\/\/repliquemangacine.fr\/wp-content\/uploads\/2023\/10\/1207-Epee-Jon-Snow-Epee-Grand-Griffe-le-Trone-de-Fer.jpg","contentUrl":"https:\/\/repliquemangacine.fr\/wp-content\/uploads\/2023\/10\/1207-Epee-Jon-Snow-Epee-Grand-Griffe-le-Trone-de-Fer.jpg","width":800,"height":800,"caption":"Ep\u00e9e Jon Snow - Ep\u00e9e Grand-Griffe - le Tr\u00f4ne de Fer"},{"@type":"BreadcrumbList","@id":"https:\/\/repliquemangacine.fr\/epees-game-of-thrones\/epee-jon-snow-epee-grand-griffe-le-trone-de-fer\/#breadcrumb","itemListElement":[{"@type":"ListItem","position":1,"name":"Accueil","item":"https:\/\/repliquemangacine.fr\/"},{"@type":"ListItem","position":2,"name":"Produits","item":"https:\/\/repliquemangacine.fr\/boutique\/"},{"@type":"ListItem","position":3,"name":"Ep\u00e9e Jon Snow Longclaw Version Roman"}]},{"@type":"WebSite","@id":"https:\/\/repliquemangacine.fr\/#website","url":"https:\/\/repliquemangacine.fr\/","name":"R\u00e9plique Manga Cin\u00e9","description":"","publisher":{"@id":"https:\/\/repliquemangacine.fr\/#organization"},"potentialAction":[{"@type":"SearchAction","target":{"@type":"EntryPoint","urlTemplate":"https:\/\/repliquemangacine.fr\/?s={search_term_string}"},"query-input":{"@type":"PropertyValueSpecification","valueRequired":true,"valueName":"search_term_string"}}],"inLanguage":"es"},{"@type":"Organization","@id":"https:\/\/repliquemangacine.fr\/#organization","name":"R\u00e9plique Manga Cin\u00e9","url":"https:\/\/repliquemangacine.fr\/","logo":{"@type":"ImageObject","inLanguage":"es","@id":"https:\/\/repliquemangacine.fr\/#\/schema\/logo\/image\/","url":"https:\/\/repliquemangacine.fr\/wp-content\/uploads\/2023\/10\/RMC-500250.png","contentUrl":"https:\/\/repliquemangacine.fr\/wp-content\/uploads\/2023\/10\/RMC-500250.png","width":500,"height":250,"caption":"R\u00e9plique Manga Cin\u00e9"},"image":{"@id":"https:\/\/repliquemangacine.fr\/#\/schema\/logo\/image\/"},"sameAs":["https:\/\/www.facebook.com\/RepliqueMangaCine","https:\/\/www.instagram.com\/repliquemangacine.fr\/"]}]}},"_links":{"self":[{"href":"https:\/\/repliquemangacine.fr\/es\/wp-json\/wp\/v2\/product\/26544","targetHints":{"allow":["GET"]}}],"collection":[{"href":"https:\/\/repliquemangacine.fr\/es\/wp-json\/wp\/v2\/product"}],"about":[{"href":"https:\/\/repliquemangacine.fr\/es\/wp-json\/wp\/v2\/types\/product"}],"wp:featuredmedia":[{"embeddable":true,"href":"https:\/\/repliquemangacine.fr\/es\/wp-json\/wp\/v2\/media\/26545"}],"wp:attachment":[{"href":"https:\/\/repliquemangacine.fr\/es\/wp-json\/wp\/v2\/media?parent=26544"}],"wp:term":[{"taxonomy":"product_brand","embeddable":true,"href":"https:\/\/repliquemangacine.fr\/es\/wp-json\/wp\/v2\/product_brand?post=26544"},{"taxonomy":"product_cat","embeddable":true,"href":"https:\/\/repliquemangacine.fr\/es\/wp-json\/wp\/v2\/product_cat?post=26544"},{"taxonomy":"product_tag","embeddable":true,"href":"https:\/\/repliquemangacine.fr\/es\/wp-json\/wp\/v2\/product_tag?post=26544"}],"curies":[{"name":"wp","href":"https:\/\/api.w.org\/{rel}","templated":true}]}}