





{"id":26522,"date":"2016-11-28T09:12:18","date_gmt":"2016-11-28T08:12:18","guid":{"rendered":"https:\/\/repliquemangacine.fr\/?post_type=product&#038;p=26522"},"modified":"2025-12-12T19:47:54","modified_gmt":"2025-12-12T18:47:54","slug":"encendedor-de-sable-del-1er-imperio-de-infanteria-napoleonica","status":"publish","type":"product","link":"https:\/\/repliquemangacine.fr\/es\/sabres-1er-empire\/sabre-briquet-d-infanterie-napoleonienne-1er-empire\/","title":{"rendered":"Sable de infanter\u00eda Briquet - Sabre Napol\u00e9on"},"content":{"rendered":"<h2>Sable Briquet de Infanter\u00eda Napole\u00f3nica modelo AN XI.<\/h2>\n<p>Para empezar, el <strong>Sable Briquet de Infanter\u00eda Napole\u00f3nica<\/strong>dise\u00f1ado para cortar, generalmente utilizado por los oficiales de caballer\u00eda e infanter\u00eda, as\u00ed como por la marina.<\/p>\n<p>La infanter\u00eda de Napole\u00f3n estaba equipada con un sable corto, que se llevaba en bandolera junto a la bayoneta. En 1806, este sable adopt\u00f3 oficialmente el sobrenombre de \"mechero\", que le dio en burla la caballer\u00eda.<\/p>\n<p>Este sable de infanter\u00eda, conocido como Briquet, es un modelo An XI con una hoja plana y curvada de 60 cm y una empu\u00f1adura redondeada con una rama de lat\u00f3n de 28 estr\u00edas.<\/p>\n<p>Se fabricaron cientos de miles entre el Primer Imperio y el reinado de Luis Felipe.<\/p>\n<p>Le <a href=\"https:\/\/www.histoire-pour-tous.fr\/histoire-de-france\/4915-les-sabres-briquets-francais.html\" target=\"_blank\" rel=\"noopener noreferrer\">encendedor de sable<\/a> El modelo AN XI fue el \u00faltimo sable de infanter\u00eda con hoja curva.<\/p>\n<h2>Tu Mechero Sable Infanter\u00eda Napole\u00f3nica al mejor precio.<\/h2>\n<p>Ofrecemos una amplia gama de reproducciones de armas hist\u00f3ricas<\/p>\n<p>Lo primero y m\u00e1s importante,<\/p>\n<ul>\n<li>Le <a href=\"https:\/\/repliquemangacine.fr\/es\/pistola-antigua\/pistola-napoleon-gribeauval-1806\/\">Pistola Napole\u00f3n de chispa<\/a> con el emblema de la N y su corona imperial.<\/li>\n<li>As\u00ed como el<a href=\"https:\/\/repliquemangacine.fr\/es\/espadas-del-i-imperio\/espada-de-ceremonia-napoleonica\/\">Espada de ceremonia napole\u00f3nica<\/a> con su famoso s\u00edmbolo del \u00e1guila.<\/li>\n<li>Tambi\u00e9n hay este precioso conjunto de dos piezas en forma de flor de lis.<\/li>\n<li>Y muchos m\u00e1s por descubrir en nuestra tienda en l\u00ednea.<\/li>\n<\/ul>\n<p>Por eso hemos pensado en algunas ideas para regalar a los aficionados a la historia.<\/p>\n<p>En conclusi\u00f3n, tambi\u00e9n puede utilizar este <strong>Sable Briquet de Infanter\u00eda Napole\u00f3nica<\/strong> para sus recreaciones hist\u00f3ricas. Pero sobre todo, esta espada es una pieza de coleccionista y una pieza decorativa.<\/p>\n<h2>\u00bfC\u00f3mo se mantiene la hoja de su espada hist\u00f3rica?<\/h2>\n<p>Las espadas de colecci\u00f3n y decorativas se fabrican y ensamblan de forma simplificada. Como su uso es decorativo, no cuentan con los elementos de seguridad necesarios para una espada japonesa destinada al entrenamiento.<\/p>\n<p>Sin embargo, su <strong>Sable Briquet de Infanter\u00eda Napole\u00f3nica<\/strong> a una hoja de acero que hay que cuidar para evitar que se estropee con el tiempo. Cuando exponga su katana, sus amigos sentir\u00e1n curiosidad por ver la hoja y tocarla. Aqu\u00ed es donde hay que tener cuidado, ya que la acidez de los dedos es muy perjudicial para el acero, sea cual sea su calidad.<\/p>\n<p>Sin embargo, si esto ocurre, no te asustes, todo lo que necesitas es un pa\u00f1o humedecido con un poco de aceite y limpiar las huellas dactilares. Si haces esto, tu espada durar\u00e1 mucho tiempo.<\/p>","protected":false},"excerpt":{"rendered":"<p>Reproducci\u00f3n del sable emblem\u00e1tico del armamento del soldado de infanter\u00eda franc\u00e9s de finales del siglo XVIII y principios del XIX.<\/p>\n<ul>\n<li>Hoja de acero curvada con ranura.<\/li>\n<li>Asa acanalada de lat\u00f3n.<\/li>\n<li>Vaina de madera recubierta de cuero con punta de lat\u00f3n.<\/li>\n<li>Dimensiones: 77 cm - Peso: 1385 gramos<\/li>\n<\/ul>","protected":false},"featured_media":26523,"template":"","meta":[],"product_brand":[896],"product_cat":[25,37,833,74],"product_tag":[],"class_list":{"0":"post-26522","1":"product","2":"type-product","3":"status-publish","4":"has-post-thumbnail","6":"product_brand-replique-manga-cine","7":"product_cat-armes-historiques","8":"product_cat-premier-empire","9":"product_cat-repliques-darmes-napoleon","10":"product_cat-sabres-1er-empire","12":"first","13":"outofstock","14":"taxable","15":"shipping-taxable","16":"purchasable","17":"product-type-simple"},"yoast_head":"<!-- This site is optimized with the Yoast SEO plugin v27.4 - https:\/\/yoast.com\/product\/yoast-seo-wordpress\/ -->\n<title>Sabre Briquet d&#039;infanterie Napol\u00e9onienne - \u00c9p\u00e9e 1er Empire | RMC<\/title>\n<meta name=\"description\" content=\"Commandez vite ! Le c\u00e9l\u00e8bre Sabre Briquet d&#039;infanterie napol\u00e9onienne au meilleur prix - Lame acier - Poign\u00e9e laiton - Longueur : 77 cm - Envoi 24\/48h\" \/>\n<meta name=\"robots\" content=\"index, follow, max-snippet:-1, max-image-preview:large, max-video-preview:-1\" \/>\n<link rel=\"canonical\" href=\"https:\/\/repliquemangacine.fr\/es\/replicas-de-armas-napoleon\/encendedor-de-sable-del-1er-imperio-de-infanteria-napoleonica\/\" \/>\n<meta property=\"og:locale\" content=\"es_ES\" \/>\n<meta property=\"og:type\" content=\"article\" \/>\n<meta property=\"og:title\" content=\"Sabre Briquet d&#039;infanterie Napol\u00e9onienne - \u00c9p\u00e9e 1er Empire | RMC\" \/>\n<meta property=\"og:description\" content=\"Commandez vite ! Le c\u00e9l\u00e8bre Sabre Briquet d&#039;infanterie napol\u00e9onienne au meilleur prix - Lame acier - Poign\u00e9e laiton - Longueur : 77 cm - Envoi 24\/48h\" \/>\n<meta property=\"og:url\" content=\"https:\/\/repliquemangacine.fr\/es\/replicas-de-armas-napoleon\/encendedor-de-sable-del-1er-imperio-de-infanteria-napoleonica\/\" \/>\n<meta property=\"og:site_name\" content=\"R\u00e9plique Manga Cin\u00e9\" \/>\n<meta property=\"article:publisher\" content=\"https:\/\/www.facebook.com\/RepliqueMangaCine\" \/>\n<meta property=\"article:modified_time\" content=\"2025-12-12T18:47:54+00:00\" \/>\n<meta property=\"og:image\" content=\"https:\/\/repliquemangacine.fr\/wp-content\/uploads\/2023\/10\/1681-Sabre-Briquet-dinfanterie-Sabre-Napoleon.jpg\" \/>\n\t<meta property=\"og:image:width\" content=\"600\" \/>\n\t<meta property=\"og:image:height\" content=\"600\" \/>\n\t<meta property=\"og:image:type\" content=\"image\/jpeg\" \/>\n<meta name=\"twitter:card\" content=\"summary_large_image\" \/>\n<meta name=\"twitter:label1\" content=\"Tiempo de lectura\" \/>\n\t<meta name=\"twitter:data1\" content=\"3 minutos\" \/>\n<script type=\"application\/ld+json\" class=\"yoast-schema-graph\">{\"@context\":\"https:\\\/\\\/schema.org\",\"@graph\":[{\"@type\":\"WebPage\",\"@id\":\"https:\\\/\\\/repliquemangacine.fr\\\/repliques-darmes-napoleon\\\/sabre-briquet-d-infanterie-napoleonienne-1er-empire\\\/\",\"url\":\"https:\\\/\\\/repliquemangacine.fr\\\/repliques-darmes-napoleon\\\/sabre-briquet-d-infanterie-napoleonienne-1er-empire\\\/\",\"name\":\"Sabre Briquet d'infanterie Napol\u00e9onienne - \u00c9p\u00e9e 1er Empire | RMC\",\"isPartOf\":{\"@id\":\"https:\\\/\\\/repliquemangacine.fr\\\/#website\"},\"primaryImageOfPage\":{\"@id\":\"https:\\\/\\\/repliquemangacine.fr\\\/repliques-darmes-napoleon\\\/sabre-briquet-d-infanterie-napoleonienne-1er-empire\\\/#primaryimage\"},\"image\":{\"@id\":\"https:\\\/\\\/repliquemangacine.fr\\\/repliques-darmes-napoleon\\\/sabre-briquet-d-infanterie-napoleonienne-1er-empire\\\/#primaryimage\"},\"thumbnailUrl\":\"https:\\\/\\\/repliquemangacine.fr\\\/wp-content\\\/uploads\\\/2023\\\/10\\\/1681-Sabre-Briquet-dinfanterie-Sabre-Napoleon.jpg\",\"datePublished\":\"2016-11-28T08:12:18+00:00\",\"dateModified\":\"2025-12-12T18:47:54+00:00\",\"description\":\"Commandez vite ! Le c\u00e9l\u00e8bre Sabre Briquet d'infanterie napol\u00e9onienne au meilleur prix - Lame acier - Poign\u00e9e laiton - Longueur : 77 cm - Envoi 24\\\/48h\",\"breadcrumb\":{\"@id\":\"https:\\\/\\\/repliquemangacine.fr\\\/repliques-darmes-napoleon\\\/sabre-briquet-d-infanterie-napoleonienne-1er-empire\\\/#breadcrumb\"},\"inLanguage\":\"es\",\"potentialAction\":[{\"@type\":\"ReadAction\",\"target\":[\"https:\\\/\\\/repliquemangacine.fr\\\/repliques-darmes-napoleon\\\/sabre-briquet-d-infanterie-napoleonienne-1er-empire\\\/\"]}]},{\"@type\":\"ImageObject\",\"inLanguage\":\"es\",\"@id\":\"https:\\\/\\\/repliquemangacine.fr\\\/repliques-darmes-napoleon\\\/sabre-briquet-d-infanterie-napoleonienne-1er-empire\\\/#primaryimage\",\"url\":\"https:\\\/\\\/repliquemangacine.fr\\\/wp-content\\\/uploads\\\/2023\\\/10\\\/1681-Sabre-Briquet-dinfanterie-Sabre-Napoleon.jpg\",\"contentUrl\":\"https:\\\/\\\/repliquemangacine.fr\\\/wp-content\\\/uploads\\\/2023\\\/10\\\/1681-Sabre-Briquet-dinfanterie-Sabre-Napoleon.jpg\",\"width\":600,\"height\":600,\"caption\":\"Sabre Briquet d'infanterie - Sabre Napol\u00e9on\"},{\"@type\":\"BreadcrumbList\",\"@id\":\"https:\\\/\\\/repliquemangacine.fr\\\/repliques-darmes-napoleon\\\/sabre-briquet-d-infanterie-napoleonienne-1er-empire\\\/#breadcrumb\",\"itemListElement\":[{\"@type\":\"ListItem\",\"position\":1,\"name\":\"Accueil\",\"item\":\"https:\\\/\\\/repliquemangacine.fr\\\/\"},{\"@type\":\"ListItem\",\"position\":2,\"name\":\"Produits\",\"item\":\"https:\\\/\\\/repliquemangacine.fr\\\/boutique\\\/\"},{\"@type\":\"ListItem\",\"position\":3,\"name\":\"Sabre Briquet d&#8217;infanterie &#8211; Sabre Napol\u00e9on\"}]},{\"@type\":\"WebSite\",\"@id\":\"https:\\\/\\\/repliquemangacine.fr\\\/#website\",\"url\":\"https:\\\/\\\/repliquemangacine.fr\\\/\",\"name\":\"R\u00e9plique Manga Cin\u00e9\",\"description\":\"\",\"publisher\":{\"@id\":\"https:\\\/\\\/repliquemangacine.fr\\\/#organization\"},\"potentialAction\":[{\"@type\":\"SearchAction\",\"target\":{\"@type\":\"EntryPoint\",\"urlTemplate\":\"https:\\\/\\\/repliquemangacine.fr\\\/?s={search_term_string}\"},\"query-input\":{\"@type\":\"PropertyValueSpecification\",\"valueRequired\":true,\"valueName\":\"search_term_string\"}}],\"inLanguage\":\"es\"},{\"@type\":\"Organization\",\"@id\":\"https:\\\/\\\/repliquemangacine.fr\\\/#organization\",\"name\":\"R\u00e9plique Manga Cin\u00e9\",\"url\":\"https:\\\/\\\/repliquemangacine.fr\\\/\",\"logo\":{\"@type\":\"ImageObject\",\"inLanguage\":\"es\",\"@id\":\"https:\\\/\\\/repliquemangacine.fr\\\/#\\\/schema\\\/logo\\\/image\\\/\",\"url\":\"https:\\\/\\\/repliquemangacine.fr\\\/wp-content\\\/uploads\\\/2023\\\/10\\\/RMC-500250.png\",\"contentUrl\":\"https:\\\/\\\/repliquemangacine.fr\\\/wp-content\\\/uploads\\\/2023\\\/10\\\/RMC-500250.png\",\"width\":500,\"height\":250,\"caption\":\"R\u00e9plique Manga Cin\u00e9\"},\"image\":{\"@id\":\"https:\\\/\\\/repliquemangacine.fr\\\/#\\\/schema\\\/logo\\\/image\\\/\"},\"sameAs\":[\"https:\\\/\\\/www.facebook.com\\\/RepliqueMangaCine\",\"https:\\\/\\\/www.instagram.com\\\/repliquemangacine.fr\\\/\"]}]}<\/script>\n<!-- \/ Yoast SEO plugin. -->","yoast_head_json":{"title":"Sable Briquet de Infanter\u00eda Napole\u00f3nica - 1st Empire Sword | RMC","description":"Haga su pedido El famoso encendedor de sable de la infanter\u00eda napole\u00f3nica al mejor precio - Hoja de acero - Mango de lat\u00f3n - Longitud : 77 cm - Env\u00edo 24\/48h","robots":{"index":"index","follow":"follow","max-snippet":"max-snippet:-1","max-image-preview":"max-image-preview:large","max-video-preview":"max-video-preview:-1"},"canonical":"https:\/\/repliquemangacine.fr\/es\/replicas-de-armas-napoleon\/encendedor-de-sable-del-1er-imperio-de-infanteria-napoleonica\/","og_locale":"es_ES","og_type":"article","og_title":"Sabre Briquet d'infanterie Napol\u00e9onienne - \u00c9p\u00e9e 1er Empire | RMC","og_description":"Commandez vite ! Le c\u00e9l\u00e8bre Sabre Briquet d'infanterie napol\u00e9onienne au meilleur prix - Lame acier - Poign\u00e9e laiton - Longueur : 77 cm - Envoi 24\/48h","og_url":"https:\/\/repliquemangacine.fr\/es\/replicas-de-armas-napoleon\/encendedor-de-sable-del-1er-imperio-de-infanteria-napoleonica\/","og_site_name":"R\u00e9plique Manga Cin\u00e9","article_publisher":"https:\/\/www.facebook.com\/RepliqueMangaCine","article_modified_time":"2025-12-12T18:47:54+00:00","og_image":[{"width":600,"height":600,"url":"https:\/\/repliquemangacine.fr\/wp-content\/uploads\/2023\/10\/1681-Sabre-Briquet-dinfanterie-Sabre-Napoleon.jpg","type":"image\/jpeg"}],"twitter_card":"summary_large_image","twitter_misc":{"Tiempo de lectura":"3 minutos"},"schema":{"@context":"https:\/\/schema.org","@graph":[{"@type":"WebPage","@id":"https:\/\/repliquemangacine.fr\/repliques-darmes-napoleon\/sabre-briquet-d-infanterie-napoleonienne-1er-empire\/","url":"https:\/\/repliquemangacine.fr\/repliques-darmes-napoleon\/sabre-briquet-d-infanterie-napoleonienne-1er-empire\/","name":"Sable Briquet de Infanter\u00eda Napole\u00f3nica - 1st Empire Sword | RMC","isPartOf":{"@id":"https:\/\/repliquemangacine.fr\/#website"},"primaryImageOfPage":{"@id":"https:\/\/repliquemangacine.fr\/repliques-darmes-napoleon\/sabre-briquet-d-infanterie-napoleonienne-1er-empire\/#primaryimage"},"image":{"@id":"https:\/\/repliquemangacine.fr\/repliques-darmes-napoleon\/sabre-briquet-d-infanterie-napoleonienne-1er-empire\/#primaryimage"},"thumbnailUrl":"https:\/\/repliquemangacine.fr\/wp-content\/uploads\/2023\/10\/1681-Sabre-Briquet-dinfanterie-Sabre-Napoleon.jpg","datePublished":"2016-11-28T08:12:18+00:00","dateModified":"2025-12-12T18:47:54+00:00","description":"Haga su pedido El famoso encendedor de sable de la infanter\u00eda napole\u00f3nica al mejor precio - Hoja de acero - Mango de lat\u00f3n - Longitud : 77 cm - Env\u00edo 24\/48h","breadcrumb":{"@id":"https:\/\/repliquemangacine.fr\/repliques-darmes-napoleon\/sabre-briquet-d-infanterie-napoleonienne-1er-empire\/#breadcrumb"},"inLanguage":"es","potentialAction":[{"@type":"ReadAction","target":["https:\/\/repliquemangacine.fr\/repliques-darmes-napoleon\/sabre-briquet-d-infanterie-napoleonienne-1er-empire\/"]}]},{"@type":"ImageObject","inLanguage":"es","@id":"https:\/\/repliquemangacine.fr\/repliques-darmes-napoleon\/sabre-briquet-d-infanterie-napoleonienne-1er-empire\/#primaryimage","url":"https:\/\/repliquemangacine.fr\/wp-content\/uploads\/2023\/10\/1681-Sabre-Briquet-dinfanterie-Sabre-Napoleon.jpg","contentUrl":"https:\/\/repliquemangacine.fr\/wp-content\/uploads\/2023\/10\/1681-Sabre-Briquet-dinfanterie-Sabre-Napoleon.jpg","width":600,"height":600,"caption":"Sabre Briquet d'infanterie - Sabre Napol\u00e9on"},{"@type":"BreadcrumbList","@id":"https:\/\/repliquemangacine.fr\/repliques-darmes-napoleon\/sabre-briquet-d-infanterie-napoleonienne-1er-empire\/#breadcrumb","itemListElement":[{"@type":"ListItem","position":1,"name":"Accueil","item":"https:\/\/repliquemangacine.fr\/"},{"@type":"ListItem","position":2,"name":"Produits","item":"https:\/\/repliquemangacine.fr\/boutique\/"},{"@type":"ListItem","position":3,"name":"Sabre Briquet d&#8217;infanterie &#8211; Sabre Napol\u00e9on"}]},{"@type":"WebSite","@id":"https:\/\/repliquemangacine.fr\/#website","url":"https:\/\/repliquemangacine.fr\/","name":"R\u00e9plique Manga Cin\u00e9","description":"","publisher":{"@id":"https:\/\/repliquemangacine.fr\/#organization"},"potentialAction":[{"@type":"SearchAction","target":{"@type":"EntryPoint","urlTemplate":"https:\/\/repliquemangacine.fr\/?s={search_term_string}"},"query-input":{"@type":"PropertyValueSpecification","valueRequired":true,"valueName":"search_term_string"}}],"inLanguage":"es"},{"@type":"Organization","@id":"https:\/\/repliquemangacine.fr\/#organization","name":"R\u00e9plique Manga Cin\u00e9","url":"https:\/\/repliquemangacine.fr\/","logo":{"@type":"ImageObject","inLanguage":"es","@id":"https:\/\/repliquemangacine.fr\/#\/schema\/logo\/image\/","url":"https:\/\/repliquemangacine.fr\/wp-content\/uploads\/2023\/10\/RMC-500250.png","contentUrl":"https:\/\/repliquemangacine.fr\/wp-content\/uploads\/2023\/10\/RMC-500250.png","width":500,"height":250,"caption":"R\u00e9plique Manga Cin\u00e9"},"image":{"@id":"https:\/\/repliquemangacine.fr\/#\/schema\/logo\/image\/"},"sameAs":["https:\/\/www.facebook.com\/RepliqueMangaCine","https:\/\/www.instagram.com\/repliquemangacine.fr\/"]}]}},"_links":{"self":[{"href":"https:\/\/repliquemangacine.fr\/es\/wp-json\/wp\/v2\/product\/26522","targetHints":{"allow":["GET"]}}],"collection":[{"href":"https:\/\/repliquemangacine.fr\/es\/wp-json\/wp\/v2\/product"}],"about":[{"href":"https:\/\/repliquemangacine.fr\/es\/wp-json\/wp\/v2\/types\/product"}],"wp:featuredmedia":[{"embeddable":true,"href":"https:\/\/repliquemangacine.fr\/es\/wp-json\/wp\/v2\/media\/26523"}],"wp:attachment":[{"href":"https:\/\/repliquemangacine.fr\/es\/wp-json\/wp\/v2\/media?parent=26522"}],"wp:term":[{"taxonomy":"product_brand","embeddable":true,"href":"https:\/\/repliquemangacine.fr\/es\/wp-json\/wp\/v2\/product_brand?post=26522"},{"taxonomy":"product_cat","embeddable":true,"href":"https:\/\/repliquemangacine.fr\/es\/wp-json\/wp\/v2\/product_cat?post=26522"},{"taxonomy":"product_tag","embeddable":true,"href":"https:\/\/repliquemangacine.fr\/es\/wp-json\/wp\/v2\/product_tag?post=26522"}],"curies":[{"name":"wp","href":"https:\/\/api.w.org\/{rel}","templated":true}]}}