





{"id":26495,"date":"2016-11-25T20:51:01","date_gmt":"2016-11-25T19:51:01","guid":{"rendered":"https:\/\/repliquemangacine.fr\/?post_type=product&#038;p=26495"},"modified":"2026-02-03T15:08:48","modified_gmt":"2026-02-03T14:08:48","slug":"casco-vikingo-de-beowulf","status":"publish","type":"product","link":"https:\/\/repliquemangacine.fr\/es\/heaume-casque-chevalier-templier\/casque-viking-beowulf\/","title":{"rendered":"Beowulf vikingo"},"content":{"rendered":"<h2>Beowulf Casco vikingo<\/h2>\n<p>Para empezar, el <strong>Beowulf Casco vikingo <\/strong>Elmo Viking es el nombre con el que se suele designar un tipo concreto de casco de hierro. Se hizo famoso en Europa occidental y Rusia debido a las incursiones de los vikingos. Durante unas excavaciones arqueol\u00f3gicas, se encontr\u00f3 un casco que se expone en el Museo Kulturhistorisk de Oslo.<\/p>\n<p>Estos guerreros procedentes de Noruega obtuvieron numerosas victorias. Incluso se establecieron de forma permanente en Normand\u00eda, regi\u00f3n que debe su nombre a estos invasores.<\/p>\n<p>Notables navegantes, los vikingos tambi\u00e9n se aventuraron hasta la pen\u00ednsula ib\u00e9rica. Los vikingos penetraron en el Mediterr\u00e1neo por el estrecho de Gibraltar, lo que les permiti\u00f3 establecerse en el delta del R\u00f3dano, en la Camarga, y luego pasar a Italia.<\/p>\n<p>Reconocidos como temibles guerreros, los vikingos nunca lograron formar un verdadero ej\u00e9rcito.<\/p>\n<h2>Tu Casco Vikingo Beowulf al mejor precio.<\/h2>\n<p>Le ofrecemos una amplia selecci\u00f3n de espadas, as\u00ed como cascos y escudos de la \u00e9poca vikinga.<\/p>\n<p>Lo primero y m\u00e1s importante,<\/p>\n<ul>\n<li>L'<a href=\"https:\/\/repliquemangacine.fr\/es\/vikingo\/espada-vikinga-ironside\/\">Espada vikinga Ironside<\/a> de C\u00f3ndor, llamado as\u00ed en honor de Bj\u00f6rn Ironside.<\/li>\n<li>Tambi\u00e9n existe la<a href=\"https:\/\/repliquemangacine.fr\/es\/vikingo\/torshov-vikingo-espada-9-siglo-10-practica\/\">Espada vikinga Torshov<\/a> basado en un descubrimiento en Torshov (Gjerdrum), en el sur de Noruega.<\/li>\n<li>Y muchos m\u00e1s por descubrir en nuestra tienda en l\u00ednea.<\/li>\n<li>Si busca una pulsera, un anillo o incluso un tatuaje, descubra nuestra tienda asociada <a href=\"https:\/\/www.viking-clan.com\/\" target=\"_blank\" rel=\"noopener noreferrer\">Clan vikingo<\/a>.<\/li>\n<\/ul>\n<p>Por eso, esta es una idea estupenda para regalar a los aficionados a la \u00e9poca vikinga.<\/p>\n<p>En conclusi\u00f3n, tambi\u00e9n puede utilizar este casco vikingo para sus recreaciones hist\u00f3ricas. Pero, ante todo, el <strong>Beowulf Casco vikingo<\/strong>Es una pieza de coleccionista, adem\u00e1s de decorativa.<\/p>\n<h2>\u00bfC\u00f3mo se fabrican sus objetos de colecci\u00f3n?<\/h2>\n<p>Para empezar, todos nuestros productos derivados son de la m\u00e1xima calidad, fabricados con meticulosa atenci\u00f3n al detalle. Una parte se hace a mano, para reproducir hasta el m\u00e1s m\u00ednimo detalle. Las partes m\u00e1s importantes se mecanizan con m\u00e1quinas muy precisas. Los grabados se hacen generalmente con punta de diamante o l\u00e1ser.<\/p>\n<p>Su <strong>Beowulf Casco vikingo<\/strong>, fabricado para reproducir con exactitud todos los detalles. Con el fin de estar a la altura del legado de las obras maestras originales. Se hace hincapi\u00e9 en la creaci\u00f3n de r\u00e9plicas de alta calidad que sean lo m\u00e1s precisas posible desde el punto de vista hist\u00f3rico.<\/p>\n<p>En conclusi\u00f3n, importadas de China, Espa\u00f1a o la India, \u00a1nuestras r\u00e9plicas le sorprender\u00e1n!<\/p>\n<p>R\u00e9plique Manga Cin\u00e9 es una empresa familiar francesa.<\/p>","protected":false},"excerpt":{"rendered":"<p>Decorado con apliques de lat\u00f3n repouss\u00e9.<\/p>\n<ul>\n<li>Todo de acero.<\/li>\n<li>Protecci\u00f3n ocular y nasal<\/li>\n<li>Protectores de las mejillas recubiertos de lat\u00f3n.<\/li>\n<li>Protector de nuca de malla de acero esta\u00f1ado con anillas de acero de 1,6 mm.<\/li>\n<li>Interior de cuero, correa de barbilla de cuero.<\/li>\n<li>Espesor del acero: 1,2 mm - Peso: 2300grs<\/li>\n<\/ul>","protected":false},"featured_media":26496,"template":"","meta":[],"product_brand":[896],"product_cat":[25,89,43,103],"product_tag":[],"class_list":{"0":"post-26495","1":"product","2":"type-product","3":"status-publish","4":"has-post-thumbnail","6":"product_brand-replique-manga-cine","7":"product_cat-armes-historiques","8":"product_cat-heaume-casque-chevalier-templier","9":"product_cat-reproductions-d-armes-et-accessoires-medievales","10":"product_cat-armes-et-accessoires-vikings","12":"first","13":"instock","14":"taxable","15":"shipping-taxable","16":"purchasable","17":"product-type-simple"},"yoast_head":"<!-- This site is optimized with the Yoast SEO plugin v27.4 - https:\/\/yoast.com\/product\/yoast-seo-wordpress\/ -->\n<title>Casque Viking Beowulf - Boutique en ligne | R\u00e9plique Manga Cin\u00e9<\/title>\n<meta name=\"description\" content=\"Offrez-vous ce Casque Viking Beowulf au meilleur prix - En acier - Nuqui\u00e8re en maille - Protection int\u00e9rieur en cuir - Appliques en laiton - Fonctionnel\" \/>\n<meta name=\"robots\" content=\"index, follow, max-snippet:-1, max-image-preview:large, max-video-preview:-1\" \/>\n<link rel=\"canonical\" href=\"https:\/\/repliquemangacine.fr\/es\/armas-y-accesorios-vikingos\/casco-vikingo-de-beowulf\/\" \/>\n<meta property=\"og:locale\" content=\"es_ES\" \/>\n<meta property=\"og:type\" content=\"article\" \/>\n<meta property=\"og:title\" content=\"Casque Viking Beowulf - Boutique en ligne | R\u00e9plique Manga Cin\u00e9\" \/>\n<meta property=\"og:description\" content=\"Offrez-vous ce Casque Viking Beowulf au meilleur prix - En acier - Nuqui\u00e8re en maille - Protection int\u00e9rieur en cuir - Appliques en laiton - Fonctionnel\" \/>\n<meta property=\"og:url\" content=\"https:\/\/repliquemangacine.fr\/es\/armas-y-accesorios-vikingos\/casco-vikingo-de-beowulf\/\" \/>\n<meta property=\"og:site_name\" content=\"R\u00e9plique Manga Cin\u00e9\" \/>\n<meta property=\"article:publisher\" content=\"https:\/\/www.facebook.com\/RepliqueMangaCine\" \/>\n<meta property=\"article:modified_time\" content=\"2026-02-03T14:08:48+00:00\" \/>\n<meta property=\"og:image\" content=\"https:\/\/repliquemangacine.fr\/wp-content\/uploads\/2023\/10\/Casque-Beowulf.jpg\" \/>\n\t<meta property=\"og:image:width\" content=\"800\" \/>\n\t<meta property=\"og:image:height\" content=\"800\" \/>\n\t<meta property=\"og:image:type\" content=\"image\/jpeg\" \/>\n<meta name=\"twitter:card\" content=\"summary_large_image\" \/>\n<meta name=\"twitter:label1\" content=\"Tiempo de lectura\" \/>\n\t<meta name=\"twitter:data1\" content=\"2 minutos\" \/>\n<script type=\"application\/ld+json\" class=\"yoast-schema-graph\">{\"@context\":\"https:\\\/\\\/schema.org\",\"@graph\":[{\"@type\":\"WebPage\",\"@id\":\"https:\\\/\\\/repliquemangacine.fr\\\/armes-et-accessoires-vikings\\\/casque-viking-beowulf\\\/\",\"url\":\"https:\\\/\\\/repliquemangacine.fr\\\/armes-et-accessoires-vikings\\\/casque-viking-beowulf\\\/\",\"name\":\"Casque Viking Beowulf - Boutique en ligne | R\u00e9plique Manga Cin\u00e9\",\"isPartOf\":{\"@id\":\"https:\\\/\\\/repliquemangacine.fr\\\/#website\"},\"primaryImageOfPage\":{\"@id\":\"https:\\\/\\\/repliquemangacine.fr\\\/armes-et-accessoires-vikings\\\/casque-viking-beowulf\\\/#primaryimage\"},\"image\":{\"@id\":\"https:\\\/\\\/repliquemangacine.fr\\\/armes-et-accessoires-vikings\\\/casque-viking-beowulf\\\/#primaryimage\"},\"thumbnailUrl\":\"https:\\\/\\\/repliquemangacine.fr\\\/wp-content\\\/uploads\\\/2023\\\/10\\\/Casque-Beowulf.jpg\",\"datePublished\":\"2016-11-25T19:51:01+00:00\",\"dateModified\":\"2026-02-03T14:08:48+00:00\",\"description\":\"Offrez-vous ce Casque Viking Beowulf au meilleur prix - En acier - Nuqui\u00e8re en maille - Protection int\u00e9rieur en cuir - Appliques en laiton - Fonctionnel\",\"breadcrumb\":{\"@id\":\"https:\\\/\\\/repliquemangacine.fr\\\/armes-et-accessoires-vikings\\\/casque-viking-beowulf\\\/#breadcrumb\"},\"inLanguage\":\"es\",\"potentialAction\":[{\"@type\":\"ReadAction\",\"target\":[\"https:\\\/\\\/repliquemangacine.fr\\\/armes-et-accessoires-vikings\\\/casque-viking-beowulf\\\/\"]}]},{\"@type\":\"ImageObject\",\"inLanguage\":\"es\",\"@id\":\"https:\\\/\\\/repliquemangacine.fr\\\/armes-et-accessoires-vikings\\\/casque-viking-beowulf\\\/#primaryimage\",\"url\":\"https:\\\/\\\/repliquemangacine.fr\\\/wp-content\\\/uploads\\\/2023\\\/10\\\/Casque-Beowulf.jpg\",\"contentUrl\":\"https:\\\/\\\/repliquemangacine.fr\\\/wp-content\\\/uploads\\\/2023\\\/10\\\/Casque-Beowulf.jpg\",\"width\":800,\"height\":800,\"caption\":\"Casque viking Beowulf avec nuquiere\"},{\"@type\":\"BreadcrumbList\",\"@id\":\"https:\\\/\\\/repliquemangacine.fr\\\/armes-et-accessoires-vikings\\\/casque-viking-beowulf\\\/#breadcrumb\",\"itemListElement\":[{\"@type\":\"ListItem\",\"position\":1,\"name\":\"Accueil\",\"item\":\"https:\\\/\\\/repliquemangacine.fr\\\/\"},{\"@type\":\"ListItem\",\"position\":2,\"name\":\"Produits\",\"item\":\"https:\\\/\\\/repliquemangacine.fr\\\/boutique\\\/\"},{\"@type\":\"ListItem\",\"position\":3,\"name\":\"Viking Beowulf\"}]},{\"@type\":\"WebSite\",\"@id\":\"https:\\\/\\\/repliquemangacine.fr\\\/#website\",\"url\":\"https:\\\/\\\/repliquemangacine.fr\\\/\",\"name\":\"R\u00e9plique Manga Cin\u00e9\",\"description\":\"\",\"publisher\":{\"@id\":\"https:\\\/\\\/repliquemangacine.fr\\\/#organization\"},\"potentialAction\":[{\"@type\":\"SearchAction\",\"target\":{\"@type\":\"EntryPoint\",\"urlTemplate\":\"https:\\\/\\\/repliquemangacine.fr\\\/?s={search_term_string}\"},\"query-input\":{\"@type\":\"PropertyValueSpecification\",\"valueRequired\":true,\"valueName\":\"search_term_string\"}}],\"inLanguage\":\"es\"},{\"@type\":\"Organization\",\"@id\":\"https:\\\/\\\/repliquemangacine.fr\\\/#organization\",\"name\":\"R\u00e9plique Manga Cin\u00e9\",\"url\":\"https:\\\/\\\/repliquemangacine.fr\\\/\",\"logo\":{\"@type\":\"ImageObject\",\"inLanguage\":\"es\",\"@id\":\"https:\\\/\\\/repliquemangacine.fr\\\/#\\\/schema\\\/logo\\\/image\\\/\",\"url\":\"https:\\\/\\\/repliquemangacine.fr\\\/wp-content\\\/uploads\\\/2023\\\/10\\\/RMC-500250.png\",\"contentUrl\":\"https:\\\/\\\/repliquemangacine.fr\\\/wp-content\\\/uploads\\\/2023\\\/10\\\/RMC-500250.png\",\"width\":500,\"height\":250,\"caption\":\"R\u00e9plique Manga Cin\u00e9\"},\"image\":{\"@id\":\"https:\\\/\\\/repliquemangacine.fr\\\/#\\\/schema\\\/logo\\\/image\\\/\"},\"sameAs\":[\"https:\\\/\\\/www.facebook.com\\\/RepliqueMangaCine\",\"https:\\\/\\\/www.instagram.com\\\/repliquemangacine.fr\\\/\"]}]}<\/script>\n<!-- \/ Yoast SEO plugin. -->","yoast_head_json":{"title":"Beowulf Casco Vikingo - Boutique en ligne | R\u00e9plique Manga Cin\u00e9","description":"Reg\u00e1late este Casco Vikingo Beowulf al mejor precio - Acero - Nuca de malla - Protecci\u00f3n interior de cuero - Apliques de lat\u00f3n - Funcional","robots":{"index":"index","follow":"follow","max-snippet":"max-snippet:-1","max-image-preview":"max-image-preview:large","max-video-preview":"max-video-preview:-1"},"canonical":"https:\/\/repliquemangacine.fr\/es\/armas-y-accesorios-vikingos\/casco-vikingo-de-beowulf\/","og_locale":"es_ES","og_type":"article","og_title":"Casque Viking Beowulf - Boutique en ligne | R\u00e9plique Manga Cin\u00e9","og_description":"Offrez-vous ce Casque Viking Beowulf au meilleur prix - En acier - Nuqui\u00e8re en maille - Protection int\u00e9rieur en cuir - Appliques en laiton - Fonctionnel","og_url":"https:\/\/repliquemangacine.fr\/es\/armas-y-accesorios-vikingos\/casco-vikingo-de-beowulf\/","og_site_name":"R\u00e9plique Manga Cin\u00e9","article_publisher":"https:\/\/www.facebook.com\/RepliqueMangaCine","article_modified_time":"2026-02-03T14:08:48+00:00","og_image":[{"width":800,"height":800,"url":"https:\/\/repliquemangacine.fr\/wp-content\/uploads\/2023\/10\/Casque-Beowulf.jpg","type":"image\/jpeg"}],"twitter_card":"summary_large_image","twitter_misc":{"Tiempo de lectura":"2 minutos"},"schema":{"@context":"https:\/\/schema.org","@graph":[{"@type":"WebPage","@id":"https:\/\/repliquemangacine.fr\/armes-et-accessoires-vikings\/casque-viking-beowulf\/","url":"https:\/\/repliquemangacine.fr\/armes-et-accessoires-vikings\/casque-viking-beowulf\/","name":"Beowulf Casco Vikingo - Boutique en ligne | R\u00e9plique Manga Cin\u00e9","isPartOf":{"@id":"https:\/\/repliquemangacine.fr\/#website"},"primaryImageOfPage":{"@id":"https:\/\/repliquemangacine.fr\/armes-et-accessoires-vikings\/casque-viking-beowulf\/#primaryimage"},"image":{"@id":"https:\/\/repliquemangacine.fr\/armes-et-accessoires-vikings\/casque-viking-beowulf\/#primaryimage"},"thumbnailUrl":"https:\/\/repliquemangacine.fr\/wp-content\/uploads\/2023\/10\/Casque-Beowulf.jpg","datePublished":"2016-11-25T19:51:01+00:00","dateModified":"2026-02-03T14:08:48+00:00","description":"Reg\u00e1late este Casco Vikingo Beowulf al mejor precio - Acero - Nuca de malla - Protecci\u00f3n interior de cuero - Apliques de lat\u00f3n - Funcional","breadcrumb":{"@id":"https:\/\/repliquemangacine.fr\/armes-et-accessoires-vikings\/casque-viking-beowulf\/#breadcrumb"},"inLanguage":"es","potentialAction":[{"@type":"ReadAction","target":["https:\/\/repliquemangacine.fr\/armes-et-accessoires-vikings\/casque-viking-beowulf\/"]}]},{"@type":"ImageObject","inLanguage":"es","@id":"https:\/\/repliquemangacine.fr\/armes-et-accessoires-vikings\/casque-viking-beowulf\/#primaryimage","url":"https:\/\/repliquemangacine.fr\/wp-content\/uploads\/2023\/10\/Casque-Beowulf.jpg","contentUrl":"https:\/\/repliquemangacine.fr\/wp-content\/uploads\/2023\/10\/Casque-Beowulf.jpg","width":800,"height":800,"caption":"Casque viking Beowulf avec nuquiere"},{"@type":"BreadcrumbList","@id":"https:\/\/repliquemangacine.fr\/armes-et-accessoires-vikings\/casque-viking-beowulf\/#breadcrumb","itemListElement":[{"@type":"ListItem","position":1,"name":"Accueil","item":"https:\/\/repliquemangacine.fr\/"},{"@type":"ListItem","position":2,"name":"Produits","item":"https:\/\/repliquemangacine.fr\/boutique\/"},{"@type":"ListItem","position":3,"name":"Viking Beowulf"}]},{"@type":"WebSite","@id":"https:\/\/repliquemangacine.fr\/#website","url":"https:\/\/repliquemangacine.fr\/","name":"R\u00e9plique Manga Cin\u00e9","description":"","publisher":{"@id":"https:\/\/repliquemangacine.fr\/#organization"},"potentialAction":[{"@type":"SearchAction","target":{"@type":"EntryPoint","urlTemplate":"https:\/\/repliquemangacine.fr\/?s={search_term_string}"},"query-input":{"@type":"PropertyValueSpecification","valueRequired":true,"valueName":"search_term_string"}}],"inLanguage":"es"},{"@type":"Organization","@id":"https:\/\/repliquemangacine.fr\/#organization","name":"R\u00e9plique Manga Cin\u00e9","url":"https:\/\/repliquemangacine.fr\/","logo":{"@type":"ImageObject","inLanguage":"es","@id":"https:\/\/repliquemangacine.fr\/#\/schema\/logo\/image\/","url":"https:\/\/repliquemangacine.fr\/wp-content\/uploads\/2023\/10\/RMC-500250.png","contentUrl":"https:\/\/repliquemangacine.fr\/wp-content\/uploads\/2023\/10\/RMC-500250.png","width":500,"height":250,"caption":"R\u00e9plique Manga Cin\u00e9"},"image":{"@id":"https:\/\/repliquemangacine.fr\/#\/schema\/logo\/image\/"},"sameAs":["https:\/\/www.facebook.com\/RepliqueMangaCine","https:\/\/www.instagram.com\/repliquemangacine.fr\/"]}]}},"_links":{"self":[{"href":"https:\/\/repliquemangacine.fr\/es\/wp-json\/wp\/v2\/product\/26495","targetHints":{"allow":["GET"]}}],"collection":[{"href":"https:\/\/repliquemangacine.fr\/es\/wp-json\/wp\/v2\/product"}],"about":[{"href":"https:\/\/repliquemangacine.fr\/es\/wp-json\/wp\/v2\/types\/product"}],"wp:featuredmedia":[{"embeddable":true,"href":"https:\/\/repliquemangacine.fr\/es\/wp-json\/wp\/v2\/media\/26496"}],"wp:attachment":[{"href":"https:\/\/repliquemangacine.fr\/es\/wp-json\/wp\/v2\/media?parent=26495"}],"wp:term":[{"taxonomy":"product_brand","embeddable":true,"href":"https:\/\/repliquemangacine.fr\/es\/wp-json\/wp\/v2\/product_brand?post=26495"},{"taxonomy":"product_cat","embeddable":true,"href":"https:\/\/repliquemangacine.fr\/es\/wp-json\/wp\/v2\/product_cat?post=26495"},{"taxonomy":"product_tag","embeddable":true,"href":"https:\/\/repliquemangacine.fr\/es\/wp-json\/wp\/v2\/product_tag?post=26495"}],"curies":[{"name":"wp","href":"https:\/\/api.w.org\/{rel}","templated":true}]}}