





{"id":26488,"date":"2016-11-25T18:41:51","date_gmt":"2016-11-25T17:41:51","guid":{"rendered":"https:\/\/repliquemangacine.fr\/?post_type=product&#038;p=26488"},"modified":"2025-09-23T18:01:47","modified_gmt":"2025-09-23T16:01:47","slug":"casco-templario-negro-casco-caballero-oscuro-sugarloaf","status":"publish","type":"product","link":"https:\/\/repliquemangacine.fr\/es\/heaume-casque-chevalier-templier\/casque-templier-noir-heaume-dark-knight-sugarloaf\/","title":{"rendered":"Templarios negros"},"content":{"rendered":"<h2>Pan de Az\u00facar de Heaume des Templiers<\/h2>\n<p>Para empezar, el <strong>Heaume des templiers Pan de Az\u00facar <\/strong>Es un casco medieval de caballer\u00eda de acero emblem\u00e1tico de la caballer\u00eda, que protege toda la cabeza.<\/p>\n<p>Aunque pocas armas pod\u00edan alcanzar la cabeza del caballero, la parte superior plana supone un retroceso con respecto a los cascos que se utilizaban anteriormente. La mejora de las t\u00e9cnicas de forja durante el siglo XIII permiti\u00f3 volver a una forma c\u00f3nica, lo que reduc\u00eda la vulnerabilidad a los golpes en la parte superior de la cabeza.<\/p>\n<p>En la Edad Media, los grandes yelmos con una copa m\u00e1s c\u00f3nica tambi\u00e9n se denominaban cascos Sugarloaf debido a su parecido con un pan de az\u00facar. Esta forma gan\u00f3 popularidad a principios del siglo XIV.<\/p>\n<h2>Tu Heaume des Templiers al mejor precio.<\/h2>\n<p>Le ofrecemos una amplia selecci\u00f3n de cascos y accesorios medievales.<\/p>\n<p>Lo primero y m\u00e1s importante,<\/p>\n<ul>\n<li>L'<a href=\"https:\/\/repliquemangacine.fr\/es\/espada-templaria-medieval\/espada-de-los-caballeros-templarios\/\">Espada de los Caballeros Templarios<\/a> con su hoja de acero al carbono.<\/li>\n<li>Adem\u00e1s de una r\u00e9plica de un <a href=\"https:\/\/repliquemangacine.fr\/es\/casco-casco-caballero-templario\/casco-armet-16%e1%b5%89-siglo\/\">casco armet<\/a> torneo medieval.<\/li>\n<li>Tambi\u00e9n est\u00e1 la espada con la flor de lis de San Luis, fabricada por <a href=\"https:\/\/www.denix.fr\/\" target=\"_blank\" rel=\"noopener noreferrer\">Denix<\/a>.<\/li>\n<li>Y muchos m\u00e1s por descubrir en nuestra tienda online.<\/li>\n<\/ul>\n<p>Por eso, aqu\u00ed tienes unas ideas estupendas para regalar a todos los amantes de la \u00e9poca medieval.<\/p>\n<p>En conclusi\u00f3n, tambi\u00e9n puede utilizar este <strong>Pan de Az\u00facar de Heaume des Templiers<\/strong> para sus recreaciones hist\u00f3ricas. Pero sobre todo, este casco es una pieza de coleccionista y una pieza decorativa.<\/p>\n<h2>\u00bfC\u00f3mo se fabrican sus objetos de colecci\u00f3n?<\/h2>\n<p>Para empezar, todos nuestros productos derivados son de la m\u00e1xima calidad, fabricados con meticulosa atenci\u00f3n al detalle. Una parte se hace a mano, para reproducir hasta el m\u00e1s m\u00ednimo detalle. Las partes m\u00e1s importantes se mecanizan con m\u00e1quinas muy precisas. Los grabados se hacen generalmente con punta de diamante o l\u00e1ser.<\/p>\n<p>Su <strong>Pan de Az\u00facar de Heaume des Templiers<\/strong>, fabricado para reproducir con exactitud todos los detalles. Con el fin de estar a la altura del legado de las obras maestras originales. Se hace hincapi\u00e9 en la creaci\u00f3n de r\u00e9plicas de alta calidad que sean lo m\u00e1s precisas posible desde el punto de vista hist\u00f3rico.<\/p>\n<p>En conclusi\u00f3n, nuestras r\u00e9plicas importadas de China, Espa\u00f1a o India le sorprender\u00e1n.<\/p>\n<p>R\u00e9plique Manga Cin\u00e9 es una empresa familiar francesa.<\/p>","protected":false},"excerpt":{"rendered":"<p>Esta reproducci\u00f3n del casco templario conocido como \"SugarLoaf\".<\/p>\n<ul>\n<li>De acero de 1,6 mm, hecho a mano.<\/li>\n<li>Visera abatible.<\/li>\n<li>Tocado de algod\u00f3n.<\/li>\n<li>Mentonera ajustable.<\/li>\n<li>Funcional.<\/li>\n<li>Peso: 2,9 kg<\/li>\n<\/ul>","protected":false},"featured_media":26489,"template":"","meta":[],"product_brand":[896],"product_cat":[25,89,43],"product_tag":[],"class_list":{"0":"post-26488","1":"product","2":"type-product","3":"status-publish","4":"has-post-thumbnail","6":"product_brand-replique-manga-cine","7":"product_cat-armes-historiques","8":"product_cat-heaume-casque-chevalier-templier","9":"product_cat-reproductions-d-armes-et-accessoires-medievales","11":"first","12":"outofstock","13":"taxable","14":"shipping-taxable","15":"purchasable","16":"product-type-simple"},"yoast_head":"<!-- This site is optimized with the Yoast SEO plugin v27.4 - https:\/\/yoast.com\/product\/yoast-seo-wordpress\/ -->\n<title>Heaume des Templiers Sugarloaf | R\u00e9plique Manga Cin\u00e9<\/title>\n<meta name=\"description\" content=\"Offrez-lui ce Heaume des Templiers Sugarloaf au meilleur prix - Tout en acier - Visi\u00e8re \u00e0 charni\u00e8re - Coiffe en coton - Fonctionnel - Int\u00e9rieur : 22.5cm\" \/>\n<meta name=\"robots\" content=\"index, follow, max-snippet:-1, max-image-preview:large, max-video-preview:-1\" \/>\n<link rel=\"canonical\" href=\"https:\/\/repliquemangacine.fr\/es\/casco-casco-caballero-templario\/casco-templario-negro-casco-caballero-oscuro-sugarloaf\/\" \/>\n<meta property=\"og:locale\" content=\"es_ES\" \/>\n<meta property=\"og:type\" content=\"article\" \/>\n<meta property=\"og:title\" content=\"Heaume des Templiers Sugarloaf | R\u00e9plique Manga Cin\u00e9\" \/>\n<meta property=\"og:description\" content=\"Offrez-lui ce Heaume des Templiers Sugarloaf au meilleur prix - Tout en acier - Visi\u00e8re \u00e0 charni\u00e8re - Coiffe en coton - Fonctionnel - Int\u00e9rieur : 22.5cm\" \/>\n<meta property=\"og:url\" content=\"https:\/\/repliquemangacine.fr\/es\/casco-casco-caballero-templario\/casco-templario-negro-casco-caballero-oscuro-sugarloaf\/\" \/>\n<meta property=\"og:site_name\" content=\"R\u00e9plique Manga Cin\u00e9\" \/>\n<meta property=\"article:publisher\" content=\"https:\/\/www.facebook.com\/RepliqueMangaCine\" \/>\n<meta property=\"article:modified_time\" content=\"2025-09-23T16:01:47+00:00\" \/>\n<meta property=\"og:image\" content=\"https:\/\/repliquemangacine.fr\/wp-content\/uploads\/2023\/10\/1652-Casque-Templier-noir-Heaume-Dark-Knight.jpg\" \/>\n\t<meta property=\"og:image:width\" content=\"600\" \/>\n\t<meta property=\"og:image:height\" content=\"600\" \/>\n\t<meta property=\"og:image:type\" content=\"image\/jpeg\" \/>\n<meta name=\"twitter:card\" content=\"summary_large_image\" \/>\n<meta name=\"twitter:label1\" content=\"Tiempo de lectura\" \/>\n\t<meta name=\"twitter:data1\" content=\"2 minutos\" \/>\n<script type=\"application\/ld+json\" class=\"yoast-schema-graph\">{\"@context\":\"https:\\\/\\\/schema.org\",\"@graph\":[{\"@type\":\"WebPage\",\"@id\":\"https:\\\/\\\/repliquemangacine.fr\\\/de\\\/helm-helm-ritter-templer\\\/helm-templer-schwarz-helm-dark-knight-sugarloaf\\\/\",\"url\":\"https:\\\/\\\/repliquemangacine.fr\\\/de\\\/helm-helm-ritter-templer\\\/helm-templer-schwarz-helm-dark-knight-sugarloaf\\\/\",\"name\":\"Heaume des Templiers Sugarloaf | R\u00e9plique Manga Cin\u00e9\",\"isPartOf\":{\"@id\":\"https:\\\/\\\/repliquemangacine.fr\\\/#website\"},\"primaryImageOfPage\":{\"@id\":\"https:\\\/\\\/repliquemangacine.fr\\\/de\\\/helm-helm-ritter-templer\\\/helm-templer-schwarz-helm-dark-knight-sugarloaf\\\/#primaryimage\"},\"image\":{\"@id\":\"https:\\\/\\\/repliquemangacine.fr\\\/de\\\/helm-helm-ritter-templer\\\/helm-templer-schwarz-helm-dark-knight-sugarloaf\\\/#primaryimage\"},\"thumbnailUrl\":\"https:\\\/\\\/repliquemangacine.fr\\\/wp-content\\\/uploads\\\/2023\\\/10\\\/1652-Casque-Templier-noir-Heaume-Dark-Knight.jpg\",\"datePublished\":\"2016-11-25T17:41:51+00:00\",\"dateModified\":\"2025-09-23T16:01:47+00:00\",\"description\":\"Offrez-lui ce Heaume des Templiers Sugarloaf au meilleur prix - Tout en acier - Visi\u00e8re \u00e0 charni\u00e8re - Coiffe en coton - Fonctionnel - Int\u00e9rieur : 22.5cm\",\"breadcrumb\":{\"@id\":\"https:\\\/\\\/repliquemangacine.fr\\\/de\\\/helm-helm-ritter-templer\\\/helm-templer-schwarz-helm-dark-knight-sugarloaf\\\/#breadcrumb\"},\"inLanguage\":\"es\",\"potentialAction\":[{\"@type\":\"ReadAction\",\"target\":[\"https:\\\/\\\/repliquemangacine.fr\\\/de\\\/helm-helm-ritter-templer\\\/helm-templer-schwarz-helm-dark-knight-sugarloaf\\\/\"]}]},{\"@type\":\"ImageObject\",\"inLanguage\":\"es\",\"@id\":\"https:\\\/\\\/repliquemangacine.fr\\\/de\\\/helm-helm-ritter-templer\\\/helm-templer-schwarz-helm-dark-knight-sugarloaf\\\/#primaryimage\",\"url\":\"https:\\\/\\\/repliquemangacine.fr\\\/wp-content\\\/uploads\\\/2023\\\/10\\\/1652-Casque-Templier-noir-Heaume-Dark-Knight.jpg\",\"contentUrl\":\"https:\\\/\\\/repliquemangacine.fr\\\/wp-content\\\/uploads\\\/2023\\\/10\\\/1652-Casque-Templier-noir-Heaume-Dark-Knight.jpg\",\"width\":600,\"height\":600,\"caption\":\"Heaume des Templiers Sugarloaf\"},{\"@type\":\"BreadcrumbList\",\"@id\":\"https:\\\/\\\/repliquemangacine.fr\\\/de\\\/helm-helm-ritter-templer\\\/helm-templer-schwarz-helm-dark-knight-sugarloaf\\\/#breadcrumb\",\"itemListElement\":[{\"@type\":\"ListItem\",\"position\":1,\"name\":\"Accueil\",\"item\":\"https:\\\/\\\/repliquemangacine.fr\\\/\"},{\"@type\":\"ListItem\",\"position\":2,\"name\":\"Produits\",\"item\":\"https:\\\/\\\/repliquemangacine.fr\\\/boutique\\\/\"},{\"@type\":\"ListItem\",\"position\":3,\"name\":\"Templier noir\"}]},{\"@type\":\"WebSite\",\"@id\":\"https:\\\/\\\/repliquemangacine.fr\\\/#website\",\"url\":\"https:\\\/\\\/repliquemangacine.fr\\\/\",\"name\":\"R\u00e9plique Manga Cin\u00e9\",\"description\":\"\",\"publisher\":{\"@id\":\"https:\\\/\\\/repliquemangacine.fr\\\/#organization\"},\"potentialAction\":[{\"@type\":\"SearchAction\",\"target\":{\"@type\":\"EntryPoint\",\"urlTemplate\":\"https:\\\/\\\/repliquemangacine.fr\\\/?s={search_term_string}\"},\"query-input\":{\"@type\":\"PropertyValueSpecification\",\"valueRequired\":true,\"valueName\":\"search_term_string\"}}],\"inLanguage\":\"es\"},{\"@type\":\"Organization\",\"@id\":\"https:\\\/\\\/repliquemangacine.fr\\\/#organization\",\"name\":\"R\u00e9plique Manga Cin\u00e9\",\"url\":\"https:\\\/\\\/repliquemangacine.fr\\\/\",\"logo\":{\"@type\":\"ImageObject\",\"inLanguage\":\"es\",\"@id\":\"https:\\\/\\\/repliquemangacine.fr\\\/#\\\/schema\\\/logo\\\/image\\\/\",\"url\":\"https:\\\/\\\/repliquemangacine.fr\\\/wp-content\\\/uploads\\\/2023\\\/10\\\/RMC-500250.png\",\"contentUrl\":\"https:\\\/\\\/repliquemangacine.fr\\\/wp-content\\\/uploads\\\/2023\\\/10\\\/RMC-500250.png\",\"width\":500,\"height\":250,\"caption\":\"R\u00e9plique Manga Cin\u00e9\"},\"image\":{\"@id\":\"https:\\\/\\\/repliquemangacine.fr\\\/#\\\/schema\\\/logo\\\/image\\\/\"},\"sameAs\":[\"https:\\\/\\\/www.facebook.com\\\/RepliqueMangaCine\",\"https:\\\/\\\/www.instagram.com\\\/repliquemangacine.fr\\\/\"]}]}<\/script>\n<!-- \/ Yoast SEO plugin. -->","yoast_head_json":{"title":"Heaume des Templiers Pan de Az\u00facar | R\u00e9plique Manga Cin\u00e9","description":"Reg\u00e1lale este Casco Templario Sugarloaf al mejor precio - Todo de acero - Visera abatible - Gorra de algod\u00f3n - Funcional - Interior: 22,5cm","robots":{"index":"index","follow":"follow","max-snippet":"max-snippet:-1","max-image-preview":"max-image-preview:large","max-video-preview":"max-video-preview:-1"},"canonical":"https:\/\/repliquemangacine.fr\/es\/casco-casco-caballero-templario\/casco-templario-negro-casco-caballero-oscuro-sugarloaf\/","og_locale":"es_ES","og_type":"article","og_title":"Heaume des Templiers Sugarloaf | R\u00e9plique Manga Cin\u00e9","og_description":"Offrez-lui ce Heaume des Templiers Sugarloaf au meilleur prix - Tout en acier - Visi\u00e8re \u00e0 charni\u00e8re - Coiffe en coton - Fonctionnel - Int\u00e9rieur : 22.5cm","og_url":"https:\/\/repliquemangacine.fr\/es\/casco-casco-caballero-templario\/casco-templario-negro-casco-caballero-oscuro-sugarloaf\/","og_site_name":"R\u00e9plique Manga Cin\u00e9","article_publisher":"https:\/\/www.facebook.com\/RepliqueMangaCine","article_modified_time":"2025-09-23T16:01:47+00:00","og_image":[{"width":600,"height":600,"url":"https:\/\/repliquemangacine.fr\/wp-content\/uploads\/2023\/10\/1652-Casque-Templier-noir-Heaume-Dark-Knight.jpg","type":"image\/jpeg"}],"twitter_card":"summary_large_image","twitter_misc":{"Tiempo de lectura":"2 minutos"},"schema":{"@context":"https:\/\/schema.org","@graph":[{"@type":"WebPage","@id":"https:\/\/repliquemangacine.fr\/de\/helm-helm-ritter-templer\/helm-templer-schwarz-helm-dark-knight-sugarloaf\/","url":"https:\/\/repliquemangacine.fr\/de\/helm-helm-ritter-templer\/helm-templer-schwarz-helm-dark-knight-sugarloaf\/","name":"Heaume des Templiers Pan de Az\u00facar | R\u00e9plique Manga Cin\u00e9","isPartOf":{"@id":"https:\/\/repliquemangacine.fr\/#website"},"primaryImageOfPage":{"@id":"https:\/\/repliquemangacine.fr\/de\/helm-helm-ritter-templer\/helm-templer-schwarz-helm-dark-knight-sugarloaf\/#primaryimage"},"image":{"@id":"https:\/\/repliquemangacine.fr\/de\/helm-helm-ritter-templer\/helm-templer-schwarz-helm-dark-knight-sugarloaf\/#primaryimage"},"thumbnailUrl":"https:\/\/repliquemangacine.fr\/wp-content\/uploads\/2023\/10\/1652-Casque-Templier-noir-Heaume-Dark-Knight.jpg","datePublished":"2016-11-25T17:41:51+00:00","dateModified":"2025-09-23T16:01:47+00:00","description":"Reg\u00e1lale este Casco Templario Sugarloaf al mejor precio - Todo de acero - Visera abatible - Gorra de algod\u00f3n - Funcional - Interior: 22,5cm","breadcrumb":{"@id":"https:\/\/repliquemangacine.fr\/de\/helm-helm-ritter-templer\/helm-templer-schwarz-helm-dark-knight-sugarloaf\/#breadcrumb"},"inLanguage":"es","potentialAction":[{"@type":"ReadAction","target":["https:\/\/repliquemangacine.fr\/de\/helm-helm-ritter-templer\/helm-templer-schwarz-helm-dark-knight-sugarloaf\/"]}]},{"@type":"ImageObject","inLanguage":"es","@id":"https:\/\/repliquemangacine.fr\/de\/helm-helm-ritter-templer\/helm-templer-schwarz-helm-dark-knight-sugarloaf\/#primaryimage","url":"https:\/\/repliquemangacine.fr\/wp-content\/uploads\/2023\/10\/1652-Casque-Templier-noir-Heaume-Dark-Knight.jpg","contentUrl":"https:\/\/repliquemangacine.fr\/wp-content\/uploads\/2023\/10\/1652-Casque-Templier-noir-Heaume-Dark-Knight.jpg","width":600,"height":600,"caption":"Heaume des Templiers Sugarloaf"},{"@type":"BreadcrumbList","@id":"https:\/\/repliquemangacine.fr\/de\/helm-helm-ritter-templer\/helm-templer-schwarz-helm-dark-knight-sugarloaf\/#breadcrumb","itemListElement":[{"@type":"ListItem","position":1,"name":"Accueil","item":"https:\/\/repliquemangacine.fr\/"},{"@type":"ListItem","position":2,"name":"Produits","item":"https:\/\/repliquemangacine.fr\/boutique\/"},{"@type":"ListItem","position":3,"name":"Templier noir"}]},{"@type":"WebSite","@id":"https:\/\/repliquemangacine.fr\/#website","url":"https:\/\/repliquemangacine.fr\/","name":"R\u00e9plique Manga Cin\u00e9","description":"","publisher":{"@id":"https:\/\/repliquemangacine.fr\/#organization"},"potentialAction":[{"@type":"SearchAction","target":{"@type":"EntryPoint","urlTemplate":"https:\/\/repliquemangacine.fr\/?s={search_term_string}"},"query-input":{"@type":"PropertyValueSpecification","valueRequired":true,"valueName":"search_term_string"}}],"inLanguage":"es"},{"@type":"Organization","@id":"https:\/\/repliquemangacine.fr\/#organization","name":"R\u00e9plique Manga Cin\u00e9","url":"https:\/\/repliquemangacine.fr\/","logo":{"@type":"ImageObject","inLanguage":"es","@id":"https:\/\/repliquemangacine.fr\/#\/schema\/logo\/image\/","url":"https:\/\/repliquemangacine.fr\/wp-content\/uploads\/2023\/10\/RMC-500250.png","contentUrl":"https:\/\/repliquemangacine.fr\/wp-content\/uploads\/2023\/10\/RMC-500250.png","width":500,"height":250,"caption":"R\u00e9plique Manga Cin\u00e9"},"image":{"@id":"https:\/\/repliquemangacine.fr\/#\/schema\/logo\/image\/"},"sameAs":["https:\/\/www.facebook.com\/RepliqueMangaCine","https:\/\/www.instagram.com\/repliquemangacine.fr\/"]}]}},"_links":{"self":[{"href":"https:\/\/repliquemangacine.fr\/es\/wp-json\/wp\/v2\/product\/26488","targetHints":{"allow":["GET"]}}],"collection":[{"href":"https:\/\/repliquemangacine.fr\/es\/wp-json\/wp\/v2\/product"}],"about":[{"href":"https:\/\/repliquemangacine.fr\/es\/wp-json\/wp\/v2\/types\/product"}],"wp:featuredmedia":[{"embeddable":true,"href":"https:\/\/repliquemangacine.fr\/es\/wp-json\/wp\/v2\/media\/26489"}],"wp:attachment":[{"href":"https:\/\/repliquemangacine.fr\/es\/wp-json\/wp\/v2\/media?parent=26488"}],"wp:term":[{"taxonomy":"product_brand","embeddable":true,"href":"https:\/\/repliquemangacine.fr\/es\/wp-json\/wp\/v2\/product_brand?post=26488"},{"taxonomy":"product_cat","embeddable":true,"href":"https:\/\/repliquemangacine.fr\/es\/wp-json\/wp\/v2\/product_cat?post=26488"},{"taxonomy":"product_tag","embeddable":true,"href":"https:\/\/repliquemangacine.fr\/es\/wp-json\/wp\/v2\/product_tag?post=26488"}],"curies":[{"name":"wp","href":"https:\/\/api.w.org\/{rel}","templated":true}]}}