





{"id":26480,"date":"2016-11-25T17:37:06","date_gmt":"2016-11-25T16:37:06","guid":{"rendered":"https:\/\/repliquemangacine.fr\/?post_type=product&#038;p=26480"},"modified":"2026-04-15T13:06:04","modified_gmt":"2026-04-15T11:06:04","slug":"casco-de-gladiador-maximus-con-pinchos","status":"publish","type":"product","link":"https:\/\/repliquemangacine.fr\/es\/katana-les-epees-de-films-et-series\/casque-maximus-gladiator-casque-avec-pointes\/","title":{"rendered":"Casco Maximus Gladiator"},"content":{"rendered":"<h2>Casco Maximus Gladiator<\/h2>\n<p>Para empezar, el <strong>Casco de Maximus de Gladiator<\/strong>, inspirado en la pel\u00edcula angloamericana de Ridley Scott, estrenada en 2000.<\/p>\n<p>La trama narra la ca\u00edda del general romano Maximus Decimus (Russell Crowe), destinado a convertirse en el sucesor de Marco Aurelio. Antes de que el emperador fuera asesinado y el general brutalmente traicionado y dado por muerto por C\u00f3modo (Joaquin Phoenix).<\/p>\n<p>Casco Maximus inspirado en los combates de gladiadores de la antigua Roma. Totalmente port\u00e1til y listo para el combate.<\/p>\n<p>Casco de gladiador con puntas de hierro fabricado por la empresa inspir\u00e1ndose en la pel\u00edcula \u201cGladiator\u201d. <a href=\"https:\/\/deepeeka.in\/\" target=\"_blank\" rel=\"noopener noreferrer\">Deepeeka<\/a>.<\/p>\n<p>Desde hace m\u00e1s de cuatro d\u00e9cadas, Deepeeka ha tenido un \u00e9xito incre\u00edble. Desarrollador y exportador de reproducciones antiguas y productos artesanales en general.<\/p>\n<h2>Tu Casco Maximus Gladiator al mejor precio.<\/h2>\n<p>Le ofrecemos una amplia selecci\u00f3n de productos derivados cinematogr\u00e1ficos e hist\u00f3ricos.<\/p>\n<p>Lo primero y m\u00e1s importante,<\/p>\n<ul>\n<li>Le <a href=\"https:\/\/repliquemangacine.fr\/es\/espadas-espada-antigua\/glaive-romain-noir\/\">Glaive Gladiator<\/a> vestido todo de negro.<\/li>\n<li>Tambi\u00e9n existe la <a href=\"https:\/\/repliquemangacine.fr\/es\/armas-historicas\/espada-negra-julio-cesar\/\">La espada de Julio C\u00e9sar<\/a> ricamente decorado.<\/li>\n<li>As\u00ed como el<a href=\"https:\/\/repliquemangacine.fr\/es\/armas-historicas\/espada-de-combate-medieval\/\">Espada de combate medieval<\/a> con la garganta.<\/li>\n<li>Y mucho m\u00e1s por descubrir en nuestra tienda en l\u00ednea.<\/li>\n<\/ul>\n<p>Por eso, aqu\u00ed tienes unas ideas fant\u00e1sticas para regalar a todos los apasionados de la historia.<\/p>\n<p>En conclusi\u00f3n, puede utilizar el <strong>Casco Maximus Gladiator<\/strong> para sus recreaciones hist\u00f3ricas o veladas tem\u00e1ticas.<\/p>\n<h2>\u00bfC\u00f3mo se fabrican sus objetos de colecci\u00f3n?<\/h2>\n<p>Para empezar, todos nuestros productos derivados son de la m\u00e1xima calidad, fabricados con meticulosa atenci\u00f3n al detalle. Una parte se hace a mano, para reproducir hasta el m\u00e1s m\u00ednimo detalle. Las partes m\u00e1s importantes se mecanizan con m\u00e1quinas muy precisas. Los grabados se hacen generalmente con punta de diamante o l\u00e1ser.<\/p>\n<p>Su <strong>Casco Maximus Gladiator<\/strong> fabricados para reproducir cada detalle con exactitud. Para igualar el legado de las obras maestras originales. Se hace hincapi\u00e9 en crear r\u00e9plicas de alta calidad que sean lo m\u00e1s hist\u00f3ricamente exactas posible.<\/p>\n<p>En conclusi\u00f3n, importadas de China, Espa\u00f1a o la India, \u00a1nuestras r\u00e9plicas le sorprender\u00e1n!<\/p>\n<p>R\u00e9plique Manga Cin\u00e9 es una empresa familiar francesa.<\/p>","protected":false},"excerpt":{"rendered":"<p>Magn\u00edfica reproducci\u00f3n a tama\u00f1o natural del casco que luci\u00f3 Maximus, alias Russell Crowe, en la pel\u00edcula Gladiator, de Ridley Scott.<\/p>\n<ul>\n<li>Totalmente de acero pulido con puntas especiales.<\/li>\n<li>Coj\u00edn protector de algod\u00f3n para mayor comodidad.<\/li>\n<li>Altura : 33 cm - Peso : 1495 grs<\/li>\n<\/ul>","protected":false},"featured_media":26481,"template":"","meta":[],"product_brand":[896],"product_cat":[25,91,66,82,24],"product_tag":[],"class_list":{"0":"post-26480","1":"product","2":"type-product","3":"status-publish","4":"has-post-thumbnail","6":"product_brand-replique-manga-cine","7":"product_cat-armes-historiques","8":"product_cat-katana-les-epees-de-films-et-series","9":"product_cat-repliques-d-armes-films-et-series","10":"product_cat-casques-romains-et-grecs","11":"product_cat-films-series-tv-vente-de-katana-epee-et-produits-derives","13":"first","14":"instock","15":"taxable","16":"shipping-taxable","17":"purchasable","18":"product-type-simple"},"yoast_head":"<!-- This site is optimized with the Yoast SEO plugin v27.4 - https:\/\/yoast.com\/product\/yoast-seo-wordpress\/ -->\n<title>Casque Maximus - Casque Gladiator | R\u00e9plique Manga Cin\u00e9<\/title>\n<meta name=\"description\" content=\"R\u00e9plique en taille r\u00e9elle du Casque Maximus Gladiator au meilleur prix - Tout en acier avec pointes - Coussin de protection - Fonctionnel - Hauteur : 33cm\" \/>\n<meta name=\"robots\" content=\"index, follow, max-snippet:-1, max-image-preview:large, max-video-preview:-1\" \/>\n<link rel=\"canonical\" href=\"https:\/\/repliquemangacine.fr\/es\/espadas-katana-de-peliculas-y-series\/casco-de-gladiador-maximus-con-pinchos\/\" \/>\n<meta property=\"og:locale\" content=\"es_ES\" \/>\n<meta property=\"og:type\" content=\"article\" \/>\n<meta property=\"og:title\" content=\"Casque Maximus - Casque Gladiator | R\u00e9plique Manga Cin\u00e9\" \/>\n<meta property=\"og:description\" content=\"R\u00e9plique en taille r\u00e9elle du Casque Maximus Gladiator au meilleur prix - Tout en acier avec pointes - Coussin de protection - Fonctionnel - Hauteur : 33cm\" \/>\n<meta property=\"og:url\" content=\"https:\/\/repliquemangacine.fr\/es\/espadas-katana-de-peliculas-y-series\/casco-de-gladiador-maximus-con-pinchos\/\" \/>\n<meta property=\"og:site_name\" content=\"R\u00e9plique Manga Cin\u00e9\" \/>\n<meta property=\"article:publisher\" content=\"https:\/\/www.facebook.com\/RepliqueMangaCine\" \/>\n<meta property=\"article:modified_time\" content=\"2026-04-15T11:06:04+00:00\" \/>\n<meta property=\"og:image\" content=\"https:\/\/repliquemangacine.fr\/wp-content\/uploads\/2023\/10\/1645-Casque-Maximus-Gladiator-Casque-avec-pointes.jpg\" \/>\n\t<meta property=\"og:image:width\" content=\"600\" \/>\n\t<meta property=\"og:image:height\" content=\"600\" \/>\n\t<meta property=\"og:image:type\" content=\"image\/jpeg\" \/>\n<meta name=\"twitter:card\" content=\"summary_large_image\" \/>\n<meta name=\"twitter:label1\" content=\"Tiempo de lectura\" \/>\n\t<meta name=\"twitter:data1\" content=\"2 minutos\" \/>\n<script type=\"application\/ld+json\" class=\"yoast-schema-graph\">{\"@context\":\"https:\\\/\\\/schema.org\",\"@graph\":[{\"@type\":\"WebPage\",\"@id\":\"https:\\\/\\\/repliquemangacine.fr\\\/katana-les-epees-de-films-et-series\\\/casque-maximus-gladiator-casque-avec-pointes\\\/\",\"url\":\"https:\\\/\\\/repliquemangacine.fr\\\/katana-les-epees-de-films-et-series\\\/casque-maximus-gladiator-casque-avec-pointes\\\/\",\"name\":\"Casque Maximus - Casque Gladiator | R\u00e9plique Manga Cin\u00e9\",\"isPartOf\":{\"@id\":\"https:\\\/\\\/repliquemangacine.fr\\\/#website\"},\"primaryImageOfPage\":{\"@id\":\"https:\\\/\\\/repliquemangacine.fr\\\/katana-les-epees-de-films-et-series\\\/casque-maximus-gladiator-casque-avec-pointes\\\/#primaryimage\"},\"image\":{\"@id\":\"https:\\\/\\\/repliquemangacine.fr\\\/katana-les-epees-de-films-et-series\\\/casque-maximus-gladiator-casque-avec-pointes\\\/#primaryimage\"},\"thumbnailUrl\":\"https:\\\/\\\/repliquemangacine.fr\\\/wp-content\\\/uploads\\\/2023\\\/10\\\/1645-Casque-Maximus-Gladiator-Casque-avec-pointes.jpg\",\"datePublished\":\"2016-11-25T16:37:06+00:00\",\"dateModified\":\"2026-04-15T11:06:04+00:00\",\"description\":\"R\u00e9plique en taille r\u00e9elle du Casque Maximus Gladiator au meilleur prix - Tout en acier avec pointes - Coussin de protection - Fonctionnel - Hauteur : 33cm\",\"breadcrumb\":{\"@id\":\"https:\\\/\\\/repliquemangacine.fr\\\/katana-les-epees-de-films-et-series\\\/casque-maximus-gladiator-casque-avec-pointes\\\/#breadcrumb\"},\"inLanguage\":\"es\",\"potentialAction\":[{\"@type\":\"ReadAction\",\"target\":[\"https:\\\/\\\/repliquemangacine.fr\\\/katana-les-epees-de-films-et-series\\\/casque-maximus-gladiator-casque-avec-pointes\\\/\"]}]},{\"@type\":\"ImageObject\",\"inLanguage\":\"es\",\"@id\":\"https:\\\/\\\/repliquemangacine.fr\\\/katana-les-epees-de-films-et-series\\\/casque-maximus-gladiator-casque-avec-pointes\\\/#primaryimage\",\"url\":\"https:\\\/\\\/repliquemangacine.fr\\\/wp-content\\\/uploads\\\/2023\\\/10\\\/1645-Casque-Maximus-Gladiator-Casque-avec-pointes.jpg\",\"contentUrl\":\"https:\\\/\\\/repliquemangacine.fr\\\/wp-content\\\/uploads\\\/2023\\\/10\\\/1645-Casque-Maximus-Gladiator-Casque-avec-pointes.jpg\",\"width\":600,\"height\":600,\"caption\":\"Casque Maximus Gladiator - Casque avec pointes\"},{\"@type\":\"BreadcrumbList\",\"@id\":\"https:\\\/\\\/repliquemangacine.fr\\\/katana-les-epees-de-films-et-series\\\/casque-maximus-gladiator-casque-avec-pointes\\\/#breadcrumb\",\"itemListElement\":[{\"@type\":\"ListItem\",\"position\":1,\"name\":\"Accueil\",\"item\":\"https:\\\/\\\/repliquemangacine.fr\\\/\"},{\"@type\":\"ListItem\",\"position\":2,\"name\":\"Produits\",\"item\":\"https:\\\/\\\/repliquemangacine.fr\\\/boutique\\\/\"},{\"@type\":\"ListItem\",\"position\":3,\"name\":\"Casque Maximus Gladiator\"}]},{\"@type\":\"WebSite\",\"@id\":\"https:\\\/\\\/repliquemangacine.fr\\\/#website\",\"url\":\"https:\\\/\\\/repliquemangacine.fr\\\/\",\"name\":\"R\u00e9plique Manga Cin\u00e9\",\"description\":\"\",\"publisher\":{\"@id\":\"https:\\\/\\\/repliquemangacine.fr\\\/#organization\"},\"potentialAction\":[{\"@type\":\"SearchAction\",\"target\":{\"@type\":\"EntryPoint\",\"urlTemplate\":\"https:\\\/\\\/repliquemangacine.fr\\\/?s={search_term_string}\"},\"query-input\":{\"@type\":\"PropertyValueSpecification\",\"valueRequired\":true,\"valueName\":\"search_term_string\"}}],\"inLanguage\":\"es\"},{\"@type\":\"Organization\",\"@id\":\"https:\\\/\\\/repliquemangacine.fr\\\/#organization\",\"name\":\"R\u00e9plique Manga Cin\u00e9\",\"url\":\"https:\\\/\\\/repliquemangacine.fr\\\/\",\"logo\":{\"@type\":\"ImageObject\",\"inLanguage\":\"es\",\"@id\":\"https:\\\/\\\/repliquemangacine.fr\\\/#\\\/schema\\\/logo\\\/image\\\/\",\"url\":\"https:\\\/\\\/repliquemangacine.fr\\\/wp-content\\\/uploads\\\/2023\\\/10\\\/RMC-500250.png\",\"contentUrl\":\"https:\\\/\\\/repliquemangacine.fr\\\/wp-content\\\/uploads\\\/2023\\\/10\\\/RMC-500250.png\",\"width\":500,\"height\":250,\"caption\":\"R\u00e9plique Manga Cin\u00e9\"},\"image\":{\"@id\":\"https:\\\/\\\/repliquemangacine.fr\\\/#\\\/schema\\\/logo\\\/image\\\/\"},\"sameAs\":[\"https:\\\/\\\/www.facebook.com\\\/RepliqueMangaCine\",\"https:\\\/\\\/www.instagram.com\\\/repliquemangacine.fr\\\/\"]}]}<\/script>\n<!-- \/ Yoast SEO plugin. -->","yoast_head_json":{"title":"Casco Maximus - Casco de Gladiador | R\u00e9plique Manga Cin\u00e9","description":"R\u00e9plica a tama\u00f1o real del casco de gladiador Maximus al mejor precio - Todo de acero con pinchos - Coj\u00edn protector - Funcional - Altura: 33cm","robots":{"index":"index","follow":"follow","max-snippet":"max-snippet:-1","max-image-preview":"max-image-preview:large","max-video-preview":"max-video-preview:-1"},"canonical":"https:\/\/repliquemangacine.fr\/es\/espadas-katana-de-peliculas-y-series\/casco-de-gladiador-maximus-con-pinchos\/","og_locale":"es_ES","og_type":"article","og_title":"Casque Maximus - Casque Gladiator | R\u00e9plique Manga Cin\u00e9","og_description":"R\u00e9plique en taille r\u00e9elle du Casque Maximus Gladiator au meilleur prix - Tout en acier avec pointes - Coussin de protection - Fonctionnel - Hauteur : 33cm","og_url":"https:\/\/repliquemangacine.fr\/es\/espadas-katana-de-peliculas-y-series\/casco-de-gladiador-maximus-con-pinchos\/","og_site_name":"R\u00e9plique Manga Cin\u00e9","article_publisher":"https:\/\/www.facebook.com\/RepliqueMangaCine","article_modified_time":"2026-04-15T11:06:04+00:00","og_image":[{"width":600,"height":600,"url":"https:\/\/repliquemangacine.fr\/wp-content\/uploads\/2023\/10\/1645-Casque-Maximus-Gladiator-Casque-avec-pointes.jpg","type":"image\/jpeg"}],"twitter_card":"summary_large_image","twitter_misc":{"Tiempo de lectura":"2 minutos"},"schema":{"@context":"https:\/\/schema.org","@graph":[{"@type":"WebPage","@id":"https:\/\/repliquemangacine.fr\/katana-les-epees-de-films-et-series\/casque-maximus-gladiator-casque-avec-pointes\/","url":"https:\/\/repliquemangacine.fr\/katana-les-epees-de-films-et-series\/casque-maximus-gladiator-casque-avec-pointes\/","name":"Casco Maximus - Casco de Gladiador | R\u00e9plique Manga Cin\u00e9","isPartOf":{"@id":"https:\/\/repliquemangacine.fr\/#website"},"primaryImageOfPage":{"@id":"https:\/\/repliquemangacine.fr\/katana-les-epees-de-films-et-series\/casque-maximus-gladiator-casque-avec-pointes\/#primaryimage"},"image":{"@id":"https:\/\/repliquemangacine.fr\/katana-les-epees-de-films-et-series\/casque-maximus-gladiator-casque-avec-pointes\/#primaryimage"},"thumbnailUrl":"https:\/\/repliquemangacine.fr\/wp-content\/uploads\/2023\/10\/1645-Casque-Maximus-Gladiator-Casque-avec-pointes.jpg","datePublished":"2016-11-25T16:37:06+00:00","dateModified":"2026-04-15T11:06:04+00:00","description":"R\u00e9plica a tama\u00f1o real del casco de gladiador Maximus al mejor precio - Todo de acero con pinchos - Coj\u00edn protector - Funcional - Altura: 33cm","breadcrumb":{"@id":"https:\/\/repliquemangacine.fr\/katana-les-epees-de-films-et-series\/casque-maximus-gladiator-casque-avec-pointes\/#breadcrumb"},"inLanguage":"es","potentialAction":[{"@type":"ReadAction","target":["https:\/\/repliquemangacine.fr\/katana-les-epees-de-films-et-series\/casque-maximus-gladiator-casque-avec-pointes\/"]}]},{"@type":"ImageObject","inLanguage":"es","@id":"https:\/\/repliquemangacine.fr\/katana-les-epees-de-films-et-series\/casque-maximus-gladiator-casque-avec-pointes\/#primaryimage","url":"https:\/\/repliquemangacine.fr\/wp-content\/uploads\/2023\/10\/1645-Casque-Maximus-Gladiator-Casque-avec-pointes.jpg","contentUrl":"https:\/\/repliquemangacine.fr\/wp-content\/uploads\/2023\/10\/1645-Casque-Maximus-Gladiator-Casque-avec-pointes.jpg","width":600,"height":600,"caption":"Casque Maximus Gladiator - Casque avec pointes"},{"@type":"BreadcrumbList","@id":"https:\/\/repliquemangacine.fr\/katana-les-epees-de-films-et-series\/casque-maximus-gladiator-casque-avec-pointes\/#breadcrumb","itemListElement":[{"@type":"ListItem","position":1,"name":"Accueil","item":"https:\/\/repliquemangacine.fr\/"},{"@type":"ListItem","position":2,"name":"Produits","item":"https:\/\/repliquemangacine.fr\/boutique\/"},{"@type":"ListItem","position":3,"name":"Casque Maximus Gladiator"}]},{"@type":"WebSite","@id":"https:\/\/repliquemangacine.fr\/#website","url":"https:\/\/repliquemangacine.fr\/","name":"R\u00e9plique Manga Cin\u00e9","description":"","publisher":{"@id":"https:\/\/repliquemangacine.fr\/#organization"},"potentialAction":[{"@type":"SearchAction","target":{"@type":"EntryPoint","urlTemplate":"https:\/\/repliquemangacine.fr\/?s={search_term_string}"},"query-input":{"@type":"PropertyValueSpecification","valueRequired":true,"valueName":"search_term_string"}}],"inLanguage":"es"},{"@type":"Organization","@id":"https:\/\/repliquemangacine.fr\/#organization","name":"R\u00e9plique Manga Cin\u00e9","url":"https:\/\/repliquemangacine.fr\/","logo":{"@type":"ImageObject","inLanguage":"es","@id":"https:\/\/repliquemangacine.fr\/#\/schema\/logo\/image\/","url":"https:\/\/repliquemangacine.fr\/wp-content\/uploads\/2023\/10\/RMC-500250.png","contentUrl":"https:\/\/repliquemangacine.fr\/wp-content\/uploads\/2023\/10\/RMC-500250.png","width":500,"height":250,"caption":"R\u00e9plique Manga Cin\u00e9"},"image":{"@id":"https:\/\/repliquemangacine.fr\/#\/schema\/logo\/image\/"},"sameAs":["https:\/\/www.facebook.com\/RepliqueMangaCine","https:\/\/www.instagram.com\/repliquemangacine.fr\/"]}]}},"_links":{"self":[{"href":"https:\/\/repliquemangacine.fr\/es\/wp-json\/wp\/v2\/product\/26480","targetHints":{"allow":["GET"]}}],"collection":[{"href":"https:\/\/repliquemangacine.fr\/es\/wp-json\/wp\/v2\/product"}],"about":[{"href":"https:\/\/repliquemangacine.fr\/es\/wp-json\/wp\/v2\/types\/product"}],"wp:featuredmedia":[{"embeddable":true,"href":"https:\/\/repliquemangacine.fr\/es\/wp-json\/wp\/v2\/media\/26481"}],"wp:attachment":[{"href":"https:\/\/repliquemangacine.fr\/es\/wp-json\/wp\/v2\/media?parent=26480"}],"wp:term":[{"taxonomy":"product_brand","embeddable":true,"href":"https:\/\/repliquemangacine.fr\/es\/wp-json\/wp\/v2\/product_brand?post=26480"},{"taxonomy":"product_cat","embeddable":true,"href":"https:\/\/repliquemangacine.fr\/es\/wp-json\/wp\/v2\/product_cat?post=26480"},{"taxonomy":"product_tag","embeddable":true,"href":"https:\/\/repliquemangacine.fr\/es\/wp-json\/wp\/v2\/product_tag?post=26480"}],"curies":[{"name":"wp","href":"https:\/\/api.w.org\/{rel}","templated":true}]}}