





{"id":26472,"date":"2016-11-25T16:50:07","date_gmt":"2016-11-25T15:50:07","guid":{"rendered":"https:\/\/repliquemangacine.fr\/?post_type=product&#038;p=26472"},"modified":"2026-02-24T15:27:23","modified_gmt":"2026-02-24T14:27:23","slug":"casco-de-armadura-inglesa-armet","status":"publish","type":"product","link":"https:\/\/repliquemangacine.fr\/es\/heaume-casque-chevalier-templier\/armet-casque-d-armure-anglaise\/","title":{"rendered":"Casco de armadura inglesa Armet"},"content":{"rendered":"<h2>Casco Armet<\/h2>\n<p>Para empezar, el<strong>Casco Armet<\/strong>, tipo de casco desarrollado en el siglo XV.<\/p>\n<p>Para proteger su cabeza, el caballero la ocultaba m\u00e1s o menos bajo un casco, el yelmo. Al principio era c\u00f3nico y ten\u00eda una visera para proteger la nariz. Luego fue envolviendo cada vez m\u00e1s la cabeza, hasta cubrirla por completo hacia el a\u00f1o 1200. Los orificios situados a la altura de los ojos permit\u00edan ver y se sujetaba con una correa.<\/p>\n<p>Se distingui\u00f3 por ser el primer casco de su \u00e9poca que cubr\u00eda completamente la cabeza y, al mismo tiempo, era compacto y ligero para facilitar los movimientos del usuario.<\/p>\n<h2>Tu casco de armadura inglesa Armet al mejor precio.<\/h2>\n<p>Le ofrecemos una amplia selecci\u00f3n de espadas y accesorios medievales.<\/p>\n<p>Lo primero y m\u00e1s importante,<\/p>\n<ul>\n<li>L'<a href=\"https:\/\/repliquemangacine.fr\/es\/espada-templaria-medieval\/espada-flor-de-lis-de-san-luis\/\">Espada flor de lis<\/a> de saint louis fabricado por <a href=\"https:\/\/www.denix.fr\/\" target=\"_blank\" rel=\"noopener noreferrer\">Denix<\/a>.<\/li>\n<li>As\u00ed como el <a href=\"https:\/\/repliquemangacine.fr\/es\/armas-historicas\/hache-de-combat-de-l-infanterie-francaise\/\">hacha de infanter\u00eda,<\/a> esta hacha de batalla tiene dos filos.<\/li>\n<li>Tambi\u00e9n existe la <a href=\"https:\/\/repliquemangacine.fr\/es\/daga-medieval\/dague-de-franc-macon\/\">Pu\u00f1al de los francmasones<\/a> con su lema<\/li>\n<li>Y mucho m\u00e1s por descubrir en nuestra tienda en l\u00ednea.<\/li>\n<\/ul>\n<p>Por eso, esta es una magn\u00edfica idea de regalo para todos los amantes de las armas hist\u00f3ricas.<\/p>\n<p>En conclusi\u00f3n, puede utilizar este <strong>Casco Armet<\/strong> para sus reconstrucciones hist\u00f3ricas. Pero, sobre todo, esta arma es una pieza de coleccionista y una pieza decorativa.<\/p>\n<h2>\u00bfC\u00f3mo se fabrican sus objetos de colecci\u00f3n?<\/h2>\n<p>Para empezar, todos nuestros productos derivados son de la m\u00e1xima calidad, fabricados con meticulosa atenci\u00f3n al detalle. Una parte se hace a mano, para reproducir hasta el m\u00e1s m\u00ednimo detalle. Las partes m\u00e1s importantes se mecanizan con m\u00e1quinas muy precisas. Los grabados se hacen generalmente con punta de diamante o l\u00e1ser.<\/p>\n<p>Su <strong>Casco Armet<\/strong> fabricada para reproducir con exactitud todos los detalles. Con el fin de estar a la altura del legado de las obras maestras originales. Se hace hincapi\u00e9 en la creaci\u00f3n de r\u00e9plicas de alta calidad que sean lo m\u00e1s precisas posible desde el punto de vista hist\u00f3rico.<\/p>\n<p>En conclusi\u00f3n, importadas de China, Espa\u00f1a o la India, \u00a1nuestras r\u00e9plicas le sorprender\u00e1n!<\/p>\n<p>R\u00e9plique Manga Cin\u00e9 es una empresa familiar francesa.<\/p>","protected":false},"excerpt":{"rendered":"<p>Deepeeka Casco cerrado ingl\u00e9s<\/p>\n<ul>\n<li>Fabricado a mano en acero pulido<\/li>\n<li>Forro de cuero ajustable.<\/li>\n<li>Totalmente funcional.<\/li>\n<li>Espesor del acero 1,5 mm.<\/li>\n<li>De delante hacia atr\u00e1s: 22 cm - De oreja a oreja: 20 cm - Altura: 39 cm<\/li>\n<\/ul>","protected":false},"featured_media":26473,"template":"","meta":[],"product_brand":[896],"product_cat":[25,89,43],"product_tag":[],"class_list":{"0":"post-26472","1":"product","2":"type-product","3":"status-publish","4":"has-post-thumbnail","6":"product_brand-replique-manga-cine","7":"product_cat-armes-historiques","8":"product_cat-heaume-casque-chevalier-templier","9":"product_cat-reproductions-d-armes-et-accessoires-medievales","11":"first","12":"outofstock","13":"taxable","14":"shipping-taxable","15":"purchasable","16":"product-type-simple"},"yoast_head":"<!-- This site is optimized with the Yoast SEO plugin v27.4 - https:\/\/yoast.com\/product\/yoast-seo-wordpress\/ -->\n<title>Armet casque d&#039;armure anglaise - Vente heaume m\u00e9di\u00e9val |RMC<\/title>\n<meta name=\"description\" content=\"D\u00e9couvrez ! Cet Armet casque d&#039;armure anglaise au meilleur prix - Fabriqu\u00e9 \u00e0 la main - Acier poli - Fonctionnel - \u00c9paisseur acier 1.5mm - Doublure cuir\" \/>\n<meta name=\"robots\" content=\"index, follow, max-snippet:-1, max-image-preview:large, max-video-preview:-1\" \/>\n<link rel=\"canonical\" href=\"https:\/\/repliquemangacine.fr\/es\/casco-casco-caballero-templario\/casco-de-armadura-inglesa-armet\/\" \/>\n<meta property=\"og:locale\" content=\"es_ES\" \/>\n<meta property=\"og:type\" content=\"article\" \/>\n<meta property=\"og:title\" content=\"Armet casque d&#039;armure anglaise - Vente heaume m\u00e9di\u00e9val |RMC\" \/>\n<meta property=\"og:description\" content=\"D\u00e9couvrez ! Cet Armet casque d&#039;armure anglaise au meilleur prix - Fabriqu\u00e9 \u00e0 la main - Acier poli - Fonctionnel - \u00c9paisseur acier 1.5mm - Doublure cuir\" \/>\n<meta property=\"og:url\" content=\"https:\/\/repliquemangacine.fr\/es\/casco-casco-caballero-templario\/casco-de-armadura-inglesa-armet\/\" \/>\n<meta property=\"og:site_name\" content=\"R\u00e9plique Manga Cin\u00e9\" \/>\n<meta property=\"article:publisher\" content=\"https:\/\/www.facebook.com\/RepliqueMangaCine\" \/>\n<meta property=\"article:modified_time\" content=\"2026-02-24T14:27:23+00:00\" \/>\n<meta property=\"og:image\" content=\"https:\/\/repliquemangacine.fr\/wp-content\/uploads\/2023\/10\/1642-Armet-Anglais-Casque-dArmure.jpg\" \/>\n\t<meta property=\"og:image:width\" content=\"600\" \/>\n\t<meta property=\"og:image:height\" content=\"600\" \/>\n\t<meta property=\"og:image:type\" content=\"image\/jpeg\" \/>\n<meta name=\"twitter:card\" content=\"summary_large_image\" \/>\n<meta name=\"twitter:label1\" content=\"Tiempo de lectura\" \/>\n\t<meta name=\"twitter:data1\" content=\"2 minutos\" \/>\n<script type=\"application\/ld+json\" class=\"yoast-schema-graph\">{\"@context\":\"https:\\\/\\\/schema.org\",\"@graph\":[{\"@type\":\"WebPage\",\"@id\":\"https:\\\/\\\/repliquemangacine.fr\\\/de\\\/helm-helm-ritter-templer\\\/armet-helm-einer-englischen-rustung\\\/\",\"url\":\"https:\\\/\\\/repliquemangacine.fr\\\/de\\\/helm-helm-ritter-templer\\\/armet-helm-einer-englischen-rustung\\\/\",\"name\":\"Armet casque d'armure anglaise - Vente heaume m\u00e9di\u00e9val |RMC\",\"isPartOf\":{\"@id\":\"https:\\\/\\\/repliquemangacine.fr\\\/#website\"},\"primaryImageOfPage\":{\"@id\":\"https:\\\/\\\/repliquemangacine.fr\\\/de\\\/helm-helm-ritter-templer\\\/armet-helm-einer-englischen-rustung\\\/#primaryimage\"},\"image\":{\"@id\":\"https:\\\/\\\/repliquemangacine.fr\\\/de\\\/helm-helm-ritter-templer\\\/armet-helm-einer-englischen-rustung\\\/#primaryimage\"},\"thumbnailUrl\":\"https:\\\/\\\/repliquemangacine.fr\\\/wp-content\\\/uploads\\\/2023\\\/10\\\/1642-Armet-Anglais-Casque-dArmure.jpg\",\"datePublished\":\"2016-11-25T15:50:07+00:00\",\"dateModified\":\"2026-02-24T14:27:23+00:00\",\"description\":\"D\u00e9couvrez ! Cet Armet casque d'armure anglaise au meilleur prix - Fabriqu\u00e9 \u00e0 la main - Acier poli - Fonctionnel - \u00c9paisseur acier 1.5mm - Doublure cuir\",\"breadcrumb\":{\"@id\":\"https:\\\/\\\/repliquemangacine.fr\\\/de\\\/helm-helm-ritter-templer\\\/armet-helm-einer-englischen-rustung\\\/#breadcrumb\"},\"inLanguage\":\"es\",\"potentialAction\":[{\"@type\":\"ReadAction\",\"target\":[\"https:\\\/\\\/repliquemangacine.fr\\\/de\\\/helm-helm-ritter-templer\\\/armet-helm-einer-englischen-rustung\\\/\"]}]},{\"@type\":\"ImageObject\",\"inLanguage\":\"es\",\"@id\":\"https:\\\/\\\/repliquemangacine.fr\\\/de\\\/helm-helm-ritter-templer\\\/armet-helm-einer-englischen-rustung\\\/#primaryimage\",\"url\":\"https:\\\/\\\/repliquemangacine.fr\\\/wp-content\\\/uploads\\\/2023\\\/10\\\/1642-Armet-Anglais-Casque-dArmure.jpg\",\"contentUrl\":\"https:\\\/\\\/repliquemangacine.fr\\\/wp-content\\\/uploads\\\/2023\\\/10\\\/1642-Armet-Anglais-Casque-dArmure.jpg\",\"width\":600,\"height\":600,\"caption\":\"Armet Anglais - Casque d'Armure\"},{\"@type\":\"BreadcrumbList\",\"@id\":\"https:\\\/\\\/repliquemangacine.fr\\\/de\\\/helm-helm-ritter-templer\\\/armet-helm-einer-englischen-rustung\\\/#breadcrumb\",\"itemListElement\":[{\"@type\":\"ListItem\",\"position\":1,\"name\":\"Accueil\",\"item\":\"https:\\\/\\\/repliquemangacine.fr\\\/\"},{\"@type\":\"ListItem\",\"position\":2,\"name\":\"Produits\",\"item\":\"https:\\\/\\\/repliquemangacine.fr\\\/boutique\\\/\"},{\"@type\":\"ListItem\",\"position\":3,\"name\":\"Armet Casque d&#8217;Armure anglais\"}]},{\"@type\":\"WebSite\",\"@id\":\"https:\\\/\\\/repliquemangacine.fr\\\/#website\",\"url\":\"https:\\\/\\\/repliquemangacine.fr\\\/\",\"name\":\"R\u00e9plique Manga Cin\u00e9\",\"description\":\"\",\"publisher\":{\"@id\":\"https:\\\/\\\/repliquemangacine.fr\\\/#organization\"},\"potentialAction\":[{\"@type\":\"SearchAction\",\"target\":{\"@type\":\"EntryPoint\",\"urlTemplate\":\"https:\\\/\\\/repliquemangacine.fr\\\/?s={search_term_string}\"},\"query-input\":{\"@type\":\"PropertyValueSpecification\",\"valueRequired\":true,\"valueName\":\"search_term_string\"}}],\"inLanguage\":\"es\"},{\"@type\":\"Organization\",\"@id\":\"https:\\\/\\\/repliquemangacine.fr\\\/#organization\",\"name\":\"R\u00e9plique Manga Cin\u00e9\",\"url\":\"https:\\\/\\\/repliquemangacine.fr\\\/\",\"logo\":{\"@type\":\"ImageObject\",\"inLanguage\":\"es\",\"@id\":\"https:\\\/\\\/repliquemangacine.fr\\\/#\\\/schema\\\/logo\\\/image\\\/\",\"url\":\"https:\\\/\\\/repliquemangacine.fr\\\/wp-content\\\/uploads\\\/2023\\\/10\\\/RMC-500250.png\",\"contentUrl\":\"https:\\\/\\\/repliquemangacine.fr\\\/wp-content\\\/uploads\\\/2023\\\/10\\\/RMC-500250.png\",\"width\":500,\"height\":250,\"caption\":\"R\u00e9plique Manga Cin\u00e9\"},\"image\":{\"@id\":\"https:\\\/\\\/repliquemangacine.fr\\\/#\\\/schema\\\/logo\\\/image\\\/\"},\"sameAs\":[\"https:\\\/\\\/www.facebook.com\\\/RepliqueMangaCine\",\"https:\\\/\\\/www.instagram.com\\\/repliquemangacine.fr\\\/\"]}]}<\/script>\n<!-- \/ Yoast SEO plugin. -->","yoast_head_json":{"title":"Casco de armadura inglesa - Casco medieval en venta |RMC","description":"\u00a1Compru\u00e9belo! Este casco de armadura inglesa Armet al mejor precio - Hecho a mano - Acero pulido - Funcional - Espesor del acero 1.5mm - Forro de cuero","robots":{"index":"index","follow":"follow","max-snippet":"max-snippet:-1","max-image-preview":"max-image-preview:large","max-video-preview":"max-video-preview:-1"},"canonical":"https:\/\/repliquemangacine.fr\/es\/casco-casco-caballero-templario\/casco-de-armadura-inglesa-armet\/","og_locale":"es_ES","og_type":"article","og_title":"Armet casque d'armure anglaise - Vente heaume m\u00e9di\u00e9val |RMC","og_description":"D\u00e9couvrez ! Cet Armet casque d'armure anglaise au meilleur prix - Fabriqu\u00e9 \u00e0 la main - Acier poli - Fonctionnel - \u00c9paisseur acier 1.5mm - Doublure cuir","og_url":"https:\/\/repliquemangacine.fr\/es\/casco-casco-caballero-templario\/casco-de-armadura-inglesa-armet\/","og_site_name":"R\u00e9plique Manga Cin\u00e9","article_publisher":"https:\/\/www.facebook.com\/RepliqueMangaCine","article_modified_time":"2026-02-24T14:27:23+00:00","og_image":[{"width":600,"height":600,"url":"https:\/\/repliquemangacine.fr\/wp-content\/uploads\/2023\/10\/1642-Armet-Anglais-Casque-dArmure.jpg","type":"image\/jpeg"}],"twitter_card":"summary_large_image","twitter_misc":{"Tiempo de lectura":"2 minutos"},"schema":{"@context":"https:\/\/schema.org","@graph":[{"@type":"WebPage","@id":"https:\/\/repliquemangacine.fr\/de\/helm-helm-ritter-templer\/armet-helm-einer-englischen-rustung\/","url":"https:\/\/repliquemangacine.fr\/de\/helm-helm-ritter-templer\/armet-helm-einer-englischen-rustung\/","name":"Casco de armadura inglesa - Casco medieval en venta |RMC","isPartOf":{"@id":"https:\/\/repliquemangacine.fr\/#website"},"primaryImageOfPage":{"@id":"https:\/\/repliquemangacine.fr\/de\/helm-helm-ritter-templer\/armet-helm-einer-englischen-rustung\/#primaryimage"},"image":{"@id":"https:\/\/repliquemangacine.fr\/de\/helm-helm-ritter-templer\/armet-helm-einer-englischen-rustung\/#primaryimage"},"thumbnailUrl":"https:\/\/repliquemangacine.fr\/wp-content\/uploads\/2023\/10\/1642-Armet-Anglais-Casque-dArmure.jpg","datePublished":"2016-11-25T15:50:07+00:00","dateModified":"2026-02-24T14:27:23+00:00","description":"\u00a1Compru\u00e9belo! Este casco de armadura inglesa Armet al mejor precio - Hecho a mano - Acero pulido - Funcional - Espesor del acero 1.5mm - Forro de cuero","breadcrumb":{"@id":"https:\/\/repliquemangacine.fr\/de\/helm-helm-ritter-templer\/armet-helm-einer-englischen-rustung\/#breadcrumb"},"inLanguage":"es","potentialAction":[{"@type":"ReadAction","target":["https:\/\/repliquemangacine.fr\/de\/helm-helm-ritter-templer\/armet-helm-einer-englischen-rustung\/"]}]},{"@type":"ImageObject","inLanguage":"es","@id":"https:\/\/repliquemangacine.fr\/de\/helm-helm-ritter-templer\/armet-helm-einer-englischen-rustung\/#primaryimage","url":"https:\/\/repliquemangacine.fr\/wp-content\/uploads\/2023\/10\/1642-Armet-Anglais-Casque-dArmure.jpg","contentUrl":"https:\/\/repliquemangacine.fr\/wp-content\/uploads\/2023\/10\/1642-Armet-Anglais-Casque-dArmure.jpg","width":600,"height":600,"caption":"Armet Anglais - Casque d'Armure"},{"@type":"BreadcrumbList","@id":"https:\/\/repliquemangacine.fr\/de\/helm-helm-ritter-templer\/armet-helm-einer-englischen-rustung\/#breadcrumb","itemListElement":[{"@type":"ListItem","position":1,"name":"Accueil","item":"https:\/\/repliquemangacine.fr\/"},{"@type":"ListItem","position":2,"name":"Produits","item":"https:\/\/repliquemangacine.fr\/boutique\/"},{"@type":"ListItem","position":3,"name":"Armet Casque d&#8217;Armure anglais"}]},{"@type":"WebSite","@id":"https:\/\/repliquemangacine.fr\/#website","url":"https:\/\/repliquemangacine.fr\/","name":"R\u00e9plique Manga Cin\u00e9","description":"","publisher":{"@id":"https:\/\/repliquemangacine.fr\/#organization"},"potentialAction":[{"@type":"SearchAction","target":{"@type":"EntryPoint","urlTemplate":"https:\/\/repliquemangacine.fr\/?s={search_term_string}"},"query-input":{"@type":"PropertyValueSpecification","valueRequired":true,"valueName":"search_term_string"}}],"inLanguage":"es"},{"@type":"Organization","@id":"https:\/\/repliquemangacine.fr\/#organization","name":"R\u00e9plique Manga Cin\u00e9","url":"https:\/\/repliquemangacine.fr\/","logo":{"@type":"ImageObject","inLanguage":"es","@id":"https:\/\/repliquemangacine.fr\/#\/schema\/logo\/image\/","url":"https:\/\/repliquemangacine.fr\/wp-content\/uploads\/2023\/10\/RMC-500250.png","contentUrl":"https:\/\/repliquemangacine.fr\/wp-content\/uploads\/2023\/10\/RMC-500250.png","width":500,"height":250,"caption":"R\u00e9plique Manga Cin\u00e9"},"image":{"@id":"https:\/\/repliquemangacine.fr\/#\/schema\/logo\/image\/"},"sameAs":["https:\/\/www.facebook.com\/RepliqueMangaCine","https:\/\/www.instagram.com\/repliquemangacine.fr\/"]}]}},"_links":{"self":[{"href":"https:\/\/repliquemangacine.fr\/es\/wp-json\/wp\/v2\/product\/26472","targetHints":{"allow":["GET"]}}],"collection":[{"href":"https:\/\/repliquemangacine.fr\/es\/wp-json\/wp\/v2\/product"}],"about":[{"href":"https:\/\/repliquemangacine.fr\/es\/wp-json\/wp\/v2\/types\/product"}],"wp:featuredmedia":[{"embeddable":true,"href":"https:\/\/repliquemangacine.fr\/es\/wp-json\/wp\/v2\/media\/26473"}],"wp:attachment":[{"href":"https:\/\/repliquemangacine.fr\/es\/wp-json\/wp\/v2\/media?parent=26472"}],"wp:term":[{"taxonomy":"product_brand","embeddable":true,"href":"https:\/\/repliquemangacine.fr\/es\/wp-json\/wp\/v2\/product_brand?post=26472"},{"taxonomy":"product_cat","embeddable":true,"href":"https:\/\/repliquemangacine.fr\/es\/wp-json\/wp\/v2\/product_cat?post=26472"},{"taxonomy":"product_tag","embeddable":true,"href":"https:\/\/repliquemangacine.fr\/es\/wp-json\/wp\/v2\/product_tag?post=26472"}],"curies":[{"name":"wp","href":"https:\/\/api.w.org\/{rel}","templated":true}]}}