





{"id":26447,"date":"2016-11-23T14:39:31","date_gmt":"2016-11-23T13:39:31","guid":{"rendered":"https:\/\/repliquemangacine.fr\/?post_type=product&#038;p=26447"},"modified":"2026-01-21T11:48:03","modified_gmt":"2026-01-21T10:48:03","slug":"escudo-medieval-de-los-templarios","status":"publish","type":"product","link":"https:\/\/repliquemangacine.fr\/es\/boucliers-et-armures\/bouclier-medievale-des-templiers\/","title":{"rendered":"Escudo de los Templarios"},"content":{"rendered":"<h2>Escudo templario medieval en metal.<\/h2>\n<p>Para empezar, el <strong>Escudo medieval de los Templarios<\/strong>, indisociable del equipamiento del combatiente a lo largo de la historia. El escudo es el arma defensiva m\u00e1s antigua y est\u00e1 destinado a repeler un ataque. En la Edad Media, los escudos, llamados \u00ab\u00e9cu\u00bb, llevaban el escudo de armas del se\u00f1or al que pertenec\u00edan los caballeros.<\/p>\n<p>Un templario es a la vez monje y soldado, y su objetivo es proteger a los peregrinos y los lugares sagrados, como el Santo Sepulcro (la tumba de Jesucristo).<\/p>\n<p>La cruz patada roja, el s\u00edmbolo m\u00e1s evidente de los templarios. Indica que estos caballeros son cristianos. El color rojo de la cruz recuerda la sangre derramada por Cristo.<\/p>\n<h2>Tu Escudo Medieval de los Caballeros Templarios al mejor precio.<\/h2>\n<p>Ofrecemos una amplia gama de r\u00e9plicas de la \u00e9poca medieval.<\/p>\n<p>Lo primero y m\u00e1s importante,<\/p>\n<ul>\n<li>El magn\u00edfico <a href=\"https:\/\/repliquemangacine.fr\/es\/espada-medieval-2\/espada-templaria-2\/\">Espada de los Caballeros Templarios<\/a> con su cruz patt\u00e9e en el pomo.<\/li>\n<li>Tambi\u00e9n existe la<a href=\"https:\/\/repliquemangacine.fr\/es\/reproducciones-medievales\/epee-richard-coeur-de-lion\/\">espada de Ricardo Coraz\u00f3n de Le\u00f3n<\/a> firmado <a href=\"https:\/\/www.denix.fr\/\" target=\"_blank\" rel=\"noopener noreferrer\">Denix<\/a>.<\/li>\n<li>As\u00ed como el <a href=\"https:\/\/repliquemangacine.fr\/es\/daga-medieval\/daga-decorativa-templaria\/\">Daga templaria<\/a> con su pomo en forma de casco.<\/li>\n<li>Y muchos m\u00e1s por descubrir en nuestra tienda en l\u00ednea.<\/li>\n<\/ul>\n<p>Por eso, aqu\u00ed tienes unas ideas estupendas para regalar a los amantes de la historia.<\/p>\n<p>En conclusi\u00f3n, tambi\u00e9n puede utilizar el <strong>Escudo medieval de los Templarios<\/strong> para sus representaciones hist\u00f3ricas o su decoraci\u00f3n interior. Pero sobre todo, este escudo es una pieza de coleccionista y una pieza decorativa.<\/p>\n<h2>\u00bfC\u00f3mo se fabrican sus objetos de colecci\u00f3n?<\/h2>\n<p>Para empezar, todos nuestros productos derivados son de la m\u00e1xima calidad, fabricados con meticulosa atenci\u00f3n al detalle. Una parte se hace a mano, para reproducir hasta el m\u00e1s m\u00ednimo detalle. Las partes m\u00e1s importantes se mecanizan con m\u00e1quinas muy precisas. Los grabados se hacen generalmente con punta de diamante o l\u00e1ser.<\/p>\n<p>Su <strong>Escudo medieval de los Templarios<\/strong> fabricados para reproducir cada detalle con exactitud. Para igualar el legado de las obras maestras originales. Se hace hincapi\u00e9 en crear r\u00e9plicas de alta calidad que sean lo m\u00e1s hist\u00f3ricamente exactas posible.<\/p>\n<p>En conclusi\u00f3n, importadas de China, Espa\u00f1a o la India, \u00a1nuestras r\u00e9plicas le sorprender\u00e1n!<\/p>\n<p>R\u00e9plique Manga Cin\u00e9 es una empresa familiar francesa.<\/p>","protected":false},"excerpt":{"rendered":"<p>Perfecta reproducci\u00f3n del escudo templario.<\/p>\n<ul>\n<li>Todo de acero con bot\u00f3n decorativo dorado.<\/li>\n<li>Cruz templaria remachada con el sello en el centro.<\/li>\n<li>Decoraci\u00f3n en metal dorado de flores de lis y el Le\u00f3n.<\/li>\n<li>Cadena para exposici\u00f3n mural.<\/li>\n<li>Asa de metal.<\/li>\n<li>Altura: 60 cm - Anchura: 45 cm<\/li>\n<\/ul>","protected":false},"featured_media":26448,"template":"","meta":[],"product_brand":[896],"product_cat":[25,75,43],"product_tag":[],"class_list":{"0":"post-26447","1":"product","2":"type-product","3":"status-publish","4":"has-post-thumbnail","6":"product_brand-replique-manga-cine","7":"product_cat-armes-historiques","8":"product_cat-boucliers-et-armures","9":"product_cat-reproductions-d-armes-et-accessoires-medievales","11":"first","12":"instock","13":"taxable","14":"shipping-taxable","15":"purchasable","16":"product-type-simple"},"yoast_head":"<!-- This site is optimized with the Yoast SEO plugin v27.4 - https:\/\/yoast.com\/product\/yoast-seo-wordpress\/ -->\n<title>Bouclier M\u00e9di\u00e9vale des Templiers - Accessoire M\u00e9di\u00e9val | RMC<\/title>\n<meta name=\"description\" content=\"D\u00e9couvrez ce Bouclier M\u00e9di\u00e9vale des Templiers au meilleur prix - Tout en acier - Croix et sceau des templiers - Poign\u00e9e de porter - 60 X 45 cm\" \/>\n<meta name=\"robots\" content=\"index, follow, max-snippet:-1, max-image-preview:large, max-video-preview:-1\" \/>\n<link rel=\"canonical\" href=\"https:\/\/repliquemangacine.fr\/es\/escudos-y-armaduras\/escudo-medieval-de-los-templarios\/\" \/>\n<meta property=\"og:locale\" content=\"es_ES\" \/>\n<meta property=\"og:type\" content=\"article\" \/>\n<meta property=\"og:title\" content=\"Bouclier M\u00e9di\u00e9vale des Templiers - Accessoire M\u00e9di\u00e9val | RMC\" \/>\n<meta property=\"og:description\" content=\"D\u00e9couvrez ce Bouclier M\u00e9di\u00e9vale des Templiers au meilleur prix - Tout en acier - Croix et sceau des templiers - Poign\u00e9e de porter - 60 X 45 cm\" \/>\n<meta property=\"og:url\" content=\"https:\/\/repliquemangacine.fr\/es\/escudos-y-armaduras\/escudo-medieval-de-los-templarios\/\" \/>\n<meta property=\"og:site_name\" content=\"R\u00e9plique Manga Cin\u00e9\" \/>\n<meta property=\"article:publisher\" content=\"https:\/\/www.facebook.com\/RepliqueMangaCine\" \/>\n<meta property=\"article:modified_time\" content=\"2026-01-21T10:48:03+00:00\" \/>\n<meta property=\"og:image\" content=\"https:\/\/repliquemangacine.fr\/wp-content\/uploads\/2023\/10\/1630-Bouclier-des-Templiers.jpg\" \/>\n\t<meta property=\"og:image:width\" content=\"600\" \/>\n\t<meta property=\"og:image:height\" content=\"600\" \/>\n\t<meta property=\"og:image:type\" content=\"image\/jpeg\" \/>\n<meta name=\"twitter:card\" content=\"summary_large_image\" \/>\n<meta name=\"twitter:label1\" content=\"Tiempo de lectura\" \/>\n\t<meta name=\"twitter:data1\" content=\"2 minutos\" \/>\n<script type=\"application\/ld+json\" class=\"yoast-schema-graph\">{\"@context\":\"https:\\\/\\\/schema.org\",\"@graph\":[{\"@type\":\"WebPage\",\"@id\":\"https:\\\/\\\/repliquemangacine.fr\\\/boucliers-et-armures\\\/bouclier-medievale-des-templiers\\\/\",\"url\":\"https:\\\/\\\/repliquemangacine.fr\\\/boucliers-et-armures\\\/bouclier-medievale-des-templiers\\\/\",\"name\":\"Bouclier M\u00e9di\u00e9vale des Templiers - Accessoire M\u00e9di\u00e9val | RMC\",\"isPartOf\":{\"@id\":\"https:\\\/\\\/repliquemangacine.fr\\\/#website\"},\"primaryImageOfPage\":{\"@id\":\"https:\\\/\\\/repliquemangacine.fr\\\/boucliers-et-armures\\\/bouclier-medievale-des-templiers\\\/#primaryimage\"},\"image\":{\"@id\":\"https:\\\/\\\/repliquemangacine.fr\\\/boucliers-et-armures\\\/bouclier-medievale-des-templiers\\\/#primaryimage\"},\"thumbnailUrl\":\"https:\\\/\\\/repliquemangacine.fr\\\/wp-content\\\/uploads\\\/2023\\\/10\\\/1630-Bouclier-des-Templiers.jpg\",\"datePublished\":\"2016-11-23T13:39:31+00:00\",\"dateModified\":\"2026-01-21T10:48:03+00:00\",\"description\":\"D\u00e9couvrez ce Bouclier M\u00e9di\u00e9vale des Templiers au meilleur prix - Tout en acier - Croix et sceau des templiers - Poign\u00e9e de porter - 60 X 45 cm\",\"breadcrumb\":{\"@id\":\"https:\\\/\\\/repliquemangacine.fr\\\/boucliers-et-armures\\\/bouclier-medievale-des-templiers\\\/#breadcrumb\"},\"inLanguage\":\"es\",\"potentialAction\":[{\"@type\":\"ReadAction\",\"target\":[\"https:\\\/\\\/repliquemangacine.fr\\\/boucliers-et-armures\\\/bouclier-medievale-des-templiers\\\/\"]}]},{\"@type\":\"ImageObject\",\"inLanguage\":\"es\",\"@id\":\"https:\\\/\\\/repliquemangacine.fr\\\/boucliers-et-armures\\\/bouclier-medievale-des-templiers\\\/#primaryimage\",\"url\":\"https:\\\/\\\/repliquemangacine.fr\\\/wp-content\\\/uploads\\\/2023\\\/10\\\/1630-Bouclier-des-Templiers.jpg\",\"contentUrl\":\"https:\\\/\\\/repliquemangacine.fr\\\/wp-content\\\/uploads\\\/2023\\\/10\\\/1630-Bouclier-des-Templiers.jpg\",\"width\":600,\"height\":600,\"caption\":\"Bouclier des Templiers\"},{\"@type\":\"BreadcrumbList\",\"@id\":\"https:\\\/\\\/repliquemangacine.fr\\\/boucliers-et-armures\\\/bouclier-medievale-des-templiers\\\/#breadcrumb\",\"itemListElement\":[{\"@type\":\"ListItem\",\"position\":1,\"name\":\"Accueil\",\"item\":\"https:\\\/\\\/repliquemangacine.fr\\\/\"},{\"@type\":\"ListItem\",\"position\":2,\"name\":\"Produits\",\"item\":\"https:\\\/\\\/repliquemangacine.fr\\\/boutique\\\/\"},{\"@type\":\"ListItem\",\"position\":3,\"name\":\"Bouclier des Templiers\"}]},{\"@type\":\"WebSite\",\"@id\":\"https:\\\/\\\/repliquemangacine.fr\\\/#website\",\"url\":\"https:\\\/\\\/repliquemangacine.fr\\\/\",\"name\":\"R\u00e9plique Manga Cin\u00e9\",\"description\":\"\",\"publisher\":{\"@id\":\"https:\\\/\\\/repliquemangacine.fr\\\/#organization\"},\"potentialAction\":[{\"@type\":\"SearchAction\",\"target\":{\"@type\":\"EntryPoint\",\"urlTemplate\":\"https:\\\/\\\/repliquemangacine.fr\\\/?s={search_term_string}\"},\"query-input\":{\"@type\":\"PropertyValueSpecification\",\"valueRequired\":true,\"valueName\":\"search_term_string\"}}],\"inLanguage\":\"es\"},{\"@type\":\"Organization\",\"@id\":\"https:\\\/\\\/repliquemangacine.fr\\\/#organization\",\"name\":\"R\u00e9plique Manga Cin\u00e9\",\"url\":\"https:\\\/\\\/repliquemangacine.fr\\\/\",\"logo\":{\"@type\":\"ImageObject\",\"inLanguage\":\"es\",\"@id\":\"https:\\\/\\\/repliquemangacine.fr\\\/#\\\/schema\\\/logo\\\/image\\\/\",\"url\":\"https:\\\/\\\/repliquemangacine.fr\\\/wp-content\\\/uploads\\\/2023\\\/10\\\/RMC-500250.png\",\"contentUrl\":\"https:\\\/\\\/repliquemangacine.fr\\\/wp-content\\\/uploads\\\/2023\\\/10\\\/RMC-500250.png\",\"width\":500,\"height\":250,\"caption\":\"R\u00e9plique Manga Cin\u00e9\"},\"image\":{\"@id\":\"https:\\\/\\\/repliquemangacine.fr\\\/#\\\/schema\\\/logo\\\/image\\\/\"},\"sameAs\":[\"https:\\\/\\\/www.facebook.com\\\/RepliqueMangaCine\",\"https:\\\/\\\/www.instagram.com\\\/repliquemangacine.fr\\\/\"]}]}<\/script>\n<!-- \/ Yoast SEO plugin. -->","yoast_head_json":{"title":"Escudo Medieval de los Templarios - Accesorio Medieval | RMC","description":"Descubra este Escudo Templario Medieval al mejor precio - Todo acero - Cruz y sello templarios - Asa de transporte - 60 X 45 cm","robots":{"index":"index","follow":"follow","max-snippet":"max-snippet:-1","max-image-preview":"max-image-preview:large","max-video-preview":"max-video-preview:-1"},"canonical":"https:\/\/repliquemangacine.fr\/es\/escudos-y-armaduras\/escudo-medieval-de-los-templarios\/","og_locale":"es_ES","og_type":"article","og_title":"Bouclier M\u00e9di\u00e9vale des Templiers - Accessoire M\u00e9di\u00e9val | RMC","og_description":"D\u00e9couvrez ce Bouclier M\u00e9di\u00e9vale des Templiers au meilleur prix - Tout en acier - Croix et sceau des templiers - Poign\u00e9e de porter - 60 X 45 cm","og_url":"https:\/\/repliquemangacine.fr\/es\/escudos-y-armaduras\/escudo-medieval-de-los-templarios\/","og_site_name":"R\u00e9plique Manga Cin\u00e9","article_publisher":"https:\/\/www.facebook.com\/RepliqueMangaCine","article_modified_time":"2026-01-21T10:48:03+00:00","og_image":[{"width":600,"height":600,"url":"https:\/\/repliquemangacine.fr\/wp-content\/uploads\/2023\/10\/1630-Bouclier-des-Templiers.jpg","type":"image\/jpeg"}],"twitter_card":"summary_large_image","twitter_misc":{"Tiempo de lectura":"2 minutos"},"schema":{"@context":"https:\/\/schema.org","@graph":[{"@type":"WebPage","@id":"https:\/\/repliquemangacine.fr\/boucliers-et-armures\/bouclier-medievale-des-templiers\/","url":"https:\/\/repliquemangacine.fr\/boucliers-et-armures\/bouclier-medievale-des-templiers\/","name":"Escudo Medieval de los Templarios - Accesorio Medieval | RMC","isPartOf":{"@id":"https:\/\/repliquemangacine.fr\/#website"},"primaryImageOfPage":{"@id":"https:\/\/repliquemangacine.fr\/boucliers-et-armures\/bouclier-medievale-des-templiers\/#primaryimage"},"image":{"@id":"https:\/\/repliquemangacine.fr\/boucliers-et-armures\/bouclier-medievale-des-templiers\/#primaryimage"},"thumbnailUrl":"https:\/\/repliquemangacine.fr\/wp-content\/uploads\/2023\/10\/1630-Bouclier-des-Templiers.jpg","datePublished":"2016-11-23T13:39:31+00:00","dateModified":"2026-01-21T10:48:03+00:00","description":"Descubra este Escudo Templario Medieval al mejor precio - Todo acero - Cruz y sello templarios - Asa de transporte - 60 X 45 cm","breadcrumb":{"@id":"https:\/\/repliquemangacine.fr\/boucliers-et-armures\/bouclier-medievale-des-templiers\/#breadcrumb"},"inLanguage":"es","potentialAction":[{"@type":"ReadAction","target":["https:\/\/repliquemangacine.fr\/boucliers-et-armures\/bouclier-medievale-des-templiers\/"]}]},{"@type":"ImageObject","inLanguage":"es","@id":"https:\/\/repliquemangacine.fr\/boucliers-et-armures\/bouclier-medievale-des-templiers\/#primaryimage","url":"https:\/\/repliquemangacine.fr\/wp-content\/uploads\/2023\/10\/1630-Bouclier-des-Templiers.jpg","contentUrl":"https:\/\/repliquemangacine.fr\/wp-content\/uploads\/2023\/10\/1630-Bouclier-des-Templiers.jpg","width":600,"height":600,"caption":"Bouclier des Templiers"},{"@type":"BreadcrumbList","@id":"https:\/\/repliquemangacine.fr\/boucliers-et-armures\/bouclier-medievale-des-templiers\/#breadcrumb","itemListElement":[{"@type":"ListItem","position":1,"name":"Accueil","item":"https:\/\/repliquemangacine.fr\/"},{"@type":"ListItem","position":2,"name":"Produits","item":"https:\/\/repliquemangacine.fr\/boutique\/"},{"@type":"ListItem","position":3,"name":"Bouclier des Templiers"}]},{"@type":"WebSite","@id":"https:\/\/repliquemangacine.fr\/#website","url":"https:\/\/repliquemangacine.fr\/","name":"R\u00e9plique Manga Cin\u00e9","description":"","publisher":{"@id":"https:\/\/repliquemangacine.fr\/#organization"},"potentialAction":[{"@type":"SearchAction","target":{"@type":"EntryPoint","urlTemplate":"https:\/\/repliquemangacine.fr\/?s={search_term_string}"},"query-input":{"@type":"PropertyValueSpecification","valueRequired":true,"valueName":"search_term_string"}}],"inLanguage":"es"},{"@type":"Organization","@id":"https:\/\/repliquemangacine.fr\/#organization","name":"R\u00e9plique Manga Cin\u00e9","url":"https:\/\/repliquemangacine.fr\/","logo":{"@type":"ImageObject","inLanguage":"es","@id":"https:\/\/repliquemangacine.fr\/#\/schema\/logo\/image\/","url":"https:\/\/repliquemangacine.fr\/wp-content\/uploads\/2023\/10\/RMC-500250.png","contentUrl":"https:\/\/repliquemangacine.fr\/wp-content\/uploads\/2023\/10\/RMC-500250.png","width":500,"height":250,"caption":"R\u00e9plique Manga Cin\u00e9"},"image":{"@id":"https:\/\/repliquemangacine.fr\/#\/schema\/logo\/image\/"},"sameAs":["https:\/\/www.facebook.com\/RepliqueMangaCine","https:\/\/www.instagram.com\/repliquemangacine.fr\/"]}]}},"_links":{"self":[{"href":"https:\/\/repliquemangacine.fr\/es\/wp-json\/wp\/v2\/product\/26447","targetHints":{"allow":["GET"]}}],"collection":[{"href":"https:\/\/repliquemangacine.fr\/es\/wp-json\/wp\/v2\/product"}],"about":[{"href":"https:\/\/repliquemangacine.fr\/es\/wp-json\/wp\/v2\/types\/product"}],"wp:featuredmedia":[{"embeddable":true,"href":"https:\/\/repliquemangacine.fr\/es\/wp-json\/wp\/v2\/media\/26448"}],"wp:attachment":[{"href":"https:\/\/repliquemangacine.fr\/es\/wp-json\/wp\/v2\/media?parent=26447"}],"wp:term":[{"taxonomy":"product_brand","embeddable":true,"href":"https:\/\/repliquemangacine.fr\/es\/wp-json\/wp\/v2\/product_brand?post=26447"},{"taxonomy":"product_cat","embeddable":true,"href":"https:\/\/repliquemangacine.fr\/es\/wp-json\/wp\/v2\/product_cat?post=26447"},{"taxonomy":"product_tag","embeddable":true,"href":"https:\/\/repliquemangacine.fr\/es\/wp-json\/wp\/v2\/product_tag?post=26447"}],"curies":[{"name":"wp","href":"https:\/\/api.w.org\/{rel}","templated":true}]}}