





{"id":26373,"date":"2016-11-18T19:54:15","date_gmt":"2016-11-18T18:54:15","guid":{"rendered":"https:\/\/repliquemangacine.fr\/?post_type=product&#038;p=26373"},"modified":"2026-03-05T20:31:26","modified_gmt":"2026-03-05T19:31:26","slug":"culata-de-madera-parabellum-luger-p08","status":"publish","type":"product","link":"https:\/\/repliquemangacine.fr\/es\/reproductions-armes-seconde-guerre-mondiale-denix\/parabellum-luger-p08-crosse-bois\/","title":{"rendered":"Parabellum Luger P08"},"content":{"rendered":"<h2>Pistola Luger P08 Parabellum - Denix<\/h2>\n<p>Para empezar, el arma <strong>Parabellum Luger P08<\/strong> utilizado durante la Primera y la Segunda Guerra Mundial. Reproducci\u00f3n firmada <a href=\"https:\/\/www.denix.fr\/fr\/accueil-fr\/\" target=\"_blank\" rel=\"noopener noreferrer\">Denix<\/a>.<\/p>\n<p>El parabellum ofrece ventajas indiscutibles como arma de guerra:<\/p>\n<ul>\n<li>Capacidad del cargador de 8 cartuchos.<\/li>\n<li>Disparo r\u00e1pido y recarga.<\/li>\n<li>El calibre 7,65 mm tambi\u00e9n es m\u00e1s r\u00e1pido.<\/li>\n<li>La l\u00ednea de visi\u00f3n m\u00e1s larga.<\/li>\n<\/ul>\n<p>George Luger presenta su arma en todas las capitales del mundo occidental. La Parabellum 1900 se prueba en Estados Unidos, Bulgaria, Suecia, Austria, Espa\u00f1a... Se pone en servicio en varios pa\u00edses como arma reglamentaria, entre ellos, por supuesto, Alemania y Suiza... En Francia, equipa a la Gendarmer\u00eda, al Ej\u00e9rcito de Tierra y a la Prefectura de Polic\u00eda de Par\u00eds entre 1945 y 1955.<\/p>\n<p>Se convirti\u00f3 en una pieza de colecci\u00f3n a partir de la d\u00e9cada de 1950.<\/p>\n<h2>Tu Parabellum Luger P08 al mejor precio.<\/h2>\n<p>Le ofrecemos todas las reproducciones de armas Denix de la Segunda Guerra Mundial.<\/p>\n<p>Lo primero y m\u00e1s importante,<\/p>\n<ul>\n<li>Le <a href=\"https:\/\/repliquemangacine.fr\/es\/guerra-mundial\/pistolet-m1911-colt-1911-crosse-bois\/\">Colt M1911A1 de 1911,<\/a> Pistola de servicio de las fuerzas armadas estadounidenses.<\/li>\n<li>A continuaci\u00f3n, el <a href=\"https:\/\/repliquemangacine.fr\/es\/reproducciones-darmes\/pistolet-mitrailleur-m3-grease-gun-usa-1942\/\">Ametralladora M3<\/a> conocido como Grease Gun, utilizado en las horas previas al desembarco de Normand\u00eda el 6 de junio del 44.<\/li>\n<li>Tambi\u00e9n est\u00e1 Le<a href=\"https:\/\/repliquemangacine.fr\/es\/reproducciones-darmes\/pistolet-walther-ppk-dore-calibre-765\/\"> pistola PPK de oro<\/a> utilizado por el ej\u00e9rcito durante la Segunda Guerra Mundial. Inmortalizado por James Bond.<\/li>\n<li>As\u00ed como todos los rifles...<\/li>\n<\/ul>\n<p>Por eso, aqu\u00ed tienes algo para ampliar tu colecci\u00f3n de armas de guerra.<\/p>\n<p>En conclusi\u00f3n, puede utilizar la pistola. <strong>Parabellum Luger P08<\/strong> para sus recreaciones hist\u00f3ricas. Pero, sobre todo, es un arma para coleccionar y decorar.<\/p>\n<h2>\u00bfC\u00f3mo se fabrican las r\u00e9plicas de armas Denix?<\/h2>\n<p>Utilizadas en recreaciones hist\u00f3ricas, pel\u00edculas, series y por coleccionistas. Las reproducciones Denix est\u00e1n fabricadas con materiales de alta calidad. Cuidadosamente elaboradas y ensambladas para crear armas de colecci\u00f3n realistas.<\/p>\n<ul>\n<li>Los metales se encuentran en una aleaci\u00f3n met\u00e1lica conocida como Zamac, cuya composici\u00f3n b\u00e1sica es zinc en 95%.<\/li>\n<li>Las piezas de pl\u00e1stico de las r\u00e9plicas son de ABS moldeado, que ofrece una gran resistencia.<\/li>\n<li>Las maderas elegidas por su belleza y durabilidad, como la caoba, el olivo o el nogal, dar\u00e1n a sus culatas y barricas un aspecto elegante y aut\u00e9ntico.<\/li>\n<\/ul>\n<p>Cabe se\u00f1alar que todas las reproducciones Denix son id\u00e9nticas a los originales, como su <strong>Parabellum Luger P08<\/strong>.<\/p>","protected":false},"excerpt":{"rendered":"<p>Id\u00e9ntica al original, esta reproducci\u00f3n de la pistola Luger P08 parabellum de 1898.<\/p>\n<ul>\n<li>La carcasa est\u00e1 en Zamac.<\/li>\n<li>Placas de madera ranuradas.<\/li>\n<li>Cargador extra\u00edble.<\/li>\n<li>Se dispara y se estrella, pero es <strong>totalmente incapaz de disparar<\/strong>.<\/li>\n<li>No se requiere autorizaci\u00f3n. Venta y posesi\u00f3n libres.<\/li>\n<li>Dimensiones: 25,5 cm - Peso: 980 gramos<\/li>\n<\/ul>\n<p><iframe src=\"https:\/\/www.youtube.com\/embed\/UMa3I4D7Qpc\" width=\"370\" height=\"208\" frameborder=\"0\"><\/iframe><\/p>","protected":false},"featured_media":26374,"template":"","meta":[],"product_brand":[896],"product_cat":[25,102,54,40,28,76],"product_tag":[],"class_list":{"0":"post-26373","1":"product","2":"type-product","3":"status-publish","4":"has-post-thumbnail","6":"product_brand-replique-manga-cine","7":"product_cat-armes-historiques","8":"product_cat-denix","9":"product_cat-armes-accessoires-guerre-mondiale","10":"product_cat-pistolet-moderne","11":"product_cat-repliques-darmes","12":"product_cat-reproductions-armes-seconde-guerre-mondiale-denix","14":"first","15":"instock","16":"sale","17":"taxable","18":"shipping-taxable","19":"purchasable","20":"product-type-simple"},"yoast_head":"<!-- This site is optimized with the Yoast SEO plugin v27.4 - https:\/\/yoast.com\/product\/yoast-seo-wordpress\/ -->\n<title>Parabellum Luger P08 - Boutique en ligne - R\u00e9plique Manga Cin\u00e9<\/title>\n<meta name=\"description\" content=\"Offrez-lui ! Le Pistolet Parabellum Luger P08 Denix au meilleur prix - Tout en m\u00e9tal - M\u00e9canisme fonctionnel - Inapte au tir - Chargeur amovible - 25.5 cm\" \/>\n<meta name=\"robots\" content=\"index, follow, max-snippet:-1, max-image-preview:large, max-video-preview:-1\" \/>\n<link rel=\"canonical\" href=\"https:\/\/repliquemangacine.fr\/es\/denix\/culata-de-madera-parabellum-luger-p08\/\" \/>\n<meta property=\"og:locale\" content=\"es_ES\" \/>\n<meta property=\"og:type\" content=\"article\" \/>\n<meta property=\"og:title\" content=\"Parabellum Luger P08 - Boutique en ligne - R\u00e9plique Manga Cin\u00e9\" \/>\n<meta property=\"og:description\" content=\"Offrez-lui ! Le Pistolet Parabellum Luger P08 Denix au meilleur prix - Tout en m\u00e9tal - M\u00e9canisme fonctionnel - Inapte au tir - Chargeur amovible - 25.5 cm\" \/>\n<meta property=\"og:url\" content=\"https:\/\/repliquemangacine.fr\/es\/denix\/culata-de-madera-parabellum-luger-p08\/\" \/>\n<meta property=\"og:site_name\" content=\"R\u00e9plique Manga Cin\u00e9\" \/>\n<meta property=\"article:publisher\" content=\"https:\/\/www.facebook.com\/RepliqueMangaCine\" \/>\n<meta property=\"article:modified_time\" content=\"2026-03-05T19:31:26+00:00\" \/>\n<meta property=\"og:image\" content=\"https:\/\/repliquemangacine.fr\/wp-content\/uploads\/2023\/10\/1052-Replique-Pistolet-Luger-P08-Parabellum-Crosse-bois.jpg\" \/>\n\t<meta property=\"og:image:width\" content=\"800\" \/>\n\t<meta property=\"og:image:height\" content=\"800\" \/>\n\t<meta property=\"og:image:type\" content=\"image\/jpeg\" \/>\n<meta name=\"twitter:card\" content=\"summary_large_image\" \/>\n<meta name=\"twitter:label1\" content=\"Tiempo de lectura\" \/>\n\t<meta name=\"twitter:data1\" content=\"1 minuto\" \/>\n<script type=\"application\/ld+json\" class=\"yoast-schema-graph\">{\"@context\":\"https:\\\/\\\/schema.org\",\"@graph\":[{\"@type\":\"WebPage\",\"@id\":\"https:\\\/\\\/repliquemangacine.fr\\\/denix\\\/parabellum-luger-p08-crosse-bois\\\/\",\"url\":\"https:\\\/\\\/repliquemangacine.fr\\\/denix\\\/parabellum-luger-p08-crosse-bois\\\/\",\"name\":\"Parabellum Luger P08 - Boutique en ligne - R\u00e9plique Manga Cin\u00e9\",\"isPartOf\":{\"@id\":\"https:\\\/\\\/repliquemangacine.fr\\\/#website\"},\"primaryImageOfPage\":{\"@id\":\"https:\\\/\\\/repliquemangacine.fr\\\/denix\\\/parabellum-luger-p08-crosse-bois\\\/#primaryimage\"},\"image\":{\"@id\":\"https:\\\/\\\/repliquemangacine.fr\\\/denix\\\/parabellum-luger-p08-crosse-bois\\\/#primaryimage\"},\"thumbnailUrl\":\"https:\\\/\\\/repliquemangacine.fr\\\/wp-content\\\/uploads\\\/2023\\\/10\\\/1052-Replique-Pistolet-Luger-P08-Parabellum-Crosse-bois.jpg\",\"datePublished\":\"2016-11-18T18:54:15+00:00\",\"dateModified\":\"2026-03-05T19:31:26+00:00\",\"description\":\"Offrez-lui ! Le Pistolet Parabellum Luger P08 Denix au meilleur prix - Tout en m\u00e9tal - M\u00e9canisme fonctionnel - Inapte au tir - Chargeur amovible - 25.5 cm\",\"breadcrumb\":{\"@id\":\"https:\\\/\\\/repliquemangacine.fr\\\/denix\\\/parabellum-luger-p08-crosse-bois\\\/#breadcrumb\"},\"inLanguage\":\"es\",\"potentialAction\":[{\"@type\":\"ReadAction\",\"target\":[\"https:\\\/\\\/repliquemangacine.fr\\\/denix\\\/parabellum-luger-p08-crosse-bois\\\/\"]}]},{\"@type\":\"ImageObject\",\"inLanguage\":\"es\",\"@id\":\"https:\\\/\\\/repliquemangacine.fr\\\/denix\\\/parabellum-luger-p08-crosse-bois\\\/#primaryimage\",\"url\":\"https:\\\/\\\/repliquemangacine.fr\\\/wp-content\\\/uploads\\\/2023\\\/10\\\/1052-Replique-Pistolet-Luger-P08-Parabellum-Crosse-bois.jpg\",\"contentUrl\":\"https:\\\/\\\/repliquemangacine.fr\\\/wp-content\\\/uploads\\\/2023\\\/10\\\/1052-Replique-Pistolet-Luger-P08-Parabellum-Crosse-bois.jpg\",\"width\":800,\"height\":800,\"caption\":\"R\u00e9plique Pistolet Luger P08 Parabellum - Crosse bois\"},{\"@type\":\"BreadcrumbList\",\"@id\":\"https:\\\/\\\/repliquemangacine.fr\\\/denix\\\/parabellum-luger-p08-crosse-bois\\\/#breadcrumb\",\"itemListElement\":[{\"@type\":\"ListItem\",\"position\":1,\"name\":\"Accueil\",\"item\":\"https:\\\/\\\/repliquemangacine.fr\\\/\"},{\"@type\":\"ListItem\",\"position\":2,\"name\":\"Produits\",\"item\":\"https:\\\/\\\/repliquemangacine.fr\\\/boutique\\\/\"},{\"@type\":\"ListItem\",\"position\":3,\"name\":\"Parabellum Luger P08\"}]},{\"@type\":\"WebSite\",\"@id\":\"https:\\\/\\\/repliquemangacine.fr\\\/#website\",\"url\":\"https:\\\/\\\/repliquemangacine.fr\\\/\",\"name\":\"R\u00e9plique Manga Cin\u00e9\",\"description\":\"\",\"publisher\":{\"@id\":\"https:\\\/\\\/repliquemangacine.fr\\\/#organization\"},\"potentialAction\":[{\"@type\":\"SearchAction\",\"target\":{\"@type\":\"EntryPoint\",\"urlTemplate\":\"https:\\\/\\\/repliquemangacine.fr\\\/?s={search_term_string}\"},\"query-input\":{\"@type\":\"PropertyValueSpecification\",\"valueRequired\":true,\"valueName\":\"search_term_string\"}}],\"inLanguage\":\"es\"},{\"@type\":\"Organization\",\"@id\":\"https:\\\/\\\/repliquemangacine.fr\\\/#organization\",\"name\":\"R\u00e9plique Manga Cin\u00e9\",\"url\":\"https:\\\/\\\/repliquemangacine.fr\\\/\",\"logo\":{\"@type\":\"ImageObject\",\"inLanguage\":\"es\",\"@id\":\"https:\\\/\\\/repliquemangacine.fr\\\/#\\\/schema\\\/logo\\\/image\\\/\",\"url\":\"https:\\\/\\\/repliquemangacine.fr\\\/wp-content\\\/uploads\\\/2023\\\/10\\\/RMC-500250.png\",\"contentUrl\":\"https:\\\/\\\/repliquemangacine.fr\\\/wp-content\\\/uploads\\\/2023\\\/10\\\/RMC-500250.png\",\"width\":500,\"height\":250,\"caption\":\"R\u00e9plique Manga Cin\u00e9\"},\"image\":{\"@id\":\"https:\\\/\\\/repliquemangacine.fr\\\/#\\\/schema\\\/logo\\\/image\\\/\"},\"sameAs\":[\"https:\\\/\\\/www.facebook.com\\\/RepliqueMangaCine\",\"https:\\\/\\\/www.instagram.com\\\/repliquemangacine.fr\\\/\"]}]}<\/script>\n<!-- \/ Yoast SEO plugin. -->","yoast_head_json":{"title":"Parabellum Luger P08 - Tienda Online - R\u00e9plique Manga Cin\u00e9","description":"\u00a1Reg\u00e1lala! La Pistola Parabellum Luger P08 Denix al mejor precio - Todo metal - Mecanismo funcional - No dispara - Cargador extra\u00edble - 25,5 cm","robots":{"index":"index","follow":"follow","max-snippet":"max-snippet:-1","max-image-preview":"max-image-preview:large","max-video-preview":"max-video-preview:-1"},"canonical":"https:\/\/repliquemangacine.fr\/es\/denix\/culata-de-madera-parabellum-luger-p08\/","og_locale":"es_ES","og_type":"article","og_title":"Parabellum Luger P08 - Boutique en ligne - R\u00e9plique Manga Cin\u00e9","og_description":"Offrez-lui ! Le Pistolet Parabellum Luger P08 Denix au meilleur prix - Tout en m\u00e9tal - M\u00e9canisme fonctionnel - Inapte au tir - Chargeur amovible - 25.5 cm","og_url":"https:\/\/repliquemangacine.fr\/es\/denix\/culata-de-madera-parabellum-luger-p08\/","og_site_name":"R\u00e9plique Manga Cin\u00e9","article_publisher":"https:\/\/www.facebook.com\/RepliqueMangaCine","article_modified_time":"2026-03-05T19:31:26+00:00","og_image":[{"width":800,"height":800,"url":"https:\/\/repliquemangacine.fr\/wp-content\/uploads\/2023\/10\/1052-Replique-Pistolet-Luger-P08-Parabellum-Crosse-bois.jpg","type":"image\/jpeg"}],"twitter_card":"summary_large_image","twitter_misc":{"Tiempo de lectura":"1 minuto"},"schema":{"@context":"https:\/\/schema.org","@graph":[{"@type":"WebPage","@id":"https:\/\/repliquemangacine.fr\/denix\/parabellum-luger-p08-crosse-bois\/","url":"https:\/\/repliquemangacine.fr\/denix\/parabellum-luger-p08-crosse-bois\/","name":"Parabellum Luger P08 - Tienda Online - R\u00e9plique Manga Cin\u00e9","isPartOf":{"@id":"https:\/\/repliquemangacine.fr\/#website"},"primaryImageOfPage":{"@id":"https:\/\/repliquemangacine.fr\/denix\/parabellum-luger-p08-crosse-bois\/#primaryimage"},"image":{"@id":"https:\/\/repliquemangacine.fr\/denix\/parabellum-luger-p08-crosse-bois\/#primaryimage"},"thumbnailUrl":"https:\/\/repliquemangacine.fr\/wp-content\/uploads\/2023\/10\/1052-Replique-Pistolet-Luger-P08-Parabellum-Crosse-bois.jpg","datePublished":"2016-11-18T18:54:15+00:00","dateModified":"2026-03-05T19:31:26+00:00","description":"\u00a1Reg\u00e1lala! La Pistola Parabellum Luger P08 Denix al mejor precio - Todo metal - Mecanismo funcional - No dispara - Cargador extra\u00edble - 25,5 cm","breadcrumb":{"@id":"https:\/\/repliquemangacine.fr\/denix\/parabellum-luger-p08-crosse-bois\/#breadcrumb"},"inLanguage":"es","potentialAction":[{"@type":"ReadAction","target":["https:\/\/repliquemangacine.fr\/denix\/parabellum-luger-p08-crosse-bois\/"]}]},{"@type":"ImageObject","inLanguage":"es","@id":"https:\/\/repliquemangacine.fr\/denix\/parabellum-luger-p08-crosse-bois\/#primaryimage","url":"https:\/\/repliquemangacine.fr\/wp-content\/uploads\/2023\/10\/1052-Replique-Pistolet-Luger-P08-Parabellum-Crosse-bois.jpg","contentUrl":"https:\/\/repliquemangacine.fr\/wp-content\/uploads\/2023\/10\/1052-Replique-Pistolet-Luger-P08-Parabellum-Crosse-bois.jpg","width":800,"height":800,"caption":"R\u00e9plique Pistolet Luger P08 Parabellum - Crosse bois"},{"@type":"BreadcrumbList","@id":"https:\/\/repliquemangacine.fr\/denix\/parabellum-luger-p08-crosse-bois\/#breadcrumb","itemListElement":[{"@type":"ListItem","position":1,"name":"Accueil","item":"https:\/\/repliquemangacine.fr\/"},{"@type":"ListItem","position":2,"name":"Produits","item":"https:\/\/repliquemangacine.fr\/boutique\/"},{"@type":"ListItem","position":3,"name":"Parabellum Luger P08"}]},{"@type":"WebSite","@id":"https:\/\/repliquemangacine.fr\/#website","url":"https:\/\/repliquemangacine.fr\/","name":"R\u00e9plique Manga Cin\u00e9","description":"","publisher":{"@id":"https:\/\/repliquemangacine.fr\/#organization"},"potentialAction":[{"@type":"SearchAction","target":{"@type":"EntryPoint","urlTemplate":"https:\/\/repliquemangacine.fr\/?s={search_term_string}"},"query-input":{"@type":"PropertyValueSpecification","valueRequired":true,"valueName":"search_term_string"}}],"inLanguage":"es"},{"@type":"Organization","@id":"https:\/\/repliquemangacine.fr\/#organization","name":"R\u00e9plique Manga Cin\u00e9","url":"https:\/\/repliquemangacine.fr\/","logo":{"@type":"ImageObject","inLanguage":"es","@id":"https:\/\/repliquemangacine.fr\/#\/schema\/logo\/image\/","url":"https:\/\/repliquemangacine.fr\/wp-content\/uploads\/2023\/10\/RMC-500250.png","contentUrl":"https:\/\/repliquemangacine.fr\/wp-content\/uploads\/2023\/10\/RMC-500250.png","width":500,"height":250,"caption":"R\u00e9plique Manga Cin\u00e9"},"image":{"@id":"https:\/\/repliquemangacine.fr\/#\/schema\/logo\/image\/"},"sameAs":["https:\/\/www.facebook.com\/RepliqueMangaCine","https:\/\/www.instagram.com\/repliquemangacine.fr\/"]}]}},"_links":{"self":[{"href":"https:\/\/repliquemangacine.fr\/es\/wp-json\/wp\/v2\/product\/26373","targetHints":{"allow":["GET"]}}],"collection":[{"href":"https:\/\/repliquemangacine.fr\/es\/wp-json\/wp\/v2\/product"}],"about":[{"href":"https:\/\/repliquemangacine.fr\/es\/wp-json\/wp\/v2\/types\/product"}],"wp:featuredmedia":[{"embeddable":true,"href":"https:\/\/repliquemangacine.fr\/es\/wp-json\/wp\/v2\/media\/26374"}],"wp:attachment":[{"href":"https:\/\/repliquemangacine.fr\/es\/wp-json\/wp\/v2\/media?parent=26373"}],"wp:term":[{"taxonomy":"product_brand","embeddable":true,"href":"https:\/\/repliquemangacine.fr\/es\/wp-json\/wp\/v2\/product_brand?post=26373"},{"taxonomy":"product_cat","embeddable":true,"href":"https:\/\/repliquemangacine.fr\/es\/wp-json\/wp\/v2\/product_cat?post=26373"},{"taxonomy":"product_tag","embeddable":true,"href":"https:\/\/repliquemangacine.fr\/es\/wp-json\/wp\/v2\/product_tag?post=26373"}],"curies":[{"name":"wp","href":"https:\/\/api.w.org\/{rel}","templated":true}]}}