





{"id":26324,"date":"2016-11-17T12:40:37","date_gmt":"2016-11-17T11:40:37","guid":{"rendered":"https:\/\/repliquemangacine.fr\/?post_type=product&#038;p=26324"},"modified":"2026-04-01T05:58:00","modified_gmt":"2026-04-01T03:58:00","slug":"pistola-beretta-92f-parabellum-italia-1975","status":"publish","type":"product","link":"https:\/\/repliquemangacine.fr\/es\/pistolet-moderne\/pistolet-beretta-92f-parabellum-italy-1975\/","title":{"rendered":"Pistola Beretta 92F"},"content":{"rendered":"<h2>Pistola Beretta 92F 9 mm 1975 - Denix<\/h2>\n<p>Para empezar, el <strong>Pistola Beretta 92F<\/strong> 9 mm Parabellum, arma semiautom\u00e1tica fabricada por Beretta en Italia. Dise\u00f1ada en 1975, su producci\u00f3n comenz\u00f3 en 1976.  El ej\u00e9rcito estadounidense sustituy\u00f3 la pistola .45 ACP M1911A1 en 1985 por la Beretta 92FS, denominada \u201dM9\u201c.<\/p>\n<p>Adoptado por los ej\u00e9rcitos estadounidense, italiano y franc\u00e9s, ha tenido un \u00e9xito comercial considerable.<\/p>\n<p>De hecho, se trata de un arma de dise\u00f1o probado que se caracteriza por su cargador de 15 cartuchos de 9 mm Parabellum y su fiabilidad.<\/p>\n<p>Adem\u00e1s, esta arma es una de las m\u00e1s utilizadas en numerosas pel\u00edculas estadounidenses y europeas. Basta con citar, por ejemplo, el arma de Martin Riggs (Mel Gibson) en Arma letal y la de John Mc Lane (Bruce Willis) en La jungla de cristal, entre muchas otras.<\/p>\n<h2>Tu pistola Beretta 92F al mejor precio.<\/h2>\n<p>Ofrecemos una amplia selecci\u00f3n de reproducciones de armas Denix<\/p>\n<p>Lo primero y m\u00e1s importante,<\/p>\n<ul>\n<li>La r\u00e9plica del <a href=\"https:\/\/repliquemangacine.fr\/es\/los-muertos-vivientes\/colt-python-rick-grimes\/\">rev\u00f3lver pit\u00f3n rick<\/a> en The Walking Dead.<\/li>\n<li>Tambi\u00e9n hay una reproducci\u00f3n del rev\u00f3lver <a href=\"https:\/\/repliquemangacine.fr\/es\/pistola-moderna\/colt-python-magnum6\/\">Colt Python 357 Magnum 6\u2033.<\/a> barril, EE.UU. 1955.<\/li>\n<li>As\u00ed como el <a href=\"https:\/\/repliquemangacine.fr\/es\/pistola-moderna\/pistola-desert-eagle-black-1982-denix\/\">Pistola Desert Eagle<\/a> Versi\u00f3n negra utilizada en las pel\u00edculas de Matrix.<\/li>\n<li>Y muchos m\u00e1s por descubrir en nuestra tienda en l\u00ednea.<\/li>\n<\/ul>\n<p>Por eso, es una magn\u00edfica idea de regalo para coleccionistas y aficionados.<\/p>\n<p>En conclusi\u00f3n, puede utilizar el <strong>Pistola Beretta 92F<\/strong> para tus desfiles de cosplay o tus fiestas tem\u00e1ticas.<\/p>\n<p>Ante todo, es un objeto de colecci\u00f3n y decoraci\u00f3n.<\/p>\n<p>R\u00e9plique Manga Cin\u00e9 es una empresa familiar francesa, distribuidora oficial de la marca. <a href=\"https:\/\/www.denix.fr\/fr\/catalogue\/armes-modernes-1945-1982\/pistolets\/1254\/\" target=\"_blank\" rel=\"noopener noreferrer\">Denix<\/a>.<\/p>\n<h2>\u00bfC\u00f3mo se fabrican las r\u00e9plicas de armas Denix?<\/h2>\n<p>Utilizadas en recreaciones hist\u00f3ricas, pel\u00edculas, series y por coleccionistas. Las reproducciones Denix est\u00e1n fabricadas con materiales de alta calidad. Cuidadosamente elaboradas y ensambladas para crear armas de colecci\u00f3n realistas.<\/p>\n<ul>\n<li>Los metales se encuentran en una aleaci\u00f3n met\u00e1lica conocida como Zamac, cuya composici\u00f3n b\u00e1sica es zinc en 95%.<\/li>\n<li>Las piezas de pl\u00e1stico de las r\u00e9plicas son de ABS moldeado, que ofrece una gran resistencia.<\/li>\n<li>Las maderas elegidas por su belleza y durabilidad, como la caoba, el olivo o el nogal, dar\u00e1n a sus culatas y barricas un aspecto elegante y aut\u00e9ntico.<\/li>\n<\/ul>\n<p>Cabe se\u00f1alar que todas las reproducciones Denix son id\u00e9nticas a los originales, como su <strong>Pistola Beretta 92F<\/strong>.<\/p>","protected":false},"excerpt":{"rendered":"<p>Pistola Beretta 92F parabellum, 1975.<\/p>\n<ul>\n<li>Marco de Zamac.<\/li>\n<li>Empu\u00f1aduras moldeadas en ABS.<\/li>\n<li>Cargador extra\u00edble.<\/li>\n<li>Armas y huelgas.<\/li>\n<li>No apto para disparar.<\/li>\n<li>No se requiere autorizaci\u00f3n. Venta y posesi\u00f3n libres.<\/li>\n<li>Dimensiones: 25 cm - Peso: 1290 gramos<\/li>\n<\/ul>","protected":false},"featured_media":26325,"template":"","meta":[],"product_brand":[896],"product_cat":[102,40,28],"product_tag":[],"class_list":{"0":"post-26324","1":"product","2":"type-product","3":"status-publish","4":"has-post-thumbnail","6":"product_brand-replique-manga-cine","7":"product_cat-denix","8":"product_cat-pistolet-moderne","9":"product_cat-repliques-darmes","11":"first","12":"instock","13":"sale","14":"taxable","15":"shipping-taxable","16":"purchasable","17":"product-type-simple"},"yoast_head":"<!-- This site is optimized with the Yoast SEO plugin v27.4 - https:\/\/yoast.com\/product\/yoast-seo-wordpress\/ -->\n<title>Pistolet Beretta 92F - Boutique en ligne - Vente armes Denix | RMC<\/title>\n<meta name=\"description\" content=\"D\u00e9couvrez le Pistolet Beretta 92F parabellum au meilleur prix - Tout en m\u00e9tal - Chargeur amovible - M\u00e9canisme fonctionnel avec simulation de tir - 25 cm\" \/>\n<meta name=\"robots\" content=\"index, follow, max-snippet:-1, max-image-preview:large, max-video-preview:-1\" \/>\n<link rel=\"canonical\" href=\"https:\/\/repliquemangacine.fr\/es\/denix\/pistola-beretta-92f-parabellum-italia-1975\/\" \/>\n<meta property=\"og:locale\" content=\"es_ES\" \/>\n<meta property=\"og:type\" content=\"article\" \/>\n<meta property=\"og:title\" content=\"Pistolet Beretta 92F - Boutique en ligne - Vente armes Denix | RMC\" \/>\n<meta property=\"og:description\" content=\"D\u00e9couvrez le Pistolet Beretta 92F parabellum au meilleur prix - Tout en m\u00e9tal - Chargeur amovible - M\u00e9canisme fonctionnel avec simulation de tir - 25 cm\" \/>\n<meta property=\"og:url\" content=\"https:\/\/repliquemangacine.fr\/es\/denix\/pistola-beretta-92f-parabellum-italia-1975\/\" \/>\n<meta property=\"og:site_name\" content=\"R\u00e9plique Manga Cin\u00e9\" \/>\n<meta property=\"article:publisher\" content=\"https:\/\/www.facebook.com\/RepliqueMangaCine\" \/>\n<meta property=\"article:modified_time\" content=\"2026-04-01T03:58:00+00:00\" \/>\n<meta property=\"og:image\" content=\"https:\/\/repliquemangacine.fr\/wp-content\/uploads\/2023\/10\/1008-Replique-Pistolet-Beretta-92F-Parabellum-Italy-1975.jpg\" \/>\n\t<meta property=\"og:image:width\" content=\"800\" \/>\n\t<meta property=\"og:image:height\" content=\"800\" \/>\n\t<meta property=\"og:image:type\" content=\"image\/jpeg\" \/>\n<meta name=\"twitter:card\" content=\"summary_large_image\" \/>\n<meta name=\"twitter:label1\" content=\"Tiempo de lectura\" \/>\n\t<meta name=\"twitter:data1\" content=\"2 minutos\" \/>\n<script type=\"application\/ld+json\" class=\"yoast-schema-graph\">{\"@context\":\"https:\\\/\\\/schema.org\",\"@graph\":[{\"@type\":\"WebPage\",\"@id\":\"https:\\\/\\\/repliquemangacine.fr\\\/denix\\\/pistolet-beretta-92f-parabellum-italy-1975\\\/\",\"url\":\"https:\\\/\\\/repliquemangacine.fr\\\/denix\\\/pistolet-beretta-92f-parabellum-italy-1975\\\/\",\"name\":\"Pistolet Beretta 92F - Boutique en ligne - Vente armes Denix | RMC\",\"isPartOf\":{\"@id\":\"https:\\\/\\\/repliquemangacine.fr\\\/#website\"},\"primaryImageOfPage\":{\"@id\":\"https:\\\/\\\/repliquemangacine.fr\\\/denix\\\/pistolet-beretta-92f-parabellum-italy-1975\\\/#primaryimage\"},\"image\":{\"@id\":\"https:\\\/\\\/repliquemangacine.fr\\\/denix\\\/pistolet-beretta-92f-parabellum-italy-1975\\\/#primaryimage\"},\"thumbnailUrl\":\"https:\\\/\\\/repliquemangacine.fr\\\/wp-content\\\/uploads\\\/2023\\\/10\\\/1008-Replique-Pistolet-Beretta-92F-Parabellum-Italy-1975.jpg\",\"datePublished\":\"2016-11-17T11:40:37+00:00\",\"dateModified\":\"2026-04-01T03:58:00+00:00\",\"description\":\"D\u00e9couvrez le Pistolet Beretta 92F parabellum au meilleur prix - Tout en m\u00e9tal - Chargeur amovible - M\u00e9canisme fonctionnel avec simulation de tir - 25 cm\",\"breadcrumb\":{\"@id\":\"https:\\\/\\\/repliquemangacine.fr\\\/denix\\\/pistolet-beretta-92f-parabellum-italy-1975\\\/#breadcrumb\"},\"inLanguage\":\"es\",\"potentialAction\":[{\"@type\":\"ReadAction\",\"target\":[\"https:\\\/\\\/repliquemangacine.fr\\\/denix\\\/pistolet-beretta-92f-parabellum-italy-1975\\\/\"]}]},{\"@type\":\"ImageObject\",\"inLanguage\":\"es\",\"@id\":\"https:\\\/\\\/repliquemangacine.fr\\\/denix\\\/pistolet-beretta-92f-parabellum-italy-1975\\\/#primaryimage\",\"url\":\"https:\\\/\\\/repliquemangacine.fr\\\/wp-content\\\/uploads\\\/2023\\\/10\\\/1008-Replique-Pistolet-Beretta-92F-Parabellum-Italy-1975.jpg\",\"contentUrl\":\"https:\\\/\\\/repliquemangacine.fr\\\/wp-content\\\/uploads\\\/2023\\\/10\\\/1008-Replique-Pistolet-Beretta-92F-Parabellum-Italy-1975.jpg\",\"width\":800,\"height\":800,\"caption\":\"R\u00e9plique Pistolet Beretta 92F Parabellum - Italy 1975\"},{\"@type\":\"BreadcrumbList\",\"@id\":\"https:\\\/\\\/repliquemangacine.fr\\\/denix\\\/pistolet-beretta-92f-parabellum-italy-1975\\\/#breadcrumb\",\"itemListElement\":[{\"@type\":\"ListItem\",\"position\":1,\"name\":\"Accueil\",\"item\":\"https:\\\/\\\/repliquemangacine.fr\\\/\"},{\"@type\":\"ListItem\",\"position\":2,\"name\":\"Produits\",\"item\":\"https:\\\/\\\/repliquemangacine.fr\\\/boutique\\\/\"},{\"@type\":\"ListItem\",\"position\":3,\"name\":\"Pistolet Beretta 92F\"}]},{\"@type\":\"WebSite\",\"@id\":\"https:\\\/\\\/repliquemangacine.fr\\\/#website\",\"url\":\"https:\\\/\\\/repliquemangacine.fr\\\/\",\"name\":\"R\u00e9plique Manga Cin\u00e9\",\"description\":\"\",\"publisher\":{\"@id\":\"https:\\\/\\\/repliquemangacine.fr\\\/#organization\"},\"potentialAction\":[{\"@type\":\"SearchAction\",\"target\":{\"@type\":\"EntryPoint\",\"urlTemplate\":\"https:\\\/\\\/repliquemangacine.fr\\\/?s={search_term_string}\"},\"query-input\":{\"@type\":\"PropertyValueSpecification\",\"valueRequired\":true,\"valueName\":\"search_term_string\"}}],\"inLanguage\":\"es\"},{\"@type\":\"Organization\",\"@id\":\"https:\\\/\\\/repliquemangacine.fr\\\/#organization\",\"name\":\"R\u00e9plique Manga Cin\u00e9\",\"url\":\"https:\\\/\\\/repliquemangacine.fr\\\/\",\"logo\":{\"@type\":\"ImageObject\",\"inLanguage\":\"es\",\"@id\":\"https:\\\/\\\/repliquemangacine.fr\\\/#\\\/schema\\\/logo\\\/image\\\/\",\"url\":\"https:\\\/\\\/repliquemangacine.fr\\\/wp-content\\\/uploads\\\/2023\\\/10\\\/RMC-500250.png\",\"contentUrl\":\"https:\\\/\\\/repliquemangacine.fr\\\/wp-content\\\/uploads\\\/2023\\\/10\\\/RMC-500250.png\",\"width\":500,\"height\":250,\"caption\":\"R\u00e9plique Manga Cin\u00e9\"},\"image\":{\"@id\":\"https:\\\/\\\/repliquemangacine.fr\\\/#\\\/schema\\\/logo\\\/image\\\/\"},\"sameAs\":[\"https:\\\/\\\/www.facebook.com\\\/RepliqueMangaCine\",\"https:\\\/\\\/www.instagram.com\\\/repliquemangacine.fr\\\/\"]}]}<\/script>\n<!-- \/ Yoast SEO plugin. -->","yoast_head_json":{"title":"Pistola Beretta 92F - Tienda Online - Venta de Armas Denix | RMC","description":"Descubra la pistola Beretta 92F parabellum al mejor precio - Todo metal - Cargador extra\u00edble - Mecanismo funcional con simulaci\u00f3n de tiro - 25 cm","robots":{"index":"index","follow":"follow","max-snippet":"max-snippet:-1","max-image-preview":"max-image-preview:large","max-video-preview":"max-video-preview:-1"},"canonical":"https:\/\/repliquemangacine.fr\/es\/denix\/pistola-beretta-92f-parabellum-italia-1975\/","og_locale":"es_ES","og_type":"article","og_title":"Pistolet Beretta 92F - Boutique en ligne - Vente armes Denix | RMC","og_description":"D\u00e9couvrez le Pistolet Beretta 92F parabellum au meilleur prix - Tout en m\u00e9tal - Chargeur amovible - M\u00e9canisme fonctionnel avec simulation de tir - 25 cm","og_url":"https:\/\/repliquemangacine.fr\/es\/denix\/pistola-beretta-92f-parabellum-italia-1975\/","og_site_name":"R\u00e9plique Manga Cin\u00e9","article_publisher":"https:\/\/www.facebook.com\/RepliqueMangaCine","article_modified_time":"2026-04-01T03:58:00+00:00","og_image":[{"width":800,"height":800,"url":"https:\/\/repliquemangacine.fr\/wp-content\/uploads\/2023\/10\/1008-Replique-Pistolet-Beretta-92F-Parabellum-Italy-1975.jpg","type":"image\/jpeg"}],"twitter_card":"summary_large_image","twitter_misc":{"Tiempo de lectura":"2 minutos"},"schema":{"@context":"https:\/\/schema.org","@graph":[{"@type":"WebPage","@id":"https:\/\/repliquemangacine.fr\/denix\/pistolet-beretta-92f-parabellum-italy-1975\/","url":"https:\/\/repliquemangacine.fr\/denix\/pistolet-beretta-92f-parabellum-italy-1975\/","name":"Pistola Beretta 92F - Tienda Online - Venta de Armas Denix | RMC","isPartOf":{"@id":"https:\/\/repliquemangacine.fr\/#website"},"primaryImageOfPage":{"@id":"https:\/\/repliquemangacine.fr\/denix\/pistolet-beretta-92f-parabellum-italy-1975\/#primaryimage"},"image":{"@id":"https:\/\/repliquemangacine.fr\/denix\/pistolet-beretta-92f-parabellum-italy-1975\/#primaryimage"},"thumbnailUrl":"https:\/\/repliquemangacine.fr\/wp-content\/uploads\/2023\/10\/1008-Replique-Pistolet-Beretta-92F-Parabellum-Italy-1975.jpg","datePublished":"2016-11-17T11:40:37+00:00","dateModified":"2026-04-01T03:58:00+00:00","description":"Descubra la pistola Beretta 92F parabellum al mejor precio - Todo metal - Cargador extra\u00edble - Mecanismo funcional con simulaci\u00f3n de tiro - 25 cm","breadcrumb":{"@id":"https:\/\/repliquemangacine.fr\/denix\/pistolet-beretta-92f-parabellum-italy-1975\/#breadcrumb"},"inLanguage":"es","potentialAction":[{"@type":"ReadAction","target":["https:\/\/repliquemangacine.fr\/denix\/pistolet-beretta-92f-parabellum-italy-1975\/"]}]},{"@type":"ImageObject","inLanguage":"es","@id":"https:\/\/repliquemangacine.fr\/denix\/pistolet-beretta-92f-parabellum-italy-1975\/#primaryimage","url":"https:\/\/repliquemangacine.fr\/wp-content\/uploads\/2023\/10\/1008-Replique-Pistolet-Beretta-92F-Parabellum-Italy-1975.jpg","contentUrl":"https:\/\/repliquemangacine.fr\/wp-content\/uploads\/2023\/10\/1008-Replique-Pistolet-Beretta-92F-Parabellum-Italy-1975.jpg","width":800,"height":800,"caption":"R\u00e9plique Pistolet Beretta 92F Parabellum - Italy 1975"},{"@type":"BreadcrumbList","@id":"https:\/\/repliquemangacine.fr\/denix\/pistolet-beretta-92f-parabellum-italy-1975\/#breadcrumb","itemListElement":[{"@type":"ListItem","position":1,"name":"Accueil","item":"https:\/\/repliquemangacine.fr\/"},{"@type":"ListItem","position":2,"name":"Produits","item":"https:\/\/repliquemangacine.fr\/boutique\/"},{"@type":"ListItem","position":3,"name":"Pistolet Beretta 92F"}]},{"@type":"WebSite","@id":"https:\/\/repliquemangacine.fr\/#website","url":"https:\/\/repliquemangacine.fr\/","name":"R\u00e9plique Manga Cin\u00e9","description":"","publisher":{"@id":"https:\/\/repliquemangacine.fr\/#organization"},"potentialAction":[{"@type":"SearchAction","target":{"@type":"EntryPoint","urlTemplate":"https:\/\/repliquemangacine.fr\/?s={search_term_string}"},"query-input":{"@type":"PropertyValueSpecification","valueRequired":true,"valueName":"search_term_string"}}],"inLanguage":"es"},{"@type":"Organization","@id":"https:\/\/repliquemangacine.fr\/#organization","name":"R\u00e9plique Manga Cin\u00e9","url":"https:\/\/repliquemangacine.fr\/","logo":{"@type":"ImageObject","inLanguage":"es","@id":"https:\/\/repliquemangacine.fr\/#\/schema\/logo\/image\/","url":"https:\/\/repliquemangacine.fr\/wp-content\/uploads\/2023\/10\/RMC-500250.png","contentUrl":"https:\/\/repliquemangacine.fr\/wp-content\/uploads\/2023\/10\/RMC-500250.png","width":500,"height":250,"caption":"R\u00e9plique Manga Cin\u00e9"},"image":{"@id":"https:\/\/repliquemangacine.fr\/#\/schema\/logo\/image\/"},"sameAs":["https:\/\/www.facebook.com\/RepliqueMangaCine","https:\/\/www.instagram.com\/repliquemangacine.fr\/"]}]}},"_links":{"self":[{"href":"https:\/\/repliquemangacine.fr\/es\/wp-json\/wp\/v2\/product\/26324","targetHints":{"allow":["GET"]}}],"collection":[{"href":"https:\/\/repliquemangacine.fr\/es\/wp-json\/wp\/v2\/product"}],"about":[{"href":"https:\/\/repliquemangacine.fr\/es\/wp-json\/wp\/v2\/types\/product"}],"wp:featuredmedia":[{"embeddable":true,"href":"https:\/\/repliquemangacine.fr\/es\/wp-json\/wp\/v2\/media\/26325"}],"wp:attachment":[{"href":"https:\/\/repliquemangacine.fr\/es\/wp-json\/wp\/v2\/media?parent=26324"}],"wp:term":[{"taxonomy":"product_brand","embeddable":true,"href":"https:\/\/repliquemangacine.fr\/es\/wp-json\/wp\/v2\/product_brand?post=26324"},{"taxonomy":"product_cat","embeddable":true,"href":"https:\/\/repliquemangacine.fr\/es\/wp-json\/wp\/v2\/product_cat?post=26324"},{"taxonomy":"product_tag","embeddable":true,"href":"https:\/\/repliquemangacine.fr\/es\/wp-json\/wp\/v2\/product_tag?post=26324"}],"curies":[{"name":"wp","href":"https:\/\/api.w.org\/{rel}","templated":true}]}}