





{"id":26288,"date":"2016-11-16T13:45:54","date_gmt":"2016-11-16T12:45:54","guid":{"rendered":"https:\/\/repliquemangacine.fr\/?post_type=product&#038;p=26288"},"modified":"2026-02-06T15:12:12","modified_gmt":"2026-02-06T14:12:12","slug":"walther-ppk-7-65","status":"publish","type":"product","link":"https:\/\/repliquemangacine.fr\/es\/reproductions-armes-seconde-guerre-mondiale-denix\/walther-ppk-7-65\/","title":{"rendered":"Walther PPK 7.65"},"content":{"rendered":"<h2>Pistola Walther PPK 7.65 - Denix<\/h2>\n<p>Para empezar, el <strong>Walther PPK 7.65<\/strong> de 1931 es el arma favorita de la mayor\u00eda de los oficiales alemanes en la Segunda Guerra Mundial.<\/p>\n<p>La Walther PP (Polizei Pistole) es una pistola semiautom\u00e1tica de doble acci\u00f3n con recarga por retroceso. Entr\u00f3 en producci\u00f3n en 1929 por la f\u00e1brica de armas Carl Walther GmbH. Cabe destacar que la mayor\u00eda de estas armas ten\u00edan un calibre de 7,65 mm Browning.<\/p>\n<p>Adolf Hitler se habr\u00eda suicidado con su PPK en su b\u00fanker de Berl\u00edn.<\/p>\n<p>Inmortalizada en su versi\u00f3n PPK por el personaje de James Bond. Aparece en las pel\u00edculas de James Bond 007 contra Dr. No hasta Ma\u00f1ana nunca muere, as\u00ed como en la mayor\u00eda de las pel\u00edculas de la segunda guerra.<\/p>\n<h2>Tu Pistola Walther PPK 7.65 al mejor precio.<\/h2>\n<p>Le ofrecemos una amplia selecci\u00f3n de reproducciones de armas hist\u00f3ricas de la marca Denix.<\/p>\n<p>Lo primero y m\u00e1s importante,<\/p>\n<ul>\n<li>La r\u00e9plica del <a href=\"https:\/\/repliquemangacine.fr\/es\/reproducciones-darmes\/culata-de-madera-parabellum-luger-p08\/\">Luger Parabellum P08<\/a> en diferentes versiones.<\/li>\n<li>Tambi\u00e9n existe la <a href=\"https:\/\/repliquemangacine.fr\/es\/reproducciones-darmes\/colt-m1911a1-de-1911\/\">Colt M1911A1<\/a> con su culata de madera estriada.<\/li>\n<li>Adem\u00e1s de la reproducci\u00f3n de <a href=\"https:\/\/repliquemangacine.fr\/es\/reproducciones-darmes\/pistolet-mitrailleur-m3-grease-gun-usa-1942\/\">Pistola de grasa M3<\/a>.<\/li>\n<li>Y muchos m\u00e1s por descubrir en nuestra tienda en l\u00ednea.<\/li>\n<\/ul>\n<p>Por eso, aqu\u00ed tienes unas ideas fant\u00e1sticas para regalar a todos los apasionados de la historia y, sobre todo, para no olvidar a nuestros h\u00e9roes.<\/p>\n<p>En conclusi\u00f3n, puede utilizar el <strong>Walther PPK 7.65<\/strong> Denix para tus recreaciones hist\u00f3ricas. Pero, ante todo, esta reproducci\u00f3n es un arma de colecci\u00f3n.<\/p>\n<p>R\u00e9plique Manga Cin\u00e9 es una empresa familiar francesa, distribuidora oficial de la marca. <a href=\"https:\/\/www.denix.fr\/fr\/catalogue\/guerres-mondiales-1914-1945\/pistolets\/1277-nq\/\" target=\"_blank\" rel=\"noopener noreferrer\">Denix<\/a>.<\/p>\n<h2>\u00bfC\u00f3mo se fabrican las r\u00e9plicas de armas Denix?<\/h2>\n<p>Utilizadas en recreaciones hist\u00f3ricas, pel\u00edculas, series y por coleccionistas. Las reproducciones Denix est\u00e1n fabricadas con materiales de alta calidad. Cuidadosamente elaboradas y ensambladas para crear armas de colecci\u00f3n realistas.<\/p>\n<ul>\n<li>Los metales se encuentran en una aleaci\u00f3n met\u00e1lica conocida como Zamac, cuya composici\u00f3n b\u00e1sica es zinc en 95%.<\/li>\n<li>Las piezas de pl\u00e1stico de las r\u00e9plicas son de ABS moldeado, que ofrece una gran resistencia.<\/li>\n<li>Las maderas elegidas por su belleza y durabilidad, como la caoba, el olivo o el nogal, dar\u00e1n a sus culatas y barricas un aspecto elegante y aut\u00e9ntico.<\/li>\n<\/ul>\n<p>Cabe se\u00f1alar que todas las reproducciones Denix son id\u00e9nticas a los originales, como su <strong>Walther PPK 7.65<\/strong>.<\/p>","protected":false},"excerpt":{"rendered":"<p>Pistola Walther PPK de 1931.<\/p>\n<ul>\n<li>Marco de Zamac niquelado.<\/li>\n<li>Placas de agarre de ABS.<\/li>\n<li>Cargador extra\u00edble.<\/li>\n<li>Calibre 7.65.<\/li>\n<li>Armas arriba y choca totalmente<strong> no apto para disparar<\/strong>.<\/li>\n<li>No se requiere autorizaci\u00f3n. Venta y posesi\u00f3n libres<\/li>\n<li>Dimensiones: 18 cm - Peso: 590 gramos<\/li>\n<\/ul>","protected":false},"featured_media":26289,"template":"","meta":[],"product_brand":[896],"product_cat":[25,102,54,40,28,76],"product_tag":[],"class_list":{"0":"post-26288","1":"product","2":"type-product","3":"status-publish","4":"has-post-thumbnail","6":"product_brand-replique-manga-cine","7":"product_cat-armes-historiques","8":"product_cat-denix","9":"product_cat-armes-accessoires-guerre-mondiale","10":"product_cat-pistolet-moderne","11":"product_cat-repliques-darmes","12":"product_cat-reproductions-armes-seconde-guerre-mondiale-denix","14":"first","15":"instock","16":"sale","17":"taxable","18":"shipping-taxable","19":"purchasable","20":"product-type-simple"},"yoast_head":"<!-- This site is optimized with the Yoast SEO plugin v27.5 - https:\/\/yoast.com\/product\/yoast-seo-wordpress\/ -->\n<title>Walther PPK 7.65 1931 - Boutique en ligne | R\u00e9plique Manga Cin\u00e9<\/title>\n<meta name=\"description\" content=\"Offre-lui ! Le pistolet Walther PPK 7.65 au meilleur prix - Tout en m\u00e9tal - M\u00e9canisme fonctionnel - Inapte au tir - Chargeur amovible - Longueur : 18 cm\" \/>\n<meta name=\"robots\" content=\"index, follow, max-snippet:-1, max-image-preview:large, max-video-preview:-1\" \/>\n<link rel=\"canonical\" href=\"https:\/\/repliquemangacine.fr\/es\/denix\/walther-ppk-7-65\/\" \/>\n<meta property=\"og:locale\" content=\"es_ES\" \/>\n<meta property=\"og:type\" content=\"article\" \/>\n<meta property=\"og:title\" content=\"Walther PPK 7.65 1931 - Boutique en ligne | R\u00e9plique Manga Cin\u00e9\" \/>\n<meta property=\"og:description\" content=\"Offre-lui ! Le pistolet Walther PPK 7.65 au meilleur prix - Tout en m\u00e9tal - M\u00e9canisme fonctionnel - Inapte au tir - Chargeur amovible - Longueur : 18 cm\" \/>\n<meta property=\"og:url\" content=\"https:\/\/repliquemangacine.fr\/es\/denix\/walther-ppk-7-65\/\" \/>\n<meta property=\"og:site_name\" content=\"R\u00e9plique Manga Cin\u00e9\" \/>\n<meta property=\"article:publisher\" content=\"https:\/\/www.facebook.com\/RepliqueMangaCine\" \/>\n<meta property=\"article:modified_time\" content=\"2026-02-06T14:12:12+00:00\" \/>\n<meta property=\"og:image\" content=\"https:\/\/repliquemangacine.fr\/wp-content\/uploads\/2023\/10\/977-Replique-Pistolet-Walther-PPK-Calibre-7.65-nickele.jpg\" \/>\n\t<meta property=\"og:image:width\" content=\"800\" \/>\n\t<meta property=\"og:image:height\" content=\"800\" \/>\n\t<meta property=\"og:image:type\" content=\"image\/jpeg\" \/>\n<meta name=\"twitter:card\" content=\"summary_large_image\" \/>\n<meta name=\"twitter:label1\" content=\"Tiempo de lectura\" \/>\n\t<meta name=\"twitter:data1\" content=\"1 minuto\" \/>\n<script type=\"application\/ld+json\" class=\"yoast-schema-graph\">{\"@context\":\"https:\\\/\\\/schema.org\",\"@graph\":[{\"@type\":\"WebPage\",\"@id\":\"https:\\\/\\\/repliquemangacine.fr\\\/denix\\\/walther-ppk-7-65\\\/\",\"url\":\"https:\\\/\\\/repliquemangacine.fr\\\/denix\\\/walther-ppk-7-65\\\/\",\"name\":\"Walther PPK 7.65 1931 - Boutique en ligne | R\u00e9plique Manga Cin\u00e9\",\"isPartOf\":{\"@id\":\"https:\\\/\\\/repliquemangacine.fr\\\/#website\"},\"primaryImageOfPage\":{\"@id\":\"https:\\\/\\\/repliquemangacine.fr\\\/denix\\\/walther-ppk-7-65\\\/#primaryimage\"},\"image\":{\"@id\":\"https:\\\/\\\/repliquemangacine.fr\\\/denix\\\/walther-ppk-7-65\\\/#primaryimage\"},\"thumbnailUrl\":\"https:\\\/\\\/repliquemangacine.fr\\\/wp-content\\\/uploads\\\/2023\\\/10\\\/977-Replique-Pistolet-Walther-PPK-Calibre-7.65-nickele.jpg\",\"datePublished\":\"2016-11-16T12:45:54+00:00\",\"dateModified\":\"2026-02-06T14:12:12+00:00\",\"description\":\"Offre-lui ! Le pistolet Walther PPK 7.65 au meilleur prix - Tout en m\u00e9tal - M\u00e9canisme fonctionnel - Inapte au tir - Chargeur amovible - Longueur : 18 cm\",\"breadcrumb\":{\"@id\":\"https:\\\/\\\/repliquemangacine.fr\\\/denix\\\/walther-ppk-7-65\\\/#breadcrumb\"},\"inLanguage\":\"es\",\"potentialAction\":[{\"@type\":\"ReadAction\",\"target\":[\"https:\\\/\\\/repliquemangacine.fr\\\/denix\\\/walther-ppk-7-65\\\/\"]}]},{\"@type\":\"ImageObject\",\"inLanguage\":\"es\",\"@id\":\"https:\\\/\\\/repliquemangacine.fr\\\/denix\\\/walther-ppk-7-65\\\/#primaryimage\",\"url\":\"https:\\\/\\\/repliquemangacine.fr\\\/wp-content\\\/uploads\\\/2023\\\/10\\\/977-Replique-Pistolet-Walther-PPK-Calibre-7.65-nickele.jpg\",\"contentUrl\":\"https:\\\/\\\/repliquemangacine.fr\\\/wp-content\\\/uploads\\\/2023\\\/10\\\/977-Replique-Pistolet-Walther-PPK-Calibre-7.65-nickele.jpg\",\"width\":800,\"height\":800,\"caption\":\"R\u00e9plique Pistolet Walther PPK - Calibre 7.65 nickel\u00e9\"},{\"@type\":\"BreadcrumbList\",\"@id\":\"https:\\\/\\\/repliquemangacine.fr\\\/denix\\\/walther-ppk-7-65\\\/#breadcrumb\",\"itemListElement\":[{\"@type\":\"ListItem\",\"position\":1,\"name\":\"Accueil\",\"item\":\"https:\\\/\\\/repliquemangacine.fr\\\/\"},{\"@type\":\"ListItem\",\"position\":2,\"name\":\"Produits\",\"item\":\"https:\\\/\\\/repliquemangacine.fr\\\/boutique\\\/\"},{\"@type\":\"ListItem\",\"position\":3,\"name\":\"Walther PPK 7.65\"}]},{\"@type\":\"WebSite\",\"@id\":\"https:\\\/\\\/repliquemangacine.fr\\\/#website\",\"url\":\"https:\\\/\\\/repliquemangacine.fr\\\/\",\"name\":\"R\u00e9plique Manga Cin\u00e9\",\"description\":\"\",\"publisher\":{\"@id\":\"https:\\\/\\\/repliquemangacine.fr\\\/#organization\"},\"potentialAction\":[{\"@type\":\"SearchAction\",\"target\":{\"@type\":\"EntryPoint\",\"urlTemplate\":\"https:\\\/\\\/repliquemangacine.fr\\\/?s={search_term_string}\"},\"query-input\":{\"@type\":\"PropertyValueSpecification\",\"valueRequired\":true,\"valueName\":\"search_term_string\"}}],\"inLanguage\":\"es\"},{\"@type\":\"Organization\",\"@id\":\"https:\\\/\\\/repliquemangacine.fr\\\/#organization\",\"name\":\"R\u00e9plique Manga Cin\u00e9\",\"url\":\"https:\\\/\\\/repliquemangacine.fr\\\/\",\"logo\":{\"@type\":\"ImageObject\",\"inLanguage\":\"es\",\"@id\":\"https:\\\/\\\/repliquemangacine.fr\\\/#\\\/schema\\\/logo\\\/image\\\/\",\"url\":\"https:\\\/\\\/repliquemangacine.fr\\\/wp-content\\\/uploads\\\/2023\\\/10\\\/RMC-500250.png\",\"contentUrl\":\"https:\\\/\\\/repliquemangacine.fr\\\/wp-content\\\/uploads\\\/2023\\\/10\\\/RMC-500250.png\",\"width\":500,\"height\":250,\"caption\":\"R\u00e9plique Manga Cin\u00e9\"},\"image\":{\"@id\":\"https:\\\/\\\/repliquemangacine.fr\\\/#\\\/schema\\\/logo\\\/image\\\/\"},\"sameAs\":[\"https:\\\/\\\/www.facebook.com\\\/RepliqueMangaCine\",\"https:\\\/\\\/www.instagram.com\\\/repliquemangacine.fr\\\/\"]}]}<\/script>\n<!-- \/ Yoast SEO plugin. -->","yoast_head_json":{"title":"Walther PPK 7.65 1931 - Tienda Online | R\u00e9plique Manga Cin\u00e9","description":"\u00a1Reg\u00e1lala! La pistola Walther PPK 7.65 al mejor precio - Toda de metal - Mecanismo funcional - No dispara - Cargador extra\u00edble - Longitud: 18 cm","robots":{"index":"index","follow":"follow","max-snippet":"max-snippet:-1","max-image-preview":"max-image-preview:large","max-video-preview":"max-video-preview:-1"},"canonical":"https:\/\/repliquemangacine.fr\/es\/denix\/walther-ppk-7-65\/","og_locale":"es_ES","og_type":"article","og_title":"Walther PPK 7.65 1931 - Boutique en ligne | R\u00e9plique Manga Cin\u00e9","og_description":"Offre-lui ! Le pistolet Walther PPK 7.65 au meilleur prix - Tout en m\u00e9tal - M\u00e9canisme fonctionnel - Inapte au tir - Chargeur amovible - Longueur : 18 cm","og_url":"https:\/\/repliquemangacine.fr\/es\/denix\/walther-ppk-7-65\/","og_site_name":"R\u00e9plique Manga Cin\u00e9","article_publisher":"https:\/\/www.facebook.com\/RepliqueMangaCine","article_modified_time":"2026-02-06T14:12:12+00:00","og_image":[{"width":800,"height":800,"url":"https:\/\/repliquemangacine.fr\/wp-content\/uploads\/2023\/10\/977-Replique-Pistolet-Walther-PPK-Calibre-7.65-nickele.jpg","type":"image\/jpeg"}],"twitter_card":"summary_large_image","twitter_misc":{"Tiempo de lectura":"1 minuto"},"schema":{"@context":"https:\/\/schema.org","@graph":[{"@type":"WebPage","@id":"https:\/\/repliquemangacine.fr\/denix\/walther-ppk-7-65\/","url":"https:\/\/repliquemangacine.fr\/denix\/walther-ppk-7-65\/","name":"Walther PPK 7.65 1931 - Tienda Online | R\u00e9plique Manga Cin\u00e9","isPartOf":{"@id":"https:\/\/repliquemangacine.fr\/#website"},"primaryImageOfPage":{"@id":"https:\/\/repliquemangacine.fr\/denix\/walther-ppk-7-65\/#primaryimage"},"image":{"@id":"https:\/\/repliquemangacine.fr\/denix\/walther-ppk-7-65\/#primaryimage"},"thumbnailUrl":"https:\/\/repliquemangacine.fr\/wp-content\/uploads\/2023\/10\/977-Replique-Pistolet-Walther-PPK-Calibre-7.65-nickele.jpg","datePublished":"2016-11-16T12:45:54+00:00","dateModified":"2026-02-06T14:12:12+00:00","description":"\u00a1Reg\u00e1lala! La pistola Walther PPK 7.65 al mejor precio - Toda de metal - Mecanismo funcional - No dispara - Cargador extra\u00edble - Longitud: 18 cm","breadcrumb":{"@id":"https:\/\/repliquemangacine.fr\/denix\/walther-ppk-7-65\/#breadcrumb"},"inLanguage":"es","potentialAction":[{"@type":"ReadAction","target":["https:\/\/repliquemangacine.fr\/denix\/walther-ppk-7-65\/"]}]},{"@type":"ImageObject","inLanguage":"es","@id":"https:\/\/repliquemangacine.fr\/denix\/walther-ppk-7-65\/#primaryimage","url":"https:\/\/repliquemangacine.fr\/wp-content\/uploads\/2023\/10\/977-Replique-Pistolet-Walther-PPK-Calibre-7.65-nickele.jpg","contentUrl":"https:\/\/repliquemangacine.fr\/wp-content\/uploads\/2023\/10\/977-Replique-Pistolet-Walther-PPK-Calibre-7.65-nickele.jpg","width":800,"height":800,"caption":"R\u00e9plique Pistolet Walther PPK - Calibre 7.65 nickel\u00e9"},{"@type":"BreadcrumbList","@id":"https:\/\/repliquemangacine.fr\/denix\/walther-ppk-7-65\/#breadcrumb","itemListElement":[{"@type":"ListItem","position":1,"name":"Accueil","item":"https:\/\/repliquemangacine.fr\/"},{"@type":"ListItem","position":2,"name":"Produits","item":"https:\/\/repliquemangacine.fr\/boutique\/"},{"@type":"ListItem","position":3,"name":"Walther PPK 7.65"}]},{"@type":"WebSite","@id":"https:\/\/repliquemangacine.fr\/#website","url":"https:\/\/repliquemangacine.fr\/","name":"R\u00e9plique Manga Cin\u00e9","description":"","publisher":{"@id":"https:\/\/repliquemangacine.fr\/#organization"},"potentialAction":[{"@type":"SearchAction","target":{"@type":"EntryPoint","urlTemplate":"https:\/\/repliquemangacine.fr\/?s={search_term_string}"},"query-input":{"@type":"PropertyValueSpecification","valueRequired":true,"valueName":"search_term_string"}}],"inLanguage":"es"},{"@type":"Organization","@id":"https:\/\/repliquemangacine.fr\/#organization","name":"R\u00e9plique Manga Cin\u00e9","url":"https:\/\/repliquemangacine.fr\/","logo":{"@type":"ImageObject","inLanguage":"es","@id":"https:\/\/repliquemangacine.fr\/#\/schema\/logo\/image\/","url":"https:\/\/repliquemangacine.fr\/wp-content\/uploads\/2023\/10\/RMC-500250.png","contentUrl":"https:\/\/repliquemangacine.fr\/wp-content\/uploads\/2023\/10\/RMC-500250.png","width":500,"height":250,"caption":"R\u00e9plique Manga Cin\u00e9"},"image":{"@id":"https:\/\/repliquemangacine.fr\/#\/schema\/logo\/image\/"},"sameAs":["https:\/\/www.facebook.com\/RepliqueMangaCine","https:\/\/www.instagram.com\/repliquemangacine.fr\/"]}]}},"_links":{"self":[{"href":"https:\/\/repliquemangacine.fr\/es\/wp-json\/wp\/v2\/product\/26288","targetHints":{"allow":["GET"]}}],"collection":[{"href":"https:\/\/repliquemangacine.fr\/es\/wp-json\/wp\/v2\/product"}],"about":[{"href":"https:\/\/repliquemangacine.fr\/es\/wp-json\/wp\/v2\/types\/product"}],"wp:featuredmedia":[{"embeddable":true,"href":"https:\/\/repliquemangacine.fr\/es\/wp-json\/wp\/v2\/media\/26289"}],"wp:attachment":[{"href":"https:\/\/repliquemangacine.fr\/es\/wp-json\/wp\/v2\/media?parent=26288"}],"wp:term":[{"taxonomy":"product_brand","embeddable":true,"href":"https:\/\/repliquemangacine.fr\/es\/wp-json\/wp\/v2\/product_brand?post=26288"},{"taxonomy":"product_cat","embeddable":true,"href":"https:\/\/repliquemangacine.fr\/es\/wp-json\/wp\/v2\/product_cat?post=26288"},{"taxonomy":"product_tag","embeddable":true,"href":"https:\/\/repliquemangacine.fr\/es\/wp-json\/wp\/v2\/product_tag?post=26288"}],"curies":[{"name":"wp","href":"https:\/\/api.w.org\/{rel}","templated":true}]}}