





{"id":26269,"date":"2016-11-14T16:51:50","date_gmt":"2016-11-14T15:51:50","guid":{"rendered":"https:\/\/repliquemangacine.fr\/?post_type=product&#038;p=26269"},"modified":"2026-04-07T19:04:52","modified_gmt":"2026-04-07T17:04:52","slug":"revolver-webley-mk4-1923","status":"publish","type":"product","link":"https:\/\/repliquemangacine.fr\/es\/reproductions-armes-seconde-guerre-mondiale-denix\/revolver-webley-mk4-1923\/","title":{"rendered":"Rev\u00f3lver Webley MK4 1923"},"content":{"rendered":"<h2>Rev\u00f3lver Webley MK4 1923 - Denix.<\/h2>\n<p>Para empezar, el <strong>Rev\u00f3lver Webley MK4<\/strong> La Webley &amp; Scott crea la pistola calibre 38 1923 para armar a la polic\u00eda brit\u00e1nica.<\/p>\n<p>Utilizada por el ej\u00e9rcito brit\u00e1nico a partir de 1942, no fue reconocida como reglamentaria hasta 1945. Esta arma fue utilizada por numerosos oficiales y polic\u00edas de los pa\u00edses de la Commonwealth despu\u00e9s de 1945.<br \/>\nPero tambi\u00e9n se distribuy\u00f3 a las FFI y FFL. Varias versiones en calibre .32 y .22 LR.<\/p>\n<p>Inmortalizado en la gran pantalla por Harrison Ford en Indiana Jones y el reino de la calavera de cristal. Pero tambi\u00e9n en diferentes pel\u00edculas y series de televisi\u00f3n. As\u00ed como en el videojuego Call of Duty...<\/p>\n<p>La empresa finalmente produce una Mk 4 Pocket con ca\u00f1\u00f3n corto. La fabricaci\u00f3n cesa en la d\u00e9cada de 1970.<\/p>\n<h2>Su Webley MK4 1923 Revolver al mejor precio.<\/h2>\n<p>Le ofrecemos una amplia selecci\u00f3n de reproducciones de armas hist\u00f3ricas de la marca Denix.<\/p>\n<p>Lo primero y m\u00e1s importante,<\/p>\n<ul>\n<li>La r\u00e9plica del <a href=\"https:\/\/repliquemangacine.fr\/es\/guerra-mundial\/replica-de-ametralladora-mg34-con-tripodes-denix\/\">Ametralladora MG34<\/a> considerada la mejor ametralladora de su \u00e9poca.<\/li>\n<li>Tambi\u00e9n existe la <a href=\"https:\/\/repliquemangacine.fr\/es\/reproducciones-darmes\/colt-m1911a1-de-1911\/\">Colt M1911A1<\/a> a\u00fan activo en algunas unidades de las fuerzas especiales, navales y de la marina.<\/li>\n<li>Adem\u00e1s de la reproducci\u00f3n id\u00e9ntica del <a href=\"https:\/\/repliquemangacine.fr\/es\/guerra-mundial\/pistola-ametralladora-fusil-thompson-m1928a1-tommy-gun\/\">Pistola ametralladora Thompson M1928<\/a> apodado \"Tommy Gun\".<\/li>\n<li>Y muchos m\u00e1s.<\/li>\n<\/ul>\n<p>Por eso, aqu\u00ed tienes unas ideas fant\u00e1sticas para regalar a todos los apasionados de la historia y, sobre todo, para no olvidar a nuestros h\u00e9roes.<\/p>\n<p>En conclusi\u00f3n, puede utilizar el <strong>Rev\u00f3lver<\/strong> <strong>Webley MK4 1923<\/strong> Denix para tus recreaciones hist\u00f3ricas. Pero, ante todo, esta reproducci\u00f3n es un arma de colecci\u00f3n.<\/p>\n<p>R\u00e9plique Manga Cin\u00e9 es una empresa familiar francesa, distribuidora oficial de la marca. <a href=\"https:\/\/www.denix.fr\/fr\/catalogue\/guerres-mondiales-1914-1945\/revolvers\/1119\/\" target=\"_blank\" rel=\"noopener noreferrer\">Denix<\/a>.<\/p>\n<h2>\u00bfC\u00f3mo se fabrican las r\u00e9plicas de armas Denix?<\/h2>\n<p>Utilizadas en recreaciones hist\u00f3ricas, pel\u00edculas, series y por coleccionistas. Las reproducciones Denix est\u00e1n fabricadas con materiales de alta calidad. Cuidadosamente elaboradas y ensambladas para crear armas de colecci\u00f3n realistas.<\/p>\n<p>Los metales se encuentran en una aleaci\u00f3n met\u00e1lica conocida como Zamac, cuya composici\u00f3n b\u00e1sica es zinc en 95%.<br \/>\nLas piezas de pl\u00e1stico de las r\u00e9plicas son de ABS moldeado, que ofrece una gran resistencia.<br \/>\nLas maderas elegidas por su belleza y durabilidad, como la caoba, el olivo o el nogal, dar\u00e1n a sus culatas y barricas un aspecto elegante y aut\u00e9ntico.<\/p>\n<p>Cabe se\u00f1alar que todas las reproducciones Denix son id\u00e9nticas a los originales, como su <strong>Rev\u00f3lver<\/strong> <strong>Webley MK4<\/strong>.<\/p>","protected":false},"excerpt":{"rendered":"<p>Rev\u00f3lver ingl\u00e9s Weblry MK4, 1923.<\/p>\n<ul>\n<li style=\"list-style-type: none;\">\n<ul>\n<li>Marco de Zamac.<\/li>\n<li>Empu\u00f1aduras moldeadas en ABS.<\/li>\n<li>Se dispara y se estrella, pero es <strong>totalmente incapaz de disparar<\/strong>.<\/li>\n<li>El mecanismo de apertura del tambor est\u00e1 espec\u00edficamente bloqueado.<\/li>\n<li>No se requiere autorizaci\u00f3n. Venta y posesi\u00f3n libres<\/li>\n<li>Dimensiones: 28,5 cm - Peso: 700 gramos<\/li>\n<\/ul>\n<\/li>\n<\/ul>\n<p><iframe title=\"Reproductor de v\u00eddeo YouTube\" src=\"https:\/\/www.youtube.com\/embed\/xK-RuIDBjD0\" width=\"560\" height=\"315\" frameborder=\"0\" allowfullscreen=\"allowfullscreen\"><\/iframe><\/p>","protected":false},"featured_media":26270,"template":"","meta":[],"product_brand":[896],"product_cat":[25,102,54,40,28,76],"product_tag":[],"class_list":{"0":"post-26269","1":"product","2":"type-product","3":"status-publish","4":"has-post-thumbnail","6":"product_brand-replique-manga-cine","7":"product_cat-armes-historiques","8":"product_cat-denix","9":"product_cat-armes-accessoires-guerre-mondiale","10":"product_cat-pistolet-moderne","11":"product_cat-repliques-darmes","12":"product_cat-reproductions-armes-seconde-guerre-mondiale-denix","14":"first","15":"instock","16":"sale","17":"taxable","18":"shipping-taxable","19":"purchasable","20":"product-type-simple"},"yoast_head":"<!-- This site is optimized with the Yoast SEO plugin v27.4 - https:\/\/yoast.com\/product\/yoast-seo-wordpress\/ -->\n<title>Revolver Webley MK4 - Vente en ligne | R\u00e9plique Manga Cin\u00e9<\/title>\n<meta name=\"description\" content=\"Achetez vite ! Ce Revolver Webley MK4 1923 au meilleur prix - En m\u00e9tal (zamac) - M\u00e9canisme Fonctionnel - Inapte au tir - Longueur : 28.5 cm - Poids : 700 g\" \/>\n<meta name=\"robots\" content=\"index, follow, max-snippet:-1, max-image-preview:large, max-video-preview:-1\" \/>\n<link rel=\"canonical\" href=\"https:\/\/repliquemangacine.fr\/es\/denix\/revolver-webley-mk4-1923\/\" \/>\n<meta property=\"og:locale\" content=\"es_ES\" \/>\n<meta property=\"og:type\" content=\"article\" \/>\n<meta property=\"og:title\" content=\"Revolver Webley MK4 - Vente en ligne | R\u00e9plique Manga Cin\u00e9\" \/>\n<meta property=\"og:description\" content=\"Achetez vite ! Ce Revolver Webley MK4 1923 au meilleur prix - En m\u00e9tal (zamac) - M\u00e9canisme Fonctionnel - Inapte au tir - Longueur : 28.5 cm - Poids : 700 g\" \/>\n<meta property=\"og:url\" content=\"https:\/\/repliquemangacine.fr\/es\/denix\/revolver-webley-mk4-1923\/\" \/>\n<meta property=\"og:site_name\" content=\"R\u00e9plique Manga Cin\u00e9\" \/>\n<meta property=\"article:publisher\" content=\"https:\/\/www.facebook.com\/RepliqueMangaCine\" \/>\n<meta property=\"article:modified_time\" content=\"2026-04-07T17:04:52+00:00\" \/>\n<meta property=\"og:image\" content=\"https:\/\/repliquemangacine.fr\/wp-content\/uploads\/2023\/10\/958-Replique-Revolver-MK4-Webley-1923.jpg\" \/>\n\t<meta property=\"og:image:width\" content=\"800\" \/>\n\t<meta property=\"og:image:height\" content=\"800\" \/>\n\t<meta property=\"og:image:type\" content=\"image\/jpeg\" \/>\n<meta name=\"twitter:card\" content=\"summary_large_image\" \/>\n<meta name=\"twitter:label1\" content=\"Tiempo de lectura\" \/>\n\t<meta name=\"twitter:data1\" content=\"1 minuto\" \/>\n<script type=\"application\/ld+json\" class=\"yoast-schema-graph\">{\"@context\":\"https:\\\/\\\/schema.org\",\"@graph\":[{\"@type\":\"WebPage\",\"@id\":\"https:\\\/\\\/repliquemangacine.fr\\\/denix\\\/revolver-webley-mk4-1923\\\/\",\"url\":\"https:\\\/\\\/repliquemangacine.fr\\\/denix\\\/revolver-webley-mk4-1923\\\/\",\"name\":\"Revolver Webley MK4 - Vente en ligne | R\u00e9plique Manga Cin\u00e9\",\"isPartOf\":{\"@id\":\"https:\\\/\\\/repliquemangacine.fr\\\/#website\"},\"primaryImageOfPage\":{\"@id\":\"https:\\\/\\\/repliquemangacine.fr\\\/denix\\\/revolver-webley-mk4-1923\\\/#primaryimage\"},\"image\":{\"@id\":\"https:\\\/\\\/repliquemangacine.fr\\\/denix\\\/revolver-webley-mk4-1923\\\/#primaryimage\"},\"thumbnailUrl\":\"https:\\\/\\\/repliquemangacine.fr\\\/wp-content\\\/uploads\\\/2023\\\/10\\\/958-Replique-Revolver-MK4-Webley-1923.jpg\",\"datePublished\":\"2016-11-14T15:51:50+00:00\",\"dateModified\":\"2026-04-07T17:04:52+00:00\",\"description\":\"Achetez vite ! Ce Revolver Webley MK4 1923 au meilleur prix - En m\u00e9tal (zamac) - M\u00e9canisme Fonctionnel - Inapte au tir - Longueur : 28.5 cm - Poids : 700 g\",\"breadcrumb\":{\"@id\":\"https:\\\/\\\/repliquemangacine.fr\\\/denix\\\/revolver-webley-mk4-1923\\\/#breadcrumb\"},\"inLanguage\":\"es\",\"potentialAction\":[{\"@type\":\"ReadAction\",\"target\":[\"https:\\\/\\\/repliquemangacine.fr\\\/denix\\\/revolver-webley-mk4-1923\\\/\"]}]},{\"@type\":\"ImageObject\",\"inLanguage\":\"es\",\"@id\":\"https:\\\/\\\/repliquemangacine.fr\\\/denix\\\/revolver-webley-mk4-1923\\\/#primaryimage\",\"url\":\"https:\\\/\\\/repliquemangacine.fr\\\/wp-content\\\/uploads\\\/2023\\\/10\\\/958-Replique-Revolver-MK4-Webley-1923.jpg\",\"contentUrl\":\"https:\\\/\\\/repliquemangacine.fr\\\/wp-content\\\/uploads\\\/2023\\\/10\\\/958-Replique-Revolver-MK4-Webley-1923.jpg\",\"width\":800,\"height\":800,\"caption\":\"Replique Revolver MK4 Webley 1923\"},{\"@type\":\"BreadcrumbList\",\"@id\":\"https:\\\/\\\/repliquemangacine.fr\\\/denix\\\/revolver-webley-mk4-1923\\\/#breadcrumb\",\"itemListElement\":[{\"@type\":\"ListItem\",\"position\":1,\"name\":\"Accueil\",\"item\":\"https:\\\/\\\/repliquemangacine.fr\\\/\"},{\"@type\":\"ListItem\",\"position\":2,\"name\":\"Produits\",\"item\":\"https:\\\/\\\/repliquemangacine.fr\\\/boutique\\\/\"},{\"@type\":\"ListItem\",\"position\":3,\"name\":\"Revolver Webley MK4 1923\"}]},{\"@type\":\"WebSite\",\"@id\":\"https:\\\/\\\/repliquemangacine.fr\\\/#website\",\"url\":\"https:\\\/\\\/repliquemangacine.fr\\\/\",\"name\":\"R\u00e9plique Manga Cin\u00e9\",\"description\":\"\",\"publisher\":{\"@id\":\"https:\\\/\\\/repliquemangacine.fr\\\/#organization\"},\"potentialAction\":[{\"@type\":\"SearchAction\",\"target\":{\"@type\":\"EntryPoint\",\"urlTemplate\":\"https:\\\/\\\/repliquemangacine.fr\\\/?s={search_term_string}\"},\"query-input\":{\"@type\":\"PropertyValueSpecification\",\"valueRequired\":true,\"valueName\":\"search_term_string\"}}],\"inLanguage\":\"es\"},{\"@type\":\"Organization\",\"@id\":\"https:\\\/\\\/repliquemangacine.fr\\\/#organization\",\"name\":\"R\u00e9plique Manga Cin\u00e9\",\"url\":\"https:\\\/\\\/repliquemangacine.fr\\\/\",\"logo\":{\"@type\":\"ImageObject\",\"inLanguage\":\"es\",\"@id\":\"https:\\\/\\\/repliquemangacine.fr\\\/#\\\/schema\\\/logo\\\/image\\\/\",\"url\":\"https:\\\/\\\/repliquemangacine.fr\\\/wp-content\\\/uploads\\\/2023\\\/10\\\/RMC-500250.png\",\"contentUrl\":\"https:\\\/\\\/repliquemangacine.fr\\\/wp-content\\\/uploads\\\/2023\\\/10\\\/RMC-500250.png\",\"width\":500,\"height\":250,\"caption\":\"R\u00e9plique Manga Cin\u00e9\"},\"image\":{\"@id\":\"https:\\\/\\\/repliquemangacine.fr\\\/#\\\/schema\\\/logo\\\/image\\\/\"},\"sameAs\":[\"https:\\\/\\\/www.facebook.com\\\/RepliqueMangaCine\",\"https:\\\/\\\/www.instagram.com\\\/repliquemangacine.fr\\\/\"]}]}<\/script>\n<!-- \/ Yoast SEO plugin. -->","yoast_head_json":{"title":"Rev\u00f3lver Webley MK4 - Venta en l\u00ednea | R\u00e9plique Manga Cin\u00e9","description":"\u00a1Compre ahora ! Este rev\u00f3lver Webley MK4 1923 al mejor precio - En metal (zamac) - Mecanismo funcional - No dispara - Longitud: 28,5 cm - Peso: 700 g","robots":{"index":"index","follow":"follow","max-snippet":"max-snippet:-1","max-image-preview":"max-image-preview:large","max-video-preview":"max-video-preview:-1"},"canonical":"https:\/\/repliquemangacine.fr\/es\/denix\/revolver-webley-mk4-1923\/","og_locale":"es_ES","og_type":"article","og_title":"Revolver Webley MK4 - Vente en ligne | R\u00e9plique Manga Cin\u00e9","og_description":"Achetez vite ! Ce Revolver Webley MK4 1923 au meilleur prix - En m\u00e9tal (zamac) - M\u00e9canisme Fonctionnel - Inapte au tir - Longueur : 28.5 cm - Poids : 700 g","og_url":"https:\/\/repliquemangacine.fr\/es\/denix\/revolver-webley-mk4-1923\/","og_site_name":"R\u00e9plique Manga Cin\u00e9","article_publisher":"https:\/\/www.facebook.com\/RepliqueMangaCine","article_modified_time":"2026-04-07T17:04:52+00:00","og_image":[{"width":800,"height":800,"url":"https:\/\/repliquemangacine.fr\/wp-content\/uploads\/2023\/10\/958-Replique-Revolver-MK4-Webley-1923.jpg","type":"image\/jpeg"}],"twitter_card":"summary_large_image","twitter_misc":{"Tiempo de lectura":"1 minuto"},"schema":{"@context":"https:\/\/schema.org","@graph":[{"@type":"WebPage","@id":"https:\/\/repliquemangacine.fr\/denix\/revolver-webley-mk4-1923\/","url":"https:\/\/repliquemangacine.fr\/denix\/revolver-webley-mk4-1923\/","name":"Rev\u00f3lver Webley MK4 - Venta en l\u00ednea | R\u00e9plique Manga Cin\u00e9","isPartOf":{"@id":"https:\/\/repliquemangacine.fr\/#website"},"primaryImageOfPage":{"@id":"https:\/\/repliquemangacine.fr\/denix\/revolver-webley-mk4-1923\/#primaryimage"},"image":{"@id":"https:\/\/repliquemangacine.fr\/denix\/revolver-webley-mk4-1923\/#primaryimage"},"thumbnailUrl":"https:\/\/repliquemangacine.fr\/wp-content\/uploads\/2023\/10\/958-Replique-Revolver-MK4-Webley-1923.jpg","datePublished":"2016-11-14T15:51:50+00:00","dateModified":"2026-04-07T17:04:52+00:00","description":"\u00a1Compre ahora ! Este rev\u00f3lver Webley MK4 1923 al mejor precio - En metal (zamac) - Mecanismo funcional - No dispara - Longitud: 28,5 cm - Peso: 700 g","breadcrumb":{"@id":"https:\/\/repliquemangacine.fr\/denix\/revolver-webley-mk4-1923\/#breadcrumb"},"inLanguage":"es","potentialAction":[{"@type":"ReadAction","target":["https:\/\/repliquemangacine.fr\/denix\/revolver-webley-mk4-1923\/"]}]},{"@type":"ImageObject","inLanguage":"es","@id":"https:\/\/repliquemangacine.fr\/denix\/revolver-webley-mk4-1923\/#primaryimage","url":"https:\/\/repliquemangacine.fr\/wp-content\/uploads\/2023\/10\/958-Replique-Revolver-MK4-Webley-1923.jpg","contentUrl":"https:\/\/repliquemangacine.fr\/wp-content\/uploads\/2023\/10\/958-Replique-Revolver-MK4-Webley-1923.jpg","width":800,"height":800,"caption":"Replique Revolver MK4 Webley 1923"},{"@type":"BreadcrumbList","@id":"https:\/\/repliquemangacine.fr\/denix\/revolver-webley-mk4-1923\/#breadcrumb","itemListElement":[{"@type":"ListItem","position":1,"name":"Accueil","item":"https:\/\/repliquemangacine.fr\/"},{"@type":"ListItem","position":2,"name":"Produits","item":"https:\/\/repliquemangacine.fr\/boutique\/"},{"@type":"ListItem","position":3,"name":"Revolver Webley MK4 1923"}]},{"@type":"WebSite","@id":"https:\/\/repliquemangacine.fr\/#website","url":"https:\/\/repliquemangacine.fr\/","name":"R\u00e9plique Manga Cin\u00e9","description":"","publisher":{"@id":"https:\/\/repliquemangacine.fr\/#organization"},"potentialAction":[{"@type":"SearchAction","target":{"@type":"EntryPoint","urlTemplate":"https:\/\/repliquemangacine.fr\/?s={search_term_string}"},"query-input":{"@type":"PropertyValueSpecification","valueRequired":true,"valueName":"search_term_string"}}],"inLanguage":"es"},{"@type":"Organization","@id":"https:\/\/repliquemangacine.fr\/#organization","name":"R\u00e9plique Manga Cin\u00e9","url":"https:\/\/repliquemangacine.fr\/","logo":{"@type":"ImageObject","inLanguage":"es","@id":"https:\/\/repliquemangacine.fr\/#\/schema\/logo\/image\/","url":"https:\/\/repliquemangacine.fr\/wp-content\/uploads\/2023\/10\/RMC-500250.png","contentUrl":"https:\/\/repliquemangacine.fr\/wp-content\/uploads\/2023\/10\/RMC-500250.png","width":500,"height":250,"caption":"R\u00e9plique Manga Cin\u00e9"},"image":{"@id":"https:\/\/repliquemangacine.fr\/#\/schema\/logo\/image\/"},"sameAs":["https:\/\/www.facebook.com\/RepliqueMangaCine","https:\/\/www.instagram.com\/repliquemangacine.fr\/"]}]}},"_links":{"self":[{"href":"https:\/\/repliquemangacine.fr\/es\/wp-json\/wp\/v2\/product\/26269","targetHints":{"allow":["GET"]}}],"collection":[{"href":"https:\/\/repliquemangacine.fr\/es\/wp-json\/wp\/v2\/product"}],"about":[{"href":"https:\/\/repliquemangacine.fr\/es\/wp-json\/wp\/v2\/types\/product"}],"wp:featuredmedia":[{"embeddable":true,"href":"https:\/\/repliquemangacine.fr\/es\/wp-json\/wp\/v2\/media\/26270"}],"wp:attachment":[{"href":"https:\/\/repliquemangacine.fr\/es\/wp-json\/wp\/v2\/media?parent=26269"}],"wp:term":[{"taxonomy":"product_brand","embeddable":true,"href":"https:\/\/repliquemangacine.fr\/es\/wp-json\/wp\/v2\/product_brand?post=26269"},{"taxonomy":"product_cat","embeddable":true,"href":"https:\/\/repliquemangacine.fr\/es\/wp-json\/wp\/v2\/product_cat?post=26269"},{"taxonomy":"product_tag","embeddable":true,"href":"https:\/\/repliquemangacine.fr\/es\/wp-json\/wp\/v2\/product_tag?post=26269"}],"curies":[{"name":"wp","href":"https:\/\/api.w.org\/{rel}","templated":true}]}}