





{"id":26254,"date":"2016-11-13T20:05:44","date_gmt":"2016-11-13T19:05:44","guid":{"rendered":"https:\/\/repliquemangacine.fr\/?post_type=product&#038;p=26254"},"modified":"2026-04-15T10:32:14","modified_gmt":"2026-04-15T08:32:14","slug":"fusil-napoleon-1806","status":"publish","type":"product","link":"https:\/\/repliquemangacine.fr\/es\/replique-d-armes-1er-empire\/carabine-napoleon-1806\/","title":{"rendered":"Carabina de pedernal Napole\u00f3n 1806"},"content":{"rendered":"<h2>Fusil Napole\u00f3n 1806 Denix<\/h2>\n<p>Para empezar, el <strong>Fusil Napole\u00f3n 1806<\/strong> Es un arma dise\u00f1ada durante el reinado de Luis XVI por el ingeniero Gribeauval. Conocida por su uso masivo en los teatros militares europeos (Revoluci\u00f3n Francesa, guerras napole\u00f3nicas).<\/p>\n<p>La longevidad de esta arma dice mucho de sus cualidades. Fabricada hasta 1822, se produjeron 2 millones de ejemplares, con los que se equip\u00f3 a todos los soldados de infanter\u00eda del Primer Imperio.<\/p>\n<p>Las armas de chispa ten\u00edan un pedernal o una piedra de chispa que, al ser golpeada por el martillo, produc\u00eda la chispa que encend\u00eda la p\u00f3lvora. Cabe se\u00f1alar que este tipo de armas requer\u00edan recargar manualmente la munici\u00f3n despu\u00e9s de cada disparo.<\/p>\n<p>Para concluir, versi\u00f3n utilizada en varias pel\u00edculas en escenas de batallas de infanter\u00eda.<\/p>\n<h2>Tu Carabina Napoleon 1806 al mejor precio.<\/h2>\n<p>Ofrecemos una amplia gama de reproducciones de armas hist\u00f3ricas.<\/p>\n<p>Lo primero y m\u00e1s importante,<\/p>\n<ul>\n<li>Una reproducci\u00f3n a tama\u00f1o real del <a href=\"https:\/\/repliquemangacine.fr\/es\/replica-de-armas-1er-imperio\/brown-bess-1722-land-pattern-denix-rifle\/\">Mosquete Land Pattern<\/a> \"Brown Bess\" 1722.<\/li>\n<li>Tambi\u00e9n est\u00e1 el largo <a href=\"https:\/\/repliquemangacine.fr\/es\/replica-de-armas-1er-imperio\/fusil-charleville-1806-con-bayoneta\/\">Fusil Fran\u00e7ais Charleville<\/a> con su bayoneta.<\/li>\n<li>As\u00ed como el rifle Pattern P61, <a href=\"https:\/\/repliquemangacine.fr\/es\/rifle-antiguo\/rifle-denix-patron-1860-modelo-p61\/\">Rifle Enfield ingl\u00e9s<\/a> versi\u00f3n corta.<\/li>\n<li>Y muchos m\u00e1s por descubrir en nuestra tienda en l\u00ednea.<\/li>\n<\/ul>\n<p>Por eso es una magn\u00edfica idea de regalo para todos los amantes de las armas hist\u00f3ricas.<\/p>\n<p>En conclusi\u00f3n, puede utilizar esta <strong>Fusil Napole\u00f3n 1806<\/strong> para sus recreaciones hist\u00f3ricas. Pero, sobre todo, esta arma es una pieza de coleccionista y una pieza decorativa.<\/p>\n<p>R\u00e9plique Manga Cin\u00e9 es una empresa francesa y distribuidor oficial de la marca <a href=\"https:\/\/www.denix.fr\/fr\/catalogue\/armes-historiques-s-xvi-xix\/carabines-carabines-et-fusils\/1037\/\" target=\"_blank\" rel=\"noopener noreferrer\">Denix<\/a>.<\/p>\n<h2>\u00bfC\u00f3mo se fabrican las r\u00e9plicas de armas Denix?<\/h2>\n<p>Utilizadas en recreaciones hist\u00f3ricas, pel\u00edculas, series y por coleccionistas. Las reproducciones Denix est\u00e1n fabricadas con materiales de alta calidad. Cuidadosamente elaboradas y ensambladas para crear armas de colecci\u00f3n realistas.<\/p>\n<ul>\n<li>Los metales se encuentran en una aleaci\u00f3n met\u00e1lica conocida como Zamac, cuya composici\u00f3n b\u00e1sica es zinc en 95%.<\/li>\n<li>Las piezas de pl\u00e1stico de las r\u00e9plicas son de ABS moldeado, que ofrece una gran resistencia.<\/li>\n<li>Las maderas elegidas por su belleza y durabilidad, como la caoba, el olivo o el nogal, dar\u00e1n a sus culatas y barricas un aspecto elegante y aut\u00e9ntico.<\/li>\n<\/ul>\n<p>Cabe se\u00f1alar que todas las reproducciones Denix son id\u00e9nticas a los originales, como su <strong>Fusil Napole\u00f3n 1806<\/strong>.<\/p>","protected":false},"excerpt":{"rendered":"<p>Reproducci\u00f3n del fusil franc\u00e9s de la \u00e9poca napole\u00f3nica 1806.<\/p>\n<ul>\n<li>Culata y ca\u00f1\u00f3n de madera maciza.<\/li>\n<li>Mecanismo y ca\u00f1\u00f3n de Zamac.<\/li>\n<li>Armas y huelgas.<\/li>\n<li>No apto para disparar.<\/li>\n<li>No se requiere autorizaci\u00f3n. Venta y posesi\u00f3n libres<\/li>\n<li>Dimensiones: 113 cm - Peso: 1850 gramos<\/li>\n<\/ul>\n<p><iframe title=\"Reproductor de v\u00eddeo YouTube\" src=\"https:\/\/www.youtube.com\/embed\/93SPvycRPR8\" width=\"560\" height=\"315\" frameborder=\"0\" allowfullscreen=\"allowfullscreen\"><\/iframe><\/p>","protected":false},"featured_media":26255,"template":"","meta":[],"product_brand":[896],"product_cat":[25,102,55,37,83,28,833],"product_tag":[],"class_list":{"0":"post-26254","1":"product","2":"type-product","3":"status-publish","4":"has-post-thumbnail","6":"product_brand-replique-manga-cine","7":"product_cat-armes-historiques","8":"product_cat-denix","9":"product_cat-fusil-ancien","10":"product_cat-premier-empire","11":"product_cat-replique-d-armes-1er-empire","12":"product_cat-repliques-darmes","13":"product_cat-repliques-darmes-napoleon","15":"first","16":"outofstock","17":"sale","18":"taxable","19":"shipping-taxable","20":"purchasable","21":"product-type-simple"},"yoast_head":"<!-- This site is optimized with the Yoast SEO plugin v27.4 - https:\/\/yoast.com\/product\/yoast-seo-wordpress\/ -->\n<title>Carabine Napol\u00e9on 1806 - armes Denix - Boutique en ligne | RMC<\/title>\n<meta name=\"description\" content=\"D\u00e9couvrez la Carabine Napol\u00e9on 1806 Denix au meilleur prix - En bois massif et zamac - S&#039;arme et percute - Inapte au tir - Longueur : 113 cm\" \/>\n<meta name=\"robots\" content=\"index, follow, max-snippet:-1, max-image-preview:large, max-video-preview:-1\" \/>\n<link rel=\"canonical\" href=\"https:\/\/repliquemangacine.fr\/es\/replicas-de-armas-napoleon\/fusil-napoleon-1806\/\" \/>\n<meta property=\"og:locale\" content=\"es_ES\" \/>\n<meta property=\"og:type\" content=\"article\" \/>\n<meta property=\"og:title\" content=\"Carabine Napol\u00e9on 1806 - armes Denix - Boutique en ligne | RMC\" \/>\n<meta property=\"og:description\" content=\"D\u00e9couvrez la Carabine Napol\u00e9on 1806 Denix au meilleur prix - En bois massif et zamac - S&#039;arme et percute - Inapte au tir - Longueur : 113 cm\" \/>\n<meta property=\"og:url\" content=\"https:\/\/repliquemangacine.fr\/es\/replicas-de-armas-napoleon\/fusil-napoleon-1806\/\" \/>\n<meta property=\"og:site_name\" content=\"R\u00e9plique Manga Cin\u00e9\" \/>\n<meta property=\"article:publisher\" content=\"https:\/\/www.facebook.com\/RepliqueMangaCine\" \/>\n<meta property=\"article:modified_time\" content=\"2026-04-15T08:32:14+00:00\" \/>\n<meta property=\"og:image\" content=\"https:\/\/repliquemangacine.fr\/wp-content\/uploads\/2023\/10\/945-Replique-Carabine-Francaise-a-silex-Napoleon-1806.jpg\" \/>\n\t<meta property=\"og:image:width\" content=\"800\" \/>\n\t<meta property=\"og:image:height\" content=\"800\" \/>\n\t<meta property=\"og:image:type\" content=\"image\/jpeg\" \/>\n<meta name=\"twitter:card\" content=\"summary_large_image\" \/>\n<meta name=\"twitter:label1\" content=\"Tiempo de lectura\" \/>\n\t<meta name=\"twitter:data1\" content=\"2 minutos\" \/>\n<script type=\"application\/ld+json\" class=\"yoast-schema-graph\">{\"@context\":\"https:\\\/\\\/schema.org\",\"@graph\":[{\"@type\":\"WebPage\",\"@id\":\"https:\\\/\\\/repliquemangacine.fr\\\/repliques-darmes-napoleon\\\/carabine-napoleon-1806\\\/\",\"url\":\"https:\\\/\\\/repliquemangacine.fr\\\/repliques-darmes-napoleon\\\/carabine-napoleon-1806\\\/\",\"name\":\"Carabine Napol\u00e9on 1806 - armes Denix - Boutique en ligne | RMC\",\"isPartOf\":{\"@id\":\"https:\\\/\\\/repliquemangacine.fr\\\/#website\"},\"primaryImageOfPage\":{\"@id\":\"https:\\\/\\\/repliquemangacine.fr\\\/repliques-darmes-napoleon\\\/carabine-napoleon-1806\\\/#primaryimage\"},\"image\":{\"@id\":\"https:\\\/\\\/repliquemangacine.fr\\\/repliques-darmes-napoleon\\\/carabine-napoleon-1806\\\/#primaryimage\"},\"thumbnailUrl\":\"https:\\\/\\\/repliquemangacine.fr\\\/wp-content\\\/uploads\\\/2023\\\/10\\\/945-Replique-Carabine-Francaise-a-silex-Napoleon-1806.jpg\",\"datePublished\":\"2016-11-13T19:05:44+00:00\",\"dateModified\":\"2026-04-15T08:32:14+00:00\",\"description\":\"D\u00e9couvrez la Carabine Napol\u00e9on 1806 Denix au meilleur prix - En bois massif et zamac - S'arme et percute - Inapte au tir - Longueur : 113 cm\",\"breadcrumb\":{\"@id\":\"https:\\\/\\\/repliquemangacine.fr\\\/repliques-darmes-napoleon\\\/carabine-napoleon-1806\\\/#breadcrumb\"},\"inLanguage\":\"es\",\"potentialAction\":[{\"@type\":\"ReadAction\",\"target\":[\"https:\\\/\\\/repliquemangacine.fr\\\/repliques-darmes-napoleon\\\/carabine-napoleon-1806\\\/\"]}]},{\"@type\":\"ImageObject\",\"inLanguage\":\"es\",\"@id\":\"https:\\\/\\\/repliquemangacine.fr\\\/repliques-darmes-napoleon\\\/carabine-napoleon-1806\\\/#primaryimage\",\"url\":\"https:\\\/\\\/repliquemangacine.fr\\\/wp-content\\\/uploads\\\/2023\\\/10\\\/945-Replique-Carabine-Francaise-a-silex-Napoleon-1806.jpg\",\"contentUrl\":\"https:\\\/\\\/repliquemangacine.fr\\\/wp-content\\\/uploads\\\/2023\\\/10\\\/945-Replique-Carabine-Francaise-a-silex-Napoleon-1806.jpg\",\"width\":800,\"height\":800,\"caption\":\"R\u00e9plique Carabine Fran\u00e7aise \u00e0 silex - Napol\u00e9on 1806\"},{\"@type\":\"BreadcrumbList\",\"@id\":\"https:\\\/\\\/repliquemangacine.fr\\\/repliques-darmes-napoleon\\\/carabine-napoleon-1806\\\/#breadcrumb\",\"itemListElement\":[{\"@type\":\"ListItem\",\"position\":1,\"name\":\"Accueil\",\"item\":\"https:\\\/\\\/repliquemangacine.fr\\\/\"},{\"@type\":\"ListItem\",\"position\":2,\"name\":\"Produits\",\"item\":\"https:\\\/\\\/repliquemangacine.fr\\\/boutique\\\/\"},{\"@type\":\"ListItem\",\"position\":3,\"name\":\"Carabine Napol\u00e9on 1806 \u00e0 silex\"}]},{\"@type\":\"WebSite\",\"@id\":\"https:\\\/\\\/repliquemangacine.fr\\\/#website\",\"url\":\"https:\\\/\\\/repliquemangacine.fr\\\/\",\"name\":\"R\u00e9plique Manga Cin\u00e9\",\"description\":\"\",\"publisher\":{\"@id\":\"https:\\\/\\\/repliquemangacine.fr\\\/#organization\"},\"potentialAction\":[{\"@type\":\"SearchAction\",\"target\":{\"@type\":\"EntryPoint\",\"urlTemplate\":\"https:\\\/\\\/repliquemangacine.fr\\\/?s={search_term_string}\"},\"query-input\":{\"@type\":\"PropertyValueSpecification\",\"valueRequired\":true,\"valueName\":\"search_term_string\"}}],\"inLanguage\":\"es\"},{\"@type\":\"Organization\",\"@id\":\"https:\\\/\\\/repliquemangacine.fr\\\/#organization\",\"name\":\"R\u00e9plique Manga Cin\u00e9\",\"url\":\"https:\\\/\\\/repliquemangacine.fr\\\/\",\"logo\":{\"@type\":\"ImageObject\",\"inLanguage\":\"es\",\"@id\":\"https:\\\/\\\/repliquemangacine.fr\\\/#\\\/schema\\\/logo\\\/image\\\/\",\"url\":\"https:\\\/\\\/repliquemangacine.fr\\\/wp-content\\\/uploads\\\/2023\\\/10\\\/RMC-500250.png\",\"contentUrl\":\"https:\\\/\\\/repliquemangacine.fr\\\/wp-content\\\/uploads\\\/2023\\\/10\\\/RMC-500250.png\",\"width\":500,\"height\":250,\"caption\":\"R\u00e9plique Manga Cin\u00e9\"},\"image\":{\"@id\":\"https:\\\/\\\/repliquemangacine.fr\\\/#\\\/schema\\\/logo\\\/image\\\/\"},\"sameAs\":[\"https:\\\/\\\/www.facebook.com\\\/RepliqueMangaCine\",\"https:\\\/\\\/www.instagram.com\\\/repliquemangacine.fr\\\/\"]}]}<\/script>\n<!-- \/ Yoast SEO plugin. -->","yoast_head_json":{"title":"Fusil Napole\u00f3n 1806 - Armas Denix - Tienda online | RMC","description":"Descubra el fusil Napoleon 1806 Denix al mejor precio - Fabricado en madera maciza y zamac - Dispara y acierta - No apto para tiro - Longitud: 113 cm","robots":{"index":"index","follow":"follow","max-snippet":"max-snippet:-1","max-image-preview":"max-image-preview:large","max-video-preview":"max-video-preview:-1"},"canonical":"https:\/\/repliquemangacine.fr\/es\/replicas-de-armas-napoleon\/fusil-napoleon-1806\/","og_locale":"es_ES","og_type":"article","og_title":"Carabine Napol\u00e9on 1806 - armes Denix - Boutique en ligne | RMC","og_description":"D\u00e9couvrez la Carabine Napol\u00e9on 1806 Denix au meilleur prix - En bois massif et zamac - S'arme et percute - Inapte au tir - Longueur : 113 cm","og_url":"https:\/\/repliquemangacine.fr\/es\/replicas-de-armas-napoleon\/fusil-napoleon-1806\/","og_site_name":"R\u00e9plique Manga Cin\u00e9","article_publisher":"https:\/\/www.facebook.com\/RepliqueMangaCine","article_modified_time":"2026-04-15T08:32:14+00:00","og_image":[{"width":800,"height":800,"url":"https:\/\/repliquemangacine.fr\/wp-content\/uploads\/2023\/10\/945-Replique-Carabine-Francaise-a-silex-Napoleon-1806.jpg","type":"image\/jpeg"}],"twitter_card":"summary_large_image","twitter_misc":{"Tiempo de lectura":"2 minutos"},"schema":{"@context":"https:\/\/schema.org","@graph":[{"@type":"WebPage","@id":"https:\/\/repliquemangacine.fr\/repliques-darmes-napoleon\/carabine-napoleon-1806\/","url":"https:\/\/repliquemangacine.fr\/repliques-darmes-napoleon\/carabine-napoleon-1806\/","name":"Fusil Napole\u00f3n 1806 - Armas Denix - Tienda online | RMC","isPartOf":{"@id":"https:\/\/repliquemangacine.fr\/#website"},"primaryImageOfPage":{"@id":"https:\/\/repliquemangacine.fr\/repliques-darmes-napoleon\/carabine-napoleon-1806\/#primaryimage"},"image":{"@id":"https:\/\/repliquemangacine.fr\/repliques-darmes-napoleon\/carabine-napoleon-1806\/#primaryimage"},"thumbnailUrl":"https:\/\/repliquemangacine.fr\/wp-content\/uploads\/2023\/10\/945-Replique-Carabine-Francaise-a-silex-Napoleon-1806.jpg","datePublished":"2016-11-13T19:05:44+00:00","dateModified":"2026-04-15T08:32:14+00:00","description":"Descubra el fusil Napoleon 1806 Denix al mejor precio - Fabricado en madera maciza y zamac - Dispara y acierta - No apto para tiro - Longitud: 113 cm","breadcrumb":{"@id":"https:\/\/repliquemangacine.fr\/repliques-darmes-napoleon\/carabine-napoleon-1806\/#breadcrumb"},"inLanguage":"es","potentialAction":[{"@type":"ReadAction","target":["https:\/\/repliquemangacine.fr\/repliques-darmes-napoleon\/carabine-napoleon-1806\/"]}]},{"@type":"ImageObject","inLanguage":"es","@id":"https:\/\/repliquemangacine.fr\/repliques-darmes-napoleon\/carabine-napoleon-1806\/#primaryimage","url":"https:\/\/repliquemangacine.fr\/wp-content\/uploads\/2023\/10\/945-Replique-Carabine-Francaise-a-silex-Napoleon-1806.jpg","contentUrl":"https:\/\/repliquemangacine.fr\/wp-content\/uploads\/2023\/10\/945-Replique-Carabine-Francaise-a-silex-Napoleon-1806.jpg","width":800,"height":800,"caption":"R\u00e9plique Carabine Fran\u00e7aise \u00e0 silex - Napol\u00e9on 1806"},{"@type":"BreadcrumbList","@id":"https:\/\/repliquemangacine.fr\/repliques-darmes-napoleon\/carabine-napoleon-1806\/#breadcrumb","itemListElement":[{"@type":"ListItem","position":1,"name":"Accueil","item":"https:\/\/repliquemangacine.fr\/"},{"@type":"ListItem","position":2,"name":"Produits","item":"https:\/\/repliquemangacine.fr\/boutique\/"},{"@type":"ListItem","position":3,"name":"Carabine Napol\u00e9on 1806 \u00e0 silex"}]},{"@type":"WebSite","@id":"https:\/\/repliquemangacine.fr\/#website","url":"https:\/\/repliquemangacine.fr\/","name":"R\u00e9plique Manga Cin\u00e9","description":"","publisher":{"@id":"https:\/\/repliquemangacine.fr\/#organization"},"potentialAction":[{"@type":"SearchAction","target":{"@type":"EntryPoint","urlTemplate":"https:\/\/repliquemangacine.fr\/?s={search_term_string}"},"query-input":{"@type":"PropertyValueSpecification","valueRequired":true,"valueName":"search_term_string"}}],"inLanguage":"es"},{"@type":"Organization","@id":"https:\/\/repliquemangacine.fr\/#organization","name":"R\u00e9plique Manga Cin\u00e9","url":"https:\/\/repliquemangacine.fr\/","logo":{"@type":"ImageObject","inLanguage":"es","@id":"https:\/\/repliquemangacine.fr\/#\/schema\/logo\/image\/","url":"https:\/\/repliquemangacine.fr\/wp-content\/uploads\/2023\/10\/RMC-500250.png","contentUrl":"https:\/\/repliquemangacine.fr\/wp-content\/uploads\/2023\/10\/RMC-500250.png","width":500,"height":250,"caption":"R\u00e9plique Manga Cin\u00e9"},"image":{"@id":"https:\/\/repliquemangacine.fr\/#\/schema\/logo\/image\/"},"sameAs":["https:\/\/www.facebook.com\/RepliqueMangaCine","https:\/\/www.instagram.com\/repliquemangacine.fr\/"]}]}},"_links":{"self":[{"href":"https:\/\/repliquemangacine.fr\/es\/wp-json\/wp\/v2\/product\/26254","targetHints":{"allow":["GET"]}}],"collection":[{"href":"https:\/\/repliquemangacine.fr\/es\/wp-json\/wp\/v2\/product"}],"about":[{"href":"https:\/\/repliquemangacine.fr\/es\/wp-json\/wp\/v2\/types\/product"}],"wp:featuredmedia":[{"embeddable":true,"href":"https:\/\/repliquemangacine.fr\/es\/wp-json\/wp\/v2\/media\/26255"}],"wp:attachment":[{"href":"https:\/\/repliquemangacine.fr\/es\/wp-json\/wp\/v2\/media?parent=26254"}],"wp:term":[{"taxonomy":"product_brand","embeddable":true,"href":"https:\/\/repliquemangacine.fr\/es\/wp-json\/wp\/v2\/product_brand?post=26254"},{"taxonomy":"product_cat","embeddable":true,"href":"https:\/\/repliquemangacine.fr\/es\/wp-json\/wp\/v2\/product_cat?post=26254"},{"taxonomy":"product_tag","embeddable":true,"href":"https:\/\/repliquemangacine.fr\/es\/wp-json\/wp\/v2\/product_tag?post=26254"}],"curies":[{"name":"wp","href":"https:\/\/api.w.org\/{rel}","templated":true}]}}