





{"id":26247,"date":"2016-11-13T19:42:52","date_gmt":"2016-11-13T18:42:52","guid":{"rendered":"https:\/\/repliquemangacine.fr\/?post_type=product&#038;p=26247"},"modified":"2026-04-17T18:57:53","modified_gmt":"2026-04-17T16:57:53","slug":"brown-bess-1722-land-pattern-denix-rifle","status":"publish","type":"product","link":"https:\/\/repliquemangacine.fr\/es\/replique-d-armes-1er-empire\/fusil-brown-bess-1722-land-pattern-denix\/","title":{"rendered":"Rifle Brown Bess 1722"},"content":{"rendered":"<h2>Brown Bess 1722 rifle Inglaterra.<\/h2>\n<p>Para empezar, el <strong>Rifle Brown Bess 1722<\/strong> Es el apodo que se le da al fusil Land Pattern del ej\u00e9rcito brit\u00e1nico. Se utiliz\u00f3 durante las guerras de expansi\u00f3n del Imperio Brit\u00e1nico y desde entonces ha adquirido una importancia simb\u00f3lica. Ha sufrido cambios progresivos en su dise\u00f1o, como lo demuestra la aparici\u00f3n de los modelos Long Land y Short Land.<\/p>\n<p>El fusil Long Land Pattern y sus derivados tienen la caracter\u00edstica com\u00fan de ser todos fusiles de chispa del calibre .75 y de haber sido, cada uno de ellos, el fusil largo est\u00e1ndar de las fuerzas terrestres y mar\u00edtimas del Imperio Brit\u00e1nico entre 1722 y 1838.<\/p>\n<p>Este mosquet\u00f3n largo, pesado y de gran calibre se distingu\u00eda por su construcci\u00f3n robusta y la fiabilidad de su mecanismo de encendido.<\/p>\n<h2>Tu fusil Brown Bress 1722 al mejor precio.<\/h2>\n<p>Ofrecemos una amplia gama de reproducciones de armas hist\u00f3ricas.<\/p>\n<p>Lo primero y m\u00e1s importante,<\/p>\n<ul>\n<li>Le <a href=\"https:\/\/repliquemangacine.fr\/es\/replica-de-armas-1er-imperio\/fusil-a-etincelles-napoleon-1807\/\">Fusil Napole\u00f3n 1807<\/a> con su emblema de la corona en la culata.<\/li>\n<li>Tambi\u00e9n est\u00e1 el largo <a href=\"https:\/\/repliquemangacine.fr\/es\/replica-de-armas-1er-imperio\/fusil-francais-napoleonien-1806-avec-baionnette\/\">Fusil Fran\u00e7ais Charleville<\/a> con su bayoneta.<\/li>\n<li>As\u00ed como el <a href=\"https:\/\/repliquemangacine.fr\/es\/replica-de-armas-1er-imperio\/fusil-francais-napoleonien-1806-avec-baionnette\/\">Rifle Patr\u00f3n P61<\/a>Fusil Enfield ingl\u00e9s, versi\u00f3n corta.<\/li>\n<li>Y muchos m\u00e1s por descubrir en nuestra tienda en l\u00ednea.<\/li>\n<\/ul>\n<p>Por eso es una magn\u00edfica idea de regalo para todos los amantes de las armas hist\u00f3ricas.<\/p>\n<p>En conclusi\u00f3n, puede utilizar este <strong>Rifle Brown Bess 1722<\/strong> para sus recreaciones hist\u00f3ricas. Pero, sobre todo, esta arma es una pieza de coleccionista y una pieza decorativa.<\/p>\n<p>R\u00e9plique Manga Cin\u00e9 es una empresa francesa y distribuidor oficial de la marca <a href=\"https:\/\/www.denix.fr\/fr\/catalogue\/armes-historiques-s-xvi-xix\/carabines-carabines-et-fusils\/1054\/\" target=\"_blank\" rel=\"noopener noreferrer\">Denix<\/a>.<\/p>\n<h2>\u00bfC\u00f3mo se fabrican las r\u00e9plicas de armas Denix?<\/h2>\n<p>Utilizadas en recreaciones hist\u00f3ricas, pel\u00edculas, series de televisi\u00f3n y por coleccionistas. Las reproducciones Denix est\u00e1n fabricadas con materiales de alta calidad. Cuidadosamente elaboradas y ensambladas para crear armas de colecci\u00f3n realistas.<\/p>\n<ul>\n<li>Los metales se encuentran en una aleaci\u00f3n met\u00e1lica conocida como Zamac, cuya composici\u00f3n b\u00e1sica es zinc en 95%.<\/li>\n<li>Las piezas de pl\u00e1stico de las r\u00e9plicas son de ABS moldeado, que ofrece una gran resistencia.<\/li>\n<li>Las maderas elegidas por su belleza y durabilidad, como la caoba, el olivo o el nogal, dar\u00e1n a sus culatas y barricas un aspecto elegante y aut\u00e9ntico.<\/li>\n<\/ul>\n<p>Cabe se\u00f1alar que todas las reproducciones Denix son id\u00e9nticas a los originales, como su <strong>Rifle Brown Bess 1722<\/strong>.<\/p>","protected":false},"excerpt":{"rendered":"<p>Reproducci\u00f3n del mosquete Land Pattern \"Brown Bess 1722.<\/p>\n<ul>\n<li>Culata y ca\u00f1\u00f3n de madera maciza.<\/li>\n<li>Mecanismo y ca\u00f1\u00f3n de Zamac.<\/li>\n<li>Bayoneta met\u00e1lica desmontable.<\/li>\n<li>Armas arriba y golpes<\/li>\n<li>No apto para disparar.<\/li>\n<li>No se requiere autorizaci\u00f3n. Venta y posesi\u00f3n libres<\/li>\n<li>Dimensiones: 190 cm - Peso: 3470 gramos<\/li>\n<\/ul>","protected":false},"featured_media":26248,"template":"","meta":[],"product_brand":[896],"product_cat":[25,102,55,37,83,28],"product_tag":[],"class_list":{"0":"post-26247","1":"product","2":"type-product","3":"status-publish","4":"has-post-thumbnail","6":"product_brand-replique-manga-cine","7":"product_cat-armes-historiques","8":"product_cat-denix","9":"product_cat-fusil-ancien","10":"product_cat-premier-empire","11":"product_cat-replique-d-armes-1er-empire","12":"product_cat-repliques-darmes","14":"first","15":"instock","16":"sale","17":"taxable","18":"shipping-taxable","19":"purchasable","20":"product-type-simple"},"yoast_head":"<!-- This site is optimized with the Yoast SEO plugin v27.5 - https:\/\/yoast.com\/product\/yoast-seo-wordpress\/ -->\n<title>Fusil Brown Bess 1722 - R\u00e9plique fusil Land Pattern Denix | RMC<\/title>\n<meta name=\"description\" content=\"D\u00e9couvrez le Fusil Brown Bess 1722 Denix au meilleur prix - Canon et f\u00fbt en bois massif - M\u00e9canisme, canon en zamac. Ba\u00efonnette. Longueur : 190 cm\" \/>\n<meta name=\"robots\" content=\"index, follow, max-snippet:-1, max-image-preview:large, max-video-preview:-1\" \/>\n<link rel=\"canonical\" href=\"https:\/\/repliquemangacine.fr\/es\/denix\/brown-bess-1722-land-pattern-denix-rifle\/\" \/>\n<meta property=\"og:locale\" content=\"es_ES\" \/>\n<meta property=\"og:type\" content=\"article\" \/>\n<meta property=\"og:title\" content=\"Fusil Brown Bess 1722 - R\u00e9plique fusil Land Pattern Denix | RMC\" \/>\n<meta property=\"og:description\" content=\"D\u00e9couvrez le Fusil Brown Bess 1722 Denix au meilleur prix - Canon et f\u00fbt en bois massif - M\u00e9canisme, canon en zamac. Ba\u00efonnette. Longueur : 190 cm\" \/>\n<meta property=\"og:url\" content=\"https:\/\/repliquemangacine.fr\/es\/denix\/brown-bess-1722-land-pattern-denix-rifle\/\" \/>\n<meta property=\"og:site_name\" content=\"R\u00e9plique Manga Cin\u00e9\" \/>\n<meta property=\"article:publisher\" content=\"https:\/\/www.facebook.com\/RepliqueMangaCine\" \/>\n<meta property=\"article:modified_time\" content=\"2026-04-17T16:57:53+00:00\" \/>\n<meta property=\"og:image\" content=\"https:\/\/repliquemangacine.fr\/wp-content\/uploads\/2023\/10\/939-Replique-Fusil-Mousqueton-a-baionnette-Brown-Bess-Anglais-1722.jpg\" \/>\n\t<meta property=\"og:image:width\" content=\"800\" \/>\n\t<meta property=\"og:image:height\" content=\"800\" \/>\n\t<meta property=\"og:image:type\" content=\"image\/jpeg\" \/>\n<meta name=\"twitter:card\" content=\"summary_large_image\" \/>\n<meta name=\"twitter:label1\" content=\"Tiempo de lectura\" \/>\n\t<meta name=\"twitter:data1\" content=\"2 minutos\" \/>\n<script type=\"application\/ld+json\" class=\"yoast-schema-graph\">{\"@context\":\"https:\\\/\\\/schema.org\",\"@graph\":[{\"@type\":\"WebPage\",\"@id\":\"https:\\\/\\\/repliquemangacine.fr\\\/denix\\\/fusil-brown-bess-1722-land-pattern-denix\\\/\",\"url\":\"https:\\\/\\\/repliquemangacine.fr\\\/denix\\\/fusil-brown-bess-1722-land-pattern-denix\\\/\",\"name\":\"Fusil Brown Bess 1722 - R\u00e9plique fusil Land Pattern Denix | RMC\",\"isPartOf\":{\"@id\":\"https:\\\/\\\/repliquemangacine.fr\\\/#website\"},\"primaryImageOfPage\":{\"@id\":\"https:\\\/\\\/repliquemangacine.fr\\\/denix\\\/fusil-brown-bess-1722-land-pattern-denix\\\/#primaryimage\"},\"image\":{\"@id\":\"https:\\\/\\\/repliquemangacine.fr\\\/denix\\\/fusil-brown-bess-1722-land-pattern-denix\\\/#primaryimage\"},\"thumbnailUrl\":\"https:\\\/\\\/repliquemangacine.fr\\\/wp-content\\\/uploads\\\/2023\\\/10\\\/939-Replique-Fusil-Mousqueton-a-baionnette-Brown-Bess-Anglais-1722.jpg\",\"datePublished\":\"2016-11-13T18:42:52+00:00\",\"dateModified\":\"2026-04-17T16:57:53+00:00\",\"description\":\"D\u00e9couvrez le Fusil Brown Bess 1722 Denix au meilleur prix - Canon et f\u00fbt en bois massif - M\u00e9canisme, canon en zamac. Ba\u00efonnette. Longueur : 190 cm\",\"breadcrumb\":{\"@id\":\"https:\\\/\\\/repliquemangacine.fr\\\/denix\\\/fusil-brown-bess-1722-land-pattern-denix\\\/#breadcrumb\"},\"inLanguage\":\"es\",\"potentialAction\":[{\"@type\":\"ReadAction\",\"target\":[\"https:\\\/\\\/repliquemangacine.fr\\\/denix\\\/fusil-brown-bess-1722-land-pattern-denix\\\/\"]}]},{\"@type\":\"ImageObject\",\"inLanguage\":\"es\",\"@id\":\"https:\\\/\\\/repliquemangacine.fr\\\/denix\\\/fusil-brown-bess-1722-land-pattern-denix\\\/#primaryimage\",\"url\":\"https:\\\/\\\/repliquemangacine.fr\\\/wp-content\\\/uploads\\\/2023\\\/10\\\/939-Replique-Fusil-Mousqueton-a-baionnette-Brown-Bess-Anglais-1722.jpg\",\"contentUrl\":\"https:\\\/\\\/repliquemangacine.fr\\\/wp-content\\\/uploads\\\/2023\\\/10\\\/939-Replique-Fusil-Mousqueton-a-baionnette-Brown-Bess-Anglais-1722.jpg\",\"width\":800,\"height\":800,\"caption\":\"R\u00e9plique Fusil Mousqueton \u00e0 ba\u00efonnette Brown Bess - Anglais 1722\"},{\"@type\":\"BreadcrumbList\",\"@id\":\"https:\\\/\\\/repliquemangacine.fr\\\/denix\\\/fusil-brown-bess-1722-land-pattern-denix\\\/#breadcrumb\",\"itemListElement\":[{\"@type\":\"ListItem\",\"position\":1,\"name\":\"Accueil\",\"item\":\"https:\\\/\\\/repliquemangacine.fr\\\/\"},{\"@type\":\"ListItem\",\"position\":2,\"name\":\"Produits\",\"item\":\"https:\\\/\\\/repliquemangacine.fr\\\/boutique\\\/\"},{\"@type\":\"ListItem\",\"position\":3,\"name\":\"Fusil Brown Bess 1722\"}]},{\"@type\":\"WebSite\",\"@id\":\"https:\\\/\\\/repliquemangacine.fr\\\/#website\",\"url\":\"https:\\\/\\\/repliquemangacine.fr\\\/\",\"name\":\"R\u00e9plique Manga Cin\u00e9\",\"description\":\"\",\"publisher\":{\"@id\":\"https:\\\/\\\/repliquemangacine.fr\\\/#organization\"},\"potentialAction\":[{\"@type\":\"SearchAction\",\"target\":{\"@type\":\"EntryPoint\",\"urlTemplate\":\"https:\\\/\\\/repliquemangacine.fr\\\/?s={search_term_string}\"},\"query-input\":{\"@type\":\"PropertyValueSpecification\",\"valueRequired\":true,\"valueName\":\"search_term_string\"}}],\"inLanguage\":\"es\"},{\"@type\":\"Organization\",\"@id\":\"https:\\\/\\\/repliquemangacine.fr\\\/#organization\",\"name\":\"R\u00e9plique Manga Cin\u00e9\",\"url\":\"https:\\\/\\\/repliquemangacine.fr\\\/\",\"logo\":{\"@type\":\"ImageObject\",\"inLanguage\":\"es\",\"@id\":\"https:\\\/\\\/repliquemangacine.fr\\\/#\\\/schema\\\/logo\\\/image\\\/\",\"url\":\"https:\\\/\\\/repliquemangacine.fr\\\/wp-content\\\/uploads\\\/2023\\\/10\\\/RMC-500250.png\",\"contentUrl\":\"https:\\\/\\\/repliquemangacine.fr\\\/wp-content\\\/uploads\\\/2023\\\/10\\\/RMC-500250.png\",\"width\":500,\"height\":250,\"caption\":\"R\u00e9plique Manga Cin\u00e9\"},\"image\":{\"@id\":\"https:\\\/\\\/repliquemangacine.fr\\\/#\\\/schema\\\/logo\\\/image\\\/\"},\"sameAs\":[\"https:\\\/\\\/www.facebook.com\\\/RepliqueMangaCine\",\"https:\\\/\\\/www.instagram.com\\\/repliquemangacine.fr\\\/\"]}]}<\/script>\n<!-- \/ Yoast SEO plugin. -->","yoast_head_json":{"title":"Fusil Brown Bess 1722 - R\u00e9plica fusil Land Pattern Denix | RMC","description":"Descubra el fusil Brown Bess 1722 Denix al mejor precio - Ca\u00f1\u00f3n y culata de madera maciza - Acci\u00f3n y ca\u00f1\u00f3n de Zamac. Bayoneta. Longitud : 190 cm","robots":{"index":"index","follow":"follow","max-snippet":"max-snippet:-1","max-image-preview":"max-image-preview:large","max-video-preview":"max-video-preview:-1"},"canonical":"https:\/\/repliquemangacine.fr\/es\/denix\/brown-bess-1722-land-pattern-denix-rifle\/","og_locale":"es_ES","og_type":"article","og_title":"Fusil Brown Bess 1722 - R\u00e9plique fusil Land Pattern Denix | RMC","og_description":"D\u00e9couvrez le Fusil Brown Bess 1722 Denix au meilleur prix - Canon et f\u00fbt en bois massif - M\u00e9canisme, canon en zamac. Ba\u00efonnette. Longueur : 190 cm","og_url":"https:\/\/repliquemangacine.fr\/es\/denix\/brown-bess-1722-land-pattern-denix-rifle\/","og_site_name":"R\u00e9plique Manga Cin\u00e9","article_publisher":"https:\/\/www.facebook.com\/RepliqueMangaCine","article_modified_time":"2026-04-17T16:57:53+00:00","og_image":[{"width":800,"height":800,"url":"https:\/\/repliquemangacine.fr\/wp-content\/uploads\/2023\/10\/939-Replique-Fusil-Mousqueton-a-baionnette-Brown-Bess-Anglais-1722.jpg","type":"image\/jpeg"}],"twitter_card":"summary_large_image","twitter_misc":{"Tiempo de lectura":"2 minutos"},"schema":{"@context":"https:\/\/schema.org","@graph":[{"@type":"WebPage","@id":"https:\/\/repliquemangacine.fr\/denix\/fusil-brown-bess-1722-land-pattern-denix\/","url":"https:\/\/repliquemangacine.fr\/denix\/fusil-brown-bess-1722-land-pattern-denix\/","name":"Fusil Brown Bess 1722 - R\u00e9plica fusil Land Pattern Denix | RMC","isPartOf":{"@id":"https:\/\/repliquemangacine.fr\/#website"},"primaryImageOfPage":{"@id":"https:\/\/repliquemangacine.fr\/denix\/fusil-brown-bess-1722-land-pattern-denix\/#primaryimage"},"image":{"@id":"https:\/\/repliquemangacine.fr\/denix\/fusil-brown-bess-1722-land-pattern-denix\/#primaryimage"},"thumbnailUrl":"https:\/\/repliquemangacine.fr\/wp-content\/uploads\/2023\/10\/939-Replique-Fusil-Mousqueton-a-baionnette-Brown-Bess-Anglais-1722.jpg","datePublished":"2016-11-13T18:42:52+00:00","dateModified":"2026-04-17T16:57:53+00:00","description":"Descubra el fusil Brown Bess 1722 Denix al mejor precio - Ca\u00f1\u00f3n y culata de madera maciza - Acci\u00f3n y ca\u00f1\u00f3n de Zamac. Bayoneta. Longitud : 190 cm","breadcrumb":{"@id":"https:\/\/repliquemangacine.fr\/denix\/fusil-brown-bess-1722-land-pattern-denix\/#breadcrumb"},"inLanguage":"es","potentialAction":[{"@type":"ReadAction","target":["https:\/\/repliquemangacine.fr\/denix\/fusil-brown-bess-1722-land-pattern-denix\/"]}]},{"@type":"ImageObject","inLanguage":"es","@id":"https:\/\/repliquemangacine.fr\/denix\/fusil-brown-bess-1722-land-pattern-denix\/#primaryimage","url":"https:\/\/repliquemangacine.fr\/wp-content\/uploads\/2023\/10\/939-Replique-Fusil-Mousqueton-a-baionnette-Brown-Bess-Anglais-1722.jpg","contentUrl":"https:\/\/repliquemangacine.fr\/wp-content\/uploads\/2023\/10\/939-Replique-Fusil-Mousqueton-a-baionnette-Brown-Bess-Anglais-1722.jpg","width":800,"height":800,"caption":"R\u00e9plique Fusil Mousqueton \u00e0 ba\u00efonnette Brown Bess - Anglais 1722"},{"@type":"BreadcrumbList","@id":"https:\/\/repliquemangacine.fr\/denix\/fusil-brown-bess-1722-land-pattern-denix\/#breadcrumb","itemListElement":[{"@type":"ListItem","position":1,"name":"Accueil","item":"https:\/\/repliquemangacine.fr\/"},{"@type":"ListItem","position":2,"name":"Produits","item":"https:\/\/repliquemangacine.fr\/boutique\/"},{"@type":"ListItem","position":3,"name":"Fusil Brown Bess 1722"}]},{"@type":"WebSite","@id":"https:\/\/repliquemangacine.fr\/#website","url":"https:\/\/repliquemangacine.fr\/","name":"R\u00e9plique Manga Cin\u00e9","description":"","publisher":{"@id":"https:\/\/repliquemangacine.fr\/#organization"},"potentialAction":[{"@type":"SearchAction","target":{"@type":"EntryPoint","urlTemplate":"https:\/\/repliquemangacine.fr\/?s={search_term_string}"},"query-input":{"@type":"PropertyValueSpecification","valueRequired":true,"valueName":"search_term_string"}}],"inLanguage":"es"},{"@type":"Organization","@id":"https:\/\/repliquemangacine.fr\/#organization","name":"R\u00e9plique Manga Cin\u00e9","url":"https:\/\/repliquemangacine.fr\/","logo":{"@type":"ImageObject","inLanguage":"es","@id":"https:\/\/repliquemangacine.fr\/#\/schema\/logo\/image\/","url":"https:\/\/repliquemangacine.fr\/wp-content\/uploads\/2023\/10\/RMC-500250.png","contentUrl":"https:\/\/repliquemangacine.fr\/wp-content\/uploads\/2023\/10\/RMC-500250.png","width":500,"height":250,"caption":"R\u00e9plique Manga Cin\u00e9"},"image":{"@id":"https:\/\/repliquemangacine.fr\/#\/schema\/logo\/image\/"},"sameAs":["https:\/\/www.facebook.com\/RepliqueMangaCine","https:\/\/www.instagram.com\/repliquemangacine.fr\/"]}]}},"_links":{"self":[{"href":"https:\/\/repliquemangacine.fr\/es\/wp-json\/wp\/v2\/product\/26247","targetHints":{"allow":["GET"]}}],"collection":[{"href":"https:\/\/repliquemangacine.fr\/es\/wp-json\/wp\/v2\/product"}],"about":[{"href":"https:\/\/repliquemangacine.fr\/es\/wp-json\/wp\/v2\/types\/product"}],"wp:featuredmedia":[{"embeddable":true,"href":"https:\/\/repliquemangacine.fr\/es\/wp-json\/wp\/v2\/media\/26248"}],"wp:attachment":[{"href":"https:\/\/repliquemangacine.fr\/es\/wp-json\/wp\/v2\/media?parent=26247"}],"wp:term":[{"taxonomy":"product_brand","embeddable":true,"href":"https:\/\/repliquemangacine.fr\/es\/wp-json\/wp\/v2\/product_brand?post=26247"},{"taxonomy":"product_cat","embeddable":true,"href":"https:\/\/repliquemangacine.fr\/es\/wp-json\/wp\/v2\/product_cat?post=26247"},{"taxonomy":"product_tag","embeddable":true,"href":"https:\/\/repliquemangacine.fr\/es\/wp-json\/wp\/v2\/product_tag?post=26247"}],"curies":[{"name":"wp","href":"https:\/\/api.w.org\/{rel}","templated":true}]}}