





{"id":26240,"date":"2016-11-13T19:25:19","date_gmt":"2016-11-13T18:25:19","guid":{"rendered":"https:\/\/repliquemangacine.fr\/?post_type=product&#038;p=26240"},"modified":"2026-04-15T13:00:17","modified_gmt":"2026-04-15T11:00:17","slug":"fusil-charleville-1806-con-bayoneta","status":"publish","type":"product","link":"https:\/\/repliquemangacine.fr\/es\/replique-d-armes-1er-empire\/fusil-charleville-modele-1806-avec-baionnette\/","title":{"rendered":"Fusil Charleville modelo 1806"},"content":{"rendered":"<h2>Fusil Charleville modelo 1806 con bayoneta.<\/h2>\n<p>Para empezar, el <strong>Fusil Charleville modelo 1806<\/strong> es un arma dise\u00f1ada durante el reinado de Luis XVI por el ingeniero Gribeauval. Fue ampliamente utilizada en los escenarios militares europeos (Revoluci\u00f3n Francesa, Guerras Napole\u00f3nicas). La longevidad de esta arma dice mucho de sus cualidades.<\/p>\n<p>Se fabricaron 2 millones de unidades, que equiparon a todos los soldados de infanter\u00eda del I Imperio que lucharon en todos los campos de batalla de Europa y ultramar.<\/p>\n<p>Dise\u00f1ado de la forma m\u00e1s racional posible para lograr una mayor estandarizaci\u00f3n, el fusil Modelo 1777 fue modificado en 1801.<\/p>\n<p>De hecho, esta versi\u00f3n se utiliza en varias pel\u00edculas en escenas de batallas de infanter\u00eda.<\/p>\n<h2>Su fusil Charleville Modelo 1806 al mejor precio.<\/h2>\n<p>Ofrecemos una amplia gama de reproducciones de armas hist\u00f3ricas.<\/p>\n<p>Lo primero y m\u00e1s importante,<\/p>\n<ul>\n<li>Una reproducci\u00f3n a tama\u00f1o real del <a href=\"https:\/\/repliquemangacine.fr\/es\/replica-de-armas-1er-imperio\/brown-bess-1722-land-pattern-denix-rifle\/\">Mosquete Land Pattern<\/a> \"Brown Bess 1722\" con bayoneta.<\/li>\n<li>Adem\u00e1s de una reproducci\u00f3n a tama\u00f1o real del<a href=\"https:\/\/repliquemangacine.fr\/es\/replica-de-armas-1er-imperio\/carabine-francaise-a-silex-napoleon-1806\/\"> Rifle franc\u00e9s<\/a> Periodo napole\u00f3nico 1806.<\/li>\n<li>Y muchos m\u00e1s por descubrir en nuestra tienda en l\u00ednea.<\/li>\n<\/ul>\n<p>Por eso es una magn\u00edfica idea de regalo para todos los amantes de las armas hist\u00f3ricas.<\/p>\n<p>En conclusi\u00f3n, puede utilizar este <strong>Fusil Charleville modelo 1806<\/strong> para sus recreaciones hist\u00f3ricas. Pero, sobre todo, esta arma es una pieza de coleccionista y una pieza decorativa.<\/p>\n<p>R\u00e9plique Manga Cin\u00e9 es una empresa francesa y distribuidor oficial de la marca <a href=\"https:\/\/www.denix.fr\/fr\/catalogue\/armes-historiques-s-xvi-xix\/carabines-carabines-et-fusils\/1036\/\" target=\"_blank\" rel=\"noopener noreferrer\">Denix<\/a>.<\/p>\n<h2>\u00bfC\u00f3mo se fabrican las r\u00e9plicas de armas Denix?<\/h2>\n<p>Utilizadas en recreaciones hist\u00f3ricas, pel\u00edculas, series y por coleccionistas. Las reproducciones Denix est\u00e1n fabricadas con materiales de alta calidad. Cuidadosamente elaboradas y ensambladas para crear armas de colecci\u00f3n realistas.<\/p>\n<ul>\n<li>Los metales se encuentran en una aleaci\u00f3n met\u00e1lica conocida como Zamac, cuya composici\u00f3n b\u00e1sica es zinc en 95%.<\/li>\n<li>Las piezas de pl\u00e1stico de las r\u00e9plicas son de ABS moldeado, que ofrece una gran resistencia.<\/li>\n<li>Las maderas elegidas por su belleza y durabilidad, como la caoba, el olivo o el nogal, dar\u00e1n a sus culatas y barricas un aspecto elegante y aut\u00e9ntico.<\/li>\n<\/ul>\n<p>Cabe se\u00f1alar que todas las reproducciones Denix son id\u00e9nticas a los originales, como su <strong>Fusil Charleville modelo 1806<\/strong>.<\/p>","protected":false},"excerpt":{"rendered":"<p>Reproducci\u00f3n del fusil franc\u00e9s Charleville 1806.<\/p>\n<ul>\n<li>Culata y ca\u00f1\u00f3n de madera maciza.<\/li>\n<li>Mecanismo y ca\u00f1\u00f3n de Zamac.<\/li>\n<li>Bayoneta met\u00e1lica desmontable.<\/li>\n<li>Armas y huelgas.<\/li>\n<li>No apto para disparar.<\/li>\n<li>Longitud del ca\u00f1\u00f3n: 100 cm - Longitud total: 139 cm, con bayoneta: 183 cm<\/li>\n<li>Longitud de la bayoneta: 43 cm - Peso: 2,800 Kg<\/li>\n<li><strong>No se requiere autorizaci\u00f3n. Venta y posesi\u00f3n libres<\/strong><\/li>\n<\/ul>","protected":false},"featured_media":26241,"template":"","meta":[],"product_brand":[896],"product_cat":[25,102,55,37,83,28,833],"product_tag":[],"class_list":{"0":"post-26240","1":"product","2":"type-product","3":"status-publish","4":"has-post-thumbnail","6":"product_brand-replique-manga-cine","7":"product_cat-armes-historiques","8":"product_cat-denix","9":"product_cat-fusil-ancien","10":"product_cat-premier-empire","11":"product_cat-replique-d-armes-1er-empire","12":"product_cat-repliques-darmes","13":"product_cat-repliques-darmes-napoleon","15":"first","16":"instock","17":"sale","18":"taxable","19":"shipping-taxable","20":"purchasable","21":"product-type-simple"},"yoast_head":"<!-- This site is optimized with the Yoast SEO plugin v27.4 - https:\/\/yoast.com\/product\/yoast-seo-wordpress\/ -->\n<title>Fusil Charleville mod\u00e8le 1806 - R\u00e9pliques armes Denix | RMC<\/title>\n<meta name=\"description\" content=\"D\u00e9couvrez en taille r\u00e9elle du Fusil Charleville mod\u00e8le 1806 au meilleur prix - Tout en bois massif et zamac - Avec Ba\u00efonnette - Longueur : 183 cm\" \/>\n<meta name=\"robots\" content=\"index, follow, max-snippet:-1, max-image-preview:large, max-video-preview:-1\" \/>\n<link rel=\"canonical\" href=\"https:\/\/repliquemangacine.fr\/es\/replica-de-armas-1er-imperio\/fusil-charleville-1806-con-bayoneta\/\" \/>\n<meta property=\"og:locale\" content=\"es_ES\" \/>\n<meta property=\"og:type\" content=\"article\" \/>\n<meta property=\"og:title\" content=\"Fusil Charleville mod\u00e8le 1806 - R\u00e9pliques armes Denix | RMC\" \/>\n<meta property=\"og:description\" content=\"D\u00e9couvrez en taille r\u00e9elle du Fusil Charleville mod\u00e8le 1806 au meilleur prix - Tout en bois massif et zamac - Avec Ba\u00efonnette - Longueur : 183 cm\" \/>\n<meta property=\"og:url\" content=\"https:\/\/repliquemangacine.fr\/es\/replica-de-armas-1er-imperio\/fusil-charleville-1806-con-bayoneta\/\" \/>\n<meta property=\"og:site_name\" content=\"R\u00e9plique Manga Cin\u00e9\" \/>\n<meta property=\"article:publisher\" content=\"https:\/\/www.facebook.com\/RepliqueMangaCine\" \/>\n<meta property=\"article:modified_time\" content=\"2026-04-15T11:00:17+00:00\" \/>\n<meta property=\"og:image\" content=\"https:\/\/repliquemangacine.fr\/wp-content\/uploads\/2023\/10\/933-Replique-Fusil-francais-Napoleonien-1806-avec-baionnette.jpg\" \/>\n\t<meta property=\"og:image:width\" content=\"800\" \/>\n\t<meta property=\"og:image:height\" content=\"800\" \/>\n\t<meta property=\"og:image:type\" content=\"image\/jpeg\" \/>\n<meta name=\"twitter:card\" content=\"summary_large_image\" \/>\n<meta name=\"twitter:label1\" content=\"Tiempo de lectura\" \/>\n\t<meta name=\"twitter:data1\" content=\"2 minutos\" \/>\n<script type=\"application\/ld+json\" class=\"yoast-schema-graph\">{\"@context\":\"https:\\\/\\\/schema.org\",\"@graph\":[{\"@type\":\"WebPage\",\"@id\":\"https:\\\/\\\/repliquemangacine.fr\\\/replique-d-armes-1er-empire\\\/fusil-charleville-modele-1806-avec-baionnette\\\/\",\"url\":\"https:\\\/\\\/repliquemangacine.fr\\\/replique-d-armes-1er-empire\\\/fusil-charleville-modele-1806-avec-baionnette\\\/\",\"name\":\"Fusil Charleville mod\u00e8le 1806 - R\u00e9pliques armes Denix | RMC\",\"isPartOf\":{\"@id\":\"https:\\\/\\\/repliquemangacine.fr\\\/#website\"},\"primaryImageOfPage\":{\"@id\":\"https:\\\/\\\/repliquemangacine.fr\\\/replique-d-armes-1er-empire\\\/fusil-charleville-modele-1806-avec-baionnette\\\/#primaryimage\"},\"image\":{\"@id\":\"https:\\\/\\\/repliquemangacine.fr\\\/replique-d-armes-1er-empire\\\/fusil-charleville-modele-1806-avec-baionnette\\\/#primaryimage\"},\"thumbnailUrl\":\"https:\\\/\\\/repliquemangacine.fr\\\/wp-content\\\/uploads\\\/2023\\\/10\\\/933-Replique-Fusil-francais-Napoleonien-1806-avec-baionnette.jpg\",\"datePublished\":\"2016-11-13T18:25:19+00:00\",\"dateModified\":\"2026-04-15T11:00:17+00:00\",\"description\":\"D\u00e9couvrez en taille r\u00e9elle du Fusil Charleville mod\u00e8le 1806 au meilleur prix - Tout en bois massif et zamac - Avec Ba\u00efonnette - Longueur : 183 cm\",\"breadcrumb\":{\"@id\":\"https:\\\/\\\/repliquemangacine.fr\\\/replique-d-armes-1er-empire\\\/fusil-charleville-modele-1806-avec-baionnette\\\/#breadcrumb\"},\"inLanguage\":\"es\",\"potentialAction\":[{\"@type\":\"ReadAction\",\"target\":[\"https:\\\/\\\/repliquemangacine.fr\\\/replique-d-armes-1er-empire\\\/fusil-charleville-modele-1806-avec-baionnette\\\/\"]}]},{\"@type\":\"ImageObject\",\"inLanguage\":\"es\",\"@id\":\"https:\\\/\\\/repliquemangacine.fr\\\/replique-d-armes-1er-empire\\\/fusil-charleville-modele-1806-avec-baionnette\\\/#primaryimage\",\"url\":\"https:\\\/\\\/repliquemangacine.fr\\\/wp-content\\\/uploads\\\/2023\\\/10\\\/933-Replique-Fusil-francais-Napoleonien-1806-avec-baionnette.jpg\",\"contentUrl\":\"https:\\\/\\\/repliquemangacine.fr\\\/wp-content\\\/uploads\\\/2023\\\/10\\\/933-Replique-Fusil-francais-Napoleonien-1806-avec-baionnette.jpg\",\"width\":800,\"height\":800,\"caption\":\"R\u00e9plique Fusil fran\u00e7ais Napol\u00e9onien 1806 avec ba\u00efonnette\"},{\"@type\":\"BreadcrumbList\",\"@id\":\"https:\\\/\\\/repliquemangacine.fr\\\/replique-d-armes-1er-empire\\\/fusil-charleville-modele-1806-avec-baionnette\\\/#breadcrumb\",\"itemListElement\":[{\"@type\":\"ListItem\",\"position\":1,\"name\":\"Accueil\",\"item\":\"https:\\\/\\\/repliquemangacine.fr\\\/\"},{\"@type\":\"ListItem\",\"position\":2,\"name\":\"Produits\",\"item\":\"https:\\\/\\\/repliquemangacine.fr\\\/boutique\\\/\"},{\"@type\":\"ListItem\",\"position\":3,\"name\":\"Fusil Charleville mod\u00e8le 1806\"}]},{\"@type\":\"WebSite\",\"@id\":\"https:\\\/\\\/repliquemangacine.fr\\\/#website\",\"url\":\"https:\\\/\\\/repliquemangacine.fr\\\/\",\"name\":\"R\u00e9plique Manga Cin\u00e9\",\"description\":\"\",\"publisher\":{\"@id\":\"https:\\\/\\\/repliquemangacine.fr\\\/#organization\"},\"potentialAction\":[{\"@type\":\"SearchAction\",\"target\":{\"@type\":\"EntryPoint\",\"urlTemplate\":\"https:\\\/\\\/repliquemangacine.fr\\\/?s={search_term_string}\"},\"query-input\":{\"@type\":\"PropertyValueSpecification\",\"valueRequired\":true,\"valueName\":\"search_term_string\"}}],\"inLanguage\":\"es\"},{\"@type\":\"Organization\",\"@id\":\"https:\\\/\\\/repliquemangacine.fr\\\/#organization\",\"name\":\"R\u00e9plique Manga Cin\u00e9\",\"url\":\"https:\\\/\\\/repliquemangacine.fr\\\/\",\"logo\":{\"@type\":\"ImageObject\",\"inLanguage\":\"es\",\"@id\":\"https:\\\/\\\/repliquemangacine.fr\\\/#\\\/schema\\\/logo\\\/image\\\/\",\"url\":\"https:\\\/\\\/repliquemangacine.fr\\\/wp-content\\\/uploads\\\/2023\\\/10\\\/RMC-500250.png\",\"contentUrl\":\"https:\\\/\\\/repliquemangacine.fr\\\/wp-content\\\/uploads\\\/2023\\\/10\\\/RMC-500250.png\",\"width\":500,\"height\":250,\"caption\":\"R\u00e9plique Manga Cin\u00e9\"},\"image\":{\"@id\":\"https:\\\/\\\/repliquemangacine.fr\\\/#\\\/schema\\\/logo\\\/image\\\/\"},\"sameAs\":[\"https:\\\/\\\/www.facebook.com\\\/RepliqueMangaCine\",\"https:\\\/\\\/www.instagram.com\\\/repliquemangacine.fr\\\/\"]}]}<\/script>\n<!-- \/ Yoast SEO plugin. -->","yoast_head_json":{"title":"Fusil Charleville modelo 1806 - R\u00e9plicas de armas Denix | RMC","description":"Descubra el fusil Charleville modelo 1806 a tama\u00f1o real al mejor precio - Todo de madera maciza y zamac - Con bayoneta - Longitud: 183 cm","robots":{"index":"index","follow":"follow","max-snippet":"max-snippet:-1","max-image-preview":"max-image-preview:large","max-video-preview":"max-video-preview:-1"},"canonical":"https:\/\/repliquemangacine.fr\/es\/replica-de-armas-1er-imperio\/fusil-charleville-1806-con-bayoneta\/","og_locale":"es_ES","og_type":"article","og_title":"Fusil Charleville mod\u00e8le 1806 - R\u00e9pliques armes Denix | RMC","og_description":"D\u00e9couvrez en taille r\u00e9elle du Fusil Charleville mod\u00e8le 1806 au meilleur prix - Tout en bois massif et zamac - Avec Ba\u00efonnette - Longueur : 183 cm","og_url":"https:\/\/repliquemangacine.fr\/es\/replica-de-armas-1er-imperio\/fusil-charleville-1806-con-bayoneta\/","og_site_name":"R\u00e9plique Manga Cin\u00e9","article_publisher":"https:\/\/www.facebook.com\/RepliqueMangaCine","article_modified_time":"2026-04-15T11:00:17+00:00","og_image":[{"width":800,"height":800,"url":"https:\/\/repliquemangacine.fr\/wp-content\/uploads\/2023\/10\/933-Replique-Fusil-francais-Napoleonien-1806-avec-baionnette.jpg","type":"image\/jpeg"}],"twitter_card":"summary_large_image","twitter_misc":{"Tiempo de lectura":"2 minutos"},"schema":{"@context":"https:\/\/schema.org","@graph":[{"@type":"WebPage","@id":"https:\/\/repliquemangacine.fr\/replique-d-armes-1er-empire\/fusil-charleville-modele-1806-avec-baionnette\/","url":"https:\/\/repliquemangacine.fr\/replique-d-armes-1er-empire\/fusil-charleville-modele-1806-avec-baionnette\/","name":"Fusil Charleville modelo 1806 - R\u00e9plicas de armas Denix | RMC","isPartOf":{"@id":"https:\/\/repliquemangacine.fr\/#website"},"primaryImageOfPage":{"@id":"https:\/\/repliquemangacine.fr\/replique-d-armes-1er-empire\/fusil-charleville-modele-1806-avec-baionnette\/#primaryimage"},"image":{"@id":"https:\/\/repliquemangacine.fr\/replique-d-armes-1er-empire\/fusil-charleville-modele-1806-avec-baionnette\/#primaryimage"},"thumbnailUrl":"https:\/\/repliquemangacine.fr\/wp-content\/uploads\/2023\/10\/933-Replique-Fusil-francais-Napoleonien-1806-avec-baionnette.jpg","datePublished":"2016-11-13T18:25:19+00:00","dateModified":"2026-04-15T11:00:17+00:00","description":"Descubra el fusil Charleville modelo 1806 a tama\u00f1o real al mejor precio - Todo de madera maciza y zamac - Con bayoneta - Longitud: 183 cm","breadcrumb":{"@id":"https:\/\/repliquemangacine.fr\/replique-d-armes-1er-empire\/fusil-charleville-modele-1806-avec-baionnette\/#breadcrumb"},"inLanguage":"es","potentialAction":[{"@type":"ReadAction","target":["https:\/\/repliquemangacine.fr\/replique-d-armes-1er-empire\/fusil-charleville-modele-1806-avec-baionnette\/"]}]},{"@type":"ImageObject","inLanguage":"es","@id":"https:\/\/repliquemangacine.fr\/replique-d-armes-1er-empire\/fusil-charleville-modele-1806-avec-baionnette\/#primaryimage","url":"https:\/\/repliquemangacine.fr\/wp-content\/uploads\/2023\/10\/933-Replique-Fusil-francais-Napoleonien-1806-avec-baionnette.jpg","contentUrl":"https:\/\/repliquemangacine.fr\/wp-content\/uploads\/2023\/10\/933-Replique-Fusil-francais-Napoleonien-1806-avec-baionnette.jpg","width":800,"height":800,"caption":"R\u00e9plique Fusil fran\u00e7ais Napol\u00e9onien 1806 avec ba\u00efonnette"},{"@type":"BreadcrumbList","@id":"https:\/\/repliquemangacine.fr\/replique-d-armes-1er-empire\/fusil-charleville-modele-1806-avec-baionnette\/#breadcrumb","itemListElement":[{"@type":"ListItem","position":1,"name":"Accueil","item":"https:\/\/repliquemangacine.fr\/"},{"@type":"ListItem","position":2,"name":"Produits","item":"https:\/\/repliquemangacine.fr\/boutique\/"},{"@type":"ListItem","position":3,"name":"Fusil Charleville mod\u00e8le 1806"}]},{"@type":"WebSite","@id":"https:\/\/repliquemangacine.fr\/#website","url":"https:\/\/repliquemangacine.fr\/","name":"R\u00e9plique Manga Cin\u00e9","description":"","publisher":{"@id":"https:\/\/repliquemangacine.fr\/#organization"},"potentialAction":[{"@type":"SearchAction","target":{"@type":"EntryPoint","urlTemplate":"https:\/\/repliquemangacine.fr\/?s={search_term_string}"},"query-input":{"@type":"PropertyValueSpecification","valueRequired":true,"valueName":"search_term_string"}}],"inLanguage":"es"},{"@type":"Organization","@id":"https:\/\/repliquemangacine.fr\/#organization","name":"R\u00e9plique Manga Cin\u00e9","url":"https:\/\/repliquemangacine.fr\/","logo":{"@type":"ImageObject","inLanguage":"es","@id":"https:\/\/repliquemangacine.fr\/#\/schema\/logo\/image\/","url":"https:\/\/repliquemangacine.fr\/wp-content\/uploads\/2023\/10\/RMC-500250.png","contentUrl":"https:\/\/repliquemangacine.fr\/wp-content\/uploads\/2023\/10\/RMC-500250.png","width":500,"height":250,"caption":"R\u00e9plique Manga Cin\u00e9"},"image":{"@id":"https:\/\/repliquemangacine.fr\/#\/schema\/logo\/image\/"},"sameAs":["https:\/\/www.facebook.com\/RepliqueMangaCine","https:\/\/www.instagram.com\/repliquemangacine.fr\/"]}]}},"_links":{"self":[{"href":"https:\/\/repliquemangacine.fr\/es\/wp-json\/wp\/v2\/product\/26240","targetHints":{"allow":["GET"]}}],"collection":[{"href":"https:\/\/repliquemangacine.fr\/es\/wp-json\/wp\/v2\/product"}],"about":[{"href":"https:\/\/repliquemangacine.fr\/es\/wp-json\/wp\/v2\/types\/product"}],"wp:featuredmedia":[{"embeddable":true,"href":"https:\/\/repliquemangacine.fr\/es\/wp-json\/wp\/v2\/media\/26241"}],"wp:attachment":[{"href":"https:\/\/repliquemangacine.fr\/es\/wp-json\/wp\/v2\/media?parent=26240"}],"wp:term":[{"taxonomy":"product_brand","embeddable":true,"href":"https:\/\/repliquemangacine.fr\/es\/wp-json\/wp\/v2\/product_brand?post=26240"},{"taxonomy":"product_cat","embeddable":true,"href":"https:\/\/repliquemangacine.fr\/es\/wp-json\/wp\/v2\/product_cat?post=26240"},{"taxonomy":"product_tag","embeddable":true,"href":"https:\/\/repliquemangacine.fr\/es\/wp-json\/wp\/v2\/product_tag?post=26240"}],"curies":[{"name":"wp","href":"https:\/\/api.w.org\/{rel}","templated":true}]}}