





{"id":26223,"date":"2016-11-12T15:58:04","date_gmt":"2016-11-12T14:58:04","guid":{"rendered":"https:\/\/repliquemangacine.fr\/?post_type=product&#038;p=26223"},"modified":"2026-04-15T13:04:50","modified_gmt":"2026-04-15T11:04:50","slug":"pistola-francesa-de-percusion-1832","status":"publish","type":"product","link":"https:\/\/repliquemangacine.fr\/es\/pistolet-ancien\/pistolet-a-percussion-francais-1832\/","title":{"rendered":"Pistola de percusi\u00f3n francesa 1832"},"content":{"rendered":"<h2>Pistola de percusi\u00f3n francesa de 1832.<\/h2>\n<p>Para empezar, el <strong>Pistola de percusi\u00f3n francesa <\/strong>1832, es una reproducci\u00f3n de Denix.<\/p>\n<p>La platina o pist\u00f3n, creada tras la invenci\u00f3n en Europa del cebador de fulminato de mercurio por Jean Lepage. As\u00ed como el encapsulado de este cebador por Fran\u00e7ois Pr\u00e9lat.<\/p>\n<p>Este nuevo principio parece generalizarse hacia 1820, impulsado por Joseph-Marin G\u00e9velot, quien industrializa el proceso y sustituye definitivamente al pedernal hacia 1840 en Europa. Las apreciables ventajas del sistema de percusi\u00f3n se aprovecharon r\u00e1pidamente para desarrollar armas de varios disparos.<\/p>\n<p>Sistema mucho m\u00e1s fiable y menos dependiente de las condiciones atmosf\u00e9ricas que las plataformas anteriores, que fueron modificadas para acoger este nuevo sistema, que se mantuvo hasta aproximadamente 1865.<\/p>\n<h2>Su pistola francesa de percusi\u00f3n al mejor precio.<\/h2>\n<p>Ofrecemos una amplia gama de r\u00e9plicas de armas Denix.<\/p>\n<p>Lo primero y m\u00e1s importante,<\/p>\n<ul>\n<li>Esta reproducci\u00f3n del <a href=\"https:\/\/repliquemangacine.fr\/es\/pistola-antigua\/pistola-italiana-de-3-canones-lorenzoni-1680\/\">Pistola de pedernal de 3 ca\u00f1ones<\/a>por Lorenzoni en 1680<\/li>\n<li>as\u00ed como el <a href=\"https:\/\/repliquemangacine.fr\/es\/replica-de-armas-1er-imperio\/pistolet-cavalerie-francaise-1er-empire\/\">Pistola de caballer\u00eda francesa<\/a>Per\u00edodo napole\u00f3nico.<\/li>\n<li>Tambi\u00e9n existe la <a href=\"https:\/\/repliquemangacine.fr\/es\/pistola-antigua\/pistola-de-duelo-boutet-1810-denix\/\">Pistola de duelo Boutet<\/a><\/li>\n<li>Y muchos m\u00e1s por descubrir en nuestra tienda en l\u00ednea.<\/li>\n<\/ul>\n<p>Por eso hemos ideado algunas magn\u00edficas ideas de regalo para todos los entusiastas de las armas de \u00e9poca.<\/p>\n<p>En conclusi\u00f3n, puede utilizar el <strong>Pistola de percusi\u00f3n francesa<\/strong> para sus reconstrucciones hist\u00f3ricas.<\/p>\n<p>Pero, ante todo, es una pieza de colecci\u00f3n y decoraci\u00f3n.<\/p>\n<p>R\u00e9plique Manga Cin\u00e9 es una empresa familiar francesa y distribuidor oficial de <a href=\"https:\/\/www.denix.fr\/fr\/catalogue\/armes-historiques-s-xvi-xix\/pistolets\/1014-g\/\" target=\"_blank\" rel=\"noopener noreferrer\">Denix<\/a>.<\/p>\n<h2>\u00bfC\u00f3mo se fabrican las r\u00e9plicas de armas Denix?<\/h2>\n<p>Utilizadas en recreaciones hist\u00f3ricas, pel\u00edculas, series y por coleccionistas. Las reproducciones Denix est\u00e1n fabricadas con materiales de alta calidad. Cuidadosamente elaboradas y ensambladas para crear armas de colecci\u00f3n realistas.<\/p>\n<ul>\n<li>Los metales se encuentran en una aleaci\u00f3n met\u00e1lica conocida como Zamac, cuya composici\u00f3n b\u00e1sica es zinc en 95%.<\/li>\n<li>Las piezas de pl\u00e1stico de las r\u00e9plicas son de ABS moldeado, que ofrece una gran resistencia.<\/li>\n<li>Las maderas elegidas por su belleza y durabilidad, como la caoba, el olivo o el nogal, dar\u00e1n a sus culatas y barricas un aspecto elegante y aut\u00e9ntico.<\/li>\n<\/ul>\n<p>Cabe se\u00f1alar que todas las reproducciones Denix son id\u00e9nticas a los originales, como su <strong>Pistola de percusi\u00f3n francesa<\/strong>.<\/p>","protected":false},"excerpt":{"rendered":"<p>Pistola de percusi\u00f3n francesa del 19.<\/p>\n<ul>\n<li>Culata y ca\u00f1\u00f3n de madera maciza con placa decorativa.<\/li>\n<li>Mecanismo y ca\u00f1\u00f3n de Zamac con grabados.<\/li>\n<li>Armas y huelgas.<\/li>\n<li>No apto para disparar.<\/li>\n<li>No se requiere autorizaci\u00f3n. Venta y posesi\u00f3n libres.<\/li>\n<li>Longitud: 37 cm - Peso: 515 g<\/li>\n<\/ul>","protected":false},"featured_media":26224,"template":"","meta":[],"product_brand":[896],"product_cat":[102,52,28],"product_tag":[],"class_list":{"0":"post-26223","1":"product","2":"type-product","3":"status-publish","4":"has-post-thumbnail","6":"product_brand-replique-manga-cine","7":"product_cat-denix","8":"product_cat-pistolet-ancien","9":"product_cat-repliques-darmes","11":"first","12":"instock","13":"sale","14":"taxable","15":"shipping-taxable","16":"purchasable","17":"product-type-simple"},"yoast_head":"<!-- This site is optimized with the Yoast SEO plugin v27.4 - https:\/\/yoast.com\/product\/yoast-seo-wordpress\/ -->\n<title>Pistolet \u00e0 percussion fran\u00e7ais - Vente d&#039;armes anciennes | RMC<\/title>\n<meta name=\"description\" content=\"Offre-lui ! Ce Pistolet \u00e0 percussion fran\u00e7ais 1832 au meilleur prix - Crosse et f\u00fbt en bois massif - M\u00e9canisme et canon en Zamac grav\u00e9s - Longueur : 37 cm\" \/>\n<meta name=\"robots\" content=\"index, follow, max-snippet:-1, max-image-preview:large, max-video-preview:-1\" \/>\n<link rel=\"canonical\" href=\"https:\/\/repliquemangacine.fr\/es\/pistola-antigua\/pistola-francesa-de-percusion-1832\/\" \/>\n<meta property=\"og:locale\" content=\"es_ES\" \/>\n<meta property=\"og:type\" content=\"article\" \/>\n<meta property=\"og:title\" content=\"Pistolet \u00e0 percussion fran\u00e7ais - Vente d&#039;armes anciennes | RMC\" \/>\n<meta property=\"og:description\" content=\"Offre-lui ! Ce Pistolet \u00e0 percussion fran\u00e7ais 1832 au meilleur prix - Crosse et f\u00fbt en bois massif - M\u00e9canisme et canon en Zamac grav\u00e9s - Longueur : 37 cm\" \/>\n<meta property=\"og:url\" content=\"https:\/\/repliquemangacine.fr\/es\/pistola-antigua\/pistola-francesa-de-percusion-1832\/\" \/>\n<meta property=\"og:site_name\" content=\"R\u00e9plique Manga Cin\u00e9\" \/>\n<meta property=\"article:publisher\" content=\"https:\/\/www.facebook.com\/RepliqueMangaCine\" \/>\n<meta property=\"article:modified_time\" content=\"2026-04-15T11:04:50+00:00\" \/>\n<meta property=\"og:image\" content=\"https:\/\/repliquemangacine.fr\/wp-content\/uploads\/2023\/10\/918-Replique-Pistolet-Francais-a-percussion-19eme-siecle.jpg\" \/>\n\t<meta property=\"og:image:width\" content=\"800\" \/>\n\t<meta property=\"og:image:height\" content=\"800\" \/>\n\t<meta property=\"og:image:type\" content=\"image\/jpeg\" \/>\n<meta name=\"twitter:card\" content=\"summary_large_image\" \/>\n<meta name=\"twitter:label1\" content=\"Tiempo de lectura\" \/>\n\t<meta name=\"twitter:data1\" content=\"2 minutos\" \/>\n<script type=\"application\/ld+json\" class=\"yoast-schema-graph\">{\"@context\":\"https:\\\/\\\/schema.org\",\"@graph\":[{\"@type\":\"WebPage\",\"@id\":\"https:\\\/\\\/repliquemangacine.fr\\\/pistolet-ancien\\\/pistolet-a-percussion-francais-1832\\\/\",\"url\":\"https:\\\/\\\/repliquemangacine.fr\\\/pistolet-ancien\\\/pistolet-a-percussion-francais-1832\\\/\",\"name\":\"Pistolet \u00e0 percussion fran\u00e7ais - Vente d'armes anciennes | RMC\",\"isPartOf\":{\"@id\":\"https:\\\/\\\/repliquemangacine.fr\\\/#website\"},\"primaryImageOfPage\":{\"@id\":\"https:\\\/\\\/repliquemangacine.fr\\\/pistolet-ancien\\\/pistolet-a-percussion-francais-1832\\\/#primaryimage\"},\"image\":{\"@id\":\"https:\\\/\\\/repliquemangacine.fr\\\/pistolet-ancien\\\/pistolet-a-percussion-francais-1832\\\/#primaryimage\"},\"thumbnailUrl\":\"https:\\\/\\\/repliquemangacine.fr\\\/wp-content\\\/uploads\\\/2023\\\/10\\\/918-Replique-Pistolet-Francais-a-percussion-19eme-siecle.jpg\",\"datePublished\":\"2016-11-12T14:58:04+00:00\",\"dateModified\":\"2026-04-15T11:04:50+00:00\",\"description\":\"Offre-lui ! Ce Pistolet \u00e0 percussion fran\u00e7ais 1832 au meilleur prix - Crosse et f\u00fbt en bois massif - M\u00e9canisme et canon en Zamac grav\u00e9s - Longueur : 37 cm\",\"breadcrumb\":{\"@id\":\"https:\\\/\\\/repliquemangacine.fr\\\/pistolet-ancien\\\/pistolet-a-percussion-francais-1832\\\/#breadcrumb\"},\"inLanguage\":\"es\",\"potentialAction\":[{\"@type\":\"ReadAction\",\"target\":[\"https:\\\/\\\/repliquemangacine.fr\\\/pistolet-ancien\\\/pistolet-a-percussion-francais-1832\\\/\"]}]},{\"@type\":\"ImageObject\",\"inLanguage\":\"es\",\"@id\":\"https:\\\/\\\/repliquemangacine.fr\\\/pistolet-ancien\\\/pistolet-a-percussion-francais-1832\\\/#primaryimage\",\"url\":\"https:\\\/\\\/repliquemangacine.fr\\\/wp-content\\\/uploads\\\/2023\\\/10\\\/918-Replique-Pistolet-Francais-a-percussion-19eme-siecle.jpg\",\"contentUrl\":\"https:\\\/\\\/repliquemangacine.fr\\\/wp-content\\\/uploads\\\/2023\\\/10\\\/918-Replique-Pistolet-Francais-a-percussion-19eme-siecle.jpg\",\"width\":800,\"height\":800,\"caption\":\"R\u00e9plique Pistolet Fran\u00e7ais \u00e0 percussion 19\u00e8me si\u00e8cle\"},{\"@type\":\"BreadcrumbList\",\"@id\":\"https:\\\/\\\/repliquemangacine.fr\\\/pistolet-ancien\\\/pistolet-a-percussion-francais-1832\\\/#breadcrumb\",\"itemListElement\":[{\"@type\":\"ListItem\",\"position\":1,\"name\":\"Accueil\",\"item\":\"https:\\\/\\\/repliquemangacine.fr\\\/\"},{\"@type\":\"ListItem\",\"position\":2,\"name\":\"Produits\",\"item\":\"https:\\\/\\\/repliquemangacine.fr\\\/boutique\\\/\"},{\"@type\":\"ListItem\",\"position\":3,\"name\":\"Pistolet Fran\u00e7ais \u00e0 percussion 1832\"}]},{\"@type\":\"WebSite\",\"@id\":\"https:\\\/\\\/repliquemangacine.fr\\\/#website\",\"url\":\"https:\\\/\\\/repliquemangacine.fr\\\/\",\"name\":\"R\u00e9plique Manga Cin\u00e9\",\"description\":\"\",\"publisher\":{\"@id\":\"https:\\\/\\\/repliquemangacine.fr\\\/#organization\"},\"potentialAction\":[{\"@type\":\"SearchAction\",\"target\":{\"@type\":\"EntryPoint\",\"urlTemplate\":\"https:\\\/\\\/repliquemangacine.fr\\\/?s={search_term_string}\"},\"query-input\":{\"@type\":\"PropertyValueSpecification\",\"valueRequired\":true,\"valueName\":\"search_term_string\"}}],\"inLanguage\":\"es\"},{\"@type\":\"Organization\",\"@id\":\"https:\\\/\\\/repliquemangacine.fr\\\/#organization\",\"name\":\"R\u00e9plique Manga Cin\u00e9\",\"url\":\"https:\\\/\\\/repliquemangacine.fr\\\/\",\"logo\":{\"@type\":\"ImageObject\",\"inLanguage\":\"es\",\"@id\":\"https:\\\/\\\/repliquemangacine.fr\\\/#\\\/schema\\\/logo\\\/image\\\/\",\"url\":\"https:\\\/\\\/repliquemangacine.fr\\\/wp-content\\\/uploads\\\/2023\\\/10\\\/RMC-500250.png\",\"contentUrl\":\"https:\\\/\\\/repliquemangacine.fr\\\/wp-content\\\/uploads\\\/2023\\\/10\\\/RMC-500250.png\",\"width\":500,\"height\":250,\"caption\":\"R\u00e9plique Manga Cin\u00e9\"},\"image\":{\"@id\":\"https:\\\/\\\/repliquemangacine.fr\\\/#\\\/schema\\\/logo\\\/image\\\/\"},\"sameAs\":[\"https:\\\/\\\/www.facebook.com\\\/RepliqueMangaCine\",\"https:\\\/\\\/www.instagram.com\\\/repliquemangacine.fr\\\/\"]}]}<\/script>\n<!-- \/ Yoast SEO plugin. -->","yoast_head_json":{"title":"Pistola de percusi\u00f3n francesa - Armas antiguas en venta | RMC","description":"\u00a1Reg\u00e1lela! Esta pistola de percusi\u00f3n francesa de 1832 al mejor precio - Culata y ca\u00f1\u00f3n de madera maciza - Mecanismo y ca\u00f1\u00f3n de Zamac grabado - Longitud: 37 cm","robots":{"index":"index","follow":"follow","max-snippet":"max-snippet:-1","max-image-preview":"max-image-preview:large","max-video-preview":"max-video-preview:-1"},"canonical":"https:\/\/repliquemangacine.fr\/es\/pistola-antigua\/pistola-francesa-de-percusion-1832\/","og_locale":"es_ES","og_type":"article","og_title":"Pistolet \u00e0 percussion fran\u00e7ais - Vente d'armes anciennes | RMC","og_description":"Offre-lui ! Ce Pistolet \u00e0 percussion fran\u00e7ais 1832 au meilleur prix - Crosse et f\u00fbt en bois massif - M\u00e9canisme et canon en Zamac grav\u00e9s - Longueur : 37 cm","og_url":"https:\/\/repliquemangacine.fr\/es\/pistola-antigua\/pistola-francesa-de-percusion-1832\/","og_site_name":"R\u00e9plique Manga Cin\u00e9","article_publisher":"https:\/\/www.facebook.com\/RepliqueMangaCine","article_modified_time":"2026-04-15T11:04:50+00:00","og_image":[{"width":800,"height":800,"url":"https:\/\/repliquemangacine.fr\/wp-content\/uploads\/2023\/10\/918-Replique-Pistolet-Francais-a-percussion-19eme-siecle.jpg","type":"image\/jpeg"}],"twitter_card":"summary_large_image","twitter_misc":{"Tiempo de lectura":"2 minutos"},"schema":{"@context":"https:\/\/schema.org","@graph":[{"@type":"WebPage","@id":"https:\/\/repliquemangacine.fr\/pistolet-ancien\/pistolet-a-percussion-francais-1832\/","url":"https:\/\/repliquemangacine.fr\/pistolet-ancien\/pistolet-a-percussion-francais-1832\/","name":"Pistola de percusi\u00f3n francesa - Armas antiguas en venta | RMC","isPartOf":{"@id":"https:\/\/repliquemangacine.fr\/#website"},"primaryImageOfPage":{"@id":"https:\/\/repliquemangacine.fr\/pistolet-ancien\/pistolet-a-percussion-francais-1832\/#primaryimage"},"image":{"@id":"https:\/\/repliquemangacine.fr\/pistolet-ancien\/pistolet-a-percussion-francais-1832\/#primaryimage"},"thumbnailUrl":"https:\/\/repliquemangacine.fr\/wp-content\/uploads\/2023\/10\/918-Replique-Pistolet-Francais-a-percussion-19eme-siecle.jpg","datePublished":"2016-11-12T14:58:04+00:00","dateModified":"2026-04-15T11:04:50+00:00","description":"\u00a1Reg\u00e1lela! Esta pistola de percusi\u00f3n francesa de 1832 al mejor precio - Culata y ca\u00f1\u00f3n de madera maciza - Mecanismo y ca\u00f1\u00f3n de Zamac grabado - Longitud: 37 cm","breadcrumb":{"@id":"https:\/\/repliquemangacine.fr\/pistolet-ancien\/pistolet-a-percussion-francais-1832\/#breadcrumb"},"inLanguage":"es","potentialAction":[{"@type":"ReadAction","target":["https:\/\/repliquemangacine.fr\/pistolet-ancien\/pistolet-a-percussion-francais-1832\/"]}]},{"@type":"ImageObject","inLanguage":"es","@id":"https:\/\/repliquemangacine.fr\/pistolet-ancien\/pistolet-a-percussion-francais-1832\/#primaryimage","url":"https:\/\/repliquemangacine.fr\/wp-content\/uploads\/2023\/10\/918-Replique-Pistolet-Francais-a-percussion-19eme-siecle.jpg","contentUrl":"https:\/\/repliquemangacine.fr\/wp-content\/uploads\/2023\/10\/918-Replique-Pistolet-Francais-a-percussion-19eme-siecle.jpg","width":800,"height":800,"caption":"R\u00e9plique Pistolet Fran\u00e7ais \u00e0 percussion 19\u00e8me si\u00e8cle"},{"@type":"BreadcrumbList","@id":"https:\/\/repliquemangacine.fr\/pistolet-ancien\/pistolet-a-percussion-francais-1832\/#breadcrumb","itemListElement":[{"@type":"ListItem","position":1,"name":"Accueil","item":"https:\/\/repliquemangacine.fr\/"},{"@type":"ListItem","position":2,"name":"Produits","item":"https:\/\/repliquemangacine.fr\/boutique\/"},{"@type":"ListItem","position":3,"name":"Pistolet Fran\u00e7ais \u00e0 percussion 1832"}]},{"@type":"WebSite","@id":"https:\/\/repliquemangacine.fr\/#website","url":"https:\/\/repliquemangacine.fr\/","name":"R\u00e9plique Manga Cin\u00e9","description":"","publisher":{"@id":"https:\/\/repliquemangacine.fr\/#organization"},"potentialAction":[{"@type":"SearchAction","target":{"@type":"EntryPoint","urlTemplate":"https:\/\/repliquemangacine.fr\/?s={search_term_string}"},"query-input":{"@type":"PropertyValueSpecification","valueRequired":true,"valueName":"search_term_string"}}],"inLanguage":"es"},{"@type":"Organization","@id":"https:\/\/repliquemangacine.fr\/#organization","name":"R\u00e9plique Manga Cin\u00e9","url":"https:\/\/repliquemangacine.fr\/","logo":{"@type":"ImageObject","inLanguage":"es","@id":"https:\/\/repliquemangacine.fr\/#\/schema\/logo\/image\/","url":"https:\/\/repliquemangacine.fr\/wp-content\/uploads\/2023\/10\/RMC-500250.png","contentUrl":"https:\/\/repliquemangacine.fr\/wp-content\/uploads\/2023\/10\/RMC-500250.png","width":500,"height":250,"caption":"R\u00e9plique Manga Cin\u00e9"},"image":{"@id":"https:\/\/repliquemangacine.fr\/#\/schema\/logo\/image\/"},"sameAs":["https:\/\/www.facebook.com\/RepliqueMangaCine","https:\/\/www.instagram.com\/repliquemangacine.fr\/"]}]}},"_links":{"self":[{"href":"https:\/\/repliquemangacine.fr\/es\/wp-json\/wp\/v2\/product\/26223","targetHints":{"allow":["GET"]}}],"collection":[{"href":"https:\/\/repliquemangacine.fr\/es\/wp-json\/wp\/v2\/product"}],"about":[{"href":"https:\/\/repliquemangacine.fr\/es\/wp-json\/wp\/v2\/types\/product"}],"wp:featuredmedia":[{"embeddable":true,"href":"https:\/\/repliquemangacine.fr\/es\/wp-json\/wp\/v2\/media\/26224"}],"wp:attachment":[{"href":"https:\/\/repliquemangacine.fr\/es\/wp-json\/wp\/v2\/media?parent=26223"}],"wp:term":[{"taxonomy":"product_brand","embeddable":true,"href":"https:\/\/repliquemangacine.fr\/es\/wp-json\/wp\/v2\/product_brand?post=26223"},{"taxonomy":"product_cat","embeddable":true,"href":"https:\/\/repliquemangacine.fr\/es\/wp-json\/wp\/v2\/product_cat?post=26223"},{"taxonomy":"product_tag","embeddable":true,"href":"https:\/\/repliquemangacine.fr\/es\/wp-json\/wp\/v2\/product_tag?post=26223"}],"curies":[{"name":"wp","href":"https:\/\/api.w.org\/{rel}","templated":true}]}}