





{"id":26178,"date":"2016-11-11T16:30:21","date_gmt":"2016-11-11T15:30:21","guid":{"rendered":"https:\/\/repliquemangacine.fr\/?post_type=product&#038;p=26178"},"modified":"2026-04-15T13:01:28","modified_gmt":"2026-04-15T11:01:28","slug":"pistola-italiana-de-percusion-1826","status":"publish","type":"product","link":"https:\/\/repliquemangacine.fr\/es\/pistolet-ancien\/pistolet-italien-a-percussion-1825\/","title":{"rendered":"Pistola de percusi\u00f3n italiana 1825"},"content":{"rendered":"<h2>Pistola de percusi\u00f3n italiana 1825 - Denix<\/h2>\n<p>Para empezar, el <strong>Pistola de percusi\u00f3n italiana<\/strong> 1825, el original de esta pistola se encuentra en Brescia, Italia. Italia parece haber sido la principal fuente de suministro de armas. Esta versi\u00f3n de la Brescia 1825, que muestra la artesan\u00eda t\u00edpica italiana, est\u00e1 magn\u00edficamente detallada. Las apreciables ventajas del sistema de percusi\u00f3n se aprovechan r\u00e1pidamente para desarrollar armas de varios disparos.<\/p>\n<p>Este nuevo principio parece generalizarse hacia 1820, impulsado por Joseph-Marin G\u00e9velot, quien industrializa el proceso y sustituye definitivamente al pedernal hacia 1840 en Europa.<\/p>\n<p>Adem\u00e1s, este sistema era mucho m\u00e1s fiable y menos dependiente de las condiciones atmosf\u00e9ricas que los platos anteriores. Se modific\u00f3 para adaptarse a este nuevo sistema, que se utiliz\u00f3 hasta aproximadamente 1865.<\/p>\n<h2>Su pistola italiana de percusi\u00f3n al mejor precio.<\/h2>\n<p>Ofrecemos una amplia gama de r\u00e9plicas de armas Denix.<\/p>\n<p>Lo primero y m\u00e1s importante,<\/p>\n<ul>\n<li>La pistola <a href=\"https:\/\/repliquemangacine.fr\/es\/replica-de-armas-1er-imperio\/pistola-derringer-denix-philadelphia\/\">Derringer Filadelfia<\/a>Este es el tipo de arma utilizada para asesinar a Abraham Lincoln.<\/li>\n<li>Tambi\u00e9n est\u00e1 el Pistolet del siglo XVIII de <a href=\"https:\/\/repliquemangacine.fr\/es\/armas-historicas\/pistola-george-washington-siglo-xviii\/\">George Washington<\/a>primer Presidente de los Estados Unidos de Am\u00e9rica.<\/li>\n<li>Adem\u00e1s de esta reproducci\u00f3n del <a href=\"https:\/\/repliquemangacine.fr\/es\/pistola-antigua\/pistola-italiana-de-3-canones-lorenzoni-1680-2\/\">Pistola de pedernal de 3 ca\u00f1ones<\/a>\u00a0 por Lorenzoni en 1680<\/li>\n<li>Y muchos m\u00e1s por descubrir en nuestra tienda en l\u00ednea.<\/li>\n<\/ul>\n<p>Por eso hemos ideado algunas magn\u00edficas ideas de regalo para todos los entusiastas de las armas de \u00e9poca.<\/p>\n<p>En conclusi\u00f3n, puede utilizar el <strong>Pistola de percusi\u00f3n italiana<\/strong> 1825 para sus recreaciones hist\u00f3ricas. Pero, ante todo, es una pieza de colecci\u00f3n y decoraci\u00f3n.<\/p>\n<p>R\u00e9plique Manga Cin\u00e9 es una empresa familiar francesa y distribuidor oficial de <a href=\"https:\/\/www.denix.fr\/fr\/catalogue\/armes-historiques-s-xvi-xix\/pistolets\/1013-l\/\" target=\"_blank\" rel=\"noopener noreferrer\">Denix<\/a>.<\/p>\n<h2>\u00bfC\u00f3mo se fabrican las r\u00e9plicas de armas Denix?<\/h2>\n<p>Utilizadas en recreaciones hist\u00f3ricas, pel\u00edculas, series y por coleccionistas. Las reproducciones Denix est\u00e1n fabricadas con materiales de alta calidad. Cuidadosamente elaboradas y ensambladas para crear armas de colecci\u00f3n realistas.<\/p>\n<ul>\n<li>Los metales se encuentran en una aleaci\u00f3n met\u00e1lica conocida como Zamac, cuya composici\u00f3n b\u00e1sica es zinc en 95%.<\/li>\n<li>Las piezas de pl\u00e1stico de las r\u00e9plicas son de ABS moldeado, que ofrece una gran resistencia.<\/li>\n<li>Las maderas elegidas por su belleza y durabilidad, como la caoba, el olivo o el nogal, dar\u00e1n a sus culatas y barricas un aspecto elegante y aut\u00e9ntico.<\/li>\n<\/ul>\n<p>Cabe se\u00f1alar que todas las reproducciones Denix son id\u00e9nticas a los originales, como su <strong>Pistola de percusi\u00f3n italiana<\/strong>.<\/p>","protected":false},"excerpt":{"rendered":"<p>Pistola de percusi\u00f3n italiana fabricada en 1825.<\/p>\n<ul>\n<li>Culata y ca\u00f1\u00f3n de madera maciza.<\/li>\n<li>Tap\u00f3n de lat\u00f3n grabado.<\/li>\n<li>Mecanismo y ca\u00f1\u00f3n de Zamac con grabado.<\/li>\n<li>Armas y huelgas.<\/li>\n<li>No apto para disparar.<\/li>\n<li>No se requiere autorizaci\u00f3n. Venta y posesi\u00f3n libres<\/li>\n<li>Longitud: 38 cm - Peso: 555 g<\/li>\n<\/ul>\n<p><iframe title=\"Reproductor de v\u00eddeo YouTube\" src=\"https:\/\/www.youtube.com\/embed\/6BwHa0YfY2g\" width=\"560\" height=\"315\" frameborder=\"0\" allowfullscreen=\"allowfullscreen\"><\/iframe><\/p>","protected":false},"featured_media":26179,"template":"","meta":[],"product_brand":[896],"product_cat":[52,28],"product_tag":[],"class_list":{"0":"post-26178","1":"product","2":"type-product","3":"status-publish","4":"has-post-thumbnail","6":"product_brand-replique-manga-cine","7":"product_cat-pistolet-ancien","8":"product_cat-repliques-darmes","10":"first","11":"instock","12":"taxable","13":"shipping-taxable","14":"purchasable","15":"product-type-simple"},"yoast_head":"<!-- This site is optimized with the Yoast SEO plugin v27.4 - https:\/\/yoast.com\/product\/yoast-seo-wordpress\/ -->\n<title>Pistolet italien \u00e0 percussion - Vente armes anciennes Denix | RMC<\/title>\n<meta name=\"description\" content=\"D\u00e9couvrez le mod\u00e8le le Brescia Pistolet italien \u00e0 percussion au meilleur prix - En bois et m\u00e9tal - M\u00e9canisme fonctionnel - Simulation de tir - 38 cm\" \/>\n<meta name=\"robots\" content=\"index, follow, max-snippet:-1, max-image-preview:large, max-video-preview:-1\" \/>\n<link rel=\"canonical\" href=\"https:\/\/repliquemangacine.fr\/es\/pistola-antigua\/pistola-italiana-de-percusion-1826\/\" \/>\n<meta property=\"og:locale\" content=\"es_ES\" \/>\n<meta property=\"og:type\" content=\"article\" \/>\n<meta property=\"og:title\" content=\"Pistolet italien \u00e0 percussion - Vente armes anciennes Denix | RMC\" \/>\n<meta property=\"og:description\" content=\"D\u00e9couvrez le mod\u00e8le le Brescia Pistolet italien \u00e0 percussion au meilleur prix - En bois et m\u00e9tal - M\u00e9canisme fonctionnel - Simulation de tir - 38 cm\" \/>\n<meta property=\"og:url\" content=\"https:\/\/repliquemangacine.fr\/es\/pistola-antigua\/pistola-italiana-de-percusion-1826\/\" \/>\n<meta property=\"og:site_name\" content=\"R\u00e9plique Manga Cin\u00e9\" \/>\n<meta property=\"article:publisher\" content=\"https:\/\/www.facebook.com\/RepliqueMangaCine\" \/>\n<meta property=\"article:modified_time\" content=\"2026-04-15T11:01:28+00:00\" \/>\n<meta property=\"og:image\" content=\"https:\/\/repliquemangacine.fr\/wp-content\/uploads\/2023\/10\/881-Replique-Pistolet-Italien-a-percussion-1825.jpg\" \/>\n\t<meta property=\"og:image:width\" content=\"800\" \/>\n\t<meta property=\"og:image:height\" content=\"800\" \/>\n\t<meta property=\"og:image:type\" content=\"image\/jpeg\" \/>\n<meta name=\"twitter:card\" content=\"summary_large_image\" \/>\n<meta name=\"twitter:label1\" content=\"Tiempo de lectura\" \/>\n\t<meta name=\"twitter:data1\" content=\"2 minutos\" \/>\n<script type=\"application\/ld+json\" class=\"yoast-schema-graph\">{\"@context\":\"https:\\\/\\\/schema.org\",\"@graph\":[{\"@type\":\"WebPage\",\"@id\":\"https:\\\/\\\/repliquemangacine.fr\\\/pistolet-ancien\\\/pistolet-italien-a-percussion-1825\\\/\",\"url\":\"https:\\\/\\\/repliquemangacine.fr\\\/pistolet-ancien\\\/pistolet-italien-a-percussion-1825\\\/\",\"name\":\"Pistolet italien \u00e0 percussion - Vente armes anciennes Denix | RMC\",\"isPartOf\":{\"@id\":\"https:\\\/\\\/repliquemangacine.fr\\\/#website\"},\"primaryImageOfPage\":{\"@id\":\"https:\\\/\\\/repliquemangacine.fr\\\/pistolet-ancien\\\/pistolet-italien-a-percussion-1825\\\/#primaryimage\"},\"image\":{\"@id\":\"https:\\\/\\\/repliquemangacine.fr\\\/pistolet-ancien\\\/pistolet-italien-a-percussion-1825\\\/#primaryimage\"},\"thumbnailUrl\":\"https:\\\/\\\/repliquemangacine.fr\\\/wp-content\\\/uploads\\\/2023\\\/10\\\/881-Replique-Pistolet-Italien-a-percussion-1825.jpg\",\"datePublished\":\"2016-11-11T15:30:21+00:00\",\"dateModified\":\"2026-04-15T11:01:28+00:00\",\"description\":\"D\u00e9couvrez le mod\u00e8le le Brescia Pistolet italien \u00e0 percussion au meilleur prix - En bois et m\u00e9tal - M\u00e9canisme fonctionnel - Simulation de tir - 38 cm\",\"breadcrumb\":{\"@id\":\"https:\\\/\\\/repliquemangacine.fr\\\/pistolet-ancien\\\/pistolet-italien-a-percussion-1825\\\/#breadcrumb\"},\"inLanguage\":\"es\",\"potentialAction\":[{\"@type\":\"ReadAction\",\"target\":[\"https:\\\/\\\/repliquemangacine.fr\\\/pistolet-ancien\\\/pistolet-italien-a-percussion-1825\\\/\"]}]},{\"@type\":\"ImageObject\",\"inLanguage\":\"es\",\"@id\":\"https:\\\/\\\/repliquemangacine.fr\\\/pistolet-ancien\\\/pistolet-italien-a-percussion-1825\\\/#primaryimage\",\"url\":\"https:\\\/\\\/repliquemangacine.fr\\\/wp-content\\\/uploads\\\/2023\\\/10\\\/881-Replique-Pistolet-Italien-a-percussion-1825.jpg\",\"contentUrl\":\"https:\\\/\\\/repliquemangacine.fr\\\/wp-content\\\/uploads\\\/2023\\\/10\\\/881-Replique-Pistolet-Italien-a-percussion-1825.jpg\",\"width\":800,\"height\":800,\"caption\":\"R\u00e9plique Pistolet Italien \u00e0 percussion 1825\"},{\"@type\":\"BreadcrumbList\",\"@id\":\"https:\\\/\\\/repliquemangacine.fr\\\/pistolet-ancien\\\/pistolet-italien-a-percussion-1825\\\/#breadcrumb\",\"itemListElement\":[{\"@type\":\"ListItem\",\"position\":1,\"name\":\"Accueil\",\"item\":\"https:\\\/\\\/repliquemangacine.fr\\\/\"},{\"@type\":\"ListItem\",\"position\":2,\"name\":\"Produits\",\"item\":\"https:\\\/\\\/repliquemangacine.fr\\\/boutique\\\/\"},{\"@type\":\"ListItem\",\"position\":3,\"name\":\"Pistolet Italien \u00e0 percussion 1825\"}]},{\"@type\":\"WebSite\",\"@id\":\"https:\\\/\\\/repliquemangacine.fr\\\/#website\",\"url\":\"https:\\\/\\\/repliquemangacine.fr\\\/\",\"name\":\"R\u00e9plique Manga Cin\u00e9\",\"description\":\"\",\"publisher\":{\"@id\":\"https:\\\/\\\/repliquemangacine.fr\\\/#organization\"},\"potentialAction\":[{\"@type\":\"SearchAction\",\"target\":{\"@type\":\"EntryPoint\",\"urlTemplate\":\"https:\\\/\\\/repliquemangacine.fr\\\/?s={search_term_string}\"},\"query-input\":{\"@type\":\"PropertyValueSpecification\",\"valueRequired\":true,\"valueName\":\"search_term_string\"}}],\"inLanguage\":\"es\"},{\"@type\":\"Organization\",\"@id\":\"https:\\\/\\\/repliquemangacine.fr\\\/#organization\",\"name\":\"R\u00e9plique Manga Cin\u00e9\",\"url\":\"https:\\\/\\\/repliquemangacine.fr\\\/\",\"logo\":{\"@type\":\"ImageObject\",\"inLanguage\":\"es\",\"@id\":\"https:\\\/\\\/repliquemangacine.fr\\\/#\\\/schema\\\/logo\\\/image\\\/\",\"url\":\"https:\\\/\\\/repliquemangacine.fr\\\/wp-content\\\/uploads\\\/2023\\\/10\\\/RMC-500250.png\",\"contentUrl\":\"https:\\\/\\\/repliquemangacine.fr\\\/wp-content\\\/uploads\\\/2023\\\/10\\\/RMC-500250.png\",\"width\":500,\"height\":250,\"caption\":\"R\u00e9plique Manga Cin\u00e9\"},\"image\":{\"@id\":\"https:\\\/\\\/repliquemangacine.fr\\\/#\\\/schema\\\/logo\\\/image\\\/\"},\"sameAs\":[\"https:\\\/\\\/www.facebook.com\\\/RepliqueMangaCine\",\"https:\\\/\\\/www.instagram.com\\\/repliquemangacine.fr\\\/\"]}]}<\/script>\n<!-- \/ Yoast SEO plugin. -->","yoast_head_json":{"title":"Pistola de percusi\u00f3n italiana - Armas antiguas en venta Denix | RMC","description":"Descubra la pistola de percusi\u00f3n italiana Brescia al mejor precio - Madera y metal - Mecanismo funcional - Tiro simulado - 38 cm","robots":{"index":"index","follow":"follow","max-snippet":"max-snippet:-1","max-image-preview":"max-image-preview:large","max-video-preview":"max-video-preview:-1"},"canonical":"https:\/\/repliquemangacine.fr\/es\/pistola-antigua\/pistola-italiana-de-percusion-1826\/","og_locale":"es_ES","og_type":"article","og_title":"Pistolet italien \u00e0 percussion - Vente armes anciennes Denix | RMC","og_description":"D\u00e9couvrez le mod\u00e8le le Brescia Pistolet italien \u00e0 percussion au meilleur prix - En bois et m\u00e9tal - M\u00e9canisme fonctionnel - Simulation de tir - 38 cm","og_url":"https:\/\/repliquemangacine.fr\/es\/pistola-antigua\/pistola-italiana-de-percusion-1826\/","og_site_name":"R\u00e9plique Manga Cin\u00e9","article_publisher":"https:\/\/www.facebook.com\/RepliqueMangaCine","article_modified_time":"2026-04-15T11:01:28+00:00","og_image":[{"width":800,"height":800,"url":"https:\/\/repliquemangacine.fr\/wp-content\/uploads\/2023\/10\/881-Replique-Pistolet-Italien-a-percussion-1825.jpg","type":"image\/jpeg"}],"twitter_card":"summary_large_image","twitter_misc":{"Tiempo de lectura":"2 minutos"},"schema":{"@context":"https:\/\/schema.org","@graph":[{"@type":"WebPage","@id":"https:\/\/repliquemangacine.fr\/pistolet-ancien\/pistolet-italien-a-percussion-1825\/","url":"https:\/\/repliquemangacine.fr\/pistolet-ancien\/pistolet-italien-a-percussion-1825\/","name":"Pistola de percusi\u00f3n italiana - Armas antiguas en venta Denix | RMC","isPartOf":{"@id":"https:\/\/repliquemangacine.fr\/#website"},"primaryImageOfPage":{"@id":"https:\/\/repliquemangacine.fr\/pistolet-ancien\/pistolet-italien-a-percussion-1825\/#primaryimage"},"image":{"@id":"https:\/\/repliquemangacine.fr\/pistolet-ancien\/pistolet-italien-a-percussion-1825\/#primaryimage"},"thumbnailUrl":"https:\/\/repliquemangacine.fr\/wp-content\/uploads\/2023\/10\/881-Replique-Pistolet-Italien-a-percussion-1825.jpg","datePublished":"2016-11-11T15:30:21+00:00","dateModified":"2026-04-15T11:01:28+00:00","description":"Descubra la pistola de percusi\u00f3n italiana Brescia al mejor precio - Madera y metal - Mecanismo funcional - Tiro simulado - 38 cm","breadcrumb":{"@id":"https:\/\/repliquemangacine.fr\/pistolet-ancien\/pistolet-italien-a-percussion-1825\/#breadcrumb"},"inLanguage":"es","potentialAction":[{"@type":"ReadAction","target":["https:\/\/repliquemangacine.fr\/pistolet-ancien\/pistolet-italien-a-percussion-1825\/"]}]},{"@type":"ImageObject","inLanguage":"es","@id":"https:\/\/repliquemangacine.fr\/pistolet-ancien\/pistolet-italien-a-percussion-1825\/#primaryimage","url":"https:\/\/repliquemangacine.fr\/wp-content\/uploads\/2023\/10\/881-Replique-Pistolet-Italien-a-percussion-1825.jpg","contentUrl":"https:\/\/repliquemangacine.fr\/wp-content\/uploads\/2023\/10\/881-Replique-Pistolet-Italien-a-percussion-1825.jpg","width":800,"height":800,"caption":"R\u00e9plique Pistolet Italien \u00e0 percussion 1825"},{"@type":"BreadcrumbList","@id":"https:\/\/repliquemangacine.fr\/pistolet-ancien\/pistolet-italien-a-percussion-1825\/#breadcrumb","itemListElement":[{"@type":"ListItem","position":1,"name":"Accueil","item":"https:\/\/repliquemangacine.fr\/"},{"@type":"ListItem","position":2,"name":"Produits","item":"https:\/\/repliquemangacine.fr\/boutique\/"},{"@type":"ListItem","position":3,"name":"Pistolet Italien \u00e0 percussion 1825"}]},{"@type":"WebSite","@id":"https:\/\/repliquemangacine.fr\/#website","url":"https:\/\/repliquemangacine.fr\/","name":"R\u00e9plique Manga Cin\u00e9","description":"","publisher":{"@id":"https:\/\/repliquemangacine.fr\/#organization"},"potentialAction":[{"@type":"SearchAction","target":{"@type":"EntryPoint","urlTemplate":"https:\/\/repliquemangacine.fr\/?s={search_term_string}"},"query-input":{"@type":"PropertyValueSpecification","valueRequired":true,"valueName":"search_term_string"}}],"inLanguage":"es"},{"@type":"Organization","@id":"https:\/\/repliquemangacine.fr\/#organization","name":"R\u00e9plique Manga Cin\u00e9","url":"https:\/\/repliquemangacine.fr\/","logo":{"@type":"ImageObject","inLanguage":"es","@id":"https:\/\/repliquemangacine.fr\/#\/schema\/logo\/image\/","url":"https:\/\/repliquemangacine.fr\/wp-content\/uploads\/2023\/10\/RMC-500250.png","contentUrl":"https:\/\/repliquemangacine.fr\/wp-content\/uploads\/2023\/10\/RMC-500250.png","width":500,"height":250,"caption":"R\u00e9plique Manga Cin\u00e9"},"image":{"@id":"https:\/\/repliquemangacine.fr\/#\/schema\/logo\/image\/"},"sameAs":["https:\/\/www.facebook.com\/RepliqueMangaCine","https:\/\/www.instagram.com\/repliquemangacine.fr\/"]}]}},"_links":{"self":[{"href":"https:\/\/repliquemangacine.fr\/es\/wp-json\/wp\/v2\/product\/26178","targetHints":{"allow":["GET"]}}],"collection":[{"href":"https:\/\/repliquemangacine.fr\/es\/wp-json\/wp\/v2\/product"}],"about":[{"href":"https:\/\/repliquemangacine.fr\/es\/wp-json\/wp\/v2\/types\/product"}],"wp:featuredmedia":[{"embeddable":true,"href":"https:\/\/repliquemangacine.fr\/es\/wp-json\/wp\/v2\/media\/26179"}],"wp:attachment":[{"href":"https:\/\/repliquemangacine.fr\/es\/wp-json\/wp\/v2\/media?parent=26178"}],"wp:term":[{"taxonomy":"product_brand","embeddable":true,"href":"https:\/\/repliquemangacine.fr\/es\/wp-json\/wp\/v2\/product_brand?post=26178"},{"taxonomy":"product_cat","embeddable":true,"href":"https:\/\/repliquemangacine.fr\/es\/wp-json\/wp\/v2\/product_cat?post=26178"},{"taxonomy":"product_tag","embeddable":true,"href":"https:\/\/repliquemangacine.fr\/es\/wp-json\/wp\/v2\/product_tag?post=26178"}],"curies":[{"name":"wp","href":"https:\/\/api.w.org\/{rel}","templated":true}]}}