





{"id":26158,"date":"2016-11-10T15:05:42","date_gmt":"2016-11-10T14:05:42","guid":{"rendered":"https:\/\/repliquemangacine.fr\/?post_type=product&#038;p=26158"},"modified":"2026-04-20T22:58:05","modified_gmt":"2026-04-20T20:58:05","slug":"trabuco-austriaco-de-pedernal-del-siglo-xviii","status":"publish","type":"product","link":"https:\/\/repliquemangacine.fr\/es\/replique-d-armes-1er-empire\/tromblon-flintlock-autrichien-18eme-siecle\/","title":{"rendered":"Trombl\u00f3n austriaco de pedernal del siglo XVIII"},"content":{"rendered":"<h2>Trombl\u00f3n austriaco 18\u1d49 - Denix.<\/h2>\n<p>Para empezar, el <strong>Trombl\u00f3n austriaco 18\u1d49<\/strong> basada en una pieza del siglo XVIII. Magn\u00edficos grabados representan un motivo floral finamente detallado. Esto indica que el original fue en su d\u00eda propiedad de un noble austriaco.<\/p>\n<p>Los trompolones de chispa sol\u00edan ser muy cortos, con ca\u00f1ones de menos de 60 cm de longitud, en una \u00e9poca en la que el ca\u00f1\u00f3n de un mosquete med\u00eda m\u00e1s de 90 cm. Basado en un pedernal o una piedra de s\u00edlex, el mecanismo de disparo acciona el martillo que produce la chispa que enciende la p\u00f3lvora.<\/p>\n<p>El ca\u00f1\u00f3n en forma de embudo limita la precisi\u00f3n y el alcance del arma, pero permite disparar m\u00faltiples proyectiles a corta distancia. Esta forma tambi\u00e9n facilita la carga de munici\u00f3n en el ca\u00f1\u00f3n.<\/p>\n<h2>Su <strong>Trombl\u00f3n austriaco 18\u1d49<\/strong> al mejor precio.<\/h2>\n<p>Ofrecemos una amplia gama de r\u00e9plicas de armas Denix.<\/p>\n<p>Lo primero y m\u00e1s importante,<\/p>\n<ul>\n<li>Le <a href=\"https:\/\/repliquemangacine.fr\/es\/armas-piratas\/trabuco-pirata-del-siglo-xviii\/\">Tromb\u00f3n pirata<\/a> con la calavera y las tibias cruzadas en la culata.<\/li>\n<li>Tambi\u00e9n est\u00e1 Le <a href=\"https:\/\/repliquemangacine.fr\/es\/pistola-antigua\/pistola-napoleon-gribeauval-1806\/\">Pistola Napole\u00f3n de chispa<\/a> Gribeauval 1806.<\/li>\n<li>Y muchos m\u00e1s por descubrir en nuestra tienda en l\u00ednea.<\/li>\n<\/ul>\n<p>Por eso hemos ideado algunas magn\u00edficas ideas de regalo para todos los entusiastas de las armas de \u00e9poca.<\/p>\n<p>En conclusi\u00f3n, puede utilizar el <strong>Trombl\u00f3n austriaco 18\u1d49<\/strong> para sus reconstrucciones hist\u00f3ricas.<\/p>\n<p>Pero, ante todo, es una pieza de colecci\u00f3n y decoraci\u00f3n.<\/p>\n<p>R\u00e9plique Manga Cin\u00e9 es una empresa familiar francesa y distribuidor oficial de <a href=\"https:\/\/www.denix.fr\/fr\/catalogue\/armes-historiques-s-xvi-xix\/tromblons\/1231-l\/\" target=\"_blank\" rel=\"noopener noreferrer\">Denix<\/a>.<\/p>\n<h2>\u00bfC\u00f3mo se fabrican las r\u00e9plicas de armas Denix?<\/h2>\n<p>Utilizadas en recreaciones hist\u00f3ricas, pel\u00edculas, series y por coleccionistas. Las reproducciones Denix est\u00e1n fabricadas con materiales de alta calidad. Cuidadosamente elaboradas y ensambladas para crear armas de colecci\u00f3n realistas.<\/p>\n<ul>\n<li>Los metales se encuentran en una aleaci\u00f3n met\u00e1lica conocida como Zamac, cuya composici\u00f3n b\u00e1sica es zinc en 95%.<\/li>\n<li>Las piezas de pl\u00e1stico de las r\u00e9plicas son de ABS moldeado, que ofrece una gran resistencia.<\/li>\n<li>Las maderas elegidas por su belleza y durabilidad, como la caoba, el olivo o el nogal, dar\u00e1n a sus culatas y barricas un aspecto elegante y aut\u00e9ntico.<\/li>\n<\/ul>\n<p>Cabe se\u00f1alar que todas las reproducciones Denix son id\u00e9nticas a los originales, como su <strong>Trombl\u00f3n austriaco 18\u1d49<\/strong>.<\/p>","protected":false},"excerpt":{"rendered":"<p>Tromb\u00f3n austriaco del siglo XVIII.<\/p>\n<ul>\n<li>Culata y ca\u00f1\u00f3n de madera maciza con placa de decoraci\u00f3n floral.<\/li>\n<li>Mecanismo y ca\u00f1\u00f3n de Zamac grabado.<\/li>\n<li>Armas y huelgas.<\/li>\n<li>No apto para disparar.<\/li>\n<li>No se requiere autorizaci\u00f3n. Venta y posesi\u00f3n libres<\/li>\n<li>Longitud: 39 cm - Peso: 690 g<\/li>\n<\/ul>","protected":false},"featured_media":26159,"template":"","meta":[],"product_brand":[896],"product_cat":[25,52,37,83,28],"product_tag":[],"class_list":{"0":"post-26158","1":"product","2":"type-product","3":"status-publish","4":"has-post-thumbnail","6":"product_brand-replique-manga-cine","7":"product_cat-armes-historiques","8":"product_cat-pistolet-ancien","9":"product_cat-premier-empire","10":"product_cat-replique-d-armes-1er-empire","11":"product_cat-repliques-darmes","13":"first","14":"outofstock","15":"taxable","16":"shipping-taxable","17":"purchasable","18":"product-type-simple"},"yoast_head":"<!-- This site is optimized with the Yoast SEO plugin v27.4 - https:\/\/yoast.com\/product\/yoast-seo-wordpress\/ -->\n<title>Tromblon Autrichien 18\u1d49 - Blunderbuss - R\u00e9plique Manga Cin\u00e9<\/title>\n<meta name=\"description\" content=\"D\u00e9couvrez ce Tromblon Autrichien 18\u1d49 au meilleur prix - Tout en bois massif - M\u00e9canisme fonctionnel en m\u00e9tal avec gravures - Simulation de tirs - 39 cm\" \/>\n<meta name=\"robots\" content=\"index, follow, max-snippet:-1, max-image-preview:large, max-video-preview:-1\" \/>\n<link rel=\"canonical\" href=\"https:\/\/repliquemangacine.fr\/es\/replica-de-armas-1er-imperio\/trabuco-austriaco-de-pedernal-del-siglo-xviii\/\" \/>\n<meta property=\"og:locale\" content=\"es_ES\" \/>\n<meta property=\"og:type\" content=\"article\" \/>\n<meta property=\"og:title\" content=\"Tromblon Autrichien 18\u1d49 - Blunderbuss - R\u00e9plique Manga Cin\u00e9\" \/>\n<meta property=\"og:description\" content=\"D\u00e9couvrez ce Tromblon Autrichien 18\u1d49 au meilleur prix - Tout en bois massif - M\u00e9canisme fonctionnel en m\u00e9tal avec gravures - Simulation de tirs - 39 cm\" \/>\n<meta property=\"og:url\" content=\"https:\/\/repliquemangacine.fr\/es\/replica-de-armas-1er-imperio\/trabuco-austriaco-de-pedernal-del-siglo-xviii\/\" \/>\n<meta property=\"og:site_name\" content=\"R\u00e9plique Manga Cin\u00e9\" \/>\n<meta property=\"article:publisher\" content=\"https:\/\/www.facebook.com\/RepliqueMangaCine\" \/>\n<meta property=\"article:modified_time\" content=\"2026-04-20T20:58:05+00:00\" \/>\n<meta property=\"og:image\" content=\"https:\/\/repliquemangacine.fr\/wp-content\/uploads\/2023\/10\/868-Tromblon-Flintlock-Autrichien-18eme-Siecle.jpg\" \/>\n\t<meta property=\"og:image:width\" content=\"800\" \/>\n\t<meta property=\"og:image:height\" content=\"800\" \/>\n\t<meta property=\"og:image:type\" content=\"image\/jpeg\" \/>\n<meta name=\"twitter:card\" content=\"summary_large_image\" \/>\n<meta name=\"twitter:label1\" content=\"Tiempo de lectura\" \/>\n\t<meta name=\"twitter:data1\" content=\"2 minutos\" \/>\n<script type=\"application\/ld+json\" class=\"yoast-schema-graph\">{\"@context\":\"https:\\\/\\\/schema.org\",\"@graph\":[{\"@type\":\"WebPage\",\"@id\":\"https:\\\/\\\/repliquemangacine.fr\\\/replique-d-armes-1er-empire\\\/tromblon-flintlock-autrichien-18eme-siecle\\\/\",\"url\":\"https:\\\/\\\/repliquemangacine.fr\\\/replique-d-armes-1er-empire\\\/tromblon-flintlock-autrichien-18eme-siecle\\\/\",\"name\":\"Tromblon Autrichien 18\u1d49 - Blunderbuss - R\u00e9plique Manga Cin\u00e9\",\"isPartOf\":{\"@id\":\"https:\\\/\\\/repliquemangacine.fr\\\/#website\"},\"primaryImageOfPage\":{\"@id\":\"https:\\\/\\\/repliquemangacine.fr\\\/replique-d-armes-1er-empire\\\/tromblon-flintlock-autrichien-18eme-siecle\\\/#primaryimage\"},\"image\":{\"@id\":\"https:\\\/\\\/repliquemangacine.fr\\\/replique-d-armes-1er-empire\\\/tromblon-flintlock-autrichien-18eme-siecle\\\/#primaryimage\"},\"thumbnailUrl\":\"https:\\\/\\\/repliquemangacine.fr\\\/wp-content\\\/uploads\\\/2023\\\/10\\\/868-Tromblon-Flintlock-Autrichien-18eme-Siecle.jpg\",\"datePublished\":\"2016-11-10T14:05:42+00:00\",\"dateModified\":\"2026-04-20T20:58:05+00:00\",\"description\":\"D\u00e9couvrez ce Tromblon Autrichien 18\u1d49 au meilleur prix - Tout en bois massif - M\u00e9canisme fonctionnel en m\u00e9tal avec gravures - Simulation de tirs - 39 cm\",\"breadcrumb\":{\"@id\":\"https:\\\/\\\/repliquemangacine.fr\\\/replique-d-armes-1er-empire\\\/tromblon-flintlock-autrichien-18eme-siecle\\\/#breadcrumb\"},\"inLanguage\":\"es\",\"potentialAction\":[{\"@type\":\"ReadAction\",\"target\":[\"https:\\\/\\\/repliquemangacine.fr\\\/replique-d-armes-1er-empire\\\/tromblon-flintlock-autrichien-18eme-siecle\\\/\"]}]},{\"@type\":\"ImageObject\",\"inLanguage\":\"es\",\"@id\":\"https:\\\/\\\/repliquemangacine.fr\\\/replique-d-armes-1er-empire\\\/tromblon-flintlock-autrichien-18eme-siecle\\\/#primaryimage\",\"url\":\"https:\\\/\\\/repliquemangacine.fr\\\/wp-content\\\/uploads\\\/2023\\\/10\\\/868-Tromblon-Flintlock-Autrichien-18eme-Siecle.jpg\",\"contentUrl\":\"https:\\\/\\\/repliquemangacine.fr\\\/wp-content\\\/uploads\\\/2023\\\/10\\\/868-Tromblon-Flintlock-Autrichien-18eme-Siecle.jpg\",\"width\":800,\"height\":800,\"caption\":\"Tromblon Flintlock Autrichien 18\u00e8me Si\u00e8cle\"},{\"@type\":\"BreadcrumbList\",\"@id\":\"https:\\\/\\\/repliquemangacine.fr\\\/replique-d-armes-1er-empire\\\/tromblon-flintlock-autrichien-18eme-siecle\\\/#breadcrumb\",\"itemListElement\":[{\"@type\":\"ListItem\",\"position\":1,\"name\":\"Accueil\",\"item\":\"https:\\\/\\\/repliquemangacine.fr\\\/\"},{\"@type\":\"ListItem\",\"position\":2,\"name\":\"Produits\",\"item\":\"https:\\\/\\\/repliquemangacine.fr\\\/boutique\\\/\"},{\"@type\":\"ListItem\",\"position\":3,\"name\":\"Tromblon Flintlock Autrichien 18\u00e8me Si\u00e8cle\"}]},{\"@type\":\"WebSite\",\"@id\":\"https:\\\/\\\/repliquemangacine.fr\\\/#website\",\"url\":\"https:\\\/\\\/repliquemangacine.fr\\\/\",\"name\":\"R\u00e9plique Manga Cin\u00e9\",\"description\":\"\",\"publisher\":{\"@id\":\"https:\\\/\\\/repliquemangacine.fr\\\/#organization\"},\"potentialAction\":[{\"@type\":\"SearchAction\",\"target\":{\"@type\":\"EntryPoint\",\"urlTemplate\":\"https:\\\/\\\/repliquemangacine.fr\\\/?s={search_term_string}\"},\"query-input\":{\"@type\":\"PropertyValueSpecification\",\"valueRequired\":true,\"valueName\":\"search_term_string\"}}],\"inLanguage\":\"es\"},{\"@type\":\"Organization\",\"@id\":\"https:\\\/\\\/repliquemangacine.fr\\\/#organization\",\"name\":\"R\u00e9plique Manga Cin\u00e9\",\"url\":\"https:\\\/\\\/repliquemangacine.fr\\\/\",\"logo\":{\"@type\":\"ImageObject\",\"inLanguage\":\"es\",\"@id\":\"https:\\\/\\\/repliquemangacine.fr\\\/#\\\/schema\\\/logo\\\/image\\\/\",\"url\":\"https:\\\/\\\/repliquemangacine.fr\\\/wp-content\\\/uploads\\\/2023\\\/10\\\/RMC-500250.png\",\"contentUrl\":\"https:\\\/\\\/repliquemangacine.fr\\\/wp-content\\\/uploads\\\/2023\\\/10\\\/RMC-500250.png\",\"width\":500,\"height\":250,\"caption\":\"R\u00e9plique Manga Cin\u00e9\"},\"image\":{\"@id\":\"https:\\\/\\\/repliquemangacine.fr\\\/#\\\/schema\\\/logo\\\/image\\\/\"},\"sameAs\":[\"https:\\\/\\\/www.facebook.com\\\/RepliqueMangaCine\",\"https:\\\/\\\/www.instagram.com\\\/repliquemangacine.fr\\\/\"]}]}<\/script>\n<!-- \/ Yoast SEO plugin. -->","yoast_head_json":{"title":"Austrian Tromblon 18\u1d49 - Trabuco - R\u00e9plique Manga Cin\u00e9","description":"Descubre este Trombl\u00f3n austriaco 18\u1d49 al mejor precio - Todo de madera maciza - Mecanismo funcional de metal con grabados - Simulaci\u00f3n de tiro - 39 cm.","robots":{"index":"index","follow":"follow","max-snippet":"max-snippet:-1","max-image-preview":"max-image-preview:large","max-video-preview":"max-video-preview:-1"},"canonical":"https:\/\/repliquemangacine.fr\/es\/replica-de-armas-1er-imperio\/trabuco-austriaco-de-pedernal-del-siglo-xviii\/","og_locale":"es_ES","og_type":"article","og_title":"Tromblon Autrichien 18\u1d49 - Blunderbuss - R\u00e9plique Manga Cin\u00e9","og_description":"D\u00e9couvrez ce Tromblon Autrichien 18\u1d49 au meilleur prix - Tout en bois massif - M\u00e9canisme fonctionnel en m\u00e9tal avec gravures - Simulation de tirs - 39 cm","og_url":"https:\/\/repliquemangacine.fr\/es\/replica-de-armas-1er-imperio\/trabuco-austriaco-de-pedernal-del-siglo-xviii\/","og_site_name":"R\u00e9plique Manga Cin\u00e9","article_publisher":"https:\/\/www.facebook.com\/RepliqueMangaCine","article_modified_time":"2026-04-20T20:58:05+00:00","og_image":[{"width":800,"height":800,"url":"https:\/\/repliquemangacine.fr\/wp-content\/uploads\/2023\/10\/868-Tromblon-Flintlock-Autrichien-18eme-Siecle.jpg","type":"image\/jpeg"}],"twitter_card":"summary_large_image","twitter_misc":{"Tiempo de lectura":"2 minutos"},"schema":{"@context":"https:\/\/schema.org","@graph":[{"@type":"WebPage","@id":"https:\/\/repliquemangacine.fr\/replique-d-armes-1er-empire\/tromblon-flintlock-autrichien-18eme-siecle\/","url":"https:\/\/repliquemangacine.fr\/replique-d-armes-1er-empire\/tromblon-flintlock-autrichien-18eme-siecle\/","name":"Austrian Tromblon 18\u1d49 - Trabuco - R\u00e9plique Manga Cin\u00e9","isPartOf":{"@id":"https:\/\/repliquemangacine.fr\/#website"},"primaryImageOfPage":{"@id":"https:\/\/repliquemangacine.fr\/replique-d-armes-1er-empire\/tromblon-flintlock-autrichien-18eme-siecle\/#primaryimage"},"image":{"@id":"https:\/\/repliquemangacine.fr\/replique-d-armes-1er-empire\/tromblon-flintlock-autrichien-18eme-siecle\/#primaryimage"},"thumbnailUrl":"https:\/\/repliquemangacine.fr\/wp-content\/uploads\/2023\/10\/868-Tromblon-Flintlock-Autrichien-18eme-Siecle.jpg","datePublished":"2016-11-10T14:05:42+00:00","dateModified":"2026-04-20T20:58:05+00:00","description":"Descubre este Trombl\u00f3n austriaco 18\u1d49 al mejor precio - Todo de madera maciza - Mecanismo funcional de metal con grabados - Simulaci\u00f3n de tiro - 39 cm.","breadcrumb":{"@id":"https:\/\/repliquemangacine.fr\/replique-d-armes-1er-empire\/tromblon-flintlock-autrichien-18eme-siecle\/#breadcrumb"},"inLanguage":"es","potentialAction":[{"@type":"ReadAction","target":["https:\/\/repliquemangacine.fr\/replique-d-armes-1er-empire\/tromblon-flintlock-autrichien-18eme-siecle\/"]}]},{"@type":"ImageObject","inLanguage":"es","@id":"https:\/\/repliquemangacine.fr\/replique-d-armes-1er-empire\/tromblon-flintlock-autrichien-18eme-siecle\/#primaryimage","url":"https:\/\/repliquemangacine.fr\/wp-content\/uploads\/2023\/10\/868-Tromblon-Flintlock-Autrichien-18eme-Siecle.jpg","contentUrl":"https:\/\/repliquemangacine.fr\/wp-content\/uploads\/2023\/10\/868-Tromblon-Flintlock-Autrichien-18eme-Siecle.jpg","width":800,"height":800,"caption":"Tromblon Flintlock Autrichien 18\u00e8me Si\u00e8cle"},{"@type":"BreadcrumbList","@id":"https:\/\/repliquemangacine.fr\/replique-d-armes-1er-empire\/tromblon-flintlock-autrichien-18eme-siecle\/#breadcrumb","itemListElement":[{"@type":"ListItem","position":1,"name":"Accueil","item":"https:\/\/repliquemangacine.fr\/"},{"@type":"ListItem","position":2,"name":"Produits","item":"https:\/\/repliquemangacine.fr\/boutique\/"},{"@type":"ListItem","position":3,"name":"Tromblon Flintlock Autrichien 18\u00e8me Si\u00e8cle"}]},{"@type":"WebSite","@id":"https:\/\/repliquemangacine.fr\/#website","url":"https:\/\/repliquemangacine.fr\/","name":"R\u00e9plique Manga Cin\u00e9","description":"","publisher":{"@id":"https:\/\/repliquemangacine.fr\/#organization"},"potentialAction":[{"@type":"SearchAction","target":{"@type":"EntryPoint","urlTemplate":"https:\/\/repliquemangacine.fr\/?s={search_term_string}"},"query-input":{"@type":"PropertyValueSpecification","valueRequired":true,"valueName":"search_term_string"}}],"inLanguage":"es"},{"@type":"Organization","@id":"https:\/\/repliquemangacine.fr\/#organization","name":"R\u00e9plique Manga Cin\u00e9","url":"https:\/\/repliquemangacine.fr\/","logo":{"@type":"ImageObject","inLanguage":"es","@id":"https:\/\/repliquemangacine.fr\/#\/schema\/logo\/image\/","url":"https:\/\/repliquemangacine.fr\/wp-content\/uploads\/2023\/10\/RMC-500250.png","contentUrl":"https:\/\/repliquemangacine.fr\/wp-content\/uploads\/2023\/10\/RMC-500250.png","width":500,"height":250,"caption":"R\u00e9plique Manga Cin\u00e9"},"image":{"@id":"https:\/\/repliquemangacine.fr\/#\/schema\/logo\/image\/"},"sameAs":["https:\/\/www.facebook.com\/RepliqueMangaCine","https:\/\/www.instagram.com\/repliquemangacine.fr\/"]}]}},"_links":{"self":[{"href":"https:\/\/repliquemangacine.fr\/es\/wp-json\/wp\/v2\/product\/26158","targetHints":{"allow":["GET"]}}],"collection":[{"href":"https:\/\/repliquemangacine.fr\/es\/wp-json\/wp\/v2\/product"}],"about":[{"href":"https:\/\/repliquemangacine.fr\/es\/wp-json\/wp\/v2\/types\/product"}],"wp:featuredmedia":[{"embeddable":true,"href":"https:\/\/repliquemangacine.fr\/es\/wp-json\/wp\/v2\/media\/26159"}],"wp:attachment":[{"href":"https:\/\/repliquemangacine.fr\/es\/wp-json\/wp\/v2\/media?parent=26158"}],"wp:term":[{"taxonomy":"product_brand","embeddable":true,"href":"https:\/\/repliquemangacine.fr\/es\/wp-json\/wp\/v2\/product_brand?post=26158"},{"taxonomy":"product_cat","embeddable":true,"href":"https:\/\/repliquemangacine.fr\/es\/wp-json\/wp\/v2\/product_cat?post=26158"},{"taxonomy":"product_tag","embeddable":true,"href":"https:\/\/repliquemangacine.fr\/es\/wp-json\/wp\/v2\/product_tag?post=26158"}],"curies":[{"name":"wp","href":"https:\/\/api.w.org\/{rel}","templated":true}]}}