





{"id":26141,"date":"2016-11-09T19:12:46","date_gmt":"2016-11-09T18:12:46","guid":{"rendered":"https:\/\/repliquemangacine.fr\/?post_type=product&#038;p=26141"},"modified":"2026-02-28T14:38:51","modified_gmt":"2026-02-28T13:38:51","slug":"pistola-italiana-de-3-canones-lorenzoni-1680","status":"publish","type":"product","link":"https:\/\/repliquemangacine.fr\/es\/replique-d-armes-1er-empire\/pistolet-italien-3-canons-lorenzoni-1680\/","title":{"rendered":"Pistola Lorenzoni italiana de 3 ca\u00f1ones 1680"},"content":{"rendered":"<h2>Pistola Lorenzoni italiana de 3 ca\u00f1ones 1680.<\/h2>\n<p>Para empezar, el <strong>Pistola italiana Lorenzoni<\/strong> 3 ca\u00f1ones de 1680, de chispa, fabricados en Italia en 1680. El escudo grabado en el arma es el de la famosa familia M\u00e9dicis.<\/p>\n<p>Lorenzoni fue un armero y dise\u00f1ador que vivi\u00f3 en Italia en el siglo XVII. Su trabajo se centr\u00f3 principalmente en la creaci\u00f3n de armas capaces de disparar a una cadencia m\u00e1s alta. El objetivo principal del dise\u00f1ador era mantener las dimensiones y el peso del arma, al tiempo que se alcanzaba una cadencia de disparo de entre 15 y 20 disparos por minuto.<\/p>\n<p>En conclusi\u00f3n, \u00abpederracho\u00bb es el t\u00e9rmino general para cualquier arma de fuego basada en el mecanismo de pedernal.<\/p>\n<h2>Tu Pistola Italiana Lorenzoni al mejor precio<\/h2>\n<p>Ofrecemos una amplia gama de r\u00e9plicas de armas Denix.<\/p>\n<p>Lo primero y m\u00e1s importante,<\/p>\n<ul>\n<li>Le <a href=\"https:\/\/repliquemangacine.fr\/es\/armas-historicas\/pistola-george-washington-siglo-xviii\/\">La pistola de George Washington<\/a>primer Presidente de los Estados Unidos de Am\u00e9rica.<\/li>\n<li>Le <a href=\"https:\/\/repliquemangacine.fr\/es\/pistola-antigua\/pistolet-a-etincelles-russie-s-xviii-denix\/\">Pistola rusa de chispa<\/a> del siglo XVIII.<\/li>\n<li>Tambi\u00e9n hay rifles antiguos, como el rifle Charleville de 1806.<\/li>\n<li>Y muchos m\u00e1s por descubrir en nuestra tienda en l\u00ednea.<\/li>\n<\/ul>\n<p>Por eso hemos ideado algunas magn\u00edficas ideas de regalo para todos los entusiastas de las armas de \u00e9poca.<\/p>\n<p>En conclusi\u00f3n, puede utilizar el <strong>Pistola italiana Lorenzoni<\/strong> 3 ca\u00f1ones para sus recreaciones hist\u00f3ricas. Pero, ante todo, se trata de una pieza de colecci\u00f3n y decoraci\u00f3n.<\/p>\n<p>R\u00e9plique Manga Cin\u00e9 es una empresa familiar francesa y distribuidor oficial de <a href=\"https:\/\/www.denix.fr\/fr\/catalogue\/armes-historiques-s-xvi-xix\/pistolets\/1016-l\/\" target=\"_blank\" rel=\"noopener noreferrer\">Denix<\/a>.<\/p>\n<h2>\u00bfC\u00f3mo se fabrican las r\u00e9plicas de armas Denix?<\/h2>\n<p>Utilizadas en recreaciones hist\u00f3ricas, pel\u00edculas, series y por coleccionistas. Las reproducciones Denix est\u00e1n fabricadas con materiales de alta calidad. Cuidadosamente elaboradas y ensambladas para crear armas de colecci\u00f3n realistas.<\/p>\n<ul>\n<li>Los metales se encuentran en una aleaci\u00f3n met\u00e1lica conocida como Zamac, cuya composici\u00f3n b\u00e1sica es zinc en 95%.<\/li>\n<li>Las piezas de pl\u00e1stico de las r\u00e9plicas son de ABS moldeado, que ofrece una gran resistencia.<\/li>\n<li>Las maderas elegidas por su belleza y durabilidad, como la caoba, el olivo o el nogal, dar\u00e1n a sus culatas y barricas un aspecto elegante y aut\u00e9ntico.<\/li>\n<\/ul>\n<p>Cabe se\u00f1alar que todas las reproducciones Denix son id\u00e9nticas a los originales, como su <strong>Pistola italiana Lorenzoni<\/strong>.<\/p>","protected":false},"excerpt":{"rendered":"<p>Pistola de pedernal de Lorenzoni en 1680.<\/p>\n<ul>\n<li>Placas de culata grabadas imitaci\u00f3n marfil.<\/li>\n<li>Mecanismo de Zamac y 3 ca\u00f1ones.<\/li>\n<li>Tap\u00f3n met\u00e1lico grabado.<\/li>\n<li>Armas y huelgas.<\/li>\n<li>No apto para disparar.<\/li>\n<li>No se requiere autorizaci\u00f3n. Venta y posesi\u00f3n libres.<\/li>\n<li>Longitud: 29 cm - Peso: 880 grs<\/li>\n<\/ul>","protected":false},"featured_media":26142,"template":"","meta":[],"product_brand":[896],"product_cat":[25,52,37,83,28],"product_tag":[],"class_list":{"0":"post-26141","1":"product","2":"type-product","3":"status-publish","4":"has-post-thumbnail","6":"product_brand-replique-manga-cine","7":"product_cat-armes-historiques","8":"product_cat-pistolet-ancien","9":"product_cat-premier-empire","10":"product_cat-replique-d-armes-1er-empire","11":"product_cat-repliques-darmes","13":"first","14":"instock","15":"taxable","16":"shipping-taxable","17":"purchasable","18":"product-type-simple"},"yoast_head":"<!-- This site is optimized with the Yoast SEO plugin v27.4 - https:\/\/yoast.com\/product\/yoast-seo-wordpress\/ -->\n<title>Pistolet Italien Lorenzoni 3 canons - Vente d&#039;arme anciennes | RMC<\/title>\n<meta name=\"description\" content=\"Superbe ce Pistolet Italien Lorenzoni 3 canons 1680 au meilleur prix - En m\u00e9tal - M\u00e9canisme fonctionnel - Simulation de tirs - Crosse ABS - 29 cm\" \/>\n<meta name=\"robots\" content=\"index, follow, max-snippet:-1, max-image-preview:large, max-video-preview:-1\" \/>\n<link rel=\"canonical\" href=\"https:\/\/repliquemangacine.fr\/es\/replica-de-armas-1er-imperio\/pistola-italiana-de-3-canones-lorenzoni-1680\/\" \/>\n<meta property=\"og:locale\" content=\"es_ES\" \/>\n<meta property=\"og:type\" content=\"article\" \/>\n<meta property=\"og:title\" content=\"Pistolet Italien Lorenzoni 3 canons - Vente d&#039;arme anciennes | RMC\" \/>\n<meta property=\"og:description\" content=\"Superbe ce Pistolet Italien Lorenzoni 3 canons 1680 au meilleur prix - En m\u00e9tal - M\u00e9canisme fonctionnel - Simulation de tirs - Crosse ABS - 29 cm\" \/>\n<meta property=\"og:url\" content=\"https:\/\/repliquemangacine.fr\/es\/replica-de-armas-1er-imperio\/pistola-italiana-de-3-canones-lorenzoni-1680\/\" \/>\n<meta property=\"og:site_name\" content=\"R\u00e9plique Manga Cin\u00e9\" \/>\n<meta property=\"article:publisher\" content=\"https:\/\/www.facebook.com\/RepliqueMangaCine\" \/>\n<meta property=\"article:modified_time\" content=\"2026-02-28T13:38:51+00:00\" \/>\n<meta property=\"og:image\" content=\"https:\/\/repliquemangacine.fr\/wp-content\/uploads\/2023\/10\/848-replique-Pistolet-Italien-3-canons-Lorenzoni-1680.jpg\" \/>\n\t<meta property=\"og:image:width\" content=\"800\" \/>\n\t<meta property=\"og:image:height\" content=\"800\" \/>\n\t<meta property=\"og:image:type\" content=\"image\/jpeg\" \/>\n<meta name=\"twitter:card\" content=\"summary_large_image\" \/>\n<meta name=\"twitter:label1\" content=\"Tiempo de lectura\" \/>\n\t<meta name=\"twitter:data1\" content=\"2 minutos\" \/>\n<script type=\"application\/ld+json\" class=\"yoast-schema-graph\">{\"@context\":\"https:\\\/\\\/schema.org\",\"@graph\":[{\"@type\":\"WebPage\",\"@id\":\"https:\\\/\\\/repliquemangacine.fr\\\/replique-d-armes-1er-empire\\\/pistolet-italien-3-canons-lorenzoni-1680\\\/\",\"url\":\"https:\\\/\\\/repliquemangacine.fr\\\/replique-d-armes-1er-empire\\\/pistolet-italien-3-canons-lorenzoni-1680\\\/\",\"name\":\"Pistolet Italien Lorenzoni 3 canons - Vente d'arme anciennes | RMC\",\"isPartOf\":{\"@id\":\"https:\\\/\\\/repliquemangacine.fr\\\/#website\"},\"primaryImageOfPage\":{\"@id\":\"https:\\\/\\\/repliquemangacine.fr\\\/replique-d-armes-1er-empire\\\/pistolet-italien-3-canons-lorenzoni-1680\\\/#primaryimage\"},\"image\":{\"@id\":\"https:\\\/\\\/repliquemangacine.fr\\\/replique-d-armes-1er-empire\\\/pistolet-italien-3-canons-lorenzoni-1680\\\/#primaryimage\"},\"thumbnailUrl\":\"https:\\\/\\\/repliquemangacine.fr\\\/wp-content\\\/uploads\\\/2023\\\/10\\\/848-replique-Pistolet-Italien-3-canons-Lorenzoni-1680.jpg\",\"datePublished\":\"2016-11-09T18:12:46+00:00\",\"dateModified\":\"2026-02-28T13:38:51+00:00\",\"description\":\"Superbe ce Pistolet Italien Lorenzoni 3 canons 1680 au meilleur prix - En m\u00e9tal - M\u00e9canisme fonctionnel - Simulation de tirs - Crosse ABS - 29 cm\",\"breadcrumb\":{\"@id\":\"https:\\\/\\\/repliquemangacine.fr\\\/replique-d-armes-1er-empire\\\/pistolet-italien-3-canons-lorenzoni-1680\\\/#breadcrumb\"},\"inLanguage\":\"es\",\"potentialAction\":[{\"@type\":\"ReadAction\",\"target\":[\"https:\\\/\\\/repliquemangacine.fr\\\/replique-d-armes-1er-empire\\\/pistolet-italien-3-canons-lorenzoni-1680\\\/\"]}]},{\"@type\":\"ImageObject\",\"inLanguage\":\"es\",\"@id\":\"https:\\\/\\\/repliquemangacine.fr\\\/replique-d-armes-1er-empire\\\/pistolet-italien-3-canons-lorenzoni-1680\\\/#primaryimage\",\"url\":\"https:\\\/\\\/repliquemangacine.fr\\\/wp-content\\\/uploads\\\/2023\\\/10\\\/848-replique-Pistolet-Italien-3-canons-Lorenzoni-1680.jpg\",\"contentUrl\":\"https:\\\/\\\/repliquemangacine.fr\\\/wp-content\\\/uploads\\\/2023\\\/10\\\/848-replique-Pistolet-Italien-3-canons-Lorenzoni-1680.jpg\",\"width\":800,\"height\":800,\"caption\":\"r\u00e9plique Pistolet Italien 3 canons - Lorenzoni 1680\"},{\"@type\":\"BreadcrumbList\",\"@id\":\"https:\\\/\\\/repliquemangacine.fr\\\/replique-d-armes-1er-empire\\\/pistolet-italien-3-canons-lorenzoni-1680\\\/#breadcrumb\",\"itemListElement\":[{\"@type\":\"ListItem\",\"position\":1,\"name\":\"Accueil\",\"item\":\"https:\\\/\\\/repliquemangacine.fr\\\/\"},{\"@type\":\"ListItem\",\"position\":2,\"name\":\"Produits\",\"item\":\"https:\\\/\\\/repliquemangacine.fr\\\/boutique\\\/\"},{\"@type\":\"ListItem\",\"position\":3,\"name\":\"Pistolet Italien Lorenzoni 3 canons 1680\"}]},{\"@type\":\"WebSite\",\"@id\":\"https:\\\/\\\/repliquemangacine.fr\\\/#website\",\"url\":\"https:\\\/\\\/repliquemangacine.fr\\\/\",\"name\":\"R\u00e9plique Manga Cin\u00e9\",\"description\":\"\",\"publisher\":{\"@id\":\"https:\\\/\\\/repliquemangacine.fr\\\/#organization\"},\"potentialAction\":[{\"@type\":\"SearchAction\",\"target\":{\"@type\":\"EntryPoint\",\"urlTemplate\":\"https:\\\/\\\/repliquemangacine.fr\\\/?s={search_term_string}\"},\"query-input\":{\"@type\":\"PropertyValueSpecification\",\"valueRequired\":true,\"valueName\":\"search_term_string\"}}],\"inLanguage\":\"es\"},{\"@type\":\"Organization\",\"@id\":\"https:\\\/\\\/repliquemangacine.fr\\\/#organization\",\"name\":\"R\u00e9plique Manga Cin\u00e9\",\"url\":\"https:\\\/\\\/repliquemangacine.fr\\\/\",\"logo\":{\"@type\":\"ImageObject\",\"inLanguage\":\"es\",\"@id\":\"https:\\\/\\\/repliquemangacine.fr\\\/#\\\/schema\\\/logo\\\/image\\\/\",\"url\":\"https:\\\/\\\/repliquemangacine.fr\\\/wp-content\\\/uploads\\\/2023\\\/10\\\/RMC-500250.png\",\"contentUrl\":\"https:\\\/\\\/repliquemangacine.fr\\\/wp-content\\\/uploads\\\/2023\\\/10\\\/RMC-500250.png\",\"width\":500,\"height\":250,\"caption\":\"R\u00e9plique Manga Cin\u00e9\"},\"image\":{\"@id\":\"https:\\\/\\\/repliquemangacine.fr\\\/#\\\/schema\\\/logo\\\/image\\\/\"},\"sameAs\":[\"https:\\\/\\\/www.facebook.com\\\/RepliqueMangaCine\",\"https:\\\/\\\/www.instagram.com\\\/repliquemangacine.fr\\\/\"]}]}<\/script>\n<!-- \/ Yoast SEO plugin. -->","yoast_head_json":{"title":"Pistola italiana Lorenzoni 3 ca\u00f1ones - Venta de armas antiguas | RMC","description":"Magn\u00edfica pistola italiana Lorenzoni 1680 de 3 ca\u00f1ones al mejor precio - En metal - Mecanismo funcional - Simulaci\u00f3n de tiro - Culata ABS - 29 cm","robots":{"index":"index","follow":"follow","max-snippet":"max-snippet:-1","max-image-preview":"max-image-preview:large","max-video-preview":"max-video-preview:-1"},"canonical":"https:\/\/repliquemangacine.fr\/es\/replica-de-armas-1er-imperio\/pistola-italiana-de-3-canones-lorenzoni-1680\/","og_locale":"es_ES","og_type":"article","og_title":"Pistolet Italien Lorenzoni 3 canons - Vente d'arme anciennes | RMC","og_description":"Superbe ce Pistolet Italien Lorenzoni 3 canons 1680 au meilleur prix - En m\u00e9tal - M\u00e9canisme fonctionnel - Simulation de tirs - Crosse ABS - 29 cm","og_url":"https:\/\/repliquemangacine.fr\/es\/replica-de-armas-1er-imperio\/pistola-italiana-de-3-canones-lorenzoni-1680\/","og_site_name":"R\u00e9plique Manga Cin\u00e9","article_publisher":"https:\/\/www.facebook.com\/RepliqueMangaCine","article_modified_time":"2026-02-28T13:38:51+00:00","og_image":[{"width":800,"height":800,"url":"https:\/\/repliquemangacine.fr\/wp-content\/uploads\/2023\/10\/848-replique-Pistolet-Italien-3-canons-Lorenzoni-1680.jpg","type":"image\/jpeg"}],"twitter_card":"summary_large_image","twitter_misc":{"Tiempo de lectura":"2 minutos"},"schema":{"@context":"https:\/\/schema.org","@graph":[{"@type":"WebPage","@id":"https:\/\/repliquemangacine.fr\/replique-d-armes-1er-empire\/pistolet-italien-3-canons-lorenzoni-1680\/","url":"https:\/\/repliquemangacine.fr\/replique-d-armes-1er-empire\/pistolet-italien-3-canons-lorenzoni-1680\/","name":"Pistola italiana Lorenzoni 3 ca\u00f1ones - Venta de armas antiguas | RMC","isPartOf":{"@id":"https:\/\/repliquemangacine.fr\/#website"},"primaryImageOfPage":{"@id":"https:\/\/repliquemangacine.fr\/replique-d-armes-1er-empire\/pistolet-italien-3-canons-lorenzoni-1680\/#primaryimage"},"image":{"@id":"https:\/\/repliquemangacine.fr\/replique-d-armes-1er-empire\/pistolet-italien-3-canons-lorenzoni-1680\/#primaryimage"},"thumbnailUrl":"https:\/\/repliquemangacine.fr\/wp-content\/uploads\/2023\/10\/848-replique-Pistolet-Italien-3-canons-Lorenzoni-1680.jpg","datePublished":"2016-11-09T18:12:46+00:00","dateModified":"2026-02-28T13:38:51+00:00","description":"Magn\u00edfica pistola italiana Lorenzoni 1680 de 3 ca\u00f1ones al mejor precio - En metal - Mecanismo funcional - Simulaci\u00f3n de tiro - Culata ABS - 29 cm","breadcrumb":{"@id":"https:\/\/repliquemangacine.fr\/replique-d-armes-1er-empire\/pistolet-italien-3-canons-lorenzoni-1680\/#breadcrumb"},"inLanguage":"es","potentialAction":[{"@type":"ReadAction","target":["https:\/\/repliquemangacine.fr\/replique-d-armes-1er-empire\/pistolet-italien-3-canons-lorenzoni-1680\/"]}]},{"@type":"ImageObject","inLanguage":"es","@id":"https:\/\/repliquemangacine.fr\/replique-d-armes-1er-empire\/pistolet-italien-3-canons-lorenzoni-1680\/#primaryimage","url":"https:\/\/repliquemangacine.fr\/wp-content\/uploads\/2023\/10\/848-replique-Pistolet-Italien-3-canons-Lorenzoni-1680.jpg","contentUrl":"https:\/\/repliquemangacine.fr\/wp-content\/uploads\/2023\/10\/848-replique-Pistolet-Italien-3-canons-Lorenzoni-1680.jpg","width":800,"height":800,"caption":"r\u00e9plique Pistolet Italien 3 canons - Lorenzoni 1680"},{"@type":"BreadcrumbList","@id":"https:\/\/repliquemangacine.fr\/replique-d-armes-1er-empire\/pistolet-italien-3-canons-lorenzoni-1680\/#breadcrumb","itemListElement":[{"@type":"ListItem","position":1,"name":"Accueil","item":"https:\/\/repliquemangacine.fr\/"},{"@type":"ListItem","position":2,"name":"Produits","item":"https:\/\/repliquemangacine.fr\/boutique\/"},{"@type":"ListItem","position":3,"name":"Pistolet Italien Lorenzoni 3 canons 1680"}]},{"@type":"WebSite","@id":"https:\/\/repliquemangacine.fr\/#website","url":"https:\/\/repliquemangacine.fr\/","name":"R\u00e9plique Manga Cin\u00e9","description":"","publisher":{"@id":"https:\/\/repliquemangacine.fr\/#organization"},"potentialAction":[{"@type":"SearchAction","target":{"@type":"EntryPoint","urlTemplate":"https:\/\/repliquemangacine.fr\/?s={search_term_string}"},"query-input":{"@type":"PropertyValueSpecification","valueRequired":true,"valueName":"search_term_string"}}],"inLanguage":"es"},{"@type":"Organization","@id":"https:\/\/repliquemangacine.fr\/#organization","name":"R\u00e9plique Manga Cin\u00e9","url":"https:\/\/repliquemangacine.fr\/","logo":{"@type":"ImageObject","inLanguage":"es","@id":"https:\/\/repliquemangacine.fr\/#\/schema\/logo\/image\/","url":"https:\/\/repliquemangacine.fr\/wp-content\/uploads\/2023\/10\/RMC-500250.png","contentUrl":"https:\/\/repliquemangacine.fr\/wp-content\/uploads\/2023\/10\/RMC-500250.png","width":500,"height":250,"caption":"R\u00e9plique Manga Cin\u00e9"},"image":{"@id":"https:\/\/repliquemangacine.fr\/#\/schema\/logo\/image\/"},"sameAs":["https:\/\/www.facebook.com\/RepliqueMangaCine","https:\/\/www.instagram.com\/repliquemangacine.fr\/"]}]}},"_links":{"self":[{"href":"https:\/\/repliquemangacine.fr\/es\/wp-json\/wp\/v2\/product\/26141","targetHints":{"allow":["GET"]}}],"collection":[{"href":"https:\/\/repliquemangacine.fr\/es\/wp-json\/wp\/v2\/product"}],"about":[{"href":"https:\/\/repliquemangacine.fr\/es\/wp-json\/wp\/v2\/types\/product"}],"wp:featuredmedia":[{"embeddable":true,"href":"https:\/\/repliquemangacine.fr\/es\/wp-json\/wp\/v2\/media\/26142"}],"wp:attachment":[{"href":"https:\/\/repliquemangacine.fr\/es\/wp-json\/wp\/v2\/media?parent=26141"}],"wp:term":[{"taxonomy":"product_brand","embeddable":true,"href":"https:\/\/repliquemangacine.fr\/es\/wp-json\/wp\/v2\/product_brand?post=26141"},{"taxonomy":"product_cat","embeddable":true,"href":"https:\/\/repliquemangacine.fr\/es\/wp-json\/wp\/v2\/product_cat?post=26141"},{"taxonomy":"product_tag","embeddable":true,"href":"https:\/\/repliquemangacine.fr\/es\/wp-json\/wp\/v2\/product_tag?post=26141"}],"curies":[{"name":"wp","href":"https:\/\/api.w.org\/{rel}","templated":true}]}}