





{"id":26124,"date":"2016-11-09T14:47:52","date_gmt":"2016-11-09T13:47:52","guid":{"rendered":"https:\/\/repliquemangacine.fr\/?post_type=product&#038;p=26124"},"modified":"2026-04-28T22:03:52","modified_gmt":"2026-04-28T20:03:52","slug":"pistola-napoleon-gribeauval-1806","status":"publish","type":"product","link":"https:\/\/repliquemangacine.fr\/es\/pistolet-ancien\/pistolet-napoleon-gribeauval-1806\/","title":{"rendered":"Pistola Napole\u00f3n Gribeauval 1806"},"content":{"rendered":"<h2>Pistola Napole\u00f3n Gribeauval 1806 - Denix.<\/h2>\n<p>Para empezar, el <strong>Pistola Napole\u00f3n Gribeauval 1806<\/strong>Fabricado en Saint-Etienne por Jean-Baptiste Gribeauval. Oficial e ingeniero, reform\u00f3 la artiller\u00eda de campa\u00f1a francesa. La reorganizaci\u00f3n de Gribeauval explica en parte el \u00e9xito de los ej\u00e9rcitos revolucionario y napole\u00f3nico.<\/p>\n<p>Napole\u00f3n Bonaparte se hizo r\u00e1pidamente popular por su genio militar y sus dotes como general. Adem\u00e1s, en la batalla, su valor le vali\u00f3 la adoraci\u00f3n de los grognards. Siempre en primera l\u00ednea y exponi\u00e9ndose voluntariamente al fuego enemigo, arriesg\u00f3 su vida en varias ocasiones.<\/p>\n<p>En conclusi\u00f3n, la pistola de pedernal sigui\u00f3 siendo la pistola m\u00e1s utilizada en toda Europa y fuera de ella durante m\u00e1s de 200 a\u00f1os. Fue muy utilizada por los ej\u00e9rcitos, especialmente durante la \u00e9poca napole\u00f3nica. De hecho, fue muy solicitada para las recreaciones hist\u00f3ricas de esa \u00e9poca y para todas las batallas del siglo XVIII.<\/p>\n<h2>Su pistola Napoleon Gribeauval 1806 al mejor precio.<\/h2>\n<p>Ofrecemos una amplia gama de r\u00e9plicas de armas Denix.<\/p>\n<p>Lo primero y m\u00e1s importante,<\/p>\n<ul>\n<li>Le <a href=\"https:\/\/repliquemangacine.fr\/es\/replica-de-armas-1er-imperio\/pistola-napoleon-zurda\/\">Pistola Napole\u00f3n<\/a> zurda, con emblema en la culata.<\/li>\n<li>Tambi\u00e9n est\u00e1 el <a href=\"https:\/\/repliquemangacine.fr\/es\/pistola-antigua\/pistola-de-duelo-inglesa-del-siglo-xviii\/\">Pistola de duelo inglesa<\/a><\/li>\n<li>Y muchos m\u00e1s por descubrir en nuestra tienda en l\u00ednea.<\/li>\n<\/ul>\n<p>Por eso hemos ideado algunas magn\u00edficas ideas de regalo para todos los entusiastas de las armas de \u00e9poca.<\/p>\n<p>En conclusi\u00f3n, puede utilizar el <strong>Pistola Napole\u00f3n Gribeauval 1806<\/strong> para sus recreaciones hist\u00f3ricas. Pero, sobre todo, es una pieza de coleccionista y una pieza decorativa.<\/p>\n<p>R\u00e9plique Manga Cin\u00e9 es una empresa familiar francesa y distribuidor oficial de <a href=\"https:\/\/www.denix.fr\/fr\/catalogue\/armes-historiques-s-xvi-xix\/pistolets\/1063\/\" target=\"_blank\" rel=\"noopener noreferrer\">Denix<\/a>.<\/p>\n<h2>\u00bfC\u00f3mo se fabrican las r\u00e9plicas de armas Denix?<\/h2>\n<p>Utilizadas en recreaciones hist\u00f3ricas, pel\u00edculas, series y por coleccionistas. Las reproducciones Denix est\u00e1n fabricadas con materiales de alta calidad. Cuidadosamente elaboradas y ensambladas para crear armas de colecci\u00f3n realistas.<\/p>\n<p>Los metales se encuentran en una aleaci\u00f3n met\u00e1lica conocida como Zamac, cuya composici\u00f3n b\u00e1sica es zinc en 95%.<br \/>\nLas piezas de pl\u00e1stico de las r\u00e9plicas son de ABS moldeado, que ofrece una gran resistencia.<br \/>\nLas maderas elegidas por su belleza y durabilidad, como la caoba, el olivo o el nogal, dar\u00e1n a sus culatas y barricas un aspecto elegante y aut\u00e9ntico.<\/p>\n<p>Cabe se\u00f1alar que todas las reproducciones Denix son id\u00e9nticas a los originales, como su <strong>Pistola Napole\u00f3n Gribeauval 1806<\/strong>.<\/p>","protected":false},"excerpt":{"rendered":"<p>Reproducci\u00f3n de la pistola Napole\u00f3n 1806.<\/p>\n<ul>\n<li>Culata de madera maciza con emblema N.<\/li>\n<li>Mecanismo y ca\u00f1\u00f3n de Zamac.<\/li>\n<li>Gorra con emblema de \u00e1guila.<\/li>\n<li>Guardamontes oscilante.<\/li>\n<li>Armas arriba y golpes<strong>.<\/strong><\/li>\n<li>No apto para disparar.<\/li>\n<li>No se requiere autorizaci\u00f3n. Venta y posesi\u00f3n libres.<\/li>\n<li>Longitud: 35 cm - Peso 749 grs<\/li>\n<\/ul>","protected":false},"featured_media":26125,"template":"","meta":[],"product_brand":[896],"product_cat":[25,52,37,28],"product_tag":[],"class_list":{"0":"post-26124","1":"product","2":"type-product","3":"status-publish","4":"has-post-thumbnail","6":"product_brand-replique-manga-cine","7":"product_cat-armes-historiques","8":"product_cat-pistolet-ancien","9":"product_cat-premier-empire","10":"product_cat-repliques-darmes","12":"first","13":"instock","14":"sale","15":"taxable","16":"shipping-taxable","17":"purchasable","18":"product-type-simple"},"yoast_head":"<!-- This site is optimized with the Yoast SEO plugin v27.5 - https:\/\/yoast.com\/product\/yoast-seo-wordpress\/ -->\n<title>Pistolet Napol\u00e9on Gribeauval 1806 - Vente r\u00e9plique Denix | RMC<\/title>\n<meta name=\"description\" content=\"Offrez-vous le Pistolet Napol\u00e9on Gribeauval 1806 au meilleur prix - Crosse en bois massif et embl\u00e8mes - M\u00e9canisme fonctionnel - Longueur totale : 35 cm\" \/>\n<meta name=\"robots\" content=\"index, follow, max-snippet:-1, max-image-preview:large, max-video-preview:-1\" \/>\n<link rel=\"canonical\" href=\"https:\/\/repliquemangacine.fr\/es\/pistola-antigua\/pistola-napoleon-gribeauval-1806\/\" \/>\n<meta property=\"og:locale\" content=\"es_ES\" \/>\n<meta property=\"og:type\" content=\"article\" \/>\n<meta property=\"og:title\" content=\"Pistolet Napol\u00e9on Gribeauval 1806 - Vente r\u00e9plique Denix | RMC\" \/>\n<meta property=\"og:description\" content=\"Offrez-vous le Pistolet Napol\u00e9on Gribeauval 1806 au meilleur prix - Crosse en bois massif et embl\u00e8mes - M\u00e9canisme fonctionnel - Longueur totale : 35 cm\" \/>\n<meta property=\"og:url\" content=\"https:\/\/repliquemangacine.fr\/es\/pistola-antigua\/pistola-napoleon-gribeauval-1806\/\" \/>\n<meta property=\"og:site_name\" content=\"R\u00e9plique Manga Cin\u00e9\" \/>\n<meta property=\"article:publisher\" content=\"https:\/\/www.facebook.com\/RepliqueMangaCine\" \/>\n<meta property=\"article:modified_time\" content=\"2026-04-28T20:03:52+00:00\" \/>\n<meta property=\"og:image\" content=\"https:\/\/repliquemangacine.fr\/wp-content\/uploads\/2023\/10\/832-Pistolet-Napoleon-Gribeauval-1806.jpg\" \/>\n\t<meta property=\"og:image:width\" content=\"800\" \/>\n\t<meta property=\"og:image:height\" content=\"800\" \/>\n\t<meta property=\"og:image:type\" content=\"image\/jpeg\" \/>\n<meta name=\"twitter:card\" content=\"summary_large_image\" \/>\n<meta name=\"twitter:label1\" content=\"Tiempo de lectura\" \/>\n\t<meta name=\"twitter:data1\" content=\"2 minutos\" \/>\n<script type=\"application\/ld+json\" class=\"yoast-schema-graph\">{\"@context\":\"https:\\\/\\\/schema.org\",\"@graph\":[{\"@type\":\"WebPage\",\"@id\":\"https:\\\/\\\/repliquemangacine.fr\\\/pistolet-ancien\\\/pistolet-napoleon-gribeauval-1806\\\/\",\"url\":\"https:\\\/\\\/repliquemangacine.fr\\\/pistolet-ancien\\\/pistolet-napoleon-gribeauval-1806\\\/\",\"name\":\"Pistolet Napol\u00e9on Gribeauval 1806 - Vente r\u00e9plique Denix | RMC\",\"isPartOf\":{\"@id\":\"https:\\\/\\\/repliquemangacine.fr\\\/#website\"},\"primaryImageOfPage\":{\"@id\":\"https:\\\/\\\/repliquemangacine.fr\\\/pistolet-ancien\\\/pistolet-napoleon-gribeauval-1806\\\/#primaryimage\"},\"image\":{\"@id\":\"https:\\\/\\\/repliquemangacine.fr\\\/pistolet-ancien\\\/pistolet-napoleon-gribeauval-1806\\\/#primaryimage\"},\"thumbnailUrl\":\"https:\\\/\\\/repliquemangacine.fr\\\/wp-content\\\/uploads\\\/2023\\\/10\\\/832-Pistolet-Napoleon-Gribeauval-1806.jpg\",\"datePublished\":\"2016-11-09T13:47:52+00:00\",\"dateModified\":\"2026-04-28T20:03:52+00:00\",\"description\":\"Offrez-vous le Pistolet Napol\u00e9on Gribeauval 1806 au meilleur prix - Crosse en bois massif et embl\u00e8mes - M\u00e9canisme fonctionnel - Longueur totale : 35 cm\",\"breadcrumb\":{\"@id\":\"https:\\\/\\\/repliquemangacine.fr\\\/pistolet-ancien\\\/pistolet-napoleon-gribeauval-1806\\\/#breadcrumb\"},\"inLanguage\":\"es\",\"potentialAction\":[{\"@type\":\"ReadAction\",\"target\":[\"https:\\\/\\\/repliquemangacine.fr\\\/pistolet-ancien\\\/pistolet-napoleon-gribeauval-1806\\\/\"]}]},{\"@type\":\"ImageObject\",\"inLanguage\":\"es\",\"@id\":\"https:\\\/\\\/repliquemangacine.fr\\\/pistolet-ancien\\\/pistolet-napoleon-gribeauval-1806\\\/#primaryimage\",\"url\":\"https:\\\/\\\/repliquemangacine.fr\\\/wp-content\\\/uploads\\\/2023\\\/10\\\/832-Pistolet-Napoleon-Gribeauval-1806.jpg\",\"contentUrl\":\"https:\\\/\\\/repliquemangacine.fr\\\/wp-content\\\/uploads\\\/2023\\\/10\\\/832-Pistolet-Napoleon-Gribeauval-1806.jpg\",\"width\":800,\"height\":800,\"caption\":\"Pistolet Napol\u00e9on - Gribeauval 1806\"},{\"@type\":\"BreadcrumbList\",\"@id\":\"https:\\\/\\\/repliquemangacine.fr\\\/pistolet-ancien\\\/pistolet-napoleon-gribeauval-1806\\\/#breadcrumb\",\"itemListElement\":[{\"@type\":\"ListItem\",\"position\":1,\"name\":\"Accueil\",\"item\":\"https:\\\/\\\/repliquemangacine.fr\\\/\"},{\"@type\":\"ListItem\",\"position\":2,\"name\":\"Produits\",\"item\":\"https:\\\/\\\/repliquemangacine.fr\\\/boutique\\\/\"},{\"@type\":\"ListItem\",\"position\":3,\"name\":\"Pistolet Napol\u00e9on Gribeauval 1806\"}]},{\"@type\":\"WebSite\",\"@id\":\"https:\\\/\\\/repliquemangacine.fr\\\/#website\",\"url\":\"https:\\\/\\\/repliquemangacine.fr\\\/\",\"name\":\"R\u00e9plique Manga Cin\u00e9\",\"description\":\"\",\"publisher\":{\"@id\":\"https:\\\/\\\/repliquemangacine.fr\\\/#organization\"},\"potentialAction\":[{\"@type\":\"SearchAction\",\"target\":{\"@type\":\"EntryPoint\",\"urlTemplate\":\"https:\\\/\\\/repliquemangacine.fr\\\/?s={search_term_string}\"},\"query-input\":{\"@type\":\"PropertyValueSpecification\",\"valueRequired\":true,\"valueName\":\"search_term_string\"}}],\"inLanguage\":\"es\"},{\"@type\":\"Organization\",\"@id\":\"https:\\\/\\\/repliquemangacine.fr\\\/#organization\",\"name\":\"R\u00e9plique Manga Cin\u00e9\",\"url\":\"https:\\\/\\\/repliquemangacine.fr\\\/\",\"logo\":{\"@type\":\"ImageObject\",\"inLanguage\":\"es\",\"@id\":\"https:\\\/\\\/repliquemangacine.fr\\\/#\\\/schema\\\/logo\\\/image\\\/\",\"url\":\"https:\\\/\\\/repliquemangacine.fr\\\/wp-content\\\/uploads\\\/2023\\\/10\\\/RMC-500250.png\",\"contentUrl\":\"https:\\\/\\\/repliquemangacine.fr\\\/wp-content\\\/uploads\\\/2023\\\/10\\\/RMC-500250.png\",\"width\":500,\"height\":250,\"caption\":\"R\u00e9plique Manga Cin\u00e9\"},\"image\":{\"@id\":\"https:\\\/\\\/repliquemangacine.fr\\\/#\\\/schema\\\/logo\\\/image\\\/\"},\"sameAs\":[\"https:\\\/\\\/www.facebook.com\\\/RepliqueMangaCine\",\"https:\\\/\\\/www.instagram.com\\\/repliquemangacine.fr\\\/\"]}]}<\/script>\n<!-- \/ Yoast SEO plugin. -->","yoast_head_json":{"title":"Pistola Napole\u00f3n Gribeauval 1806 - Denix r\u00e9plica venta | RMC","description":"Reg\u00e1lese la Pistola Napole\u00f3n Gribeauval 1806 al mejor precio - Culata y emblemas de madera maciza - Mecanismo funcional - Longitud total: 35 cm","robots":{"index":"index","follow":"follow","max-snippet":"max-snippet:-1","max-image-preview":"max-image-preview:large","max-video-preview":"max-video-preview:-1"},"canonical":"https:\/\/repliquemangacine.fr\/es\/pistola-antigua\/pistola-napoleon-gribeauval-1806\/","og_locale":"es_ES","og_type":"article","og_title":"Pistolet Napol\u00e9on Gribeauval 1806 - Vente r\u00e9plique Denix | RMC","og_description":"Offrez-vous le Pistolet Napol\u00e9on Gribeauval 1806 au meilleur prix - Crosse en bois massif et embl\u00e8mes - M\u00e9canisme fonctionnel - Longueur totale : 35 cm","og_url":"https:\/\/repliquemangacine.fr\/es\/pistola-antigua\/pistola-napoleon-gribeauval-1806\/","og_site_name":"R\u00e9plique Manga Cin\u00e9","article_publisher":"https:\/\/www.facebook.com\/RepliqueMangaCine","article_modified_time":"2026-04-28T20:03:52+00:00","og_image":[{"width":800,"height":800,"url":"https:\/\/repliquemangacine.fr\/wp-content\/uploads\/2023\/10\/832-Pistolet-Napoleon-Gribeauval-1806.jpg","type":"image\/jpeg"}],"twitter_card":"summary_large_image","twitter_misc":{"Tiempo de lectura":"2 minutos"},"schema":{"@context":"https:\/\/schema.org","@graph":[{"@type":"WebPage","@id":"https:\/\/repliquemangacine.fr\/pistolet-ancien\/pistolet-napoleon-gribeauval-1806\/","url":"https:\/\/repliquemangacine.fr\/pistolet-ancien\/pistolet-napoleon-gribeauval-1806\/","name":"Pistola Napole\u00f3n Gribeauval 1806 - Denix r\u00e9plica venta | RMC","isPartOf":{"@id":"https:\/\/repliquemangacine.fr\/#website"},"primaryImageOfPage":{"@id":"https:\/\/repliquemangacine.fr\/pistolet-ancien\/pistolet-napoleon-gribeauval-1806\/#primaryimage"},"image":{"@id":"https:\/\/repliquemangacine.fr\/pistolet-ancien\/pistolet-napoleon-gribeauval-1806\/#primaryimage"},"thumbnailUrl":"https:\/\/repliquemangacine.fr\/wp-content\/uploads\/2023\/10\/832-Pistolet-Napoleon-Gribeauval-1806.jpg","datePublished":"2016-11-09T13:47:52+00:00","dateModified":"2026-04-28T20:03:52+00:00","description":"Reg\u00e1lese la Pistola Napole\u00f3n Gribeauval 1806 al mejor precio - Culata y emblemas de madera maciza - Mecanismo funcional - Longitud total: 35 cm","breadcrumb":{"@id":"https:\/\/repliquemangacine.fr\/pistolet-ancien\/pistolet-napoleon-gribeauval-1806\/#breadcrumb"},"inLanguage":"es","potentialAction":[{"@type":"ReadAction","target":["https:\/\/repliquemangacine.fr\/pistolet-ancien\/pistolet-napoleon-gribeauval-1806\/"]}]},{"@type":"ImageObject","inLanguage":"es","@id":"https:\/\/repliquemangacine.fr\/pistolet-ancien\/pistolet-napoleon-gribeauval-1806\/#primaryimage","url":"https:\/\/repliquemangacine.fr\/wp-content\/uploads\/2023\/10\/832-Pistolet-Napoleon-Gribeauval-1806.jpg","contentUrl":"https:\/\/repliquemangacine.fr\/wp-content\/uploads\/2023\/10\/832-Pistolet-Napoleon-Gribeauval-1806.jpg","width":800,"height":800,"caption":"Pistolet Napol\u00e9on - Gribeauval 1806"},{"@type":"BreadcrumbList","@id":"https:\/\/repliquemangacine.fr\/pistolet-ancien\/pistolet-napoleon-gribeauval-1806\/#breadcrumb","itemListElement":[{"@type":"ListItem","position":1,"name":"Accueil","item":"https:\/\/repliquemangacine.fr\/"},{"@type":"ListItem","position":2,"name":"Produits","item":"https:\/\/repliquemangacine.fr\/boutique\/"},{"@type":"ListItem","position":3,"name":"Pistolet Napol\u00e9on Gribeauval 1806"}]},{"@type":"WebSite","@id":"https:\/\/repliquemangacine.fr\/#website","url":"https:\/\/repliquemangacine.fr\/","name":"R\u00e9plique Manga Cin\u00e9","description":"","publisher":{"@id":"https:\/\/repliquemangacine.fr\/#organization"},"potentialAction":[{"@type":"SearchAction","target":{"@type":"EntryPoint","urlTemplate":"https:\/\/repliquemangacine.fr\/?s={search_term_string}"},"query-input":{"@type":"PropertyValueSpecification","valueRequired":true,"valueName":"search_term_string"}}],"inLanguage":"es"},{"@type":"Organization","@id":"https:\/\/repliquemangacine.fr\/#organization","name":"R\u00e9plique Manga Cin\u00e9","url":"https:\/\/repliquemangacine.fr\/","logo":{"@type":"ImageObject","inLanguage":"es","@id":"https:\/\/repliquemangacine.fr\/#\/schema\/logo\/image\/","url":"https:\/\/repliquemangacine.fr\/wp-content\/uploads\/2023\/10\/RMC-500250.png","contentUrl":"https:\/\/repliquemangacine.fr\/wp-content\/uploads\/2023\/10\/RMC-500250.png","width":500,"height":250,"caption":"R\u00e9plique Manga Cin\u00e9"},"image":{"@id":"https:\/\/repliquemangacine.fr\/#\/schema\/logo\/image\/"},"sameAs":["https:\/\/www.facebook.com\/RepliqueMangaCine","https:\/\/www.instagram.com\/repliquemangacine.fr\/"]}]}},"_links":{"self":[{"href":"https:\/\/repliquemangacine.fr\/es\/wp-json\/wp\/v2\/product\/26124","targetHints":{"allow":["GET"]}}],"collection":[{"href":"https:\/\/repliquemangacine.fr\/es\/wp-json\/wp\/v2\/product"}],"about":[{"href":"https:\/\/repliquemangacine.fr\/es\/wp-json\/wp\/v2\/types\/product"}],"wp:featuredmedia":[{"embeddable":true,"href":"https:\/\/repliquemangacine.fr\/es\/wp-json\/wp\/v2\/media\/26125"}],"wp:attachment":[{"href":"https:\/\/repliquemangacine.fr\/es\/wp-json\/wp\/v2\/media?parent=26124"}],"wp:term":[{"taxonomy":"product_brand","embeddable":true,"href":"https:\/\/repliquemangacine.fr\/es\/wp-json\/wp\/v2\/product_brand?post=26124"},{"taxonomy":"product_cat","embeddable":true,"href":"https:\/\/repliquemangacine.fr\/es\/wp-json\/wp\/v2\/product_cat?post=26124"},{"taxonomy":"product_tag","embeddable":true,"href":"https:\/\/repliquemangacine.fr\/es\/wp-json\/wp\/v2\/product_tag?post=26124"}],"curies":[{"name":"wp","href":"https:\/\/api.w.org\/{rel}","templated":true}]}}