





{"id":26116,"date":"2016-11-09T11:43:03","date_gmt":"2016-11-09T10:43:03","guid":{"rendered":"https:\/\/repliquemangacine.fr\/?post_type=product&#038;p=26116"},"modified":"2026-04-14T11:10:14","modified_gmt":"2026-04-14T09:10:14","slug":"pistola-pirata-del-siglo-xviii-2","status":"publish","type":"product","link":"https:\/\/repliquemangacine.fr\/es\/pistolet-pirate\/pistolet-pirate-spark-gun-18eme-siecle\/","title":{"rendered":"18\u1d49 Pistola pirata Century Spark Gun"},"content":{"rendered":"<h2>Pistola de chispa pirata siglo 18\u1d49.<\/h2>\n<p>Para empezar, el <strong>Pistola de chispa pirata<\/strong>, es una de las armas de fuego m\u00e1s utilizadas por los piratas en el siglo XVIII.<\/p>\n<p>Las armas de chispa ten\u00edan un pedernal o piedra de s\u00edlex que, al ser accionada por el martillo, produc\u00eda la chispa que encend\u00eda la p\u00f3lvora. Todas estas armas requer\u00edan la recarga manual de su munici\u00f3n despu\u00e9s de cada disparo.<\/p>\n<p>Por lo general, se utilizaban para un solo disparo, ya que el m\u00e9todo de recarga era muy lento y normalmente no hab\u00eda tiempo para recargar. Por lo tanto, tras disparar, los combatientes se ve\u00edan obligados a sacar sus sables o espadas.<\/p>\n<h2>Tu pistola pirata Spark Gun al mejor precio.<\/h2>\n<p>Ofrecemos una amplia gama de r\u00e9plicas de armas Denix.<\/p>\n<p>Lo primero y m\u00e1s importante,<\/p>\n<ul>\n<li>Le <a href=\"https:\/\/repliquemangacine.fr\/es\/pistola-antigua\/pistola-kentucky-19th-usa\/\">Pistola de chispas de Kentucky,<\/a> el arma cl\u00e1sica de los primeros exploradores del Oeste americano.<\/li>\n<li>Tambi\u00e9n est\u00e1 la pistola de pedernal <a href=\"https:\/\/repliquemangacine.fr\/es\/pistola-antigua\/pistola-napoleon-gribeauval-1806\/\">Napole\u00f3n Gribeauval<\/a> 1806.<\/li>\n<li>Y muchos m\u00e1s por descubrir en nuestra tienda en l\u00ednea.<\/li>\n<\/ul>\n<p>Por eso hemos ideado algunas magn\u00edficas ideas de regalo para todos los entusiastas de las armas de \u00e9poca.<\/p>\n<p>En conclusi\u00f3n, puede utilizar el <strong>Pistola de chispa pirata<\/strong> para sus recreaciones hist\u00f3ricas. Pero, sobre todo, es una pieza de coleccionista y una pieza decorativa.<\/p>\n<p>R\u00e9plique Manga Cin\u00e9 es una empresa familiar francesa y distribuidor oficial de <a href=\"https:\/\/www.denix.fr\/fr\/catalogue\/colonial-et-pirate-1492-s-xviii\/pistolets\/1012\/\" target=\"_blank\" rel=\"noopener noreferrer\">Denix<\/a>.<\/p>\n<h2>\u00bfC\u00f3mo se fabrican las r\u00e9plicas de armas Denix?<\/h2>\n<p>Utilizadas en recreaciones hist\u00f3ricas, pel\u00edculas, series y por coleccionistas. Las reproducciones Denix est\u00e1n fabricadas con materiales de alta calidad. Cuidadosamente elaboradas y ensambladas para crear armas de colecci\u00f3n realistas.<\/p>\n<ul>\n<li>Los metales se encuentran en una aleaci\u00f3n met\u00e1lica conocida como Zamac, cuya composici\u00f3n b\u00e1sica es zinc en 95%.<\/li>\n<li>Las piezas de pl\u00e1stico de las r\u00e9plicas son de ABS moldeado, que ofrece una gran resistencia.<\/li>\n<li>Las maderas elegidas por su belleza y durabilidad, como la caoba, el olivo o el nogal, dar\u00e1n a sus culatas y barricas un aspecto elegante y aut\u00e9ntico.<\/li>\n<\/ul>\n<p>Cabe se\u00f1alar que todas las reproducciones Denix son id\u00e9nticas a los originales, como su <strong>Pistola de chispa pirata<\/strong>.<\/p>","protected":false},"excerpt":{"rendered":"<p>Reproducci\u00f3n de la pistola pirata inspirada en el modelo original.<\/p>\n<ul>\n<li>Culata y ca\u00f1\u00f3n de madera maciza.<\/li>\n<li>Mecanismo y ca\u00f1\u00f3n de Zamac.<\/li>\n<li>Pistolas y golpes como los de verdad, pero es <strong>totalmente incapaz de disparar<\/strong>.<\/li>\n<li>No se requiere autorizaci\u00f3n. Venta y posesi\u00f3n libres.<\/li>\n<li>Longitud: 35 cm - Peso: 630 grs<\/li>\n<\/ul>","protected":false},"featured_media":26117,"template":"","meta":[],"product_brand":[896],"product_cat":[49,25,52,114,37,83],"product_tag":[],"class_list":{"0":"post-26116","1":"product","2":"type-product","3":"status-publish","4":"has-post-thumbnail","6":"product_brand-replique-manga-cine","7":"product_cat-armes-de-pirates","8":"product_cat-armes-historiques","9":"product_cat-pistolet-ancien","10":"product_cat-pistolet-pirate","11":"product_cat-premier-empire","12":"product_cat-replique-d-armes-1er-empire","14":"first","15":"instock","16":"sale","17":"taxable","18":"shipping-taxable","19":"purchasable","20":"product-type-simple"},"yoast_head":"<!-- This site is optimized with the Yoast SEO plugin v27.4 - https:\/\/yoast.com\/product\/yoast-seo-wordpress\/ -->\n<title>Pistolet pirate Spark Gun - Vente en ligne d&#039;armes Denix | RMC<\/title>\n<meta name=\"description\" content=\"Offrez-vous ce Pistolet pirate Spark Gun du 18\u1d49 au meilleur prix - Crosse et f\u00fbt en bois massif - M\u00e9canisme fonctionnel en zamac - Longueur : 35 cm\" \/>\n<meta name=\"robots\" content=\"index, follow, max-snippet:-1, max-image-preview:large, max-video-preview:-1\" \/>\n<link rel=\"canonical\" href=\"https:\/\/repliquemangacine.fr\/es\/pistola-pirata\/pistola-pirata-del-siglo-xviii-2\/\" \/>\n<meta property=\"og:locale\" content=\"es_ES\" \/>\n<meta property=\"og:type\" content=\"article\" \/>\n<meta property=\"og:title\" content=\"Pistolet pirate Spark Gun - Vente en ligne d&#039;armes Denix | RMC\" \/>\n<meta property=\"og:description\" content=\"Offrez-vous ce Pistolet pirate Spark Gun du 18\u1d49 au meilleur prix - Crosse et f\u00fbt en bois massif - M\u00e9canisme fonctionnel en zamac - Longueur : 35 cm\" \/>\n<meta property=\"og:url\" content=\"https:\/\/repliquemangacine.fr\/es\/pistola-pirata\/pistola-pirata-del-siglo-xviii-2\/\" \/>\n<meta property=\"og:site_name\" content=\"R\u00e9plique Manga Cin\u00e9\" \/>\n<meta property=\"article:publisher\" content=\"https:\/\/www.facebook.com\/RepliqueMangaCine\" \/>\n<meta property=\"article:modified_time\" content=\"2026-04-14T09:10:14+00:00\" \/>\n<meta property=\"og:image\" content=\"https:\/\/repliquemangacine.fr\/wp-content\/uploads\/2023\/10\/824-Pistolet-Pirate-des-caraibes-18eme-Siecle.jpg\" \/>\n\t<meta property=\"og:image:width\" content=\"800\" \/>\n\t<meta property=\"og:image:height\" content=\"800\" \/>\n\t<meta property=\"og:image:type\" content=\"image\/jpeg\" \/>\n<meta name=\"twitter:card\" content=\"summary_large_image\" \/>\n<meta name=\"twitter:label1\" content=\"Tiempo de lectura\" \/>\n\t<meta name=\"twitter:data1\" content=\"2 minutos\" \/>\n<script type=\"application\/ld+json\" class=\"yoast-schema-graph\">{\"@context\":\"https:\\\/\\\/schema.org\",\"@graph\":[{\"@type\":\"WebPage\",\"@id\":\"https:\\\/\\\/repliquemangacine.fr\\\/pistolet-pirate\\\/pistolet-pirate-spark-gun-18eme-siecle\\\/\",\"url\":\"https:\\\/\\\/repliquemangacine.fr\\\/pistolet-pirate\\\/pistolet-pirate-spark-gun-18eme-siecle\\\/\",\"name\":\"Pistolet pirate Spark Gun - Vente en ligne d'armes Denix | RMC\",\"isPartOf\":{\"@id\":\"https:\\\/\\\/repliquemangacine.fr\\\/#website\"},\"primaryImageOfPage\":{\"@id\":\"https:\\\/\\\/repliquemangacine.fr\\\/pistolet-pirate\\\/pistolet-pirate-spark-gun-18eme-siecle\\\/#primaryimage\"},\"image\":{\"@id\":\"https:\\\/\\\/repliquemangacine.fr\\\/pistolet-pirate\\\/pistolet-pirate-spark-gun-18eme-siecle\\\/#primaryimage\"},\"thumbnailUrl\":\"https:\\\/\\\/repliquemangacine.fr\\\/wp-content\\\/uploads\\\/2023\\\/10\\\/824-Pistolet-Pirate-des-caraibes-18eme-Siecle.jpg\",\"datePublished\":\"2016-11-09T10:43:03+00:00\",\"dateModified\":\"2026-04-14T09:10:14+00:00\",\"description\":\"Offrez-vous ce Pistolet pirate Spark Gun du 18\u1d49 au meilleur prix - Crosse et f\u00fbt en bois massif - M\u00e9canisme fonctionnel en zamac - Longueur : 35 cm\",\"breadcrumb\":{\"@id\":\"https:\\\/\\\/repliquemangacine.fr\\\/pistolet-pirate\\\/pistolet-pirate-spark-gun-18eme-siecle\\\/#breadcrumb\"},\"inLanguage\":\"es\",\"potentialAction\":[{\"@type\":\"ReadAction\",\"target\":[\"https:\\\/\\\/repliquemangacine.fr\\\/pistolet-pirate\\\/pistolet-pirate-spark-gun-18eme-siecle\\\/\"]}]},{\"@type\":\"ImageObject\",\"inLanguage\":\"es\",\"@id\":\"https:\\\/\\\/repliquemangacine.fr\\\/pistolet-pirate\\\/pistolet-pirate-spark-gun-18eme-siecle\\\/#primaryimage\",\"url\":\"https:\\\/\\\/repliquemangacine.fr\\\/wp-content\\\/uploads\\\/2023\\\/10\\\/824-Pistolet-Pirate-des-caraibes-18eme-Siecle.jpg\",\"contentUrl\":\"https:\\\/\\\/repliquemangacine.fr\\\/wp-content\\\/uploads\\\/2023\\\/10\\\/824-Pistolet-Pirate-des-caraibes-18eme-Siecle.jpg\",\"width\":800,\"height\":800,\"caption\":\"Pistolet Pirate des caraibes 18\u00e8me Si\u00e8cle\"},{\"@type\":\"BreadcrumbList\",\"@id\":\"https:\\\/\\\/repliquemangacine.fr\\\/pistolet-pirate\\\/pistolet-pirate-spark-gun-18eme-siecle\\\/#breadcrumb\",\"itemListElement\":[{\"@type\":\"ListItem\",\"position\":1,\"name\":\"Accueil\",\"item\":\"https:\\\/\\\/repliquemangacine.fr\\\/\"},{\"@type\":\"ListItem\",\"position\":2,\"name\":\"Produits\",\"item\":\"https:\\\/\\\/repliquemangacine.fr\\\/boutique\\\/\"},{\"@type\":\"ListItem\",\"position\":3,\"name\":\"Pistolet pirate Spark Gun 18\u1d49 Si\u00e8cle\"}]},{\"@type\":\"WebSite\",\"@id\":\"https:\\\/\\\/repliquemangacine.fr\\\/#website\",\"url\":\"https:\\\/\\\/repliquemangacine.fr\\\/\",\"name\":\"R\u00e9plique Manga Cin\u00e9\",\"description\":\"\",\"publisher\":{\"@id\":\"https:\\\/\\\/repliquemangacine.fr\\\/#organization\"},\"potentialAction\":[{\"@type\":\"SearchAction\",\"target\":{\"@type\":\"EntryPoint\",\"urlTemplate\":\"https:\\\/\\\/repliquemangacine.fr\\\/?s={search_term_string}\"},\"query-input\":{\"@type\":\"PropertyValueSpecification\",\"valueRequired\":true,\"valueName\":\"search_term_string\"}}],\"inLanguage\":\"es\"},{\"@type\":\"Organization\",\"@id\":\"https:\\\/\\\/repliquemangacine.fr\\\/#organization\",\"name\":\"R\u00e9plique Manga Cin\u00e9\",\"url\":\"https:\\\/\\\/repliquemangacine.fr\\\/\",\"logo\":{\"@type\":\"ImageObject\",\"inLanguage\":\"es\",\"@id\":\"https:\\\/\\\/repliquemangacine.fr\\\/#\\\/schema\\\/logo\\\/image\\\/\",\"url\":\"https:\\\/\\\/repliquemangacine.fr\\\/wp-content\\\/uploads\\\/2023\\\/10\\\/RMC-500250.png\",\"contentUrl\":\"https:\\\/\\\/repliquemangacine.fr\\\/wp-content\\\/uploads\\\/2023\\\/10\\\/RMC-500250.png\",\"width\":500,\"height\":250,\"caption\":\"R\u00e9plique Manga Cin\u00e9\"},\"image\":{\"@id\":\"https:\\\/\\\/repliquemangacine.fr\\\/#\\\/schema\\\/logo\\\/image\\\/\"},\"sameAs\":[\"https:\\\/\\\/www.facebook.com\\\/RepliqueMangaCine\",\"https:\\\/\\\/www.instagram.com\\\/repliquemangacine.fr\\\/\"]}]}<\/script>\n<!-- \/ Yoast SEO plugin. -->","yoast_head_json":{"title":"Spark Gun pistola pirata - Denix armas venta online | RMC","description":"Reg\u00e1late esta pistola pirata Spark Gun 18\u1d49 al mejor precio - Culata y ca\u00f1\u00f3n de madera maciza - Mecanismo funcional de zamac - Longitud: 35 cm.","robots":{"index":"index","follow":"follow","max-snippet":"max-snippet:-1","max-image-preview":"max-image-preview:large","max-video-preview":"max-video-preview:-1"},"canonical":"https:\/\/repliquemangacine.fr\/es\/pistola-pirata\/pistola-pirata-del-siglo-xviii-2\/","og_locale":"es_ES","og_type":"article","og_title":"Pistolet pirate Spark Gun - Vente en ligne d'armes Denix | RMC","og_description":"Offrez-vous ce Pistolet pirate Spark Gun du 18\u1d49 au meilleur prix - Crosse et f\u00fbt en bois massif - M\u00e9canisme fonctionnel en zamac - Longueur : 35 cm","og_url":"https:\/\/repliquemangacine.fr\/es\/pistola-pirata\/pistola-pirata-del-siglo-xviii-2\/","og_site_name":"R\u00e9plique Manga Cin\u00e9","article_publisher":"https:\/\/www.facebook.com\/RepliqueMangaCine","article_modified_time":"2026-04-14T09:10:14+00:00","og_image":[{"width":800,"height":800,"url":"https:\/\/repliquemangacine.fr\/wp-content\/uploads\/2023\/10\/824-Pistolet-Pirate-des-caraibes-18eme-Siecle.jpg","type":"image\/jpeg"}],"twitter_card":"summary_large_image","twitter_misc":{"Tiempo de lectura":"2 minutos"},"schema":{"@context":"https:\/\/schema.org","@graph":[{"@type":"WebPage","@id":"https:\/\/repliquemangacine.fr\/pistolet-pirate\/pistolet-pirate-spark-gun-18eme-siecle\/","url":"https:\/\/repliquemangacine.fr\/pistolet-pirate\/pistolet-pirate-spark-gun-18eme-siecle\/","name":"Spark Gun pistola pirata - Denix armas venta online | RMC","isPartOf":{"@id":"https:\/\/repliquemangacine.fr\/#website"},"primaryImageOfPage":{"@id":"https:\/\/repliquemangacine.fr\/pistolet-pirate\/pistolet-pirate-spark-gun-18eme-siecle\/#primaryimage"},"image":{"@id":"https:\/\/repliquemangacine.fr\/pistolet-pirate\/pistolet-pirate-spark-gun-18eme-siecle\/#primaryimage"},"thumbnailUrl":"https:\/\/repliquemangacine.fr\/wp-content\/uploads\/2023\/10\/824-Pistolet-Pirate-des-caraibes-18eme-Siecle.jpg","datePublished":"2016-11-09T10:43:03+00:00","dateModified":"2026-04-14T09:10:14+00:00","description":"Reg\u00e1late esta pistola pirata Spark Gun 18\u1d49 al mejor precio - Culata y ca\u00f1\u00f3n de madera maciza - Mecanismo funcional de zamac - Longitud: 35 cm.","breadcrumb":{"@id":"https:\/\/repliquemangacine.fr\/pistolet-pirate\/pistolet-pirate-spark-gun-18eme-siecle\/#breadcrumb"},"inLanguage":"es","potentialAction":[{"@type":"ReadAction","target":["https:\/\/repliquemangacine.fr\/pistolet-pirate\/pistolet-pirate-spark-gun-18eme-siecle\/"]}]},{"@type":"ImageObject","inLanguage":"es","@id":"https:\/\/repliquemangacine.fr\/pistolet-pirate\/pistolet-pirate-spark-gun-18eme-siecle\/#primaryimage","url":"https:\/\/repliquemangacine.fr\/wp-content\/uploads\/2023\/10\/824-Pistolet-Pirate-des-caraibes-18eme-Siecle.jpg","contentUrl":"https:\/\/repliquemangacine.fr\/wp-content\/uploads\/2023\/10\/824-Pistolet-Pirate-des-caraibes-18eme-Siecle.jpg","width":800,"height":800,"caption":"Pistolet Pirate des caraibes 18\u00e8me Si\u00e8cle"},{"@type":"BreadcrumbList","@id":"https:\/\/repliquemangacine.fr\/pistolet-pirate\/pistolet-pirate-spark-gun-18eme-siecle\/#breadcrumb","itemListElement":[{"@type":"ListItem","position":1,"name":"Accueil","item":"https:\/\/repliquemangacine.fr\/"},{"@type":"ListItem","position":2,"name":"Produits","item":"https:\/\/repliquemangacine.fr\/boutique\/"},{"@type":"ListItem","position":3,"name":"Pistolet pirate Spark Gun 18\u1d49 Si\u00e8cle"}]},{"@type":"WebSite","@id":"https:\/\/repliquemangacine.fr\/#website","url":"https:\/\/repliquemangacine.fr\/","name":"R\u00e9plique Manga Cin\u00e9","description":"","publisher":{"@id":"https:\/\/repliquemangacine.fr\/#organization"},"potentialAction":[{"@type":"SearchAction","target":{"@type":"EntryPoint","urlTemplate":"https:\/\/repliquemangacine.fr\/?s={search_term_string}"},"query-input":{"@type":"PropertyValueSpecification","valueRequired":true,"valueName":"search_term_string"}}],"inLanguage":"es"},{"@type":"Organization","@id":"https:\/\/repliquemangacine.fr\/#organization","name":"R\u00e9plique Manga Cin\u00e9","url":"https:\/\/repliquemangacine.fr\/","logo":{"@type":"ImageObject","inLanguage":"es","@id":"https:\/\/repliquemangacine.fr\/#\/schema\/logo\/image\/","url":"https:\/\/repliquemangacine.fr\/wp-content\/uploads\/2023\/10\/RMC-500250.png","contentUrl":"https:\/\/repliquemangacine.fr\/wp-content\/uploads\/2023\/10\/RMC-500250.png","width":500,"height":250,"caption":"R\u00e9plique Manga Cin\u00e9"},"image":{"@id":"https:\/\/repliquemangacine.fr\/#\/schema\/logo\/image\/"},"sameAs":["https:\/\/www.facebook.com\/RepliqueMangaCine","https:\/\/www.instagram.com\/repliquemangacine.fr\/"]}]}},"_links":{"self":[{"href":"https:\/\/repliquemangacine.fr\/es\/wp-json\/wp\/v2\/product\/26116","targetHints":{"allow":["GET"]}}],"collection":[{"href":"https:\/\/repliquemangacine.fr\/es\/wp-json\/wp\/v2\/product"}],"about":[{"href":"https:\/\/repliquemangacine.fr\/es\/wp-json\/wp\/v2\/types\/product"}],"wp:featuredmedia":[{"embeddable":true,"href":"https:\/\/repliquemangacine.fr\/es\/wp-json\/wp\/v2\/media\/26117"}],"wp:attachment":[{"href":"https:\/\/repliquemangacine.fr\/es\/wp-json\/wp\/v2\/media?parent=26116"}],"wp:term":[{"taxonomy":"product_brand","embeddable":true,"href":"https:\/\/repliquemangacine.fr\/es\/wp-json\/wp\/v2\/product_brand?post=26116"},{"taxonomy":"product_cat","embeddable":true,"href":"https:\/\/repliquemangacine.fr\/es\/wp-json\/wp\/v2\/product_cat?post=26116"},{"taxonomy":"product_tag","embeddable":true,"href":"https:\/\/repliquemangacine.fr\/es\/wp-json\/wp\/v2\/product_tag?post=26116"}],"curies":[{"name":"wp","href":"https:\/\/api.w.org\/{rel}","templated":true}]}}