





{"id":26067,"date":"2016-11-06T16:53:54","date_gmt":"2016-11-06T15:53:54","guid":{"rendered":"https:\/\/repliquemangacine.fr\/?post_type=product&#038;p=26067"},"modified":"2026-04-20T17:51:58","modified_gmt":"2026-04-20T15:51:58","slug":"revolver-lemat-1855","status":"publish","type":"product","link":"https:\/\/repliquemangacine.fr\/es\/colt-revolver-western\/revolver-lemat-1855\/","title":{"rendered":"Rev\u00f3lver LeMat 1855"},"content":{"rendered":"<h2>Rev\u00f3lver LeMat 1855 Denix.<\/h2>\n<p>Para empezar, el <strong>Rev\u00f3lver LeMat 1855<\/strong>, arma de fuego de percusi\u00f3n dise\u00f1ada por el inventor franc\u00e9s Jean Alexandre Fran\u00e7ois Le Mat en 1856. Utilizada por el ej\u00e9rcito confederado durante la Guerra de Secesi\u00f3n.<\/p>\n<p>Pero este rev\u00f3lver tiene la particularidad de disponer de un ca\u00f1\u00f3n adicional de gran calibre. Situado debajo del ca\u00f1\u00f3n principal, constituye el eje del tambor. Cargado con perdigones, este ca\u00f1\u00f3n adicional permit\u00eda disparar un solo tiro.<\/p>\n<p>Este tambor tiene capacidad para 9 cartuchos, lo que confiere al arma una potencia de fuego excepcional.<\/p>\n<p>Las caracter\u00edsticas del LeMat, con su tambor de 9 disparos y su ca\u00f1\u00f3n central de calibre .63 cargado con perdigones, hicieron que se dijera que este rev\u00f3lver era \u00abel arma corta m\u00e1s aterradora jam\u00e1s fabricada\u00bb.\u00bb<\/p>\n<h2>Tu Revolver LeMat 1855 al mejor precio.<\/h2>\n<p>Ofrecemos una amplia gama de reproducciones de armas del oeste.<\/p>\n<p>Lo primero y m\u00e1s importante,<\/p>\n<ul>\n<li>Le <a href=\"https:\/\/repliquemangacine.fr\/es\/revolver-colts\/colt-1849-pocket-wells-fargo\/\">Colt Wells Fargo<\/a> 1849 fabricado por Denix<\/li>\n<li>Adem\u00e1s de la reproducci\u00f3n de <a href=\"https:\/\/repliquemangacine.fr\/es\/revolver-colts\/griswold-gunnison-1860-usa\/\">Griswold Gunnison rev\u00f3lver confederado<\/a> 1860<\/li>\n<li>Tambi\u00e9n est\u00e1 la reproducci\u00f3n de <a href=\"https:\/\/repliquemangacine.fr\/es\/revolver-colts\/revolver-colt-army-1860\/\">Rev\u00f3lver colt army<\/a> Guerra Civil (EE.UU. 1860) calibre 44<\/li>\n<li>Y muchos m\u00e1s por descubrir en nuestra tienda en l\u00ednea.<\/li>\n<\/ul>\n<p>Por eso hemos pensado en algunas ideas para regalar a los fans del Oeste.<\/p>\n<p>En conclusi\u00f3n, puede utilizar el <strong>Rev\u00f3lver LeMat 1855<\/strong> para sus actuaciones del Oeste. Pero sobre todo, esta reproducci\u00f3n es un arma de coleccionista y decorativa.<\/p>\n<p>R\u00e9plique Manga Cin\u00e9 es una empresa familiar francesa y distribuidor oficial de <a href=\"https:\/\/www.denix.fr\/fr\/catalogue\/guerre-civile-occidentale-et-americaine-1861-1899\/revolvers\/1070\/\" target=\"_blank\" rel=\"noopener noreferrer\">Denix<\/a>.<\/p>\n<h2>\u00bfC\u00f3mo se fabrican las r\u00e9plicas de armas Denix?<\/h2>\n<p>Utilizadas en recreaciones hist\u00f3ricas, pel\u00edculas, series y por coleccionistas. Las reproducciones Denix est\u00e1n fabricadas con materiales de alta calidad. Cuidadosamente elaboradas y ensambladas para crear armas de colecci\u00f3n realistas.<\/p>\n<ul>\n<li>Los metales se encuentran en una aleaci\u00f3n met\u00e1lica conocida como Zamac, cuya composici\u00f3n b\u00e1sica es zinc en 95%.<\/li>\n<li>Las piezas de pl\u00e1stico de las r\u00e9plicas son de ABS moldeado, que ofrece una gran resistencia.<\/li>\n<li>Las maderas elegidas por su belleza y durabilidad, como la caoba, el olivo o el nogal, dar\u00e1n a sus culatas y barricas un aspecto elegante y aut\u00e9ntico.<\/li>\n<\/ul>\n<p>Cabe se\u00f1alar que todas las reproducciones Denix son id\u00e9nticas a los originales, como su <strong>Rev\u00f3lver LeMat 1855<\/strong>.<\/p>","protected":false},"excerpt":{"rendered":"<p>Reproducci\u00f3n del Rev\u00f3lver Le Mat firmado Denix.<\/p>\n<ul>\n<li>Stock de ABS.<\/li>\n<li>Marco de Zamac.<\/li>\n<li>Barril doble.<\/li>\n<li>Armas y huelgas.<\/li>\n<li>No apto para disparar.<\/li>\n<li>No se requiere autorizaci\u00f3n. Venta y posesi\u00f3n libres<\/li>\n<li>\u00a0Longitud: 37 cm - Peso: 1475 g<\/li>\n<\/ul>\n<p><iframe title=\"Reproductor de v\u00eddeo YouTube\" src=\"https:\/\/www.youtube.com\/embed\/e7Ys8aRb7sI\" width=\"560\" height=\"315\" frameborder=\"0\" allowfullscreen=\"allowfullscreen\"><\/iframe><\/p>","protected":false},"featured_media":26068,"template":"","meta":[],"product_brand":[896],"product_cat":[34,33,77,102,28,27],"product_tag":[],"class_list":{"0":"post-26067","1":"product","2":"type-product","3":"status-publish","4":"has-post-thumbnail","6":"product_brand-replique-manga-cine","7":"product_cat-armes-westerns","8":"product_cat-colt-pistolet","9":"product_cat-colt-revolver-western","10":"product_cat-denix","11":"product_cat-repliques-darmes","12":"product_cat-armes-et-accessoires-western","14":"first","15":"outofstock","16":"sale","17":"taxable","18":"shipping-taxable","19":"purchasable","20":"product-type-simple"},"yoast_head":"<!-- This site is optimized with the Yoast SEO plugin v27.4 - https:\/\/yoast.com\/product\/yoast-seo-wordpress\/ -->\n<title>Revolver LeMat 1855 - Reproduction Denix | R\u00e9plique Manga Cin\u00e9<\/title>\n<meta name=\"description\" content=\"Offrez-lui ! Le Revolver LeMat 1855 au meilleur prix - En m\u00e9tal - Crosse ABS - Barillet rotatif - M\u00e9canisme fonctionnel - Longueur totale : 37 cm\" \/>\n<meta name=\"robots\" content=\"index, follow, max-snippet:-1, max-image-preview:large, max-video-preview:-1\" \/>\n<link rel=\"canonical\" href=\"https:\/\/repliquemangacine.fr\/es\/denix\/revolver-lemat-1855\/\" \/>\n<meta property=\"og:locale\" content=\"es_ES\" \/>\n<meta property=\"og:type\" content=\"article\" \/>\n<meta property=\"og:title\" content=\"Revolver LeMat 1855 - Reproduction Denix | R\u00e9plique Manga Cin\u00e9\" \/>\n<meta property=\"og:description\" content=\"Offrez-lui ! Le Revolver LeMat 1855 au meilleur prix - En m\u00e9tal - Crosse ABS - Barillet rotatif - M\u00e9canisme fonctionnel - Longueur totale : 37 cm\" \/>\n<meta property=\"og:url\" content=\"https:\/\/repliquemangacine.fr\/es\/denix\/revolver-lemat-1855\/\" \/>\n<meta property=\"og:site_name\" content=\"R\u00e9plique Manga Cin\u00e9\" \/>\n<meta property=\"article:publisher\" content=\"https:\/\/www.facebook.com\/RepliqueMangaCine\" \/>\n<meta property=\"article:modified_time\" content=\"2026-04-20T15:51:58+00:00\" \/>\n<meta property=\"og:image\" content=\"https:\/\/repliquemangacine.fr\/wp-content\/uploads\/2023\/10\/777-Revolver-La-Mat-USA-1855.jpg\" \/>\n\t<meta property=\"og:image:width\" content=\"800\" \/>\n\t<meta property=\"og:image:height\" content=\"800\" \/>\n\t<meta property=\"og:image:type\" content=\"image\/jpeg\" \/>\n<meta name=\"twitter:card\" content=\"summary_large_image\" \/>\n<meta name=\"twitter:label1\" content=\"Tiempo de lectura\" \/>\n\t<meta name=\"twitter:data1\" content=\"2 minutos\" \/>\n<script type=\"application\/ld+json\" class=\"yoast-schema-graph\">{\"@context\":\"https:\\\/\\\/schema.org\",\"@graph\":[{\"@type\":\"WebPage\",\"@id\":\"https:\\\/\\\/repliquemangacine.fr\\\/denix\\\/revolver-lemat-1855\\\/\",\"url\":\"https:\\\/\\\/repliquemangacine.fr\\\/denix\\\/revolver-lemat-1855\\\/\",\"name\":\"Revolver LeMat 1855 - Reproduction Denix | R\u00e9plique Manga Cin\u00e9\",\"isPartOf\":{\"@id\":\"https:\\\/\\\/repliquemangacine.fr\\\/#website\"},\"primaryImageOfPage\":{\"@id\":\"https:\\\/\\\/repliquemangacine.fr\\\/denix\\\/revolver-lemat-1855\\\/#primaryimage\"},\"image\":{\"@id\":\"https:\\\/\\\/repliquemangacine.fr\\\/denix\\\/revolver-lemat-1855\\\/#primaryimage\"},\"thumbnailUrl\":\"https:\\\/\\\/repliquemangacine.fr\\\/wp-content\\\/uploads\\\/2023\\\/10\\\/777-Revolver-La-Mat-USA-1855.jpg\",\"datePublished\":\"2016-11-06T15:53:54+00:00\",\"dateModified\":\"2026-04-20T15:51:58+00:00\",\"description\":\"Offrez-lui ! Le Revolver LeMat 1855 au meilleur prix - En m\u00e9tal - Crosse ABS - Barillet rotatif - M\u00e9canisme fonctionnel - Longueur totale : 37 cm\",\"breadcrumb\":{\"@id\":\"https:\\\/\\\/repliquemangacine.fr\\\/denix\\\/revolver-lemat-1855\\\/#breadcrumb\"},\"inLanguage\":\"es\",\"potentialAction\":[{\"@type\":\"ReadAction\",\"target\":[\"https:\\\/\\\/repliquemangacine.fr\\\/denix\\\/revolver-lemat-1855\\\/\"]}]},{\"@type\":\"ImageObject\",\"inLanguage\":\"es\",\"@id\":\"https:\\\/\\\/repliquemangacine.fr\\\/denix\\\/revolver-lemat-1855\\\/#primaryimage\",\"url\":\"https:\\\/\\\/repliquemangacine.fr\\\/wp-content\\\/uploads\\\/2023\\\/10\\\/777-Revolver-La-Mat-USA-1855.jpg\",\"contentUrl\":\"https:\\\/\\\/repliquemangacine.fr\\\/wp-content\\\/uploads\\\/2023\\\/10\\\/777-Revolver-La-Mat-USA-1855.jpg\",\"width\":800,\"height\":800,\"caption\":\"Revolver LeMat - USA 1855\"},{\"@type\":\"BreadcrumbList\",\"@id\":\"https:\\\/\\\/repliquemangacine.fr\\\/denix\\\/revolver-lemat-1855\\\/#breadcrumb\",\"itemListElement\":[{\"@type\":\"ListItem\",\"position\":1,\"name\":\"Accueil\",\"item\":\"https:\\\/\\\/repliquemangacine.fr\\\/\"},{\"@type\":\"ListItem\",\"position\":2,\"name\":\"Produits\",\"item\":\"https:\\\/\\\/repliquemangacine.fr\\\/boutique\\\/\"},{\"@type\":\"ListItem\",\"position\":3,\"name\":\"Revolver LeMat 1855\"}]},{\"@type\":\"WebSite\",\"@id\":\"https:\\\/\\\/repliquemangacine.fr\\\/#website\",\"url\":\"https:\\\/\\\/repliquemangacine.fr\\\/\",\"name\":\"R\u00e9plique Manga Cin\u00e9\",\"description\":\"\",\"publisher\":{\"@id\":\"https:\\\/\\\/repliquemangacine.fr\\\/#organization\"},\"potentialAction\":[{\"@type\":\"SearchAction\",\"target\":{\"@type\":\"EntryPoint\",\"urlTemplate\":\"https:\\\/\\\/repliquemangacine.fr\\\/?s={search_term_string}\"},\"query-input\":{\"@type\":\"PropertyValueSpecification\",\"valueRequired\":true,\"valueName\":\"search_term_string\"}}],\"inLanguage\":\"es\"},{\"@type\":\"Organization\",\"@id\":\"https:\\\/\\\/repliquemangacine.fr\\\/#organization\",\"name\":\"R\u00e9plique Manga Cin\u00e9\",\"url\":\"https:\\\/\\\/repliquemangacine.fr\\\/\",\"logo\":{\"@type\":\"ImageObject\",\"inLanguage\":\"es\",\"@id\":\"https:\\\/\\\/repliquemangacine.fr\\\/#\\\/schema\\\/logo\\\/image\\\/\",\"url\":\"https:\\\/\\\/repliquemangacine.fr\\\/wp-content\\\/uploads\\\/2023\\\/10\\\/RMC-500250.png\",\"contentUrl\":\"https:\\\/\\\/repliquemangacine.fr\\\/wp-content\\\/uploads\\\/2023\\\/10\\\/RMC-500250.png\",\"width\":500,\"height\":250,\"caption\":\"R\u00e9plique Manga Cin\u00e9\"},\"image\":{\"@id\":\"https:\\\/\\\/repliquemangacine.fr\\\/#\\\/schema\\\/logo\\\/image\\\/\"},\"sameAs\":[\"https:\\\/\\\/www.facebook.com\\\/RepliqueMangaCine\",\"https:\\\/\\\/www.instagram.com\\\/repliquemangacine.fr\\\/\"]}]}<\/script>\n<!-- \/ Yoast SEO plugin. -->","yoast_head_json":{"title":"Rev\u00f3lver LeMat 1855 - Reproducci\u00f3n Denix | R\u00e9plique Manga Cin\u00e9","description":"\u00a1Reg\u00e1lalo! El Rev\u00f3lver LeMat 1855 al mejor precio - En metal - Culata ABS - Cilindro rotativo - Mecanismo funcional - Longitud total: 37 cm","robots":{"index":"index","follow":"follow","max-snippet":"max-snippet:-1","max-image-preview":"max-image-preview:large","max-video-preview":"max-video-preview:-1"},"canonical":"https:\/\/repliquemangacine.fr\/es\/denix\/revolver-lemat-1855\/","og_locale":"es_ES","og_type":"article","og_title":"Revolver LeMat 1855 - Reproduction Denix | R\u00e9plique Manga Cin\u00e9","og_description":"Offrez-lui ! Le Revolver LeMat 1855 au meilleur prix - En m\u00e9tal - Crosse ABS - Barillet rotatif - M\u00e9canisme fonctionnel - Longueur totale : 37 cm","og_url":"https:\/\/repliquemangacine.fr\/es\/denix\/revolver-lemat-1855\/","og_site_name":"R\u00e9plique Manga Cin\u00e9","article_publisher":"https:\/\/www.facebook.com\/RepliqueMangaCine","article_modified_time":"2026-04-20T15:51:58+00:00","og_image":[{"width":800,"height":800,"url":"https:\/\/repliquemangacine.fr\/wp-content\/uploads\/2023\/10\/777-Revolver-La-Mat-USA-1855.jpg","type":"image\/jpeg"}],"twitter_card":"summary_large_image","twitter_misc":{"Tiempo de lectura":"2 minutos"},"schema":{"@context":"https:\/\/schema.org","@graph":[{"@type":"WebPage","@id":"https:\/\/repliquemangacine.fr\/denix\/revolver-lemat-1855\/","url":"https:\/\/repliquemangacine.fr\/denix\/revolver-lemat-1855\/","name":"Rev\u00f3lver LeMat 1855 - Reproducci\u00f3n Denix | R\u00e9plique Manga Cin\u00e9","isPartOf":{"@id":"https:\/\/repliquemangacine.fr\/#website"},"primaryImageOfPage":{"@id":"https:\/\/repliquemangacine.fr\/denix\/revolver-lemat-1855\/#primaryimage"},"image":{"@id":"https:\/\/repliquemangacine.fr\/denix\/revolver-lemat-1855\/#primaryimage"},"thumbnailUrl":"https:\/\/repliquemangacine.fr\/wp-content\/uploads\/2023\/10\/777-Revolver-La-Mat-USA-1855.jpg","datePublished":"2016-11-06T15:53:54+00:00","dateModified":"2026-04-20T15:51:58+00:00","description":"\u00a1Reg\u00e1lalo! El Rev\u00f3lver LeMat 1855 al mejor precio - En metal - Culata ABS - Cilindro rotativo - Mecanismo funcional - Longitud total: 37 cm","breadcrumb":{"@id":"https:\/\/repliquemangacine.fr\/denix\/revolver-lemat-1855\/#breadcrumb"},"inLanguage":"es","potentialAction":[{"@type":"ReadAction","target":["https:\/\/repliquemangacine.fr\/denix\/revolver-lemat-1855\/"]}]},{"@type":"ImageObject","inLanguage":"es","@id":"https:\/\/repliquemangacine.fr\/denix\/revolver-lemat-1855\/#primaryimage","url":"https:\/\/repliquemangacine.fr\/wp-content\/uploads\/2023\/10\/777-Revolver-La-Mat-USA-1855.jpg","contentUrl":"https:\/\/repliquemangacine.fr\/wp-content\/uploads\/2023\/10\/777-Revolver-La-Mat-USA-1855.jpg","width":800,"height":800,"caption":"Revolver LeMat - USA 1855"},{"@type":"BreadcrumbList","@id":"https:\/\/repliquemangacine.fr\/denix\/revolver-lemat-1855\/#breadcrumb","itemListElement":[{"@type":"ListItem","position":1,"name":"Accueil","item":"https:\/\/repliquemangacine.fr\/"},{"@type":"ListItem","position":2,"name":"Produits","item":"https:\/\/repliquemangacine.fr\/boutique\/"},{"@type":"ListItem","position":3,"name":"Revolver LeMat 1855"}]},{"@type":"WebSite","@id":"https:\/\/repliquemangacine.fr\/#website","url":"https:\/\/repliquemangacine.fr\/","name":"R\u00e9plique Manga Cin\u00e9","description":"","publisher":{"@id":"https:\/\/repliquemangacine.fr\/#organization"},"potentialAction":[{"@type":"SearchAction","target":{"@type":"EntryPoint","urlTemplate":"https:\/\/repliquemangacine.fr\/?s={search_term_string}"},"query-input":{"@type":"PropertyValueSpecification","valueRequired":true,"valueName":"search_term_string"}}],"inLanguage":"es"},{"@type":"Organization","@id":"https:\/\/repliquemangacine.fr\/#organization","name":"R\u00e9plique Manga Cin\u00e9","url":"https:\/\/repliquemangacine.fr\/","logo":{"@type":"ImageObject","inLanguage":"es","@id":"https:\/\/repliquemangacine.fr\/#\/schema\/logo\/image\/","url":"https:\/\/repliquemangacine.fr\/wp-content\/uploads\/2023\/10\/RMC-500250.png","contentUrl":"https:\/\/repliquemangacine.fr\/wp-content\/uploads\/2023\/10\/RMC-500250.png","width":500,"height":250,"caption":"R\u00e9plique Manga Cin\u00e9"},"image":{"@id":"https:\/\/repliquemangacine.fr\/#\/schema\/logo\/image\/"},"sameAs":["https:\/\/www.facebook.com\/RepliqueMangaCine","https:\/\/www.instagram.com\/repliquemangacine.fr\/"]}]}},"_links":{"self":[{"href":"https:\/\/repliquemangacine.fr\/es\/wp-json\/wp\/v2\/product\/26067","targetHints":{"allow":["GET"]}}],"collection":[{"href":"https:\/\/repliquemangacine.fr\/es\/wp-json\/wp\/v2\/product"}],"about":[{"href":"https:\/\/repliquemangacine.fr\/es\/wp-json\/wp\/v2\/types\/product"}],"wp:featuredmedia":[{"embeddable":true,"href":"https:\/\/repliquemangacine.fr\/es\/wp-json\/wp\/v2\/media\/26068"}],"wp:attachment":[{"href":"https:\/\/repliquemangacine.fr\/es\/wp-json\/wp\/v2\/media?parent=26067"}],"wp:term":[{"taxonomy":"product_brand","embeddable":true,"href":"https:\/\/repliquemangacine.fr\/es\/wp-json\/wp\/v2\/product_brand?post=26067"},{"taxonomy":"product_cat","embeddable":true,"href":"https:\/\/repliquemangacine.fr\/es\/wp-json\/wp\/v2\/product_cat?post=26067"},{"taxonomy":"product_tag","embeddable":true,"href":"https:\/\/repliquemangacine.fr\/es\/wp-json\/wp\/v2\/product_tag?post=26067"}],"curies":[{"name":"wp","href":"https:\/\/api.w.org\/{rel}","templated":true}]}}