





{"id":26054,"date":"2016-11-06T15:27:50","date_gmt":"2016-11-06T14:27:50","guid":{"rendered":"https:\/\/repliquemangacine.fr\/?post_type=product&#038;p=26054"},"modified":"2025-12-04T12:18:03","modified_gmt":"2025-12-04T11:18:03","slug":"colt-modelo-1873-denix-55-pulgadas-calibre-45","status":"publish","type":"product","link":"https:\/\/repliquemangacine.fr\/es\/colt-revolver-western\/colt-modele-1873-denix-55-pouce-calibre-45\/","title":{"rendered":"Colt Modelo 1873 Calibre 45"},"content":{"rendered":"<h2>Reproducci\u00f3n del Colt Modelo 1873 - Denix.<\/h2>\n<p>Para empezar, el <strong>Colt Modelo 1873<\/strong> Denix es una reproducci\u00f3n id\u00e9ntica al original.<\/p>\n<p>Si hay un arma cuyo prestigio nunca ha flaqueado y, por el contrario, nunca ha dejado de crecer, \u00e9sa es el Colt Single Action. Este rev\u00f3lver, con su caracter\u00edstica forma perfectamente armoniosa, se ha convertido en legendario.<\/p>\n<p>Es importante se\u00f1alar que fue en 1875 cuando la Single Action adopt\u00f3 el sobrenombre de Frontier, a\u00f1o en el que se adapt\u00f3 el cartucho 44-40 Winchester. As\u00ed, las dos pistolas m\u00e1s legendarias del Salvaje Oeste impusieron la misma ley de fuego.<\/p>\n<p>Tras la conquista del Oeste, comienza para esta arma la conquista de la memoria. Algo que le resultar\u00e1 f\u00e1cil, ya que sus l\u00edneas y sus haza\u00f1as han marcado la imaginaci\u00f3n de los hombres.<\/p>\n<h2>Tu Colt Modelo 1873 al mejor precio.<\/h2>\n<p>Le ofrecemos una amplia selecci\u00f3n de reproducciones de armas Denix a los precios m\u00e1s bajos del mercado.<\/p>\n<p>Lo primero y m\u00e1s importante,<\/p>\n<ul>\n<li>Le <a href=\"https:\/\/repliquemangacine.fr\/es\/revolver-colts\/colt-peacemaker-1886-calibre-45\/\">Pacificador<\/a> (Single Action Army modelo 1873) calibre 45 con su estrella en la culata.<\/li>\n<li>Pero tambi\u00e9n <a href=\"https:\/\/repliquemangacine.fr\/es\/revolver-colts\/revolver-schofield-smith-et-wesson-1869-2\/\">Rev\u00f3lver Schofield<\/a> Smith &amp; Wesson 1869 calibre 45.<\/li>\n<li>Y muchos m\u00e1s por descubrir en nuestra tienda en l\u00ednea.<\/li>\n<\/ul>\n<p>Por eso es una gran idea de regalo para coleccionistas o aficionados a las pel\u00edculas del Oeste.<\/p>\n<p>En conclusi\u00f3n, puede utilizar el <strong>Colt Modelo 1873<\/strong> Denix para tus demostraciones de westerns o tus fiestas tem\u00e1ticas.<\/p>\n<p>Le recordamos que solo se trata de armas falsas que no suponen ning\u00fan peligro.<\/p>\n<p>R\u00e9plique Manga Cin\u00e9 es una empresa francesa y distribuidora oficial de la marca. <a href=\"https:\/\/www.denix.fr\/fr\/catalogue\/guerre-civile-occidentale-et-americaine-1861-1899\/revolvers\/1106-n\/\" target=\"_blank\" rel=\"noopener noreferrer\">Denix<\/a>.<\/p>\n<h2>\u00bfC\u00f3mo se fabrican las r\u00e9plicas de armas Denix?<\/h2>\n<p>Utilizadas en recreaciones hist\u00f3ricas, pel\u00edculas, series y por coleccionistas. Las reproducciones Denix est\u00e1n fabricadas con materiales de alta calidad. Cuidadosamente elaboradas y ensambladas para crear armas de colecci\u00f3n realistas.<\/p>\n<ul>\n<li>Los metales se encuentran en una aleaci\u00f3n met\u00e1lica conocida como Zamac, cuya composici\u00f3n b\u00e1sica es zinc en 95%.<\/li>\n<li>Las piezas de pl\u00e1stico de las r\u00e9plicas son de ABS moldeado, que ofrece una gran resistencia.<\/li>\n<li>Las maderas elegidas por su belleza y durabilidad, como la caoba, el olivo o el nogal, dar\u00e1n a sus culatas y barricas un aspecto elegante y aut\u00e9ntico.<\/li>\n<\/ul>\n<p>Cabe se\u00f1alar que todas las reproducciones Denix son id\u00e9nticas a los originales, como su <strong>Colt Modelo 1873<\/strong><\/p>","protected":false},"excerpt":{"rendered":"<p>Peacemaker SAA 1873 calibre 45.<\/p>\n<ul>\n<li>Ca\u00f1\u00f3n semicorto de 12,7 cm id\u00e9ntico al original.<\/li>\n<li>Culata de madera maciza.<\/li>\n<li>Marco de Zamac.<\/li>\n<li>Se dispara y se estrella, pero es <strong>totalmente incapaz de disparar.<\/strong><\/li>\n<li>Sin autorizaci\u00f3n - Venta y posesi\u00f3n libres.<\/li>\n<li>Dimensiones: 30,5 cm - Peso: 975 g<\/li>\n<\/ul>","protected":false},"featured_media":26055,"template":"","meta":[],"product_brand":[896],"product_cat":[34,33,77,102,28,101,27],"product_tag":[],"class_list":{"0":"post-26054","1":"product","2":"type-product","3":"status-publish","4":"has-post-thumbnail","6":"product_brand-replique-manga-cine","7":"product_cat-armes-westerns","8":"product_cat-colt-pistolet","9":"product_cat-colt-revolver-western","10":"product_cat-denix","11":"product_cat-repliques-darmes","12":"product_cat-soldes","13":"product_cat-armes-et-accessoires-western","15":"first","16":"instock","17":"sale","18":"taxable","19":"shipping-taxable","20":"purchasable","21":"product-type-simple"},"yoast_head":"<!-- This site is optimized with the Yoast SEO plugin v27.4 - https:\/\/yoast.com\/product\/yoast-seo-wordpress\/ -->\n<title>Colt Mod\u00e8le 1873 - Reproductions Denix - R\u00e9plique Manga Cin\u00e9<\/title>\n<meta name=\"description\" content=\"D\u00e9couvrez vite ! Le Colt Mod\u00e8le 1873 au meilleur prix - En m\u00e9tal - Crosse en bois - Barillet rotatif - M\u00e9canisme fonctionnel - Longueur totale : 30.5 cm\" \/>\n<meta name=\"robots\" content=\"index, follow, max-snippet:-1, max-image-preview:large, max-video-preview:-1\" \/>\n<link rel=\"canonical\" href=\"https:\/\/repliquemangacine.fr\/es\/denix\/colt-modelo-1873-denix-55-pulgadas-calibre-45\/\" \/>\n<meta property=\"og:locale\" content=\"es_ES\" \/>\n<meta property=\"og:type\" content=\"article\" \/>\n<meta property=\"og:title\" content=\"Colt Mod\u00e8le 1873 - Reproductions Denix - R\u00e9plique Manga Cin\u00e9\" \/>\n<meta property=\"og:description\" content=\"D\u00e9couvrez vite ! Le Colt Mod\u00e8le 1873 au meilleur prix - En m\u00e9tal - Crosse en bois - Barillet rotatif - M\u00e9canisme fonctionnel - Longueur totale : 30.5 cm\" \/>\n<meta property=\"og:url\" content=\"https:\/\/repliquemangacine.fr\/es\/denix\/colt-modelo-1873-denix-55-pulgadas-calibre-45\/\" \/>\n<meta property=\"og:site_name\" content=\"R\u00e9plique Manga Cin\u00e9\" \/>\n<meta property=\"article:publisher\" content=\"https:\/\/www.facebook.com\/RepliqueMangaCine\" \/>\n<meta property=\"article:modified_time\" content=\"2025-12-04T11:18:03+00:00\" \/>\n<meta property=\"og:image\" content=\"https:\/\/repliquemangacine.fr\/wp-content\/uploads\/2023\/10\/766-Revolver-Colt-Peacemaker-5.5-pouce-Calibre-45.jpg\" \/>\n\t<meta property=\"og:image:width\" content=\"800\" \/>\n\t<meta property=\"og:image:height\" content=\"800\" \/>\n\t<meta property=\"og:image:type\" content=\"image\/jpeg\" \/>\n<meta name=\"twitter:card\" content=\"summary_large_image\" \/>\n<meta name=\"twitter:label1\" content=\"Tiempo de lectura\" \/>\n\t<meta name=\"twitter:data1\" content=\"2 minutos\" \/>\n<script type=\"application\/ld+json\" class=\"yoast-schema-graph\">{\"@context\":\"https:\\\/\\\/schema.org\",\"@graph\":[{\"@type\":\"WebPage\",\"@id\":\"https:\\\/\\\/repliquemangacine.fr\\\/denix\\\/colt-modele-1873-denix-55-pouce-calibre-45\\\/\",\"url\":\"https:\\\/\\\/repliquemangacine.fr\\\/denix\\\/colt-modele-1873-denix-55-pouce-calibre-45\\\/\",\"name\":\"Colt Mod\u00e8le 1873 - Reproductions Denix - R\u00e9plique Manga Cin\u00e9\",\"isPartOf\":{\"@id\":\"https:\\\/\\\/repliquemangacine.fr\\\/#website\"},\"primaryImageOfPage\":{\"@id\":\"https:\\\/\\\/repliquemangacine.fr\\\/denix\\\/colt-modele-1873-denix-55-pouce-calibre-45\\\/#primaryimage\"},\"image\":{\"@id\":\"https:\\\/\\\/repliquemangacine.fr\\\/denix\\\/colt-modele-1873-denix-55-pouce-calibre-45\\\/#primaryimage\"},\"thumbnailUrl\":\"https:\\\/\\\/repliquemangacine.fr\\\/wp-content\\\/uploads\\\/2023\\\/10\\\/766-Revolver-Colt-Peacemaker-5.5-pouce-Calibre-45.jpg\",\"datePublished\":\"2016-11-06T14:27:50+00:00\",\"dateModified\":\"2025-12-04T11:18:03+00:00\",\"description\":\"D\u00e9couvrez vite ! Le Colt Mod\u00e8le 1873 au meilleur prix - En m\u00e9tal - Crosse en bois - Barillet rotatif - M\u00e9canisme fonctionnel - Longueur totale : 30.5 cm\",\"breadcrumb\":{\"@id\":\"https:\\\/\\\/repliquemangacine.fr\\\/denix\\\/colt-modele-1873-denix-55-pouce-calibre-45\\\/#breadcrumb\"},\"inLanguage\":\"es\",\"potentialAction\":[{\"@type\":\"ReadAction\",\"target\":[\"https:\\\/\\\/repliquemangacine.fr\\\/denix\\\/colt-modele-1873-denix-55-pouce-calibre-45\\\/\"]}]},{\"@type\":\"ImageObject\",\"inLanguage\":\"es\",\"@id\":\"https:\\\/\\\/repliquemangacine.fr\\\/denix\\\/colt-modele-1873-denix-55-pouce-calibre-45\\\/#primaryimage\",\"url\":\"https:\\\/\\\/repliquemangacine.fr\\\/wp-content\\\/uploads\\\/2023\\\/10\\\/766-Revolver-Colt-Peacemaker-5.5-pouce-Calibre-45.jpg\",\"contentUrl\":\"https:\\\/\\\/repliquemangacine.fr\\\/wp-content\\\/uploads\\\/2023\\\/10\\\/766-Revolver-Colt-Peacemaker-5.5-pouce-Calibre-45.jpg\",\"width\":800,\"height\":800,\"caption\":\"Colt Mod\u00e8le 1873 Denix 5.5 pouce - Calibre 45\"},{\"@type\":\"BreadcrumbList\",\"@id\":\"https:\\\/\\\/repliquemangacine.fr\\\/denix\\\/colt-modele-1873-denix-55-pouce-calibre-45\\\/#breadcrumb\",\"itemListElement\":[{\"@type\":\"ListItem\",\"position\":1,\"name\":\"Accueil\",\"item\":\"https:\\\/\\\/repliquemangacine.fr\\\/\"},{\"@type\":\"ListItem\",\"position\":2,\"name\":\"Produits\",\"item\":\"https:\\\/\\\/repliquemangacine.fr\\\/boutique\\\/\"},{\"@type\":\"ListItem\",\"position\":3,\"name\":\"Colt Mod\u00e8le 1873 Calibre 45\"}]},{\"@type\":\"WebSite\",\"@id\":\"https:\\\/\\\/repliquemangacine.fr\\\/#website\",\"url\":\"https:\\\/\\\/repliquemangacine.fr\\\/\",\"name\":\"R\u00e9plique Manga Cin\u00e9\",\"description\":\"\",\"publisher\":{\"@id\":\"https:\\\/\\\/repliquemangacine.fr\\\/#organization\"},\"potentialAction\":[{\"@type\":\"SearchAction\",\"target\":{\"@type\":\"EntryPoint\",\"urlTemplate\":\"https:\\\/\\\/repliquemangacine.fr\\\/?s={search_term_string}\"},\"query-input\":{\"@type\":\"PropertyValueSpecification\",\"valueRequired\":true,\"valueName\":\"search_term_string\"}}],\"inLanguage\":\"es\"},{\"@type\":\"Organization\",\"@id\":\"https:\\\/\\\/repliquemangacine.fr\\\/#organization\",\"name\":\"R\u00e9plique Manga Cin\u00e9\",\"url\":\"https:\\\/\\\/repliquemangacine.fr\\\/\",\"logo\":{\"@type\":\"ImageObject\",\"inLanguage\":\"es\",\"@id\":\"https:\\\/\\\/repliquemangacine.fr\\\/#\\\/schema\\\/logo\\\/image\\\/\",\"url\":\"https:\\\/\\\/repliquemangacine.fr\\\/wp-content\\\/uploads\\\/2023\\\/10\\\/RMC-500250.png\",\"contentUrl\":\"https:\\\/\\\/repliquemangacine.fr\\\/wp-content\\\/uploads\\\/2023\\\/10\\\/RMC-500250.png\",\"width\":500,\"height\":250,\"caption\":\"R\u00e9plique Manga Cin\u00e9\"},\"image\":{\"@id\":\"https:\\\/\\\/repliquemangacine.fr\\\/#\\\/schema\\\/logo\\\/image\\\/\"},\"sameAs\":[\"https:\\\/\\\/www.facebook.com\\\/RepliqueMangaCine\",\"https:\\\/\\\/www.instagram.com\\\/repliquemangacine.fr\\\/\"]}]}<\/script>\n<!-- \/ Yoast SEO plugin. -->","yoast_head_json":{"title":"Colt Modelo 1873 - Reproducciones Denix - R\u00e9plique Manga Cin\u00e9","description":"\u00a1Desc\u00fabrala ahora! La Colt Modelo 1873 al mejor precio - De metal - Culata de madera - Ca\u00f1\u00f3n giratorio - Mecanismo funcional - Longitud total: 30,5 cm","robots":{"index":"index","follow":"follow","max-snippet":"max-snippet:-1","max-image-preview":"max-image-preview:large","max-video-preview":"max-video-preview:-1"},"canonical":"https:\/\/repliquemangacine.fr\/es\/denix\/colt-modelo-1873-denix-55-pulgadas-calibre-45\/","og_locale":"es_ES","og_type":"article","og_title":"Colt Mod\u00e8le 1873 - Reproductions Denix - R\u00e9plique Manga Cin\u00e9","og_description":"D\u00e9couvrez vite ! Le Colt Mod\u00e8le 1873 au meilleur prix - En m\u00e9tal - Crosse en bois - Barillet rotatif - M\u00e9canisme fonctionnel - Longueur totale : 30.5 cm","og_url":"https:\/\/repliquemangacine.fr\/es\/denix\/colt-modelo-1873-denix-55-pulgadas-calibre-45\/","og_site_name":"R\u00e9plique Manga Cin\u00e9","article_publisher":"https:\/\/www.facebook.com\/RepliqueMangaCine","article_modified_time":"2025-12-04T11:18:03+00:00","og_image":[{"width":800,"height":800,"url":"https:\/\/repliquemangacine.fr\/wp-content\/uploads\/2023\/10\/766-Revolver-Colt-Peacemaker-5.5-pouce-Calibre-45.jpg","type":"image\/jpeg"}],"twitter_card":"summary_large_image","twitter_misc":{"Tiempo de lectura":"2 minutos"},"schema":{"@context":"https:\/\/schema.org","@graph":[{"@type":"WebPage","@id":"https:\/\/repliquemangacine.fr\/denix\/colt-modele-1873-denix-55-pouce-calibre-45\/","url":"https:\/\/repliquemangacine.fr\/denix\/colt-modele-1873-denix-55-pouce-calibre-45\/","name":"Colt Modelo 1873 - Reproducciones Denix - R\u00e9plique Manga Cin\u00e9","isPartOf":{"@id":"https:\/\/repliquemangacine.fr\/#website"},"primaryImageOfPage":{"@id":"https:\/\/repliquemangacine.fr\/denix\/colt-modele-1873-denix-55-pouce-calibre-45\/#primaryimage"},"image":{"@id":"https:\/\/repliquemangacine.fr\/denix\/colt-modele-1873-denix-55-pouce-calibre-45\/#primaryimage"},"thumbnailUrl":"https:\/\/repliquemangacine.fr\/wp-content\/uploads\/2023\/10\/766-Revolver-Colt-Peacemaker-5.5-pouce-Calibre-45.jpg","datePublished":"2016-11-06T14:27:50+00:00","dateModified":"2025-12-04T11:18:03+00:00","description":"\u00a1Desc\u00fabrala ahora! La Colt Modelo 1873 al mejor precio - De metal - Culata de madera - Ca\u00f1\u00f3n giratorio - Mecanismo funcional - Longitud total: 30,5 cm","breadcrumb":{"@id":"https:\/\/repliquemangacine.fr\/denix\/colt-modele-1873-denix-55-pouce-calibre-45\/#breadcrumb"},"inLanguage":"es","potentialAction":[{"@type":"ReadAction","target":["https:\/\/repliquemangacine.fr\/denix\/colt-modele-1873-denix-55-pouce-calibre-45\/"]}]},{"@type":"ImageObject","inLanguage":"es","@id":"https:\/\/repliquemangacine.fr\/denix\/colt-modele-1873-denix-55-pouce-calibre-45\/#primaryimage","url":"https:\/\/repliquemangacine.fr\/wp-content\/uploads\/2023\/10\/766-Revolver-Colt-Peacemaker-5.5-pouce-Calibre-45.jpg","contentUrl":"https:\/\/repliquemangacine.fr\/wp-content\/uploads\/2023\/10\/766-Revolver-Colt-Peacemaker-5.5-pouce-Calibre-45.jpg","width":800,"height":800,"caption":"Colt Mod\u00e8le 1873 Denix 5.5 pouce - Calibre 45"},{"@type":"BreadcrumbList","@id":"https:\/\/repliquemangacine.fr\/denix\/colt-modele-1873-denix-55-pouce-calibre-45\/#breadcrumb","itemListElement":[{"@type":"ListItem","position":1,"name":"Accueil","item":"https:\/\/repliquemangacine.fr\/"},{"@type":"ListItem","position":2,"name":"Produits","item":"https:\/\/repliquemangacine.fr\/boutique\/"},{"@type":"ListItem","position":3,"name":"Colt Mod\u00e8le 1873 Calibre 45"}]},{"@type":"WebSite","@id":"https:\/\/repliquemangacine.fr\/#website","url":"https:\/\/repliquemangacine.fr\/","name":"R\u00e9plique Manga Cin\u00e9","description":"","publisher":{"@id":"https:\/\/repliquemangacine.fr\/#organization"},"potentialAction":[{"@type":"SearchAction","target":{"@type":"EntryPoint","urlTemplate":"https:\/\/repliquemangacine.fr\/?s={search_term_string}"},"query-input":{"@type":"PropertyValueSpecification","valueRequired":true,"valueName":"search_term_string"}}],"inLanguage":"es"},{"@type":"Organization","@id":"https:\/\/repliquemangacine.fr\/#organization","name":"R\u00e9plique Manga Cin\u00e9","url":"https:\/\/repliquemangacine.fr\/","logo":{"@type":"ImageObject","inLanguage":"es","@id":"https:\/\/repliquemangacine.fr\/#\/schema\/logo\/image\/","url":"https:\/\/repliquemangacine.fr\/wp-content\/uploads\/2023\/10\/RMC-500250.png","contentUrl":"https:\/\/repliquemangacine.fr\/wp-content\/uploads\/2023\/10\/RMC-500250.png","width":500,"height":250,"caption":"R\u00e9plique Manga Cin\u00e9"},"image":{"@id":"https:\/\/repliquemangacine.fr\/#\/schema\/logo\/image\/"},"sameAs":["https:\/\/www.facebook.com\/RepliqueMangaCine","https:\/\/www.instagram.com\/repliquemangacine.fr\/"]}]}},"_links":{"self":[{"href":"https:\/\/repliquemangacine.fr\/es\/wp-json\/wp\/v2\/product\/26054","targetHints":{"allow":["GET"]}}],"collection":[{"href":"https:\/\/repliquemangacine.fr\/es\/wp-json\/wp\/v2\/product"}],"about":[{"href":"https:\/\/repliquemangacine.fr\/es\/wp-json\/wp\/v2\/types\/product"}],"wp:featuredmedia":[{"embeddable":true,"href":"https:\/\/repliquemangacine.fr\/es\/wp-json\/wp\/v2\/media\/26055"}],"wp:attachment":[{"href":"https:\/\/repliquemangacine.fr\/es\/wp-json\/wp\/v2\/media?parent=26054"}],"wp:term":[{"taxonomy":"product_brand","embeddable":true,"href":"https:\/\/repliquemangacine.fr\/es\/wp-json\/wp\/v2\/product_brand?post=26054"},{"taxonomy":"product_cat","embeddable":true,"href":"https:\/\/repliquemangacine.fr\/es\/wp-json\/wp\/v2\/product_cat?post=26054"},{"taxonomy":"product_tag","embeddable":true,"href":"https:\/\/repliquemangacine.fr\/es\/wp-json\/wp\/v2\/product_tag?post=26054"}],"curies":[{"name":"wp","href":"https:\/\/api.w.org\/{rel}","templated":true}]}}