





{"id":26045,"date":"2016-11-03T23:08:32","date_gmt":"2016-11-03T22:08:32","guid":{"rendered":"https:\/\/repliquemangacine.fr\/?post_type=product&#038;p=26045"},"modified":"2026-04-15T13:02:41","modified_gmt":"2026-04-15T11:02:41","slug":"colt-dragoon-1848","status":"publish","type":"product","link":"https:\/\/repliquemangacine.fr\/es\/colt-revolver-western\/colt-dragoon-1848\/","title":{"rendered":"Colt Dragoon 1848"},"content":{"rendered":"<h2>Colt Dragoon 1848 - Denix.<\/h2>\n<p>Para empezar, el <strong>Colt Dragoon 1848<\/strong>, rev\u00f3lver calibre 44 que se carga por la parte delantera del ca\u00f1\u00f3n, se dispara con c\u00e1psulas de percusi\u00f3n y es de simple acci\u00f3n. Dise\u00f1ado como soluci\u00f3n a los numerosos problemas que presentaba el modelo Walker.<\/p>\n<p>El grabado que aparece en el tambor de este modelo representa una escaramuza entre los Texas Rangers y los indios.<\/p>\n<p>No se llevaba en una funda en el cintur\u00f3n, sino en una funda delante de la silla de montar. En poco tiempo particip\u00f3 en la guerra de M\u00e9xico, la fiebre del oro en California, la migraci\u00f3n de los mormones y la guerra de Crimea.<\/p>\n<p>En 1860, el ej\u00e9rcito estadounidense adopt\u00f3 como sucesora la Colt 1860 Army, un arma m\u00e1s ligera, del mismo calibre, con un ca\u00f1\u00f3n de 8 pulgadas.<\/p>\n<h2>Tu Colt Dragoon 1848 al mejor precio.<\/h2>\n<p>Le ofrecemos una amplia selecci\u00f3n de reproducciones de armas westerns Denix.<\/p>\n<p>Lo primero y m\u00e1s importante,<\/p>\n<ul>\n<li>Reproducci\u00f3n de la funda<a href=\"https:\/\/repliquemangacine.fr\/es\/accesorios-para-fundas\/ceinturon-cuir-pour-colt-45-holster-simple\/\"> para potro<\/a> Denix occidental.<\/li>\n<li>Tambi\u00e9n hay lastre <a href=\"https:\/\/repliquemangacine.fr\/es\/accesorios-para-fundas\/6-balles-factices-pour-colt-western-denix\/\">balas para colt<\/a> Denix en metal dorado<\/li>\n<li>As\u00ed como el broche,<a href=\"https:\/\/repliquemangacine.fr\/es\/accesorios-para-fundas\/broche-con-estrella-de-sheriff\/\"> placa de sheriff<\/a><\/li>\n<li>Y muchos m\u00e1s por descubrir en nuestra tienda en l\u00ednea.<\/li>\n<\/ul>\n<p>Por eso es una magn\u00edfica idea de regalo para todos los amantes de las armas hist\u00f3ricas.<\/p>\n<p>En conclusi\u00f3n, puede utilizar este <strong>Colt Dragoon 1848<\/strong> para sus reconstrucciones y decorados hist\u00f3ricos.<\/p>\n<p>Por encima de todo, esta arma es un objeto de colecci\u00f3n y una pieza decorativa.<\/p>\n<p>R\u00e9plique Manga Cin\u00e9 es una empresa francesa y distribuidor oficial de la marca <a href=\"https:\/\/www.denix.fr\/fr\/catalogue\/guerre-civile-occidentale-et-americaine-1861-1899\/revolvers\/1055\/\" target=\"_blank\" rel=\"noopener noreferrer\">Denix<\/a>.<\/p>\n<h2>\u00bfC\u00f3mo se fabrican las r\u00e9plicas de armas Denix?<\/h2>\n<p>Utilizadas en recreaciones hist\u00f3ricas, pel\u00edculas, series y por coleccionistas. Las reproducciones Denix est\u00e1n fabricadas con materiales de alta calidad. Cuidadosamente elaboradas y ensambladas para crear armas de colecci\u00f3n realistas.<\/p>\n<ul>\n<li>Los metales se encuentran en una aleaci\u00f3n met\u00e1lica conocida como Zamac, cuya composici\u00f3n b\u00e1sica es zinc en 95%.<\/li>\n<li>Las piezas de pl\u00e1stico de las r\u00e9plicas son de ABS moldeado, que ofrece una gran resistencia.<\/li>\n<li>Las maderas elegidas por su belleza y durabilidad, como la caoba, el olivo o el nogal, dar\u00e1n a sus culatas y barricas un aspecto elegante y aut\u00e9ntico.<\/li>\n<\/ul>\n<p>Cabe se\u00f1alar que todas las reproducciones Denix son id\u00e9nticas a los originales, como su <strong>Colt Dragoon 1848<\/strong>.<\/p>","protected":false},"excerpt":{"rendered":"<p>Reproducci\u00f3n del Colt Dragoon Revolver 1848.<\/p>\n<ul>\n<li>Culata de madera maciza.<\/li>\n<li>Marco de Zamac.<\/li>\n<li>Grabado en el ca\u00f1\u00f3n.<\/li>\n<li>Se dispara y se estrella, pero es <strong>totalmente incapaz de disparar<\/strong>.<\/li>\n<li>No se requiere autorizaci\u00f3n. Venta y posesi\u00f3n libres.<\/li>\n<li>Dimensiones: 35 cm - Peso: 1.568 grs<\/li>\n<\/ul>","protected":false},"featured_media":26046,"template":"","meta":[],"product_brand":[896],"product_cat":[34,33,77,102,28,101,27],"product_tag":[],"class_list":{"0":"post-26045","1":"product","2":"type-product","3":"status-publish","4":"has-post-thumbnail","6":"product_brand-replique-manga-cine","7":"product_cat-armes-westerns","8":"product_cat-colt-pistolet","9":"product_cat-colt-revolver-western","10":"product_cat-denix","11":"product_cat-repliques-darmes","12":"product_cat-soldes","13":"product_cat-armes-et-accessoires-western","15":"first","16":"instock","17":"sale","18":"taxable","19":"shipping-taxable","20":"purchasable","21":"product-type-simple"},"yoast_head":"<!-- This site is optimized with the Yoast SEO plugin v27.4 - https:\/\/yoast.com\/product\/yoast-seo-wordpress\/ -->\n<title>Colt Dragoon 1848 - Reproduction Denix | R\u00e9plique Manga Cin\u00e9<\/title>\n<meta name=\"description\" content=\"Offre-lui ! Le Colt Dragoon 1848 de calibre 44 au meilleur prix - En m\u00e9tal - Crosse en bois - Barillet rotatif avec gravures - M\u00e9canisme fonctionnel - 35 cm\" \/>\n<meta name=\"robots\" content=\"index, follow, max-snippet:-1, max-image-preview:large, max-video-preview:-1\" \/>\n<link rel=\"canonical\" href=\"https:\/\/repliquemangacine.fr\/es\/revolver-colt-western\/colt-dragoon-1848\/\" \/>\n<meta property=\"og:locale\" content=\"es_ES\" \/>\n<meta property=\"og:type\" content=\"article\" \/>\n<meta property=\"og:title\" content=\"Colt Dragoon 1848 - Reproduction Denix | R\u00e9plique Manga Cin\u00e9\" \/>\n<meta property=\"og:description\" content=\"Offre-lui ! Le Colt Dragoon 1848 de calibre 44 au meilleur prix - En m\u00e9tal - Crosse en bois - Barillet rotatif avec gravures - M\u00e9canisme fonctionnel - 35 cm\" \/>\n<meta property=\"og:url\" content=\"https:\/\/repliquemangacine.fr\/es\/revolver-colt-western\/colt-dragoon-1848\/\" \/>\n<meta property=\"og:site_name\" content=\"R\u00e9plique Manga Cin\u00e9\" \/>\n<meta property=\"article:publisher\" content=\"https:\/\/www.facebook.com\/RepliqueMangaCine\" \/>\n<meta property=\"article:modified_time\" content=\"2026-04-15T11:02:41+00:00\" \/>\n<meta property=\"og:image\" content=\"https:\/\/repliquemangacine.fr\/wp-content\/uploads\/2023\/10\/758-Colt-Dragoon-Revolver-1848.jpg\" \/>\n\t<meta property=\"og:image:width\" content=\"800\" \/>\n\t<meta property=\"og:image:height\" content=\"800\" \/>\n\t<meta property=\"og:image:type\" content=\"image\/jpeg\" \/>\n<meta name=\"twitter:card\" content=\"summary_large_image\" \/>\n<meta name=\"twitter:label1\" content=\"Tiempo de lectura\" \/>\n\t<meta name=\"twitter:data1\" content=\"2 minutos\" \/>\n<script type=\"application\/ld+json\" class=\"yoast-schema-graph\">{\"@context\":\"https:\\\/\\\/schema.org\",\"@graph\":[{\"@type\":\"WebPage\",\"@id\":\"https:\\\/\\\/repliquemangacine.fr\\\/colt-revolver-western\\\/colt-dragoon-1848\\\/\",\"url\":\"https:\\\/\\\/repliquemangacine.fr\\\/colt-revolver-western\\\/colt-dragoon-1848\\\/\",\"name\":\"Colt Dragoon 1848 - Reproduction Denix | R\u00e9plique Manga Cin\u00e9\",\"isPartOf\":{\"@id\":\"https:\\\/\\\/repliquemangacine.fr\\\/#website\"},\"primaryImageOfPage\":{\"@id\":\"https:\\\/\\\/repliquemangacine.fr\\\/colt-revolver-western\\\/colt-dragoon-1848\\\/#primaryimage\"},\"image\":{\"@id\":\"https:\\\/\\\/repliquemangacine.fr\\\/colt-revolver-western\\\/colt-dragoon-1848\\\/#primaryimage\"},\"thumbnailUrl\":\"https:\\\/\\\/repliquemangacine.fr\\\/wp-content\\\/uploads\\\/2023\\\/10\\\/758-Colt-Dragoon-Revolver-1848.jpg\",\"datePublished\":\"2016-11-03T22:08:32+00:00\",\"dateModified\":\"2026-04-15T11:02:41+00:00\",\"description\":\"Offre-lui ! Le Colt Dragoon 1848 de calibre 44 au meilleur prix - En m\u00e9tal - Crosse en bois - Barillet rotatif avec gravures - M\u00e9canisme fonctionnel - 35 cm\",\"breadcrumb\":{\"@id\":\"https:\\\/\\\/repliquemangacine.fr\\\/colt-revolver-western\\\/colt-dragoon-1848\\\/#breadcrumb\"},\"inLanguage\":\"es\",\"potentialAction\":[{\"@type\":\"ReadAction\",\"target\":[\"https:\\\/\\\/repliquemangacine.fr\\\/colt-revolver-western\\\/colt-dragoon-1848\\\/\"]}]},{\"@type\":\"ImageObject\",\"inLanguage\":\"es\",\"@id\":\"https:\\\/\\\/repliquemangacine.fr\\\/colt-revolver-western\\\/colt-dragoon-1848\\\/#primaryimage\",\"url\":\"https:\\\/\\\/repliquemangacine.fr\\\/wp-content\\\/uploads\\\/2023\\\/10\\\/758-Colt-Dragoon-Revolver-1848.jpg\",\"contentUrl\":\"https:\\\/\\\/repliquemangacine.fr\\\/wp-content\\\/uploads\\\/2023\\\/10\\\/758-Colt-Dragoon-Revolver-1848.jpg\",\"width\":800,\"height\":800,\"caption\":\"Colt Dragoon Revolver 1848\"},{\"@type\":\"BreadcrumbList\",\"@id\":\"https:\\\/\\\/repliquemangacine.fr\\\/colt-revolver-western\\\/colt-dragoon-1848\\\/#breadcrumb\",\"itemListElement\":[{\"@type\":\"ListItem\",\"position\":1,\"name\":\"Accueil\",\"item\":\"https:\\\/\\\/repliquemangacine.fr\\\/\"},{\"@type\":\"ListItem\",\"position\":2,\"name\":\"Produits\",\"item\":\"https:\\\/\\\/repliquemangacine.fr\\\/boutique\\\/\"},{\"@type\":\"ListItem\",\"position\":3,\"name\":\"Colt Dragoon 1848\"}]},{\"@type\":\"WebSite\",\"@id\":\"https:\\\/\\\/repliquemangacine.fr\\\/#website\",\"url\":\"https:\\\/\\\/repliquemangacine.fr\\\/\",\"name\":\"R\u00e9plique Manga Cin\u00e9\",\"description\":\"\",\"publisher\":{\"@id\":\"https:\\\/\\\/repliquemangacine.fr\\\/#organization\"},\"potentialAction\":[{\"@type\":\"SearchAction\",\"target\":{\"@type\":\"EntryPoint\",\"urlTemplate\":\"https:\\\/\\\/repliquemangacine.fr\\\/?s={search_term_string}\"},\"query-input\":{\"@type\":\"PropertyValueSpecification\",\"valueRequired\":true,\"valueName\":\"search_term_string\"}}],\"inLanguage\":\"es\"},{\"@type\":\"Organization\",\"@id\":\"https:\\\/\\\/repliquemangacine.fr\\\/#organization\",\"name\":\"R\u00e9plique Manga Cin\u00e9\",\"url\":\"https:\\\/\\\/repliquemangacine.fr\\\/\",\"logo\":{\"@type\":\"ImageObject\",\"inLanguage\":\"es\",\"@id\":\"https:\\\/\\\/repliquemangacine.fr\\\/#\\\/schema\\\/logo\\\/image\\\/\",\"url\":\"https:\\\/\\\/repliquemangacine.fr\\\/wp-content\\\/uploads\\\/2023\\\/10\\\/RMC-500250.png\",\"contentUrl\":\"https:\\\/\\\/repliquemangacine.fr\\\/wp-content\\\/uploads\\\/2023\\\/10\\\/RMC-500250.png\",\"width\":500,\"height\":250,\"caption\":\"R\u00e9plique Manga Cin\u00e9\"},\"image\":{\"@id\":\"https:\\\/\\\/repliquemangacine.fr\\\/#\\\/schema\\\/logo\\\/image\\\/\"},\"sameAs\":[\"https:\\\/\\\/www.facebook.com\\\/RepliqueMangaCine\",\"https:\\\/\\\/www.instagram.com\\\/repliquemangacine.fr\\\/\"]}]}<\/script>\n<!-- \/ Yoast SEO plugin. -->","yoast_head_json":{"title":"Colt Dragoon 1848 - Reproducci\u00f3n Denix | R\u00e9plique Manga Cin\u00e9","description":"\u00a1Ofr\u00e9zcaselo! La Colt Dragoon 1848 calibre 44 al mejor precio - En metal - Culata de madera - Cilindro rotativo con grabados - Mecanismo funcional - 35 cm","robots":{"index":"index","follow":"follow","max-snippet":"max-snippet:-1","max-image-preview":"max-image-preview:large","max-video-preview":"max-video-preview:-1"},"canonical":"https:\/\/repliquemangacine.fr\/es\/revolver-colt-western\/colt-dragoon-1848\/","og_locale":"es_ES","og_type":"article","og_title":"Colt Dragoon 1848 - Reproduction Denix | R\u00e9plique Manga Cin\u00e9","og_description":"Offre-lui ! Le Colt Dragoon 1848 de calibre 44 au meilleur prix - En m\u00e9tal - Crosse en bois - Barillet rotatif avec gravures - M\u00e9canisme fonctionnel - 35 cm","og_url":"https:\/\/repliquemangacine.fr\/es\/revolver-colt-western\/colt-dragoon-1848\/","og_site_name":"R\u00e9plique Manga Cin\u00e9","article_publisher":"https:\/\/www.facebook.com\/RepliqueMangaCine","article_modified_time":"2026-04-15T11:02:41+00:00","og_image":[{"width":800,"height":800,"url":"https:\/\/repliquemangacine.fr\/wp-content\/uploads\/2023\/10\/758-Colt-Dragoon-Revolver-1848.jpg","type":"image\/jpeg"}],"twitter_card":"summary_large_image","twitter_misc":{"Tiempo de lectura":"2 minutos"},"schema":{"@context":"https:\/\/schema.org","@graph":[{"@type":"WebPage","@id":"https:\/\/repliquemangacine.fr\/colt-revolver-western\/colt-dragoon-1848\/","url":"https:\/\/repliquemangacine.fr\/colt-revolver-western\/colt-dragoon-1848\/","name":"Colt Dragoon 1848 - Reproducci\u00f3n Denix | R\u00e9plique Manga Cin\u00e9","isPartOf":{"@id":"https:\/\/repliquemangacine.fr\/#website"},"primaryImageOfPage":{"@id":"https:\/\/repliquemangacine.fr\/colt-revolver-western\/colt-dragoon-1848\/#primaryimage"},"image":{"@id":"https:\/\/repliquemangacine.fr\/colt-revolver-western\/colt-dragoon-1848\/#primaryimage"},"thumbnailUrl":"https:\/\/repliquemangacine.fr\/wp-content\/uploads\/2023\/10\/758-Colt-Dragoon-Revolver-1848.jpg","datePublished":"2016-11-03T22:08:32+00:00","dateModified":"2026-04-15T11:02:41+00:00","description":"\u00a1Ofr\u00e9zcaselo! La Colt Dragoon 1848 calibre 44 al mejor precio - En metal - Culata de madera - Cilindro rotativo con grabados - Mecanismo funcional - 35 cm","breadcrumb":{"@id":"https:\/\/repliquemangacine.fr\/colt-revolver-western\/colt-dragoon-1848\/#breadcrumb"},"inLanguage":"es","potentialAction":[{"@type":"ReadAction","target":["https:\/\/repliquemangacine.fr\/colt-revolver-western\/colt-dragoon-1848\/"]}]},{"@type":"ImageObject","inLanguage":"es","@id":"https:\/\/repliquemangacine.fr\/colt-revolver-western\/colt-dragoon-1848\/#primaryimage","url":"https:\/\/repliquemangacine.fr\/wp-content\/uploads\/2023\/10\/758-Colt-Dragoon-Revolver-1848.jpg","contentUrl":"https:\/\/repliquemangacine.fr\/wp-content\/uploads\/2023\/10\/758-Colt-Dragoon-Revolver-1848.jpg","width":800,"height":800,"caption":"Colt Dragoon Revolver 1848"},{"@type":"BreadcrumbList","@id":"https:\/\/repliquemangacine.fr\/colt-revolver-western\/colt-dragoon-1848\/#breadcrumb","itemListElement":[{"@type":"ListItem","position":1,"name":"Accueil","item":"https:\/\/repliquemangacine.fr\/"},{"@type":"ListItem","position":2,"name":"Produits","item":"https:\/\/repliquemangacine.fr\/boutique\/"},{"@type":"ListItem","position":3,"name":"Colt Dragoon 1848"}]},{"@type":"WebSite","@id":"https:\/\/repliquemangacine.fr\/#website","url":"https:\/\/repliquemangacine.fr\/","name":"R\u00e9plique Manga Cin\u00e9","description":"","publisher":{"@id":"https:\/\/repliquemangacine.fr\/#organization"},"potentialAction":[{"@type":"SearchAction","target":{"@type":"EntryPoint","urlTemplate":"https:\/\/repliquemangacine.fr\/?s={search_term_string}"},"query-input":{"@type":"PropertyValueSpecification","valueRequired":true,"valueName":"search_term_string"}}],"inLanguage":"es"},{"@type":"Organization","@id":"https:\/\/repliquemangacine.fr\/#organization","name":"R\u00e9plique Manga Cin\u00e9","url":"https:\/\/repliquemangacine.fr\/","logo":{"@type":"ImageObject","inLanguage":"es","@id":"https:\/\/repliquemangacine.fr\/#\/schema\/logo\/image\/","url":"https:\/\/repliquemangacine.fr\/wp-content\/uploads\/2023\/10\/RMC-500250.png","contentUrl":"https:\/\/repliquemangacine.fr\/wp-content\/uploads\/2023\/10\/RMC-500250.png","width":500,"height":250,"caption":"R\u00e9plique Manga Cin\u00e9"},"image":{"@id":"https:\/\/repliquemangacine.fr\/#\/schema\/logo\/image\/"},"sameAs":["https:\/\/www.facebook.com\/RepliqueMangaCine","https:\/\/www.instagram.com\/repliquemangacine.fr\/"]}]}},"_links":{"self":[{"href":"https:\/\/repliquemangacine.fr\/es\/wp-json\/wp\/v2\/product\/26045","targetHints":{"allow":["GET"]}}],"collection":[{"href":"https:\/\/repliquemangacine.fr\/es\/wp-json\/wp\/v2\/product"}],"about":[{"href":"https:\/\/repliquemangacine.fr\/es\/wp-json\/wp\/v2\/types\/product"}],"wp:featuredmedia":[{"embeddable":true,"href":"https:\/\/repliquemangacine.fr\/es\/wp-json\/wp\/v2\/media\/26046"}],"wp:attachment":[{"href":"https:\/\/repliquemangacine.fr\/es\/wp-json\/wp\/v2\/media?parent=26045"}],"wp:term":[{"taxonomy":"product_brand","embeddable":true,"href":"https:\/\/repliquemangacine.fr\/es\/wp-json\/wp\/v2\/product_brand?post=26045"},{"taxonomy":"product_cat","embeddable":true,"href":"https:\/\/repliquemangacine.fr\/es\/wp-json\/wp\/v2\/product_cat?post=26045"},{"taxonomy":"product_tag","embeddable":true,"href":"https:\/\/repliquemangacine.fr\/es\/wp-json\/wp\/v2\/product_tag?post=26045"}],"curies":[{"name":"wp","href":"https:\/\/api.w.org\/{rel}","templated":true}]}}