





{"id":25959,"date":"2016-11-01T14:38:17","date_gmt":"2016-11-01T13:38:17","guid":{"rendered":"https:\/\/repliquemangacine.fr\/?post_type=product&#038;p=25959"},"modified":"2026-04-12T19:12:05","modified_gmt":"2026-04-12T17:12:05","slug":"colt-buntline-especial-wyatt-earp-1873","status":"publish","type":"product","link":"https:\/\/repliquemangacine.fr\/es\/colt-revolver-western\/colt-buntline-special-wyatt-earp-1873\/","title":{"rendered":"Buntline Especial Wyatt Earp 1873"},"content":{"rendered":"<h2>Rev\u00f3lver Wyatt Earp Buntline - Denix<\/h2>\n<p>Para empezar, el <strong>Rev\u00f3lver Buntline Wyatt Earp, <\/strong>La variante m\u00e1s famosa del Single Action Army. La caracter\u00edstica m\u00e1s destacada del rev\u00f3lver es su ca\u00f1\u00f3n excepcionalmente largo, que var\u00eda entre diez y diecis\u00e9is pulgadas.<\/p>\n<p>El autor Stuart N. Lake cre\u00f3 el Buntline al escribir la biograf\u00eda de Wyatt Earp en 1931. De hecho, Lake los describe como rev\u00f3lveres Colt Single Action Army extralargos, de 12 pulgadas (300 mm) de largo. Se supone que Buntline se los regal\u00f3 a los agentes de la ley en agradecimiento por su ayuda para aportar un \u00abtoque local\u00bb a sus novelas del Oeste.<\/p>\n<p>Tras la publicaci\u00f3n del libro de Lake, varios rev\u00f3lveres Colt de ca\u00f1\u00f3n largo (10\u2033 o 16\u2033) reciben el nombre de \u201cColt Buntlines\u201d.<\/p>\n<p>Cabe destacar que a finales de la d\u00e9cada de 1970 tambi\u00e9n se fabricaron algunos Buntlines de tercera generaci\u00f3n.<\/p>\n<h2>Tu Revolver Wyatt Earp Buntline al mejor precio.<\/h2>\n<p>Le ofrecemos una amplia selecci\u00f3n de reproducciones de armas Denix a los precios m\u00e1s bajos del mercado.<\/p>\n<p>Lo primero y m\u00e1s importante,<\/p>\n<ul>\n<li>Le<a href=\"https:\/\/repliquemangacine.fr\/es\/revolver-colts\/revolver-colt-navy-1851\/\"> Colt Navy 1851<\/a> con sus grabados de Denix.<\/li>\n<li>As\u00ed como el <a href=\"https:\/\/repliquemangacine.fr\/es\/pistola-kolser\/coffret-colt-45-saa-31cm-laiton-1873-kolser\/\">estuche colt SAA<\/a> de lat\u00f3n con balas falsas de Kolser.<\/li>\n<li>Y muchos m\u00e1s por descubrir en nuestra tienda en l\u00ednea.<\/li>\n<\/ul>\n<p>Por eso es una gran idea de regalo para coleccionistas o aficionados a las pel\u00edculas del Oeste.<\/p>\n<p>En conclusi\u00f3n, puede utilizar el <strong>Rev\u00f3lver Wyatt Earp Buntline<\/strong> para sus demostraciones de Westerns o veladas tem\u00e1ticas.<\/p>\n<p>Para concluir, le recordamos que solo se trata de armas falsas que no suponen ning\u00fan peligro.<\/p>\n<p>R\u00e9plique Manga Cin\u00e9 es una empresa francesa y distribuidora oficial de la marca. <a href=\"https:\/\/www.denix.fr\/\" target=\"_blank\" rel=\"noopener noreferrer\">Denix<\/a>.<\/p>\n<h2>\u00bfC\u00f3mo se fabrican las r\u00e9plicas de armas Denix?<\/h2>\n<p>Utilizadas en recreaciones hist\u00f3ricas, pel\u00edculas, series y por coleccionistas. Las reproducciones Denix est\u00e1n fabricadas con materiales de alta calidad. Cuidadosamente elaboradas y ensambladas para crear armas de colecci\u00f3n realistas.<\/p>\n<ul>\n<li>Los metales se encuentran en una aleaci\u00f3n met\u00e1lica conocida como Zamac, cuya composici\u00f3n b\u00e1sica es zinc en 95%.<\/li>\n<li>Las piezas de pl\u00e1stico de las r\u00e9plicas son de ABS moldeado, que ofrece una gran resistencia.<\/li>\n<li>Las maderas elegidas por su belleza y durabilidad, como la caoba, el olivo o el nogal, dar\u00e1n a sus culatas y barricas un aspecto elegante y aut\u00e9ntico.<\/li>\n<\/ul>\n<p>Cabe se\u00f1alar que todas las reproducciones Denix son id\u00e9nticas a los originales, como su <strong>Rev\u00f3lver Wyatt Earp Buntline<\/strong>.<\/p>","protected":false},"excerpt":{"rendered":"<p>Especial de Buntline del legendario Wyatt Earp.<\/p>\n<ul>\n<li>Ca\u00f1\u00f3n largo 12 pulgadas (30,5 cm)<\/li>\n<li>Calibre 45.<\/li>\n<li>Culata de madera maciza.<\/li>\n<li>Mecanismo y ca\u00f1\u00f3n de Zamac.<\/li>\n<li>Armas y huelgas.<\/li>\n<li>No apto para disparar.<\/li>\n<li>No se requiere autorizaci\u00f3n.<\/li>\n<li>Venta y posesi\u00f3n libres.<\/li>\n<li>Longitud total: 46 cm - Peso: 1100 g<\/li>\n<\/ul>","protected":false},"featured_media":25960,"template":"","meta":[],"product_brand":[896],"product_cat":[34,33,77,102,28,101,27],"product_tag":[],"class_list":{"0":"post-25959","1":"product","2":"type-product","3":"status-publish","4":"has-post-thumbnail","6":"product_brand-replique-manga-cine","7":"product_cat-armes-westerns","8":"product_cat-colt-pistolet","9":"product_cat-colt-revolver-western","10":"product_cat-denix","11":"product_cat-repliques-darmes","12":"product_cat-soldes","13":"product_cat-armes-et-accessoires-western","15":"first","16":"outofstock","17":"sale","18":"taxable","19":"shipping-taxable","20":"purchasable","21":"product-type-simple"},"yoast_head":"<!-- This site is optimized with the Yoast SEO plugin v27.5 - https:\/\/yoast.com\/product\/yoast-seo-wordpress\/ -->\n<title>Revolver Buntline Wyatt Earp - Arme Denix | Replique Manga Cine<\/title>\n<meta name=\"description\" content=\"D\u00e9couvrez le Revolver Buntline Wyatt Earp au meilleur prix - En m\u00e9tal - Crosse en bois - M\u00e9canisme fonctionnel - Barillet rotatif - Longueur totale : 46 cm\" \/>\n<meta name=\"robots\" content=\"index, follow, max-snippet:-1, max-image-preview:large, max-video-preview:-1\" \/>\n<link rel=\"canonical\" href=\"https:\/\/repliquemangacine.fr\/es\/denix\/colt-buntline-especial-wyatt-earp-1873\/\" \/>\n<meta property=\"og:locale\" content=\"es_ES\" \/>\n<meta property=\"og:type\" content=\"article\" \/>\n<meta property=\"og:title\" content=\"Revolver Buntline Wyatt Earp - Arme Denix | Replique Manga Cine\" \/>\n<meta property=\"og:description\" content=\"D\u00e9couvrez le Revolver Buntline Wyatt Earp au meilleur prix - En m\u00e9tal - Crosse en bois - M\u00e9canisme fonctionnel - Barillet rotatif - Longueur totale : 46 cm\" \/>\n<meta property=\"og:url\" content=\"https:\/\/repliquemangacine.fr\/es\/denix\/colt-buntline-especial-wyatt-earp-1873\/\" \/>\n<meta property=\"og:site_name\" content=\"R\u00e9plique Manga Cin\u00e9\" \/>\n<meta property=\"article:publisher\" content=\"https:\/\/www.facebook.com\/RepliqueMangaCine\" \/>\n<meta property=\"article:modified_time\" content=\"2026-04-12T17:12:05+00:00\" \/>\n<meta property=\"og:image\" content=\"https:\/\/repliquemangacine.fr\/wp-content\/uploads\/2023\/10\/683-Replique-Colt-Buntline-Special-Wyatt-Earp-1873.jpg\" \/>\n\t<meta property=\"og:image:width\" content=\"800\" \/>\n\t<meta property=\"og:image:height\" content=\"800\" \/>\n\t<meta property=\"og:image:type\" content=\"image\/jpeg\" \/>\n<meta name=\"twitter:card\" content=\"summary_large_image\" \/>\n<meta name=\"twitter:label1\" content=\"Tiempo de lectura\" \/>\n\t<meta name=\"twitter:data1\" content=\"2 minutos\" \/>\n<script type=\"application\/ld+json\" class=\"yoast-schema-graph\">{\"@context\":\"https:\\\/\\\/schema.org\",\"@graph\":[{\"@type\":\"WebPage\",\"@id\":\"https:\\\/\\\/repliquemangacine.fr\\\/en\\\/denix\\\/colt-buntline-special-wyatt-earp-1873\\\/\",\"url\":\"https:\\\/\\\/repliquemangacine.fr\\\/en\\\/denix\\\/colt-buntline-special-wyatt-earp-1873\\\/\",\"name\":\"Revolver Buntline Wyatt Earp - Arme Denix | Replique Manga Cine\",\"isPartOf\":{\"@id\":\"https:\\\/\\\/repliquemangacine.fr\\\/#website\"},\"primaryImageOfPage\":{\"@id\":\"https:\\\/\\\/repliquemangacine.fr\\\/en\\\/denix\\\/colt-buntline-special-wyatt-earp-1873\\\/#primaryimage\"},\"image\":{\"@id\":\"https:\\\/\\\/repliquemangacine.fr\\\/en\\\/denix\\\/colt-buntline-special-wyatt-earp-1873\\\/#primaryimage\"},\"thumbnailUrl\":\"https:\\\/\\\/repliquemangacine.fr\\\/wp-content\\\/uploads\\\/2023\\\/10\\\/683-Replique-Colt-Buntline-Special-Wyatt-Earp-1873.jpg\",\"datePublished\":\"2016-11-01T13:38:17+00:00\",\"dateModified\":\"2026-04-12T17:12:05+00:00\",\"description\":\"D\u00e9couvrez le Revolver Buntline Wyatt Earp au meilleur prix - En m\u00e9tal - Crosse en bois - M\u00e9canisme fonctionnel - Barillet rotatif - Longueur totale : 46 cm\",\"breadcrumb\":{\"@id\":\"https:\\\/\\\/repliquemangacine.fr\\\/en\\\/denix\\\/colt-buntline-special-wyatt-earp-1873\\\/#breadcrumb\"},\"inLanguage\":\"es\",\"potentialAction\":[{\"@type\":\"ReadAction\",\"target\":[\"https:\\\/\\\/repliquemangacine.fr\\\/en\\\/denix\\\/colt-buntline-special-wyatt-earp-1873\\\/\"]}]},{\"@type\":\"ImageObject\",\"inLanguage\":\"es\",\"@id\":\"https:\\\/\\\/repliquemangacine.fr\\\/en\\\/denix\\\/colt-buntline-special-wyatt-earp-1873\\\/#primaryimage\",\"url\":\"https:\\\/\\\/repliquemangacine.fr\\\/wp-content\\\/uploads\\\/2023\\\/10\\\/683-Replique-Colt-Buntline-Special-Wyatt-Earp-1873.jpg\",\"contentUrl\":\"https:\\\/\\\/repliquemangacine.fr\\\/wp-content\\\/uploads\\\/2023\\\/10\\\/683-Replique-Colt-Buntline-Special-Wyatt-Earp-1873.jpg\",\"width\":800,\"height\":800,\"caption\":\"Revolver Buntline Sp\u00e9cial Wyatt Earp 1873...\"},{\"@type\":\"BreadcrumbList\",\"@id\":\"https:\\\/\\\/repliquemangacine.fr\\\/en\\\/denix\\\/colt-buntline-special-wyatt-earp-1873\\\/#breadcrumb\",\"itemListElement\":[{\"@type\":\"ListItem\",\"position\":1,\"name\":\"Accueil\",\"item\":\"https:\\\/\\\/repliquemangacine.fr\\\/\"},{\"@type\":\"ListItem\",\"position\":2,\"name\":\"Produits\",\"item\":\"https:\\\/\\\/repliquemangacine.fr\\\/boutique\\\/\"},{\"@type\":\"ListItem\",\"position\":3,\"name\":\"Buntline Sp\u00e9cial Wyatt Earp 1873\"}]},{\"@type\":\"WebSite\",\"@id\":\"https:\\\/\\\/repliquemangacine.fr\\\/#website\",\"url\":\"https:\\\/\\\/repliquemangacine.fr\\\/\",\"name\":\"R\u00e9plique Manga Cin\u00e9\",\"description\":\"\",\"publisher\":{\"@id\":\"https:\\\/\\\/repliquemangacine.fr\\\/#organization\"},\"potentialAction\":[{\"@type\":\"SearchAction\",\"target\":{\"@type\":\"EntryPoint\",\"urlTemplate\":\"https:\\\/\\\/repliquemangacine.fr\\\/?s={search_term_string}\"},\"query-input\":{\"@type\":\"PropertyValueSpecification\",\"valueRequired\":true,\"valueName\":\"search_term_string\"}}],\"inLanguage\":\"es\"},{\"@type\":\"Organization\",\"@id\":\"https:\\\/\\\/repliquemangacine.fr\\\/#organization\",\"name\":\"R\u00e9plique Manga Cin\u00e9\",\"url\":\"https:\\\/\\\/repliquemangacine.fr\\\/\",\"logo\":{\"@type\":\"ImageObject\",\"inLanguage\":\"es\",\"@id\":\"https:\\\/\\\/repliquemangacine.fr\\\/#\\\/schema\\\/logo\\\/image\\\/\",\"url\":\"https:\\\/\\\/repliquemangacine.fr\\\/wp-content\\\/uploads\\\/2023\\\/10\\\/RMC-500250.png\",\"contentUrl\":\"https:\\\/\\\/repliquemangacine.fr\\\/wp-content\\\/uploads\\\/2023\\\/10\\\/RMC-500250.png\",\"width\":500,\"height\":250,\"caption\":\"R\u00e9plique Manga Cin\u00e9\"},\"image\":{\"@id\":\"https:\\\/\\\/repliquemangacine.fr\\\/#\\\/schema\\\/logo\\\/image\\\/\"},\"sameAs\":[\"https:\\\/\\\/www.facebook.com\\\/RepliqueMangaCine\",\"https:\\\/\\\/www.instagram.com\\\/repliquemangacine.fr\\\/\"]}]}<\/script>\n<!-- \/ Yoast SEO plugin. -->","yoast_head_json":{"title":"Revolver Buntline Wyatt Earp - Arma Denix | Replica Manga Cine","description":"Descubra el Rev\u00f3lver Buntline Wyatt Earp al mejor precio - De metal - Culata de madera - Mecanismo funcional - Ca\u00f1\u00f3n giratorio - Longitud total: 46 cm","robots":{"index":"index","follow":"follow","max-snippet":"max-snippet:-1","max-image-preview":"max-image-preview:large","max-video-preview":"max-video-preview:-1"},"canonical":"https:\/\/repliquemangacine.fr\/es\/denix\/colt-buntline-especial-wyatt-earp-1873\/","og_locale":"es_ES","og_type":"article","og_title":"Revolver Buntline Wyatt Earp - Arme Denix | Replique Manga Cine","og_description":"D\u00e9couvrez le Revolver Buntline Wyatt Earp au meilleur prix - En m\u00e9tal - Crosse en bois - M\u00e9canisme fonctionnel - Barillet rotatif - Longueur totale : 46 cm","og_url":"https:\/\/repliquemangacine.fr\/es\/denix\/colt-buntline-especial-wyatt-earp-1873\/","og_site_name":"R\u00e9plique Manga Cin\u00e9","article_publisher":"https:\/\/www.facebook.com\/RepliqueMangaCine","article_modified_time":"2026-04-12T17:12:05+00:00","og_image":[{"width":800,"height":800,"url":"https:\/\/repliquemangacine.fr\/wp-content\/uploads\/2023\/10\/683-Replique-Colt-Buntline-Special-Wyatt-Earp-1873.jpg","type":"image\/jpeg"}],"twitter_card":"summary_large_image","twitter_misc":{"Tiempo de lectura":"2 minutos"},"schema":{"@context":"https:\/\/schema.org","@graph":[{"@type":"WebPage","@id":"https:\/\/repliquemangacine.fr\/en\/denix\/colt-buntline-special-wyatt-earp-1873\/","url":"https:\/\/repliquemangacine.fr\/en\/denix\/colt-buntline-special-wyatt-earp-1873\/","name":"Revolver Buntline Wyatt Earp - Arma Denix | Replica Manga Cine","isPartOf":{"@id":"https:\/\/repliquemangacine.fr\/#website"},"primaryImageOfPage":{"@id":"https:\/\/repliquemangacine.fr\/en\/denix\/colt-buntline-special-wyatt-earp-1873\/#primaryimage"},"image":{"@id":"https:\/\/repliquemangacine.fr\/en\/denix\/colt-buntline-special-wyatt-earp-1873\/#primaryimage"},"thumbnailUrl":"https:\/\/repliquemangacine.fr\/wp-content\/uploads\/2023\/10\/683-Replique-Colt-Buntline-Special-Wyatt-Earp-1873.jpg","datePublished":"2016-11-01T13:38:17+00:00","dateModified":"2026-04-12T17:12:05+00:00","description":"Descubra el Rev\u00f3lver Buntline Wyatt Earp al mejor precio - De metal - Culata de madera - Mecanismo funcional - Ca\u00f1\u00f3n giratorio - Longitud total: 46 cm","breadcrumb":{"@id":"https:\/\/repliquemangacine.fr\/en\/denix\/colt-buntline-special-wyatt-earp-1873\/#breadcrumb"},"inLanguage":"es","potentialAction":[{"@type":"ReadAction","target":["https:\/\/repliquemangacine.fr\/en\/denix\/colt-buntline-special-wyatt-earp-1873\/"]}]},{"@type":"ImageObject","inLanguage":"es","@id":"https:\/\/repliquemangacine.fr\/en\/denix\/colt-buntline-special-wyatt-earp-1873\/#primaryimage","url":"https:\/\/repliquemangacine.fr\/wp-content\/uploads\/2023\/10\/683-Replique-Colt-Buntline-Special-Wyatt-Earp-1873.jpg","contentUrl":"https:\/\/repliquemangacine.fr\/wp-content\/uploads\/2023\/10\/683-Replique-Colt-Buntline-Special-Wyatt-Earp-1873.jpg","width":800,"height":800,"caption":"Revolver Buntline Sp\u00e9cial Wyatt Earp 1873..."},{"@type":"BreadcrumbList","@id":"https:\/\/repliquemangacine.fr\/en\/denix\/colt-buntline-special-wyatt-earp-1873\/#breadcrumb","itemListElement":[{"@type":"ListItem","position":1,"name":"Accueil","item":"https:\/\/repliquemangacine.fr\/"},{"@type":"ListItem","position":2,"name":"Produits","item":"https:\/\/repliquemangacine.fr\/boutique\/"},{"@type":"ListItem","position":3,"name":"Buntline Sp\u00e9cial Wyatt Earp 1873"}]},{"@type":"WebSite","@id":"https:\/\/repliquemangacine.fr\/#website","url":"https:\/\/repliquemangacine.fr\/","name":"R\u00e9plique Manga Cin\u00e9","description":"","publisher":{"@id":"https:\/\/repliquemangacine.fr\/#organization"},"potentialAction":[{"@type":"SearchAction","target":{"@type":"EntryPoint","urlTemplate":"https:\/\/repliquemangacine.fr\/?s={search_term_string}"},"query-input":{"@type":"PropertyValueSpecification","valueRequired":true,"valueName":"search_term_string"}}],"inLanguage":"es"},{"@type":"Organization","@id":"https:\/\/repliquemangacine.fr\/#organization","name":"R\u00e9plique Manga Cin\u00e9","url":"https:\/\/repliquemangacine.fr\/","logo":{"@type":"ImageObject","inLanguage":"es","@id":"https:\/\/repliquemangacine.fr\/#\/schema\/logo\/image\/","url":"https:\/\/repliquemangacine.fr\/wp-content\/uploads\/2023\/10\/RMC-500250.png","contentUrl":"https:\/\/repliquemangacine.fr\/wp-content\/uploads\/2023\/10\/RMC-500250.png","width":500,"height":250,"caption":"R\u00e9plique Manga Cin\u00e9"},"image":{"@id":"https:\/\/repliquemangacine.fr\/#\/schema\/logo\/image\/"},"sameAs":["https:\/\/www.facebook.com\/RepliqueMangaCine","https:\/\/www.instagram.com\/repliquemangacine.fr\/"]}]}},"_links":{"self":[{"href":"https:\/\/repliquemangacine.fr\/es\/wp-json\/wp\/v2\/product\/25959","targetHints":{"allow":["GET"]}}],"collection":[{"href":"https:\/\/repliquemangacine.fr\/es\/wp-json\/wp\/v2\/product"}],"about":[{"href":"https:\/\/repliquemangacine.fr\/es\/wp-json\/wp\/v2\/types\/product"}],"wp:featuredmedia":[{"embeddable":true,"href":"https:\/\/repliquemangacine.fr\/es\/wp-json\/wp\/v2\/media\/25960"}],"wp:attachment":[{"href":"https:\/\/repliquemangacine.fr\/es\/wp-json\/wp\/v2\/media?parent=25959"}],"wp:term":[{"taxonomy":"product_brand","embeddable":true,"href":"https:\/\/repliquemangacine.fr\/es\/wp-json\/wp\/v2\/product_brand?post=25959"},{"taxonomy":"product_cat","embeddable":true,"href":"https:\/\/repliquemangacine.fr\/es\/wp-json\/wp\/v2\/product_cat?post=25959"},{"taxonomy":"product_tag","embeddable":true,"href":"https:\/\/repliquemangacine.fr\/es\/wp-json\/wp\/v2\/product_tag?post=25959"}],"curies":[{"name":"wp","href":"https:\/\/api.w.org\/{rel}","templated":true}]}}