





{"id":25930,"date":"2016-10-27T19:10:09","date_gmt":"2016-10-27T17:10:09","guid":{"rendered":"https:\/\/repliquemangacine.fr\/?post_type=product&#038;p=25930"},"modified":"2026-04-15T13:06:59","modified_gmt":"2026-04-15T11:06:59","slug":"cinturon-sheriff-funda-simple-denix-cuero","status":"publish","type":"product","link":"https:\/\/repliquemangacine.fr\/es\/holster-accessoires-western\/ceinturon-sheriff-holster-simple-cuir-denix\/","title":{"rendered":"Funda de sheriff"},"content":{"rendered":"<h2>Cintur\u00f3n del sheriff - Denix<\/h2>\n<p>Para empezar, el <strong>Cintur\u00f3n de sheriff<\/strong>, funda de cuero semirr\u00edgida unida a un cintur\u00f3n y colgada en la parte superior del muslo para guardar una pistola.<\/p>\n<p>Utilizado en Estados Unidos en el siglo XVIII y principios del XIX. Permite a su portador tener siempre su arma a mano y sacarla con bastante rapidez. Popularizado en las pel\u00edculas del oeste y en famosas escenas de duelos.<\/p>\n<p>Cabe destacar que la extracci\u00f3n de la pistola en algunas pel\u00edculas es bastante espectacular y se pueden ver proezas t\u00e9cnicas para volver a colocarla en su sitio.<\/p>\n<p>Fabricado en Espa\u00f1a en los talleres de Denix, totalmente hecho y cosido a mano.<\/p>\n<h2>Su cintur\u00f3n de sheriff al mejor precio.<\/h2>\n<p>R\u00e9plique Manga Cin\u00e9 le ofrece esta funda de cuero semirr\u00edgida. Es la compa\u00f1era perfecta para tus potros y rev\u00f3lveres, como :<\/p>\n<ul>\n<li>Esta funda de cuero para rev\u00f3lver combinar\u00e1 perfectamente con nuestra <a href=\"https:\/\/repliquemangacine.fr\/es\/revolver-colts\/colt-peacemaker-le-frontier-saa-1873\/\">Colt Peacemaker- el Frontalier-S.A.A 1873<\/a>.<\/li>\n<li>As\u00ed como el <a href=\"https:\/\/repliquemangacine.fr\/es\/pistola-colt\/colt-peacemaker-aspect-nickelee-le-frontier-saa-1873\/\">Colt Peacemaker en acabado niquelado.<\/a><\/li>\n<li>Y muchos m\u00e1s por descubrir en nuestra tienda en l\u00ednea.<\/li>\n<\/ul>\n<p>Por eso, esta es una magn\u00edfica idea de regalo para todos los amantes del western.<\/p>\n<p>En conclusi\u00f3n, puede utilizar este <strong>Cintur\u00f3n de sheriff<\/strong> para complementar tus conjuntos y completar tu colecci\u00f3n.<\/p>\n<p>R\u00e9plique Manga Cin\u00e9 es una empresa familiar francesa distribuidora de la marca <a href=\"https:\/\/www.denix.fr\/fr\/catalogue\/guerre-civile-occidentale-et-americaine-1861-1899\/cartouches-et-etuis-en-cuir\/721\/\" target=\"_blank\" rel=\"noopener noreferrer\">Denix<\/a>.<\/p>\n<h2>\u00bfC\u00f3mo se fabrican sus objetos de colecci\u00f3n?<\/h2>\n<p>Para empezar, todos nuestros productos derivados son de la m\u00e1xima calidad, fabricados con meticulosa atenci\u00f3n al detalle. Una parte se hace a mano, para reproducir hasta el m\u00e1s m\u00ednimo detalle. Las partes m\u00e1s importantes se mecanizan con m\u00e1quinas muy precisas. Los grabados se hacen generalmente con punta de diamante o l\u00e1ser.<\/p>\n<p>Por cierto, su <strong>Cintur\u00f3n de sheriff<\/strong>, fabricado para reproducir con exactitud todos los detalles. Con el fin de estar a la altura del legado de las obras maestras originales. Se hace hincapi\u00e9 en la creaci\u00f3n de r\u00e9plicas de alta calidad que sean lo m\u00e1s precisas posible desde el punto de vista hist\u00f3rico.<\/p>\n<p>En conclusi\u00f3n, importadas de China, Espa\u00f1a o la India, \u00a1nuestras r\u00e9plicas le sorprender\u00e1n!<\/p>","protected":false},"excerpt":{"rendered":"<p>Cintur\u00f3n western de alta calidad en cuero grueso moldeado.<\/p>\n<ul>\n<li>Hecho y cosido a mano.<\/li>\n<li>Decorado con motivos y un \u00e1guila grabada.<\/li>\n<li>Piel aut\u00e9ntica.<\/li>\n<li>Hebilla de cintur\u00f3n met\u00e1lica.<\/li>\n<li>Correas de sujeci\u00f3n para las piernas.<\/li>\n<li>Cinta de cartuchos.<\/li>\n<li>Se suministra con 24 balas falsas y una estrella de Sheriff<\/li>\n<li>Longitud: 130 cm<\/li>\n<\/ul>","protected":false},"featured_media":25931,"template":"","meta":[],"product_brand":[896],"product_cat":[34,102,45,90,28,27],"product_tag":[],"class_list":{"0":"post-25930","1":"product","2":"type-product","3":"status-publish","4":"has-post-thumbnail","6":"product_brand-replique-manga-cine","7":"product_cat-armes-westerns","8":"product_cat-denix","9":"product_cat-holster-western-ceinturon","10":"product_cat-holster-accessoires-western","11":"product_cat-repliques-darmes","12":"product_cat-armes-et-accessoires-western","14":"first","15":"instock","16":"taxable","17":"shipping-taxable","18":"purchasable","19":"product-type-simple"},"yoast_head":"<!-- This site is optimized with the Yoast SEO plugin v27.4 - https:\/\/yoast.com\/product\/yoast-seo-wordpress\/ -->\n<title>Ceinturon de Sh\u00e9riff - Denix - Vente d&#039;accessoires westerns | RMC<\/title>\n<meta name=\"description\" content=\"Offrez-vous ce Ceinturon de Sh\u00e9riff au meilleur prix - Enti\u00e8rement fabriqu\u00e9 \u00e0 la main - Cuir semi-rigide. \u00c9toile de sh\u00e9riff en acier - Longueur : 130 cm\" \/>\n<meta name=\"robots\" content=\"index, follow, max-snippet:-1, max-image-preview:large, max-video-preview:-1\" \/>\n<link rel=\"canonical\" href=\"https:\/\/repliquemangacine.fr\/es\/accesorios-western-funda\/cinturon-sheriff-funda-simple-denix-cuero\/\" \/>\n<meta property=\"og:locale\" content=\"es_ES\" \/>\n<meta property=\"og:type\" content=\"article\" \/>\n<meta property=\"og:title\" content=\"Ceinturon de Sh\u00e9riff - Denix - Vente d&#039;accessoires westerns | RMC\" \/>\n<meta property=\"og:description\" content=\"Offrez-vous ce Ceinturon de Sh\u00e9riff au meilleur prix - Enti\u00e8rement fabriqu\u00e9 \u00e0 la main - Cuir semi-rigide. \u00c9toile de sh\u00e9riff en acier - Longueur : 130 cm\" \/>\n<meta property=\"og:url\" content=\"https:\/\/repliquemangacine.fr\/es\/accesorios-western-funda\/cinturon-sheriff-funda-simple-denix-cuero\/\" \/>\n<meta property=\"og:site_name\" content=\"R\u00e9plique Manga Cin\u00e9\" \/>\n<meta property=\"article:publisher\" content=\"https:\/\/www.facebook.com\/RepliqueMangaCine\" \/>\n<meta property=\"article:modified_time\" content=\"2026-04-15T11:06:59+00:00\" \/>\n<meta property=\"og:image\" content=\"https:\/\/repliquemangacine.fr\/wp-content\/uploads\/2023\/10\/662-Ceinturon-Sheriff-avec-insigne-Holster-simple.jpg\" \/>\n\t<meta property=\"og:image:width\" content=\"800\" \/>\n\t<meta property=\"og:image:height\" content=\"800\" \/>\n\t<meta property=\"og:image:type\" content=\"image\/jpeg\" \/>\n<meta name=\"twitter:card\" content=\"summary_large_image\" \/>\n<meta name=\"twitter:label1\" content=\"Tiempo de lectura\" \/>\n\t<meta name=\"twitter:data1\" content=\"2 minutos\" \/>\n<script type=\"application\/ld+json\" class=\"yoast-schema-graph\">{\"@context\":\"https:\\\/\\\/schema.org\",\"@graph\":[{\"@type\":\"WebPage\",\"@id\":\"https:\\\/\\\/repliquemangacine.fr\\\/holster-accessoires-western\\\/ceinturon-sheriff-holster-simple-cuir-denix\\\/\",\"url\":\"https:\\\/\\\/repliquemangacine.fr\\\/holster-accessoires-western\\\/ceinturon-sheriff-holster-simple-cuir-denix\\\/\",\"name\":\"Ceinturon de Sh\u00e9riff - Denix - Vente d'accessoires westerns | RMC\",\"isPartOf\":{\"@id\":\"https:\\\/\\\/repliquemangacine.fr\\\/#website\"},\"primaryImageOfPage\":{\"@id\":\"https:\\\/\\\/repliquemangacine.fr\\\/holster-accessoires-western\\\/ceinturon-sheriff-holster-simple-cuir-denix\\\/#primaryimage\"},\"image\":{\"@id\":\"https:\\\/\\\/repliquemangacine.fr\\\/holster-accessoires-western\\\/ceinturon-sheriff-holster-simple-cuir-denix\\\/#primaryimage\"},\"thumbnailUrl\":\"https:\\\/\\\/repliquemangacine.fr\\\/wp-content\\\/uploads\\\/2023\\\/10\\\/662-Ceinturon-Sheriff-avec-insigne-Holster-simple.jpg\",\"datePublished\":\"2016-10-27T17:10:09+00:00\",\"dateModified\":\"2026-04-15T11:06:59+00:00\",\"description\":\"Offrez-vous ce Ceinturon de Sh\u00e9riff au meilleur prix - Enti\u00e8rement fabriqu\u00e9 \u00e0 la main - Cuir semi-rigide. \u00c9toile de sh\u00e9riff en acier - Longueur : 130 cm\",\"breadcrumb\":{\"@id\":\"https:\\\/\\\/repliquemangacine.fr\\\/holster-accessoires-western\\\/ceinturon-sheriff-holster-simple-cuir-denix\\\/#breadcrumb\"},\"inLanguage\":\"es\",\"potentialAction\":[{\"@type\":\"ReadAction\",\"target\":[\"https:\\\/\\\/repliquemangacine.fr\\\/holster-accessoires-western\\\/ceinturon-sheriff-holster-simple-cuir-denix\\\/\"]}]},{\"@type\":\"ImageObject\",\"inLanguage\":\"es\",\"@id\":\"https:\\\/\\\/repliquemangacine.fr\\\/holster-accessoires-western\\\/ceinturon-sheriff-holster-simple-cuir-denix\\\/#primaryimage\",\"url\":\"https:\\\/\\\/repliquemangacine.fr\\\/wp-content\\\/uploads\\\/2023\\\/10\\\/662-Ceinturon-Sheriff-avec-insigne-Holster-simple.jpg\",\"contentUrl\":\"https:\\\/\\\/repliquemangacine.fr\\\/wp-content\\\/uploads\\\/2023\\\/10\\\/662-Ceinturon-Sheriff-avec-insigne-Holster-simple.jpg\",\"width\":800,\"height\":800,\"caption\":\"Ceinturon Sheriff avec insigne - Holster simple\"},{\"@type\":\"BreadcrumbList\",\"@id\":\"https:\\\/\\\/repliquemangacine.fr\\\/holster-accessoires-western\\\/ceinturon-sheriff-holster-simple-cuir-denix\\\/#breadcrumb\",\"itemListElement\":[{\"@type\":\"ListItem\",\"position\":1,\"name\":\"Accueil\",\"item\":\"https:\\\/\\\/repliquemangacine.fr\\\/\"},{\"@type\":\"ListItem\",\"position\":2,\"name\":\"Produits\",\"item\":\"https:\\\/\\\/repliquemangacine.fr\\\/boutique\\\/\"},{\"@type\":\"ListItem\",\"position\":3,\"name\":\"Holster Sheriff\"}]},{\"@type\":\"WebSite\",\"@id\":\"https:\\\/\\\/repliquemangacine.fr\\\/#website\",\"url\":\"https:\\\/\\\/repliquemangacine.fr\\\/\",\"name\":\"R\u00e9plique Manga Cin\u00e9\",\"description\":\"\",\"publisher\":{\"@id\":\"https:\\\/\\\/repliquemangacine.fr\\\/#organization\"},\"potentialAction\":[{\"@type\":\"SearchAction\",\"target\":{\"@type\":\"EntryPoint\",\"urlTemplate\":\"https:\\\/\\\/repliquemangacine.fr\\\/?s={search_term_string}\"},\"query-input\":{\"@type\":\"PropertyValueSpecification\",\"valueRequired\":true,\"valueName\":\"search_term_string\"}}],\"inLanguage\":\"es\"},{\"@type\":\"Organization\",\"@id\":\"https:\\\/\\\/repliquemangacine.fr\\\/#organization\",\"name\":\"R\u00e9plique Manga Cin\u00e9\",\"url\":\"https:\\\/\\\/repliquemangacine.fr\\\/\",\"logo\":{\"@type\":\"ImageObject\",\"inLanguage\":\"es\",\"@id\":\"https:\\\/\\\/repliquemangacine.fr\\\/#\\\/schema\\\/logo\\\/image\\\/\",\"url\":\"https:\\\/\\\/repliquemangacine.fr\\\/wp-content\\\/uploads\\\/2023\\\/10\\\/RMC-500250.png\",\"contentUrl\":\"https:\\\/\\\/repliquemangacine.fr\\\/wp-content\\\/uploads\\\/2023\\\/10\\\/RMC-500250.png\",\"width\":500,\"height\":250,\"caption\":\"R\u00e9plique Manga Cin\u00e9\"},\"image\":{\"@id\":\"https:\\\/\\\/repliquemangacine.fr\\\/#\\\/schema\\\/logo\\\/image\\\/\"},\"sameAs\":[\"https:\\\/\\\/www.facebook.com\\\/RepliqueMangaCine\",\"https:\\\/\\\/www.instagram.com\\\/repliquemangacine.fr\\\/\"]}]}<\/script>\n<!-- \/ Yoast SEO plugin. -->","yoast_head_json":{"title":"Cintur\u00f3n de Sheriff - Denix - Venta de accesorios western | RMC","description":"Reg\u00e1late este Cintur\u00f3n de Sheriff al mejor precio - Totalmente hecho a mano - Piel semirr\u00edgida. Estrella de sheriff de acero - Longitud: 130 cm","robots":{"index":"index","follow":"follow","max-snippet":"max-snippet:-1","max-image-preview":"max-image-preview:large","max-video-preview":"max-video-preview:-1"},"canonical":"https:\/\/repliquemangacine.fr\/es\/accesorios-western-funda\/cinturon-sheriff-funda-simple-denix-cuero\/","og_locale":"es_ES","og_type":"article","og_title":"Ceinturon de Sh\u00e9riff - Denix - Vente d'accessoires westerns | RMC","og_description":"Offrez-vous ce Ceinturon de Sh\u00e9riff au meilleur prix - Enti\u00e8rement fabriqu\u00e9 \u00e0 la main - Cuir semi-rigide. \u00c9toile de sh\u00e9riff en acier - Longueur : 130 cm","og_url":"https:\/\/repliquemangacine.fr\/es\/accesorios-western-funda\/cinturon-sheriff-funda-simple-denix-cuero\/","og_site_name":"R\u00e9plique Manga Cin\u00e9","article_publisher":"https:\/\/www.facebook.com\/RepliqueMangaCine","article_modified_time":"2026-04-15T11:06:59+00:00","og_image":[{"width":800,"height":800,"url":"https:\/\/repliquemangacine.fr\/wp-content\/uploads\/2023\/10\/662-Ceinturon-Sheriff-avec-insigne-Holster-simple.jpg","type":"image\/jpeg"}],"twitter_card":"summary_large_image","twitter_misc":{"Tiempo de lectura":"2 minutos"},"schema":{"@context":"https:\/\/schema.org","@graph":[{"@type":"WebPage","@id":"https:\/\/repliquemangacine.fr\/holster-accessoires-western\/ceinturon-sheriff-holster-simple-cuir-denix\/","url":"https:\/\/repliquemangacine.fr\/holster-accessoires-western\/ceinturon-sheriff-holster-simple-cuir-denix\/","name":"Cintur\u00f3n de Sheriff - Denix - Venta de accesorios western | RMC","isPartOf":{"@id":"https:\/\/repliquemangacine.fr\/#website"},"primaryImageOfPage":{"@id":"https:\/\/repliquemangacine.fr\/holster-accessoires-western\/ceinturon-sheriff-holster-simple-cuir-denix\/#primaryimage"},"image":{"@id":"https:\/\/repliquemangacine.fr\/holster-accessoires-western\/ceinturon-sheriff-holster-simple-cuir-denix\/#primaryimage"},"thumbnailUrl":"https:\/\/repliquemangacine.fr\/wp-content\/uploads\/2023\/10\/662-Ceinturon-Sheriff-avec-insigne-Holster-simple.jpg","datePublished":"2016-10-27T17:10:09+00:00","dateModified":"2026-04-15T11:06:59+00:00","description":"Reg\u00e1late este Cintur\u00f3n de Sheriff al mejor precio - Totalmente hecho a mano - Piel semirr\u00edgida. Estrella de sheriff de acero - Longitud: 130 cm","breadcrumb":{"@id":"https:\/\/repliquemangacine.fr\/holster-accessoires-western\/ceinturon-sheriff-holster-simple-cuir-denix\/#breadcrumb"},"inLanguage":"es","potentialAction":[{"@type":"ReadAction","target":["https:\/\/repliquemangacine.fr\/holster-accessoires-western\/ceinturon-sheriff-holster-simple-cuir-denix\/"]}]},{"@type":"ImageObject","inLanguage":"es","@id":"https:\/\/repliquemangacine.fr\/holster-accessoires-western\/ceinturon-sheriff-holster-simple-cuir-denix\/#primaryimage","url":"https:\/\/repliquemangacine.fr\/wp-content\/uploads\/2023\/10\/662-Ceinturon-Sheriff-avec-insigne-Holster-simple.jpg","contentUrl":"https:\/\/repliquemangacine.fr\/wp-content\/uploads\/2023\/10\/662-Ceinturon-Sheriff-avec-insigne-Holster-simple.jpg","width":800,"height":800,"caption":"Ceinturon Sheriff avec insigne - Holster simple"},{"@type":"BreadcrumbList","@id":"https:\/\/repliquemangacine.fr\/holster-accessoires-western\/ceinturon-sheriff-holster-simple-cuir-denix\/#breadcrumb","itemListElement":[{"@type":"ListItem","position":1,"name":"Accueil","item":"https:\/\/repliquemangacine.fr\/"},{"@type":"ListItem","position":2,"name":"Produits","item":"https:\/\/repliquemangacine.fr\/boutique\/"},{"@type":"ListItem","position":3,"name":"Holster Sheriff"}]},{"@type":"WebSite","@id":"https:\/\/repliquemangacine.fr\/#website","url":"https:\/\/repliquemangacine.fr\/","name":"R\u00e9plique Manga Cin\u00e9","description":"","publisher":{"@id":"https:\/\/repliquemangacine.fr\/#organization"},"potentialAction":[{"@type":"SearchAction","target":{"@type":"EntryPoint","urlTemplate":"https:\/\/repliquemangacine.fr\/?s={search_term_string}"},"query-input":{"@type":"PropertyValueSpecification","valueRequired":true,"valueName":"search_term_string"}}],"inLanguage":"es"},{"@type":"Organization","@id":"https:\/\/repliquemangacine.fr\/#organization","name":"R\u00e9plique Manga Cin\u00e9","url":"https:\/\/repliquemangacine.fr\/","logo":{"@type":"ImageObject","inLanguage":"es","@id":"https:\/\/repliquemangacine.fr\/#\/schema\/logo\/image\/","url":"https:\/\/repliquemangacine.fr\/wp-content\/uploads\/2023\/10\/RMC-500250.png","contentUrl":"https:\/\/repliquemangacine.fr\/wp-content\/uploads\/2023\/10\/RMC-500250.png","width":500,"height":250,"caption":"R\u00e9plique Manga Cin\u00e9"},"image":{"@id":"https:\/\/repliquemangacine.fr\/#\/schema\/logo\/image\/"},"sameAs":["https:\/\/www.facebook.com\/RepliqueMangaCine","https:\/\/www.instagram.com\/repliquemangacine.fr\/"]}]}},"_links":{"self":[{"href":"https:\/\/repliquemangacine.fr\/es\/wp-json\/wp\/v2\/product\/25930","targetHints":{"allow":["GET"]}}],"collection":[{"href":"https:\/\/repliquemangacine.fr\/es\/wp-json\/wp\/v2\/product"}],"about":[{"href":"https:\/\/repliquemangacine.fr\/es\/wp-json\/wp\/v2\/types\/product"}],"wp:featuredmedia":[{"embeddable":true,"href":"https:\/\/repliquemangacine.fr\/es\/wp-json\/wp\/v2\/media\/25931"}],"wp:attachment":[{"href":"https:\/\/repliquemangacine.fr\/es\/wp-json\/wp\/v2\/media?parent=25930"}],"wp:term":[{"taxonomy":"product_brand","embeddable":true,"href":"https:\/\/repliquemangacine.fr\/es\/wp-json\/wp\/v2\/product_brand?post=25930"},{"taxonomy":"product_cat","embeddable":true,"href":"https:\/\/repliquemangacine.fr\/es\/wp-json\/wp\/v2\/product_cat?post=25930"},{"taxonomy":"product_tag","embeddable":true,"href":"https:\/\/repliquemangacine.fr\/es\/wp-json\/wp\/v2\/product_tag?post=25930"}],"curies":[{"name":"wp","href":"https:\/\/api.w.org\/{rel}","templated":true}]}}