





{"id":25925,"date":"2016-10-27T18:50:50","date_gmt":"2016-10-27T16:50:50","guid":{"rendered":"https:\/\/repliquemangacine.fr\/?post_type=product&#038;p=25925"},"modified":"2026-04-05T03:25:31","modified_gmt":"2026-04-05T01:25:31","slug":"funda-de-hombro-de-cuero","status":"publish","type":"product","link":"https:\/\/repliquemangacine.fr\/es\/holster-accessoires-western\/holster-depaule-en-cuir\/","title":{"rendered":"Funda de hombro Funda de cuero"},"content":{"rendered":"<h2>Funda de hombro de cuero<\/h2>\n<p>Para empezar, este <strong>Funda de hombro<\/strong> para rev\u00f3lver es un modelo discreto que permite ocultar el arma bajo el brazo (debajo de la axila). De este modo, queda invisible bajo una chaqueta, lo que aporta mayor realismo a sus representaciones o recreaciones.<\/p>\n<p>Correas ajustables que permiten un ajuste personalizado seg\u00fan el modelo que se lleve. El t\u00e9rmino \u00abcorreas\u00bb se refiere a las correas que se utilizan para llevar un arma de fuego.<\/p>\n<p>Funda de cuero negro fabricada a mano en Espa\u00f1a por <a href=\"https:\/\/www.denix.fr\/fr\/\" target=\"_blank\" rel=\"noopener noreferrer\">Denix<\/a>\u00a0le permite llevar su r\u00e9plica discretamente bajo el brazo. Resistente y ajustable gracias a sus correas, se adapta a todas las formas del cuerpo.<\/p>\n<h2>Su funda de hombro al mejor precio.<\/h2>\n<p>Le ofrecemos una amplia selecci\u00f3n de accesorios y reproducciones de armas.<\/p>\n<p>Lo primero y m\u00e1s importante,<\/p>\n<ul>\n<li>La r\u00e9plica del <a href=\"https:\/\/repliquemangacine.fr\/es\/armas-historicas\/pistolet-m1911a1-demontable-crosse-quadrillee\/\">Pistola M1911A1 con culata desmontable a cuadros.<\/a><\/li>\n<li>As\u00ed como el <a href=\"https:\/\/repliquemangacine.fr\/es\/pistola-moderna\/pistola-beretta-92f-parabellum-italia-1975\/\">Beretta 92F Parabellum Italia 1975<\/a><\/li>\n<li>Y muchos m\u00e1s por descubrir en nuestra tienda en l\u00ednea.<\/li>\n<\/ul>\n<p>Por eso, aqu\u00ed tienes unas ideas fant\u00e1sticas para regalar a todos los amantes de las r\u00e9plicas de armas.<\/p>\n<p>En conclusi\u00f3n, puede utilizar este <strong>Funda de hombro<\/strong>, para sus representaciones hist\u00f3ricas o veladas tem\u00e1ticas.<\/p>\n<p>R\u00e9plique Manga Cin\u00e9 es una empresa familiar francesa.<\/p>\n<h2>\u00bfC\u00f3mo se fabrican los accesorios de sus armas?<\/h2>\n<p>Para empezar, todos nuestros productos derivados son de la m\u00e1xima calidad, fabricados con meticulosa atenci\u00f3n al detalle. Una parte se hace a mano, para reproducir hasta el m\u00e1s m\u00ednimo detalle. Las partes m\u00e1s importantes se mecanizan con m\u00e1quinas muy precisas. Los grabados se hacen generalmente con punta de diamante o l\u00e1ser.<\/p>\n<p>Su <strong>Funda de hombro<\/strong> fabricados para reproducir cada detalle con exactitud. Para igualar el legado de las obras maestras originales. Se hace hincapi\u00e9 en crear r\u00e9plicas de alta calidad que sean lo m\u00e1s hist\u00f3ricamente exactas posible.<\/p>\n<p>En conclusi\u00f3n, importadas de China, Espa\u00f1a o la India, \u00a1nuestras r\u00e9plicas le sorprender\u00e1n!<\/p>","protected":false},"excerpt":{"rendered":"<p>Esta funda de hombro est\u00e1 fabricada en cuero de alta calidad.<\/p>\n<ul>\n<li>Correas ajustables para adaptarse a casi cualquier arma<\/li>\n<li>Rev\u00f3lver o autom\u00e1tica, independientemente de la longitud del ca\u00f1\u00f3n.<\/li>\n<li>Dimensiones: 54 cm - Peso: 220 g.<\/li>\n<\/ul>","protected":false},"featured_media":25926,"template":"","meta":[],"product_brand":[896],"product_cat":[25,102,54,45,90,85,40,28,76,27],"product_tag":[],"class_list":{"0":"post-25925","1":"product","2":"type-product","3":"status-publish","4":"has-post-thumbnail","6":"product_brand-replique-manga-cine","7":"product_cat-armes-historiques","8":"product_cat-denix","9":"product_cat-armes-accessoires-guerre-mondiale","10":"product_cat-holster-western-ceinturon","11":"product_cat-holster-accessoires-western","12":"product_cat-dagues-et-accessoires-seconde-guerre-mondiale-materiels-militaria","13":"product_cat-pistolet-moderne","14":"product_cat-repliques-darmes","15":"product_cat-reproductions-armes-seconde-guerre-mondiale-denix","16":"product_cat-armes-et-accessoires-western","18":"first","19":"instock","20":"taxable","21":"shipping-taxable","22":"purchasable","23":"product-type-simple"},"yoast_head":"<!-- This site is optimized with the Yoast SEO plugin v27.4 - https:\/\/yoast.com\/product\/yoast-seo-wordpress\/ -->\n<title>Holster d&#039;\u00e9paule - Accessoires Denix - R\u00e9plique Manga Cin\u00e9<\/title>\n<meta name=\"description\" content=\"Ce holster d&#039;\u00e9paule est fabriqu\u00e9 \u00e0 partir de cuir de haute qualit\u00e9. Sangles r\u00e9glables. Id\u00e9ale pour vos repr\u00e9sentations ou reconstitutions.\" \/>\n<meta name=\"robots\" content=\"index, follow, max-snippet:-1, max-image-preview:large, max-video-preview:-1\" \/>\n<link rel=\"canonical\" href=\"https:\/\/repliquemangacine.fr\/es\/denix\/funda-de-hombro-de-cuero\/\" \/>\n<meta property=\"og:locale\" content=\"es_ES\" \/>\n<meta property=\"og:type\" content=\"article\" \/>\n<meta property=\"og:title\" content=\"Holster d&#039;\u00e9paule - Accessoires Denix - R\u00e9plique Manga Cin\u00e9\" \/>\n<meta property=\"og:description\" content=\"Ce holster d&#039;\u00e9paule est fabriqu\u00e9 \u00e0 partir de cuir de haute qualit\u00e9. Sangles r\u00e9glables. Id\u00e9ale pour vos repr\u00e9sentations ou reconstitutions.\" \/>\n<meta property=\"og:url\" content=\"https:\/\/repliquemangacine.fr\/es\/denix\/funda-de-hombro-de-cuero\/\" \/>\n<meta property=\"og:site_name\" content=\"R\u00e9plique Manga Cin\u00e9\" \/>\n<meta property=\"article:publisher\" content=\"https:\/\/www.facebook.com\/RepliqueMangaCine\" \/>\n<meta property=\"article:modified_time\" content=\"2026-04-05T01:25:31+00:00\" \/>\n<meta property=\"og:image\" content=\"https:\/\/repliquemangacine.fr\/wp-content\/uploads\/2023\/10\/654-Holster-depaule-Etui-cuir.jpg\" \/>\n\t<meta property=\"og:image:width\" content=\"700\" \/>\n\t<meta property=\"og:image:height\" content=\"700\" \/>\n\t<meta property=\"og:image:type\" content=\"image\/jpeg\" \/>\n<meta name=\"twitter:card\" content=\"summary_large_image\" \/>\n<meta name=\"twitter:label1\" content=\"Tiempo de lectura\" \/>\n\t<meta name=\"twitter:data1\" content=\"2 minutos\" \/>\n<script type=\"application\/ld+json\" class=\"yoast-schema-graph\">{\"@context\":\"https:\\\/\\\/schema.org\",\"@graph\":[{\"@type\":\"WebPage\",\"@id\":\"https:\\\/\\\/repliquemangacine.fr\\\/denix\\\/holster-depaule-en-cuir\\\/\",\"url\":\"https:\\\/\\\/repliquemangacine.fr\\\/denix\\\/holster-depaule-en-cuir\\\/\",\"name\":\"Holster d'\u00e9paule - Accessoires Denix - R\u00e9plique Manga Cin\u00e9\",\"isPartOf\":{\"@id\":\"https:\\\/\\\/repliquemangacine.fr\\\/#website\"},\"primaryImageOfPage\":{\"@id\":\"https:\\\/\\\/repliquemangacine.fr\\\/denix\\\/holster-depaule-en-cuir\\\/#primaryimage\"},\"image\":{\"@id\":\"https:\\\/\\\/repliquemangacine.fr\\\/denix\\\/holster-depaule-en-cuir\\\/#primaryimage\"},\"thumbnailUrl\":\"https:\\\/\\\/repliquemangacine.fr\\\/wp-content\\\/uploads\\\/2023\\\/10\\\/654-Holster-depaule-Etui-cuir.jpg\",\"datePublished\":\"2016-10-27T16:50:50+00:00\",\"dateModified\":\"2026-04-05T01:25:31+00:00\",\"description\":\"Ce holster d'\u00e9paule est fabriqu\u00e9 \u00e0 partir de cuir de haute qualit\u00e9. Sangles r\u00e9glables. Id\u00e9ale pour vos repr\u00e9sentations ou reconstitutions.\",\"breadcrumb\":{\"@id\":\"https:\\\/\\\/repliquemangacine.fr\\\/denix\\\/holster-depaule-en-cuir\\\/#breadcrumb\"},\"inLanguage\":\"es\",\"potentialAction\":[{\"@type\":\"ReadAction\",\"target\":[\"https:\\\/\\\/repliquemangacine.fr\\\/denix\\\/holster-depaule-en-cuir\\\/\"]}]},{\"@type\":\"ImageObject\",\"inLanguage\":\"es\",\"@id\":\"https:\\\/\\\/repliquemangacine.fr\\\/denix\\\/holster-depaule-en-cuir\\\/#primaryimage\",\"url\":\"https:\\\/\\\/repliquemangacine.fr\\\/wp-content\\\/uploads\\\/2023\\\/10\\\/654-Holster-depaule-Etui-cuir.jpg\",\"contentUrl\":\"https:\\\/\\\/repliquemangacine.fr\\\/wp-content\\\/uploads\\\/2023\\\/10\\\/654-Holster-depaule-Etui-cuir.jpg\",\"width\":700,\"height\":700,\"caption\":\"Holster d'\u00e9paule en cuir\"},{\"@type\":\"BreadcrumbList\",\"@id\":\"https:\\\/\\\/repliquemangacine.fr\\\/denix\\\/holster-depaule-en-cuir\\\/#breadcrumb\",\"itemListElement\":[{\"@type\":\"ListItem\",\"position\":1,\"name\":\"Accueil\",\"item\":\"https:\\\/\\\/repliquemangacine.fr\\\/\"},{\"@type\":\"ListItem\",\"position\":2,\"name\":\"Produits\",\"item\":\"https:\\\/\\\/repliquemangacine.fr\\\/boutique\\\/\"},{\"@type\":\"ListItem\",\"position\":3,\"name\":\"Holster d&#8217;\u00e9paule Etui cuir\"}]},{\"@type\":\"WebSite\",\"@id\":\"https:\\\/\\\/repliquemangacine.fr\\\/#website\",\"url\":\"https:\\\/\\\/repliquemangacine.fr\\\/\",\"name\":\"R\u00e9plique Manga Cin\u00e9\",\"description\":\"\",\"publisher\":{\"@id\":\"https:\\\/\\\/repliquemangacine.fr\\\/#organization\"},\"potentialAction\":[{\"@type\":\"SearchAction\",\"target\":{\"@type\":\"EntryPoint\",\"urlTemplate\":\"https:\\\/\\\/repliquemangacine.fr\\\/?s={search_term_string}\"},\"query-input\":{\"@type\":\"PropertyValueSpecification\",\"valueRequired\":true,\"valueName\":\"search_term_string\"}}],\"inLanguage\":\"es\"},{\"@type\":\"Organization\",\"@id\":\"https:\\\/\\\/repliquemangacine.fr\\\/#organization\",\"name\":\"R\u00e9plique Manga Cin\u00e9\",\"url\":\"https:\\\/\\\/repliquemangacine.fr\\\/\",\"logo\":{\"@type\":\"ImageObject\",\"inLanguage\":\"es\",\"@id\":\"https:\\\/\\\/repliquemangacine.fr\\\/#\\\/schema\\\/logo\\\/image\\\/\",\"url\":\"https:\\\/\\\/repliquemangacine.fr\\\/wp-content\\\/uploads\\\/2023\\\/10\\\/RMC-500250.png\",\"contentUrl\":\"https:\\\/\\\/repliquemangacine.fr\\\/wp-content\\\/uploads\\\/2023\\\/10\\\/RMC-500250.png\",\"width\":500,\"height\":250,\"caption\":\"R\u00e9plique Manga Cin\u00e9\"},\"image\":{\"@id\":\"https:\\\/\\\/repliquemangacine.fr\\\/#\\\/schema\\\/logo\\\/image\\\/\"},\"sameAs\":[\"https:\\\/\\\/www.facebook.com\\\/RepliqueMangaCine\",\"https:\\\/\\\/www.instagram.com\\\/repliquemangacine.fr\\\/\"]}]}<\/script>\n<!-- \/ Yoast SEO plugin. -->","yoast_head_json":{"title":"Funda de hombro - Accesorios Denix - R\u00e9plique Manga Cin\u00e9","description":"Esta funda de hombro est\u00e1 fabricada en cuero de alta calidad. Correas ajustables. Ideal para representaciones y recreaciones.","robots":{"index":"index","follow":"follow","max-snippet":"max-snippet:-1","max-image-preview":"max-image-preview:large","max-video-preview":"max-video-preview:-1"},"canonical":"https:\/\/repliquemangacine.fr\/es\/denix\/funda-de-hombro-de-cuero\/","og_locale":"es_ES","og_type":"article","og_title":"Holster d'\u00e9paule - Accessoires Denix - R\u00e9plique Manga Cin\u00e9","og_description":"Ce holster d'\u00e9paule est fabriqu\u00e9 \u00e0 partir de cuir de haute qualit\u00e9. Sangles r\u00e9glables. Id\u00e9ale pour vos repr\u00e9sentations ou reconstitutions.","og_url":"https:\/\/repliquemangacine.fr\/es\/denix\/funda-de-hombro-de-cuero\/","og_site_name":"R\u00e9plique Manga Cin\u00e9","article_publisher":"https:\/\/www.facebook.com\/RepliqueMangaCine","article_modified_time":"2026-04-05T01:25:31+00:00","og_image":[{"width":700,"height":700,"url":"https:\/\/repliquemangacine.fr\/wp-content\/uploads\/2023\/10\/654-Holster-depaule-Etui-cuir.jpg","type":"image\/jpeg"}],"twitter_card":"summary_large_image","twitter_misc":{"Tiempo de lectura":"2 minutos"},"schema":{"@context":"https:\/\/schema.org","@graph":[{"@type":"WebPage","@id":"https:\/\/repliquemangacine.fr\/denix\/holster-depaule-en-cuir\/","url":"https:\/\/repliquemangacine.fr\/denix\/holster-depaule-en-cuir\/","name":"Funda de hombro - Accesorios Denix - R\u00e9plique Manga Cin\u00e9","isPartOf":{"@id":"https:\/\/repliquemangacine.fr\/#website"},"primaryImageOfPage":{"@id":"https:\/\/repliquemangacine.fr\/denix\/holster-depaule-en-cuir\/#primaryimage"},"image":{"@id":"https:\/\/repliquemangacine.fr\/denix\/holster-depaule-en-cuir\/#primaryimage"},"thumbnailUrl":"https:\/\/repliquemangacine.fr\/wp-content\/uploads\/2023\/10\/654-Holster-depaule-Etui-cuir.jpg","datePublished":"2016-10-27T16:50:50+00:00","dateModified":"2026-04-05T01:25:31+00:00","description":"Esta funda de hombro est\u00e1 fabricada en cuero de alta calidad. Correas ajustables. Ideal para representaciones y recreaciones.","breadcrumb":{"@id":"https:\/\/repliquemangacine.fr\/denix\/holster-depaule-en-cuir\/#breadcrumb"},"inLanguage":"es","potentialAction":[{"@type":"ReadAction","target":["https:\/\/repliquemangacine.fr\/denix\/holster-depaule-en-cuir\/"]}]},{"@type":"ImageObject","inLanguage":"es","@id":"https:\/\/repliquemangacine.fr\/denix\/holster-depaule-en-cuir\/#primaryimage","url":"https:\/\/repliquemangacine.fr\/wp-content\/uploads\/2023\/10\/654-Holster-depaule-Etui-cuir.jpg","contentUrl":"https:\/\/repliquemangacine.fr\/wp-content\/uploads\/2023\/10\/654-Holster-depaule-Etui-cuir.jpg","width":700,"height":700,"caption":"Holster d'\u00e9paule en cuir"},{"@type":"BreadcrumbList","@id":"https:\/\/repliquemangacine.fr\/denix\/holster-depaule-en-cuir\/#breadcrumb","itemListElement":[{"@type":"ListItem","position":1,"name":"Accueil","item":"https:\/\/repliquemangacine.fr\/"},{"@type":"ListItem","position":2,"name":"Produits","item":"https:\/\/repliquemangacine.fr\/boutique\/"},{"@type":"ListItem","position":3,"name":"Holster d&#8217;\u00e9paule Etui cuir"}]},{"@type":"WebSite","@id":"https:\/\/repliquemangacine.fr\/#website","url":"https:\/\/repliquemangacine.fr\/","name":"R\u00e9plique Manga Cin\u00e9","description":"","publisher":{"@id":"https:\/\/repliquemangacine.fr\/#organization"},"potentialAction":[{"@type":"SearchAction","target":{"@type":"EntryPoint","urlTemplate":"https:\/\/repliquemangacine.fr\/?s={search_term_string}"},"query-input":{"@type":"PropertyValueSpecification","valueRequired":true,"valueName":"search_term_string"}}],"inLanguage":"es"},{"@type":"Organization","@id":"https:\/\/repliquemangacine.fr\/#organization","name":"R\u00e9plique Manga Cin\u00e9","url":"https:\/\/repliquemangacine.fr\/","logo":{"@type":"ImageObject","inLanguage":"es","@id":"https:\/\/repliquemangacine.fr\/#\/schema\/logo\/image\/","url":"https:\/\/repliquemangacine.fr\/wp-content\/uploads\/2023\/10\/RMC-500250.png","contentUrl":"https:\/\/repliquemangacine.fr\/wp-content\/uploads\/2023\/10\/RMC-500250.png","width":500,"height":250,"caption":"R\u00e9plique Manga Cin\u00e9"},"image":{"@id":"https:\/\/repliquemangacine.fr\/#\/schema\/logo\/image\/"},"sameAs":["https:\/\/www.facebook.com\/RepliqueMangaCine","https:\/\/www.instagram.com\/repliquemangacine.fr\/"]}]}},"_links":{"self":[{"href":"https:\/\/repliquemangacine.fr\/es\/wp-json\/wp\/v2\/product\/25925","targetHints":{"allow":["GET"]}}],"collection":[{"href":"https:\/\/repliquemangacine.fr\/es\/wp-json\/wp\/v2\/product"}],"about":[{"href":"https:\/\/repliquemangacine.fr\/es\/wp-json\/wp\/v2\/types\/product"}],"wp:featuredmedia":[{"embeddable":true,"href":"https:\/\/repliquemangacine.fr\/es\/wp-json\/wp\/v2\/media\/25926"}],"wp:attachment":[{"href":"https:\/\/repliquemangacine.fr\/es\/wp-json\/wp\/v2\/media?parent=25925"}],"wp:term":[{"taxonomy":"product_brand","embeddable":true,"href":"https:\/\/repliquemangacine.fr\/es\/wp-json\/wp\/v2\/product_brand?post=25925"},{"taxonomy":"product_cat","embeddable":true,"href":"https:\/\/repliquemangacine.fr\/es\/wp-json\/wp\/v2\/product_cat?post=25925"},{"taxonomy":"product_tag","embeddable":true,"href":"https:\/\/repliquemangacine.fr\/es\/wp-json\/wp\/v2\/product_tag?post=25925"}],"curies":[{"name":"wp","href":"https:\/\/api.w.org\/{rel}","templated":true}]}}