





{"id":25918,"date":"2016-10-27T18:14:40","date_gmt":"2016-10-27T16:14:40","guid":{"rendered":"https:\/\/repliquemangacine.fr\/?post_type=product&#038;p=25918"},"modified":"2026-04-02T15:13:53","modified_gmt":"2026-04-02T13:13:53","slug":"funda-estuche-rifle-winchester","status":"publish","type":"product","link":"https:\/\/repliquemangacine.fr\/es\/repliques-carabine-winchester-western\/etui-fourreau-carabine-winchester\/","title":{"rendered":"Vaina Winchester"},"content":{"rendered":"<h2>Vaina de fusil Winchester - Denix<\/h2>\n<p>Para empezar, el <strong>Vaina de fusil Winchester<\/strong> est\u00e1 especialmente dise\u00f1ado para caballos.<\/p>\n<p>La funda (t\u00e9rmino de origen anglosaj\u00f3n) est\u00e1 dise\u00f1ada para proteger la pistola, garantizar su custodia y facilitar el acceso.<\/p>\n<p>Generalmente dise\u00f1adas para ser utilizadas con una sola mano. Esto permite retirar y\/o volver a colocar la pistola con la misma mano.<\/p>\n<p>Popularizada en las pel\u00edculas del Oeste y en famosas escenas de duelos. La extracci\u00f3n de la pistola en algunas pel\u00edculas es bastante espectacular, y hay algunas proezas t\u00e9cnicas para volver a colocarla.  Por \u00faltimo, el plano americano se utiliza tradicionalmente para filmar personajes a medio muslo, o a la altura de la funda.<\/p>\n<h2>Tu Funda para rifle Winchester al mejor precio.<\/h2>\n<p>Ofrecemos una amplia gama de r\u00e9plicas del mundo del cine y las series de televisi\u00f3n occidentales.<\/p>\n<p>Lo primero y m\u00e1s importante,<\/p>\n<ul>\n<li>La <a href=\"https:\/\/repliquemangacine.fr\/es\/rifle-winchester-western-country\/rifle-winchester-john-wayne-modelo-1892\/\">Rifle winchester John Wayne<\/a> con sus iniciales en la culata.<\/li>\n<li>Tambi\u00e9n est\u00e1 el famoso <a href=\"https:\/\/repliquemangacine.fr\/es\/rifle-winchester\/rifle-henry-guerra-civil-eeuu-1860\/\">Rifle Henry 1860<\/a> Guerra civil EE.UU.<\/li>\n<li>As\u00ed como <a href=\"https:\/\/repliquemangacine.fr\/es\/accesorios-para-fundas\/balles-factice-winchester-denix\/\">balas falsas<\/a> para winchester Denix.<\/li>\n<li>Y muchos m\u00e1s por descubrir en nuestra tienda en l\u00ednea.<\/li>\n<\/ul>\n<p>Por eso hemos pensado en algunas ideas para regalar a los aficionados al western.<\/p>\n<p>En conclusi\u00f3n, puede utilizar el <strong>Vaina de fusil Winchester<\/strong> para sus actuaciones del Oeste. Por encima de todo, este malet\u00edn es una pieza de coleccionista y una pieza decorativa.<\/p>\n<p>R\u00e9plique Manga Cin\u00e9 es una empresa familiar francesa. Distribuidor oficial <a href=\"https:\/\/www.denix.fr\/fr\/catalogue\/guerre-civile-occidentale-et-americaine-1861-1899\/\" target=\"_blank\" rel=\"noopener noreferrer\">Denix<\/a><\/p>\n<h2>\u00bfC\u00f3mo se fabrican los accesorios de sus armas?<\/h2>\n<p>Para empezar, todos nuestros productos derivados son de la m\u00e1xima calidad, fabricados con meticulosa atenci\u00f3n al detalle. Una parte se hace a mano, para reproducir hasta el m\u00e1s m\u00ednimo detalle. Las partes m\u00e1s importantes se mecanizan con m\u00e1quinas muy precisas. Los grabados se hacen generalmente con punta de diamante o l\u00e1ser.<\/p>\n<p>Su <strong>Vaina de fusil Winchester<\/strong> fabricados para reproducir cada detalle con exactitud. Para igualar el legado de las obras maestras originales. Se hace hincapi\u00e9 en crear r\u00e9plicas de alta calidad que sean lo m\u00e1s hist\u00f3ricamente exactas posible.<\/p>\n<p>En conclusi\u00f3n, importadas de China, Espa\u00f1a o la India, \u00a1nuestras r\u00e9plicas le sorprender\u00e1n!<\/p>","protected":false},"excerpt":{"rendered":"<p>Funda de cuero para llevar un Winchester y transportar el rifle en la silla del caballo.<\/p>\n<ul>\n<li>Dos correas ajustables para adaptarse a su rifle.<\/li>\n<li>La tercera correa se ajusta alrededor de la culata, sujetando firmemente el rifle o la escopeta Winchester.<\/li>\n<li>Talla: 26 cm - Longitud total con correa: 54 cm<\/li>\n<\/ul>","protected":false},"featured_media":25919,"template":"","meta":[],"product_brand":[896],"product_cat":[34,86,39,102,45,90,28,27],"product_tag":[],"class_list":{"0":"post-25918","1":"product","2":"type-product","3":"status-publish","4":"has-post-thumbnail","6":"product_brand-replique-manga-cine","7":"product_cat-armes-westerns","8":"product_cat-repliques-carabine-winchester-western","9":"product_cat-carabine-winchester","10":"product_cat-denix","11":"product_cat-holster-western-ceinturon","12":"product_cat-holster-accessoires-western","13":"product_cat-repliques-darmes","14":"product_cat-armes-et-accessoires-western","16":"first","17":"instock","18":"taxable","19":"shipping-taxable","20":"purchasable","21":"product-type-simple"},"yoast_head":"<!-- This site is optimized with the Yoast SEO plugin v27.4 - https:\/\/yoast.com\/product\/yoast-seo-wordpress\/ -->\n<title>Fourreau Carabine Winchester - Vente d&#039;accessoire Western | RMC<\/title>\n<meta name=\"description\" content=\"Offrez-vous ! Le Fourreau Carabine Winchester au meilleur prix - Superbe fourreau court pour monture \u00e0 cheval. Etui en cuir avec sangles r\u00e9glables - 54 cm\" \/>\n<meta name=\"robots\" content=\"index, follow, max-snippet:-1, max-image-preview:large, max-video-preview:-1\" \/>\n<link rel=\"canonical\" href=\"https:\/\/repliquemangacine.fr\/es\/denix\/funda-estuche-rifle-winchester\/\" \/>\n<meta property=\"og:locale\" content=\"es_ES\" \/>\n<meta property=\"og:type\" content=\"article\" \/>\n<meta property=\"og:title\" content=\"Fourreau Carabine Winchester - Vente d&#039;accessoire Western | RMC\" \/>\n<meta property=\"og:description\" content=\"Offrez-vous ! Le Fourreau Carabine Winchester au meilleur prix - Superbe fourreau court pour monture \u00e0 cheval. Etui en cuir avec sangles r\u00e9glables - 54 cm\" \/>\n<meta property=\"og:url\" content=\"https:\/\/repliquemangacine.fr\/es\/denix\/funda-estuche-rifle-winchester\/\" \/>\n<meta property=\"og:site_name\" content=\"R\u00e9plique Manga Cin\u00e9\" \/>\n<meta property=\"article:publisher\" content=\"https:\/\/www.facebook.com\/RepliqueMangaCine\" \/>\n<meta property=\"article:modified_time\" content=\"2026-04-02T13:13:53+00:00\" \/>\n<meta property=\"og:image\" content=\"https:\/\/repliquemangacine.fr\/wp-content\/uploads\/2023\/10\/649-Grand-Fourreau-pour-carabine-winchester.jpg\" \/>\n\t<meta property=\"og:image:width\" content=\"700\" \/>\n\t<meta property=\"og:image:height\" content=\"700\" \/>\n\t<meta property=\"og:image:type\" content=\"image\/jpeg\" \/>\n<meta name=\"twitter:card\" content=\"summary_large_image\" \/>\n<meta name=\"twitter:label1\" content=\"Tiempo de lectura\" \/>\n\t<meta name=\"twitter:data1\" content=\"2 minutos\" \/>\n<script type=\"application\/ld+json\" class=\"yoast-schema-graph\">{\"@context\":\"https:\\\/\\\/schema.org\",\"@graph\":[{\"@type\":\"WebPage\",\"@id\":\"https:\\\/\\\/repliquemangacine.fr\\\/denix\\\/etui-fourreau-carabine-winchester\\\/\",\"url\":\"https:\\\/\\\/repliquemangacine.fr\\\/denix\\\/etui-fourreau-carabine-winchester\\\/\",\"name\":\"Fourreau Carabine Winchester - Vente d'accessoire Western | RMC\",\"isPartOf\":{\"@id\":\"https:\\\/\\\/repliquemangacine.fr\\\/#website\"},\"primaryImageOfPage\":{\"@id\":\"https:\\\/\\\/repliquemangacine.fr\\\/denix\\\/etui-fourreau-carabine-winchester\\\/#primaryimage\"},\"image\":{\"@id\":\"https:\\\/\\\/repliquemangacine.fr\\\/denix\\\/etui-fourreau-carabine-winchester\\\/#primaryimage\"},\"thumbnailUrl\":\"https:\\\/\\\/repliquemangacine.fr\\\/wp-content\\\/uploads\\\/2023\\\/10\\\/649-Grand-Fourreau-pour-carabine-winchester.jpg\",\"datePublished\":\"2016-10-27T16:14:40+00:00\",\"dateModified\":\"2026-04-02T13:13:53+00:00\",\"description\":\"Offrez-vous ! Le Fourreau Carabine Winchester au meilleur prix - Superbe fourreau court pour monture \u00e0 cheval. Etui en cuir avec sangles r\u00e9glables - 54 cm\",\"breadcrumb\":{\"@id\":\"https:\\\/\\\/repliquemangacine.fr\\\/denix\\\/etui-fourreau-carabine-winchester\\\/#breadcrumb\"},\"inLanguage\":\"es\",\"potentialAction\":[{\"@type\":\"ReadAction\",\"target\":[\"https:\\\/\\\/repliquemangacine.fr\\\/denix\\\/etui-fourreau-carabine-winchester\\\/\"]}]},{\"@type\":\"ImageObject\",\"inLanguage\":\"es\",\"@id\":\"https:\\\/\\\/repliquemangacine.fr\\\/denix\\\/etui-fourreau-carabine-winchester\\\/#primaryimage\",\"url\":\"https:\\\/\\\/repliquemangacine.fr\\\/wp-content\\\/uploads\\\/2023\\\/10\\\/649-Grand-Fourreau-pour-carabine-winchester.jpg\",\"contentUrl\":\"https:\\\/\\\/repliquemangacine.fr\\\/wp-content\\\/uploads\\\/2023\\\/10\\\/649-Grand-Fourreau-pour-carabine-winchester.jpg\",\"width\":700,\"height\":700,\"caption\":\"Grand Fourreau pour carabine winchester\"},{\"@type\":\"BreadcrumbList\",\"@id\":\"https:\\\/\\\/repliquemangacine.fr\\\/denix\\\/etui-fourreau-carabine-winchester\\\/#breadcrumb\",\"itemListElement\":[{\"@type\":\"ListItem\",\"position\":1,\"name\":\"Accueil\",\"item\":\"https:\\\/\\\/repliquemangacine.fr\\\/\"},{\"@type\":\"ListItem\",\"position\":2,\"name\":\"Produits\",\"item\":\"https:\\\/\\\/repliquemangacine.fr\\\/boutique\\\/\"},{\"@type\":\"ListItem\",\"position\":3,\"name\":\"Fourreau winchester\"}]},{\"@type\":\"WebSite\",\"@id\":\"https:\\\/\\\/repliquemangacine.fr\\\/#website\",\"url\":\"https:\\\/\\\/repliquemangacine.fr\\\/\",\"name\":\"R\u00e9plique Manga Cin\u00e9\",\"description\":\"\",\"publisher\":{\"@id\":\"https:\\\/\\\/repliquemangacine.fr\\\/#organization\"},\"potentialAction\":[{\"@type\":\"SearchAction\",\"target\":{\"@type\":\"EntryPoint\",\"urlTemplate\":\"https:\\\/\\\/repliquemangacine.fr\\\/?s={search_term_string}\"},\"query-input\":{\"@type\":\"PropertyValueSpecification\",\"valueRequired\":true,\"valueName\":\"search_term_string\"}}],\"inLanguage\":\"es\"},{\"@type\":\"Organization\",\"@id\":\"https:\\\/\\\/repliquemangacine.fr\\\/#organization\",\"name\":\"R\u00e9plique Manga Cin\u00e9\",\"url\":\"https:\\\/\\\/repliquemangacine.fr\\\/\",\"logo\":{\"@type\":\"ImageObject\",\"inLanguage\":\"es\",\"@id\":\"https:\\\/\\\/repliquemangacine.fr\\\/#\\\/schema\\\/logo\\\/image\\\/\",\"url\":\"https:\\\/\\\/repliquemangacine.fr\\\/wp-content\\\/uploads\\\/2023\\\/10\\\/RMC-500250.png\",\"contentUrl\":\"https:\\\/\\\/repliquemangacine.fr\\\/wp-content\\\/uploads\\\/2023\\\/10\\\/RMC-500250.png\",\"width\":500,\"height\":250,\"caption\":\"R\u00e9plique Manga Cin\u00e9\"},\"image\":{\"@id\":\"https:\\\/\\\/repliquemangacine.fr\\\/#\\\/schema\\\/logo\\\/image\\\/\"},\"sameAs\":[\"https:\\\/\\\/www.facebook.com\\\/RepliqueMangaCine\",\"https:\\\/\\\/www.instagram.com\\\/repliquemangacine.fr\\\/\"]}]}<\/script>\n<!-- \/ Yoast SEO plugin. -->","yoast_head_json":{"title":"Vaina para rifle Winchester - Venta de accesorios Western | RMC","description":"\u00a1Date un capricho! La vaina para rifle Winchester al mejor precio - Magn\u00edfica vaina corta para montar a caballo. Vaina de cuero con correas ajustables - 54 cm","robots":{"index":"index","follow":"follow","max-snippet":"max-snippet:-1","max-image-preview":"max-image-preview:large","max-video-preview":"max-video-preview:-1"},"canonical":"https:\/\/repliquemangacine.fr\/es\/denix\/funda-estuche-rifle-winchester\/","og_locale":"es_ES","og_type":"article","og_title":"Fourreau Carabine Winchester - Vente d'accessoire Western | RMC","og_description":"Offrez-vous ! Le Fourreau Carabine Winchester au meilleur prix - Superbe fourreau court pour monture \u00e0 cheval. Etui en cuir avec sangles r\u00e9glables - 54 cm","og_url":"https:\/\/repliquemangacine.fr\/es\/denix\/funda-estuche-rifle-winchester\/","og_site_name":"R\u00e9plique Manga Cin\u00e9","article_publisher":"https:\/\/www.facebook.com\/RepliqueMangaCine","article_modified_time":"2026-04-02T13:13:53+00:00","og_image":[{"width":700,"height":700,"url":"https:\/\/repliquemangacine.fr\/wp-content\/uploads\/2023\/10\/649-Grand-Fourreau-pour-carabine-winchester.jpg","type":"image\/jpeg"}],"twitter_card":"summary_large_image","twitter_misc":{"Tiempo de lectura":"2 minutos"},"schema":{"@context":"https:\/\/schema.org","@graph":[{"@type":"WebPage","@id":"https:\/\/repliquemangacine.fr\/denix\/etui-fourreau-carabine-winchester\/","url":"https:\/\/repliquemangacine.fr\/denix\/etui-fourreau-carabine-winchester\/","name":"Vaina para rifle Winchester - Venta de accesorios Western | RMC","isPartOf":{"@id":"https:\/\/repliquemangacine.fr\/#website"},"primaryImageOfPage":{"@id":"https:\/\/repliquemangacine.fr\/denix\/etui-fourreau-carabine-winchester\/#primaryimage"},"image":{"@id":"https:\/\/repliquemangacine.fr\/denix\/etui-fourreau-carabine-winchester\/#primaryimage"},"thumbnailUrl":"https:\/\/repliquemangacine.fr\/wp-content\/uploads\/2023\/10\/649-Grand-Fourreau-pour-carabine-winchester.jpg","datePublished":"2016-10-27T16:14:40+00:00","dateModified":"2026-04-02T13:13:53+00:00","description":"\u00a1Date un capricho! La vaina para rifle Winchester al mejor precio - Magn\u00edfica vaina corta para montar a caballo. Vaina de cuero con correas ajustables - 54 cm","breadcrumb":{"@id":"https:\/\/repliquemangacine.fr\/denix\/etui-fourreau-carabine-winchester\/#breadcrumb"},"inLanguage":"es","potentialAction":[{"@type":"ReadAction","target":["https:\/\/repliquemangacine.fr\/denix\/etui-fourreau-carabine-winchester\/"]}]},{"@type":"ImageObject","inLanguage":"es","@id":"https:\/\/repliquemangacine.fr\/denix\/etui-fourreau-carabine-winchester\/#primaryimage","url":"https:\/\/repliquemangacine.fr\/wp-content\/uploads\/2023\/10\/649-Grand-Fourreau-pour-carabine-winchester.jpg","contentUrl":"https:\/\/repliquemangacine.fr\/wp-content\/uploads\/2023\/10\/649-Grand-Fourreau-pour-carabine-winchester.jpg","width":700,"height":700,"caption":"Grand Fourreau pour carabine winchester"},{"@type":"BreadcrumbList","@id":"https:\/\/repliquemangacine.fr\/denix\/etui-fourreau-carabine-winchester\/#breadcrumb","itemListElement":[{"@type":"ListItem","position":1,"name":"Accueil","item":"https:\/\/repliquemangacine.fr\/"},{"@type":"ListItem","position":2,"name":"Produits","item":"https:\/\/repliquemangacine.fr\/boutique\/"},{"@type":"ListItem","position":3,"name":"Fourreau winchester"}]},{"@type":"WebSite","@id":"https:\/\/repliquemangacine.fr\/#website","url":"https:\/\/repliquemangacine.fr\/","name":"R\u00e9plique Manga Cin\u00e9","description":"","publisher":{"@id":"https:\/\/repliquemangacine.fr\/#organization"},"potentialAction":[{"@type":"SearchAction","target":{"@type":"EntryPoint","urlTemplate":"https:\/\/repliquemangacine.fr\/?s={search_term_string}"},"query-input":{"@type":"PropertyValueSpecification","valueRequired":true,"valueName":"search_term_string"}}],"inLanguage":"es"},{"@type":"Organization","@id":"https:\/\/repliquemangacine.fr\/#organization","name":"R\u00e9plique Manga Cin\u00e9","url":"https:\/\/repliquemangacine.fr\/","logo":{"@type":"ImageObject","inLanguage":"es","@id":"https:\/\/repliquemangacine.fr\/#\/schema\/logo\/image\/","url":"https:\/\/repliquemangacine.fr\/wp-content\/uploads\/2023\/10\/RMC-500250.png","contentUrl":"https:\/\/repliquemangacine.fr\/wp-content\/uploads\/2023\/10\/RMC-500250.png","width":500,"height":250,"caption":"R\u00e9plique Manga Cin\u00e9"},"image":{"@id":"https:\/\/repliquemangacine.fr\/#\/schema\/logo\/image\/"},"sameAs":["https:\/\/www.facebook.com\/RepliqueMangaCine","https:\/\/www.instagram.com\/repliquemangacine.fr\/"]}]}},"_links":{"self":[{"href":"https:\/\/repliquemangacine.fr\/es\/wp-json\/wp\/v2\/product\/25918","targetHints":{"allow":["GET"]}}],"collection":[{"href":"https:\/\/repliquemangacine.fr\/es\/wp-json\/wp\/v2\/product"}],"about":[{"href":"https:\/\/repliquemangacine.fr\/es\/wp-json\/wp\/v2\/types\/product"}],"wp:featuredmedia":[{"embeddable":true,"href":"https:\/\/repliquemangacine.fr\/es\/wp-json\/wp\/v2\/media\/25919"}],"wp:attachment":[{"href":"https:\/\/repliquemangacine.fr\/es\/wp-json\/wp\/v2\/media?parent=25918"}],"wp:term":[{"taxonomy":"product_brand","embeddable":true,"href":"https:\/\/repliquemangacine.fr\/es\/wp-json\/wp\/v2\/product_brand?post=25918"},{"taxonomy":"product_cat","embeddable":true,"href":"https:\/\/repliquemangacine.fr\/es\/wp-json\/wp\/v2\/product_cat?post=25918"},{"taxonomy":"product_tag","embeddable":true,"href":"https:\/\/repliquemangacine.fr\/es\/wp-json\/wp\/v2\/product_tag?post=25918"}],"curies":[{"name":"wp","href":"https:\/\/api.w.org\/{rel}","templated":true}]}}