





{"id":25912,"date":"2016-10-27T16:56:48","date_gmt":"2016-10-27T14:56:48","guid":{"rendered":"https:\/\/repliquemangacine.fr\/?post_type=product&#038;p=25912"},"modified":"2026-04-10T08:02:15","modified_gmt":"2026-04-10T06:02:15","slug":"funda-cinturon-pata-de-yegua-joss-randall","status":"publish","type":"product","link":"https:\/\/repliquemangacine.fr\/es\/repliques-carabine-winchester-western\/holster-mares-leg-ceinturon-joss-randall\/","title":{"rendered":"Funda de pata de yegua"},"content":{"rendered":"<h2>Funda de cuero de pata de yegua.<\/h2>\n<p>Para empezar, este <strong>Funda de pata de yegua<\/strong> Es el cintur\u00f3n de Josh Randall, especialmente dise\u00f1ado para llevar este rifle Winchester de ca\u00f1\u00f3n recortado y la culata.<\/p>\n<p>Holster (t\u00e9rmino de origen anglosaj\u00f3n), para proteger el arma corta, garantizar su conservaci\u00f3n y facilitar su acceso.<\/p>\n<p>Por lo general, est\u00e1n dise\u00f1ados para utilizarse con una sola mano, lo que permite extraer y\/o reemplazar el arma de mano con la misma mano.<\/p>\n<p>Popularizado en las pel\u00edculas del oeste y en famosas escenas de duelos. La extracci\u00f3n de la pistola en algunas pel\u00edculas es bastante espectacular y se pueden ver proezas t\u00e9cnicas para volver a guardarla. El plano americano se utiliza tradicionalmente para filmar a los personajes a media altura del muslo, es decir, a la altura de la funda.<\/p>\n<h2>Su funda de pata de yegua al mejor precio.<\/h2>\n<p>Ofrecemos una amplia gama de accesorios Westerns.<\/p>\n<p>Lo primero y m\u00e1s importante,<\/p>\n<ul>\n<li>Para su funda, necesita el winchester <a href=\"https:\/\/repliquemangacine.fr\/es\/rifle-winchester-western-country\/estanques-pierna-denix\/\">Pierna de yegua<\/a> por Josh Randall de Denix.<\/li>\n<li>Tambi\u00e9n hay <a href=\"https:\/\/repliquemangacine.fr\/es\/accesorios-para-fundas\/balles-factice-winchester-denix\/\">balas de prueba para winchester<\/a> para llenar la bolsa de cartuchos.<\/li>\n<li>Y muchos m\u00e1s por descubrir en nuestra tienda en l\u00ednea.<\/li>\n<\/ul>\n<p>Por eso es una magn\u00edfica idea de regalo para todos los amantes de las armas hist\u00f3ricas.<\/p>\n<p>En conclusi\u00f3n, puede utilizar este <strong>Funda de pata de yegua<\/strong> para tus recreaciones y representaciones de westerns.<\/p>\n<p>Por encima de todo, esta arma es un objeto de colecci\u00f3n y una pieza decorativa.<\/p>\n<p>R\u00e9plique Manga Cin\u00e9 es una empresa francesa y distribuidor oficial de la marca <a href=\"https:\/\/www.denix.fr\/fr\/catalogue\/guerre-civile-occidentale-et-americaine-1861-1899\/cartouches-et-etuis-en-cuir\/701\/\" target=\"_blank\" rel=\"noopener noreferrer\">Denix<\/a>.<\/p>\n<h2>\u00bfC\u00f3mo se fabrican sus accesorios occidentales?<\/h2>\n<p>Para empezar, todos nuestros productos derivados son de la m\u00e1xima calidad, fabricados con meticulosa atenci\u00f3n al detalle. Una parte se hace a mano, para reproducir hasta el m\u00e1s m\u00ednimo detalle. Las partes m\u00e1s importantes se mecanizan con m\u00e1quinas muy precisas. Los grabados se hacen generalmente con punta de diamante o l\u00e1ser.<\/p>\n<p>Su <strong>Funda de pata de yegua<\/strong> Fabricado para reproducir con exactitud todos los detalles. Con el fin de estar a la altura del legado de las obras maestras originales. De hecho, Denix reproduce exactamente el mismo modelo de la serie \u201cEn nombre de la ley\u201d, con Steve McQueen.<\/p>\n<p>En conclusi\u00f3n, importadas de China, Espa\u00f1a o la India, \u00a1nuestras r\u00e9plicas le sorprender\u00e1n!<\/p>","protected":false},"excerpt":{"rendered":"<p>Especialmente dise\u00f1ado para la pata de yegua.<\/p>\n<ul>\n<li>Cuero moldeado.<\/li>\n<li>Hebilla de cintur\u00f3n met\u00e1lica.<\/li>\n<li>Correas de sujeci\u00f3n para las piernas.<\/li>\n<li>Cintur\u00f3n de cartuchos. Viene con 15 balas de prueba.<\/li>\n<li>Para tallas de cintura de 95 a 109 cm<\/li>\n<li>Longitud del cintur\u00f3n: 117 cm<\/li>\n<\/ul>\n<p><strong>Se vende sin fusil<\/strong><\/p>\n<p><iframe title=\"Reproductor de v\u00eddeo YouTube\" src=\"https:\/\/www.youtube.com\/embed\/0QgiUUgXa28\" width=\"560\" height=\"315\" frameborder=\"0\" allowfullscreen=\"allowfullscreen\"><\/iframe><\/p>","protected":false},"featured_media":25913,"template":"","meta":[],"product_brand":[896],"product_cat":[34,86,39,102,45,90,28,27],"product_tag":[],"class_list":{"0":"post-25912","1":"product","2":"type-product","3":"status-publish","4":"has-post-thumbnail","6":"product_brand-replique-manga-cine","7":"product_cat-armes-westerns","8":"product_cat-repliques-carabine-winchester-western","9":"product_cat-carabine-winchester","10":"product_cat-denix","11":"product_cat-holster-western-ceinturon","12":"product_cat-holster-accessoires-western","13":"product_cat-repliques-darmes","14":"product_cat-armes-et-accessoires-western","16":"first","17":"instock","18":"sale","19":"taxable","20":"shipping-taxable","21":"purchasable","22":"product-type-simple"},"yoast_head":"<!-- This site is optimized with the Yoast SEO plugin v27.4 - https:\/\/yoast.com\/product\/yoast-seo-wordpress\/ -->\n<title>Holster Mare&#039;s Leg - Vente d&#039;Accessoires westerns Denix | RMC<\/title>\n<meta name=\"description\" content=\"Offrez-vous ! Cet Holster Mare&#039;s Leg de Joss Randall au meilleur prix - Tout en cuir - Fabrication artisanale - Longueur du ceinturon : 117 cm\" \/>\n<meta name=\"robots\" content=\"index, follow, max-snippet:-1, max-image-preview:large, max-video-preview:-1\" \/>\n<link rel=\"canonical\" href=\"https:\/\/repliquemangacine.fr\/es\/denix\/funda-cinturon-pata-de-yegua-joss-randall\/\" \/>\n<meta property=\"og:locale\" content=\"es_ES\" \/>\n<meta property=\"og:type\" content=\"article\" \/>\n<meta property=\"og:title\" content=\"Holster Mare&#039;s Leg - Vente d&#039;Accessoires westerns Denix | RMC\" \/>\n<meta property=\"og:description\" content=\"Offrez-vous ! Cet Holster Mare&#039;s Leg de Joss Randall au meilleur prix - Tout en cuir - Fabrication artisanale - Longueur du ceinturon : 117 cm\" \/>\n<meta property=\"og:url\" content=\"https:\/\/repliquemangacine.fr\/es\/denix\/funda-cinturon-pata-de-yegua-joss-randall\/\" \/>\n<meta property=\"og:site_name\" content=\"R\u00e9plique Manga Cin\u00e9\" \/>\n<meta property=\"article:publisher\" content=\"https:\/\/www.facebook.com\/RepliqueMangaCine\" \/>\n<meta property=\"article:modified_time\" content=\"2026-04-10T06:02:15+00:00\" \/>\n<meta property=\"og:image\" content=\"https:\/\/repliquemangacine.fr\/wp-content\/uploads\/2023\/10\/643-Ceinturon-Joss-Randall-steve-mc-queen.jpg\" \/>\n\t<meta property=\"og:image:width\" content=\"800\" \/>\n\t<meta property=\"og:image:height\" content=\"800\" \/>\n\t<meta property=\"og:image:type\" content=\"image\/jpeg\" \/>\n<meta name=\"twitter:card\" content=\"summary_large_image\" \/>\n<meta name=\"twitter:label1\" content=\"Tiempo de lectura\" \/>\n\t<meta name=\"twitter:data1\" content=\"2 minutos\" \/>\n<script type=\"application\/ld+json\" class=\"yoast-schema-graph\">{\"@context\":\"https:\\\/\\\/schema.org\",\"@graph\":[{\"@type\":\"WebPage\",\"@id\":\"https:\\\/\\\/repliquemangacine.fr\\\/denix\\\/holster-mares-leg-ceinturon-joss-randall\\\/\",\"url\":\"https:\\\/\\\/repliquemangacine.fr\\\/denix\\\/holster-mares-leg-ceinturon-joss-randall\\\/\",\"name\":\"Holster Mare's Leg - Vente d'Accessoires westerns Denix | RMC\",\"isPartOf\":{\"@id\":\"https:\\\/\\\/repliquemangacine.fr\\\/#website\"},\"primaryImageOfPage\":{\"@id\":\"https:\\\/\\\/repliquemangacine.fr\\\/denix\\\/holster-mares-leg-ceinturon-joss-randall\\\/#primaryimage\"},\"image\":{\"@id\":\"https:\\\/\\\/repliquemangacine.fr\\\/denix\\\/holster-mares-leg-ceinturon-joss-randall\\\/#primaryimage\"},\"thumbnailUrl\":\"https:\\\/\\\/repliquemangacine.fr\\\/wp-content\\\/uploads\\\/2023\\\/10\\\/643-Ceinturon-Joss-Randall-steve-mc-queen.jpg\",\"datePublished\":\"2016-10-27T14:56:48+00:00\",\"dateModified\":\"2026-04-10T06:02:15+00:00\",\"description\":\"Offrez-vous ! Cet Holster Mare's Leg de Joss Randall au meilleur prix - Tout en cuir - Fabrication artisanale - Longueur du ceinturon : 117 cm\",\"breadcrumb\":{\"@id\":\"https:\\\/\\\/repliquemangacine.fr\\\/denix\\\/holster-mares-leg-ceinturon-joss-randall\\\/#breadcrumb\"},\"inLanguage\":\"es\",\"potentialAction\":[{\"@type\":\"ReadAction\",\"target\":[\"https:\\\/\\\/repliquemangacine.fr\\\/denix\\\/holster-mares-leg-ceinturon-joss-randall\\\/\"]}]},{\"@type\":\"ImageObject\",\"inLanguage\":\"es\",\"@id\":\"https:\\\/\\\/repliquemangacine.fr\\\/denix\\\/holster-mares-leg-ceinturon-joss-randall\\\/#primaryimage\",\"url\":\"https:\\\/\\\/repliquemangacine.fr\\\/wp-content\\\/uploads\\\/2023\\\/10\\\/643-Ceinturon-Joss-Randall-steve-mc-queen.jpg\",\"contentUrl\":\"https:\\\/\\\/repliquemangacine.fr\\\/wp-content\\\/uploads\\\/2023\\\/10\\\/643-Ceinturon-Joss-Randall-steve-mc-queen.jpg\",\"width\":800,\"height\":800,\"caption\":\"Holster Mare's Leg\"},{\"@type\":\"BreadcrumbList\",\"@id\":\"https:\\\/\\\/repliquemangacine.fr\\\/denix\\\/holster-mares-leg-ceinturon-joss-randall\\\/#breadcrumb\",\"itemListElement\":[{\"@type\":\"ListItem\",\"position\":1,\"name\":\"Accueil\",\"item\":\"https:\\\/\\\/repliquemangacine.fr\\\/\"},{\"@type\":\"ListItem\",\"position\":2,\"name\":\"Produits\",\"item\":\"https:\\\/\\\/repliquemangacine.fr\\\/boutique\\\/\"},{\"@type\":\"ListItem\",\"position\":3,\"name\":\"Holster Mare&#8217;s Leg\"}]},{\"@type\":\"WebSite\",\"@id\":\"https:\\\/\\\/repliquemangacine.fr\\\/#website\",\"url\":\"https:\\\/\\\/repliquemangacine.fr\\\/\",\"name\":\"R\u00e9plique Manga Cin\u00e9\",\"description\":\"\",\"publisher\":{\"@id\":\"https:\\\/\\\/repliquemangacine.fr\\\/#organization\"},\"potentialAction\":[{\"@type\":\"SearchAction\",\"target\":{\"@type\":\"EntryPoint\",\"urlTemplate\":\"https:\\\/\\\/repliquemangacine.fr\\\/?s={search_term_string}\"},\"query-input\":{\"@type\":\"PropertyValueSpecification\",\"valueRequired\":true,\"valueName\":\"search_term_string\"}}],\"inLanguage\":\"es\"},{\"@type\":\"Organization\",\"@id\":\"https:\\\/\\\/repliquemangacine.fr\\\/#organization\",\"name\":\"R\u00e9plique Manga Cin\u00e9\",\"url\":\"https:\\\/\\\/repliquemangacine.fr\\\/\",\"logo\":{\"@type\":\"ImageObject\",\"inLanguage\":\"es\",\"@id\":\"https:\\\/\\\/repliquemangacine.fr\\\/#\\\/schema\\\/logo\\\/image\\\/\",\"url\":\"https:\\\/\\\/repliquemangacine.fr\\\/wp-content\\\/uploads\\\/2023\\\/10\\\/RMC-500250.png\",\"contentUrl\":\"https:\\\/\\\/repliquemangacine.fr\\\/wp-content\\\/uploads\\\/2023\\\/10\\\/RMC-500250.png\",\"width\":500,\"height\":250,\"caption\":\"R\u00e9plique Manga Cin\u00e9\"},\"image\":{\"@id\":\"https:\\\/\\\/repliquemangacine.fr\\\/#\\\/schema\\\/logo\\\/image\\\/\"},\"sameAs\":[\"https:\\\/\\\/www.facebook.com\\\/RepliqueMangaCine\",\"https:\\\/\\\/www.instagram.com\\\/repliquemangacine.fr\\\/\"]}]}<\/script>\n<!-- \/ Yoast SEO plugin. -->","yoast_head_json":{"title":"Funda Pata de Yegua - Venta de accesorios Western Denix | RMC","description":"\u00a1Dese un capricho! Esta funda de pata de yegua de Joss Randall al mejor precio - Todo cuero - Hecho a mano - Longitud del cintur\u00f3n: 117 cm","robots":{"index":"index","follow":"follow","max-snippet":"max-snippet:-1","max-image-preview":"max-image-preview:large","max-video-preview":"max-video-preview:-1"},"canonical":"https:\/\/repliquemangacine.fr\/es\/denix\/funda-cinturon-pata-de-yegua-joss-randall\/","og_locale":"es_ES","og_type":"article","og_title":"Holster Mare's Leg - Vente d'Accessoires westerns Denix | RMC","og_description":"Offrez-vous ! Cet Holster Mare's Leg de Joss Randall au meilleur prix - Tout en cuir - Fabrication artisanale - Longueur du ceinturon : 117 cm","og_url":"https:\/\/repliquemangacine.fr\/es\/denix\/funda-cinturon-pata-de-yegua-joss-randall\/","og_site_name":"R\u00e9plique Manga Cin\u00e9","article_publisher":"https:\/\/www.facebook.com\/RepliqueMangaCine","article_modified_time":"2026-04-10T06:02:15+00:00","og_image":[{"width":800,"height":800,"url":"https:\/\/repliquemangacine.fr\/wp-content\/uploads\/2023\/10\/643-Ceinturon-Joss-Randall-steve-mc-queen.jpg","type":"image\/jpeg"}],"twitter_card":"summary_large_image","twitter_misc":{"Tiempo de lectura":"2 minutos"},"schema":{"@context":"https:\/\/schema.org","@graph":[{"@type":"WebPage","@id":"https:\/\/repliquemangacine.fr\/denix\/holster-mares-leg-ceinturon-joss-randall\/","url":"https:\/\/repliquemangacine.fr\/denix\/holster-mares-leg-ceinturon-joss-randall\/","name":"Funda Pata de Yegua - Venta de accesorios Western Denix | RMC","isPartOf":{"@id":"https:\/\/repliquemangacine.fr\/#website"},"primaryImageOfPage":{"@id":"https:\/\/repliquemangacine.fr\/denix\/holster-mares-leg-ceinturon-joss-randall\/#primaryimage"},"image":{"@id":"https:\/\/repliquemangacine.fr\/denix\/holster-mares-leg-ceinturon-joss-randall\/#primaryimage"},"thumbnailUrl":"https:\/\/repliquemangacine.fr\/wp-content\/uploads\/2023\/10\/643-Ceinturon-Joss-Randall-steve-mc-queen.jpg","datePublished":"2016-10-27T14:56:48+00:00","dateModified":"2026-04-10T06:02:15+00:00","description":"\u00a1Dese un capricho! Esta funda de pata de yegua de Joss Randall al mejor precio - Todo cuero - Hecho a mano - Longitud del cintur\u00f3n: 117 cm","breadcrumb":{"@id":"https:\/\/repliquemangacine.fr\/denix\/holster-mares-leg-ceinturon-joss-randall\/#breadcrumb"},"inLanguage":"es","potentialAction":[{"@type":"ReadAction","target":["https:\/\/repliquemangacine.fr\/denix\/holster-mares-leg-ceinturon-joss-randall\/"]}]},{"@type":"ImageObject","inLanguage":"es","@id":"https:\/\/repliquemangacine.fr\/denix\/holster-mares-leg-ceinturon-joss-randall\/#primaryimage","url":"https:\/\/repliquemangacine.fr\/wp-content\/uploads\/2023\/10\/643-Ceinturon-Joss-Randall-steve-mc-queen.jpg","contentUrl":"https:\/\/repliquemangacine.fr\/wp-content\/uploads\/2023\/10\/643-Ceinturon-Joss-Randall-steve-mc-queen.jpg","width":800,"height":800,"caption":"Holster Mare's Leg"},{"@type":"BreadcrumbList","@id":"https:\/\/repliquemangacine.fr\/denix\/holster-mares-leg-ceinturon-joss-randall\/#breadcrumb","itemListElement":[{"@type":"ListItem","position":1,"name":"Accueil","item":"https:\/\/repliquemangacine.fr\/"},{"@type":"ListItem","position":2,"name":"Produits","item":"https:\/\/repliquemangacine.fr\/boutique\/"},{"@type":"ListItem","position":3,"name":"Holster Mare&#8217;s Leg"}]},{"@type":"WebSite","@id":"https:\/\/repliquemangacine.fr\/#website","url":"https:\/\/repliquemangacine.fr\/","name":"R\u00e9plique Manga Cin\u00e9","description":"","publisher":{"@id":"https:\/\/repliquemangacine.fr\/#organization"},"potentialAction":[{"@type":"SearchAction","target":{"@type":"EntryPoint","urlTemplate":"https:\/\/repliquemangacine.fr\/?s={search_term_string}"},"query-input":{"@type":"PropertyValueSpecification","valueRequired":true,"valueName":"search_term_string"}}],"inLanguage":"es"},{"@type":"Organization","@id":"https:\/\/repliquemangacine.fr\/#organization","name":"R\u00e9plique Manga Cin\u00e9","url":"https:\/\/repliquemangacine.fr\/","logo":{"@type":"ImageObject","inLanguage":"es","@id":"https:\/\/repliquemangacine.fr\/#\/schema\/logo\/image\/","url":"https:\/\/repliquemangacine.fr\/wp-content\/uploads\/2023\/10\/RMC-500250.png","contentUrl":"https:\/\/repliquemangacine.fr\/wp-content\/uploads\/2023\/10\/RMC-500250.png","width":500,"height":250,"caption":"R\u00e9plique Manga Cin\u00e9"},"image":{"@id":"https:\/\/repliquemangacine.fr\/#\/schema\/logo\/image\/"},"sameAs":["https:\/\/www.facebook.com\/RepliqueMangaCine","https:\/\/www.instagram.com\/repliquemangacine.fr\/"]}]}},"_links":{"self":[{"href":"https:\/\/repliquemangacine.fr\/es\/wp-json\/wp\/v2\/product\/25912","targetHints":{"allow":["GET"]}}],"collection":[{"href":"https:\/\/repliquemangacine.fr\/es\/wp-json\/wp\/v2\/product"}],"about":[{"href":"https:\/\/repliquemangacine.fr\/es\/wp-json\/wp\/v2\/types\/product"}],"wp:featuredmedia":[{"embeddable":true,"href":"https:\/\/repliquemangacine.fr\/es\/wp-json\/wp\/v2\/media\/25913"}],"wp:attachment":[{"href":"https:\/\/repliquemangacine.fr\/es\/wp-json\/wp\/v2\/media?parent=25912"}],"wp:term":[{"taxonomy":"product_brand","embeddable":true,"href":"https:\/\/repliquemangacine.fr\/es\/wp-json\/wp\/v2\/product_brand?post=25912"},{"taxonomy":"product_cat","embeddable":true,"href":"https:\/\/repliquemangacine.fr\/es\/wp-json\/wp\/v2\/product_cat?post=25912"},{"taxonomy":"product_tag","embeddable":true,"href":"https:\/\/repliquemangacine.fr\/es\/wp-json\/wp\/v2\/product_tag?post=25912"}],"curies":[{"name":"wp","href":"https:\/\/api.w.org\/{rel}","templated":true}]}}