





{"id":25906,"date":"2016-10-27T16:06:38","date_gmt":"2016-10-27T14:06:38","guid":{"rendered":"https:\/\/repliquemangacine.fr\/?post_type=product&#038;p=25906"},"modified":"2025-11-10T14:50:25","modified_gmt":"2025-11-10T13:50:25","slug":"funda-2-colts-negra-doble-cinturon-con-cartuchera","status":"publish","type":"product","link":"https:\/\/repliquemangacine.fr\/es\/holster-accessoires-western\/holster-2-colts-noir-ceinturon-double-avec-cartouchiere\/","title":{"rendered":"Funda 2 Colts negra"},"content":{"rendered":"<h2>Funda 2 Colts negra<\/h2>\n<p>Para empezar, este <strong>Funda 2 Colts negra<\/strong>, especialmente dise\u00f1ado para llevar dos rev\u00f3lveres. Este cintur\u00f3n tiene una cartuchera con 24 balas de fogueo.<\/p>\n<p>Generalmente dise\u00f1ado para ser utilizado con una sola mano. Esto permite sacar y\/o volver a guardar el arma con la misma mano. Para volver a guardar el arma en su funda con una sola mano, se necesita un material semirr\u00edgido.<\/p>\n<p>Para que conserve su forma y el estuche no se deforme cuando el rev\u00f3lver ya no est\u00e1 dentro para sostenerlo. Tradicionalmente se sujetan al cintur\u00f3n mediante una correa.<\/p>\n<p>Popular en las pel\u00edculas del Oeste y en famosas escenas de duelos. La extracci\u00f3n de la pistola en algunas pel\u00edculas es bastante espectacular, y hay algunas proezas t\u00e9cnicas para volver a colocarla.<\/p>\n<h2>Tu Funda 2 colts negra al mejor precio.<\/h2>\n<p>Ofrecemos una amplia gama de accesorios Westerns.<\/p>\n<p>Lo primero y m\u00e1s importante,<\/p>\n<ul>\n<li>Para su funda, necesita Colt 45, el <a href=\"https:\/\/repliquemangacine.fr\/es\/revolver-colts\/colt-modelo-1873-denix-55-pulgadas-calibre-45\/\">Rev\u00f3lver Peacemaker<\/a> Modelo 1873.<\/li>\n<li>Tambi\u00e9n hay <a href=\"https:\/\/repliquemangacine.fr\/es\/accesorios-del-oeste\/6-balas-falsas-con-cebos-denix\/\">balas de prueba con cebos<\/a> para colt calibre 45 para llenar su cartuchera.<\/li>\n<li>As\u00ed como <a href=\"https:\/\/repliquemangacine.fr\/es\/accesorios-del-oeste\/blister-de-96-amorces-pour-pistolet-kolser\/\">bl\u00edsteres de imprimaciones<\/a> \u00a1las piezas de repuesto que necesitas para hacerlo funcionar!<\/li>\n<li>Y muchos m\u00e1s por descubrir en nuestra tienda en l\u00ednea.<\/li>\n<\/ul>\n<p>Por eso es una magn\u00edfica idea de regalo para todos los amantes de las armas hist\u00f3ricas.<\/p>\n<p>En conclusi\u00f3n, puede utilizar este <strong>Funda 2 Colts negra<\/strong> para tus recreaciones y representaciones de westerns.<\/p>\n<p>Por encima de todo, esta arma es un objeto de colecci\u00f3n y una pieza decorativa.<\/p>\n<p>R\u00e9plique Manga Cin\u00e9 es una empresa francesa y distribuidor oficial de la marca <a href=\"https:\/\/www.denix.fr\/\" target=\"_blank\" rel=\"noopener noreferrer\">Denix<\/a>.<\/p>\n<h2>\u00bfC\u00f3mo se fabrican sus accesorios occidentales?<\/h2>\n<p>Para empezar, todos nuestros productos derivados son de la m\u00e1xima calidad, fabricados con meticulosa atenci\u00f3n al detalle. Una parte se hace a mano, para reproducir hasta el m\u00e1s m\u00ednimo detalle. Las partes m\u00e1s importantes se mecanizan con m\u00e1quinas muy precisas. Los grabados se hacen generalmente con punta de diamante o l\u00e1ser.<\/p>\n<p>Su <strong>Funda 2 Colts negra<\/strong> fabricados para reproducir cada detalle con exactitud. Para igualar el legado de las obras maestras originales. Se hace hincapi\u00e9 en crear r\u00e9plicas de alta calidad que sean lo m\u00e1s hist\u00f3ricamente exactas posible.<\/p>\n<p>En conclusi\u00f3n, importadas de China, Espa\u00f1a o la India, \u00a1nuestras r\u00e9plicas le sorprender\u00e1n!<\/p>","protected":false},"excerpt":{"rendered":"<p>Cintur\u00f3n western de muy alta calidad en cuero grueso moldeado.<\/p>\n<ul>\n<li>Hecho y cosido a mano.<\/li>\n<li>Motivos de caballos grabados en cuero aut\u00e9ntico.<\/li>\n<li>Hebilla de cintur\u00f3n met\u00e1lica.<\/li>\n<li>Correas de soporte.<\/li>\n<li>Cinta de cartuchos.<\/li>\n<li>Se suministra sin balas de prueba<\/li>\n<\/ul>","protected":false},"featured_media":25907,"template":"","meta":[],"product_brand":[896],"product_cat":[34,102,45,90,28,27],"product_tag":[],"class_list":{"0":"post-25906","1":"product","2":"type-product","3":"status-publish","4":"has-post-thumbnail","6":"product_brand-replique-manga-cine","7":"product_cat-armes-westerns","8":"product_cat-denix","9":"product_cat-holster-western-ceinturon","10":"product_cat-holster-accessoires-western","11":"product_cat-repliques-darmes","12":"product_cat-armes-et-accessoires-western","14":"first","15":"instock","16":"taxable","17":"shipping-taxable","18":"purchasable","19":"product-type-simple"},"yoast_head":"<!-- This site is optimized with the Yoast SEO plugin v27.5 - https:\/\/yoast.com\/product\/yoast-seo-wordpress\/ -->\n<title>Holster 2 Colts noir - Ceinturon pour colt 45 | R\u00e9plique Manga Cin\u00e9<\/title>\n<meta name=\"description\" content=\"D\u00e9couvrez cet Holster 2 Colts noir de western au meilleur prix - De tr\u00e8s haute qualit\u00e9 - Cuir \u00e9pais moul\u00e9. Boucle m\u00e9tal. Cartouchi\u00e8re.\" \/>\n<meta name=\"robots\" content=\"index, follow, max-snippet:-1, max-image-preview:large, max-video-preview:-1\" \/>\n<link rel=\"canonical\" href=\"https:\/\/repliquemangacine.fr\/es\/denix\/funda-2-colts-negra-doble-cinturon-con-cartuchera\/\" \/>\n<meta property=\"og:locale\" content=\"es_ES\" \/>\n<meta property=\"og:type\" content=\"article\" \/>\n<meta property=\"og:title\" content=\"Holster 2 Colts noir - Ceinturon pour colt 45 | R\u00e9plique Manga Cin\u00e9\" \/>\n<meta property=\"og:description\" content=\"D\u00e9couvrez cet Holster 2 Colts noir de western au meilleur prix - De tr\u00e8s haute qualit\u00e9 - Cuir \u00e9pais moul\u00e9. Boucle m\u00e9tal. Cartouchi\u00e8re.\" \/>\n<meta property=\"og:url\" content=\"https:\/\/repliquemangacine.fr\/es\/denix\/funda-2-colts-negra-doble-cinturon-con-cartuchera\/\" \/>\n<meta property=\"og:site_name\" content=\"R\u00e9plique Manga Cin\u00e9\" \/>\n<meta property=\"article:publisher\" content=\"https:\/\/www.facebook.com\/RepliqueMangaCine\" \/>\n<meta property=\"article:modified_time\" content=\"2025-11-10T13:50:25+00:00\" \/>\n<meta property=\"og:image\" content=\"https:\/\/repliquemangacine.fr\/wp-content\/uploads\/2023\/10\/637-Ceinturon-noir-pour-colt-Holster-double.jpg\" \/>\n\t<meta property=\"og:image:width\" content=\"700\" \/>\n\t<meta property=\"og:image:height\" content=\"700\" \/>\n\t<meta property=\"og:image:type\" content=\"image\/jpeg\" \/>\n<meta name=\"twitter:card\" content=\"summary_large_image\" \/>\n<meta name=\"twitter:label1\" content=\"Tiempo de lectura\" \/>\n\t<meta name=\"twitter:data1\" content=\"2 minutos\" \/>\n<script type=\"application\/ld+json\" class=\"yoast-schema-graph\">{\"@context\":\"https:\\\/\\\/schema.org\",\"@graph\":[{\"@type\":\"WebPage\",\"@id\":\"https:\\\/\\\/repliquemangacine.fr\\\/de\\\/denix\\\/holster-2-colts-schwarz-doppelgurtel-mit-patronengurt\\\/\",\"url\":\"https:\\\/\\\/repliquemangacine.fr\\\/de\\\/denix\\\/holster-2-colts-schwarz-doppelgurtel-mit-patronengurt\\\/\",\"name\":\"Holster 2 Colts noir - Ceinturon pour colt 45 | R\u00e9plique Manga Cin\u00e9\",\"isPartOf\":{\"@id\":\"https:\\\/\\\/repliquemangacine.fr\\\/#website\"},\"primaryImageOfPage\":{\"@id\":\"https:\\\/\\\/repliquemangacine.fr\\\/de\\\/denix\\\/holster-2-colts-schwarz-doppelgurtel-mit-patronengurt\\\/#primaryimage\"},\"image\":{\"@id\":\"https:\\\/\\\/repliquemangacine.fr\\\/de\\\/denix\\\/holster-2-colts-schwarz-doppelgurtel-mit-patronengurt\\\/#primaryimage\"},\"thumbnailUrl\":\"https:\\\/\\\/repliquemangacine.fr\\\/wp-content\\\/uploads\\\/2023\\\/10\\\/637-Ceinturon-noir-pour-colt-Holster-double.jpg\",\"datePublished\":\"2016-10-27T14:06:38+00:00\",\"dateModified\":\"2025-11-10T13:50:25+00:00\",\"description\":\"D\u00e9couvrez cet Holster 2 Colts noir de western au meilleur prix - De tr\u00e8s haute qualit\u00e9 - Cuir \u00e9pais moul\u00e9. Boucle m\u00e9tal. Cartouchi\u00e8re.\",\"breadcrumb\":{\"@id\":\"https:\\\/\\\/repliquemangacine.fr\\\/de\\\/denix\\\/holster-2-colts-schwarz-doppelgurtel-mit-patronengurt\\\/#breadcrumb\"},\"inLanguage\":\"es\",\"potentialAction\":[{\"@type\":\"ReadAction\",\"target\":[\"https:\\\/\\\/repliquemangacine.fr\\\/de\\\/denix\\\/holster-2-colts-schwarz-doppelgurtel-mit-patronengurt\\\/\"]}]},{\"@type\":\"ImageObject\",\"inLanguage\":\"es\",\"@id\":\"https:\\\/\\\/repliquemangacine.fr\\\/de\\\/denix\\\/holster-2-colts-schwarz-doppelgurtel-mit-patronengurt\\\/#primaryimage\",\"url\":\"https:\\\/\\\/repliquemangacine.fr\\\/wp-content\\\/uploads\\\/2023\\\/10\\\/637-Ceinturon-noir-pour-colt-Holster-double.jpg\",\"contentUrl\":\"https:\\\/\\\/repliquemangacine.fr\\\/wp-content\\\/uploads\\\/2023\\\/10\\\/637-Ceinturon-noir-pour-colt-Holster-double.jpg\",\"width\":700,\"height\":700,\"caption\":\"Ceinturon noir pour colt - Holster double...\"},{\"@type\":\"BreadcrumbList\",\"@id\":\"https:\\\/\\\/repliquemangacine.fr\\\/de\\\/denix\\\/holster-2-colts-schwarz-doppelgurtel-mit-patronengurt\\\/#breadcrumb\",\"itemListElement\":[{\"@type\":\"ListItem\",\"position\":1,\"name\":\"Accueil\",\"item\":\"https:\\\/\\\/repliquemangacine.fr\\\/\"},{\"@type\":\"ListItem\",\"position\":2,\"name\":\"Produits\",\"item\":\"https:\\\/\\\/repliquemangacine.fr\\\/boutique\\\/\"},{\"@type\":\"ListItem\",\"position\":3,\"name\":\"Holster 2 Colts noir\"}]},{\"@type\":\"WebSite\",\"@id\":\"https:\\\/\\\/repliquemangacine.fr\\\/#website\",\"url\":\"https:\\\/\\\/repliquemangacine.fr\\\/\",\"name\":\"R\u00e9plique Manga Cin\u00e9\",\"description\":\"\",\"publisher\":{\"@id\":\"https:\\\/\\\/repliquemangacine.fr\\\/#organization\"},\"potentialAction\":[{\"@type\":\"SearchAction\",\"target\":{\"@type\":\"EntryPoint\",\"urlTemplate\":\"https:\\\/\\\/repliquemangacine.fr\\\/?s={search_term_string}\"},\"query-input\":{\"@type\":\"PropertyValueSpecification\",\"valueRequired\":true,\"valueName\":\"search_term_string\"}}],\"inLanguage\":\"es\"},{\"@type\":\"Organization\",\"@id\":\"https:\\\/\\\/repliquemangacine.fr\\\/#organization\",\"name\":\"R\u00e9plique Manga Cin\u00e9\",\"url\":\"https:\\\/\\\/repliquemangacine.fr\\\/\",\"logo\":{\"@type\":\"ImageObject\",\"inLanguage\":\"es\",\"@id\":\"https:\\\/\\\/repliquemangacine.fr\\\/#\\\/schema\\\/logo\\\/image\\\/\",\"url\":\"https:\\\/\\\/repliquemangacine.fr\\\/wp-content\\\/uploads\\\/2023\\\/10\\\/RMC-500250.png\",\"contentUrl\":\"https:\\\/\\\/repliquemangacine.fr\\\/wp-content\\\/uploads\\\/2023\\\/10\\\/RMC-500250.png\",\"width\":500,\"height\":250,\"caption\":\"R\u00e9plique Manga Cin\u00e9\"},\"image\":{\"@id\":\"https:\\\/\\\/repliquemangacine.fr\\\/#\\\/schema\\\/logo\\\/image\\\/\"},\"sameAs\":[\"https:\\\/\\\/www.facebook.com\\\/RepliqueMangaCine\",\"https:\\\/\\\/www.instagram.com\\\/repliquemangacine.fr\\\/\"]}]}<\/script>\n<!-- \/ Yoast SEO plugin. -->","yoast_head_json":{"title":"Funda 2 Colts negra - Cintur\u00f3n para colt 45 | R\u00e9plique Manga Cin\u00e9","description":"Descubra esta Funda 2 Colts negra western al mejor precio - Muy alta calidad - Cuero grueso moldeado. Hebilla met\u00e1lica. Cintur\u00f3n para cartuchos.","robots":{"index":"index","follow":"follow","max-snippet":"max-snippet:-1","max-image-preview":"max-image-preview:large","max-video-preview":"max-video-preview:-1"},"canonical":"https:\/\/repliquemangacine.fr\/es\/denix\/funda-2-colts-negra-doble-cinturon-con-cartuchera\/","og_locale":"es_ES","og_type":"article","og_title":"Holster 2 Colts noir - Ceinturon pour colt 45 | R\u00e9plique Manga Cin\u00e9","og_description":"D\u00e9couvrez cet Holster 2 Colts noir de western au meilleur prix - De tr\u00e8s haute qualit\u00e9 - Cuir \u00e9pais moul\u00e9. Boucle m\u00e9tal. Cartouchi\u00e8re.","og_url":"https:\/\/repliquemangacine.fr\/es\/denix\/funda-2-colts-negra-doble-cinturon-con-cartuchera\/","og_site_name":"R\u00e9plique Manga Cin\u00e9","article_publisher":"https:\/\/www.facebook.com\/RepliqueMangaCine","article_modified_time":"2025-11-10T13:50:25+00:00","og_image":[{"width":700,"height":700,"url":"https:\/\/repliquemangacine.fr\/wp-content\/uploads\/2023\/10\/637-Ceinturon-noir-pour-colt-Holster-double.jpg","type":"image\/jpeg"}],"twitter_card":"summary_large_image","twitter_misc":{"Tiempo de lectura":"2 minutos"},"schema":{"@context":"https:\/\/schema.org","@graph":[{"@type":"WebPage","@id":"https:\/\/repliquemangacine.fr\/de\/denix\/holster-2-colts-schwarz-doppelgurtel-mit-patronengurt\/","url":"https:\/\/repliquemangacine.fr\/de\/denix\/holster-2-colts-schwarz-doppelgurtel-mit-patronengurt\/","name":"Funda 2 Colts negra - Cintur\u00f3n para colt 45 | R\u00e9plique Manga Cin\u00e9","isPartOf":{"@id":"https:\/\/repliquemangacine.fr\/#website"},"primaryImageOfPage":{"@id":"https:\/\/repliquemangacine.fr\/de\/denix\/holster-2-colts-schwarz-doppelgurtel-mit-patronengurt\/#primaryimage"},"image":{"@id":"https:\/\/repliquemangacine.fr\/de\/denix\/holster-2-colts-schwarz-doppelgurtel-mit-patronengurt\/#primaryimage"},"thumbnailUrl":"https:\/\/repliquemangacine.fr\/wp-content\/uploads\/2023\/10\/637-Ceinturon-noir-pour-colt-Holster-double.jpg","datePublished":"2016-10-27T14:06:38+00:00","dateModified":"2025-11-10T13:50:25+00:00","description":"Descubra esta Funda 2 Colts negra western al mejor precio - Muy alta calidad - Cuero grueso moldeado. Hebilla met\u00e1lica. Cintur\u00f3n para cartuchos.","breadcrumb":{"@id":"https:\/\/repliquemangacine.fr\/de\/denix\/holster-2-colts-schwarz-doppelgurtel-mit-patronengurt\/#breadcrumb"},"inLanguage":"es","potentialAction":[{"@type":"ReadAction","target":["https:\/\/repliquemangacine.fr\/de\/denix\/holster-2-colts-schwarz-doppelgurtel-mit-patronengurt\/"]}]},{"@type":"ImageObject","inLanguage":"es","@id":"https:\/\/repliquemangacine.fr\/de\/denix\/holster-2-colts-schwarz-doppelgurtel-mit-patronengurt\/#primaryimage","url":"https:\/\/repliquemangacine.fr\/wp-content\/uploads\/2023\/10\/637-Ceinturon-noir-pour-colt-Holster-double.jpg","contentUrl":"https:\/\/repliquemangacine.fr\/wp-content\/uploads\/2023\/10\/637-Ceinturon-noir-pour-colt-Holster-double.jpg","width":700,"height":700,"caption":"Ceinturon noir pour colt - Holster double..."},{"@type":"BreadcrumbList","@id":"https:\/\/repliquemangacine.fr\/de\/denix\/holster-2-colts-schwarz-doppelgurtel-mit-patronengurt\/#breadcrumb","itemListElement":[{"@type":"ListItem","position":1,"name":"Accueil","item":"https:\/\/repliquemangacine.fr\/"},{"@type":"ListItem","position":2,"name":"Produits","item":"https:\/\/repliquemangacine.fr\/boutique\/"},{"@type":"ListItem","position":3,"name":"Holster 2 Colts noir"}]},{"@type":"WebSite","@id":"https:\/\/repliquemangacine.fr\/#website","url":"https:\/\/repliquemangacine.fr\/","name":"R\u00e9plique Manga Cin\u00e9","description":"","publisher":{"@id":"https:\/\/repliquemangacine.fr\/#organization"},"potentialAction":[{"@type":"SearchAction","target":{"@type":"EntryPoint","urlTemplate":"https:\/\/repliquemangacine.fr\/?s={search_term_string}"},"query-input":{"@type":"PropertyValueSpecification","valueRequired":true,"valueName":"search_term_string"}}],"inLanguage":"es"},{"@type":"Organization","@id":"https:\/\/repliquemangacine.fr\/#organization","name":"R\u00e9plique Manga Cin\u00e9","url":"https:\/\/repliquemangacine.fr\/","logo":{"@type":"ImageObject","inLanguage":"es","@id":"https:\/\/repliquemangacine.fr\/#\/schema\/logo\/image\/","url":"https:\/\/repliquemangacine.fr\/wp-content\/uploads\/2023\/10\/RMC-500250.png","contentUrl":"https:\/\/repliquemangacine.fr\/wp-content\/uploads\/2023\/10\/RMC-500250.png","width":500,"height":250,"caption":"R\u00e9plique Manga Cin\u00e9"},"image":{"@id":"https:\/\/repliquemangacine.fr\/#\/schema\/logo\/image\/"},"sameAs":["https:\/\/www.facebook.com\/RepliqueMangaCine","https:\/\/www.instagram.com\/repliquemangacine.fr\/"]}]}},"_links":{"self":[{"href":"https:\/\/repliquemangacine.fr\/es\/wp-json\/wp\/v2\/product\/25906","targetHints":{"allow":["GET"]}}],"collection":[{"href":"https:\/\/repliquemangacine.fr\/es\/wp-json\/wp\/v2\/product"}],"about":[{"href":"https:\/\/repliquemangacine.fr\/es\/wp-json\/wp\/v2\/types\/product"}],"wp:featuredmedia":[{"embeddable":true,"href":"https:\/\/repliquemangacine.fr\/es\/wp-json\/wp\/v2\/media\/25907"}],"wp:attachment":[{"href":"https:\/\/repliquemangacine.fr\/es\/wp-json\/wp\/v2\/media?parent=25906"}],"wp:term":[{"taxonomy":"product_brand","embeddable":true,"href":"https:\/\/repliquemangacine.fr\/es\/wp-json\/wp\/v2\/product_brand?post=25906"},{"taxonomy":"product_cat","embeddable":true,"href":"https:\/\/repliquemangacine.fr\/es\/wp-json\/wp\/v2\/product_cat?post=25906"},{"taxonomy":"product_tag","embeddable":true,"href":"https:\/\/repliquemangacine.fr\/es\/wp-json\/wp\/v2\/product_tag?post=25906"}],"curies":[{"name":"wp","href":"https:\/\/api.w.org\/{rel}","templated":true}]}}