





{"id":25893,"date":"2016-10-27T15:08:39","date_gmt":"2016-10-27T13:08:39","guid":{"rendered":"https:\/\/repliquemangacine.fr\/?post_type=product&#038;p=25893"},"modified":"2026-01-08T17:24:57","modified_gmt":"2026-01-08T16:24:57","slug":"cinturon-de-cuero-para-funda-doble-colt","status":"publish","type":"product","link":"https:\/\/repliquemangacine.fr\/es\/holster-accessoires-western\/ceinturon-cuir-pour-colt-holster-double\/","title":{"rendered":"Funda doble colt"},"content":{"rendered":"<h2>Funda doble colt de cuero.<\/h2>\n<p>Para empezar, este <strong>Funda doble colt<\/strong>, especialmente dise\u00f1ado para llevar dos rev\u00f3lveres. Este cintur\u00f3n tiene una cartuchera con 24 balas de fogueo.<\/p>\n<p>Generalmente dise\u00f1adas para ser utilizadas con una sola mano. Esto permite extraer y\/o volver a colocar la pistola con la misma mano. Para volver a colocar la pistola en su funda con una sola mano se requiere un material r\u00edgido. Tradicionalmente se sujeta al cintur\u00f3n mediante un arn\u00e9s.<\/p>\n<p>Popular en las pel\u00edculas del Oeste y en famosas escenas de duelos. La extracci\u00f3n de la pistola en algunas pel\u00edculas es bastante espectacular, y hay algunas proezas t\u00e9cnicas para volver a colocarla.<\/p>\n<h2>Tu Funda Doble Colt al mejor precio.<\/h2>\n<p>Ofrecemos una amplia gama de accesorios Westerns.<\/p>\n<p>Lo primero y m\u00e1s importante,<\/p>\n<ul>\n<li>Para su funda, necesita el <a href=\"https:\/\/repliquemangacine.fr\/es\/pistola-kolser\/estuche-colt-45-pulido-4-75-pulgadas-1873-kolser\/\">estuche pulido colt calibre 45<\/a> a mano desde Kolser.<\/li>\n<li>Tambi\u00e9n hay <a href=\"https:\/\/repliquemangacine.fr\/es\/pistola-kolser\/6-balas-de-prueba-para-colt-45-kolser\/\">balas falsas<\/a> para rev\u00f3lver kolser para llenar su cartuchera.<\/li>\n<li>As\u00ed como los blisters<a href=\"https:\/\/repliquemangacine.fr\/es\/accesorios-del-oeste\/blister-de-96-amorces-pour-pistolet-kolser\/\"> cebadores<\/a> para que su espect\u00e1culo sea todo un \u00e9xito.<\/li>\n<li>Y muchos m\u00e1s por descubrir en nuestra tienda en l\u00ednea.<\/li>\n<\/ul>\n<p>Por eso es una magn\u00edfica idea de regalo para todos los amantes de las armas del oeste.<\/p>\n<p>En conclusi\u00f3n, puede utilizar este <strong>Funda doble colt<\/strong> para sus recreaciones y representaciones del Oeste. Por encima de todo, esta pistola es una pieza de coleccionista y una pieza decorativa.<\/p>\n<p>R\u00e9plique Manga Cin\u00e9 es una empresa francesa y distribuidor oficial de la marca <a href=\"https:\/\/www.denix.fr\/\" target=\"_blank\" rel=\"noopener noreferrer\">Denix<\/a>.<\/p>\n<h2>\u00bfC\u00f3mo se fabrican sus accesorios occidentales?<\/h2>\n<p>Para empezar, todos nuestros productos derivados son de la m\u00e1xima calidad, fabricados con meticulosa atenci\u00f3n al detalle. Una parte se hace a mano, para reproducir hasta el m\u00e1s m\u00ednimo detalle. Las partes m\u00e1s importantes se mecanizan con m\u00e1quinas muy precisas. Los grabados se hacen generalmente con punta de diamante o l\u00e1ser.<\/p>\n<p>Su <strong>Funda doble colt<\/strong> fabricados para reproducir cada detalle con exactitud. Para igualar el legado de las obras maestras originales. Se hace hincapi\u00e9 en crear r\u00e9plicas de alta calidad que sean lo m\u00e1s hist\u00f3ricamente exactas posible.<\/p>\n<p>En conclusi\u00f3n, importadas de China, Espa\u00f1a o la India, \u00a1nuestras r\u00e9plicas le sorprender\u00e1n!<\/p>","protected":false},"excerpt":{"rendered":"<p>Este cintur\u00f3n occidental de muy alta calidad est\u00e1 hecho de cuero grueso moldeado.<\/p>\n<ul>\n<li>Hecho y cosido a mano.<\/li>\n<li>Dos pistoleras con piezas decorativas de cuero aut\u00e9ntico.<\/li>\n<li>Hebilla de cintur\u00f3n met\u00e1lica.<\/li>\n<li>Correas de soporte.<\/li>\n<li>Cinta de cartuchos.<\/li>\n<li>Se suministra sin balas de prueba<\/li>\n<\/ul>","protected":false},"featured_media":25894,"template":"","meta":[],"product_brand":[896],"product_cat":[34,102,45,90,28,27],"product_tag":[],"class_list":{"0":"post-25893","1":"product","2":"type-product","3":"status-publish","4":"has-post-thumbnail","6":"product_brand-replique-manga-cine","7":"product_cat-armes-westerns","8":"product_cat-denix","9":"product_cat-holster-western-ceinturon","10":"product_cat-holster-accessoires-western","11":"product_cat-repliques-darmes","12":"product_cat-armes-et-accessoires-western","14":"first","15":"instock","16":"taxable","17":"shipping-taxable","18":"purchasable","19":"product-type-simple"},"yoast_head":"<!-- This site is optimized with the Yoast SEO plugin v27.3 - https:\/\/yoast.com\/product\/yoast-seo-wordpress\/ -->\n<title>Holster double colt - Ceinturon cuir pour colt | R\u00e9plique Manga Cin\u00e9<\/title>\n<meta name=\"description\" content=\"D\u00e9couvrez cet Holster double colt au meilleur prix - Muni de plusieurs pi\u00e8ces en cuir v\u00e9ritable - Boucle m\u00e9tal - Lani\u00e8res de maintien - Cartouchi\u00e8re.\" \/>\n<meta name=\"robots\" content=\"index, follow, max-snippet:-1, max-image-preview:large, max-video-preview:-1\" \/>\n<link rel=\"canonical\" href=\"https:\/\/repliquemangacine.fr\/es\/denix\/cinturon-de-cuero-para-funda-doble-colt\/\" \/>\n<meta property=\"og:locale\" content=\"es_ES\" \/>\n<meta property=\"og:type\" content=\"article\" \/>\n<meta property=\"og:title\" content=\"Holster double colt - Ceinturon cuir pour colt | R\u00e9plique Manga Cin\u00e9\" \/>\n<meta property=\"og:description\" content=\"D\u00e9couvrez cet Holster double colt au meilleur prix - Muni de plusieurs pi\u00e8ces en cuir v\u00e9ritable - Boucle m\u00e9tal - Lani\u00e8res de maintien - Cartouchi\u00e8re.\" \/>\n<meta property=\"og:url\" content=\"https:\/\/repliquemangacine.fr\/es\/denix\/cinturon-de-cuero-para-funda-doble-colt\/\" \/>\n<meta property=\"og:site_name\" content=\"R\u00e9plique Manga Cin\u00e9\" \/>\n<meta property=\"article:publisher\" content=\"https:\/\/www.facebook.com\/RepliqueMangaCine\" \/>\n<meta property=\"article:modified_time\" content=\"2026-01-08T16:24:57+00:00\" \/>\n<meta property=\"og:image\" content=\"https:\/\/repliquemangacine.fr\/wp-content\/uploads\/2023\/10\/626-Ceinturon-cuir-pour-colt-Holster-double-avec-cartouchiere.jpg\" \/>\n\t<meta property=\"og:image:width\" content=\"800\" \/>\n\t<meta property=\"og:image:height\" content=\"800\" \/>\n\t<meta property=\"og:image:type\" content=\"image\/jpeg\" \/>\n<meta name=\"twitter:card\" content=\"summary_large_image\" \/>\n<meta name=\"twitter:label1\" content=\"Tiempo de lectura\" \/>\n\t<meta name=\"twitter:data1\" content=\"2 minutos\" \/>\n<script type=\"application\/ld+json\" class=\"yoast-schema-graph\">{\"@context\":\"https:\\\/\\\/schema.org\",\"@graph\":[{\"@type\":\"WebPage\",\"@id\":\"https:\\\/\\\/repliquemangacine.fr\\\/denix\\\/ceinturon-cuir-pour-colt-holster-double\\\/\",\"url\":\"https:\\\/\\\/repliquemangacine.fr\\\/denix\\\/ceinturon-cuir-pour-colt-holster-double\\\/\",\"name\":\"Holster double colt - Ceinturon cuir pour colt | R\u00e9plique Manga Cin\u00e9\",\"isPartOf\":{\"@id\":\"https:\\\/\\\/repliquemangacine.fr\\\/#website\"},\"primaryImageOfPage\":{\"@id\":\"https:\\\/\\\/repliquemangacine.fr\\\/denix\\\/ceinturon-cuir-pour-colt-holster-double\\\/#primaryimage\"},\"image\":{\"@id\":\"https:\\\/\\\/repliquemangacine.fr\\\/denix\\\/ceinturon-cuir-pour-colt-holster-double\\\/#primaryimage\"},\"thumbnailUrl\":\"https:\\\/\\\/repliquemangacine.fr\\\/wp-content\\\/uploads\\\/2023\\\/10\\\/626-Ceinturon-cuir-pour-colt-Holster-double-avec-cartouchiere.jpg\",\"datePublished\":\"2016-10-27T13:08:39+00:00\",\"dateModified\":\"2026-01-08T16:24:57+00:00\",\"description\":\"D\u00e9couvrez cet Holster double colt au meilleur prix - Muni de plusieurs pi\u00e8ces en cuir v\u00e9ritable - Boucle m\u00e9tal - Lani\u00e8res de maintien - Cartouchi\u00e8re.\",\"breadcrumb\":{\"@id\":\"https:\\\/\\\/repliquemangacine.fr\\\/denix\\\/ceinturon-cuir-pour-colt-holster-double\\\/#breadcrumb\"},\"inLanguage\":\"es\",\"potentialAction\":[{\"@type\":\"ReadAction\",\"target\":[\"https:\\\/\\\/repliquemangacine.fr\\\/denix\\\/ceinturon-cuir-pour-colt-holster-double\\\/\"]}]},{\"@type\":\"ImageObject\",\"inLanguage\":\"es\",\"@id\":\"https:\\\/\\\/repliquemangacine.fr\\\/denix\\\/ceinturon-cuir-pour-colt-holster-double\\\/#primaryimage\",\"url\":\"https:\\\/\\\/repliquemangacine.fr\\\/wp-content\\\/uploads\\\/2023\\\/10\\\/626-Ceinturon-cuir-pour-colt-Holster-double-avec-cartouchiere.jpg\",\"contentUrl\":\"https:\\\/\\\/repliquemangacine.fr\\\/wp-content\\\/uploads\\\/2023\\\/10\\\/626-Ceinturon-cuir-pour-colt-Holster-double-avec-cartouchiere.jpg\",\"width\":800,\"height\":800,\"caption\":\"Ceinturon cuir pour colt - Holster double avec cartouchi\u00e8re\"},{\"@type\":\"BreadcrumbList\",\"@id\":\"https:\\\/\\\/repliquemangacine.fr\\\/denix\\\/ceinturon-cuir-pour-colt-holster-double\\\/#breadcrumb\",\"itemListElement\":[{\"@type\":\"ListItem\",\"position\":1,\"name\":\"Accueil\",\"item\":\"https:\\\/\\\/repliquemangacine.fr\\\/\"},{\"@type\":\"ListItem\",\"position\":2,\"name\":\"Produits\",\"item\":\"https:\\\/\\\/repliquemangacine.fr\\\/boutique\\\/\"},{\"@type\":\"ListItem\",\"position\":3,\"name\":\"Holster double colt\"}]},{\"@type\":\"WebSite\",\"@id\":\"https:\\\/\\\/repliquemangacine.fr\\\/#website\",\"url\":\"https:\\\/\\\/repliquemangacine.fr\\\/\",\"name\":\"R\u00e9plique Manga Cin\u00e9\",\"description\":\"\",\"publisher\":{\"@id\":\"https:\\\/\\\/repliquemangacine.fr\\\/#organization\"},\"potentialAction\":[{\"@type\":\"SearchAction\",\"target\":{\"@type\":\"EntryPoint\",\"urlTemplate\":\"https:\\\/\\\/repliquemangacine.fr\\\/?s={search_term_string}\"},\"query-input\":{\"@type\":\"PropertyValueSpecification\",\"valueRequired\":true,\"valueName\":\"search_term_string\"}}],\"inLanguage\":\"es\"},{\"@type\":\"Organization\",\"@id\":\"https:\\\/\\\/repliquemangacine.fr\\\/#organization\",\"name\":\"R\u00e9plique Manga Cin\u00e9\",\"url\":\"https:\\\/\\\/repliquemangacine.fr\\\/\",\"logo\":{\"@type\":\"ImageObject\",\"inLanguage\":\"es\",\"@id\":\"https:\\\/\\\/repliquemangacine.fr\\\/#\\\/schema\\\/logo\\\/image\\\/\",\"url\":\"https:\\\/\\\/repliquemangacine.fr\\\/wp-content\\\/uploads\\\/2023\\\/10\\\/RMC-500250.png\",\"contentUrl\":\"https:\\\/\\\/repliquemangacine.fr\\\/wp-content\\\/uploads\\\/2023\\\/10\\\/RMC-500250.png\",\"width\":500,\"height\":250,\"caption\":\"R\u00e9plique Manga Cin\u00e9\"},\"image\":{\"@id\":\"https:\\\/\\\/repliquemangacine.fr\\\/#\\\/schema\\\/logo\\\/image\\\/\"},\"sameAs\":[\"https:\\\/\\\/www.facebook.com\\\/RepliqueMangaCine\",\"https:\\\/\\\/www.instagram.com\\\/repliquemangacine.fr\\\/\"]}]}<\/script>\n<!-- \/ Yoast SEO plugin. -->","yoast_head_json":{"title":"Funda doble Colt - Cintur\u00f3n de cuero para Colt | R\u00e9plique Manga Cin\u00e9","description":"Descubra esta Funda Doble Colt al mejor precio - Equipada con varias piezas de cuero aut\u00e9ntico - Hebilla met\u00e1lica - Correas de sujeci\u00f3n - Funda para cartuchos.","robots":{"index":"index","follow":"follow","max-snippet":"max-snippet:-1","max-image-preview":"max-image-preview:large","max-video-preview":"max-video-preview:-1"},"canonical":"https:\/\/repliquemangacine.fr\/es\/denix\/cinturon-de-cuero-para-funda-doble-colt\/","og_locale":"es_ES","og_type":"article","og_title":"Holster double colt - Ceinturon cuir pour colt | R\u00e9plique Manga Cin\u00e9","og_description":"D\u00e9couvrez cet Holster double colt au meilleur prix - Muni de plusieurs pi\u00e8ces en cuir v\u00e9ritable - Boucle m\u00e9tal - Lani\u00e8res de maintien - Cartouchi\u00e8re.","og_url":"https:\/\/repliquemangacine.fr\/es\/denix\/cinturon-de-cuero-para-funda-doble-colt\/","og_site_name":"R\u00e9plique Manga Cin\u00e9","article_publisher":"https:\/\/www.facebook.com\/RepliqueMangaCine","article_modified_time":"2026-01-08T16:24:57+00:00","og_image":[{"width":800,"height":800,"url":"https:\/\/repliquemangacine.fr\/wp-content\/uploads\/2023\/10\/626-Ceinturon-cuir-pour-colt-Holster-double-avec-cartouchiere.jpg","type":"image\/jpeg"}],"twitter_card":"summary_large_image","twitter_misc":{"Tiempo de lectura":"2 minutos"},"schema":{"@context":"https:\/\/schema.org","@graph":[{"@type":"WebPage","@id":"https:\/\/repliquemangacine.fr\/denix\/ceinturon-cuir-pour-colt-holster-double\/","url":"https:\/\/repliquemangacine.fr\/denix\/ceinturon-cuir-pour-colt-holster-double\/","name":"Funda doble Colt - Cintur\u00f3n de cuero para Colt | R\u00e9plique Manga Cin\u00e9","isPartOf":{"@id":"https:\/\/repliquemangacine.fr\/#website"},"primaryImageOfPage":{"@id":"https:\/\/repliquemangacine.fr\/denix\/ceinturon-cuir-pour-colt-holster-double\/#primaryimage"},"image":{"@id":"https:\/\/repliquemangacine.fr\/denix\/ceinturon-cuir-pour-colt-holster-double\/#primaryimage"},"thumbnailUrl":"https:\/\/repliquemangacine.fr\/wp-content\/uploads\/2023\/10\/626-Ceinturon-cuir-pour-colt-Holster-double-avec-cartouchiere.jpg","datePublished":"2016-10-27T13:08:39+00:00","dateModified":"2026-01-08T16:24:57+00:00","description":"Descubra esta Funda Doble Colt al mejor precio - Equipada con varias piezas de cuero aut\u00e9ntico - Hebilla met\u00e1lica - Correas de sujeci\u00f3n - Funda para cartuchos.","breadcrumb":{"@id":"https:\/\/repliquemangacine.fr\/denix\/ceinturon-cuir-pour-colt-holster-double\/#breadcrumb"},"inLanguage":"es","potentialAction":[{"@type":"ReadAction","target":["https:\/\/repliquemangacine.fr\/denix\/ceinturon-cuir-pour-colt-holster-double\/"]}]},{"@type":"ImageObject","inLanguage":"es","@id":"https:\/\/repliquemangacine.fr\/denix\/ceinturon-cuir-pour-colt-holster-double\/#primaryimage","url":"https:\/\/repliquemangacine.fr\/wp-content\/uploads\/2023\/10\/626-Ceinturon-cuir-pour-colt-Holster-double-avec-cartouchiere.jpg","contentUrl":"https:\/\/repliquemangacine.fr\/wp-content\/uploads\/2023\/10\/626-Ceinturon-cuir-pour-colt-Holster-double-avec-cartouchiere.jpg","width":800,"height":800,"caption":"Ceinturon cuir pour colt - Holster double avec cartouchi\u00e8re"},{"@type":"BreadcrumbList","@id":"https:\/\/repliquemangacine.fr\/denix\/ceinturon-cuir-pour-colt-holster-double\/#breadcrumb","itemListElement":[{"@type":"ListItem","position":1,"name":"Accueil","item":"https:\/\/repliquemangacine.fr\/"},{"@type":"ListItem","position":2,"name":"Produits","item":"https:\/\/repliquemangacine.fr\/boutique\/"},{"@type":"ListItem","position":3,"name":"Holster double colt"}]},{"@type":"WebSite","@id":"https:\/\/repliquemangacine.fr\/#website","url":"https:\/\/repliquemangacine.fr\/","name":"R\u00e9plique Manga Cin\u00e9","description":"","publisher":{"@id":"https:\/\/repliquemangacine.fr\/#organization"},"potentialAction":[{"@type":"SearchAction","target":{"@type":"EntryPoint","urlTemplate":"https:\/\/repliquemangacine.fr\/?s={search_term_string}"},"query-input":{"@type":"PropertyValueSpecification","valueRequired":true,"valueName":"search_term_string"}}],"inLanguage":"es"},{"@type":"Organization","@id":"https:\/\/repliquemangacine.fr\/#organization","name":"R\u00e9plique Manga Cin\u00e9","url":"https:\/\/repliquemangacine.fr\/","logo":{"@type":"ImageObject","inLanguage":"es","@id":"https:\/\/repliquemangacine.fr\/#\/schema\/logo\/image\/","url":"https:\/\/repliquemangacine.fr\/wp-content\/uploads\/2023\/10\/RMC-500250.png","contentUrl":"https:\/\/repliquemangacine.fr\/wp-content\/uploads\/2023\/10\/RMC-500250.png","width":500,"height":250,"caption":"R\u00e9plique Manga Cin\u00e9"},"image":{"@id":"https:\/\/repliquemangacine.fr\/#\/schema\/logo\/image\/"},"sameAs":["https:\/\/www.facebook.com\/RepliqueMangaCine","https:\/\/www.instagram.com\/repliquemangacine.fr\/"]}]}},"_links":{"self":[{"href":"https:\/\/repliquemangacine.fr\/es\/wp-json\/wp\/v2\/product\/25893","targetHints":{"allow":["GET"]}}],"collection":[{"href":"https:\/\/repliquemangacine.fr\/es\/wp-json\/wp\/v2\/product"}],"about":[{"href":"https:\/\/repliquemangacine.fr\/es\/wp-json\/wp\/v2\/types\/product"}],"wp:featuredmedia":[{"embeddable":true,"href":"https:\/\/repliquemangacine.fr\/es\/wp-json\/wp\/v2\/media\/25894"}],"wp:attachment":[{"href":"https:\/\/repliquemangacine.fr\/es\/wp-json\/wp\/v2\/media?parent=25893"}],"wp:term":[{"taxonomy":"product_brand","embeddable":true,"href":"https:\/\/repliquemangacine.fr\/es\/wp-json\/wp\/v2\/product_brand?post=25893"},{"taxonomy":"product_cat","embeddable":true,"href":"https:\/\/repliquemangacine.fr\/es\/wp-json\/wp\/v2\/product_cat?post=25893"},{"taxonomy":"product_tag","embeddable":true,"href":"https:\/\/repliquemangacine.fr\/es\/wp-json\/wp\/v2\/product_tag?post=25893"}],"curies":[{"name":"wp","href":"https:\/\/api.w.org\/{rel}","templated":true}]}}