





{"id":25886,"date":"2016-10-27T14:57:03","date_gmt":"2016-10-27T12:57:03","guid":{"rendered":"https:\/\/repliquemangacine.fr\/?post_type=product&#038;p=25886"},"modified":"2026-04-13T10:57:55","modified_gmt":"2026-04-13T08:57:55","slug":"colt-single-holster-cinturon-de-cuero","status":"publish","type":"product","link":"https:\/\/repliquemangacine.fr\/es\/holster-accessoires-western\/holster-simple-colt-ceinturon-cuir\/","title":{"rendered":"Funda simple Colt"},"content":{"rendered":"<h2>Funda de cuero para Colt.<\/h2>\n<p>Para empezar, este <strong>Funda simple Colt<\/strong>Este cintur\u00f3n est\u00e1 especialmente dise\u00f1ado para sujetar dos rev\u00f3lveres. Este cintur\u00f3n tiene una cartuchera para insertar balas de prueba.<\/p>\n<p>Generalmente dise\u00f1adas para ser utilizadas con una sola mano. Esto permite extraer y\/o volver a colocar la pistola con la misma mano. Para volver a colocar la pistola en su funda con una sola mano se requiere un material r\u00edgido. Tradicionalmente se sujeta al cintur\u00f3n mediante un arn\u00e9s.<\/p>\n<p>Popular en las pel\u00edculas del Oeste y en famosas escenas de duelos. La extracci\u00f3n de la pistola en algunas pel\u00edculas es bastante espectacular, y hay algunas proezas t\u00e9cnicas para volver a colocarla.<\/p>\n<h2>Tu funda individual Colt al mejor precio.<\/h2>\n<p>Ofrecemos una amplia gama de accesorios Westerns.<\/p>\n<p>Lo primero y m\u00e1s importante,<\/p>\n<ul>\n<li>Para su funda, necesitar\u00e1 un rev\u00f3lver Peacemaker. <a href=\"https:\/\/repliquemangacine.fr\/es\/revolver-colts\/peacemaker-court-4-75-denix-calibre-45\/\">La frontera<\/a> Six Shooter\".<\/li>\n<li>Tambi\u00e9n hay <a href=\"https:\/\/repliquemangacine.fr\/es\/accesorios-para-fundas\/6-balles-factices-pour-colt-western-denix\/\">balas falsas<\/a> para llenar la bolsa de cartuchos.<\/li>\n<li>As\u00ed como el <a href=\"https:\/\/repliquemangacine.fr\/es\/accesorios-del-oeste\/soporte-de-madera-para-pistola-y-colt\/\">apoyo a la presentaci\u00f3n<\/a> de tu Colt.<\/li>\n<li>Y muchos m\u00e1s por descubrir en nuestra tienda en l\u00ednea.<\/li>\n<\/ul>\n<p>Por eso es una magn\u00edfica idea de regalo para todos los amantes de las armas del oeste.<\/p>\n<p>En conclusi\u00f3n, puede utilizar este <strong>Funda simple Colt<\/strong> para sus recreaciones y representaciones del Oeste. Por encima de todo, esta pistola es una pieza de coleccionista y una pieza decorativa.<\/p>\n<p>R\u00e9plique Manga Cin\u00e9 es una empresa francesa y distribuidor oficial de la marca <a href=\"https:\/\/www.denix.fr\/\" target=\"_blank\" rel=\"noopener noreferrer\">Denix<\/a>.<\/p>\n<h2>\u00bfC\u00f3mo se fabrican los accesorios de sus westerns?<\/h2>\n<p>Para empezar, todos nuestros productos derivados son de la m\u00e1xima calidad, fabricados con meticulosa atenci\u00f3n al detalle. Una parte se hace a mano, para reproducir hasta el m\u00e1s m\u00ednimo detalle. Las partes m\u00e1s importantes se mecanizan con m\u00e1quinas muy precisas. Los grabados se hacen generalmente con punta de diamante o l\u00e1ser.<\/p>\n<p>Su <strong>Funda simple Colt<\/strong> fabricados para reproducir cada detalle con exactitud. Para igualar el legado de las obras maestras originales. Se hace hincapi\u00e9 en crear r\u00e9plicas de alta calidad que sean lo m\u00e1s hist\u00f3ricamente exactas posible.<\/p>\n<p>En conclusi\u00f3n, importadas de China, Espa\u00f1a o la India, \u00a1nuestras r\u00e9plicas le sorprender\u00e1n!<\/p>","protected":false},"excerpt":{"rendered":"<p>Este cintur\u00f3n occidental de muy alta calidad est\u00e1 hecho de cuero grueso moldeado.<\/p>\n<ul>\n<li>Hecho y cosido a mano.<\/li>\n<li>Con adornos de cuero aut\u00e9ntico.<\/li>\n<li>Hebilla de cintur\u00f3n met\u00e1lica.<\/li>\n<li>Correas de soporte.<\/li>\n<li>Cinta de cartuchos.<\/li>\n<li>Se suministra sin balas de prueba.<\/li>\n<li>Largo 112 cm.<\/li>\n<\/ul>","protected":false},"featured_media":25887,"template":"","meta":[],"product_brand":[896],"product_cat":[34,102,45,90,28,27],"product_tag":[],"class_list":{"0":"post-25886","1":"product","2":"type-product","3":"status-publish","4":"has-post-thumbnail","6":"product_brand-replique-manga-cine","7":"product_cat-armes-westerns","8":"product_cat-denix","9":"product_cat-holster-western-ceinturon","10":"product_cat-holster-accessoires-western","11":"product_cat-repliques-darmes","12":"product_cat-armes-et-accessoires-western","14":"first","15":"instock","16":"taxable","17":"shipping-taxable","18":"purchasable","19":"product-type-simple"},"yoast_head":"<!-- This site is optimized with the Yoast SEO plugin v27.5 - https:\/\/yoast.com\/product\/yoast-seo-wordpress\/ -->\n<title>Holster simple colt - Ceinturon cuir pour colt | R\u00e9plique Manga Cin\u00e9<\/title>\n<meta name=\"description\" content=\"D\u00e9gainez plus vite que votre ombre, avec cet Holster simple colt au meilleur prix - Tout en cuir moul\u00e9 - Cartouchi\u00e8re - Lani\u00e8res de maintien - Gravures.\" \/>\n<meta name=\"robots\" content=\"index, follow, max-snippet:-1, max-image-preview:large, max-video-preview:-1\" \/>\n<link rel=\"canonical\" href=\"https:\/\/repliquemangacine.fr\/es\/accesorios-western-funda\/colt-single-holster-cinturon-de-cuero\/\" \/>\n<meta property=\"og:locale\" content=\"es_ES\" \/>\n<meta property=\"og:type\" content=\"article\" \/>\n<meta property=\"og:title\" content=\"Holster simple colt - Ceinturon cuir pour colt | R\u00e9plique Manga Cin\u00e9\" \/>\n<meta property=\"og:description\" content=\"D\u00e9gainez plus vite que votre ombre, avec cet Holster simple colt au meilleur prix - Tout en cuir moul\u00e9 - Cartouchi\u00e8re - Lani\u00e8res de maintien - Gravures.\" \/>\n<meta property=\"og:url\" content=\"https:\/\/repliquemangacine.fr\/es\/accesorios-western-funda\/colt-single-holster-cinturon-de-cuero\/\" \/>\n<meta property=\"og:site_name\" content=\"R\u00e9plique Manga Cin\u00e9\" \/>\n<meta property=\"article:publisher\" content=\"https:\/\/www.facebook.com\/RepliqueMangaCine\" \/>\n<meta property=\"article:modified_time\" content=\"2026-04-13T08:57:55+00:00\" \/>\n<meta property=\"og:image\" content=\"https:\/\/repliquemangacine.fr\/wp-content\/uploads\/2023\/10\/620-Ceinturon-cuir-pour-colt-Holster-simple-avec-cartouchiere.jpg\" \/>\n\t<meta property=\"og:image:width\" content=\"800\" \/>\n\t<meta property=\"og:image:height\" content=\"800\" \/>\n\t<meta property=\"og:image:type\" content=\"image\/jpeg\" \/>\n<meta name=\"twitter:card\" content=\"summary_large_image\" \/>\n<meta name=\"twitter:label1\" content=\"Tiempo de lectura\" \/>\n\t<meta name=\"twitter:data1\" content=\"2 minutos\" \/>\n<script type=\"application\/ld+json\" class=\"yoast-schema-graph\">{\"@context\":\"https:\\\/\\\/schema.org\",\"@graph\":[{\"@type\":\"WebPage\",\"@id\":\"https:\\\/\\\/repliquemangacine.fr\\\/holster-accessoires-western\\\/holster-simple-colt-ceinturon-cuir\\\/\",\"url\":\"https:\\\/\\\/repliquemangacine.fr\\\/holster-accessoires-western\\\/holster-simple-colt-ceinturon-cuir\\\/\",\"name\":\"Holster simple colt - Ceinturon cuir pour colt | R\u00e9plique Manga Cin\u00e9\",\"isPartOf\":{\"@id\":\"https:\\\/\\\/repliquemangacine.fr\\\/#website\"},\"primaryImageOfPage\":{\"@id\":\"https:\\\/\\\/repliquemangacine.fr\\\/holster-accessoires-western\\\/holster-simple-colt-ceinturon-cuir\\\/#primaryimage\"},\"image\":{\"@id\":\"https:\\\/\\\/repliquemangacine.fr\\\/holster-accessoires-western\\\/holster-simple-colt-ceinturon-cuir\\\/#primaryimage\"},\"thumbnailUrl\":\"https:\\\/\\\/repliquemangacine.fr\\\/wp-content\\\/uploads\\\/2023\\\/10\\\/620-Ceinturon-cuir-pour-colt-Holster-simple-avec-cartouchiere.jpg\",\"datePublished\":\"2016-10-27T12:57:03+00:00\",\"dateModified\":\"2026-04-13T08:57:55+00:00\",\"description\":\"D\u00e9gainez plus vite que votre ombre, avec cet Holster simple colt au meilleur prix - Tout en cuir moul\u00e9 - Cartouchi\u00e8re - Lani\u00e8res de maintien - Gravures.\",\"breadcrumb\":{\"@id\":\"https:\\\/\\\/repliquemangacine.fr\\\/holster-accessoires-western\\\/holster-simple-colt-ceinturon-cuir\\\/#breadcrumb\"},\"inLanguage\":\"es\",\"potentialAction\":[{\"@type\":\"ReadAction\",\"target\":[\"https:\\\/\\\/repliquemangacine.fr\\\/holster-accessoires-western\\\/holster-simple-colt-ceinturon-cuir\\\/\"]}]},{\"@type\":\"ImageObject\",\"inLanguage\":\"es\",\"@id\":\"https:\\\/\\\/repliquemangacine.fr\\\/holster-accessoires-western\\\/holster-simple-colt-ceinturon-cuir\\\/#primaryimage\",\"url\":\"https:\\\/\\\/repliquemangacine.fr\\\/wp-content\\\/uploads\\\/2023\\\/10\\\/620-Ceinturon-cuir-pour-colt-Holster-simple-avec-cartouchiere.jpg\",\"contentUrl\":\"https:\\\/\\\/repliquemangacine.fr\\\/wp-content\\\/uploads\\\/2023\\\/10\\\/620-Ceinturon-cuir-pour-colt-Holster-simple-avec-cartouchiere.jpg\",\"width\":800,\"height\":800,\"caption\":\"Ceinturon cuir pour colt - Holster simple pour gaucher\"},{\"@type\":\"BreadcrumbList\",\"@id\":\"https:\\\/\\\/repliquemangacine.fr\\\/holster-accessoires-western\\\/holster-simple-colt-ceinturon-cuir\\\/#breadcrumb\",\"itemListElement\":[{\"@type\":\"ListItem\",\"position\":1,\"name\":\"Accueil\",\"item\":\"https:\\\/\\\/repliquemangacine.fr\\\/\"},{\"@type\":\"ListItem\",\"position\":2,\"name\":\"Produits\",\"item\":\"https:\\\/\\\/repliquemangacine.fr\\\/boutique\\\/\"},{\"@type\":\"ListItem\",\"position\":3,\"name\":\"Holster simple colt\"}]},{\"@type\":\"WebSite\",\"@id\":\"https:\\\/\\\/repliquemangacine.fr\\\/#website\",\"url\":\"https:\\\/\\\/repliquemangacine.fr\\\/\",\"name\":\"R\u00e9plique Manga Cin\u00e9\",\"description\":\"\",\"publisher\":{\"@id\":\"https:\\\/\\\/repliquemangacine.fr\\\/#organization\"},\"potentialAction\":[{\"@type\":\"SearchAction\",\"target\":{\"@type\":\"EntryPoint\",\"urlTemplate\":\"https:\\\/\\\/repliquemangacine.fr\\\/?s={search_term_string}\"},\"query-input\":{\"@type\":\"PropertyValueSpecification\",\"valueRequired\":true,\"valueName\":\"search_term_string\"}}],\"inLanguage\":\"es\"},{\"@type\":\"Organization\",\"@id\":\"https:\\\/\\\/repliquemangacine.fr\\\/#organization\",\"name\":\"R\u00e9plique Manga Cin\u00e9\",\"url\":\"https:\\\/\\\/repliquemangacine.fr\\\/\",\"logo\":{\"@type\":\"ImageObject\",\"inLanguage\":\"es\",\"@id\":\"https:\\\/\\\/repliquemangacine.fr\\\/#\\\/schema\\\/logo\\\/image\\\/\",\"url\":\"https:\\\/\\\/repliquemangacine.fr\\\/wp-content\\\/uploads\\\/2023\\\/10\\\/RMC-500250.png\",\"contentUrl\":\"https:\\\/\\\/repliquemangacine.fr\\\/wp-content\\\/uploads\\\/2023\\\/10\\\/RMC-500250.png\",\"width\":500,\"height\":250,\"caption\":\"R\u00e9plique Manga Cin\u00e9\"},\"image\":{\"@id\":\"https:\\\/\\\/repliquemangacine.fr\\\/#\\\/schema\\\/logo\\\/image\\\/\"},\"sameAs\":[\"https:\\\/\\\/www.facebook.com\\\/RepliqueMangaCine\",\"https:\\\/\\\/www.instagram.com\\\/repliquemangacine.fr\\\/\"]}]}<\/script>\n<!-- \/ Yoast SEO plugin. -->","yoast_head_json":{"title":"Funda individual Colt - Cintur\u00f3n de cuero para Colt | R\u00e9plique Manga Cin\u00e9","description":"Desenfunde m\u00e1s r\u00e1pido que nunca con esta funda individual Colt al mejor precio - Todo de cuero moldeado - Cartuchera - Correas de sujeci\u00f3n - Grabados.","robots":{"index":"index","follow":"follow","max-snippet":"max-snippet:-1","max-image-preview":"max-image-preview:large","max-video-preview":"max-video-preview:-1"},"canonical":"https:\/\/repliquemangacine.fr\/es\/accesorios-western-funda\/colt-single-holster-cinturon-de-cuero\/","og_locale":"es_ES","og_type":"article","og_title":"Holster simple colt - Ceinturon cuir pour colt | R\u00e9plique Manga Cin\u00e9","og_description":"D\u00e9gainez plus vite que votre ombre, avec cet Holster simple colt au meilleur prix - Tout en cuir moul\u00e9 - Cartouchi\u00e8re - Lani\u00e8res de maintien - Gravures.","og_url":"https:\/\/repliquemangacine.fr\/es\/accesorios-western-funda\/colt-single-holster-cinturon-de-cuero\/","og_site_name":"R\u00e9plique Manga Cin\u00e9","article_publisher":"https:\/\/www.facebook.com\/RepliqueMangaCine","article_modified_time":"2026-04-13T08:57:55+00:00","og_image":[{"width":800,"height":800,"url":"https:\/\/repliquemangacine.fr\/wp-content\/uploads\/2023\/10\/620-Ceinturon-cuir-pour-colt-Holster-simple-avec-cartouchiere.jpg","type":"image\/jpeg"}],"twitter_card":"summary_large_image","twitter_misc":{"Tiempo de lectura":"2 minutos"},"schema":{"@context":"https:\/\/schema.org","@graph":[{"@type":"WebPage","@id":"https:\/\/repliquemangacine.fr\/holster-accessoires-western\/holster-simple-colt-ceinturon-cuir\/","url":"https:\/\/repliquemangacine.fr\/holster-accessoires-western\/holster-simple-colt-ceinturon-cuir\/","name":"Funda individual Colt - Cintur\u00f3n de cuero para Colt | R\u00e9plique Manga Cin\u00e9","isPartOf":{"@id":"https:\/\/repliquemangacine.fr\/#website"},"primaryImageOfPage":{"@id":"https:\/\/repliquemangacine.fr\/holster-accessoires-western\/holster-simple-colt-ceinturon-cuir\/#primaryimage"},"image":{"@id":"https:\/\/repliquemangacine.fr\/holster-accessoires-western\/holster-simple-colt-ceinturon-cuir\/#primaryimage"},"thumbnailUrl":"https:\/\/repliquemangacine.fr\/wp-content\/uploads\/2023\/10\/620-Ceinturon-cuir-pour-colt-Holster-simple-avec-cartouchiere.jpg","datePublished":"2016-10-27T12:57:03+00:00","dateModified":"2026-04-13T08:57:55+00:00","description":"Desenfunde m\u00e1s r\u00e1pido que nunca con esta funda individual Colt al mejor precio - Todo de cuero moldeado - Cartuchera - Correas de sujeci\u00f3n - Grabados.","breadcrumb":{"@id":"https:\/\/repliquemangacine.fr\/holster-accessoires-western\/holster-simple-colt-ceinturon-cuir\/#breadcrumb"},"inLanguage":"es","potentialAction":[{"@type":"ReadAction","target":["https:\/\/repliquemangacine.fr\/holster-accessoires-western\/holster-simple-colt-ceinturon-cuir\/"]}]},{"@type":"ImageObject","inLanguage":"es","@id":"https:\/\/repliquemangacine.fr\/holster-accessoires-western\/holster-simple-colt-ceinturon-cuir\/#primaryimage","url":"https:\/\/repliquemangacine.fr\/wp-content\/uploads\/2023\/10\/620-Ceinturon-cuir-pour-colt-Holster-simple-avec-cartouchiere.jpg","contentUrl":"https:\/\/repliquemangacine.fr\/wp-content\/uploads\/2023\/10\/620-Ceinturon-cuir-pour-colt-Holster-simple-avec-cartouchiere.jpg","width":800,"height":800,"caption":"Ceinturon cuir pour colt - Holster simple pour gaucher"},{"@type":"BreadcrumbList","@id":"https:\/\/repliquemangacine.fr\/holster-accessoires-western\/holster-simple-colt-ceinturon-cuir\/#breadcrumb","itemListElement":[{"@type":"ListItem","position":1,"name":"Accueil","item":"https:\/\/repliquemangacine.fr\/"},{"@type":"ListItem","position":2,"name":"Produits","item":"https:\/\/repliquemangacine.fr\/boutique\/"},{"@type":"ListItem","position":3,"name":"Holster simple colt"}]},{"@type":"WebSite","@id":"https:\/\/repliquemangacine.fr\/#website","url":"https:\/\/repliquemangacine.fr\/","name":"R\u00e9plique Manga Cin\u00e9","description":"","publisher":{"@id":"https:\/\/repliquemangacine.fr\/#organization"},"potentialAction":[{"@type":"SearchAction","target":{"@type":"EntryPoint","urlTemplate":"https:\/\/repliquemangacine.fr\/?s={search_term_string}"},"query-input":{"@type":"PropertyValueSpecification","valueRequired":true,"valueName":"search_term_string"}}],"inLanguage":"es"},{"@type":"Organization","@id":"https:\/\/repliquemangacine.fr\/#organization","name":"R\u00e9plique Manga Cin\u00e9","url":"https:\/\/repliquemangacine.fr\/","logo":{"@type":"ImageObject","inLanguage":"es","@id":"https:\/\/repliquemangacine.fr\/#\/schema\/logo\/image\/","url":"https:\/\/repliquemangacine.fr\/wp-content\/uploads\/2023\/10\/RMC-500250.png","contentUrl":"https:\/\/repliquemangacine.fr\/wp-content\/uploads\/2023\/10\/RMC-500250.png","width":500,"height":250,"caption":"R\u00e9plique Manga Cin\u00e9"},"image":{"@id":"https:\/\/repliquemangacine.fr\/#\/schema\/logo\/image\/"},"sameAs":["https:\/\/www.facebook.com\/RepliqueMangaCine","https:\/\/www.instagram.com\/repliquemangacine.fr\/"]}]}},"_links":{"self":[{"href":"https:\/\/repliquemangacine.fr\/es\/wp-json\/wp\/v2\/product\/25886","targetHints":{"allow":["GET"]}}],"collection":[{"href":"https:\/\/repliquemangacine.fr\/es\/wp-json\/wp\/v2\/product"}],"about":[{"href":"https:\/\/repliquemangacine.fr\/es\/wp-json\/wp\/v2\/types\/product"}],"wp:featuredmedia":[{"embeddable":true,"href":"https:\/\/repliquemangacine.fr\/es\/wp-json\/wp\/v2\/media\/25887"}],"wp:attachment":[{"href":"https:\/\/repliquemangacine.fr\/es\/wp-json\/wp\/v2\/media?parent=25886"}],"wp:term":[{"taxonomy":"product_brand","embeddable":true,"href":"https:\/\/repliquemangacine.fr\/es\/wp-json\/wp\/v2\/product_brand?post=25886"},{"taxonomy":"product_cat","embeddable":true,"href":"https:\/\/repliquemangacine.fr\/es\/wp-json\/wp\/v2\/product_cat?post=25886"},{"taxonomy":"product_tag","embeddable":true,"href":"https:\/\/repliquemangacine.fr\/es\/wp-json\/wp\/v2\/product_tag?post=25886"}],"curies":[{"name":"wp","href":"https:\/\/api.w.org\/{rel}","templated":true}]}}