





{"id":25864,"date":"2016-10-25T17:41:42","date_gmt":"2016-10-25T15:41:42","guid":{"rendered":"https:\/\/repliquemangacine.fr\/?post_type=product&#038;p=25864"},"modified":"2025-10-29T11:45:05","modified_gmt":"2025-10-29T10:45:05","slug":"fusil-kentuky-111cm","status":"publish","type":"product","link":"https:\/\/repliquemangacine.fr\/es\/repliques-carabine-winchester-western\/fusil-kentuky-111cm\/","title":{"rendered":"Kentuky 111cm"},"content":{"rendered":"<h2>Fusil Kentucky 111cm - Denix<\/h2>\n<p>Para empezar, el <strong>Fusil Kentucky 111cm<\/strong>, arma de chispa, ten\u00eda un pedernal o una piedra de pedernal que, al ser golpeada por el martillo, produc\u00eda la chispa que encend\u00eda la p\u00f3lvora.<\/p>\n<p>El uso que Daniel Boone hizo del rifle largo de Pensilvania en Kentucky fue tan famoso que esta arma pas\u00f3 a ser m\u00e1s conocida como el rifle Kentucky. Pero, en realidad, se trata de un rifle largo de Pensilvania.<\/p>\n<p>Ampliamente utilizado durante la Guerra de Independencia (1775-1783). Estos fusiles acompa\u00f1aron a los primeros exploradores estadounidenses en la conquista del Oeste.<\/p>\n<p>Es el s\u00edmbolo por excelencia del arma estadounidense. Si el Winchester conquist\u00f3 el Oeste, esta arma conquist\u00f3 los primeros territorios y la libertad de Am\u00e9rica.<\/p>\n<p>Anclada en el imaginario colectivo, es el arma del Patriota en la pel\u00edcula del mismo nombre.<\/p>\n<h2>Tu Rifle Kentucky 111cm al mejor precio.<\/h2>\n<p>Ofrecemos una amplia gama de reproducciones de armas del oeste.<\/p>\n<p>Lo primero y m\u00e1s importante,<\/p>\n<ul>\n<li>El legendario <a href=\"https:\/\/repliquemangacine.fr\/es\/rifle-winchester-western-country\/fusil-sharp-usa-1859\/\">Carabina militar Sharps<\/a>USA, 1859.<\/li>\n<li>Tambi\u00e9n est\u00e1 el famoso <a href=\"https:\/\/repliquemangacine.fr\/es\/rifle-winchester\/rifle-henry-guerra-civil-eeuu-1860\/\">Rifle Henry 1860<\/a>.<\/li>\n<li>As\u00ed como el <a href=\"https:\/\/repliquemangacine.fr\/es\/rifle-winchester-western-country\/winchester-yellow-boy-1866-rifle\/\">Winchester Yellow Boy<\/a>.<\/li>\n<li>Y muchos m\u00e1s por descubrir en nuestra tienda en l\u00ednea.<\/li>\n<\/ul>\n<p>Por eso hemos pensado en algunas ideas para regalar a los fans del Oeste.<\/p>\n<p>En conclusi\u00f3n, puede utilizar el <strong>Fusil Kentucky 111cm<\/strong> para sus representaciones de western.<\/p>\n<p>Ante todo, esta reproducci\u00f3n es un arma de colecci\u00f3n y decoraci\u00f3n.<\/p>\n<p>R\u00e9plique Manga Cin\u00e9 es una empresa familiar francesa y distribuidor oficial de <a href=\"https:\/\/www.denix.fr\/fr\/catalogue\/guerre-civile-occidentale-et-americaine-1861-1899\/carabines-carabines-et-fusils\/1138\/\" target=\"_blank\" rel=\"noopener noreferrer\">Denix<\/a>.<\/p>\n<h2>\u00bfC\u00f3mo se fabrican las r\u00e9plicas de armas Denix?<\/h2>\n<p>Utilizadas en recreaciones hist\u00f3ricas, pel\u00edculas, series y por coleccionistas. Las reproducciones Denix est\u00e1n fabricadas con materiales de alta calidad. Cuidadosamente elaboradas y ensambladas para crear armas de colecci\u00f3n realistas.<\/p>\n<ul>\n<li>Los metales se encuentran en una aleaci\u00f3n met\u00e1lica conocida como Zamac, cuya composici\u00f3n b\u00e1sica es zinc en 95%.<\/li>\n<li>Las piezas de pl\u00e1stico de las r\u00e9plicas son de ABS moldeado, que ofrece una gran resistencia.<\/li>\n<li>Las maderas elegidas por su belleza y durabilidad, como la caoba, el olivo o el nogal, dar\u00e1n a sus culatas y barricas un aspecto elegante y aut\u00e9ntico.<\/li>\n<\/ul>\n<p>Cabe se\u00f1alar que todas las reproducciones Denix son id\u00e9nticas a los originales, como su <strong>Fusil Kentucky 111cm<\/strong>.<\/p>","protected":false},"excerpt":{"rendered":"<p>El rifle Kentucky es un arma t\u00edpica de trampero.<\/p>\n<ul>\n<li>Totalmente de madera maciza, culata y ca\u00f1\u00f3n.<\/li>\n<li>Ca\u00f1\u00f3n y mecanismo de metal.<\/li>\n<li>El gatillo y el perro son m\u00f3viles.<\/li>\n<li>Armas y huelgas.<\/li>\n<li>No apto para disparar.<\/li>\n<li>No se requiere autorizaci\u00f3n. Venta y posesi\u00f3n libres.<\/li>\n<li>Dimensiones: 110,5 cm - Peso: 1.745 g<\/li>\n<\/ul>","protected":false},"featured_media":25865,"template":"","meta":[],"product_brand":[896],"product_cat":[34,86,39,102,28,101,27],"product_tag":[],"class_list":{"0":"post-25864","1":"product","2":"type-product","3":"status-publish","4":"has-post-thumbnail","6":"product_brand-replique-manga-cine","7":"product_cat-armes-westerns","8":"product_cat-repliques-carabine-winchester-western","9":"product_cat-carabine-winchester","10":"product_cat-denix","11":"product_cat-repliques-darmes","12":"product_cat-soldes","13":"product_cat-armes-et-accessoires-western","15":"first","16":"instock","17":"sale","18":"taxable","19":"shipping-taxable","20":"purchasable","21":"product-type-simple"},"yoast_head":"<!-- This site is optimized with the Yoast SEO plugin v27.4 - https:\/\/yoast.com\/product\/yoast-seo-wordpress\/ -->\n<title>Fusil Kentucky 111cm - Reproduction Denix | R\u00e9plique Manga Cin\u00e9<\/title>\n<meta name=\"description\" content=\"D\u00e9couvrez le Fusil Kentucky 111cm au meilleur prix - Crosse et f\u00fbt en bois massif. Canon et m\u00e9canisme m\u00e9tal. S&#039;arme et percute, mais ne tire pas - 111cm\" \/>\n<meta name=\"robots\" content=\"index, follow, max-snippet:-1, max-image-preview:large, max-video-preview:-1\" \/>\n<link rel=\"canonical\" href=\"https:\/\/repliquemangacine.fr\/es\/denix\/fusil-kentuky-111cm\/\" \/>\n<meta property=\"og:locale\" content=\"es_ES\" \/>\n<meta property=\"og:type\" content=\"article\" \/>\n<meta property=\"og:title\" content=\"Fusil Kentucky 111cm - Reproduction Denix | R\u00e9plique Manga Cin\u00e9\" \/>\n<meta property=\"og:description\" content=\"D\u00e9couvrez le Fusil Kentucky 111cm au meilleur prix - Crosse et f\u00fbt en bois massif. Canon et m\u00e9canisme m\u00e9tal. S&#039;arme et percute, mais ne tire pas - 111cm\" \/>\n<meta property=\"og:url\" content=\"https:\/\/repliquemangacine.fr\/es\/denix\/fusil-kentuky-111cm\/\" \/>\n<meta property=\"og:site_name\" content=\"R\u00e9plique Manga Cin\u00e9\" \/>\n<meta property=\"article:publisher\" content=\"https:\/\/www.facebook.com\/RepliqueMangaCine\" \/>\n<meta property=\"article:modified_time\" content=\"2025-10-29T10:45:05+00:00\" \/>\n<meta property=\"og:image\" content=\"https:\/\/repliquemangacine.fr\/wp-content\/uploads\/2023\/10\/602-replique-Fusil-Kentuky-111cm.jpg\" \/>\n\t<meta property=\"og:image:width\" content=\"700\" \/>\n\t<meta property=\"og:image:height\" content=\"700\" \/>\n\t<meta property=\"og:image:type\" content=\"image\/jpeg\" \/>\n<meta name=\"twitter:card\" content=\"summary_large_image\" \/>\n<meta name=\"twitter:label1\" content=\"Tiempo de lectura\" \/>\n\t<meta name=\"twitter:data1\" content=\"2 minutos\" \/>\n<script type=\"application\/ld+json\" class=\"yoast-schema-graph\">{\"@context\":\"https:\\\/\\\/schema.org\",\"@graph\":[{\"@type\":\"WebPage\",\"@id\":\"https:\\\/\\\/repliquemangacine.fr\\\/denix\\\/fusil-kentuky-111cm\\\/\",\"url\":\"https:\\\/\\\/repliquemangacine.fr\\\/denix\\\/fusil-kentuky-111cm\\\/\",\"name\":\"Fusil Kentucky 111cm - Reproduction Denix | R\u00e9plique Manga Cin\u00e9\",\"isPartOf\":{\"@id\":\"https:\\\/\\\/repliquemangacine.fr\\\/#website\"},\"primaryImageOfPage\":{\"@id\":\"https:\\\/\\\/repliquemangacine.fr\\\/denix\\\/fusil-kentuky-111cm\\\/#primaryimage\"},\"image\":{\"@id\":\"https:\\\/\\\/repliquemangacine.fr\\\/denix\\\/fusil-kentuky-111cm\\\/#primaryimage\"},\"thumbnailUrl\":\"https:\\\/\\\/repliquemangacine.fr\\\/wp-content\\\/uploads\\\/2023\\\/10\\\/602-replique-Fusil-Kentuky-111cm.jpg\",\"datePublished\":\"2016-10-25T15:41:42+00:00\",\"dateModified\":\"2025-10-29T10:45:05+00:00\",\"description\":\"D\u00e9couvrez le Fusil Kentucky 111cm au meilleur prix - Crosse et f\u00fbt en bois massif. Canon et m\u00e9canisme m\u00e9tal. S'arme et percute, mais ne tire pas - 111cm\",\"breadcrumb\":{\"@id\":\"https:\\\/\\\/repliquemangacine.fr\\\/denix\\\/fusil-kentuky-111cm\\\/#breadcrumb\"},\"inLanguage\":\"es\",\"potentialAction\":[{\"@type\":\"ReadAction\",\"target\":[\"https:\\\/\\\/repliquemangacine.fr\\\/denix\\\/fusil-kentuky-111cm\\\/\"]}]},{\"@type\":\"ImageObject\",\"inLanguage\":\"es\",\"@id\":\"https:\\\/\\\/repliquemangacine.fr\\\/denix\\\/fusil-kentuky-111cm\\\/#primaryimage\",\"url\":\"https:\\\/\\\/repliquemangacine.fr\\\/wp-content\\\/uploads\\\/2023\\\/10\\\/602-replique-Fusil-Kentuky-111cm.jpg\",\"contentUrl\":\"https:\\\/\\\/repliquemangacine.fr\\\/wp-content\\\/uploads\\\/2023\\\/10\\\/602-replique-Fusil-Kentuky-111cm.jpg\",\"width\":700,\"height\":700,\"caption\":\"r\u00e9plique Fusil Kentuky 111cm\"},{\"@type\":\"BreadcrumbList\",\"@id\":\"https:\\\/\\\/repliquemangacine.fr\\\/denix\\\/fusil-kentuky-111cm\\\/#breadcrumb\",\"itemListElement\":[{\"@type\":\"ListItem\",\"position\":1,\"name\":\"Accueil\",\"item\":\"https:\\\/\\\/repliquemangacine.fr\\\/\"},{\"@type\":\"ListItem\",\"position\":2,\"name\":\"Produits\",\"item\":\"https:\\\/\\\/repliquemangacine.fr\\\/boutique\\\/\"},{\"@type\":\"ListItem\",\"position\":3,\"name\":\"Kentuky 111cm\"}]},{\"@type\":\"WebSite\",\"@id\":\"https:\\\/\\\/repliquemangacine.fr\\\/#website\",\"url\":\"https:\\\/\\\/repliquemangacine.fr\\\/\",\"name\":\"R\u00e9plique Manga Cin\u00e9\",\"description\":\"\",\"publisher\":{\"@id\":\"https:\\\/\\\/repliquemangacine.fr\\\/#organization\"},\"potentialAction\":[{\"@type\":\"SearchAction\",\"target\":{\"@type\":\"EntryPoint\",\"urlTemplate\":\"https:\\\/\\\/repliquemangacine.fr\\\/?s={search_term_string}\"},\"query-input\":{\"@type\":\"PropertyValueSpecification\",\"valueRequired\":true,\"valueName\":\"search_term_string\"}}],\"inLanguage\":\"es\"},{\"@type\":\"Organization\",\"@id\":\"https:\\\/\\\/repliquemangacine.fr\\\/#organization\",\"name\":\"R\u00e9plique Manga Cin\u00e9\",\"url\":\"https:\\\/\\\/repliquemangacine.fr\\\/\",\"logo\":{\"@type\":\"ImageObject\",\"inLanguage\":\"es\",\"@id\":\"https:\\\/\\\/repliquemangacine.fr\\\/#\\\/schema\\\/logo\\\/image\\\/\",\"url\":\"https:\\\/\\\/repliquemangacine.fr\\\/wp-content\\\/uploads\\\/2023\\\/10\\\/RMC-500250.png\",\"contentUrl\":\"https:\\\/\\\/repliquemangacine.fr\\\/wp-content\\\/uploads\\\/2023\\\/10\\\/RMC-500250.png\",\"width\":500,\"height\":250,\"caption\":\"R\u00e9plique Manga Cin\u00e9\"},\"image\":{\"@id\":\"https:\\\/\\\/repliquemangacine.fr\\\/#\\\/schema\\\/logo\\\/image\\\/\"},\"sameAs\":[\"https:\\\/\\\/www.facebook.com\\\/RepliqueMangaCine\",\"https:\\\/\\\/www.instagram.com\\\/repliquemangacine.fr\\\/\"]}]}<\/script>\n<!-- \/ Yoast SEO plugin. -->","yoast_head_json":{"title":"Fusil Kentucky 111cm - Reproducci\u00f3n Denix | R\u00e9plique Manga Cin\u00e9","description":"Descubra el rifle Kentucky 111cm al mejor precio - Culata y ca\u00f1\u00f3n de madera maciza. Ca\u00f1\u00f3n y acci\u00f3n de metal. Arma y golpea, pero no dispara - 111cm","robots":{"index":"index","follow":"follow","max-snippet":"max-snippet:-1","max-image-preview":"max-image-preview:large","max-video-preview":"max-video-preview:-1"},"canonical":"https:\/\/repliquemangacine.fr\/es\/denix\/fusil-kentuky-111cm\/","og_locale":"es_ES","og_type":"article","og_title":"Fusil Kentucky 111cm - Reproduction Denix | R\u00e9plique Manga Cin\u00e9","og_description":"D\u00e9couvrez le Fusil Kentucky 111cm au meilleur prix - Crosse et f\u00fbt en bois massif. Canon et m\u00e9canisme m\u00e9tal. S'arme et percute, mais ne tire pas - 111cm","og_url":"https:\/\/repliquemangacine.fr\/es\/denix\/fusil-kentuky-111cm\/","og_site_name":"R\u00e9plique Manga Cin\u00e9","article_publisher":"https:\/\/www.facebook.com\/RepliqueMangaCine","article_modified_time":"2025-10-29T10:45:05+00:00","og_image":[{"width":700,"height":700,"url":"https:\/\/repliquemangacine.fr\/wp-content\/uploads\/2023\/10\/602-replique-Fusil-Kentuky-111cm.jpg","type":"image\/jpeg"}],"twitter_card":"summary_large_image","twitter_misc":{"Tiempo de lectura":"2 minutos"},"schema":{"@context":"https:\/\/schema.org","@graph":[{"@type":"WebPage","@id":"https:\/\/repliquemangacine.fr\/denix\/fusil-kentuky-111cm\/","url":"https:\/\/repliquemangacine.fr\/denix\/fusil-kentuky-111cm\/","name":"Fusil Kentucky 111cm - Reproducci\u00f3n Denix | R\u00e9plique Manga Cin\u00e9","isPartOf":{"@id":"https:\/\/repliquemangacine.fr\/#website"},"primaryImageOfPage":{"@id":"https:\/\/repliquemangacine.fr\/denix\/fusil-kentuky-111cm\/#primaryimage"},"image":{"@id":"https:\/\/repliquemangacine.fr\/denix\/fusil-kentuky-111cm\/#primaryimage"},"thumbnailUrl":"https:\/\/repliquemangacine.fr\/wp-content\/uploads\/2023\/10\/602-replique-Fusil-Kentuky-111cm.jpg","datePublished":"2016-10-25T15:41:42+00:00","dateModified":"2025-10-29T10:45:05+00:00","description":"Descubra el rifle Kentucky 111cm al mejor precio - Culata y ca\u00f1\u00f3n de madera maciza. Ca\u00f1\u00f3n y acci\u00f3n de metal. Arma y golpea, pero no dispara - 111cm","breadcrumb":{"@id":"https:\/\/repliquemangacine.fr\/denix\/fusil-kentuky-111cm\/#breadcrumb"},"inLanguage":"es","potentialAction":[{"@type":"ReadAction","target":["https:\/\/repliquemangacine.fr\/denix\/fusil-kentuky-111cm\/"]}]},{"@type":"ImageObject","inLanguage":"es","@id":"https:\/\/repliquemangacine.fr\/denix\/fusil-kentuky-111cm\/#primaryimage","url":"https:\/\/repliquemangacine.fr\/wp-content\/uploads\/2023\/10\/602-replique-Fusil-Kentuky-111cm.jpg","contentUrl":"https:\/\/repliquemangacine.fr\/wp-content\/uploads\/2023\/10\/602-replique-Fusil-Kentuky-111cm.jpg","width":700,"height":700,"caption":"r\u00e9plique Fusil Kentuky 111cm"},{"@type":"BreadcrumbList","@id":"https:\/\/repliquemangacine.fr\/denix\/fusil-kentuky-111cm\/#breadcrumb","itemListElement":[{"@type":"ListItem","position":1,"name":"Accueil","item":"https:\/\/repliquemangacine.fr\/"},{"@type":"ListItem","position":2,"name":"Produits","item":"https:\/\/repliquemangacine.fr\/boutique\/"},{"@type":"ListItem","position":3,"name":"Kentuky 111cm"}]},{"@type":"WebSite","@id":"https:\/\/repliquemangacine.fr\/#website","url":"https:\/\/repliquemangacine.fr\/","name":"R\u00e9plique Manga Cin\u00e9","description":"","publisher":{"@id":"https:\/\/repliquemangacine.fr\/#organization"},"potentialAction":[{"@type":"SearchAction","target":{"@type":"EntryPoint","urlTemplate":"https:\/\/repliquemangacine.fr\/?s={search_term_string}"},"query-input":{"@type":"PropertyValueSpecification","valueRequired":true,"valueName":"search_term_string"}}],"inLanguage":"es"},{"@type":"Organization","@id":"https:\/\/repliquemangacine.fr\/#organization","name":"R\u00e9plique Manga Cin\u00e9","url":"https:\/\/repliquemangacine.fr\/","logo":{"@type":"ImageObject","inLanguage":"es","@id":"https:\/\/repliquemangacine.fr\/#\/schema\/logo\/image\/","url":"https:\/\/repliquemangacine.fr\/wp-content\/uploads\/2023\/10\/RMC-500250.png","contentUrl":"https:\/\/repliquemangacine.fr\/wp-content\/uploads\/2023\/10\/RMC-500250.png","width":500,"height":250,"caption":"R\u00e9plique Manga Cin\u00e9"},"image":{"@id":"https:\/\/repliquemangacine.fr\/#\/schema\/logo\/image\/"},"sameAs":["https:\/\/www.facebook.com\/RepliqueMangaCine","https:\/\/www.instagram.com\/repliquemangacine.fr\/"]}]}},"_links":{"self":[{"href":"https:\/\/repliquemangacine.fr\/es\/wp-json\/wp\/v2\/product\/25864","targetHints":{"allow":["GET"]}}],"collection":[{"href":"https:\/\/repliquemangacine.fr\/es\/wp-json\/wp\/v2\/product"}],"about":[{"href":"https:\/\/repliquemangacine.fr\/es\/wp-json\/wp\/v2\/types\/product"}],"wp:featuredmedia":[{"embeddable":true,"href":"https:\/\/repliquemangacine.fr\/es\/wp-json\/wp\/v2\/media\/25865"}],"wp:attachment":[{"href":"https:\/\/repliquemangacine.fr\/es\/wp-json\/wp\/v2\/media?parent=25864"}],"wp:term":[{"taxonomy":"product_brand","embeddable":true,"href":"https:\/\/repliquemangacine.fr\/es\/wp-json\/wp\/v2\/product_brand?post=25864"},{"taxonomy":"product_cat","embeddable":true,"href":"https:\/\/repliquemangacine.fr\/es\/wp-json\/wp\/v2\/product_cat?post=25864"},{"taxonomy":"product_tag","embeddable":true,"href":"https:\/\/repliquemangacine.fr\/es\/wp-json\/wp\/v2\/product_tag?post=25864"}],"curies":[{"name":"wp","href":"https:\/\/api.w.org\/{rel}","templated":true}]}}