





{"id":25858,"date":"2016-10-25T11:57:29","date_gmt":"2016-10-25T09:57:29","guid":{"rendered":"https:\/\/repliquemangacine.fr\/?post_type=product&#038;p=25858"},"modified":"2026-03-06T16:58:24","modified_gmt":"2026-03-06T15:58:24","slug":"wyatt-earp-escopeta-de-doble-canon-usa-1881","status":"publish","type":"product","link":"https:\/\/repliquemangacine.fr\/es\/repliques-carabine-winchester-western\/fusil-double-canon-wyatt-earp-usa-1881\/","title":{"rendered":"Escopeta de dos ca\u00f1ones USA 1881"},"content":{"rendered":"<h2>1881 Wyatt Earp escopeta de doble ca\u00f1\u00f3n -Denix<\/h2>\n<p>Para empezar, el <strong>Escopeta de doble ca\u00f1\u00f3n<\/strong> usada por Wyatt Earp para matar a Frank Stilwell. Uno de los asesinos de su hermano Morgan.<\/p>\n<p>Coach Gun hace referencia a las escopetas de doble ca\u00f1\u00f3n, las armas preferidas de los conductores de diligencias en Estados Unidos. Equipadas con ca\u00f1ones relativamente cortos (\u00b1 50 cm) y rec\u00e1maras para calibres 10 y 12.<\/p>\n<p>El marshal Wyatt Earp, famoso en el Oeste americano por su extrema tenacidad frente a quienes infringen la ley. Participando en el tiroteo con su escopeta de dos ca\u00f1ones en el O.K. Corral de Tombstone, con Doc Holliday y sus hermanos.<\/p>\n<p>Por \u00faltimo, la versi\u00f3n recortada fue utilizada por el famoso ayudante del sheriff Doc Holliday. Utilizaba un modelo con ca\u00f1ones recortados de 25 cm de longitud, hasta la aparici\u00f3n de las escopetas de bombeo hacia 1900.<\/p>\n<h2>Su escopeta 1881 de doble ca\u00f1\u00f3n al mejor precio.<\/h2>\n<p>Ofrecemos una amplia gama de reproducciones de armas del oeste.<\/p>\n<p>Lo primero y m\u00e1s importante,<\/p>\n<ul>\n<li>Le <a href=\"https:\/\/repliquemangacine.fr\/es\/rifle-winchester-western-country\/fusil-kentuky-111cm\/\">Fusil Kentucky 111cm<\/a> es un arma t\u00edpica de trampero.<\/li>\n<li>Tambi\u00e9n existe la <a href=\"https:\/\/repliquemangacine.fr\/es\/rifle-winchester-western-country\/rifle-winchester-john-wayne-modelo-1892\/\">Rifle John Wayne<\/a> con sus iniciales en la culata.<\/li>\n<li>Y muchos m\u00e1s por descubrir en nuestra tienda en l\u00ednea.<\/li>\n<\/ul>\n<p>Por eso hemos pensado en algunas ideas para regalar a los fans del Oeste.<\/p>\n<p>En conclusi\u00f3n, puede utilizar el <strong>Escopeta de doble ca\u00f1\u00f3n <\/strong>para sus actuaciones del Oeste. Pero sobre todo, esta reproducci\u00f3n es un arma de coleccionista y decorativa.<\/p>\n<p>R\u00e9plique Manga Cin\u00e9 es una empresa familiar francesa y distribuidor oficial de <a href=\"https:\/\/www.denix.fr\/fr\/catalogue\/guerre-civile-occidentale-et-americaine-1861-1899\/carabines-carabines-et-fusils\/1115\/\" target=\"_blank\" rel=\"noopener noreferrer\">Denix<\/a>.<\/p>\n<h2>\u00bfC\u00f3mo se fabrican las r\u00e9plicas de armas Denix?<\/h2>\n<p>Utilizadas en recreaciones hist\u00f3ricas, pel\u00edculas, series y por coleccionistas. Las reproducciones Denix est\u00e1n fabricadas con materiales de alta calidad. Cuidadosamente elaboradas y ensambladas para crear armas de colecci\u00f3n realistas.<\/p>\n<ul>\n<li>Los metales se encuentran en una aleaci\u00f3n met\u00e1lica conocida como Zamac, cuya composici\u00f3n b\u00e1sica es zinc en 95%.<\/li>\n<li>Las piezas de pl\u00e1stico de las r\u00e9plicas son de ABS moldeado, que ofrece una gran resistencia.<\/li>\n<li>Las maderas elegidas por su belleza y durabilidad, como la caoba, el olivo o el nogal, dar\u00e1n a sus culatas y barricas un aspecto elegante y aut\u00e9ntico.<\/li>\n<\/ul>\n<p>Cabe se\u00f1alar que todas las reproducciones Denix son id\u00e9nticas a los originales, como su <strong>Escopeta de doble ca\u00f1\u00f3n<\/strong>.<\/p>","protected":false},"excerpt":{"rendered":"<p>Rifle de doble ca\u00f1\u00f3n side-by-side.<\/p>\n<ul>\n<li>Stock de madera.<\/li>\n<li>Barril met\u00e1lico basculante de lado a lado.<\/li>\n<li>Relajaci\u00f3n y perros m\u00f3viles.<\/li>\n<li>Doble palanca de amartillado.<\/li>\n<li>Doble gatillo.<\/li>\n<li>Armas y huelgas.<\/li>\n<li>No apto para disparar.<\/li>\n<li>Longitud del ca\u00f1\u00f3n: 48 cm - Longitud total: 89 cm - Peso: 2.650 g<\/li>\n<li>No se requiere autorizaci\u00f3n. Venta y posesi\u00f3n libres.<\/li>\n<\/ul>\n<p><iframe title=\"Reproductor de v\u00eddeo YouTube\" src=\"https:\/\/www.youtube-nocookie.com\/embed\/CbQsBoa8u5o\" width=\"370\" height=\"208\" frameborder=\"0\" allowfullscreen=\"allowfullscreen\"><\/iframe><\/p>","protected":false},"featured_media":25859,"template":"","meta":[],"product_brand":[896],"product_cat":[34,39,86,102,28,101,27],"product_tag":[],"class_list":{"0":"post-25858","1":"product","2":"type-product","3":"status-publish","4":"has-post-thumbnail","6":"product_brand-replique-manga-cine","7":"product_cat-armes-westerns","8":"product_cat-carabine-winchester","9":"product_cat-repliques-carabine-winchester-western","10":"product_cat-denix","11":"product_cat-repliques-darmes","12":"product_cat-soldes","13":"product_cat-armes-et-accessoires-western","15":"first","16":"outofstock","17":"sale","18":"taxable","19":"shipping-taxable","20":"purchasable","21":"product-type-simple"},"yoast_head":"<!-- This site is optimized with the Yoast SEO plugin v27.4 - https:\/\/yoast.com\/product\/yoast-seo-wordpress\/ -->\n<title>Fusil double canon Wyatt Earp - Denix | R\u00e9plique Manga Cin\u00e9<\/title>\n<meta name=\"description\" content=\"Offrez-vous ! Le Fusil Double canon 1881 de Wyatt Earp au meilleur prix - Crosse bois - Canon juxtapos\u00e9 et basculant en m\u00e9tal - M\u00e9canisme fonctionnel - 89cm\" \/>\n<meta name=\"robots\" content=\"index, follow, max-snippet:-1, max-image-preview:large, max-video-preview:-1\" \/>\n<link rel=\"canonical\" href=\"https:\/\/repliquemangacine.fr\/es\/denix\/wyatt-earp-escopeta-de-doble-canon-usa-1881\/\" \/>\n<meta property=\"og:locale\" content=\"es_ES\" \/>\n<meta property=\"og:type\" content=\"article\" \/>\n<meta property=\"og:title\" content=\"Fusil double canon Wyatt Earp - Denix | R\u00e9plique Manga Cin\u00e9\" \/>\n<meta property=\"og:description\" content=\"Offrez-vous ! Le Fusil Double canon 1881 de Wyatt Earp au meilleur prix - Crosse bois - Canon juxtapos\u00e9 et basculant en m\u00e9tal - M\u00e9canisme fonctionnel - 89cm\" \/>\n<meta property=\"og:url\" content=\"https:\/\/repliquemangacine.fr\/es\/denix\/wyatt-earp-escopeta-de-doble-canon-usa-1881\/\" \/>\n<meta property=\"og:site_name\" content=\"R\u00e9plique Manga Cin\u00e9\" \/>\n<meta property=\"article:publisher\" content=\"https:\/\/www.facebook.com\/RepliqueMangaCine\" \/>\n<meta property=\"article:modified_time\" content=\"2026-03-06T15:58:24+00:00\" \/>\n<meta property=\"og:image\" content=\"https:\/\/repliquemangacine.fr\/wp-content\/uploads\/2023\/10\/597-replique-Fusil-Wyatt-Earp-double-canon-USA-1881.jpg\" \/>\n\t<meta property=\"og:image:width\" content=\"800\" \/>\n\t<meta property=\"og:image:height\" content=\"800\" \/>\n\t<meta property=\"og:image:type\" content=\"image\/jpeg\" \/>\n<meta name=\"twitter:card\" content=\"summary_large_image\" \/>\n<meta name=\"twitter:label1\" content=\"Tiempo de lectura\" \/>\n\t<meta name=\"twitter:data1\" content=\"2 minutos\" \/>\n<script type=\"application\/ld+json\" class=\"yoast-schema-graph\">{\"@context\":\"https:\\\/\\\/schema.org\",\"@graph\":[{\"@type\":\"WebPage\",\"@id\":\"https:\\\/\\\/repliquemangacine.fr\\\/denix\\\/fusil-double-canon-wyatt-earp-usa-1881\\\/\",\"url\":\"https:\\\/\\\/repliquemangacine.fr\\\/denix\\\/fusil-double-canon-wyatt-earp-usa-1881\\\/\",\"name\":\"Fusil double canon Wyatt Earp - Denix | R\u00e9plique Manga Cin\u00e9\",\"isPartOf\":{\"@id\":\"https:\\\/\\\/repliquemangacine.fr\\\/#website\"},\"primaryImageOfPage\":{\"@id\":\"https:\\\/\\\/repliquemangacine.fr\\\/denix\\\/fusil-double-canon-wyatt-earp-usa-1881\\\/#primaryimage\"},\"image\":{\"@id\":\"https:\\\/\\\/repliquemangacine.fr\\\/denix\\\/fusil-double-canon-wyatt-earp-usa-1881\\\/#primaryimage\"},\"thumbnailUrl\":\"https:\\\/\\\/repliquemangacine.fr\\\/wp-content\\\/uploads\\\/2023\\\/10\\\/597-replique-Fusil-Wyatt-Earp-double-canon-USA-1881.jpg\",\"datePublished\":\"2016-10-25T09:57:29+00:00\",\"dateModified\":\"2026-03-06T15:58:24+00:00\",\"description\":\"Offrez-vous ! Le Fusil Double canon 1881 de Wyatt Earp au meilleur prix - Crosse bois - Canon juxtapos\u00e9 et basculant en m\u00e9tal - M\u00e9canisme fonctionnel - 89cm\",\"breadcrumb\":{\"@id\":\"https:\\\/\\\/repliquemangacine.fr\\\/denix\\\/fusil-double-canon-wyatt-earp-usa-1881\\\/#breadcrumb\"},\"inLanguage\":\"es\",\"potentialAction\":[{\"@type\":\"ReadAction\",\"target\":[\"https:\\\/\\\/repliquemangacine.fr\\\/denix\\\/fusil-double-canon-wyatt-earp-usa-1881\\\/\"]}]},{\"@type\":\"ImageObject\",\"inLanguage\":\"es\",\"@id\":\"https:\\\/\\\/repliquemangacine.fr\\\/denix\\\/fusil-double-canon-wyatt-earp-usa-1881\\\/#primaryimage\",\"url\":\"https:\\\/\\\/repliquemangacine.fr\\\/wp-content\\\/uploads\\\/2023\\\/10\\\/597-replique-Fusil-Wyatt-Earp-double-canon-USA-1881.jpg\",\"contentUrl\":\"https:\\\/\\\/repliquemangacine.fr\\\/wp-content\\\/uploads\\\/2023\\\/10\\\/597-replique-Fusil-Wyatt-Earp-double-canon-USA-1881.jpg\",\"width\":800,\"height\":800,\"caption\":\"r\u00e9plique Fusil Wyatt Earp double canon - USA 1881.\"},{\"@type\":\"BreadcrumbList\",\"@id\":\"https:\\\/\\\/repliquemangacine.fr\\\/denix\\\/fusil-double-canon-wyatt-earp-usa-1881\\\/#breadcrumb\",\"itemListElement\":[{\"@type\":\"ListItem\",\"position\":1,\"name\":\"Accueil\",\"item\":\"https:\\\/\\\/repliquemangacine.fr\\\/\"},{\"@type\":\"ListItem\",\"position\":2,\"name\":\"Produits\",\"item\":\"https:\\\/\\\/repliquemangacine.fr\\\/boutique\\\/\"},{\"@type\":\"ListItem\",\"position\":3,\"name\":\"Fusil double canon USA 1881\"}]},{\"@type\":\"WebSite\",\"@id\":\"https:\\\/\\\/repliquemangacine.fr\\\/#website\",\"url\":\"https:\\\/\\\/repliquemangacine.fr\\\/\",\"name\":\"R\u00e9plique Manga Cin\u00e9\",\"description\":\"\",\"publisher\":{\"@id\":\"https:\\\/\\\/repliquemangacine.fr\\\/#organization\"},\"potentialAction\":[{\"@type\":\"SearchAction\",\"target\":{\"@type\":\"EntryPoint\",\"urlTemplate\":\"https:\\\/\\\/repliquemangacine.fr\\\/?s={search_term_string}\"},\"query-input\":{\"@type\":\"PropertyValueSpecification\",\"valueRequired\":true,\"valueName\":\"search_term_string\"}}],\"inLanguage\":\"es\"},{\"@type\":\"Organization\",\"@id\":\"https:\\\/\\\/repliquemangacine.fr\\\/#organization\",\"name\":\"R\u00e9plique Manga Cin\u00e9\",\"url\":\"https:\\\/\\\/repliquemangacine.fr\\\/\",\"logo\":{\"@type\":\"ImageObject\",\"inLanguage\":\"es\",\"@id\":\"https:\\\/\\\/repliquemangacine.fr\\\/#\\\/schema\\\/logo\\\/image\\\/\",\"url\":\"https:\\\/\\\/repliquemangacine.fr\\\/wp-content\\\/uploads\\\/2023\\\/10\\\/RMC-500250.png\",\"contentUrl\":\"https:\\\/\\\/repliquemangacine.fr\\\/wp-content\\\/uploads\\\/2023\\\/10\\\/RMC-500250.png\",\"width\":500,\"height\":250,\"caption\":\"R\u00e9plique Manga Cin\u00e9\"},\"image\":{\"@id\":\"https:\\\/\\\/repliquemangacine.fr\\\/#\\\/schema\\\/logo\\\/image\\\/\"},\"sameAs\":[\"https:\\\/\\\/www.facebook.com\\\/RepliqueMangaCine\",\"https:\\\/\\\/www.instagram.com\\\/repliquemangacine.fr\\\/\"]}]}<\/script>\n<!-- \/ Yoast SEO plugin. -->","yoast_head_json":{"title":"Wyatt Earp escopeta de doble ca\u00f1\u00f3n - Denix | R\u00e9plique Manga Cin\u00e9","description":"\u00a1Date un capricho! La escopeta Wyatt Earp 1881 de doble ca\u00f1\u00f3n al mejor precio - Culata de madera - Ca\u00f1\u00f3n met\u00e1lico basculante de lado a lado - Mecanismo funcional - 89cm","robots":{"index":"index","follow":"follow","max-snippet":"max-snippet:-1","max-image-preview":"max-image-preview:large","max-video-preview":"max-video-preview:-1"},"canonical":"https:\/\/repliquemangacine.fr\/es\/denix\/wyatt-earp-escopeta-de-doble-canon-usa-1881\/","og_locale":"es_ES","og_type":"article","og_title":"Fusil double canon Wyatt Earp - Denix | R\u00e9plique Manga Cin\u00e9","og_description":"Offrez-vous ! Le Fusil Double canon 1881 de Wyatt Earp au meilleur prix - Crosse bois - Canon juxtapos\u00e9 et basculant en m\u00e9tal - M\u00e9canisme fonctionnel - 89cm","og_url":"https:\/\/repliquemangacine.fr\/es\/denix\/wyatt-earp-escopeta-de-doble-canon-usa-1881\/","og_site_name":"R\u00e9plique Manga Cin\u00e9","article_publisher":"https:\/\/www.facebook.com\/RepliqueMangaCine","article_modified_time":"2026-03-06T15:58:24+00:00","og_image":[{"width":800,"height":800,"url":"https:\/\/repliquemangacine.fr\/wp-content\/uploads\/2023\/10\/597-replique-Fusil-Wyatt-Earp-double-canon-USA-1881.jpg","type":"image\/jpeg"}],"twitter_card":"summary_large_image","twitter_misc":{"Tiempo de lectura":"2 minutos"},"schema":{"@context":"https:\/\/schema.org","@graph":[{"@type":"WebPage","@id":"https:\/\/repliquemangacine.fr\/denix\/fusil-double-canon-wyatt-earp-usa-1881\/","url":"https:\/\/repliquemangacine.fr\/denix\/fusil-double-canon-wyatt-earp-usa-1881\/","name":"Wyatt Earp escopeta de doble ca\u00f1\u00f3n - Denix | R\u00e9plique Manga Cin\u00e9","isPartOf":{"@id":"https:\/\/repliquemangacine.fr\/#website"},"primaryImageOfPage":{"@id":"https:\/\/repliquemangacine.fr\/denix\/fusil-double-canon-wyatt-earp-usa-1881\/#primaryimage"},"image":{"@id":"https:\/\/repliquemangacine.fr\/denix\/fusil-double-canon-wyatt-earp-usa-1881\/#primaryimage"},"thumbnailUrl":"https:\/\/repliquemangacine.fr\/wp-content\/uploads\/2023\/10\/597-replique-Fusil-Wyatt-Earp-double-canon-USA-1881.jpg","datePublished":"2016-10-25T09:57:29+00:00","dateModified":"2026-03-06T15:58:24+00:00","description":"\u00a1Date un capricho! La escopeta Wyatt Earp 1881 de doble ca\u00f1\u00f3n al mejor precio - Culata de madera - Ca\u00f1\u00f3n met\u00e1lico basculante de lado a lado - Mecanismo funcional - 89cm","breadcrumb":{"@id":"https:\/\/repliquemangacine.fr\/denix\/fusil-double-canon-wyatt-earp-usa-1881\/#breadcrumb"},"inLanguage":"es","potentialAction":[{"@type":"ReadAction","target":["https:\/\/repliquemangacine.fr\/denix\/fusil-double-canon-wyatt-earp-usa-1881\/"]}]},{"@type":"ImageObject","inLanguage":"es","@id":"https:\/\/repliquemangacine.fr\/denix\/fusil-double-canon-wyatt-earp-usa-1881\/#primaryimage","url":"https:\/\/repliquemangacine.fr\/wp-content\/uploads\/2023\/10\/597-replique-Fusil-Wyatt-Earp-double-canon-USA-1881.jpg","contentUrl":"https:\/\/repliquemangacine.fr\/wp-content\/uploads\/2023\/10\/597-replique-Fusil-Wyatt-Earp-double-canon-USA-1881.jpg","width":800,"height":800,"caption":"r\u00e9plique Fusil Wyatt Earp double canon - USA 1881."},{"@type":"BreadcrumbList","@id":"https:\/\/repliquemangacine.fr\/denix\/fusil-double-canon-wyatt-earp-usa-1881\/#breadcrumb","itemListElement":[{"@type":"ListItem","position":1,"name":"Accueil","item":"https:\/\/repliquemangacine.fr\/"},{"@type":"ListItem","position":2,"name":"Produits","item":"https:\/\/repliquemangacine.fr\/boutique\/"},{"@type":"ListItem","position":3,"name":"Fusil double canon USA 1881"}]},{"@type":"WebSite","@id":"https:\/\/repliquemangacine.fr\/#website","url":"https:\/\/repliquemangacine.fr\/","name":"R\u00e9plique Manga Cin\u00e9","description":"","publisher":{"@id":"https:\/\/repliquemangacine.fr\/#organization"},"potentialAction":[{"@type":"SearchAction","target":{"@type":"EntryPoint","urlTemplate":"https:\/\/repliquemangacine.fr\/?s={search_term_string}"},"query-input":{"@type":"PropertyValueSpecification","valueRequired":true,"valueName":"search_term_string"}}],"inLanguage":"es"},{"@type":"Organization","@id":"https:\/\/repliquemangacine.fr\/#organization","name":"R\u00e9plique Manga Cin\u00e9","url":"https:\/\/repliquemangacine.fr\/","logo":{"@type":"ImageObject","inLanguage":"es","@id":"https:\/\/repliquemangacine.fr\/#\/schema\/logo\/image\/","url":"https:\/\/repliquemangacine.fr\/wp-content\/uploads\/2023\/10\/RMC-500250.png","contentUrl":"https:\/\/repliquemangacine.fr\/wp-content\/uploads\/2023\/10\/RMC-500250.png","width":500,"height":250,"caption":"R\u00e9plique Manga Cin\u00e9"},"image":{"@id":"https:\/\/repliquemangacine.fr\/#\/schema\/logo\/image\/"},"sameAs":["https:\/\/www.facebook.com\/RepliqueMangaCine","https:\/\/www.instagram.com\/repliquemangacine.fr\/"]}]}},"_links":{"self":[{"href":"https:\/\/repliquemangacine.fr\/es\/wp-json\/wp\/v2\/product\/25858","targetHints":{"allow":["GET"]}}],"collection":[{"href":"https:\/\/repliquemangacine.fr\/es\/wp-json\/wp\/v2\/product"}],"about":[{"href":"https:\/\/repliquemangacine.fr\/es\/wp-json\/wp\/v2\/types\/product"}],"wp:featuredmedia":[{"embeddable":true,"href":"https:\/\/repliquemangacine.fr\/es\/wp-json\/wp\/v2\/media\/25859"}],"wp:attachment":[{"href":"https:\/\/repliquemangacine.fr\/es\/wp-json\/wp\/v2\/media?parent=25858"}],"wp:term":[{"taxonomy":"product_brand","embeddable":true,"href":"https:\/\/repliquemangacine.fr\/es\/wp-json\/wp\/v2\/product_brand?post=25858"},{"taxonomy":"product_cat","embeddable":true,"href":"https:\/\/repliquemangacine.fr\/es\/wp-json\/wp\/v2\/product_cat?post=25858"},{"taxonomy":"product_tag","embeddable":true,"href":"https:\/\/repliquemangacine.fr\/es\/wp-json\/wp\/v2\/product_tag?post=25858"}],"curies":[{"name":"wp","href":"https:\/\/api.w.org\/{rel}","templated":true}]}}