





{"id":25807,"date":"2016-10-19T16:00:27","date_gmt":"2016-10-19T14:00:27","guid":{"rendered":"https:\/\/repliquemangacine.fr\/?post_type=product&#038;p=25807"},"modified":"2025-11-30T13:05:51","modified_gmt":"2025-11-30T12:05:51","slug":"estanques-pierna-denix","status":"publish","type":"product","link":"https:\/\/repliquemangacine.fr\/es\/repliques-carabine-winchester-western\/mares-leg-denix\/","title":{"rendered":"Sierra de canon para pata de yegua"},"content":{"rendered":"<h2>Pierna de yegua Winchester Denix<\/h2>\n<p>Para empezar, el <strong>Pierna de yegua Denix<\/strong> Es un rifle Winchester 1892 al que se le han serrado la culata y el ca\u00f1\u00f3n.<\/p>\n<p>Aparece en la serie Au nom de la loi (1958), utilizada por Steve McQueen, alias Josh Randall, el cazarrecompensas y h\u00e9roe de la serie.<\/p>\n<p>El arma hace una breve aparici\u00f3n en la pel\u00edcula \u00c9rase una vez en el Oeste, utilizada por un vaquero negro (Woody Strode) que viene a matar al personaje interpretado por Charles Bronson, el hombre de la arm\u00f3nica.<\/p>\n<p>Se utilizaba en el oeste americano, ya que los vaqueros quer\u00edan un arma potente que se pudiera desenfundar r\u00e1pidamente. Aunque esta arma no era muy precisa a distancia, no por ello era menos potente a corta distancia.<\/p>\n<h2>Tu Denix Pata de Yegua Winchester al mejor precio.<\/h2>\n<p>Le ofrecemos una amplia selecci\u00f3n de reproducciones de armas western.<\/p>\n<p>Lo primero y m\u00e1s importante,<\/p>\n<ul>\n<li>La reproducci\u00f3n de <a href=\"https:\/\/repliquemangacine.fr\/es\/rifle-winchester\/rifle-henry-guerra-civil-eeuu-1860\/\">Rifle Henry<\/a> id\u00e9ntico al original. Calibre 44, modelo 1860.<\/li>\n<li>En segundo lugar, la reproducci\u00f3n de <a href=\"https:\/\/repliquemangacine.fr\/es\/rifle-winchester-western-country\/coach-gun-double-canons-coupe-usa-1868\/\">Entrenador Gun<\/a> dos barriles serrados<\/li>\n<li>As\u00ed como una reproducci\u00f3n de L'imposant <a href=\"https:\/\/repliquemangacine.fr\/es\/revolver-colts\/colt-buntline-especial-wyatt-earp-1873-2\/\">Especial Buntline<\/a> del legendario Wyatt Earp firm\u00f3 <a href=\"https:\/\/www.denix.fr\/\" target=\"_blank\" rel=\"noopener noreferrer\">Denix<\/a>.<\/li>\n<li>Y muchos m\u00e1s por descubrir en nuestra tienda en l\u00ednea.<\/li>\n<\/ul>\n<p>Por eso, esta es una magn\u00edfica idea de regalo para los amantes del Oeste americano.<\/p>\n<p>En conclusi\u00f3n, puede utilizar la Winchester. <strong>Pierna de yegua Denix<\/strong> para sus recreaciones hist\u00f3ricas y demostraciones. Pero, sobre todo, es una pieza de coleccionista y un objeto decorativo.<\/p>\n<h2>\u00bfC\u00f3mo se fabrican las r\u00e9plicas de armas Denix?<\/h2>\n<p>Utilizadas en recreaciones hist\u00f3ricas, pel\u00edculas, series y por coleccionistas. Las reproducciones Denix est\u00e1n fabricadas con materiales de alta calidad. Cuidadosamente elaboradas y ensambladas para crear armas de colecci\u00f3n realistas.<\/p>\n<ul>\n<li>Los metales se encuentran en una aleaci\u00f3n met\u00e1lica conocida como Zamac, cuya composici\u00f3n b\u00e1sica es zinc en 95%.<\/li>\n<li>Las piezas de pl\u00e1stico de las r\u00e9plicas son de ABS moldeado, que ofrece una gran resistencia.<\/li>\n<li>Las maderas elegidas por su belleza y durabilidad, como la caoba, el olivo o el nogal, dar\u00e1n a sus culatas y barricas un aspecto elegante y aut\u00e9ntico.<\/li>\n<\/ul>\n<p>Cabe se\u00f1alar que todas las reproducciones Denix son id\u00e9nticas a los originales, como su <strong>Pierna de yegua Denix<\/strong>.<\/p>","protected":false},"excerpt":{"rendered":"<p>Winchester de pata de yegua recortada.<\/p>\n<ul>\n<li>Culata y ca\u00f1\u00f3n de madera maciza.<\/li>\n<li>Ca\u00f1\u00f3n y carcasa de Zamac.<\/li>\n<li>Anilla de sill\u00edn en el lado izquierdo.<\/li>\n<li>Armas arriba y golpes<strong>.<\/strong><\/li>\n<li>No apto para disparar.<\/li>\n<li>No se requiere autorizaci\u00f3n. Venta y posesi\u00f3n libres.<\/li>\n<li>Longitud total: 50 cm - Peso: 1487 g<\/li>\n<\/ul>\n<p><strong>\u00a0<\/strong><\/p>","protected":false},"featured_media":25808,"template":"","meta":[],"product_brand":[896],"product_cat":[34,86,39,102,28,101,27],"product_tag":[],"class_list":{"0":"post-25807","1":"product","2":"type-product","3":"status-publish","4":"has-post-thumbnail","6":"product_brand-replique-manga-cine","7":"product_cat-armes-westerns","8":"product_cat-repliques-carabine-winchester-western","9":"product_cat-carabine-winchester","10":"product_cat-denix","11":"product_cat-repliques-darmes","12":"product_cat-soldes","13":"product_cat-armes-et-accessoires-western","15":"first","16":"instock","17":"sale","18":"taxable","19":"shipping-taxable","20":"purchasable","21":"product-type-simple"},"yoast_head":"<!-- This site is optimized with the Yoast SEO plugin v27.3 - https:\/\/yoast.com\/product\/yoast-seo-wordpress\/ -->\n<title>Mare&#039;s Leg Denix - Winchester Western | R\u00e9plique Manga Cin\u00e9<\/title>\n<meta name=\"description\" content=\"Offrez-vous ! la winchester \u00e0 canon sci\u00e9, la Mare&#039;s Leg Denix au meilleur prix - M\u00e9canisme fonctionnel en m\u00e9tal - Crosse en bois - Longueur totale : 50 cm\" \/>\n<meta name=\"robots\" content=\"index, follow, max-snippet:-1, max-image-preview:large, max-video-preview:-1\" \/>\n<link rel=\"canonical\" href=\"https:\/\/repliquemangacine.fr\/es\/denix\/estanques-pierna-denix\/\" \/>\n<meta property=\"og:locale\" content=\"es_ES\" \/>\n<meta property=\"og:type\" content=\"article\" \/>\n<meta property=\"og:title\" content=\"Mare&#039;s Leg Denix - Winchester Western | R\u00e9plique Manga Cin\u00e9\" \/>\n<meta property=\"og:description\" content=\"Offrez-vous ! la winchester \u00e0 canon sci\u00e9, la Mare&#039;s Leg Denix au meilleur prix - M\u00e9canisme fonctionnel en m\u00e9tal - Crosse en bois - Longueur totale : 50 cm\" \/>\n<meta property=\"og:url\" content=\"https:\/\/repliquemangacine.fr\/es\/denix\/estanques-pierna-denix\/\" \/>\n<meta property=\"og:site_name\" content=\"R\u00e9plique Manga Cin\u00e9\" \/>\n<meta property=\"article:publisher\" content=\"https:\/\/www.facebook.com\/RepliqueMangaCine\" \/>\n<meta property=\"article:modified_time\" content=\"2025-11-30T12:05:51+00:00\" \/>\n<meta property=\"og:image\" content=\"https:\/\/repliquemangacine.fr\/wp-content\/uploads\/2023\/10\/550-Carabine-Winchester-canon-scie-Mares-Leg.jpg\" \/>\n\t<meta property=\"og:image:width\" content=\"800\" \/>\n\t<meta property=\"og:image:height\" content=\"800\" \/>\n\t<meta property=\"og:image:type\" content=\"image\/jpeg\" \/>\n<meta name=\"twitter:card\" content=\"summary_large_image\" \/>\n<meta name=\"twitter:label1\" content=\"Tiempo de lectura\" \/>\n\t<meta name=\"twitter:data1\" content=\"2 minutos\" \/>\n<script type=\"application\/ld+json\" class=\"yoast-schema-graph\">{\"@context\":\"https:\\\/\\\/schema.org\",\"@graph\":[{\"@type\":\"WebPage\",\"@id\":\"https:\\\/\\\/repliquemangacine.fr\\\/denix\\\/mares-leg-denix\\\/\",\"url\":\"https:\\\/\\\/repliquemangacine.fr\\\/denix\\\/mares-leg-denix\\\/\",\"name\":\"Mare's Leg Denix - Winchester Western | R\u00e9plique Manga Cin\u00e9\",\"isPartOf\":{\"@id\":\"https:\\\/\\\/repliquemangacine.fr\\\/#website\"},\"primaryImageOfPage\":{\"@id\":\"https:\\\/\\\/repliquemangacine.fr\\\/denix\\\/mares-leg-denix\\\/#primaryimage\"},\"image\":{\"@id\":\"https:\\\/\\\/repliquemangacine.fr\\\/denix\\\/mares-leg-denix\\\/#primaryimage\"},\"thumbnailUrl\":\"https:\\\/\\\/repliquemangacine.fr\\\/wp-content\\\/uploads\\\/2023\\\/10\\\/550-Carabine-Winchester-canon-scie-Mares-Leg.jpg\",\"datePublished\":\"2016-10-19T14:00:27+00:00\",\"dateModified\":\"2025-11-30T12:05:51+00:00\",\"description\":\"Offrez-vous ! la winchester \u00e0 canon sci\u00e9, la Mare's Leg Denix au meilleur prix - M\u00e9canisme fonctionnel en m\u00e9tal - Crosse en bois - Longueur totale : 50 cm\",\"breadcrumb\":{\"@id\":\"https:\\\/\\\/repliquemangacine.fr\\\/denix\\\/mares-leg-denix\\\/#breadcrumb\"},\"inLanguage\":\"es\",\"potentialAction\":[{\"@type\":\"ReadAction\",\"target\":[\"https:\\\/\\\/repliquemangacine.fr\\\/denix\\\/mares-leg-denix\\\/\"]}]},{\"@type\":\"ImageObject\",\"inLanguage\":\"es\",\"@id\":\"https:\\\/\\\/repliquemangacine.fr\\\/denix\\\/mares-leg-denix\\\/#primaryimage\",\"url\":\"https:\\\/\\\/repliquemangacine.fr\\\/wp-content\\\/uploads\\\/2023\\\/10\\\/550-Carabine-Winchester-canon-scie-Mares-Leg.jpg\",\"contentUrl\":\"https:\\\/\\\/repliquemangacine.fr\\\/wp-content\\\/uploads\\\/2023\\\/10\\\/550-Carabine-Winchester-canon-scie-Mares-Leg.jpg\",\"width\":800,\"height\":800,\"caption\":\"Mare's Leg Denix\"},{\"@type\":\"BreadcrumbList\",\"@id\":\"https:\\\/\\\/repliquemangacine.fr\\\/denix\\\/mares-leg-denix\\\/#breadcrumb\",\"itemListElement\":[{\"@type\":\"ListItem\",\"position\":1,\"name\":\"Accueil\",\"item\":\"https:\\\/\\\/repliquemangacine.fr\\\/\"},{\"@type\":\"ListItem\",\"position\":2,\"name\":\"Produits\",\"item\":\"https:\\\/\\\/repliquemangacine.fr\\\/boutique\\\/\"},{\"@type\":\"ListItem\",\"position\":3,\"name\":\"Mare&#8217;s Leg Canon scie\"}]},{\"@type\":\"WebSite\",\"@id\":\"https:\\\/\\\/repliquemangacine.fr\\\/#website\",\"url\":\"https:\\\/\\\/repliquemangacine.fr\\\/\",\"name\":\"R\u00e9plique Manga Cin\u00e9\",\"description\":\"\",\"publisher\":{\"@id\":\"https:\\\/\\\/repliquemangacine.fr\\\/#organization\"},\"potentialAction\":[{\"@type\":\"SearchAction\",\"target\":{\"@type\":\"EntryPoint\",\"urlTemplate\":\"https:\\\/\\\/repliquemangacine.fr\\\/?s={search_term_string}\"},\"query-input\":{\"@type\":\"PropertyValueSpecification\",\"valueRequired\":true,\"valueName\":\"search_term_string\"}}],\"inLanguage\":\"es\"},{\"@type\":\"Organization\",\"@id\":\"https:\\\/\\\/repliquemangacine.fr\\\/#organization\",\"name\":\"R\u00e9plique Manga Cin\u00e9\",\"url\":\"https:\\\/\\\/repliquemangacine.fr\\\/\",\"logo\":{\"@type\":\"ImageObject\",\"inLanguage\":\"es\",\"@id\":\"https:\\\/\\\/repliquemangacine.fr\\\/#\\\/schema\\\/logo\\\/image\\\/\",\"url\":\"https:\\\/\\\/repliquemangacine.fr\\\/wp-content\\\/uploads\\\/2023\\\/10\\\/RMC-500250.png\",\"contentUrl\":\"https:\\\/\\\/repliquemangacine.fr\\\/wp-content\\\/uploads\\\/2023\\\/10\\\/RMC-500250.png\",\"width\":500,\"height\":250,\"caption\":\"R\u00e9plique Manga Cin\u00e9\"},\"image\":{\"@id\":\"https:\\\/\\\/repliquemangacine.fr\\\/#\\\/schema\\\/logo\\\/image\\\/\"},\"sameAs\":[\"https:\\\/\\\/www.facebook.com\\\/RepliqueMangaCine\",\"https:\\\/\\\/www.instagram.com\\\/repliquemangacine.fr\\\/\"]}]}<\/script>\n<!-- \/ Yoast SEO plugin. -->","yoast_head_json":{"title":"Pata de Yegua Denix - Winchester Western | R\u00e9plique Manga Cin\u00e9","description":"Reg\u00e1late el winchester serrado Denix Pata de Yegua al mejor precio - Mecanismo funcional de metal - Culata de madera - Longitud total: 50 cm","robots":{"index":"index","follow":"follow","max-snippet":"max-snippet:-1","max-image-preview":"max-image-preview:large","max-video-preview":"max-video-preview:-1"},"canonical":"https:\/\/repliquemangacine.fr\/es\/denix\/estanques-pierna-denix\/","og_locale":"es_ES","og_type":"article","og_title":"Mare's Leg Denix - Winchester Western | R\u00e9plique Manga Cin\u00e9","og_description":"Offrez-vous ! la winchester \u00e0 canon sci\u00e9, la Mare's Leg Denix au meilleur prix - M\u00e9canisme fonctionnel en m\u00e9tal - Crosse en bois - Longueur totale : 50 cm","og_url":"https:\/\/repliquemangacine.fr\/es\/denix\/estanques-pierna-denix\/","og_site_name":"R\u00e9plique Manga Cin\u00e9","article_publisher":"https:\/\/www.facebook.com\/RepliqueMangaCine","article_modified_time":"2025-11-30T12:05:51+00:00","og_image":[{"width":800,"height":800,"url":"https:\/\/repliquemangacine.fr\/wp-content\/uploads\/2023\/10\/550-Carabine-Winchester-canon-scie-Mares-Leg.jpg","type":"image\/jpeg"}],"twitter_card":"summary_large_image","twitter_misc":{"Tiempo de lectura":"2 minutos"},"schema":{"@context":"https:\/\/schema.org","@graph":[{"@type":"WebPage","@id":"https:\/\/repliquemangacine.fr\/denix\/mares-leg-denix\/","url":"https:\/\/repliquemangacine.fr\/denix\/mares-leg-denix\/","name":"Pata de Yegua Denix - Winchester Western | R\u00e9plique Manga Cin\u00e9","isPartOf":{"@id":"https:\/\/repliquemangacine.fr\/#website"},"primaryImageOfPage":{"@id":"https:\/\/repliquemangacine.fr\/denix\/mares-leg-denix\/#primaryimage"},"image":{"@id":"https:\/\/repliquemangacine.fr\/denix\/mares-leg-denix\/#primaryimage"},"thumbnailUrl":"https:\/\/repliquemangacine.fr\/wp-content\/uploads\/2023\/10\/550-Carabine-Winchester-canon-scie-Mares-Leg.jpg","datePublished":"2016-10-19T14:00:27+00:00","dateModified":"2025-11-30T12:05:51+00:00","description":"Reg\u00e1late el winchester serrado Denix Pata de Yegua al mejor precio - Mecanismo funcional de metal - Culata de madera - Longitud total: 50 cm","breadcrumb":{"@id":"https:\/\/repliquemangacine.fr\/denix\/mares-leg-denix\/#breadcrumb"},"inLanguage":"es","potentialAction":[{"@type":"ReadAction","target":["https:\/\/repliquemangacine.fr\/denix\/mares-leg-denix\/"]}]},{"@type":"ImageObject","inLanguage":"es","@id":"https:\/\/repliquemangacine.fr\/denix\/mares-leg-denix\/#primaryimage","url":"https:\/\/repliquemangacine.fr\/wp-content\/uploads\/2023\/10\/550-Carabine-Winchester-canon-scie-Mares-Leg.jpg","contentUrl":"https:\/\/repliquemangacine.fr\/wp-content\/uploads\/2023\/10\/550-Carabine-Winchester-canon-scie-Mares-Leg.jpg","width":800,"height":800,"caption":"Mare's Leg Denix"},{"@type":"BreadcrumbList","@id":"https:\/\/repliquemangacine.fr\/denix\/mares-leg-denix\/#breadcrumb","itemListElement":[{"@type":"ListItem","position":1,"name":"Accueil","item":"https:\/\/repliquemangacine.fr\/"},{"@type":"ListItem","position":2,"name":"Produits","item":"https:\/\/repliquemangacine.fr\/boutique\/"},{"@type":"ListItem","position":3,"name":"Mare&#8217;s Leg Canon scie"}]},{"@type":"WebSite","@id":"https:\/\/repliquemangacine.fr\/#website","url":"https:\/\/repliquemangacine.fr\/","name":"R\u00e9plique Manga Cin\u00e9","description":"","publisher":{"@id":"https:\/\/repliquemangacine.fr\/#organization"},"potentialAction":[{"@type":"SearchAction","target":{"@type":"EntryPoint","urlTemplate":"https:\/\/repliquemangacine.fr\/?s={search_term_string}"},"query-input":{"@type":"PropertyValueSpecification","valueRequired":true,"valueName":"search_term_string"}}],"inLanguage":"es"},{"@type":"Organization","@id":"https:\/\/repliquemangacine.fr\/#organization","name":"R\u00e9plique Manga Cin\u00e9","url":"https:\/\/repliquemangacine.fr\/","logo":{"@type":"ImageObject","inLanguage":"es","@id":"https:\/\/repliquemangacine.fr\/#\/schema\/logo\/image\/","url":"https:\/\/repliquemangacine.fr\/wp-content\/uploads\/2023\/10\/RMC-500250.png","contentUrl":"https:\/\/repliquemangacine.fr\/wp-content\/uploads\/2023\/10\/RMC-500250.png","width":500,"height":250,"caption":"R\u00e9plique Manga Cin\u00e9"},"image":{"@id":"https:\/\/repliquemangacine.fr\/#\/schema\/logo\/image\/"},"sameAs":["https:\/\/www.facebook.com\/RepliqueMangaCine","https:\/\/www.instagram.com\/repliquemangacine.fr\/"]}]}},"_links":{"self":[{"href":"https:\/\/repliquemangacine.fr\/es\/wp-json\/wp\/v2\/product\/25807","targetHints":{"allow":["GET"]}}],"collection":[{"href":"https:\/\/repliquemangacine.fr\/es\/wp-json\/wp\/v2\/product"}],"about":[{"href":"https:\/\/repliquemangacine.fr\/es\/wp-json\/wp\/v2\/types\/product"}],"wp:featuredmedia":[{"embeddable":true,"href":"https:\/\/repliquemangacine.fr\/es\/wp-json\/wp\/v2\/media\/25808"}],"wp:attachment":[{"href":"https:\/\/repliquemangacine.fr\/es\/wp-json\/wp\/v2\/media?parent=25807"}],"wp:term":[{"taxonomy":"product_brand","embeddable":true,"href":"https:\/\/repliquemangacine.fr\/es\/wp-json\/wp\/v2\/product_brand?post=25807"},{"taxonomy":"product_cat","embeddable":true,"href":"https:\/\/repliquemangacine.fr\/es\/wp-json\/wp\/v2\/product_cat?post=25807"},{"taxonomy":"product_tag","embeddable":true,"href":"https:\/\/repliquemangacine.fr\/es\/wp-json\/wp\/v2\/product_tag?post=25807"}],"curies":[{"name":"wp","href":"https:\/\/api.w.org\/{rel}","templated":true}]}}