





{"id":25802,"date":"2016-10-17T17:16:45","date_gmt":"2016-10-17T15:16:45","guid":{"rendered":"https:\/\/repliquemangacine.fr\/?post_type=product&#038;p=25802"},"modified":"2026-02-02T22:58:17","modified_gmt":"2026-02-02T21:58:17","slug":"balas-falsas-m1-garand-denix","status":"publish","type":"product","link":"https:\/\/repliquemangacine.fr\/es\/reproductions-armes-seconde-guerre-mondiale-denix\/balles-factices-m1-garand-denix\/","title":{"rendered":"Balas de prueba M1 Garand"},"content":{"rendered":"<h2>M1 balas falsas Garand - Denix<\/h2>\n<p>Para empezar, el <strong>Balas de prueba M1 Garand<\/strong> o imitaci\u00f3n de bala, objeto que a veces imita, de forma muy realista, una munici\u00f3n real. Las armas y balas suelen ser juguetes o r\u00e9plicas destinadas a coleccionistas.<\/p>\n<p>El Garand M1, el \u00fanico rifle semiautom\u00e1tico que ha sido adoptado por una gran potencia militar. Su dise\u00f1ador, John Cantius Garand, reconocido como un genio en su campo.<\/p>\n<p>Muy robusto, funciona con gas. Se alimenta mediante un cargador extra\u00edble de chapa met\u00e1lica con capacidad para 8 cartuchos de calibre 30 (7,62). Patton dec\u00eda de este rifle que era la mejor herramienta de guerra jam\u00e1s fabricada. El mejor compa\u00f1ero del soldado estadounidense sigue siendo este rifle.<\/p>\n<p>En conclusi\u00f3n, este accesorio es un complemento esencial para dar m\u00e1s realismo a tu rifle Garand M1 de la marca Denix.<\/p>\n<h2>Tu M1 Garand balas simuladas al mejor precio.<\/h2>\n<p>Ofrecemos una amplia gama de r\u00e9plicas de pistolas Denix.<\/p>\n<p>Lo primero y m\u00e1s importante,<\/p>\n<ul>\n<li>La reproducci\u00f3n de <a href=\"https:\/\/repliquemangacine.fr\/es\/armas-historicas\/fusil-garand-m1\/\">Fusil Garand M1<\/a> el \u00fanico fusil semiautom\u00e1tico que ha sido adoptado por una gran potencia militar.<\/li>\n<li>As\u00ed como el <a href=\"https:\/\/repliquemangacine.fr\/es\/equipamiento-militar\/baionnette-garand-m1-st-son-fourreau-m3\/\">Bayoneta Garand M1<\/a> Pacific modelo 1942 y su vaina M3<\/li>\n<li>Y muchos m\u00e1s por descubrir en nuestra tienda en l\u00ednea.<\/li>\n<\/ul>\n<p>Por eso es una magn\u00edfica idea de regalo para todos los amantes de las armas hist\u00f3ricas.<\/p>\n<p>En conclusi\u00f3n, puede utilizar estos <strong>Balas de prueba M1 Garand<\/strong> para sus recreaciones y ambientaciones hist\u00f3ricas. Pero, sobre todo, esta arma es una pieza de coleccionista y una pieza decorativa.<\/p>\n<p>R\u00e9plique Manga Cin\u00e9 es una empresa francesa y distribuidor oficial de la marca <a href=\"https:\/\/www.denix.fr\/fr\/catalogue\/guerres-mondiales-1914-1945\/balles\/56\/\" target=\"_blank\" rel=\"noopener noreferrer\">Denix<\/a>.<\/p>\n<h2>\u00bfC\u00f3mo se fabrican las r\u00e9plicas de armas Denix?<\/h2>\n<p>Utilizadas en recreaciones hist\u00f3ricas, pel\u00edculas, series y por coleccionistas. Las reproducciones Denix est\u00e1n fabricadas con materiales de alta calidad. Cuidadosamente elaboradas y ensambladas para crear armas de colecci\u00f3n realistas.<\/p>\n<ul>\n<li>Los metales se encuentran en una aleaci\u00f3n met\u00e1lica conocida como Zamac, cuya composici\u00f3n b\u00e1sica es zinc en 95%.<\/li>\n<li>Las piezas de pl\u00e1stico de las r\u00e9plicas son de ABS moldeado, que ofrece una gran resistencia.<\/li>\n<li>Las maderas elegidas por su belleza y durabilidad, como la caoba, el olivo o el nogal, dar\u00e1n a sus culatas y barricas un aspecto elegante y aut\u00e9ntico.<\/li>\n<\/ul>\n<p>Cabe se\u00f1alar que todas las reproducciones Denix son id\u00e9nticas a los originales, al igual que su <strong>Balas de prueba M1 Garand<\/strong>.<\/p>","protected":false},"excerpt":{"rendered":"<p>Las balas de prueba son un complemento esencial para que su rifle Denix Garand M1 sea a\u00fan m\u00e1s realista.<\/p>\n<ul>\n<li>Fabricado \u00edntegramente en metal chapado en oro.<\/li>\n<li>Estas balas no contienen carga explosiva.<\/li>\n<li>Envasado en bolsas de 5 balas.<\/li>\n<li>Altura: 8 cm - Peso: 37 g<\/li>\n<\/ul>","protected":false},"featured_media":25803,"template":"","meta":[],"product_brand":[896],"product_cat":[25,102,46,54,85,28,76],"product_tag":[],"class_list":{"0":"post-25802","1":"product","2":"type-product","3":"status-publish","4":"has-post-thumbnail","6":"product_brand-replique-manga-cine","7":"product_cat-armes-historiques","8":"product_cat-denix","9":"product_cat-fusil-d-assaut-fusil-moderne","10":"product_cat-armes-accessoires-guerre-mondiale","11":"product_cat-dagues-et-accessoires-seconde-guerre-mondiale-materiels-militaria","12":"product_cat-repliques-darmes","13":"product_cat-reproductions-armes-seconde-guerre-mondiale-denix","15":"first","16":"instock","17":"taxable","18":"shipping-taxable","19":"purchasable","20":"product-type-simple"},"yoast_head":"<!-- This site is optimized with the Yoast SEO plugin v27.3 - https:\/\/yoast.com\/product\/yoast-seo-wordpress\/ -->\n<title>Balles factices M1 Garand - Denix | R\u00e9plique Manga Cin\u00e9<\/title>\n<meta name=\"description\" content=\"D\u00e9couvrez les Balles factices M1 Garand au meilleur prix - Tout en m\u00e9tal - Aucune charge explosive - Sachet de 5 balles - Hauteur : 8 cm - Poids : 37 g\" \/>\n<meta name=\"robots\" content=\"index, follow, max-snippet:-1, max-image-preview:large, max-video-preview:-1\" \/>\n<link rel=\"canonical\" href=\"https:\/\/repliquemangacine.fr\/es\/denix\/balas-falsas-m1-garand-denix\/\" \/>\n<meta property=\"og:locale\" content=\"es_ES\" \/>\n<meta property=\"og:type\" content=\"article\" \/>\n<meta property=\"og:title\" content=\"Balles factices M1 Garand - Denix | R\u00e9plique Manga Cin\u00e9\" \/>\n<meta property=\"og:description\" content=\"D\u00e9couvrez les Balles factices M1 Garand au meilleur prix - Tout en m\u00e9tal - Aucune charge explosive - Sachet de 5 balles - Hauteur : 8 cm - Poids : 37 g\" \/>\n<meta property=\"og:url\" content=\"https:\/\/repliquemangacine.fr\/es\/denix\/balas-falsas-m1-garand-denix\/\" \/>\n<meta property=\"og:site_name\" content=\"R\u00e9plique Manga Cin\u00e9\" \/>\n<meta property=\"article:publisher\" content=\"https:\/\/www.facebook.com\/RepliqueMangaCine\" \/>\n<meta property=\"article:modified_time\" content=\"2026-02-02T21:58:17+00:00\" \/>\n<meta property=\"og:image\" content=\"https:\/\/repliquemangacine.fr\/wp-content\/uploads\/2023\/10\/547-5-Balles-factices-pour-fusil-Garand.jpg\" \/>\n\t<meta property=\"og:image:width\" content=\"800\" \/>\n\t<meta property=\"og:image:height\" content=\"800\" \/>\n\t<meta property=\"og:image:type\" content=\"image\/jpeg\" \/>\n<meta name=\"twitter:card\" content=\"summary_large_image\" \/>\n<meta name=\"twitter:label1\" content=\"Tiempo de lectura\" \/>\n\t<meta name=\"twitter:data1\" content=\"2 minutos\" \/>\n<script type=\"application\/ld+json\" class=\"yoast-schema-graph\">{\"@context\":\"https:\\\/\\\/schema.org\",\"@graph\":[{\"@type\":\"WebPage\",\"@id\":\"https:\\\/\\\/repliquemangacine.fr\\\/denix\\\/balles-factices-m1-garand-denix\\\/\",\"url\":\"https:\\\/\\\/repliquemangacine.fr\\\/denix\\\/balles-factices-m1-garand-denix\\\/\",\"name\":\"Balles factices M1 Garand - Denix | R\u00e9plique Manga Cin\u00e9\",\"isPartOf\":{\"@id\":\"https:\\\/\\\/repliquemangacine.fr\\\/#website\"},\"primaryImageOfPage\":{\"@id\":\"https:\\\/\\\/repliquemangacine.fr\\\/denix\\\/balles-factices-m1-garand-denix\\\/#primaryimage\"},\"image\":{\"@id\":\"https:\\\/\\\/repliquemangacine.fr\\\/denix\\\/balles-factices-m1-garand-denix\\\/#primaryimage\"},\"thumbnailUrl\":\"https:\\\/\\\/repliquemangacine.fr\\\/wp-content\\\/uploads\\\/2023\\\/10\\\/547-5-Balles-factices-pour-fusil-Garand.jpg\",\"datePublished\":\"2016-10-17T15:16:45+00:00\",\"dateModified\":\"2026-02-02T21:58:17+00:00\",\"description\":\"D\u00e9couvrez les Balles factices M1 Garand au meilleur prix - Tout en m\u00e9tal - Aucune charge explosive - Sachet de 5 balles - Hauteur : 8 cm - Poids : 37 g\",\"breadcrumb\":{\"@id\":\"https:\\\/\\\/repliquemangacine.fr\\\/denix\\\/balles-factices-m1-garand-denix\\\/#breadcrumb\"},\"inLanguage\":\"es\",\"potentialAction\":[{\"@type\":\"ReadAction\",\"target\":[\"https:\\\/\\\/repliquemangacine.fr\\\/denix\\\/balles-factices-m1-garand-denix\\\/\"]}]},{\"@type\":\"ImageObject\",\"inLanguage\":\"es\",\"@id\":\"https:\\\/\\\/repliquemangacine.fr\\\/denix\\\/balles-factices-m1-garand-denix\\\/#primaryimage\",\"url\":\"https:\\\/\\\/repliquemangacine.fr\\\/wp-content\\\/uploads\\\/2023\\\/10\\\/547-5-Balles-factices-pour-fusil-Garand.jpg\",\"contentUrl\":\"https:\\\/\\\/repliquemangacine.fr\\\/wp-content\\\/uploads\\\/2023\\\/10\\\/547-5-Balles-factices-pour-fusil-Garand.jpg\",\"width\":800,\"height\":800,\"caption\":\"5 Balles factices pour fusil Garand\"},{\"@type\":\"BreadcrumbList\",\"@id\":\"https:\\\/\\\/repliquemangacine.fr\\\/denix\\\/balles-factices-m1-garand-denix\\\/#breadcrumb\",\"itemListElement\":[{\"@type\":\"ListItem\",\"position\":1,\"name\":\"Accueil\",\"item\":\"https:\\\/\\\/repliquemangacine.fr\\\/\"},{\"@type\":\"ListItem\",\"position\":2,\"name\":\"Produits\",\"item\":\"https:\\\/\\\/repliquemangacine.fr\\\/boutique\\\/\"},{\"@type\":\"ListItem\",\"position\":3,\"name\":\"Balles factices M1 Garand\"}]},{\"@type\":\"WebSite\",\"@id\":\"https:\\\/\\\/repliquemangacine.fr\\\/#website\",\"url\":\"https:\\\/\\\/repliquemangacine.fr\\\/\",\"name\":\"R\u00e9plique Manga Cin\u00e9\",\"description\":\"\",\"publisher\":{\"@id\":\"https:\\\/\\\/repliquemangacine.fr\\\/#organization\"},\"potentialAction\":[{\"@type\":\"SearchAction\",\"target\":{\"@type\":\"EntryPoint\",\"urlTemplate\":\"https:\\\/\\\/repliquemangacine.fr\\\/?s={search_term_string}\"},\"query-input\":{\"@type\":\"PropertyValueSpecification\",\"valueRequired\":true,\"valueName\":\"search_term_string\"}}],\"inLanguage\":\"es\"},{\"@type\":\"Organization\",\"@id\":\"https:\\\/\\\/repliquemangacine.fr\\\/#organization\",\"name\":\"R\u00e9plique Manga Cin\u00e9\",\"url\":\"https:\\\/\\\/repliquemangacine.fr\\\/\",\"logo\":{\"@type\":\"ImageObject\",\"inLanguage\":\"es\",\"@id\":\"https:\\\/\\\/repliquemangacine.fr\\\/#\\\/schema\\\/logo\\\/image\\\/\",\"url\":\"https:\\\/\\\/repliquemangacine.fr\\\/wp-content\\\/uploads\\\/2023\\\/10\\\/RMC-500250.png\",\"contentUrl\":\"https:\\\/\\\/repliquemangacine.fr\\\/wp-content\\\/uploads\\\/2023\\\/10\\\/RMC-500250.png\",\"width\":500,\"height\":250,\"caption\":\"R\u00e9plique Manga Cin\u00e9\"},\"image\":{\"@id\":\"https:\\\/\\\/repliquemangacine.fr\\\/#\\\/schema\\\/logo\\\/image\\\/\"},\"sameAs\":[\"https:\\\/\\\/www.facebook.com\\\/RepliqueMangaCine\",\"https:\\\/\\\/www.instagram.com\\\/repliquemangacine.fr\\\/\"]}]}<\/script>\n<!-- \/ Yoast SEO plugin. -->","yoast_head_json":{"title":"M1 Garand balas falsas - Denix | R\u00e9plique Manga Cin\u00e9","description":"Descubra las balas ficticias Garand M1 al mejor precio - Completamente met\u00e1licas - Sin carga explosiva - Bolsa de 5 balas - Altura: 8 cm - Peso: 37 g","robots":{"index":"index","follow":"follow","max-snippet":"max-snippet:-1","max-image-preview":"max-image-preview:large","max-video-preview":"max-video-preview:-1"},"canonical":"https:\/\/repliquemangacine.fr\/es\/denix\/balas-falsas-m1-garand-denix\/","og_locale":"es_ES","og_type":"article","og_title":"Balles factices M1 Garand - Denix | R\u00e9plique Manga Cin\u00e9","og_description":"D\u00e9couvrez les Balles factices M1 Garand au meilleur prix - Tout en m\u00e9tal - Aucune charge explosive - Sachet de 5 balles - Hauteur : 8 cm - Poids : 37 g","og_url":"https:\/\/repliquemangacine.fr\/es\/denix\/balas-falsas-m1-garand-denix\/","og_site_name":"R\u00e9plique Manga Cin\u00e9","article_publisher":"https:\/\/www.facebook.com\/RepliqueMangaCine","article_modified_time":"2026-02-02T21:58:17+00:00","og_image":[{"width":800,"height":800,"url":"https:\/\/repliquemangacine.fr\/wp-content\/uploads\/2023\/10\/547-5-Balles-factices-pour-fusil-Garand.jpg","type":"image\/jpeg"}],"twitter_card":"summary_large_image","twitter_misc":{"Tiempo de lectura":"2 minutos"},"schema":{"@context":"https:\/\/schema.org","@graph":[{"@type":"WebPage","@id":"https:\/\/repliquemangacine.fr\/denix\/balles-factices-m1-garand-denix\/","url":"https:\/\/repliquemangacine.fr\/denix\/balles-factices-m1-garand-denix\/","name":"M1 Garand balas falsas - Denix | R\u00e9plique Manga Cin\u00e9","isPartOf":{"@id":"https:\/\/repliquemangacine.fr\/#website"},"primaryImageOfPage":{"@id":"https:\/\/repliquemangacine.fr\/denix\/balles-factices-m1-garand-denix\/#primaryimage"},"image":{"@id":"https:\/\/repliquemangacine.fr\/denix\/balles-factices-m1-garand-denix\/#primaryimage"},"thumbnailUrl":"https:\/\/repliquemangacine.fr\/wp-content\/uploads\/2023\/10\/547-5-Balles-factices-pour-fusil-Garand.jpg","datePublished":"2016-10-17T15:16:45+00:00","dateModified":"2026-02-02T21:58:17+00:00","description":"Descubra las balas ficticias Garand M1 al mejor precio - Completamente met\u00e1licas - Sin carga explosiva - Bolsa de 5 balas - Altura: 8 cm - Peso: 37 g","breadcrumb":{"@id":"https:\/\/repliquemangacine.fr\/denix\/balles-factices-m1-garand-denix\/#breadcrumb"},"inLanguage":"es","potentialAction":[{"@type":"ReadAction","target":["https:\/\/repliquemangacine.fr\/denix\/balles-factices-m1-garand-denix\/"]}]},{"@type":"ImageObject","inLanguage":"es","@id":"https:\/\/repliquemangacine.fr\/denix\/balles-factices-m1-garand-denix\/#primaryimage","url":"https:\/\/repliquemangacine.fr\/wp-content\/uploads\/2023\/10\/547-5-Balles-factices-pour-fusil-Garand.jpg","contentUrl":"https:\/\/repliquemangacine.fr\/wp-content\/uploads\/2023\/10\/547-5-Balles-factices-pour-fusil-Garand.jpg","width":800,"height":800,"caption":"5 Balles factices pour fusil Garand"},{"@type":"BreadcrumbList","@id":"https:\/\/repliquemangacine.fr\/denix\/balles-factices-m1-garand-denix\/#breadcrumb","itemListElement":[{"@type":"ListItem","position":1,"name":"Accueil","item":"https:\/\/repliquemangacine.fr\/"},{"@type":"ListItem","position":2,"name":"Produits","item":"https:\/\/repliquemangacine.fr\/boutique\/"},{"@type":"ListItem","position":3,"name":"Balles factices M1 Garand"}]},{"@type":"WebSite","@id":"https:\/\/repliquemangacine.fr\/#website","url":"https:\/\/repliquemangacine.fr\/","name":"R\u00e9plique Manga Cin\u00e9","description":"","publisher":{"@id":"https:\/\/repliquemangacine.fr\/#organization"},"potentialAction":[{"@type":"SearchAction","target":{"@type":"EntryPoint","urlTemplate":"https:\/\/repliquemangacine.fr\/?s={search_term_string}"},"query-input":{"@type":"PropertyValueSpecification","valueRequired":true,"valueName":"search_term_string"}}],"inLanguage":"es"},{"@type":"Organization","@id":"https:\/\/repliquemangacine.fr\/#organization","name":"R\u00e9plique Manga Cin\u00e9","url":"https:\/\/repliquemangacine.fr\/","logo":{"@type":"ImageObject","inLanguage":"es","@id":"https:\/\/repliquemangacine.fr\/#\/schema\/logo\/image\/","url":"https:\/\/repliquemangacine.fr\/wp-content\/uploads\/2023\/10\/RMC-500250.png","contentUrl":"https:\/\/repliquemangacine.fr\/wp-content\/uploads\/2023\/10\/RMC-500250.png","width":500,"height":250,"caption":"R\u00e9plique Manga Cin\u00e9"},"image":{"@id":"https:\/\/repliquemangacine.fr\/#\/schema\/logo\/image\/"},"sameAs":["https:\/\/www.facebook.com\/RepliqueMangaCine","https:\/\/www.instagram.com\/repliquemangacine.fr\/"]}]}},"_links":{"self":[{"href":"https:\/\/repliquemangacine.fr\/es\/wp-json\/wp\/v2\/product\/25802","targetHints":{"allow":["GET"]}}],"collection":[{"href":"https:\/\/repliquemangacine.fr\/es\/wp-json\/wp\/v2\/product"}],"about":[{"href":"https:\/\/repliquemangacine.fr\/es\/wp-json\/wp\/v2\/types\/product"}],"wp:featuredmedia":[{"embeddable":true,"href":"https:\/\/repliquemangacine.fr\/es\/wp-json\/wp\/v2\/media\/25803"}],"wp:attachment":[{"href":"https:\/\/repliquemangacine.fr\/es\/wp-json\/wp\/v2\/media?parent=25802"}],"wp:term":[{"taxonomy":"product_brand","embeddable":true,"href":"https:\/\/repliquemangacine.fr\/es\/wp-json\/wp\/v2\/product_brand?post=25802"},{"taxonomy":"product_cat","embeddable":true,"href":"https:\/\/repliquemangacine.fr\/es\/wp-json\/wp\/v2\/product_cat?post=25802"},{"taxonomy":"product_tag","embeddable":true,"href":"https:\/\/repliquemangacine.fr\/es\/wp-json\/wp\/v2\/product_tag?post=25802"}],"curies":[{"name":"wp","href":"https:\/\/api.w.org\/{rel}","templated":true}]}}