





{"id":25794,"date":"2016-10-17T16:23:53","date_gmt":"2016-10-17T14:23:53","guid":{"rendered":"https:\/\/repliquemangacine.fr\/?post_type=product&#038;p=25794"},"modified":"2026-04-21T10:20:22","modified_gmt":"2026-04-21T08:20:22","slug":"6-balas-falsas-con-cebos-denix","status":"publish","type":"product","link":"https:\/\/repliquemangacine.fr\/es\/holster-accessoires-western\/6-balles-factices-avec-amorces-denix\/","title":{"rendered":"Balas de prueba con cebadores - Denix"},"content":{"rendered":"<h2>R\u00e9plicas de balas de prueba con cebos Denix<\/h2>\n<p>Para empezar, el <strong>Balas de prueba con cebos<\/strong> Denix o imitaci\u00f3n de bala, un objeto que a veces imita, de forma muy realista, munici\u00f3n real. Las armas y balas falsas suelen ser juguetes o r\u00e9plicas destinadas a coleccionistas.<\/p>\n<p>Los rev\u00f3lveres Denix est\u00e1n hechos a mano y son de la m\u00e1xima calidad. Con simulador de mecanismo, carga y disparo.<\/p>\n<p>Las balas est\u00e1n fabricadas en acero macizo de color dorado. No hay peligro, estas balas falsas no contienen carga explosiva. A\u00f1ada un peque\u00f1o cebador en la parte trasera de la bala, cargue el ca\u00f1\u00f3n de su rev\u00f3lver y \u00a1dispare! \u00a1Sus fiestas country estar\u00e1n llenas de petardeos!<\/p>\n<p>En conclusi\u00f3n, las balas de fogueo son un complemento esencial para dar m\u00e1s realismo a tu rev\u00f3lver Colt de la marca Denix.<\/p>\n<h2>Tus accesorios western al mejor precio.<\/h2>\n<p>Ofrecemos una amplia gama de r\u00e9plicas de pistolas Denix.<\/p>\n<p>Lo primero y m\u00e1s importante,<\/p>\n<ul>\n<li>La reproducci\u00f3n de <a href=\"https:\/\/repliquemangacine.fr\/es\/rifle-winchester-western-country\/rifle-winchester-john-wayne-modelo-1892\/\">Rifle John Wayne<\/a> con sus iniciales en la culata y su gran palanca bajo guardia.<\/li>\n<li>As\u00ed como el <a href=\"https:\/\/repliquemangacine.fr\/es\/revolver-colts\/colt-peacemaker-acabado-jaspe-usa-1873\/\">Rev\u00f3lver Peacemaker<\/a> Ca\u00f1\u00f3n de 10,5 cm con acabado Denix Jasper.<\/li>\n<li>Tambi\u00e9n existe <a href=\"https:\/\/repliquemangacine.fr\/es\/funda-de-cinturon\/funda-de-cuero-para-pistola-kolser\/\">funda para rev\u00f3lver<\/a> todo en cuero flexible, con incre\u00edble realismo de Kolser.<\/li>\n<li>Y muchos m\u00e1s por descubrir en nuestra tienda en l\u00ednea.<\/li>\n<\/ul>\n<p>Por eso es una magn\u00edfica idea de regalo para todos los amantes de las armas hist\u00f3ricas.<\/p>\n<p>En conclusi\u00f3n, puede utilizar estos <strong>Balas de prueba con cebos<\/strong> para sus representaciones de Western Country.<\/p>\n<p>Ante todo, esta bola es una pieza de colecci\u00f3n y decoraci\u00f3n.<\/p>\n<p>R\u00e9plique Manga Cin\u00e9 es una empresa francesa y distribuidor oficial de la marca <a href=\"https:\/\/www.denix.fr\/\" target=\"_blank\" rel=\"noopener noreferrer\">Denix<\/a>.<\/p>","protected":false},"excerpt":{"rendered":"<p>Ideal para sus espect\u00e1culos del oeste.<\/p>\n<ul>\n<li>Lat\u00f3n, con capuch\u00f3n de percusi\u00f3n en la parte trasera.<\/li>\n<li>Estas balas no contienen carga explosiva.<\/li>\n<li>Reutilizable.<\/li>\n<li>Se adapta a todas las r\u00e9plicas de colts con ca\u00f1\u00f3n<\/li>\n<li><strong>excepto Schofield - rev\u00f3lveres Smith and Wesson y Python 357s.<\/strong><\/li>\n<li>Paquete de 6 bolas y 24 cebadores.<\/li>\n<\/ul>","protected":false},"featured_media":25795,"template":"","meta":[],"product_brand":[896],"product_cat":[51,34,102,90,28,27],"product_tag":[],"class_list":{"0":"post-25794","1":"product","2":"type-product","3":"status-publish","4":"has-post-thumbnail","6":"product_brand-replique-manga-cine","7":"product_cat-accessoires-western","8":"product_cat-armes-westerns","9":"product_cat-denix","10":"product_cat-holster-accessoires-western","11":"product_cat-repliques-darmes","12":"product_cat-armes-et-accessoires-western","14":"first","15":"instock","16":"taxable","17":"shipping-taxable","18":"purchasable","19":"product-type-simple"},"yoast_head":"<!-- This site is optimized with the Yoast SEO plugin v27.4 - https:\/\/yoast.com\/product\/yoast-seo-wordpress\/ -->\n<title>Balles factices avec amorces - Accessoires western Denix | RMC<\/title>\n<meta name=\"description\" content=\"Tirer et faite du bruit avec votre colt sans aucun danger avec les Balles factices avec amorces au meilleur prix - Sign\u00e9 Denix - Blister 6 balles.\" \/>\n<meta name=\"robots\" content=\"index, follow, max-snippet:-1, max-image-preview:large, max-video-preview:-1\" \/>\n<link rel=\"canonical\" href=\"https:\/\/repliquemangacine.fr\/es\/accesorios-western-funda\/6-balas-falsas-con-cebos-denix\/\" \/>\n<meta property=\"og:locale\" content=\"es_ES\" \/>\n<meta property=\"og:type\" content=\"article\" \/>\n<meta property=\"og:title\" content=\"Balles factices avec amorces - Accessoires western Denix | RMC\" \/>\n<meta property=\"og:description\" content=\"Tirer et faite du bruit avec votre colt sans aucun danger avec les Balles factices avec amorces au meilleur prix - Sign\u00e9 Denix - Blister 6 balles.\" \/>\n<meta property=\"og:url\" content=\"https:\/\/repliquemangacine.fr\/es\/accesorios-western-funda\/6-balas-falsas-con-cebos-denix\/\" \/>\n<meta property=\"og:site_name\" content=\"R\u00e9plique Manga Cin\u00e9\" \/>\n<meta property=\"article:publisher\" content=\"https:\/\/www.facebook.com\/RepliqueMangaCine\" \/>\n<meta property=\"article:modified_time\" content=\"2026-04-21T08:20:22+00:00\" \/>\n<meta property=\"og:image\" content=\"https:\/\/repliquemangacine.fr\/wp-content\/uploads\/2023\/10\/542-sachet-de-6-Balles-factices-avec-amorces-Denix.jpg\" \/>\n\t<meta property=\"og:image:width\" content=\"800\" \/>\n\t<meta property=\"og:image:height\" content=\"800\" \/>\n\t<meta property=\"og:image:type\" content=\"image\/jpeg\" \/>\n<meta name=\"twitter:card\" content=\"summary_large_image\" \/>\n<meta name=\"twitter:label1\" content=\"Tiempo de lectura\" \/>\n\t<meta name=\"twitter:data1\" content=\"2 minutos\" \/>\n<script type=\"application\/ld+json\" class=\"yoast-schema-graph\">{\"@context\":\"https:\\\/\\\/schema.org\",\"@graph\":[{\"@type\":\"WebPage\",\"@id\":\"https:\\\/\\\/repliquemangacine.fr\\\/holster-accessoires-western\\\/6-balles-factices-avec-amorces-denix\\\/\",\"url\":\"https:\\\/\\\/repliquemangacine.fr\\\/holster-accessoires-western\\\/6-balles-factices-avec-amorces-denix\\\/\",\"name\":\"Balles factices avec amorces - Accessoires western Denix | RMC\",\"isPartOf\":{\"@id\":\"https:\\\/\\\/repliquemangacine.fr\\\/#website\"},\"primaryImageOfPage\":{\"@id\":\"https:\\\/\\\/repliquemangacine.fr\\\/holster-accessoires-western\\\/6-balles-factices-avec-amorces-denix\\\/#primaryimage\"},\"image\":{\"@id\":\"https:\\\/\\\/repliquemangacine.fr\\\/holster-accessoires-western\\\/6-balles-factices-avec-amorces-denix\\\/#primaryimage\"},\"thumbnailUrl\":\"https:\\\/\\\/repliquemangacine.fr\\\/wp-content\\\/uploads\\\/2023\\\/10\\\/542-sachet-de-6-Balles-factices-avec-amorces-Denix.jpg\",\"datePublished\":\"2016-10-17T14:23:53+00:00\",\"dateModified\":\"2026-04-21T08:20:22+00:00\",\"description\":\"Tirer et faite du bruit avec votre colt sans aucun danger avec les Balles factices avec amorces au meilleur prix - Sign\u00e9 Denix - Blister 6 balles.\",\"breadcrumb\":{\"@id\":\"https:\\\/\\\/repliquemangacine.fr\\\/holster-accessoires-western\\\/6-balles-factices-avec-amorces-denix\\\/#breadcrumb\"},\"inLanguage\":\"es\",\"potentialAction\":[{\"@type\":\"ReadAction\",\"target\":[\"https:\\\/\\\/repliquemangacine.fr\\\/holster-accessoires-western\\\/6-balles-factices-avec-amorces-denix\\\/\"]}]},{\"@type\":\"ImageObject\",\"inLanguage\":\"es\",\"@id\":\"https:\\\/\\\/repliquemangacine.fr\\\/holster-accessoires-western\\\/6-balles-factices-avec-amorces-denix\\\/#primaryimage\",\"url\":\"https:\\\/\\\/repliquemangacine.fr\\\/wp-content\\\/uploads\\\/2023\\\/10\\\/542-sachet-de-6-Balles-factices-avec-amorces-Denix.jpg\",\"contentUrl\":\"https:\\\/\\\/repliquemangacine.fr\\\/wp-content\\\/uploads\\\/2023\\\/10\\\/542-sachet-de-6-Balles-factices-avec-amorces-Denix.jpg\",\"width\":800,\"height\":800,\"caption\":\"sachet de 6 Balles factices avec amorces - Denix...\"},{\"@type\":\"BreadcrumbList\",\"@id\":\"https:\\\/\\\/repliquemangacine.fr\\\/holster-accessoires-western\\\/6-balles-factices-avec-amorces-denix\\\/#breadcrumb\",\"itemListElement\":[{\"@type\":\"ListItem\",\"position\":1,\"name\":\"Accueil\",\"item\":\"https:\\\/\\\/repliquemangacine.fr\\\/\"},{\"@type\":\"ListItem\",\"position\":2,\"name\":\"Produits\",\"item\":\"https:\\\/\\\/repliquemangacine.fr\\\/boutique\\\/\"},{\"@type\":\"ListItem\",\"position\":3,\"name\":\"Balles factices avec amorces &#8211; Denix\"}]},{\"@type\":\"WebSite\",\"@id\":\"https:\\\/\\\/repliquemangacine.fr\\\/#website\",\"url\":\"https:\\\/\\\/repliquemangacine.fr\\\/\",\"name\":\"R\u00e9plique Manga Cin\u00e9\",\"description\":\"\",\"publisher\":{\"@id\":\"https:\\\/\\\/repliquemangacine.fr\\\/#organization\"},\"potentialAction\":[{\"@type\":\"SearchAction\",\"target\":{\"@type\":\"EntryPoint\",\"urlTemplate\":\"https:\\\/\\\/repliquemangacine.fr\\\/?s={search_term_string}\"},\"query-input\":{\"@type\":\"PropertyValueSpecification\",\"valueRequired\":true,\"valueName\":\"search_term_string\"}}],\"inLanguage\":\"es\"},{\"@type\":\"Organization\",\"@id\":\"https:\\\/\\\/repliquemangacine.fr\\\/#organization\",\"name\":\"R\u00e9plique Manga Cin\u00e9\",\"url\":\"https:\\\/\\\/repliquemangacine.fr\\\/\",\"logo\":{\"@type\":\"ImageObject\",\"inLanguage\":\"es\",\"@id\":\"https:\\\/\\\/repliquemangacine.fr\\\/#\\\/schema\\\/logo\\\/image\\\/\",\"url\":\"https:\\\/\\\/repliquemangacine.fr\\\/wp-content\\\/uploads\\\/2023\\\/10\\\/RMC-500250.png\",\"contentUrl\":\"https:\\\/\\\/repliquemangacine.fr\\\/wp-content\\\/uploads\\\/2023\\\/10\\\/RMC-500250.png\",\"width\":500,\"height\":250,\"caption\":\"R\u00e9plique Manga Cin\u00e9\"},\"image\":{\"@id\":\"https:\\\/\\\/repliquemangacine.fr\\\/#\\\/schema\\\/logo\\\/image\\\/\"},\"sameAs\":[\"https:\\\/\\\/www.facebook.com\\\/RepliqueMangaCine\",\"https:\\\/\\\/www.instagram.com\\\/repliquemangacine.fr\\\/\"]}]}<\/script>\n<!-- \/ Yoast SEO plugin. -->","yoast_head_json":{"title":"Balas de prueba con cebadores - Denix western accessories | RMC","description":"Dispara y haz ruido con tu Colt sin ning\u00fan peligro con las balas Dummy con cebadores al mejor precio - Firmado Denix - Blister 6 balas.","robots":{"index":"index","follow":"follow","max-snippet":"max-snippet:-1","max-image-preview":"max-image-preview:large","max-video-preview":"max-video-preview:-1"},"canonical":"https:\/\/repliquemangacine.fr\/es\/accesorios-western-funda\/6-balas-falsas-con-cebos-denix\/","og_locale":"es_ES","og_type":"article","og_title":"Balles factices avec amorces - Accessoires western Denix | RMC","og_description":"Tirer et faite du bruit avec votre colt sans aucun danger avec les Balles factices avec amorces au meilleur prix - Sign\u00e9 Denix - Blister 6 balles.","og_url":"https:\/\/repliquemangacine.fr\/es\/accesorios-western-funda\/6-balas-falsas-con-cebos-denix\/","og_site_name":"R\u00e9plique Manga Cin\u00e9","article_publisher":"https:\/\/www.facebook.com\/RepliqueMangaCine","article_modified_time":"2026-04-21T08:20:22+00:00","og_image":[{"width":800,"height":800,"url":"https:\/\/repliquemangacine.fr\/wp-content\/uploads\/2023\/10\/542-sachet-de-6-Balles-factices-avec-amorces-Denix.jpg","type":"image\/jpeg"}],"twitter_card":"summary_large_image","twitter_misc":{"Tiempo de lectura":"2 minutos"},"schema":{"@context":"https:\/\/schema.org","@graph":[{"@type":"WebPage","@id":"https:\/\/repliquemangacine.fr\/holster-accessoires-western\/6-balles-factices-avec-amorces-denix\/","url":"https:\/\/repliquemangacine.fr\/holster-accessoires-western\/6-balles-factices-avec-amorces-denix\/","name":"Balas de prueba con cebadores - Denix western accessories | RMC","isPartOf":{"@id":"https:\/\/repliquemangacine.fr\/#website"},"primaryImageOfPage":{"@id":"https:\/\/repliquemangacine.fr\/holster-accessoires-western\/6-balles-factices-avec-amorces-denix\/#primaryimage"},"image":{"@id":"https:\/\/repliquemangacine.fr\/holster-accessoires-western\/6-balles-factices-avec-amorces-denix\/#primaryimage"},"thumbnailUrl":"https:\/\/repliquemangacine.fr\/wp-content\/uploads\/2023\/10\/542-sachet-de-6-Balles-factices-avec-amorces-Denix.jpg","datePublished":"2016-10-17T14:23:53+00:00","dateModified":"2026-04-21T08:20:22+00:00","description":"Dispara y haz ruido con tu Colt sin ning\u00fan peligro con las balas Dummy con cebadores al mejor precio - Firmado Denix - Blister 6 balas.","breadcrumb":{"@id":"https:\/\/repliquemangacine.fr\/holster-accessoires-western\/6-balles-factices-avec-amorces-denix\/#breadcrumb"},"inLanguage":"es","potentialAction":[{"@type":"ReadAction","target":["https:\/\/repliquemangacine.fr\/holster-accessoires-western\/6-balles-factices-avec-amorces-denix\/"]}]},{"@type":"ImageObject","inLanguage":"es","@id":"https:\/\/repliquemangacine.fr\/holster-accessoires-western\/6-balles-factices-avec-amorces-denix\/#primaryimage","url":"https:\/\/repliquemangacine.fr\/wp-content\/uploads\/2023\/10\/542-sachet-de-6-Balles-factices-avec-amorces-Denix.jpg","contentUrl":"https:\/\/repliquemangacine.fr\/wp-content\/uploads\/2023\/10\/542-sachet-de-6-Balles-factices-avec-amorces-Denix.jpg","width":800,"height":800,"caption":"sachet de 6 Balles factices avec amorces - Denix..."},{"@type":"BreadcrumbList","@id":"https:\/\/repliquemangacine.fr\/holster-accessoires-western\/6-balles-factices-avec-amorces-denix\/#breadcrumb","itemListElement":[{"@type":"ListItem","position":1,"name":"Accueil","item":"https:\/\/repliquemangacine.fr\/"},{"@type":"ListItem","position":2,"name":"Produits","item":"https:\/\/repliquemangacine.fr\/boutique\/"},{"@type":"ListItem","position":3,"name":"Balles factices avec amorces &#8211; Denix"}]},{"@type":"WebSite","@id":"https:\/\/repliquemangacine.fr\/#website","url":"https:\/\/repliquemangacine.fr\/","name":"R\u00e9plique Manga Cin\u00e9","description":"","publisher":{"@id":"https:\/\/repliquemangacine.fr\/#organization"},"potentialAction":[{"@type":"SearchAction","target":{"@type":"EntryPoint","urlTemplate":"https:\/\/repliquemangacine.fr\/?s={search_term_string}"},"query-input":{"@type":"PropertyValueSpecification","valueRequired":true,"valueName":"search_term_string"}}],"inLanguage":"es"},{"@type":"Organization","@id":"https:\/\/repliquemangacine.fr\/#organization","name":"R\u00e9plique Manga Cin\u00e9","url":"https:\/\/repliquemangacine.fr\/","logo":{"@type":"ImageObject","inLanguage":"es","@id":"https:\/\/repliquemangacine.fr\/#\/schema\/logo\/image\/","url":"https:\/\/repliquemangacine.fr\/wp-content\/uploads\/2023\/10\/RMC-500250.png","contentUrl":"https:\/\/repliquemangacine.fr\/wp-content\/uploads\/2023\/10\/RMC-500250.png","width":500,"height":250,"caption":"R\u00e9plique Manga Cin\u00e9"},"image":{"@id":"https:\/\/repliquemangacine.fr\/#\/schema\/logo\/image\/"},"sameAs":["https:\/\/www.facebook.com\/RepliqueMangaCine","https:\/\/www.instagram.com\/repliquemangacine.fr\/"]}]}},"_links":{"self":[{"href":"https:\/\/repliquemangacine.fr\/es\/wp-json\/wp\/v2\/product\/25794","targetHints":{"allow":["GET"]}}],"collection":[{"href":"https:\/\/repliquemangacine.fr\/es\/wp-json\/wp\/v2\/product"}],"about":[{"href":"https:\/\/repliquemangacine.fr\/es\/wp-json\/wp\/v2\/types\/product"}],"wp:featuredmedia":[{"embeddable":true,"href":"https:\/\/repliquemangacine.fr\/es\/wp-json\/wp\/v2\/media\/25795"}],"wp:attachment":[{"href":"https:\/\/repliquemangacine.fr\/es\/wp-json\/wp\/v2\/media?parent=25794"}],"wp:term":[{"taxonomy":"product_brand","embeddable":true,"href":"https:\/\/repliquemangacine.fr\/es\/wp-json\/wp\/v2\/product_brand?post=25794"},{"taxonomy":"product_cat","embeddable":true,"href":"https:\/\/repliquemangacine.fr\/es\/wp-json\/wp\/v2\/product_cat?post=25794"},{"taxonomy":"product_tag","embeddable":true,"href":"https:\/\/repliquemangacine.fr\/es\/wp-json\/wp\/v2\/product_tag?post=25794"}],"curies":[{"name":"wp","href":"https:\/\/api.w.org\/{rel}","templated":true}]}}