





{"id":25786,"date":"2016-10-17T14:56:01","date_gmt":"2016-10-17T12:56:01","guid":{"rendered":"https:\/\/repliquemangacine.fr\/?post_type=product&#038;p=25786"},"modified":"2026-04-20T00:33:31","modified_gmt":"2026-04-19T22:33:31","slug":"bala-ficticia-para-ak47-denix","status":"publish","type":"product","link":"https:\/\/repliquemangacine.fr\/es\/fusil-d-assaut-fusil-moderne\/balle-factice-pour-ak47-denix\/","title":{"rendered":"Bala de prueba para AK47"},"content":{"rendered":"<h2>Bala simulada para AK47 - Denix<\/h2>\n<p>Para empezar, la bala falsa para AK47 Denix o imitaci\u00f3n de bala es un objeto que imita, a veces de forma muy realista, munici\u00f3n real. Las armas y balas falsas suelen ser juguetes o r\u00e9plicas destinadas a coleccionistas.<\/p>\n<p>El AK-47, acr\u00f3nimo de Avtomat Kalashnikova modelo 1947. Dise\u00f1ado en 1942 por Mikhail Kalashnikov, combatiente ruso durante la Segunda Guerra Mundial.  De todas las armas de fuego existentes en el mundo en la \u00e9poca de su creaci\u00f3n, el AK-47 es una de las m\u00e1s fiables. Existe en versi\u00f3n para y versi\u00f3n Gold.<\/p>\n<p>En conclusi\u00f3n, las balas de prueba son un complemento esencial para que su Denix Winchester sea a\u00fan m\u00e1s realista.<\/p>\n<h2>Su AK47 bala simulada al mejor precio.<\/h2>\n<p>Ofrecemos una amplia gama de r\u00e9plicas de pistolas Denix.<\/p>\n<p>Lo primero y m\u00e1s importante,<\/p>\n<ul>\n<li>Id\u00e9ntica al original, esta reproducci\u00f3n del l'<a href=\"https:\/\/repliquemangacine.fr\/es\/reproducciones-darmes\/replica-fusil-de-asalto-ak47-oro-denix\/\">AK-47 Kalashnikov<\/a> en su versi\u00f3n Gold.<\/li>\n<li>Estrictamente id\u00e9ntica al original, esta reproducci\u00f3n del l'<a href=\"https:\/\/repliquemangacine.fr\/es\/fusil-moderno\/ak-47-s-kalachnichov-para\/\">AK47-S Kalashnikov versi\u00f3n Para<\/a>.<\/li>\n<li>Tambi\u00e9n est\u00e1 la pistola ametralladora <a href=\"https:\/\/repliquemangacine.fr\/es\/reproducciones-darmes\/subametralladora-mp40\/\">Subametralladora MP40<\/a>.<\/li>\n<li>Y muchos m\u00e1s por descubrir en nuestra tienda en l\u00ednea.<\/li>\n<\/ul>\n<p>Por eso es una magn\u00edfica idea de regalo para todos los amantes de las armas hist\u00f3ricas.<\/p>\n<p>En conclusi\u00f3n, puede utilizar esta <strong>Bala de prueba para AK47<\/strong> Denix para sus recreaciones y decorados hist\u00f3ricos. Pero, ante todo, esta arma es una pieza de colecci\u00f3n y decoraci\u00f3n.<\/p>\n<p>R\u00e9plique Manga Cin\u00e9 es una empresa francesa y distribuidor oficial de la marca <a href=\"https:\/\/www.denix.fr\/fr\/catalogue\/armes-modernes-1945-1982\/balles\/55\/\" target=\"_blank\" rel=\"noopener noreferrer\">Denix<\/a>.<\/p>\n<h2>\u00bfC\u00f3mo se fabrican las r\u00e9plicas de armas Denix?<\/h2>\n<p>Utilizadas en recreaciones hist\u00f3ricas, pel\u00edculas, series y por coleccionistas. Las reproducciones Denix est\u00e1n fabricadas con materiales de alta calidad. Cuidadosamente elaboradas y ensambladas para crear armas de colecci\u00f3n realistas.<\/p>\n<ul>\n<li>Los metales se encuentran en una aleaci\u00f3n met\u00e1lica conocida como Zamac, cuya composici\u00f3n b\u00e1sica es zinc en 95%.<\/li>\n<li>Las piezas de pl\u00e1stico de las r\u00e9plicas son de ABS moldeado, que ofrece una gran resistencia.<\/li>\n<li>Las maderas elegidas por su belleza y durabilidad, como la caoba, el olivo o el nogal, dar\u00e1n a sus culatas y barricas un aspecto elegante y aut\u00e9ntico.<\/li>\n<\/ul>\n<p>Cabe se\u00f1alar que todas las reproducciones Denix son id\u00e9nticas a los originales, como su <strong>Bala de prueba para AK47<\/strong>.<\/p>","protected":false},"excerpt":{"rendered":"<p>Las balas de prueba son un complemento esencial para que tus rifles Denix AK47 sean a\u00fan m\u00e1s realistas.<\/p>\n<ul>\n<li>Fabricado \u00edntegramente en metal chapado en oro.<\/li>\n<li>Sin carga explosiva.<\/li>\n<li>Se adapta a los modelos AK47: P1086-P1097<\/li>\n<li>Envasado en bolsas de 6 balas.<\/li>\n<li>Dimensiones: 4,9 cm - Peso: 15 g<\/li>\n<\/ul>\n<p>&nbsp;<\/p>","protected":false},"featured_media":25787,"template":"","meta":[],"product_brand":[896],"product_cat":[102,46,28],"product_tag":[],"class_list":{"0":"post-25786","1":"product","2":"type-product","3":"status-publish","4":"has-post-thumbnail","6":"product_brand-replique-manga-cine","7":"product_cat-denix","8":"product_cat-fusil-d-assaut-fusil-moderne","9":"product_cat-repliques-darmes","11":"first","12":"outofstock","13":"taxable","14":"shipping-taxable","15":"purchasable","16":"product-type-simple"},"yoast_head":"<!-- This site is optimized with the Yoast SEO plugin v27.4 - https:\/\/yoast.com\/product\/yoast-seo-wordpress\/ -->\n<title>Balle factice pour AK47 - Vente d&#039;Accessoire Militaria Denix | RMC<\/title>\n<meta name=\"description\" content=\"D\u00e9couvrez la Balle factice pour AK47 de Denix au meilleur prix - En m\u00e9tal - Aucune charge explosive - Sachet de 6 balles - Hauteur : 4.9 cm - Poids : 15 g\" \/>\n<meta name=\"robots\" content=\"index, follow, max-snippet:-1, max-image-preview:large, max-video-preview:-1\" \/>\n<link rel=\"canonical\" href=\"https:\/\/repliquemangacine.fr\/es\/denix\/bala-ficticia-para-ak47-denix\/\" \/>\n<meta property=\"og:locale\" content=\"es_ES\" \/>\n<meta property=\"og:type\" content=\"article\" \/>\n<meta property=\"og:title\" content=\"Balle factice pour AK47 - Vente d&#039;Accessoire Militaria Denix | RMC\" \/>\n<meta property=\"og:description\" content=\"D\u00e9couvrez la Balle factice pour AK47 de Denix au meilleur prix - En m\u00e9tal - Aucune charge explosive - Sachet de 6 balles - Hauteur : 4.9 cm - Poids : 15 g\" \/>\n<meta property=\"og:url\" content=\"https:\/\/repliquemangacine.fr\/es\/denix\/bala-ficticia-para-ak47-denix\/\" \/>\n<meta property=\"og:site_name\" content=\"R\u00e9plique Manga Cin\u00e9\" \/>\n<meta property=\"article:publisher\" content=\"https:\/\/www.facebook.com\/RepliqueMangaCine\" \/>\n<meta property=\"article:modified_time\" content=\"2026-04-19T22:33:31+00:00\" \/>\n<meta property=\"og:image\" content=\"https:\/\/repliquemangacine.fr\/wp-content\/uploads\/2023\/10\/540-6-Balles-factices-pour-AK47.jpg\" \/>\n\t<meta property=\"og:image:width\" content=\"800\" \/>\n\t<meta property=\"og:image:height\" content=\"800\" \/>\n\t<meta property=\"og:image:type\" content=\"image\/jpeg\" \/>\n<meta name=\"twitter:card\" content=\"summary_large_image\" \/>\n<meta name=\"twitter:label1\" content=\"Tiempo de lectura\" \/>\n\t<meta name=\"twitter:data1\" content=\"2 minutos\" \/>\n<script type=\"application\/ld+json\" class=\"yoast-schema-graph\">{\"@context\":\"https:\\\/\\\/schema.org\",\"@graph\":[{\"@type\":\"WebPage\",\"@id\":\"https:\\\/\\\/repliquemangacine.fr\\\/denix\\\/balle-factice-pour-ak47-denix\\\/\",\"url\":\"https:\\\/\\\/repliquemangacine.fr\\\/denix\\\/balle-factice-pour-ak47-denix\\\/\",\"name\":\"Balle factice pour AK47 - Vente d'Accessoire Militaria Denix | RMC\",\"isPartOf\":{\"@id\":\"https:\\\/\\\/repliquemangacine.fr\\\/#website\"},\"primaryImageOfPage\":{\"@id\":\"https:\\\/\\\/repliquemangacine.fr\\\/denix\\\/balle-factice-pour-ak47-denix\\\/#primaryimage\"},\"image\":{\"@id\":\"https:\\\/\\\/repliquemangacine.fr\\\/denix\\\/balle-factice-pour-ak47-denix\\\/#primaryimage\"},\"thumbnailUrl\":\"https:\\\/\\\/repliquemangacine.fr\\\/wp-content\\\/uploads\\\/2023\\\/10\\\/540-6-Balles-factices-pour-AK47.jpg\",\"datePublished\":\"2016-10-17T12:56:01+00:00\",\"dateModified\":\"2026-04-19T22:33:31+00:00\",\"description\":\"D\u00e9couvrez la Balle factice pour AK47 de Denix au meilleur prix - En m\u00e9tal - Aucune charge explosive - Sachet de 6 balles - Hauteur : 4.9 cm - Poids : 15 g\",\"breadcrumb\":{\"@id\":\"https:\\\/\\\/repliquemangacine.fr\\\/denix\\\/balle-factice-pour-ak47-denix\\\/#breadcrumb\"},\"inLanguage\":\"es\",\"potentialAction\":[{\"@type\":\"ReadAction\",\"target\":[\"https:\\\/\\\/repliquemangacine.fr\\\/denix\\\/balle-factice-pour-ak47-denix\\\/\"]}]},{\"@type\":\"ImageObject\",\"inLanguage\":\"es\",\"@id\":\"https:\\\/\\\/repliquemangacine.fr\\\/denix\\\/balle-factice-pour-ak47-denix\\\/#primaryimage\",\"url\":\"https:\\\/\\\/repliquemangacine.fr\\\/wp-content\\\/uploads\\\/2023\\\/10\\\/540-6-Balles-factices-pour-AK47.jpg\",\"contentUrl\":\"https:\\\/\\\/repliquemangacine.fr\\\/wp-content\\\/uploads\\\/2023\\\/10\\\/540-6-Balles-factices-pour-AK47.jpg\",\"width\":800,\"height\":800,\"caption\":\"Balle factice pour AK47 denix lot de 6 balles\"},{\"@type\":\"BreadcrumbList\",\"@id\":\"https:\\\/\\\/repliquemangacine.fr\\\/denix\\\/balle-factice-pour-ak47-denix\\\/#breadcrumb\",\"itemListElement\":[{\"@type\":\"ListItem\",\"position\":1,\"name\":\"Accueil\",\"item\":\"https:\\\/\\\/repliquemangacine.fr\\\/\"},{\"@type\":\"ListItem\",\"position\":2,\"name\":\"Produits\",\"item\":\"https:\\\/\\\/repliquemangacine.fr\\\/boutique\\\/\"},{\"@type\":\"ListItem\",\"position\":3,\"name\":\"Balle factice pour AK47\"}]},{\"@type\":\"WebSite\",\"@id\":\"https:\\\/\\\/repliquemangacine.fr\\\/#website\",\"url\":\"https:\\\/\\\/repliquemangacine.fr\\\/\",\"name\":\"R\u00e9plique Manga Cin\u00e9\",\"description\":\"\",\"publisher\":{\"@id\":\"https:\\\/\\\/repliquemangacine.fr\\\/#organization\"},\"potentialAction\":[{\"@type\":\"SearchAction\",\"target\":{\"@type\":\"EntryPoint\",\"urlTemplate\":\"https:\\\/\\\/repliquemangacine.fr\\\/?s={search_term_string}\"},\"query-input\":{\"@type\":\"PropertyValueSpecification\",\"valueRequired\":true,\"valueName\":\"search_term_string\"}}],\"inLanguage\":\"es\"},{\"@type\":\"Organization\",\"@id\":\"https:\\\/\\\/repliquemangacine.fr\\\/#organization\",\"name\":\"R\u00e9plique Manga Cin\u00e9\",\"url\":\"https:\\\/\\\/repliquemangacine.fr\\\/\",\"logo\":{\"@type\":\"ImageObject\",\"inLanguage\":\"es\",\"@id\":\"https:\\\/\\\/repliquemangacine.fr\\\/#\\\/schema\\\/logo\\\/image\\\/\",\"url\":\"https:\\\/\\\/repliquemangacine.fr\\\/wp-content\\\/uploads\\\/2023\\\/10\\\/RMC-500250.png\",\"contentUrl\":\"https:\\\/\\\/repliquemangacine.fr\\\/wp-content\\\/uploads\\\/2023\\\/10\\\/RMC-500250.png\",\"width\":500,\"height\":250,\"caption\":\"R\u00e9plique Manga Cin\u00e9\"},\"image\":{\"@id\":\"https:\\\/\\\/repliquemangacine.fr\\\/#\\\/schema\\\/logo\\\/image\\\/\"},\"sameAs\":[\"https:\\\/\\\/www.facebook.com\\\/RepliqueMangaCine\",\"https:\\\/\\\/www.instagram.com\\\/repliquemangacine.fr\\\/\"]}]}<\/script>\n<!-- \/ Yoast SEO plugin. -->","yoast_head_json":{"title":"Bala simulada para AK47 - Venta de Accesorios Militares Denix | RMC","description":"Descubra la bala simulada Denix AK47 al mejor precio - Metal - Sin carga explosiva - Pack de 6 balas - Altura: 4,9 cm - Peso: 15 g","robots":{"index":"index","follow":"follow","max-snippet":"max-snippet:-1","max-image-preview":"max-image-preview:large","max-video-preview":"max-video-preview:-1"},"canonical":"https:\/\/repliquemangacine.fr\/es\/denix\/bala-ficticia-para-ak47-denix\/","og_locale":"es_ES","og_type":"article","og_title":"Balle factice pour AK47 - Vente d'Accessoire Militaria Denix | RMC","og_description":"D\u00e9couvrez la Balle factice pour AK47 de Denix au meilleur prix - En m\u00e9tal - Aucune charge explosive - Sachet de 6 balles - Hauteur : 4.9 cm - Poids : 15 g","og_url":"https:\/\/repliquemangacine.fr\/es\/denix\/bala-ficticia-para-ak47-denix\/","og_site_name":"R\u00e9plique Manga Cin\u00e9","article_publisher":"https:\/\/www.facebook.com\/RepliqueMangaCine","article_modified_time":"2026-04-19T22:33:31+00:00","og_image":[{"width":800,"height":800,"url":"https:\/\/repliquemangacine.fr\/wp-content\/uploads\/2023\/10\/540-6-Balles-factices-pour-AK47.jpg","type":"image\/jpeg"}],"twitter_card":"summary_large_image","twitter_misc":{"Tiempo de lectura":"2 minutos"},"schema":{"@context":"https:\/\/schema.org","@graph":[{"@type":"WebPage","@id":"https:\/\/repliquemangacine.fr\/denix\/balle-factice-pour-ak47-denix\/","url":"https:\/\/repliquemangacine.fr\/denix\/balle-factice-pour-ak47-denix\/","name":"Bala simulada para AK47 - Venta de Accesorios Militares Denix | RMC","isPartOf":{"@id":"https:\/\/repliquemangacine.fr\/#website"},"primaryImageOfPage":{"@id":"https:\/\/repliquemangacine.fr\/denix\/balle-factice-pour-ak47-denix\/#primaryimage"},"image":{"@id":"https:\/\/repliquemangacine.fr\/denix\/balle-factice-pour-ak47-denix\/#primaryimage"},"thumbnailUrl":"https:\/\/repliquemangacine.fr\/wp-content\/uploads\/2023\/10\/540-6-Balles-factices-pour-AK47.jpg","datePublished":"2016-10-17T12:56:01+00:00","dateModified":"2026-04-19T22:33:31+00:00","description":"Descubra la bala simulada Denix AK47 al mejor precio - Metal - Sin carga explosiva - Pack de 6 balas - Altura: 4,9 cm - Peso: 15 g","breadcrumb":{"@id":"https:\/\/repliquemangacine.fr\/denix\/balle-factice-pour-ak47-denix\/#breadcrumb"},"inLanguage":"es","potentialAction":[{"@type":"ReadAction","target":["https:\/\/repliquemangacine.fr\/denix\/balle-factice-pour-ak47-denix\/"]}]},{"@type":"ImageObject","inLanguage":"es","@id":"https:\/\/repliquemangacine.fr\/denix\/balle-factice-pour-ak47-denix\/#primaryimage","url":"https:\/\/repliquemangacine.fr\/wp-content\/uploads\/2023\/10\/540-6-Balles-factices-pour-AK47.jpg","contentUrl":"https:\/\/repliquemangacine.fr\/wp-content\/uploads\/2023\/10\/540-6-Balles-factices-pour-AK47.jpg","width":800,"height":800,"caption":"Balle factice pour AK47 denix lot de 6 balles"},{"@type":"BreadcrumbList","@id":"https:\/\/repliquemangacine.fr\/denix\/balle-factice-pour-ak47-denix\/#breadcrumb","itemListElement":[{"@type":"ListItem","position":1,"name":"Accueil","item":"https:\/\/repliquemangacine.fr\/"},{"@type":"ListItem","position":2,"name":"Produits","item":"https:\/\/repliquemangacine.fr\/boutique\/"},{"@type":"ListItem","position":3,"name":"Balle factice pour AK47"}]},{"@type":"WebSite","@id":"https:\/\/repliquemangacine.fr\/#website","url":"https:\/\/repliquemangacine.fr\/","name":"R\u00e9plique Manga Cin\u00e9","description":"","publisher":{"@id":"https:\/\/repliquemangacine.fr\/#organization"},"potentialAction":[{"@type":"SearchAction","target":{"@type":"EntryPoint","urlTemplate":"https:\/\/repliquemangacine.fr\/?s={search_term_string}"},"query-input":{"@type":"PropertyValueSpecification","valueRequired":true,"valueName":"search_term_string"}}],"inLanguage":"es"},{"@type":"Organization","@id":"https:\/\/repliquemangacine.fr\/#organization","name":"R\u00e9plique Manga Cin\u00e9","url":"https:\/\/repliquemangacine.fr\/","logo":{"@type":"ImageObject","inLanguage":"es","@id":"https:\/\/repliquemangacine.fr\/#\/schema\/logo\/image\/","url":"https:\/\/repliquemangacine.fr\/wp-content\/uploads\/2023\/10\/RMC-500250.png","contentUrl":"https:\/\/repliquemangacine.fr\/wp-content\/uploads\/2023\/10\/RMC-500250.png","width":500,"height":250,"caption":"R\u00e9plique Manga Cin\u00e9"},"image":{"@id":"https:\/\/repliquemangacine.fr\/#\/schema\/logo\/image\/"},"sameAs":["https:\/\/www.facebook.com\/RepliqueMangaCine","https:\/\/www.instagram.com\/repliquemangacine.fr\/"]}]}},"_links":{"self":[{"href":"https:\/\/repliquemangacine.fr\/es\/wp-json\/wp\/v2\/product\/25786","targetHints":{"allow":["GET"]}}],"collection":[{"href":"https:\/\/repliquemangacine.fr\/es\/wp-json\/wp\/v2\/product"}],"about":[{"href":"https:\/\/repliquemangacine.fr\/es\/wp-json\/wp\/v2\/types\/product"}],"wp:featuredmedia":[{"embeddable":true,"href":"https:\/\/repliquemangacine.fr\/es\/wp-json\/wp\/v2\/media\/25787"}],"wp:attachment":[{"href":"https:\/\/repliquemangacine.fr\/es\/wp-json\/wp\/v2\/media?parent=25786"}],"wp:term":[{"taxonomy":"product_brand","embeddable":true,"href":"https:\/\/repliquemangacine.fr\/es\/wp-json\/wp\/v2\/product_brand?post=25786"},{"taxonomy":"product_cat","embeddable":true,"href":"https:\/\/repliquemangacine.fr\/es\/wp-json\/wp\/v2\/product_cat?post=25786"},{"taxonomy":"product_tag","embeddable":true,"href":"https:\/\/repliquemangacine.fr\/es\/wp-json\/wp\/v2\/product_tag?post=25786"}],"curies":[{"name":"wp","href":"https:\/\/api.w.org\/{rel}","templated":true}]}}