





{"id":25782,"date":"2016-10-12T20:00:38","date_gmt":"2016-10-12T18:00:38","guid":{"rendered":"https:\/\/repliquemangacine.fr\/?post_type=product&#038;p=25782"},"modified":"2026-03-14T18:41:24","modified_gmt":"2026-03-14T17:41:24","slug":"estrella-gran-sheriff-condado-insignia-pin-2","status":"publish","type":"product","link":"https:\/\/repliquemangacine.fr\/es\/holster-accessoires-western\/etoile-grand-sheriff-county-insigne-broche-2\/","title":{"rendered":"Gran Sheriff County Star"},"content":{"rendered":"<h2>Gran Sheriff County Star<\/h2>\n<p>Para empezar, el<strong>Gran estrella del condado de Sheriff,<\/strong> de metal decorado, el accesorio indispensable para tu disfraz de western.<\/p>\n<p>Un distintivo es una marca distintiva de pertenencia a un grupo, un rango o una funci\u00f3n.<\/p>\n<p>En singular, insignia suele referirse al elemento principal, generalmente met\u00e1lico o textil. En plural, insignia se refiere a todas las partes de una condecoraci\u00f3n, o a los distintos elementos que componen un rango, grado o dignidad.<\/p>\n<p>En Estados Unidos, un sheriff es un funcionario electo responsable de la justicia a nivel de condado. Cada estado est\u00e1 dividido en condados (excepto Alaska y Luisiana), que incluyen una serie de municipios. El sheriff es una especie de ministro de la ley y el orden en el condado. Es responsable de las prisiones del condado, de los tribunales civiles y de hacer cumplir las leyes y reglamentos.<\/p>\n<h2>Tus accesorios western al mejor precio.<\/h2>\n<p>Ofrecemos una amplia gama de reproducciones de accesorios del Oeste.<\/p>\n<p>Lo primero y m\u00e1s importante,<\/p>\n<ul>\n<li>Este <a href=\"https:\/\/repliquemangacine.fr\/es\/funda-de-cinturon\/funda-de-cuero-para-pistola-kolser\/\">Funda de cintur\u00f3n Kolser<\/a> para sus collares de sheriff para completar su disfraz.<\/li>\n<li>As\u00ed como <a href=\"https:\/\/repliquemangacine.fr\/es\/accesorios-para-fundas\/6-balles-factices-pour-colt-western-denix\/\">balas falsas<\/a> para acompa\u00f1ar a su rev\u00f3lver.<\/li>\n<li>Tambi\u00e9n hay soportes de madera para exponer su Colt.<\/li>\n<li>Y muchos m\u00e1s por descubrir en nuestra tienda en l\u00ednea.<\/li>\n<\/ul>\n<p>Por eso hemos pensado en algunas ideas para regalar a los aficionados a la historia.<\/p>\n<p>En conclusi\u00f3n, tambi\u00e9n puede utilizar este <strong>Gran Sheriff County Star<\/strong> para sus veladas campestres. Pero, sobre todo, este broche es una pieza decorativa de coleccionista.<\/p>\n<p>R\u00e9plique Manga Cin\u00e9 es una empresa familiar francesa. Distribuidor oficial de la marca <a href=\"https:\/\/www.denix.fr\/fr\/catalogue\/guerre-civile-occidentale-et-americaine-1861-1899\/plaques\/113-l\/\" target=\"_blank\" rel=\"noopener noreferrer\">Denix<\/a>.<\/p>","protected":false},"excerpt":{"rendered":"<p>El Gran Sheriff County Star es el accesorio esencial para tu disfraz del Oeste.<\/p>\n<ul>\n<li>Este broche insignia est\u00e1 hecho de metal envejecido.<\/li>\n<li>Dise\u00f1o muy sofisticado.<\/li>\n<li>Decoraciones en cada una de las seis ramas.<\/li>\n<li>Grabado en el centro de la inscripci\u00f3n Condado de Grand Sh\u00e9riff.<\/li>\n<li>Dimensiones: 6,9 cm - Peso: 18 grs<\/li>\n<\/ul>","protected":false},"featured_media":25783,"template":"","meta":[],"product_brand":[896],"product_cat":[51,102,90,28,27],"product_tag":[],"class_list":{"0":"post-25782","1":"product","2":"type-product","3":"status-publish","4":"has-post-thumbnail","6":"product_brand-replique-manga-cine","7":"product_cat-accessoires-western","8":"product_cat-denix","9":"product_cat-holster-accessoires-western","10":"product_cat-repliques-darmes","11":"product_cat-armes-et-accessoires-western","13":"first","14":"instock","15":"taxable","16":"shipping-taxable","17":"purchasable","18":"product-type-simple"},"yoast_head":"<!-- This site is optimized with the Yoast SEO plugin v27.4 - https:\/\/yoast.com\/product\/yoast-seo-wordpress\/ -->\n<title>\u00c9toile Grand Sh\u00e9riff County - Accessoires Western Country | RMC<\/title>\n<meta name=\"description\" content=\"Offrez-vous ! Cette \u00c9toile Grand Sh\u00e9riff County au meilleur prix - Insigne en m\u00e9tal - Broche grav\u00e9e aux superbes finitions - 6.9 cm\" \/>\n<meta name=\"robots\" content=\"index, follow, max-snippet:-1, max-image-preview:large, max-video-preview:-1\" \/>\n<link rel=\"canonical\" href=\"https:\/\/repliquemangacine.fr\/es\/accesorios-western-funda\/estrella-gran-sheriff-condado-insignia-pin-2\/\" \/>\n<meta property=\"og:locale\" content=\"es_ES\" \/>\n<meta property=\"og:type\" content=\"article\" \/>\n<meta property=\"og:title\" content=\"\u00c9toile Grand Sh\u00e9riff County - Accessoires Western Country | RMC\" \/>\n<meta property=\"og:description\" content=\"Offrez-vous ! Cette \u00c9toile Grand Sh\u00e9riff County au meilleur prix - Insigne en m\u00e9tal - Broche grav\u00e9e aux superbes finitions - 6.9 cm\" \/>\n<meta property=\"og:url\" content=\"https:\/\/repliquemangacine.fr\/es\/accesorios-western-funda\/estrella-gran-sheriff-condado-insignia-pin-2\/\" \/>\n<meta property=\"og:site_name\" content=\"R\u00e9plique Manga Cin\u00e9\" \/>\n<meta property=\"article:publisher\" content=\"https:\/\/www.facebook.com\/RepliqueMangaCine\" \/>\n<meta property=\"article:modified_time\" content=\"2026-03-14T17:41:24+00:00\" \/>\n<meta property=\"og:image\" content=\"https:\/\/repliquemangacine.fr\/wp-content\/uploads\/2023\/10\/534-Etoile-Grand-Sheriff-County-Insigne-Broche.jpg\" \/>\n\t<meta property=\"og:image:width\" content=\"800\" \/>\n\t<meta property=\"og:image:height\" content=\"800\" \/>\n\t<meta property=\"og:image:type\" content=\"image\/jpeg\" \/>\n<meta name=\"twitter:card\" content=\"summary_large_image\" \/>\n<meta name=\"twitter:label1\" content=\"Tiempo de lectura\" \/>\n\t<meta name=\"twitter:data1\" content=\"2 minutos\" \/>\n<script type=\"application\/ld+json\" class=\"yoast-schema-graph\">{\"@context\":\"https:\\\/\\\/schema.org\",\"@graph\":[{\"@type\":\"WebPage\",\"@id\":\"https:\\\/\\\/repliquemangacine.fr\\\/holster-accessoires-western\\\/etoile-grand-sheriff-county-insigne-broche-2\\\/\",\"url\":\"https:\\\/\\\/repliquemangacine.fr\\\/holster-accessoires-western\\\/etoile-grand-sheriff-county-insigne-broche-2\\\/\",\"name\":\"\u00c9toile Grand Sh\u00e9riff County - Accessoires Western Country | RMC\",\"isPartOf\":{\"@id\":\"https:\\\/\\\/repliquemangacine.fr\\\/#website\"},\"primaryImageOfPage\":{\"@id\":\"https:\\\/\\\/repliquemangacine.fr\\\/holster-accessoires-western\\\/etoile-grand-sheriff-county-insigne-broche-2\\\/#primaryimage\"},\"image\":{\"@id\":\"https:\\\/\\\/repliquemangacine.fr\\\/holster-accessoires-western\\\/etoile-grand-sheriff-county-insigne-broche-2\\\/#primaryimage\"},\"thumbnailUrl\":\"https:\\\/\\\/repliquemangacine.fr\\\/wp-content\\\/uploads\\\/2023\\\/10\\\/534-Etoile-Grand-Sheriff-County-Insigne-Broche.jpg\",\"datePublished\":\"2016-10-12T18:00:38+00:00\",\"dateModified\":\"2026-03-14T17:41:24+00:00\",\"description\":\"Offrez-vous ! Cette \u00c9toile Grand Sh\u00e9riff County au meilleur prix - Insigne en m\u00e9tal - Broche grav\u00e9e aux superbes finitions - 6.9 cm\",\"breadcrumb\":{\"@id\":\"https:\\\/\\\/repliquemangacine.fr\\\/holster-accessoires-western\\\/etoile-grand-sheriff-county-insigne-broche-2\\\/#breadcrumb\"},\"inLanguage\":\"es\",\"potentialAction\":[{\"@type\":\"ReadAction\",\"target\":[\"https:\\\/\\\/repliquemangacine.fr\\\/holster-accessoires-western\\\/etoile-grand-sheriff-county-insigne-broche-2\\\/\"]}]},{\"@type\":\"ImageObject\",\"inLanguage\":\"es\",\"@id\":\"https:\\\/\\\/repliquemangacine.fr\\\/holster-accessoires-western\\\/etoile-grand-sheriff-county-insigne-broche-2\\\/#primaryimage\",\"url\":\"https:\\\/\\\/repliquemangacine.fr\\\/wp-content\\\/uploads\\\/2023\\\/10\\\/534-Etoile-Grand-Sheriff-County-Insigne-Broche.jpg\",\"contentUrl\":\"https:\\\/\\\/repliquemangacine.fr\\\/wp-content\\\/uploads\\\/2023\\\/10\\\/534-Etoile-Grand-Sheriff-County-Insigne-Broche.jpg\",\"width\":800,\"height\":800,\"caption\":\"Etoile Grand Sheriff County - Insigne Broche\"},{\"@type\":\"BreadcrumbList\",\"@id\":\"https:\\\/\\\/repliquemangacine.fr\\\/holster-accessoires-western\\\/etoile-grand-sheriff-county-insigne-broche-2\\\/#breadcrumb\",\"itemListElement\":[{\"@type\":\"ListItem\",\"position\":1,\"name\":\"Accueil\",\"item\":\"https:\\\/\\\/repliquemangacine.fr\\\/\"},{\"@type\":\"ListItem\",\"position\":2,\"name\":\"Produits\",\"item\":\"https:\\\/\\\/repliquemangacine.fr\\\/boutique\\\/\"},{\"@type\":\"ListItem\",\"position\":3,\"name\":\"\u00c9toile Grand Sh\u00e9riff County\"}]},{\"@type\":\"WebSite\",\"@id\":\"https:\\\/\\\/repliquemangacine.fr\\\/#website\",\"url\":\"https:\\\/\\\/repliquemangacine.fr\\\/\",\"name\":\"R\u00e9plique Manga Cin\u00e9\",\"description\":\"\",\"publisher\":{\"@id\":\"https:\\\/\\\/repliquemangacine.fr\\\/#organization\"},\"potentialAction\":[{\"@type\":\"SearchAction\",\"target\":{\"@type\":\"EntryPoint\",\"urlTemplate\":\"https:\\\/\\\/repliquemangacine.fr\\\/?s={search_term_string}\"},\"query-input\":{\"@type\":\"PropertyValueSpecification\",\"valueRequired\":true,\"valueName\":\"search_term_string\"}}],\"inLanguage\":\"es\"},{\"@type\":\"Organization\",\"@id\":\"https:\\\/\\\/repliquemangacine.fr\\\/#organization\",\"name\":\"R\u00e9plique Manga Cin\u00e9\",\"url\":\"https:\\\/\\\/repliquemangacine.fr\\\/\",\"logo\":{\"@type\":\"ImageObject\",\"inLanguage\":\"es\",\"@id\":\"https:\\\/\\\/repliquemangacine.fr\\\/#\\\/schema\\\/logo\\\/image\\\/\",\"url\":\"https:\\\/\\\/repliquemangacine.fr\\\/wp-content\\\/uploads\\\/2023\\\/10\\\/RMC-500250.png\",\"contentUrl\":\"https:\\\/\\\/repliquemangacine.fr\\\/wp-content\\\/uploads\\\/2023\\\/10\\\/RMC-500250.png\",\"width\":500,\"height\":250,\"caption\":\"R\u00e9plique Manga Cin\u00e9\"},\"image\":{\"@id\":\"https:\\\/\\\/repliquemangacine.fr\\\/#\\\/schema\\\/logo\\\/image\\\/\"},\"sameAs\":[\"https:\\\/\\\/www.facebook.com\\\/RepliqueMangaCine\",\"https:\\\/\\\/www.instagram.com\\\/repliquemangacine.fr\\\/\"]}]}<\/script>\n<!-- \/ Yoast SEO plugin. -->","yoast_head_json":{"title":"Gran Sheriff County Star - Accesorios Western Country | RMC","description":"\u00a1Date un capricho! Este Gran Sheriff County Star al mejor precio - Insignia de metal - Broche grabado con magn\u00edficos acabados - 6.9 cm","robots":{"index":"index","follow":"follow","max-snippet":"max-snippet:-1","max-image-preview":"max-image-preview:large","max-video-preview":"max-video-preview:-1"},"canonical":"https:\/\/repliquemangacine.fr\/es\/accesorios-western-funda\/estrella-gran-sheriff-condado-insignia-pin-2\/","og_locale":"es_ES","og_type":"article","og_title":"\u00c9toile Grand Sh\u00e9riff County - Accessoires Western Country | RMC","og_description":"Offrez-vous ! Cette \u00c9toile Grand Sh\u00e9riff County au meilleur prix - Insigne en m\u00e9tal - Broche grav\u00e9e aux superbes finitions - 6.9 cm","og_url":"https:\/\/repliquemangacine.fr\/es\/accesorios-western-funda\/estrella-gran-sheriff-condado-insignia-pin-2\/","og_site_name":"R\u00e9plique Manga Cin\u00e9","article_publisher":"https:\/\/www.facebook.com\/RepliqueMangaCine","article_modified_time":"2026-03-14T17:41:24+00:00","og_image":[{"width":800,"height":800,"url":"https:\/\/repliquemangacine.fr\/wp-content\/uploads\/2023\/10\/534-Etoile-Grand-Sheriff-County-Insigne-Broche.jpg","type":"image\/jpeg"}],"twitter_card":"summary_large_image","twitter_misc":{"Tiempo de lectura":"2 minutos"},"schema":{"@context":"https:\/\/schema.org","@graph":[{"@type":"WebPage","@id":"https:\/\/repliquemangacine.fr\/holster-accessoires-western\/etoile-grand-sheriff-county-insigne-broche-2\/","url":"https:\/\/repliquemangacine.fr\/holster-accessoires-western\/etoile-grand-sheriff-county-insigne-broche-2\/","name":"Gran Sheriff County Star - Accesorios Western Country | RMC","isPartOf":{"@id":"https:\/\/repliquemangacine.fr\/#website"},"primaryImageOfPage":{"@id":"https:\/\/repliquemangacine.fr\/holster-accessoires-western\/etoile-grand-sheriff-county-insigne-broche-2\/#primaryimage"},"image":{"@id":"https:\/\/repliquemangacine.fr\/holster-accessoires-western\/etoile-grand-sheriff-county-insigne-broche-2\/#primaryimage"},"thumbnailUrl":"https:\/\/repliquemangacine.fr\/wp-content\/uploads\/2023\/10\/534-Etoile-Grand-Sheriff-County-Insigne-Broche.jpg","datePublished":"2016-10-12T18:00:38+00:00","dateModified":"2026-03-14T17:41:24+00:00","description":"\u00a1Date un capricho! Este Gran Sheriff County Star al mejor precio - Insignia de metal - Broche grabado con magn\u00edficos acabados - 6.9 cm","breadcrumb":{"@id":"https:\/\/repliquemangacine.fr\/holster-accessoires-western\/etoile-grand-sheriff-county-insigne-broche-2\/#breadcrumb"},"inLanguage":"es","potentialAction":[{"@type":"ReadAction","target":["https:\/\/repliquemangacine.fr\/holster-accessoires-western\/etoile-grand-sheriff-county-insigne-broche-2\/"]}]},{"@type":"ImageObject","inLanguage":"es","@id":"https:\/\/repliquemangacine.fr\/holster-accessoires-western\/etoile-grand-sheriff-county-insigne-broche-2\/#primaryimage","url":"https:\/\/repliquemangacine.fr\/wp-content\/uploads\/2023\/10\/534-Etoile-Grand-Sheriff-County-Insigne-Broche.jpg","contentUrl":"https:\/\/repliquemangacine.fr\/wp-content\/uploads\/2023\/10\/534-Etoile-Grand-Sheriff-County-Insigne-Broche.jpg","width":800,"height":800,"caption":"Etoile Grand Sheriff County - Insigne Broche"},{"@type":"BreadcrumbList","@id":"https:\/\/repliquemangacine.fr\/holster-accessoires-western\/etoile-grand-sheriff-county-insigne-broche-2\/#breadcrumb","itemListElement":[{"@type":"ListItem","position":1,"name":"Accueil","item":"https:\/\/repliquemangacine.fr\/"},{"@type":"ListItem","position":2,"name":"Produits","item":"https:\/\/repliquemangacine.fr\/boutique\/"},{"@type":"ListItem","position":3,"name":"\u00c9toile Grand Sh\u00e9riff County"}]},{"@type":"WebSite","@id":"https:\/\/repliquemangacine.fr\/#website","url":"https:\/\/repliquemangacine.fr\/","name":"R\u00e9plique Manga Cin\u00e9","description":"","publisher":{"@id":"https:\/\/repliquemangacine.fr\/#organization"},"potentialAction":[{"@type":"SearchAction","target":{"@type":"EntryPoint","urlTemplate":"https:\/\/repliquemangacine.fr\/?s={search_term_string}"},"query-input":{"@type":"PropertyValueSpecification","valueRequired":true,"valueName":"search_term_string"}}],"inLanguage":"es"},{"@type":"Organization","@id":"https:\/\/repliquemangacine.fr\/#organization","name":"R\u00e9plique Manga Cin\u00e9","url":"https:\/\/repliquemangacine.fr\/","logo":{"@type":"ImageObject","inLanguage":"es","@id":"https:\/\/repliquemangacine.fr\/#\/schema\/logo\/image\/","url":"https:\/\/repliquemangacine.fr\/wp-content\/uploads\/2023\/10\/RMC-500250.png","contentUrl":"https:\/\/repliquemangacine.fr\/wp-content\/uploads\/2023\/10\/RMC-500250.png","width":500,"height":250,"caption":"R\u00e9plique Manga Cin\u00e9"},"image":{"@id":"https:\/\/repliquemangacine.fr\/#\/schema\/logo\/image\/"},"sameAs":["https:\/\/www.facebook.com\/RepliqueMangaCine","https:\/\/www.instagram.com\/repliquemangacine.fr\/"]}]}},"_links":{"self":[{"href":"https:\/\/repliquemangacine.fr\/es\/wp-json\/wp\/v2\/product\/25782","targetHints":{"allow":["GET"]}}],"collection":[{"href":"https:\/\/repliquemangacine.fr\/es\/wp-json\/wp\/v2\/product"}],"about":[{"href":"https:\/\/repliquemangacine.fr\/es\/wp-json\/wp\/v2\/types\/product"}],"wp:featuredmedia":[{"embeddable":true,"href":"https:\/\/repliquemangacine.fr\/es\/wp-json\/wp\/v2\/media\/25783"}],"wp:attachment":[{"href":"https:\/\/repliquemangacine.fr\/es\/wp-json\/wp\/v2\/media?parent=25782"}],"wp:term":[{"taxonomy":"product_brand","embeddable":true,"href":"https:\/\/repliquemangacine.fr\/es\/wp-json\/wp\/v2\/product_brand?post=25782"},{"taxonomy":"product_cat","embeddable":true,"href":"https:\/\/repliquemangacine.fr\/es\/wp-json\/wp\/v2\/product_cat?post=25782"},{"taxonomy":"product_tag","embeddable":true,"href":"https:\/\/repliquemangacine.fr\/es\/wp-json\/wp\/v2\/product_tag?post=25782"}],"curies":[{"name":"wp","href":"https:\/\/api.w.org\/{rel}","templated":true}]}}